{"id":1120918,"date":"2024-05-14T10:11:39","date_gmt":"2024-05-14T09:11:39","guid":{"rendered":"https:\/\/positiveprints.com\/?post_type=product&#038;p=1120918"},"modified":"2026-04-28T13:50:09","modified_gmt":"2026-04-28T12:50:09","slug":"affiche-de-definition-du-chien","status":"publish","type":"product","link":"https:\/\/positiveprints.com\/fr\/produit\/affiche-de-definition-du-chien\/","title":{"rendered":"Affiche de D\u00e9finition du Chien"},"content":{"rendered":"<p>\u00c0 la recherche d&#8217;une mani\u00e8re sp\u00e9ciale de c\u00e9l\u00e9brer votre ami \u00e0 quatre pattes ? Notre Affiche de D\u00e9finition du Chien est l&#8217;impression personnalis\u00e9e parfaite. Capturez ce que votre chien repr\u00e9sente pour vous avec une d\u00e9finition personnalis\u00e9e et une photo qui ajoutent une touche personnelle.<\/p>\r\n\r\n<h2>Options de Personnalisation et Libert\u00e9 Cr\u00e9ative<\/h2>\r\n\r\n<p>Avec notre Affiche de D\u00e9finition du Chien, vous pouvez d\u00e9finir &#8220;chien&#8221;, le nom de votre animal de compagnie ou &#8220;meilleur ami&#8221; \u00e0 votre mani\u00e8re. Que ce soit dr\u00f4le, \u00e9mouvant ou quelque chose de sp\u00e9cial, le choix vous appartient.<\/p>\r\n\r\n<p>Cr\u00e9ez une impression unique en t\u00e9l\u00e9chargeant votre propre photo pour accompagner la d\u00e9finition. Choisissez parmi nos d\u00e9finitions pr\u00e9\u00e9tablies ou \u00e9crivez la v\u00f4tre pour correspondre \u00e0 vos sentiments. Personnalisez encore plus votre affiche en choisissant les couleurs parfaites ou en jouant avec les couleurs vous-m\u00eame pour assortir l&#8217;arri\u00e8re-plan et la police \u00e0 votre style et \u00e0 votre humeur.<\/p>\r\n\r\n<h2>Cadeau Parfait pour les Propri\u00e9taires de Chiens et D\u00e9coration Int\u00e9rieure<\/h2>\r\n\r\n<p>Que ce soit un cadeau pour un propri\u00e9taire de chien ou une pi\u00e8ce d&#8217;art sp\u00e9ciale pour votre propre maison, notre Affiche de D\u00e9finition du Chien est un excellent choix. Imaginez les sourires lorsqu&#8217;ils voient une impression qui montre magnifiquement ce que leur chien repr\u00e9sente pour eux.<\/p>\r\n\r\n<h2>Pourquoi Choisir Notre Affiche de D\u00e9finition du Chien ?<\/h2>\r\n\r\n<p>La commande est simple &#8211; il suffit de visiter notre site web, de personnaliser votre affiche avec votre d\u00e9finition choisie, de t\u00e9l\u00e9charger votre photo, de choisir votre sch\u00e9ma de couleurs et de passer votre commande. Nous nous occupons du reste, en veillant \u00e0 ce que votre affiche soit imprim\u00e9e et emball\u00e9e avec soin.<\/p>\r\n\r\n<p>Exposez-la fi\u00e8rement dans votre maison ou offrez-la en cadeau r\u00e9fl\u00e9chi, et laissez l&#8217;Affiche de D\u00e9finition du Chien \u00eatre un rappel durable de la joie et de l&#8217;amour que votre chien apporte. C\u00e9l\u00e9brez votre lien sp\u00e9cial de mani\u00e8re cr\u00e9ative et significative.<\/p>","protected":false},"excerpt":{"rendered":"<ul class=\"check-list\">\n<li>Faites votre d\u00e9finition personnelle<\/li>\n<li>Ajoutez votre propre photo<\/li>\n<li>Personnalisez en 3 \u00e9tapes simples<\/li>\n<li>Choisissez un mod\u00e8le ou laissez libre cours \u00e0 votre cr\u00e9ativit\u00e9<\/li>\n<li>Vois le r\u00e9sultat imm\u00e9diatement \u2013 l\u2019aper\u00e7u interactif te permet de peaufiner chaque d\u00e9tail<\/li>\n<\/ul>\n","protected":false},"featured_media":1125679,"template":"","meta":[],"product_brand":[],"product_cat":[9731,9760,104,7893],"product_tag":[15627,15392,13898,13901,13902,13899,13904,16105,16106,16108,8689,16107,13903],"class_list":{"0":"post-1120918","1":"product","2":"type-product","3":"status-publish","4":"has-post-thumbnail","6":"product_cat-definition-fr","7":"product_cat-trending-label-fr","8":"product_cat-tous-les-produits","9":"product_cat-cadeaux-pour-amoureux-des-chiens","10":"product_tag-animals-fr","11":"product_tag-animaux","12":"product_tag-cadeaux-personnalises-pour-chiens","13":"product_tag-cadeaux-pour-amoureux-des-chiens","14":"product_tag-cadeaux-pour-maman-chien","15":"product_tag-cadeaux-pour-papa-chien","16":"product_tag-cadeaux-pour-proprietaires-de-chiens","17":"product_tag-custom-dog-gifts-fr","18":"product_tag-dog-mom-gifts-fr","19":"product_tag-dog-owner-fr","20":"product_tag-dog-lovers-fr","21":"product_tag-gifts-for-dog-owners-fr","22":"product_tag-proprietaire-de-chien","24":"first","25":"instock","26":"sale","27":"taxable","28":"shipping-taxable","29":"purchasable","30":"product-type-variable"},"yoast_head":"<!-- This site is optimized with the Yoast SEO Premium plugin v27.2 (Yoast SEO v27.2) - https:\/\/yoast.com\/product\/yoast-seo-premium-wordpress\/ -->\n<title>Affiche de D\u00e9finition du Chien - Positive Prints<\/title>\n<meta name=\"description\" content=\"\u00c0 la recherche d&#039;une mani\u00e8re sp\u00e9ciale de c\u00e9l\u00e9brer votre ami \u00e0 quatre pattes ? Notre Affiche de D\u00e9finition du Chien est l&#039;impression personnalis\u00e9e parfaite. Cr\u00e9ez la v\u00f4tre d\u00e8s maintenant.\" \/>\n<meta name=\"robots\" content=\"index, follow, max-snippet:-1, max-image-preview:large, max-video-preview:-1\" \/>\n<link rel=\"canonical\" href=\"https:\/\/positiveprints.com\/fr\/produit\/affiche-de-definition-du-chien\/\" \/>\n<meta property=\"og:locale\" content=\"fr_FR\" \/>\n<meta property=\"og:type\" content=\"article\" \/>\n<meta property=\"og:title\" content=\"Affiche de D\u00e9finition du Chien\" \/>\n<meta property=\"og:description\" content=\"Faites votre d\u00e9finition personnelle Ajoutez votre propre photo Personnalisez en 3 \u00e9tapes simples Choisissez un mod\u00e8le ou laissez libre cours \u00e0 votre cr\u00e9ativit\u00e9 Vois le r\u00e9sultat imm\u00e9diatement \u2013 l\u2019aper\u00e7u interactif te permet de peaufiner chaque d\u00e9tail\" \/>\n<meta property=\"og:url\" content=\"https:\/\/positiveprints.com\/fr\/produit\/affiche-de-definition-du-chien\/\" \/>\n<meta property=\"og:site_name\" content=\"Positive Prints\" \/>\n<meta property=\"article:publisher\" content=\"https:\/\/www.facebook.com\/positiveprintscom\" \/>\n<meta property=\"article:modified_time\" content=\"2026-04-28T12:50:09+00:00\" \/>\n<meta property=\"og:image\" content=\"https:\/\/positiveprints.com\/wp-content\/uploads\/2024\/06\/Affiche-de-Definition-du-Chien.jpg\" \/>\n\t<meta property=\"og:image:width\" content=\"1080\" \/>\n\t<meta property=\"og:image:height\" content=\"1080\" \/>\n\t<meta property=\"og:image:type\" content=\"image\/jpeg\" \/>\n<meta name=\"twitter:card\" content=\"summary_large_image\" \/>\n<!-- \/ Yoast SEO Premium plugin. -->","yoast_head_json":{"title":"Affiche de D\u00e9finition du Chien - Positive Prints","description":"\u00c0 la recherche d'une mani\u00e8re sp\u00e9ciale de c\u00e9l\u00e9brer votre ami \u00e0 quatre pattes ? Notre Affiche de D\u00e9finition du Chien est l'impression personnalis\u00e9e parfaite. Cr\u00e9ez la v\u00f4tre d\u00e8s maintenant.","robots":{"index":"index","follow":"follow","max-snippet":"max-snippet:-1","max-image-preview":"max-image-preview:large","max-video-preview":"max-video-preview:-1"},"canonical":"https:\/\/positiveprints.com\/fr\/produit\/affiche-de-definition-du-chien\/","og_locale":"fr_FR","og_type":"article","og_title":"Affiche de D\u00e9finition du Chien","og_description":"Faites votre d\u00e9finition personnelle Ajoutez votre propre photo Personnalisez en 3 \u00e9tapes simples Choisissez un mod\u00e8le ou laissez libre cours \u00e0 votre cr\u00e9ativit\u00e9 Vois le r\u00e9sultat imm\u00e9diatement \u2013 l\u2019aper\u00e7u interactif te permet de peaufiner chaque d\u00e9tail","og_url":"https:\/\/positiveprints.com\/fr\/produit\/affiche-de-definition-du-chien\/","og_site_name":"Positive Prints","article_publisher":"https:\/\/www.facebook.com\/positiveprintscom","article_modified_time":"2026-04-28T12:50:09+00:00","og_image":[{"width":1080,"height":1080,"url":"https:\/\/positiveprints.com\/wp-content\/uploads\/2024\/06\/Affiche-de-Definition-du-Chien.jpg","type":"image\/jpeg"}],"twitter_card":"summary_large_image","schema":{"@context":"https:\/\/schema.org","@graph":[{"@type":["WebPage","ItemPage"],"@id":"https:\/\/positiveprints.com\/fr\/produit\/affiche-de-definition-du-chien\/","url":"https:\/\/positiveprints.com\/fr\/produit\/affiche-de-definition-du-chien\/","name":"Affiche de D\u00e9finition du Chien - Positive Prints","isPartOf":{"@id":"https:\/\/positiveprints.com\/fr\/#website"},"primaryImageOfPage":{"@id":"https:\/\/positiveprints.com\/fr\/produit\/affiche-de-definition-du-chien\/#primaryimage"},"image":{"@id":"https:\/\/positiveprints.com\/fr\/produit\/affiche-de-definition-du-chien\/#primaryimage"},"thumbnailUrl":"https:\/\/positiveprints.com\/wp-content\/uploads\/2024\/06\/Affiche-de-Definition-du-Chien.jpg","datePublished":"2024-05-14T09:11:39+00:00","dateModified":"2026-04-28T12:50:09+00:00","description":"\u00c0 la recherche d'une mani\u00e8re sp\u00e9ciale de c\u00e9l\u00e9brer votre ami \u00e0 quatre pattes ? Notre Affiche de D\u00e9finition du Chien est l'impression personnalis\u00e9e parfaite. Cr\u00e9ez la v\u00f4tre d\u00e8s maintenant.","breadcrumb":{"@id":"https:\/\/positiveprints.com\/fr\/produit\/affiche-de-definition-du-chien\/#breadcrumb"},"inLanguage":"fr-FR","potentialAction":[{"@type":"ReadAction","target":["https:\/\/positiveprints.com\/fr\/produit\/affiche-de-definition-du-chien\/"]}]},{"@type":"ImageObject","inLanguage":"fr-FR","@id":"https:\/\/positiveprints.com\/fr\/produit\/affiche-de-definition-du-chien\/#primaryimage","url":"https:\/\/positiveprints.com\/wp-content\/uploads\/2024\/06\/Affiche-de-Definition-du-Chien.jpg","contentUrl":"https:\/\/positiveprints.com\/wp-content\/uploads\/2024\/06\/Affiche-de-Definition-du-Chien.jpg","width":1080,"height":1080},{"@type":"BreadcrumbList","@id":"https:\/\/positiveprints.com\/fr\/produit\/affiche-de-definition-du-chien\/#breadcrumb","itemListElement":[{"@type":"ListItem","position":1,"name":"Home","item":"https:\/\/positiveprints.com\/fr\/"},{"@type":"ListItem","position":2,"name":"Produits","item":"https:\/\/positiveprints.com\/fr\/shop\/"},{"@type":"ListItem","position":3,"name":"Affiche de D\u00e9finition du Chien"}]},{"@type":"WebSite","@id":"https:\/\/positiveprints.com\/fr\/#website","url":"https:\/\/positiveprints.com\/fr\/","name":"Positive Prints","description":"Amazing Custom Personalized Gifts","publisher":{"@id":"https:\/\/positiveprints.com\/fr\/#organization"},"potentialAction":[{"@type":"SearchAction","target":{"@type":"EntryPoint","urlTemplate":"https:\/\/positiveprints.com\/fr\/?s={search_term_string}"},"query-input":{"@type":"PropertyValueSpecification","valueRequired":true,"valueName":"search_term_string"}}],"inLanguage":"fr-FR"},{"@type":"Organization","@id":"https:\/\/positiveprints.com\/fr\/#organization","name":"Positive Prints","alternateName":"Positive Prints","url":"https:\/\/positiveprints.com\/fr\/","logo":{"@type":"ImageObject","inLanguage":"fr-FR","@id":"https:\/\/positiveprints.com\/fr\/#\/schema\/logo\/image\/","url":"https:\/\/positiveprints.com\/wp-content\/uploads\/2026\/03\/245815646_1337939713319158_5671353136411139666_n.png","contentUrl":"https:\/\/positiveprints.com\/wp-content\/uploads\/2026\/03\/245815646_1337939713319158_5671353136411139666_n.png","width":800,"height":800,"caption":"Positive Prints"},"image":{"@id":"https:\/\/positiveprints.com\/fr\/#\/schema\/logo\/image\/"},"sameAs":["https:\/\/www.facebook.com\/positiveprintscom","https:\/\/www.instagram.com\/positiveprintscom\/","https:\/\/www.tiktok.com\/@positiveprintscom","https:\/\/www.pinterest.com\/positiveprintscom\/"]}]}},"jetpack_sharing_enabled":true,"_links":{"self":[{"href":"https:\/\/positiveprints.com\/fr\/wp-json\/wp\/v2\/product\/1120918","targetHints":{"allow":["GET"]}}],"collection":[{"href":"https:\/\/positiveprints.com\/fr\/wp-json\/wp\/v2\/product"}],"about":[{"href":"https:\/\/positiveprints.com\/fr\/wp-json\/wp\/v2\/types\/product"}],"wp:featuredmedia":[{"embeddable":true,"href":"https:\/\/positiveprints.com\/fr\/wp-json\/wp\/v2\/media\/1125679"}],"wp:attachment":[{"href":"https:\/\/positiveprints.com\/fr\/wp-json\/wp\/v2\/media?parent=1120918"}],"wp:term":[{"taxonomy":"product_brand","embeddable":true,"href":"https:\/\/positiveprints.com\/fr\/wp-json\/wp\/v2\/product_brand?post=1120918"},{"taxonomy":"product_cat","embeddable":true,"href":"https:\/\/positiveprints.com\/fr\/wp-json\/wp\/v2\/product_cat?post=1120918"},{"taxonomy":"product_tag","embeddable":true,"href":"https:\/\/positiveprints.com\/fr\/wp-json\/wp\/v2\/product_tag?post=1120918"}],"curies":[{"name":"wp","href":"https:\/\/api.w.org\/{rel}","templated":true}]}}