{"id":1120912,"date":"2024-05-14T09:45:50","date_gmt":"2024-05-14T08:45:50","guid":{"rendered":"https:\/\/positiveprints.com\/?post_type=product&#038;p=1120912"},"modified":"2026-04-03T02:52:32","modified_gmt":"2026-04-03T01:52:32","slug":"affiche-de-definition-du-mariage","status":"publish","type":"product","link":"https:\/\/positiveprints.com\/fr\/produit\/affiche-de-definition-du-mariage\/","title":{"rendered":"Affiche de D\u00e9finition du Mariage"},"content":{"rendered":"<p>\u00c0 la recherche d&#8217;une mani\u00e8re unique et significative de c\u00e9l\u00e9brer un mariage ? Notre Affiche de D\u00e9finition du Mariage est le cadeau personnalis\u00e9 parfait. Capturez l&#8217;essence de cet engagement magnifique avec une d\u00e9finition personnalis\u00e9e et une photo qui parle au c\u0153ur.<\/p>\r\n\r\n<h2>Options de Personnalisation et Libert\u00e9 Cr\u00e9ative<\/h2>\r\n\r\n<p>Avec notre Affiche de D\u00e9finition du Mariage, vous pouvez d\u00e9finir &#8220;mariage&#8221; ou tout autre mot romantique qui vous parle. Que ce soit &#8220;amour&#8221;, &#8220;unit\u00e9&#8221; ou un surnom sp\u00e9cial, le choix vous appartient.<\/p>\r\n\r\n<p>Cr\u00e9ez une impression unique en t\u00e9l\u00e9chargeant votre propre photo pour accompagner la d\u00e9finition. Choisissez parmi nos d\u00e9finitions pr\u00e9d\u00e9finies ou cr\u00e9ez la v\u00f4tre, que vous la vouliez dr\u00f4le, \u00e9mouvante ou profond\u00e9ment significative. Personnalisez encore plus votre affiche en s\u00e9lectionnant le sch\u00e9ma de couleurs parfait ou en jouant avec les couleurs vous-m\u00eame pour assortir l&#8217;arri\u00e8re-plan et la police \u00e0 votre style et \u00e0 votre humeur.<\/p>\r\n\r\n<h2>Cadeau Parfait pour les Mariages<\/h2>\r\n\r\n<p>Que ce soit pour des amis qui se marient ou comme cadeau de mariage, notre Affiche de D\u00e9finition du Mariage est un pr\u00e9sent inoubliable. Imaginez la joie sur leur visage lorsqu&#8217;ils recevront une impression qui capture magnifiquement l&#8217;essence de leur amour et de leur engagement.<\/p>\r\n\r\n<h2>Pourquoi Choisir Notre Affiche de D\u00e9finition du Mariage ?<\/h2>\r\n\r\n<p>La commande est simple &#8211; il suffit de visiter notre site web, de personnaliser votre affiche avec votre mot et votre d\u00e9finition choisis, de t\u00e9l\u00e9charger votre photo, de s\u00e9lectionner votre sch\u00e9ma de couleurs et de passer votre commande. Nous nous occupons du reste, en veillant \u00e0 ce que votre affiche soit imprim\u00e9e et emball\u00e9e avec le plus grand soin.<\/p>\r\n\r\n<p>Exposez-la lors d&#8217;un mariage ou offrez-la comme un cadeau pr\u00e9cieux, et laissez l&#8217;Affiche de D\u00e9finition du Mariage servir de t\u00e9moignage durable de cette merveilleuse \u00e9tape. C\u00e9l\u00e9brez le lien unique du mariage de mani\u00e8re cr\u00e9ative et significative.<\/p>","protected":false},"excerpt":{"rendered":"<ul class=\"check-list\">\n<li>Faites votre d\u00e9finition personnelle<\/li>\n<li>Ajoutez votre propre photo<\/li>\n<li>Personnalisez en 3 \u00e9tapes simples<\/li>\n<li>Choisissez un mod\u00e8le ou laissez libre cours \u00e0 votre cr\u00e9ativit\u00e9<\/li>\n<li>Vois le r\u00e9sultat imm\u00e9diatement \u2013 l\u2019aper\u00e7u interactif te permet de peaufiner chaque d\u00e9tail<\/li>\n<\/ul>\n","protected":false},"featured_media":1123275,"template":"","meta":[],"product_brand":[],"product_cat":[9731,104,3122,7925],"product_tag":[16279,8477],"class_list":{"0":"post-1120912","1":"product","2":"type-product","3":"status-publish","4":"has-post-thumbnail","6":"product_cat-definition-fr","7":"product_cat-tous-les-produits","8":"product_cat-cadeaux-de-mariage","9":"product_cat-cadeaux-denterrement-de-vie-de-jeune-fille","10":"product_tag-wedding-fr-2","11":"product_tag-wedding-fr","13":"first","14":"instock","15":"sale","16":"taxable","17":"shipping-taxable","18":"purchasable","19":"product-type-variable"},"yoast_head":"<!-- This site is optimized with the Yoast SEO Premium plugin v27.2 (Yoast SEO v27.2) - https:\/\/yoast.com\/product\/yoast-seo-premium-wordpress\/ -->\n<title>Affiche de D\u00e9finition du Mariage - Positive Prints<\/title>\n<meta name=\"description\" content=\"\u00c0 la recherche d&#039;une mani\u00e8re unique et significative de c\u00e9l\u00e9brer un mariage ? Notre Affiche de D\u00e9finition du Mariage est le cadeau personnalis\u00e9 parfait.\" \/>\n<meta name=\"robots\" content=\"index, follow, max-snippet:-1, max-image-preview:large, max-video-preview:-1\" \/>\n<link rel=\"canonical\" href=\"https:\/\/positiveprints.com\/fr\/produit\/affiche-de-definition-du-mariage\/\" \/>\n<meta property=\"og:locale\" content=\"fr_FR\" \/>\n<meta property=\"og:type\" content=\"article\" \/>\n<meta property=\"og:title\" content=\"Affiche de D\u00e9finition du Mariage\" \/>\n<meta property=\"og:description\" content=\"Faites votre d\u00e9finition personnelle Ajoutez votre propre photo Personnalisez en 3 \u00e9tapes simples Choisissez un mod\u00e8le ou laissez libre cours \u00e0 votre cr\u00e9ativit\u00e9 Vois le r\u00e9sultat imm\u00e9diatement \u2013 l\u2019aper\u00e7u interactif te permet de peaufiner chaque d\u00e9tail\" \/>\n<meta property=\"og:url\" content=\"https:\/\/positiveprints.com\/fr\/produit\/affiche-de-definition-du-mariage\/\" \/>\n<meta property=\"og:site_name\" content=\"Positive Prints\" \/>\n<meta property=\"article:publisher\" content=\"https:\/\/www.facebook.com\/positiveprintscom\" \/>\n<meta property=\"article:modified_time\" content=\"2026-04-03T01:52:32+00:00\" \/>\n<meta property=\"og:image\" content=\"https:\/\/positiveprints.com\/wp-content\/uploads\/2024\/05\/Affiche-de-Definition-du-Mariage.jpg\" \/>\n\t<meta property=\"og:image:width\" content=\"1080\" \/>\n\t<meta property=\"og:image:height\" content=\"1080\" \/>\n\t<meta property=\"og:image:type\" content=\"image\/jpeg\" \/>\n<meta name=\"twitter:card\" content=\"summary_large_image\" \/>\n<meta name=\"twitter:label1\" content=\"Dur\u00e9e de lecture estim\u00e9e\" \/>\n\t<meta name=\"twitter:data1\" content=\"2 minutes\" \/>\n<!-- \/ Yoast SEO Premium plugin. -->","yoast_head_json":{"title":"Affiche de D\u00e9finition du Mariage - Positive Prints","description":"\u00c0 la recherche d'une mani\u00e8re unique et significative de c\u00e9l\u00e9brer un mariage ? Notre Affiche de D\u00e9finition du Mariage est le cadeau personnalis\u00e9 parfait.","robots":{"index":"index","follow":"follow","max-snippet":"max-snippet:-1","max-image-preview":"max-image-preview:large","max-video-preview":"max-video-preview:-1"},"canonical":"https:\/\/positiveprints.com\/fr\/produit\/affiche-de-definition-du-mariage\/","og_locale":"fr_FR","og_type":"article","og_title":"Affiche de D\u00e9finition du Mariage","og_description":"Faites votre d\u00e9finition personnelle Ajoutez votre propre photo Personnalisez en 3 \u00e9tapes simples Choisissez un mod\u00e8le ou laissez libre cours \u00e0 votre cr\u00e9ativit\u00e9 Vois le r\u00e9sultat imm\u00e9diatement \u2013 l\u2019aper\u00e7u interactif te permet de peaufiner chaque d\u00e9tail","og_url":"https:\/\/positiveprints.com\/fr\/produit\/affiche-de-definition-du-mariage\/","og_site_name":"Positive Prints","article_publisher":"https:\/\/www.facebook.com\/positiveprintscom","article_modified_time":"2026-04-03T01:52:32+00:00","og_image":[{"width":1080,"height":1080,"url":"https:\/\/positiveprints.com\/wp-content\/uploads\/2024\/05\/Affiche-de-Definition-du-Mariage.jpg","type":"image\/jpeg"}],"twitter_card":"summary_large_image","twitter_misc":{"Dur\u00e9e de lecture estim\u00e9e":"2 minutes"},"schema":{"@context":"https:\/\/schema.org","@graph":[{"@type":["WebPage","ItemPage"],"@id":"https:\/\/positiveprints.com\/fr\/produit\/affiche-de-definition-du-mariage\/","url":"https:\/\/positiveprints.com\/fr\/produit\/affiche-de-definition-du-mariage\/","name":"Affiche de D\u00e9finition du Mariage - Positive Prints","isPartOf":{"@id":"https:\/\/positiveprints.com\/fr\/#website"},"primaryImageOfPage":{"@id":"https:\/\/positiveprints.com\/fr\/produit\/affiche-de-definition-du-mariage\/#primaryimage"},"image":{"@id":"https:\/\/positiveprints.com\/fr\/produit\/affiche-de-definition-du-mariage\/#primaryimage"},"thumbnailUrl":"https:\/\/positiveprints.com\/wp-content\/uploads\/2024\/05\/Affiche-de-Definition-du-Mariage.jpg","datePublished":"2024-05-14T08:45:50+00:00","dateModified":"2026-04-03T01:52:32+00:00","description":"\u00c0 la recherche d'une mani\u00e8re unique et significative de c\u00e9l\u00e9brer un mariage ? Notre Affiche de D\u00e9finition du Mariage est le cadeau personnalis\u00e9 parfait.","breadcrumb":{"@id":"https:\/\/positiveprints.com\/fr\/produit\/affiche-de-definition-du-mariage\/#breadcrumb"},"inLanguage":"fr-FR","potentialAction":[{"@type":"ReadAction","target":["https:\/\/positiveprints.com\/fr\/produit\/affiche-de-definition-du-mariage\/"]}]},{"@type":"ImageObject","inLanguage":"fr-FR","@id":"https:\/\/positiveprints.com\/fr\/produit\/affiche-de-definition-du-mariage\/#primaryimage","url":"https:\/\/positiveprints.com\/wp-content\/uploads\/2024\/05\/Affiche-de-Definition-du-Mariage.jpg","contentUrl":"https:\/\/positiveprints.com\/wp-content\/uploads\/2024\/05\/Affiche-de-Definition-du-Mariage.jpg","width":1080,"height":1080},{"@type":"BreadcrumbList","@id":"https:\/\/positiveprints.com\/fr\/produit\/affiche-de-definition-du-mariage\/#breadcrumb","itemListElement":[{"@type":"ListItem","position":1,"name":"Home","item":"https:\/\/positiveprints.com\/fr\/"},{"@type":"ListItem","position":2,"name":"Produits","item":"https:\/\/positiveprints.com\/fr\/shop\/"},{"@type":"ListItem","position":3,"name":"Affiche de D\u00e9finition du Mariage"}]},{"@type":"WebSite","@id":"https:\/\/positiveprints.com\/fr\/#website","url":"https:\/\/positiveprints.com\/fr\/","name":"Positive Prints","description":"Amazing Custom Personalized Gifts","publisher":{"@id":"https:\/\/positiveprints.com\/fr\/#organization"},"potentialAction":[{"@type":"SearchAction","target":{"@type":"EntryPoint","urlTemplate":"https:\/\/positiveprints.com\/fr\/?s={search_term_string}"},"query-input":{"@type":"PropertyValueSpecification","valueRequired":true,"valueName":"search_term_string"}}],"inLanguage":"fr-FR"},{"@type":"Organization","@id":"https:\/\/positiveprints.com\/fr\/#organization","name":"Positive Prints","alternateName":"Positive Prints","url":"https:\/\/positiveprints.com\/fr\/","logo":{"@type":"ImageObject","inLanguage":"fr-FR","@id":"https:\/\/positiveprints.com\/fr\/#\/schema\/logo\/image\/","url":"https:\/\/positiveprints.com\/wp-content\/uploads\/2026\/03\/245815646_1337939713319158_5671353136411139666_n.png","contentUrl":"https:\/\/positiveprints.com\/wp-content\/uploads\/2026\/03\/245815646_1337939713319158_5671353136411139666_n.png","width":800,"height":800,"caption":"Positive Prints"},"image":{"@id":"https:\/\/positiveprints.com\/fr\/#\/schema\/logo\/image\/"},"sameAs":["https:\/\/www.facebook.com\/positiveprintscom","https:\/\/www.instagram.com\/positiveprintscom\/","https:\/\/www.tiktok.com\/@positiveprintscom","https:\/\/www.pinterest.com\/positiveprintscom\/"]}]}},"jetpack_sharing_enabled":true,"_links":{"self":[{"href":"https:\/\/positiveprints.com\/fr\/wp-json\/wp\/v2\/product\/1120912","targetHints":{"allow":["GET"]}}],"collection":[{"href":"https:\/\/positiveprints.com\/fr\/wp-json\/wp\/v2\/product"}],"about":[{"href":"https:\/\/positiveprints.com\/fr\/wp-json\/wp\/v2\/types\/product"}],"wp:featuredmedia":[{"embeddable":true,"href":"https:\/\/positiveprints.com\/fr\/wp-json\/wp\/v2\/media\/1123275"}],"wp:attachment":[{"href":"https:\/\/positiveprints.com\/fr\/wp-json\/wp\/v2\/media?parent=1120912"}],"wp:term":[{"taxonomy":"product_brand","embeddable":true,"href":"https:\/\/positiveprints.com\/fr\/wp-json\/wp\/v2\/product_brand?post=1120912"},{"taxonomy":"product_cat","embeddable":true,"href":"https:\/\/positiveprints.com\/fr\/wp-json\/wp\/v2\/product_cat?post=1120912"},{"taxonomy":"product_tag","embeddable":true,"href":"https:\/\/positiveprints.com\/fr\/wp-json\/wp\/v2\/product_tag?post=1120912"}],"curies":[{"name":"wp","href":"https:\/\/api.w.org\/{rel}","templated":true}]}}