{"id":1120835,"date":"2024-05-14T09:57:58","date_gmt":"2024-05-14T08:57:58","guid":{"rendered":"https:\/\/positiveprints.com\/?post_type=product&#038;p=1120835"},"modified":"2026-04-12T20:59:42","modified_gmt":"2026-04-12T19:59:42","slug":"affiche-definition-de-la-maison","status":"publish","type":"product","link":"https:\/\/positiveprints.com\/fr\/produit\/affiche-definition-de-la-maison\/","title":{"rendered":"Affiche D\u00e9finition de la Maison"},"content":{"rendered":"<p>Vous cherchez un cadeau de pendaison de cr\u00e9maill\u00e8re sinc\u00e8re et unique ? Notre Affiche D\u00e9finition de la Maison est l&#8217;impression personnalis\u00e9e parfaite. Capturez ce que signifie &#8220;maison&#8221; avec une d\u00e9finition personnalis\u00e9e et une photo qui ajoutent une touche personnelle.<\/p>\r\n\r\n<h2>Options de personnalisation et libert\u00e9 cr\u00e9ative<\/h2>\r\n\r\n<p>Avec notre Affiche D\u00e9finition de la Maison, vous pouvez d\u00e9finir &#8220;maison&#8221; \u00e0 votre fa\u00e7on. Que ce soit un lieu d&#8217;amour, de confort, ou de famille, le choix vous appartient. Rendez-la dr\u00f4le, \u00e9motive, ou sp\u00e9ciale avec vos propres mots.<\/p>\r\n\r\n<p>Cr\u00e9ez une impression unique en t\u00e9l\u00e9chargeant votre propre photo pour accompagner la d\u00e9finition. Choisissez parmi nos d\u00e9finitions pr\u00eates \u00e0 l&#8217;emploi ou \u00e9crivez la v\u00f4tre pour correspondre \u00e0 vos sentiments. Personnalisez encore plus votre affiche en choisissant les couleurs parfaites ou en jouant vous-m\u00eame avec les couleurs pour assortir le fond et la police \u00e0 votre style et \u00e0 votre humeur.<\/p>\r\n\r\n<h2>Le cadeau parfait pour une pendaison de cr\u00e9maill\u00e8re et une nouvelle maison<\/h2>\r\n\r\n<p>Que ce soit pour une pendaison de cr\u00e9maill\u00e8re, une nouvelle maison, ou juste pour le plaisir, notre Affiche D\u00e9finition de la Maison est un cadeau inoubliable. Imaginez les sourires lorsqu&#8217;ils recevront une impression qui montre magnifiquement ce que &#8220;maison&#8221; signifie pour eux.<\/p>\r\n\r\n<h2>Pourquoi choisir notre Affiche D\u00e9finition de la Maison ?<\/h2>\r\n\r\n<p>Commander est facile \u2014 il vous suffit de visiter notre site web, de personnaliser votre affiche avec la d\u00e9finition choisie, de t\u00e9l\u00e9charger votre photo, de choisir votre palette de couleurs, et de passer votre commande. Nous nous occupons du reste, en veillant \u00e0 ce que votre affiche soit imprim\u00e9e et emball\u00e9e avec soin.<\/p>\r\n\r\n<p>Affichez-la fi\u00e8rement dans votre nouvelle maison ou offrez-la en cadeau r\u00e9fl\u00e9chi, et laissez l&#8217;Affiche D\u00e9finition de la Maison \u00eatre un rappel durable de ce qui rend une maison sp\u00e9ciale. C\u00e9l\u00e9brez la chaleur, l&#8217;amour, et les souvenirs qui rendent une maison sp\u00e9ciale de mani\u00e8re cr\u00e9ative et significative.<\/p>","protected":false},"excerpt":{"rendered":"<ul class=\"check-list\">\n<li>Faites votre d\u00e9finition personnelle<\/li>\n<li>Ajoutez votre propre photo<\/li>\n<li>Personnalisez en 3 \u00e9tapes simples<\/li>\n<li>Choisissez un mod\u00e8le ou laissez libre cours \u00e0 votre cr\u00e9ativit\u00e9<\/li>\n<li>Vois le r\u00e9sultat imm\u00e9diatement \u2013 l\u2019aper\u00e7u interactif te permet de peaufiner chaque d\u00e9tail<\/li>\n<\/ul>\n","protected":false},"featured_media":1125182,"template":"","meta":[],"product_brand":[],"product_cat":[9731,9760,104,5290,7845],"product_tag":[14860],"class_list":{"0":"post-1120835","1":"product","2":"type-product","3":"status-publish","4":"has-post-thumbnail","6":"product_cat-definition-fr","7":"product_cat-trending-label-fr","8":"product_cat-tous-les-produits","9":"product_cat-cadeaux-de-pendaison-de-cremaillere","10":"product_cat-cadeaux-pour-la-famille","11":"product_tag-housewarming-fr-2","13":"first","14":"instock","15":"sale","16":"taxable","17":"shipping-taxable","18":"purchasable","19":"product-type-variable"},"yoast_head":"<!-- This site is optimized with the Yoast SEO Premium plugin v27.2 (Yoast SEO v27.2) - https:\/\/yoast.com\/product\/yoast-seo-premium-wordpress\/ -->\n<title>Affiche D\u00e9finition de la Maison - Positive Prints<\/title>\n<meta name=\"description\" content=\"Vous cherchez un cadeau de pendaison de cr\u00e9maill\u00e8re sinc\u00e8re et unique ? Notre Affiche D\u00e9finition de la Maison est l&#039;impression personnalis\u00e9e parfaite. Cr\u00e9ez la v\u00f4tre maintenant.\" \/>\n<meta name=\"robots\" content=\"index, follow, max-snippet:-1, max-image-preview:large, max-video-preview:-1\" \/>\n<link rel=\"canonical\" href=\"https:\/\/positiveprints.com\/fr\/produit\/affiche-definition-de-la-maison\/\" \/>\n<meta property=\"og:locale\" content=\"fr_FR\" \/>\n<meta property=\"og:type\" content=\"article\" \/>\n<meta property=\"og:title\" content=\"Affiche D\u00e9finition de la Maison\" \/>\n<meta property=\"og:description\" content=\"Faites votre d\u00e9finition personnelle Ajoutez votre propre photo Personnalisez en 3 \u00e9tapes simples Choisissez un mod\u00e8le ou laissez libre cours \u00e0 votre cr\u00e9ativit\u00e9 Vois le r\u00e9sultat imm\u00e9diatement \u2013 l\u2019aper\u00e7u interactif te permet de peaufiner chaque d\u00e9tail\" \/>\n<meta property=\"og:url\" content=\"https:\/\/positiveprints.com\/fr\/produit\/affiche-definition-de-la-maison\/\" \/>\n<meta property=\"og:site_name\" content=\"Positive Prints\" \/>\n<meta property=\"article:publisher\" content=\"https:\/\/www.facebook.com\/positiveprintscom\" \/>\n<meta property=\"article:modified_time\" content=\"2026-04-12T19:59:42+00:00\" \/>\n<meta property=\"og:image\" content=\"https:\/\/positiveprints.com\/wp-content\/uploads\/2024\/06\/Affiche-Definition-de-la-Maison.jpg\" \/>\n\t<meta property=\"og:image:width\" content=\"1080\" \/>\n\t<meta property=\"og:image:height\" content=\"1080\" \/>\n\t<meta property=\"og:image:type\" content=\"image\/jpeg\" \/>\n<meta name=\"twitter:card\" content=\"summary_large_image\" \/>\n<meta name=\"twitter:label1\" content=\"Dur\u00e9e de lecture estim\u00e9e\" \/>\n\t<meta name=\"twitter:data1\" content=\"2 minutes\" \/>\n<!-- \/ Yoast SEO Premium plugin. -->","yoast_head_json":{"title":"Affiche D\u00e9finition de la Maison - Positive Prints","description":"Vous cherchez un cadeau de pendaison de cr\u00e9maill\u00e8re sinc\u00e8re et unique ? Notre Affiche D\u00e9finition de la Maison est l'impression personnalis\u00e9e parfaite. Cr\u00e9ez la v\u00f4tre maintenant.","robots":{"index":"index","follow":"follow","max-snippet":"max-snippet:-1","max-image-preview":"max-image-preview:large","max-video-preview":"max-video-preview:-1"},"canonical":"https:\/\/positiveprints.com\/fr\/produit\/affiche-definition-de-la-maison\/","og_locale":"fr_FR","og_type":"article","og_title":"Affiche D\u00e9finition de la Maison","og_description":"Faites votre d\u00e9finition personnelle Ajoutez votre propre photo Personnalisez en 3 \u00e9tapes simples Choisissez un mod\u00e8le ou laissez libre cours \u00e0 votre cr\u00e9ativit\u00e9 Vois le r\u00e9sultat imm\u00e9diatement \u2013 l\u2019aper\u00e7u interactif te permet de peaufiner chaque d\u00e9tail","og_url":"https:\/\/positiveprints.com\/fr\/produit\/affiche-definition-de-la-maison\/","og_site_name":"Positive Prints","article_publisher":"https:\/\/www.facebook.com\/positiveprintscom","article_modified_time":"2026-04-12T19:59:42+00:00","og_image":[{"width":1080,"height":1080,"url":"https:\/\/positiveprints.com\/wp-content\/uploads\/2024\/06\/Affiche-Definition-de-la-Maison.jpg","type":"image\/jpeg"}],"twitter_card":"summary_large_image","twitter_misc":{"Dur\u00e9e de lecture estim\u00e9e":"2 minutes"},"schema":{"@context":"https:\/\/schema.org","@graph":[{"@type":["WebPage","ItemPage"],"@id":"https:\/\/positiveprints.com\/fr\/produit\/affiche-definition-de-la-maison\/","url":"https:\/\/positiveprints.com\/fr\/produit\/affiche-definition-de-la-maison\/","name":"Affiche D\u00e9finition de la Maison - Positive Prints","isPartOf":{"@id":"https:\/\/positiveprints.com\/fr\/#website"},"primaryImageOfPage":{"@id":"https:\/\/positiveprints.com\/fr\/produit\/affiche-definition-de-la-maison\/#primaryimage"},"image":{"@id":"https:\/\/positiveprints.com\/fr\/produit\/affiche-definition-de-la-maison\/#primaryimage"},"thumbnailUrl":"https:\/\/positiveprints.com\/wp-content\/uploads\/2024\/06\/Affiche-Definition-de-la-Maison.jpg","datePublished":"2024-05-14T08:57:58+00:00","dateModified":"2026-04-12T19:59:42+00:00","description":"Vous cherchez un cadeau de pendaison de cr\u00e9maill\u00e8re sinc\u00e8re et unique ? Notre Affiche D\u00e9finition de la Maison est l'impression personnalis\u00e9e parfaite. Cr\u00e9ez la v\u00f4tre maintenant.","breadcrumb":{"@id":"https:\/\/positiveprints.com\/fr\/produit\/affiche-definition-de-la-maison\/#breadcrumb"},"inLanguage":"fr-FR","potentialAction":[{"@type":"ReadAction","target":["https:\/\/positiveprints.com\/fr\/produit\/affiche-definition-de-la-maison\/"]}]},{"@type":"ImageObject","inLanguage":"fr-FR","@id":"https:\/\/positiveprints.com\/fr\/produit\/affiche-definition-de-la-maison\/#primaryimage","url":"https:\/\/positiveprints.com\/wp-content\/uploads\/2024\/06\/Affiche-Definition-de-la-Maison.jpg","contentUrl":"https:\/\/positiveprints.com\/wp-content\/uploads\/2024\/06\/Affiche-Definition-de-la-Maison.jpg","width":1080,"height":1080},{"@type":"BreadcrumbList","@id":"https:\/\/positiveprints.com\/fr\/produit\/affiche-definition-de-la-maison\/#breadcrumb","itemListElement":[{"@type":"ListItem","position":1,"name":"Home","item":"https:\/\/positiveprints.com\/fr\/"},{"@type":"ListItem","position":2,"name":"Produits","item":"https:\/\/positiveprints.com\/fr\/shop\/"},{"@type":"ListItem","position":3,"name":"Affiche D\u00e9finition de la Maison"}]},{"@type":"WebSite","@id":"https:\/\/positiveprints.com\/fr\/#website","url":"https:\/\/positiveprints.com\/fr\/","name":"Positive Prints","description":"Amazing Custom Personalized Gifts","publisher":{"@id":"https:\/\/positiveprints.com\/fr\/#organization"},"potentialAction":[{"@type":"SearchAction","target":{"@type":"EntryPoint","urlTemplate":"https:\/\/positiveprints.com\/fr\/?s={search_term_string}"},"query-input":{"@type":"PropertyValueSpecification","valueRequired":true,"valueName":"search_term_string"}}],"inLanguage":"fr-FR"},{"@type":"Organization","@id":"https:\/\/positiveprints.com\/fr\/#organization","name":"Positive Prints","alternateName":"Positive Prints","url":"https:\/\/positiveprints.com\/fr\/","logo":{"@type":"ImageObject","inLanguage":"fr-FR","@id":"https:\/\/positiveprints.com\/fr\/#\/schema\/logo\/image\/","url":"https:\/\/positiveprints.com\/wp-content\/uploads\/2026\/03\/245815646_1337939713319158_5671353136411139666_n.png","contentUrl":"https:\/\/positiveprints.com\/wp-content\/uploads\/2026\/03\/245815646_1337939713319158_5671353136411139666_n.png","width":800,"height":800,"caption":"Positive Prints"},"image":{"@id":"https:\/\/positiveprints.com\/fr\/#\/schema\/logo\/image\/"},"sameAs":["https:\/\/www.facebook.com\/positiveprintscom","https:\/\/www.instagram.com\/positiveprintscom\/","https:\/\/www.tiktok.com\/@positiveprintscom","https:\/\/www.pinterest.com\/positiveprintscom\/"]}]}},"jetpack_sharing_enabled":true,"_links":{"self":[{"href":"https:\/\/positiveprints.com\/fr\/wp-json\/wp\/v2\/product\/1120835","targetHints":{"allow":["GET"]}}],"collection":[{"href":"https:\/\/positiveprints.com\/fr\/wp-json\/wp\/v2\/product"}],"about":[{"href":"https:\/\/positiveprints.com\/fr\/wp-json\/wp\/v2\/types\/product"}],"wp:featuredmedia":[{"embeddable":true,"href":"https:\/\/positiveprints.com\/fr\/wp-json\/wp\/v2\/media\/1125182"}],"wp:attachment":[{"href":"https:\/\/positiveprints.com\/fr\/wp-json\/wp\/v2\/media?parent=1120835"}],"wp:term":[{"taxonomy":"product_brand","embeddable":true,"href":"https:\/\/positiveprints.com\/fr\/wp-json\/wp\/v2\/product_brand?post=1120835"},{"taxonomy":"product_cat","embeddable":true,"href":"https:\/\/positiveprints.com\/fr\/wp-json\/wp\/v2\/product_cat?post=1120835"},{"taxonomy":"product_tag","embeddable":true,"href":"https:\/\/positiveprints.com\/fr\/wp-json\/wp\/v2\/product_tag?post=1120835"}],"curies":[{"name":"wp","href":"https:\/\/api.w.org\/{rel}","templated":true}]}}