{"id":1120818,"date":"2024-05-14T09:16:38","date_gmt":"2024-05-14T08:16:38","guid":{"rendered":"https:\/\/positiveprints.com\/?post_type=product&#038;p=1120818"},"modified":"2026-04-07T13:39:25","modified_gmt":"2026-04-07T12:39:25","slug":"affiche-definition-de-lengagement","status":"publish","type":"product","link":"https:\/\/positiveprints.com\/fr\/produit\/affiche-definition-de-lengagement\/","title":{"rendered":"Affiche D\u00e9finition de l&#8217;Engagement"},"content":{"rendered":"<p>Vous cherchez un moyen unique et sinc\u00e8re de c\u00e9l\u00e9brer des fian\u00e7ailles ? Notre Affiche D\u00e9finition de l&#8217;Engagement est le cadeau personnalis\u00e9 parfait. Capturez la joie de ce moment sp\u00e9cial avec une d\u00e9finition personnalis\u00e9e et une photo qui touche vraiment le c\u0153ur.<\/p>\r\n\r\n<h2>Options de personnalisation et libert\u00e9 cr\u00e9ative<\/h2>\r\n\r\n<p>Avec notre Affiche D\u00e9finition de l&#8217;Engagement, vous pouvez d\u00e9finir &#8220;engagement&#8221; ou tout autre mot romantique qui capture l&#8217;essence de cette belle occasion. Que ce soit &#8220;engagement&#8221; ou &#8220;amour&#8221;, le choix vous appartient.<\/p>\r\n\r\n<p>Cr\u00e9ez une impression unique en t\u00e9l\u00e9chargeant votre propre photo pour accompagner la d\u00e9finition. Choisissez parmi nos d\u00e9finitions pr\u00e9d\u00e9finies ou cr\u00e9ez la v\u00f4tre \u2014 qu&#8217;elle soit dr\u00f4le, \u00e9motive, ou profond\u00e9ment significative. Personnalisez encore plus votre affiche en s\u00e9lectionnant le sch\u00e9ma de couleurs parfait ou en jouant vous-m\u00eame avec les couleurs pour assortir le fond et la police \u00e0 votre style et \u00e0 votre humeur.<\/p>\r\n\r\n<h2>Le cadeau parfait pour c\u00e9l\u00e9brer des fian\u00e7ailles<\/h2>\r\n\r\n<p>Que ce soit pour des amis qui viennent de se fiancer ou pour une f\u00eate de fian\u00e7ailles, notre Affiche D\u00e9finition de l&#8217;Engagement est un cadeau inoubliable. Imaginez le bonheur sur leurs visages lorsqu&#8217;ils recevront une impression qui capture magnifiquement l&#8217;essence de leur amour et de leur engagement.<\/p>\r\n\r\n<h2>Pourquoi choisir notre Affiche D\u00e9finition de l&#8217;Engagement ?<\/h2>\r\n\r\n<p>Commander est simple \u2014 il vous suffit de visiter notre site web, de personnaliser votre affiche avec le mot et la d\u00e9finition choisis, de t\u00e9l\u00e9charger votre photo, de s\u00e9lectionner votre sch\u00e9ma de couleurs, et de passer votre commande. Nous nous occupons du reste, en veillant \u00e0 ce que votre affiche soit imprim\u00e9e et emball\u00e9e avec le plus grand soin.<\/p>\r\n\r\n<p>Exposez-la lors d&#8217;une f\u00eate de fian\u00e7ailles ou offrez-la en cadeau pr\u00e9cieux, et laissez l&#8217;Affiche D\u00e9finition de l&#8217;Engagement servir d&#8217;hommage durable \u00e0 ce merveilleux jalon. C\u00e9l\u00e9brez le lien unique des fian\u00e7ailles de mani\u00e8re cr\u00e9ative et significative.<\/p>","protected":false},"excerpt":{"rendered":"<ul class=\"check-list\">\n<li>Faites votre d\u00e9finition personnelle<\/li>\n<li>Ajoutez votre propre photo<\/li>\n<li>Personnalisez en 3 \u00e9tapes simples<\/li>\n<li>Choisissez un mod\u00e8le ou laissez libre cours \u00e0 votre cr\u00e9ativit\u00e9<\/li>\n<li>Vois le r\u00e9sultat imm\u00e9diatement \u2013 l\u2019aper\u00e7u interactif te permet de peaufiner chaque d\u00e9tail<\/li>\n<\/ul>\n","protected":false},"featured_media":1122694,"template":"","meta":[],"product_brand":[],"product_cat":[9731,9760,104,5276],"product_tag":[17670,8432],"class_list":{"0":"post-1120818","1":"product","2":"type-product","3":"status-publish","4":"has-post-thumbnail","6":"product_cat-definition-fr","7":"product_cat-trending-label-fr","8":"product_cat-tous-les-produits","9":"product_cat-cadeaux-de-fiancailles-idees-cadeaux","10":"product_tag-engagement-fr","11":"product_tag-fiancailles","13":"first","14":"instock","15":"sale","16":"taxable","17":"shipping-taxable","18":"purchasable","19":"product-type-variable"},"yoast_head":"<!-- This site is optimized with the Yoast SEO Premium plugin v27.2 (Yoast SEO v27.2) - https:\/\/yoast.com\/product\/yoast-seo-premium-wordpress\/ -->\n<title>Affiche D\u00e9finition de l&#039;Engagement - Positive Prints<\/title>\n<meta name=\"description\" content=\"Notre Affiche D\u00e9finition de l&#039;Engagement est le cadeau personnalis\u00e9 parfait. Capturez la joie de ce moment sp\u00e9cial avec une d\u00e9finition personnalis\u00e9e et une photo.\" \/>\n<meta name=\"robots\" content=\"index, follow, max-snippet:-1, max-image-preview:large, max-video-preview:-1\" \/>\n<link rel=\"canonical\" href=\"https:\/\/positiveprints.com\/fr\/produit\/affiche-definition-de-lengagement\/\" \/>\n<meta property=\"og:locale\" content=\"fr_FR\" \/>\n<meta property=\"og:type\" content=\"article\" \/>\n<meta property=\"og:title\" content=\"Affiche D\u00e9finition de l&#039;Engagement\" \/>\n<meta property=\"og:description\" content=\"Faites votre d\u00e9finition personnelle Ajoutez votre propre photo Personnalisez en 3 \u00e9tapes simples Choisissez un mod\u00e8le ou laissez libre cours \u00e0 votre cr\u00e9ativit\u00e9 Vois le r\u00e9sultat imm\u00e9diatement \u2013 l\u2019aper\u00e7u interactif te permet de peaufiner chaque d\u00e9tail\" \/>\n<meta property=\"og:url\" content=\"https:\/\/positiveprints.com\/fr\/produit\/affiche-definition-de-lengagement\/\" \/>\n<meta property=\"og:site_name\" content=\"Positive Prints\" \/>\n<meta property=\"article:publisher\" content=\"https:\/\/www.facebook.com\/positiveprintscom\" \/>\n<meta property=\"article:modified_time\" content=\"2026-04-07T12:39:25+00:00\" \/>\n<meta property=\"og:image\" content=\"https:\/\/positiveprints.com\/wp-content\/uploads\/2024\/05\/Affiche-Definition-de-lEngagement.jpg\" \/>\n\t<meta property=\"og:image:width\" content=\"1080\" \/>\n\t<meta property=\"og:image:height\" content=\"1080\" \/>\n\t<meta property=\"og:image:type\" content=\"image\/jpeg\" \/>\n<meta name=\"twitter:card\" content=\"summary_large_image\" \/>\n<meta name=\"twitter:label1\" content=\"Dur\u00e9e de lecture estim\u00e9e\" \/>\n\t<meta name=\"twitter:data1\" content=\"2 minutes\" \/>\n<!-- \/ Yoast SEO Premium plugin. -->","yoast_head_json":{"title":"Affiche D\u00e9finition de l'Engagement - Positive Prints","description":"Notre Affiche D\u00e9finition de l'Engagement est le cadeau personnalis\u00e9 parfait. Capturez la joie de ce moment sp\u00e9cial avec une d\u00e9finition personnalis\u00e9e et une photo.","robots":{"index":"index","follow":"follow","max-snippet":"max-snippet:-1","max-image-preview":"max-image-preview:large","max-video-preview":"max-video-preview:-1"},"canonical":"https:\/\/positiveprints.com\/fr\/produit\/affiche-definition-de-lengagement\/","og_locale":"fr_FR","og_type":"article","og_title":"Affiche D\u00e9finition de l'Engagement","og_description":"Faites votre d\u00e9finition personnelle Ajoutez votre propre photo Personnalisez en 3 \u00e9tapes simples Choisissez un mod\u00e8le ou laissez libre cours \u00e0 votre cr\u00e9ativit\u00e9 Vois le r\u00e9sultat imm\u00e9diatement \u2013 l\u2019aper\u00e7u interactif te permet de peaufiner chaque d\u00e9tail","og_url":"https:\/\/positiveprints.com\/fr\/produit\/affiche-definition-de-lengagement\/","og_site_name":"Positive Prints","article_publisher":"https:\/\/www.facebook.com\/positiveprintscom","article_modified_time":"2026-04-07T12:39:25+00:00","og_image":[{"width":1080,"height":1080,"url":"https:\/\/positiveprints.com\/wp-content\/uploads\/2024\/05\/Affiche-Definition-de-lEngagement.jpg","type":"image\/jpeg"}],"twitter_card":"summary_large_image","twitter_misc":{"Dur\u00e9e de lecture estim\u00e9e":"2 minutes"},"schema":{"@context":"https:\/\/schema.org","@graph":[{"@type":["WebPage","ItemPage"],"@id":"https:\/\/positiveprints.com\/fr\/produit\/affiche-definition-de-lengagement\/","url":"https:\/\/positiveprints.com\/fr\/produit\/affiche-definition-de-lengagement\/","name":"Affiche D\u00e9finition de l'Engagement - Positive Prints","isPartOf":{"@id":"https:\/\/positiveprints.com\/fr\/#website"},"primaryImageOfPage":{"@id":"https:\/\/positiveprints.com\/fr\/produit\/affiche-definition-de-lengagement\/#primaryimage"},"image":{"@id":"https:\/\/positiveprints.com\/fr\/produit\/affiche-definition-de-lengagement\/#primaryimage"},"thumbnailUrl":"https:\/\/positiveprints.com\/wp-content\/uploads\/2024\/05\/Affiche-Definition-de-lEngagement.jpg","datePublished":"2024-05-14T08:16:38+00:00","dateModified":"2026-04-07T12:39:25+00:00","description":"Notre Affiche D\u00e9finition de l'Engagement est le cadeau personnalis\u00e9 parfait. Capturez la joie de ce moment sp\u00e9cial avec une d\u00e9finition personnalis\u00e9e et une photo.","breadcrumb":{"@id":"https:\/\/positiveprints.com\/fr\/produit\/affiche-definition-de-lengagement\/#breadcrumb"},"inLanguage":"fr-FR","potentialAction":[{"@type":"ReadAction","target":["https:\/\/positiveprints.com\/fr\/produit\/affiche-definition-de-lengagement\/"]}]},{"@type":"ImageObject","inLanguage":"fr-FR","@id":"https:\/\/positiveprints.com\/fr\/produit\/affiche-definition-de-lengagement\/#primaryimage","url":"https:\/\/positiveprints.com\/wp-content\/uploads\/2024\/05\/Affiche-Definition-de-lEngagement.jpg","contentUrl":"https:\/\/positiveprints.com\/wp-content\/uploads\/2024\/05\/Affiche-Definition-de-lEngagement.jpg","width":1080,"height":1080},{"@type":"BreadcrumbList","@id":"https:\/\/positiveprints.com\/fr\/produit\/affiche-definition-de-lengagement\/#breadcrumb","itemListElement":[{"@type":"ListItem","position":1,"name":"Home","item":"https:\/\/positiveprints.com\/fr\/"},{"@type":"ListItem","position":2,"name":"Produits","item":"https:\/\/positiveprints.com\/fr\/shop\/"},{"@type":"ListItem","position":3,"name":"Affiche D\u00e9finition de l&#8217;Engagement"}]},{"@type":"WebSite","@id":"https:\/\/positiveprints.com\/fr\/#website","url":"https:\/\/positiveprints.com\/fr\/","name":"Positive Prints","description":"Amazing Custom Personalized Gifts","publisher":{"@id":"https:\/\/positiveprints.com\/fr\/#organization"},"potentialAction":[{"@type":"SearchAction","target":{"@type":"EntryPoint","urlTemplate":"https:\/\/positiveprints.com\/fr\/?s={search_term_string}"},"query-input":{"@type":"PropertyValueSpecification","valueRequired":true,"valueName":"search_term_string"}}],"inLanguage":"fr-FR"},{"@type":"Organization","@id":"https:\/\/positiveprints.com\/fr\/#organization","name":"Positive Prints","alternateName":"Positive Prints","url":"https:\/\/positiveprints.com\/fr\/","logo":{"@type":"ImageObject","inLanguage":"fr-FR","@id":"https:\/\/positiveprints.com\/fr\/#\/schema\/logo\/image\/","url":"https:\/\/positiveprints.com\/wp-content\/uploads\/2026\/03\/245815646_1337939713319158_5671353136411139666_n.png","contentUrl":"https:\/\/positiveprints.com\/wp-content\/uploads\/2026\/03\/245815646_1337939713319158_5671353136411139666_n.png","width":800,"height":800,"caption":"Positive Prints"},"image":{"@id":"https:\/\/positiveprints.com\/fr\/#\/schema\/logo\/image\/"},"sameAs":["https:\/\/www.facebook.com\/positiveprintscom","https:\/\/www.instagram.com\/positiveprintscom\/","https:\/\/www.tiktok.com\/@positiveprintscom","https:\/\/www.pinterest.com\/positiveprintscom\/"]}]}},"jetpack_sharing_enabled":true,"_links":{"self":[{"href":"https:\/\/positiveprints.com\/fr\/wp-json\/wp\/v2\/product\/1120818","targetHints":{"allow":["GET"]}}],"collection":[{"href":"https:\/\/positiveprints.com\/fr\/wp-json\/wp\/v2\/product"}],"about":[{"href":"https:\/\/positiveprints.com\/fr\/wp-json\/wp\/v2\/types\/product"}],"wp:featuredmedia":[{"embeddable":true,"href":"https:\/\/positiveprints.com\/fr\/wp-json\/wp\/v2\/media\/1122694"}],"wp:attachment":[{"href":"https:\/\/positiveprints.com\/fr\/wp-json\/wp\/v2\/media?parent=1120818"}],"wp:term":[{"taxonomy":"product_brand","embeddable":true,"href":"https:\/\/positiveprints.com\/fr\/wp-json\/wp\/v2\/product_brand?post=1120818"},{"taxonomy":"product_cat","embeddable":true,"href":"https:\/\/positiveprints.com\/fr\/wp-json\/wp\/v2\/product_cat?post=1120818"},{"taxonomy":"product_tag","embeddable":true,"href":"https:\/\/positiveprints.com\/fr\/wp-json\/wp\/v2\/product_tag?post=1120818"}],"curies":[{"name":"wp","href":"https:\/\/api.w.org\/{rel}","templated":true}]}}