{"id":1120815,"date":"2024-05-14T09:01:54","date_gmt":"2024-05-14T08:01:54","guid":{"rendered":"https:\/\/positiveprints.com\/?post_type=product&#038;p=1120815"},"modified":"2026-04-18T04:19:35","modified_gmt":"2026-04-18T03:19:35","slug":"affiche-definition-de-lamour","status":"publish","type":"product","link":"https:\/\/positiveprints.com\/fr\/produit\/affiche-definition-de-lamour\/","title":{"rendered":"Affiche D\u00e9finition de l&#8217;Amour"},"content":{"rendered":"<p>Vous cherchez un moyen sinc\u00e8re et unique d&#8217;exprimer votre amour ? Notre Affiche D\u00e9finition de l&#8217;Amour est le cadeau personnalis\u00e9 parfait. Capturez l&#8217;essence de votre relation avec une d\u00e9finition personnalis\u00e9e et une photo qui en disent long.<\/p>\r\n\r\n<h2>Options de personnalisation et libert\u00e9 cr\u00e9ative<\/h2>\r\n\r\n<p>Avec notre Affiche D\u00e9finition de l&#8217;Amour, vous pouvez d\u00e9finir &#8220;amour&#8221; ou tout autre mot romantique qui a une signification particuli\u00e8re. Que ce soit &#8220;bonheur&#8221;, un surnom affectueux, ou un mot qui r\u00e9sume votre relation, le choix vous appartient.<\/p>\r\n\r\n<p>Cr\u00e9ez une impression v\u00e9ritablement personnalis\u00e9e en t\u00e9l\u00e9chargeant votre propre photo pour accompagner la d\u00e9finition. Choisissez parmi nos d\u00e9finitions pr\u00e9d\u00e9finies ou cr\u00e9ez la v\u00f4tre \u2014 qu&#8217;elle soit dr\u00f4le, \u00e9motive, ou profond\u00e9ment sentimentale. Personnalisez davantage votre affiche en s\u00e9lectionnant le sch\u00e9ma de couleurs parfait ou en jouant avec les couleurs vous-m\u00eame pour assortir le fond et la police \u00e0 votre style et \u00e0 votre humeur.<\/p>\r\n\r\n<h2>Le cadeau parfait pour toute occasion romantique<\/h2>\r\n\r\n<p>Que ce soit pour un anniversaire, un mariage, la Saint-Valentin, ou toute autre occasion sp\u00e9ciale, notre Affiche D\u00e9finition de l&#8217;Amour est un cadeau inoubliable. Imaginez la joie sur le visage de votre bien-aim\u00e9(e) lorsqu&#8217;il\/elle recevra une impression qui capture magnifiquement l&#8217;essence de votre relation.<\/p>\r\n\r\n<h2>Pourquoi choisir notre Affiche D\u00e9finition de l&#8217;Amour ?<\/h2>\r\n\r\n<p>Commander est simple \u2014 il vous suffit de visiter notre site web, de personnaliser votre affiche avec le mot et la d\u00e9finition choisis, de t\u00e9l\u00e9charger votre photo, de s\u00e9lectionner votre sch\u00e9ma de couleurs, et de passer votre commande. Nous nous occupons du reste, en veillant \u00e0 ce que votre affiche soit imprim\u00e9e et emball\u00e9e avec le plus grand soin.<\/p>\r\n\r\n<p>Exposez-la chez vous ou offrez-la en cadeau, et laissez l&#8217;Affiche D\u00e9finition de l&#8217;Amour servir d&#8217;hommage durable \u00e0 votre amour et \u00e0 votre connexion. C\u00e9l\u00e9brez votre lien unique de mani\u00e8re cr\u00e9ative et significative.<\/p>","protected":false},"excerpt":{"rendered":"<ul class=\"check-list\">\n<li>Faites votre d\u00e9finition personnelle<\/li>\n<li>Ajoutez votre propre photo<\/li>\n<li>Personnalisez en 3 \u00e9tapes simples<\/li>\n<li>Choisissez un mod\u00e8le ou laissez libre cours \u00e0 votre cr\u00e9ativit\u00e9<\/li>\n<li>Vois le r\u00e9sultat imm\u00e9diatement \u2013 l\u2019aper\u00e7u interactif te permet de peaufiner chaque d\u00e9tail<\/li>\n<\/ul>\n","protected":false},"featured_media":1128419,"template":"","meta":[],"product_brand":[],"product_cat":[9731,8194,104,5328,11177,11175,11176,7925,8006,7685,7781,7797,3118,11245,11246],"product_tag":[14849,11790,11789,11791,11793,11792,11767,11795,11753,17443,17442,17441,17440,14870,14863],"class_list":{"0":"post-1120815","1":"product","2":"type-product","3":"status-publish","4":"has-post-thumbnail","6":"product_cat-definition-fr","7":"product_cat-pour-elle","8":"product_cat-tous-les-produits","9":"product_cat-cadeaux-de-commemorations","10":"product_cat-cadeaux-danniversaire-pour-couples","11":"product_cat-cadeaux-danniversaire-pour-femme","12":"product_cat-cadeaux-danniversaire-pour-homme","13":"product_cat-cadeaux-denterrement-de-vie-de-jeune-fille","14":"product_cat-cadeaux-pour-hommes","15":"product_cat-cadeaux-pour-femmes","16":"product_cat-cadeaux-pour-petite-amie","17":"product_cat-cadeaux-pour-couple","18":"product_cat-cadeaux-saint-valentin","19":"product_cat-cadeaux-de-saint-valentin-pour-elle","20":"product_cat-cadeaux-de-saint-valentin-pour-lui","21":"product_tag-anniversary-fr","22":"product_tag-cadeaux-de-noel-pour-elle","23":"product_tag-cadeaux-de-noel-pour-femme","24":"product_tag-cadeaux-de-noel-pour-homme","25":"product_tag-cadeaux-de-noel-pour-le-mari","26":"product_tag-cadeaux-de-noel-pour-lui","27":"product_tag-cadeaux-de-noel-pour-sa-copine","28":"product_tag-cadeaux-de-noel-pour-sa-femme","29":"product_tag-cadeaux-de-noel-pour-son-petit-copain","30":"product_tag-prezenty-pod-choinke-dla-chlopaka-fr","31":"product_tag-prezenty-pod-choinke-dla-dziewczyny-fr","32":"product_tag-prezenty-pod-choinke-dla-niego-fr","33":"product_tag-prezenty-pod-choinke-dla-niej-fr","34":"product_tag-valentines-day-fr","35":"product_tag-valentines-day-gift-fr","37":"first","38":"instock","39":"sale","40":"taxable","41":"shipping-taxable","42":"purchasable","43":"product-type-variable"},"yoast_head":"<!-- This site is optimized with the Yoast SEO Premium plugin v27.2 (Yoast SEO v27.2) - https:\/\/yoast.com\/product\/yoast-seo-premium-wordpress\/ -->\n<title>Affiche D\u00e9finition de l&#039;Amour - Positive Prints<\/title>\n<meta name=\"description\" content=\"Vous cherchez un moyen sinc\u00e8re et unique d&#039;exprimer votre amour ? Notre Affiche D\u00e9finition de l&#039;Amour est le cadeau personnalis\u00e9 parfait.\" \/>\n<meta name=\"robots\" content=\"index, follow, max-snippet:-1, max-image-preview:large, max-video-preview:-1\" \/>\n<link rel=\"canonical\" href=\"https:\/\/positiveprints.com\/fr\/produit\/affiche-definition-de-lamour\/\" \/>\n<meta property=\"og:locale\" content=\"fr_FR\" \/>\n<meta property=\"og:type\" content=\"article\" \/>\n<meta property=\"og:title\" content=\"Affiche D\u00e9finition de l&#039;Amour\" \/>\n<meta property=\"og:description\" content=\"Faites votre d\u00e9finition personnelle Ajoutez votre propre photo Personnalisez en 3 \u00e9tapes simples Choisissez un mod\u00e8le ou laissez libre cours \u00e0 votre cr\u00e9ativit\u00e9 Vois le r\u00e9sultat imm\u00e9diatement \u2013 l\u2019aper\u00e7u interactif te permet de peaufiner chaque d\u00e9tail\" \/>\n<meta property=\"og:url\" content=\"https:\/\/positiveprints.com\/fr\/produit\/affiche-definition-de-lamour\/\" \/>\n<meta property=\"og:site_name\" content=\"Positive Prints\" \/>\n<meta property=\"article:publisher\" content=\"https:\/\/www.facebook.com\/positiveprintscom\" \/>\n<meta property=\"article:modified_time\" content=\"2026-04-18T03:19:35+00:00\" \/>\n<meta property=\"og:image\" content=\"https:\/\/positiveprints.com\/wp-content\/uploads\/2024\/06\/Affiche-De\u0301finition-de-lAmour.jpg\" \/>\n\t<meta property=\"og:image:width\" content=\"1080\" \/>\n\t<meta property=\"og:image:height\" content=\"1080\" \/>\n\t<meta property=\"og:image:type\" content=\"image\/jpeg\" \/>\n<meta name=\"twitter:card\" content=\"summary_large_image\" \/>\n<meta name=\"twitter:label1\" content=\"Dur\u00e9e de lecture estim\u00e9e\" \/>\n\t<meta name=\"twitter:data1\" content=\"2 minutes\" \/>\n<!-- \/ Yoast SEO Premium plugin. -->","yoast_head_json":{"title":"Affiche D\u00e9finition de l'Amour - Positive Prints","description":"Vous cherchez un moyen sinc\u00e8re et unique d'exprimer votre amour ? Notre Affiche D\u00e9finition de l'Amour est le cadeau personnalis\u00e9 parfait.","robots":{"index":"index","follow":"follow","max-snippet":"max-snippet:-1","max-image-preview":"max-image-preview:large","max-video-preview":"max-video-preview:-1"},"canonical":"https:\/\/positiveprints.com\/fr\/produit\/affiche-definition-de-lamour\/","og_locale":"fr_FR","og_type":"article","og_title":"Affiche D\u00e9finition de l'Amour","og_description":"Faites votre d\u00e9finition personnelle Ajoutez votre propre photo Personnalisez en 3 \u00e9tapes simples Choisissez un mod\u00e8le ou laissez libre cours \u00e0 votre cr\u00e9ativit\u00e9 Vois le r\u00e9sultat imm\u00e9diatement \u2013 l\u2019aper\u00e7u interactif te permet de peaufiner chaque d\u00e9tail","og_url":"https:\/\/positiveprints.com\/fr\/produit\/affiche-definition-de-lamour\/","og_site_name":"Positive Prints","article_publisher":"https:\/\/www.facebook.com\/positiveprintscom","article_modified_time":"2026-04-18T03:19:35+00:00","og_image":[{"width":1080,"height":1080,"url":"https:\/\/positiveprints.com\/wp-content\/uploads\/2024\/06\/Affiche-De\u0301finition-de-lAmour.jpg","type":"image\/jpeg"}],"twitter_card":"summary_large_image","twitter_misc":{"Dur\u00e9e de lecture estim\u00e9e":"2 minutes"},"schema":{"@context":"https:\/\/schema.org","@graph":[{"@type":["WebPage","ItemPage"],"@id":"https:\/\/positiveprints.com\/fr\/produit\/affiche-definition-de-lamour\/","url":"https:\/\/positiveprints.com\/fr\/produit\/affiche-definition-de-lamour\/","name":"Affiche D\u00e9finition de l'Amour - Positive Prints","isPartOf":{"@id":"https:\/\/positiveprints.com\/fr\/#website"},"primaryImageOfPage":{"@id":"https:\/\/positiveprints.com\/fr\/produit\/affiche-definition-de-lamour\/#primaryimage"},"image":{"@id":"https:\/\/positiveprints.com\/fr\/produit\/affiche-definition-de-lamour\/#primaryimage"},"thumbnailUrl":"https:\/\/positiveprints.com\/wp-content\/uploads\/2024\/06\/Affiche-De\u0301finition-de-lAmour.jpg","datePublished":"2024-05-14T08:01:54+00:00","dateModified":"2026-04-18T03:19:35+00:00","description":"Vous cherchez un moyen sinc\u00e8re et unique d'exprimer votre amour ? Notre Affiche D\u00e9finition de l'Amour est le cadeau personnalis\u00e9 parfait.","breadcrumb":{"@id":"https:\/\/positiveprints.com\/fr\/produit\/affiche-definition-de-lamour\/#breadcrumb"},"inLanguage":"fr-FR","potentialAction":[{"@type":"ReadAction","target":["https:\/\/positiveprints.com\/fr\/produit\/affiche-definition-de-lamour\/"]}]},{"@type":"ImageObject","inLanguage":"fr-FR","@id":"https:\/\/positiveprints.com\/fr\/produit\/affiche-definition-de-lamour\/#primaryimage","url":"https:\/\/positiveprints.com\/wp-content\/uploads\/2024\/06\/Affiche-De\u0301finition-de-lAmour.jpg","contentUrl":"https:\/\/positiveprints.com\/wp-content\/uploads\/2024\/06\/Affiche-De\u0301finition-de-lAmour.jpg","width":1080,"height":1080,"caption":"Poster di Definizione dell'Amore"},{"@type":"BreadcrumbList","@id":"https:\/\/positiveprints.com\/fr\/produit\/affiche-definition-de-lamour\/#breadcrumb","itemListElement":[{"@type":"ListItem","position":1,"name":"Home","item":"https:\/\/positiveprints.com\/fr\/"},{"@type":"ListItem","position":2,"name":"Produits","item":"https:\/\/positiveprints.com\/fr\/shop\/"},{"@type":"ListItem","position":3,"name":"Affiche D\u00e9finition de l&#8217;Amour"}]},{"@type":"WebSite","@id":"https:\/\/positiveprints.com\/fr\/#website","url":"https:\/\/positiveprints.com\/fr\/","name":"Positive Prints","description":"Amazing Custom Personalized Gifts","publisher":{"@id":"https:\/\/positiveprints.com\/fr\/#organization"},"potentialAction":[{"@type":"SearchAction","target":{"@type":"EntryPoint","urlTemplate":"https:\/\/positiveprints.com\/fr\/?s={search_term_string}"},"query-input":{"@type":"PropertyValueSpecification","valueRequired":true,"valueName":"search_term_string"}}],"inLanguage":"fr-FR"},{"@type":"Organization","@id":"https:\/\/positiveprints.com\/fr\/#organization","name":"Positive Prints","alternateName":"Positive Prints","url":"https:\/\/positiveprints.com\/fr\/","logo":{"@type":"ImageObject","inLanguage":"fr-FR","@id":"https:\/\/positiveprints.com\/fr\/#\/schema\/logo\/image\/","url":"https:\/\/positiveprints.com\/wp-content\/uploads\/2026\/03\/245815646_1337939713319158_5671353136411139666_n.png","contentUrl":"https:\/\/positiveprints.com\/wp-content\/uploads\/2026\/03\/245815646_1337939713319158_5671353136411139666_n.png","width":800,"height":800,"caption":"Positive Prints"},"image":{"@id":"https:\/\/positiveprints.com\/fr\/#\/schema\/logo\/image\/"},"sameAs":["https:\/\/www.facebook.com\/positiveprintscom","https:\/\/www.instagram.com\/positiveprintscom\/","https:\/\/www.tiktok.com\/@positiveprintscom","https:\/\/www.pinterest.com\/positiveprintscom\/"]}]}},"jetpack_sharing_enabled":true,"_links":{"self":[{"href":"https:\/\/positiveprints.com\/fr\/wp-json\/wp\/v2\/product\/1120815","targetHints":{"allow":["GET"]}}],"collection":[{"href":"https:\/\/positiveprints.com\/fr\/wp-json\/wp\/v2\/product"}],"about":[{"href":"https:\/\/positiveprints.com\/fr\/wp-json\/wp\/v2\/types\/product"}],"wp:featuredmedia":[{"embeddable":true,"href":"https:\/\/positiveprints.com\/fr\/wp-json\/wp\/v2\/media\/1128419"}],"wp:attachment":[{"href":"https:\/\/positiveprints.com\/fr\/wp-json\/wp\/v2\/media?parent=1120815"}],"wp:term":[{"taxonomy":"product_brand","embeddable":true,"href":"https:\/\/positiveprints.com\/fr\/wp-json\/wp\/v2\/product_brand?post=1120815"},{"taxonomy":"product_cat","embeddable":true,"href":"https:\/\/positiveprints.com\/fr\/wp-json\/wp\/v2\/product_cat?post=1120815"},{"taxonomy":"product_tag","embeddable":true,"href":"https:\/\/positiveprints.com\/fr\/wp-json\/wp\/v2\/product_tag?post=1120815"}],"curies":[{"name":"wp","href":"https:\/\/api.w.org\/{rel}","templated":true}]}}