{"id":1118504,"date":"2024-05-21T14:48:50","date_gmt":"2024-05-21T13:48:50","guid":{"rendered":"https:\/\/positiveprints.com\/?post_type=product&#038;p=1118504"},"modified":"2026-04-12T20:58:27","modified_gmt":"2026-04-12T19:58:27","slug":"carte-aquarelle-dengagement","status":"publish","type":"product","link":"https:\/\/positiveprints.com\/fr\/produit\/carte-aquarelle-dengagement\/","title":{"rendered":"Carte Aquarelle d&#8217;Engagement"},"content":{"rendered":"<p>\u00c0 la recherche du <a href=\"https:\/\/positiveprints.com\/fr\/cadeaux-de-fiancailles\/\">cadeau de fian\u00e7ailles personnalis\u00e9<\/a> parfait? Ne cherchez plus! Notre Carte Aquarelle d&#8217;Engagement est une fa\u00e7on sinc\u00e8re de c\u00e9l\u00e9brer le moment sp\u00e9cial de vos proches. En seulement quelques \u00e9tapes simples, vous pouvez cr\u00e9er une pi\u00e8ce unique qui capture l&#8217;essence de leur engagement.<\/p>\r\n\r\n<h2>D\u00e9couvrez la Carte Aquarelle d&#8217;Engagement<\/h2>\r\n\r\n<p>D\u00e9couvrez la magie de notre Carte Aquarelle d&#8217;Engagement. Commencez par s\u00e9lectionner votre style d&#8217;aquarelle pr\u00e9f\u00e9r\u00e9 parmi nos pr\u00e9r\u00e9glages \u00e9tonnants ou laissez libre cours \u00e0 votre cr\u00e9ativit\u00e9 et cr\u00e9ez votre propre palette unique. Ensuite, choisissez le pays, l&#8217;\u00c9tat ou la ville o\u00f9 vos proches se sont fianc\u00e9s. Marquez l&#8217;endroit exact avec un marqueur en forme de c\u0153ur de la couleur de votre choix. Ajoutez une touche personnelle avec un message personnalis\u00e9 ou une citation significative, le rendant vraiment sp\u00e9cial. Notre \u00e9diteur en ligne en temps r\u00e9el vous permet de voir votre chef-d&#8217;\u0153uvre prendre vie \u00e0 chaque \u00e9tape.<\/p>\r\n\r\n<h2>Pourquoi Choisir une Carte Aquarelle Personnalis\u00e9e?<\/h2>\r\n\r\n<p>\u00c0 la recherche d&#8217;un cadeau unique et sinc\u00e8re? Notre Carte Aquarelle d&#8217;Engagement est un choix parfait. Chaque pi\u00e8ce est une \u0153uvre d&#8217;art qui raconte une histoire d&#8217;amour distincte. Vous pouvez le commander comme affiche encadr\u00e9e, toile ou fichier num\u00e9rique \u00e0 t\u00e9l\u00e9charger instantan\u00e9ment, ce qui garantit qu&#8217;il s&#8217;int\u00e8gre parfaitement dans leur d\u00e9coration int\u00e9rieure.<\/p>\r\n\r\n<p>Imaginez la joie sur leur visage lorsqu&#8217;ils re\u00e7oivent une Carte Aquarelle d&#8217;Engagement! Ce cadeau attentionn\u00e9 capture l&#8217;essence de leur histoire d&#8217;amour et marque un moment qu&#8217;ils ch\u00e9riront pour toujours. Que ce soit pour des amis ou de la famille, cette \u0153uvre d&#8217;art personnalis\u00e9e est un souvenir durable d&#8217;un moment et d&#8217;un lieu uniques, en en faisant un cadeau vraiment significatif et m\u00e9morable.<\/p>\r\n\r\n<p>Rendez les fian\u00e7ailles de vos proches inoubliables avec notre Carte Aquarelle d&#8217;Engagement. Avec sa touche personnelle, son charme artistique et ses \u00e9motions sinc\u00e8res, c&#8217;est la fa\u00e7on parfaite de c\u00e9l\u00e9brer leur histoire d&#8217;amour. Cr\u00e9ez un souvenir durable d\u00e8s aujourd&#8217;hui et laissez votre cadeau parler de votre attention et de votre pr\u00e9venance. Commandez maintenant et capturez l&#8217;essence de leur moment sp\u00e9cial avec un chef-d&#8217;\u0153uvre unique en son genre.<\/p>","protected":false},"excerpt":{"rendered":"<ul class=\"check-list\">\n<li>Cr\u00e9ez un souvenir durable d&#8217;un moment et d&#8217;un lieu uniques<\/li>\n<li>Marquer un endroit sp\u00e9cial avec un symbole choisi<\/li>\n<li>Personnalisez en 3 \u00e9tapes simples<\/li>\n<li>Incluez un texte personnalis\u00e9 significatif<\/li>\n<li>Vois le r\u00e9sultat imm\u00e9diatement \u2013 l\u2019aper\u00e7u interactif te permet de peaufiner chaque d\u00e9tail<\/li>\n<\/ul>\n","protected":false},"featured_media":1120606,"template":"","meta":[],"product_brand":[],"product_cat":[9686,104,5276],"product_tag":[17670,8432],"class_list":{"0":"post-1118504","1":"product","2":"type-product","3":"status-publish","4":"has-post-thumbnail","6":"product_cat-carte-de-votre-pays","7":"product_cat-tous-les-produits","8":"product_cat-cadeaux-de-fiancailles-idees-cadeaux","9":"product_tag-engagement-fr","10":"product_tag-fiancailles","12":"first","13":"instock","14":"sale","15":"taxable","16":"shipping-taxable","17":"purchasable","18":"product-type-variable"},"yoast_head":"<!-- This site is optimized with the Yoast SEO Premium plugin v27.2 (Yoast SEO v27.2) - https:\/\/yoast.com\/product\/yoast-seo-premium-wordpress\/ -->\n<title>Carte Aquarelle d&#039;Engagement - Positive Prints<\/title>\n<meta name=\"description\" content=\"Rendez l&#039;engagement de vos proches inoubliable avec notre Carte d&#039;Engagement \u00e0 l&#039;Aquarelle. C&#039;est le moyen parfait de c\u00e9l\u00e9brer leur histoire d&#039;amour.\" \/>\n<meta name=\"robots\" content=\"index, follow, max-snippet:-1, max-image-preview:large, max-video-preview:-1\" \/>\n<link rel=\"canonical\" href=\"https:\/\/positiveprints.com\/fr\/produit\/carte-aquarelle-dengagement\/\" \/>\n<meta property=\"og:locale\" content=\"fr_FR\" \/>\n<meta property=\"og:type\" content=\"article\" \/>\n<meta property=\"og:title\" content=\"Carte Aquarelle d&#039;Engagement\" \/>\n<meta property=\"og:description\" content=\"Cr\u00e9ez un souvenir durable d&#039;un moment et d&#039;un lieu uniques  Marquer un endroit sp\u00e9cial avec un symbole choisi  Personnalisez en 3 \u00e9tapes simples  Incluez un texte personnalis\u00e9 significatif  Vois le r\u00e9sultat imm\u00e9diatement \u2013 l\u2019aper\u00e7u interactif te permet de peaufiner chaque d\u00e9tail\" \/>\n<meta property=\"og:url\" content=\"https:\/\/positiveprints.com\/fr\/produit\/carte-aquarelle-dengagement\/\" \/>\n<meta property=\"og:site_name\" content=\"Positive Prints\" \/>\n<meta property=\"article:publisher\" content=\"https:\/\/www.facebook.com\/positiveprintscom\" \/>\n<meta property=\"article:modified_time\" content=\"2026-04-12T19:58:27+00:00\" \/>\n<meta property=\"og:image\" content=\"https:\/\/positiveprints.com\/wp-content\/uploads\/2024\/05\/Carte-Aquarelle-dEngagement.jpg\" \/>\n\t<meta property=\"og:image:width\" content=\"1080\" \/>\n\t<meta property=\"og:image:height\" content=\"1080\" \/>\n\t<meta property=\"og:image:type\" content=\"image\/jpeg\" \/>\n<meta name=\"twitter:card\" content=\"summary_large_image\" \/>\n<meta name=\"twitter:label1\" content=\"Dur\u00e9e de lecture estim\u00e9e\" \/>\n\t<meta name=\"twitter:data1\" content=\"2 minutes\" \/>\n<!-- \/ Yoast SEO Premium plugin. -->","yoast_head_json":{"title":"Carte Aquarelle d'Engagement - Positive Prints","description":"Rendez l'engagement de vos proches inoubliable avec notre Carte d'Engagement \u00e0 l'Aquarelle. C'est le moyen parfait de c\u00e9l\u00e9brer leur histoire d'amour.","robots":{"index":"index","follow":"follow","max-snippet":"max-snippet:-1","max-image-preview":"max-image-preview:large","max-video-preview":"max-video-preview:-1"},"canonical":"https:\/\/positiveprints.com\/fr\/produit\/carte-aquarelle-dengagement\/","og_locale":"fr_FR","og_type":"article","og_title":"Carte Aquarelle d'Engagement","og_description":"Cr\u00e9ez un souvenir durable d'un moment et d'un lieu uniques  Marquer un endroit sp\u00e9cial avec un symbole choisi  Personnalisez en 3 \u00e9tapes simples  Incluez un texte personnalis\u00e9 significatif  Vois le r\u00e9sultat imm\u00e9diatement \u2013 l\u2019aper\u00e7u interactif te permet de peaufiner chaque d\u00e9tail","og_url":"https:\/\/positiveprints.com\/fr\/produit\/carte-aquarelle-dengagement\/","og_site_name":"Positive Prints","article_publisher":"https:\/\/www.facebook.com\/positiveprintscom","article_modified_time":"2026-04-12T19:58:27+00:00","og_image":[{"width":1080,"height":1080,"url":"https:\/\/positiveprints.com\/wp-content\/uploads\/2024\/05\/Carte-Aquarelle-dEngagement.jpg","type":"image\/jpeg"}],"twitter_card":"summary_large_image","twitter_misc":{"Dur\u00e9e de lecture estim\u00e9e":"2 minutes"},"schema":{"@context":"https:\/\/schema.org","@graph":[{"@type":["WebPage","ItemPage"],"@id":"https:\/\/positiveprints.com\/fr\/produit\/carte-aquarelle-dengagement\/","url":"https:\/\/positiveprints.com\/fr\/produit\/carte-aquarelle-dengagement\/","name":"Carte Aquarelle d'Engagement - Positive Prints","isPartOf":{"@id":"https:\/\/positiveprints.com\/fr\/#website"},"primaryImageOfPage":{"@id":"https:\/\/positiveprints.com\/fr\/produit\/carte-aquarelle-dengagement\/#primaryimage"},"image":{"@id":"https:\/\/positiveprints.com\/fr\/produit\/carte-aquarelle-dengagement\/#primaryimage"},"thumbnailUrl":"https:\/\/positiveprints.com\/wp-content\/uploads\/2024\/05\/Carte-Aquarelle-dEngagement.jpg","datePublished":"2024-05-21T13:48:50+00:00","dateModified":"2026-04-12T19:58:27+00:00","description":"Rendez l'engagement de vos proches inoubliable avec notre Carte d'Engagement \u00e0 l'Aquarelle. C'est le moyen parfait de c\u00e9l\u00e9brer leur histoire d'amour.","breadcrumb":{"@id":"https:\/\/positiveprints.com\/fr\/produit\/carte-aquarelle-dengagement\/#breadcrumb"},"inLanguage":"fr-FR","potentialAction":[{"@type":"ReadAction","target":["https:\/\/positiveprints.com\/fr\/produit\/carte-aquarelle-dengagement\/"]}]},{"@type":"ImageObject","inLanguage":"fr-FR","@id":"https:\/\/positiveprints.com\/fr\/produit\/carte-aquarelle-dengagement\/#primaryimage","url":"https:\/\/positiveprints.com\/wp-content\/uploads\/2024\/05\/Carte-Aquarelle-dEngagement.jpg","contentUrl":"https:\/\/positiveprints.com\/wp-content\/uploads\/2024\/05\/Carte-Aquarelle-dEngagement.jpg","width":1080,"height":1080},{"@type":"BreadcrumbList","@id":"https:\/\/positiveprints.com\/fr\/produit\/carte-aquarelle-dengagement\/#breadcrumb","itemListElement":[{"@type":"ListItem","position":1,"name":"Home","item":"https:\/\/positiveprints.com\/fr\/"},{"@type":"ListItem","position":2,"name":"Produits","item":"https:\/\/positiveprints.com\/fr\/shop\/"},{"@type":"ListItem","position":3,"name":"Carte Aquarelle d&#8217;Engagement"}]},{"@type":"WebSite","@id":"https:\/\/positiveprints.com\/fr\/#website","url":"https:\/\/positiveprints.com\/fr\/","name":"Positive Prints","description":"Amazing Custom Personalized Gifts","publisher":{"@id":"https:\/\/positiveprints.com\/fr\/#organization"},"potentialAction":[{"@type":"SearchAction","target":{"@type":"EntryPoint","urlTemplate":"https:\/\/positiveprints.com\/fr\/?s={search_term_string}"},"query-input":{"@type":"PropertyValueSpecification","valueRequired":true,"valueName":"search_term_string"}}],"inLanguage":"fr-FR"},{"@type":"Organization","@id":"https:\/\/positiveprints.com\/fr\/#organization","name":"Positive Prints","alternateName":"Positive Prints","url":"https:\/\/positiveprints.com\/fr\/","logo":{"@type":"ImageObject","inLanguage":"fr-FR","@id":"https:\/\/positiveprints.com\/fr\/#\/schema\/logo\/image\/","url":"https:\/\/positiveprints.com\/wp-content\/uploads\/2026\/03\/245815646_1337939713319158_5671353136411139666_n.png","contentUrl":"https:\/\/positiveprints.com\/wp-content\/uploads\/2026\/03\/245815646_1337939713319158_5671353136411139666_n.png","width":800,"height":800,"caption":"Positive Prints"},"image":{"@id":"https:\/\/positiveprints.com\/fr\/#\/schema\/logo\/image\/"},"sameAs":["https:\/\/www.facebook.com\/positiveprintscom","https:\/\/www.instagram.com\/positiveprintscom\/","https:\/\/www.tiktok.com\/@positiveprintscom","https:\/\/www.pinterest.com\/positiveprintscom\/"]}]}},"jetpack_sharing_enabled":true,"_links":{"self":[{"href":"https:\/\/positiveprints.com\/fr\/wp-json\/wp\/v2\/product\/1118504","targetHints":{"allow":["GET"]}}],"collection":[{"href":"https:\/\/positiveprints.com\/fr\/wp-json\/wp\/v2\/product"}],"about":[{"href":"https:\/\/positiveprints.com\/fr\/wp-json\/wp\/v2\/types\/product"}],"wp:featuredmedia":[{"embeddable":true,"href":"https:\/\/positiveprints.com\/fr\/wp-json\/wp\/v2\/media\/1120606"}],"wp:attachment":[{"href":"https:\/\/positiveprints.com\/fr\/wp-json\/wp\/v2\/media?parent=1118504"}],"wp:term":[{"taxonomy":"product_brand","embeddable":true,"href":"https:\/\/positiveprints.com\/fr\/wp-json\/wp\/v2\/product_brand?post=1118504"},{"taxonomy":"product_cat","embeddable":true,"href":"https:\/\/positiveprints.com\/fr\/wp-json\/wp\/v2\/product_cat?post=1118504"},{"taxonomy":"product_tag","embeddable":true,"href":"https:\/\/positiveprints.com\/fr\/wp-json\/wp\/v2\/product_tag?post=1118504"}],"curies":[{"name":"wp","href":"https:\/\/api.w.org\/{rel}","templated":true}]}}