{"id":1118498,"date":"2023-11-23T08:57:42","date_gmt":"2023-11-23T07:57:42","guid":{"rendered":"https:\/\/positiveprints.com\/?post_type=product&#038;p=1118498"},"modified":"2026-04-12T21:25:46","modified_gmt":"2026-04-12T20:25:46","slug":"dessin-au-trait-danimal-de-compagnie","status":"publish","type":"product","link":"https:\/\/positiveprints.com\/fr\/produit\/dessin-au-trait-danimal-de-compagnie\/","title":{"rendered":"Dessin au Trait d&#8217;Animal de Compagnie"},"content":{"rendered":"<p>C\u00e9l\u00e9brez l&#8217;amour inconditionnel de votre ami \u00e0 quatre pattes avec notre charmant Dessin au Trait d&#8217;Animal de Compagnie. Transformez une photo ch\u00e9rie de votre animal de compagnie en une \u0153uvre d&#8217;art personnalis\u00e9e intemporelle qui capture sa personnalit\u00e9 unique. Nos artistes qualifi\u00e9s dessineront d\u00e9licatement chaque d\u00e9tail, cr\u00e9ant une repr\u00e9sentation unique en son genre qui refl\u00e8te la joie et la compagnie que votre animal de compagnie apporte. Choisissez votre style et vos couleurs pr\u00e9f\u00e9r\u00e9s, t\u00e9l\u00e9chargez votre photo sp\u00e9ciale d&#8217;animal de compagnie et ajoutez une touche personnelle avec un message sinc\u00e8re. Cr\u00e9ez un souvenir significatif qui symbolise le lien sp\u00e9cial entre vous et votre animal de compagnie bien-aim\u00e9.<\/p>\r\n\r\n<h2>Un Processus Simple en Trois \u00c9tapes :<\/h2>\r\n\r\n<ol>\r\n<li><strong>Choisissez Votre Style et Vos Couleurs :<\/strong>\r\n<p>S\u00e9lectionnez le style et les couleurs qui capturent la personnalit\u00e9 et l&#8217;unicit\u00e9 de votre animal de compagnie bien-aim\u00e9.<\/p><\/li>\r\n\r\n<li><strong>T\u00e9l\u00e9chargez Votre Photo Sp\u00e9ciale d&#8217;Animal de Compagnie :<\/strong>\r\n<p>Partagez une photo qui met en valeur la joie et la compagnie que votre animal de compagnie apporte. Nos artistes dessineront m\u00e9ticuleusement l&#8217;\u0153uvre, en veillant \u00e0 ce qu&#8217;elle refl\u00e8te l&#8217;individualit\u00e9 de votre ami \u00e0 fourrure.<\/p><\/li>\r\n\r\n<li><strong>Ajoutez un Message Personnalis\u00e9 et Finalisez :<\/strong>\r\n<p>Am\u00e9liorez votre Dessin au Trait d&#8217;Animal de Compagnie avec un message sinc\u00e8re. Apr\u00e8s le paiement, notre \u00e9quipe de support Positive Prints vous contactera pour confirmer votre commande. Une fois l&#8217;\u0153uvre pr\u00eate, vous recevrez un e-mail pour examiner et accepter le design final. Votre satisfaction est importante, alors n&#8217;h\u00e9sitez pas \u00e0 demander des modifications jusqu&#8217;\u00e0 deux fois. Apr\u00e8s votre approbation finale, l&#8217;\u0153uvre sera envoy\u00e9e pour impression et livraison, cr\u00e9ant un hommage durable \u00e0 votre animal de compagnie bien-aim\u00e9.<\/p><\/li>\r\n<\/ol>\r\n<h2>Cr\u00e9ez un Souvenir Durable avec le Dessin au Trait d&#8217;Animal de Compagnie<\/h2>\r\n\r\n<p>Le Dessin au Trait d&#8217;Animal de Compagnie est une fa\u00e7on unique d&#8217;exprimer votre amour pour votre ami \u00e0 quatre pattes et de cr\u00e9er un souvenir durable. Commandez d\u00e8s maintenant votre <a href=\"https:\/\/positiveprints.com\/fr\/produit\/dessin-au-trait-personnalisable\/\">Dessin au Trait Personnalisable<\/a> et comm\u00e9morez le lien sp\u00e9cial que vous partagez avec un chef-d&#8217;\u0153uvre personnalis\u00e9 qui capture l&#8217;essence de votre animal de compagnie.<\/p>","protected":false},"excerpt":{"rendered":"<ul class=\"check-list\">\n<li>Laissez nos artistes transformer une photo ch\u00e9rie de votre animal de compagnie en une \u0153uvre d&#8217;art personnalis\u00e9e intemporelle<\/li>\n<li>Il sera dessin\u00e9 et livr\u00e9 dans votre bo\u00eete de r\u00e9ception \u00e9lectronique dans un d\u00e9lai de seulement 2 \u00e0 3 jours ouvrables<\/li>\n<li>Personnalisez-l\u00e0 en 3 \u00e9tapes simples<\/li>\n<li>Choisissez un mod\u00e8le ou faites preuve de cr\u00e9ativit\u00e9<\/li>\n<li>2 r\u00e9visions disponibles \u00e0 votre demande<\/li>\n<\/ul>\n","protected":false},"featured_media":1355953,"template":"","meta":[],"product_brand":[],"product_cat":[9177,104,8006,7685,7893],"product_tag":[15627,15392,13898,13901,13902,13899,13904,16105,16106,16108,8689,16107,13903],"class_list":{"0":"post-1118498","1":"product","2":"type-product","3":"status-publish","4":"has-post-thumbnail","6":"product_cat-line-art-fr","7":"product_cat-tous-les-produits","8":"product_cat-cadeaux-pour-hommes","9":"product_cat-cadeaux-pour-femmes","10":"product_cat-cadeaux-pour-amoureux-des-chiens","11":"product_tag-animals-fr","12":"product_tag-animaux","13":"product_tag-cadeaux-personnalises-pour-chiens","14":"product_tag-cadeaux-pour-amoureux-des-chiens","15":"product_tag-cadeaux-pour-maman-chien","16":"product_tag-cadeaux-pour-papa-chien","17":"product_tag-cadeaux-pour-proprietaires-de-chiens","18":"product_tag-custom-dog-gifts-fr","19":"product_tag-dog-mom-gifts-fr","20":"product_tag-dog-owner-fr","21":"product_tag-dog-lovers-fr","22":"product_tag-gifts-for-dog-owners-fr","23":"product_tag-proprietaire-de-chien","25":"first","26":"instock","27":"sale","28":"taxable","29":"shipping-taxable","30":"purchasable","31":"product-type-variable"},"yoast_head":"<!-- This site is optimized with the Yoast SEO Premium plugin v27.2 (Yoast SEO v27.2) - https:\/\/yoast.com\/product\/yoast-seo-premium-wordpress\/ -->\n<title>Dessin au Trait d&#039;Animal de Compagnie - Positive Prints<\/title>\n<meta name=\"description\" content=\"L&#039;Art de Dessin au Trait d&#039;Animal de Compagnie Personnalis\u00e9e est une mani\u00e8re unique d&#039;exprimer votre amour pour votre ami \u00e0 quatre pattes et de cr\u00e9er un souvenir durable.\" \/>\n<meta name=\"robots\" content=\"index, follow, max-snippet:-1, max-image-preview:large, max-video-preview:-1\" \/>\n<link rel=\"canonical\" href=\"https:\/\/positiveprints.com\/fr\/produit\/dessin-au-trait-danimal-de-compagnie\/\" \/>\n<meta property=\"og:locale\" content=\"fr_FR\" \/>\n<meta property=\"og:type\" content=\"article\" \/>\n<meta property=\"og:title\" content=\"Dessin au Trait d&#039;Animal de Compagnie\" \/>\n<meta property=\"og:description\" content=\"Laissez nos artistes transformer une photo ch\u00e9rie de votre animal de compagnie en une \u0153uvre d&#039;art personnalis\u00e9e intemporelle  Il sera dessin\u00e9 et livr\u00e9 dans votre bo\u00eete de r\u00e9ception \u00e9lectronique dans un d\u00e9lai de seulement 2 \u00e0 3 jours ouvrables  Personnalisez-l\u00e0 en 3 \u00e9tapes simples  Choisissez un mod\u00e8le ou faites preuve de cr\u00e9ativit\u00e9  2 r\u00e9visions disponibles \u00e0 votre demande\" \/>\n<meta property=\"og:url\" content=\"https:\/\/positiveprints.com\/fr\/produit\/dessin-au-trait-danimal-de-compagnie\/\" \/>\n<meta property=\"og:site_name\" content=\"Positive Prints\" \/>\n<meta property=\"article:publisher\" content=\"https:\/\/www.facebook.com\/positiveprintscom\" \/>\n<meta property=\"article:modified_time\" content=\"2026-04-12T20:25:46+00:00\" \/>\n<meta property=\"og:image\" content=\"https:\/\/positiveprints.com\/wp-content\/uploads\/2025\/02\/Pet-Line-Art-1.webp\" \/>\n\t<meta property=\"og:image:width\" content=\"1450\" \/>\n\t<meta property=\"og:image:height\" content=\"1450\" \/>\n\t<meta property=\"og:image:type\" content=\"image\/webp\" \/>\n<meta name=\"twitter:card\" content=\"summary_large_image\" \/>\n<!-- \/ Yoast SEO Premium plugin. -->","yoast_head_json":{"title":"Dessin au Trait d'Animal de Compagnie - Positive Prints","description":"L'Art de Dessin au Trait d'Animal de Compagnie Personnalis\u00e9e est une mani\u00e8re unique d'exprimer votre amour pour votre ami \u00e0 quatre pattes et de cr\u00e9er un souvenir durable.","robots":{"index":"index","follow":"follow","max-snippet":"max-snippet:-1","max-image-preview":"max-image-preview:large","max-video-preview":"max-video-preview:-1"},"canonical":"https:\/\/positiveprints.com\/fr\/produit\/dessin-au-trait-danimal-de-compagnie\/","og_locale":"fr_FR","og_type":"article","og_title":"Dessin au Trait d'Animal de Compagnie","og_description":"Laissez nos artistes transformer une photo ch\u00e9rie de votre animal de compagnie en une \u0153uvre d'art personnalis\u00e9e intemporelle  Il sera dessin\u00e9 et livr\u00e9 dans votre bo\u00eete de r\u00e9ception \u00e9lectronique dans un d\u00e9lai de seulement 2 \u00e0 3 jours ouvrables  Personnalisez-l\u00e0 en 3 \u00e9tapes simples  Choisissez un mod\u00e8le ou faites preuve de cr\u00e9ativit\u00e9  2 r\u00e9visions disponibles \u00e0 votre demande","og_url":"https:\/\/positiveprints.com\/fr\/produit\/dessin-au-trait-danimal-de-compagnie\/","og_site_name":"Positive Prints","article_publisher":"https:\/\/www.facebook.com\/positiveprintscom","article_modified_time":"2026-04-12T20:25:46+00:00","og_image":[{"width":1450,"height":1450,"url":"https:\/\/positiveprints.com\/wp-content\/uploads\/2025\/02\/Pet-Line-Art-1.webp","type":"image\/webp"}],"twitter_card":"summary_large_image","schema":{"@context":"https:\/\/schema.org","@graph":[{"@type":["WebPage","ItemPage"],"@id":"https:\/\/positiveprints.com\/fr\/produit\/dessin-au-trait-danimal-de-compagnie\/","url":"https:\/\/positiveprints.com\/fr\/produit\/dessin-au-trait-danimal-de-compagnie\/","name":"Dessin au Trait d'Animal de Compagnie - Positive Prints","isPartOf":{"@id":"https:\/\/positiveprints.com\/fr\/#website"},"primaryImageOfPage":{"@id":"https:\/\/positiveprints.com\/fr\/produit\/dessin-au-trait-danimal-de-compagnie\/#primaryimage"},"image":{"@id":"https:\/\/positiveprints.com\/fr\/produit\/dessin-au-trait-danimal-de-compagnie\/#primaryimage"},"thumbnailUrl":"https:\/\/positiveprints.com\/wp-content\/uploads\/2025\/02\/Pet-Line-Art-1.webp","datePublished":"2023-11-23T07:57:42+00:00","dateModified":"2026-04-12T20:25:46+00:00","description":"L'Art de Dessin au Trait d'Animal de Compagnie Personnalis\u00e9e est une mani\u00e8re unique d'exprimer votre amour pour votre ami \u00e0 quatre pattes et de cr\u00e9er un souvenir durable.","breadcrumb":{"@id":"https:\/\/positiveprints.com\/fr\/produit\/dessin-au-trait-danimal-de-compagnie\/#breadcrumb"},"inLanguage":"fr-FR","potentialAction":[{"@type":"ReadAction","target":["https:\/\/positiveprints.com\/fr\/produit\/dessin-au-trait-danimal-de-compagnie\/"]}]},{"@type":"ImageObject","inLanguage":"fr-FR","@id":"https:\/\/positiveprints.com\/fr\/produit\/dessin-au-trait-danimal-de-compagnie\/#primaryimage","url":"https:\/\/positiveprints.com\/wp-content\/uploads\/2025\/02\/Pet-Line-Art-1.webp","contentUrl":"https:\/\/positiveprints.com\/wp-content\/uploads\/2025\/02\/Pet-Line-Art-1.webp","width":1450,"height":1450},{"@type":"BreadcrumbList","@id":"https:\/\/positiveprints.com\/fr\/produit\/dessin-au-trait-danimal-de-compagnie\/#breadcrumb","itemListElement":[{"@type":"ListItem","position":1,"name":"Home","item":"https:\/\/positiveprints.com\/fr\/"},{"@type":"ListItem","position":2,"name":"Produits","item":"https:\/\/positiveprints.com\/fr\/shop\/"},{"@type":"ListItem","position":3,"name":"Dessin au Trait d&#8217;Animal de Compagnie"}]},{"@type":"WebSite","@id":"https:\/\/positiveprints.com\/fr\/#website","url":"https:\/\/positiveprints.com\/fr\/","name":"Positive Prints","description":"Amazing Custom Personalized Gifts","publisher":{"@id":"https:\/\/positiveprints.com\/fr\/#organization"},"potentialAction":[{"@type":"SearchAction","target":{"@type":"EntryPoint","urlTemplate":"https:\/\/positiveprints.com\/fr\/?s={search_term_string}"},"query-input":{"@type":"PropertyValueSpecification","valueRequired":true,"valueName":"search_term_string"}}],"inLanguage":"fr-FR"},{"@type":"Organization","@id":"https:\/\/positiveprints.com\/fr\/#organization","name":"Positive Prints","alternateName":"Positive Prints","url":"https:\/\/positiveprints.com\/fr\/","logo":{"@type":"ImageObject","inLanguage":"fr-FR","@id":"https:\/\/positiveprints.com\/fr\/#\/schema\/logo\/image\/","url":"https:\/\/positiveprints.com\/wp-content\/uploads\/2026\/03\/245815646_1337939713319158_5671353136411139666_n.png","contentUrl":"https:\/\/positiveprints.com\/wp-content\/uploads\/2026\/03\/245815646_1337939713319158_5671353136411139666_n.png","width":800,"height":800,"caption":"Positive Prints"},"image":{"@id":"https:\/\/positiveprints.com\/fr\/#\/schema\/logo\/image\/"},"sameAs":["https:\/\/www.facebook.com\/positiveprintscom","https:\/\/www.instagram.com\/positiveprintscom\/","https:\/\/www.tiktok.com\/@positiveprintscom","https:\/\/www.pinterest.com\/positiveprintscom\/"]}]}},"jetpack_sharing_enabled":true,"_links":{"self":[{"href":"https:\/\/positiveprints.com\/fr\/wp-json\/wp\/v2\/product\/1118498","targetHints":{"allow":["GET"]}}],"collection":[{"href":"https:\/\/positiveprints.com\/fr\/wp-json\/wp\/v2\/product"}],"about":[{"href":"https:\/\/positiveprints.com\/fr\/wp-json\/wp\/v2\/types\/product"}],"wp:featuredmedia":[{"embeddable":true,"href":"https:\/\/positiveprints.com\/fr\/wp-json\/wp\/v2\/media\/1355953"}],"wp:attachment":[{"href":"https:\/\/positiveprints.com\/fr\/wp-json\/wp\/v2\/media?parent=1118498"}],"wp:term":[{"taxonomy":"product_brand","embeddable":true,"href":"https:\/\/positiveprints.com\/fr\/wp-json\/wp\/v2\/product_brand?post=1118498"},{"taxonomy":"product_cat","embeddable":true,"href":"https:\/\/positiveprints.com\/fr\/wp-json\/wp\/v2\/product_cat?post=1118498"},{"taxonomy":"product_tag","embeddable":true,"href":"https:\/\/positiveprints.com\/fr\/wp-json\/wp\/v2\/product_tag?post=1118498"}],"curies":[{"name":"wp","href":"https:\/\/api.w.org\/{rel}","templated":true}]}}