{"id":1118478,"date":"2023-11-23T10:54:34","date_gmt":"2023-11-23T09:54:34","guid":{"rendered":"https:\/\/positiveprints.com\/?post_type=product&#038;p=1118478"},"modified":"2026-04-18T04:47:47","modified_gmt":"2026-04-18T03:47:47","slug":"dessin-au-trait-de-maison","status":"publish","type":"product","link":"https:\/\/positiveprints.com\/fr\/produit\/dessin-au-trait-de-maison\/","title":{"rendered":"Dessin Trac\u00e9 de Maison Personnalis\u00e9"},"content":{"rendered":"<p>C\u00e9l\u00e9brez la chaleur et les souvenirs de votre maison avec notre charmant Dessin au Trait de Maison. Transformez une photo de votre maison ch\u00e9rie en une \u0153uvre d&#8217;art personnalis\u00e9e intemporelle qui capture le charme unique et le caract\u00e8re de votre espace de vie. Nos artistes qualifi\u00e9s dessineront d\u00e9licatement chaque d\u00e9tail, cr\u00e9ant une repr\u00e9sentation unique en son genre qui refl\u00e8te l&#8217;amour et le confort que votre maison offre. Choisissez votre style et vos couleurs pr\u00e9f\u00e9r\u00e9s, t\u00e9l\u00e9chargez une photo de votre maison sp\u00e9ciale et ajoutez une touche personnelle avec un message sinc\u00e8re. Cr\u00e9ez un souvenir significatif qui symbolise l&#8217;endroit o\u00f9 d&#8217;innombrables souvenirs sont cr\u00e9\u00e9s.<\/p>\r\n\r\n<ol>\r\n<h2>Un Processus en Trois \u00c9tapes Simples :<\/h2>\r\n\r\n<li><strong>Choisissez Votre Style et Vos Couleurs :<\/strong>\r\n<p>S\u00e9lectionnez le style et les couleurs qui capturent le charme unique et le caract\u00e8re de votre maison bien-aim\u00e9e.<\/p><\/li>\r\n\r\n<li><strong>T\u00e9l\u00e9chargez une Photo de Votre Maison Sp\u00e9ciale :<\/strong>\r\n<p>Partagez une photo qui illustre la chaleur et les souvenirs que votre maison contient. Nos artistes dessineront m\u00e9ticuleusement l&#8217;\u0153uvre, s&#8217;assurant qu&#8217;elle refl\u00e8te l&#8217;amour et le confort que votre maison offre.<\/p><\/li>\r\n\r\n<li><strong>Ajoutez un Message Personnalis\u00e9 et Finalisez :<\/strong>\r\n<p>Enrichissez votre Dessin au Trait de Maison avec un message sinc\u00e8re. Apr\u00e8s le paiement, notre \u00e9quipe de support Positive Prints prendra contact pour confirmer votre commande. Une fois l&#8217;\u0153uvre pr\u00eate, vous recevrez un e-mail pour examiner et accepter le design final. Votre satisfaction est importante, alors n&#8217;h\u00e9sitez pas \u00e0 demander des modifications jusqu&#8217;\u00e0 deux fois. Apr\u00e8s votre approbation finale, l&#8217;\u0153uvre sera envoy\u00e9e pour impression et livraison, cr\u00e9ant un hommage durable \u00e0 votre maison ch\u00e9rie.<\/p><\/li>\r\n\r\n<\/ol>\r\n\r\n<h2>C\u00e9l\u00e9brez La Chaleur et Les Souvenirs avec le Dessin au Trait de Maison<\/h2>\r\n\r\n<p>Le Dessin au Trait de Maison est un cadeau de <a href=\"https:\/\/positiveprints.com\/fr\/cadeaux-de-pendaison-de-cremaillere\/\">pendaison de cr\u00e9maill\u00e8re<\/a> unique, une c\u00e9l\u00e9bration de la chaleur et des souvenirs qu&#8217;une maison contient. C&#8217;est une mani\u00e8re unique d&#8217;exprimer l&#8217;amour pour son espace de vie. Commandez d\u00e8s maintenant votre Dessin au Trait de Maison et comm\u00e9morez l&#8217;endroit sp\u00e9cial o\u00f9 d&#8217;innombrables souvenirs sont cr\u00e9\u00e9s avec un chef-d&#8217;\u0153uvre personnalis\u00e9 qui capture l&#8217;essence de votre maison.<\/p>","protected":false},"excerpt":{"rendered":"<ul class=\"check-list\">\n<li>Laissez nos artistes dessiner un dessin au trait unique \u00e0 partir d&#8217;une photo de votre maison<\/li>\n<li>Il sera dessin\u00e9 et livr\u00e9 dans votre bo\u00eete de r\u00e9ception \u00e9lectronique dans un d\u00e9lai de seulement 2 \u00e0 3 jours ouvrables<\/li>\n<li>Personnalisez-le en 3 \u00e9tapes simples<\/li>\n<li>Choisissez un mod\u00e8le ou faites preuve de cr\u00e9ativit\u00e9<\/li>\n<li>2 r\u00e9visions disponibles \u00e0 votre demande<\/li>\n<\/ul>\n","protected":false},"featured_media":1558303,"template":"","meta":[],"product_brand":[],"product_cat":[9177,9760,104,5290,8006,7685,7845],"product_tag":[14860],"class_list":{"0":"post-1118478","1":"product","2":"type-product","3":"status-publish","4":"has-post-thumbnail","6":"product_cat-line-art-fr","7":"product_cat-trending-label-fr","8":"product_cat-tous-les-produits","9":"product_cat-cadeaux-de-pendaison-de-cremaillere","10":"product_cat-cadeaux-pour-hommes","11":"product_cat-cadeaux-pour-femmes","12":"product_cat-cadeaux-pour-la-famille","13":"product_tag-housewarming-fr-2","15":"first","16":"instock","17":"sale","18":"taxable","19":"shipping-taxable","20":"purchasable","21":"product-type-variable"},"yoast_head":"<!-- This site is optimized with the Yoast SEO Premium plugin v27.2 (Yoast SEO v27.2) - https:\/\/yoast.com\/product\/yoast-seo-premium-wordpress\/ -->\n<title>Dessin Trac\u00e9 de Maison Personnalis\u00e9 - Positive Prints<\/title>\n<meta name=\"description\" content=\"Commandez d\u00e8s maintenant le Dessin au Trait de Maison et comm\u00e9morez l&#039;endroit o\u00f9 d&#039;innombrables souvenirs sont cr\u00e9\u00e9s avec un chef-d&#039;\u0153uvre personnalis\u00e9 qui capture l&#039;essence de votre domicile.\" \/>\n<meta name=\"robots\" content=\"index, follow, max-snippet:-1, max-image-preview:large, max-video-preview:-1\" \/>\n<link rel=\"canonical\" href=\"https:\/\/positiveprints.com\/fr\/produit\/dessin-au-trait-de-maison\/\" \/>\n<meta property=\"og:locale\" content=\"fr_FR\" \/>\n<meta property=\"og:type\" content=\"article\" \/>\n<meta property=\"og:title\" content=\"Dessin Trac\u00e9 de Maison Personnalis\u00e9\" \/>\n<meta property=\"og:description\" content=\"Laissez nos artistes dessiner un dessin au trait unique \u00e0 partir d&#039;une photo de votre maison  Il sera dessin\u00e9 et livr\u00e9 dans votre bo\u00eete de r\u00e9ception \u00e9lectronique dans un d\u00e9lai de seulement 2 \u00e0 3 jours ouvrables  Personnalisez-le en 3 \u00e9tapes simples  Choisissez un mod\u00e8le ou faites preuve de cr\u00e9ativit\u00e9  2 r\u00e9visions disponibles \u00e0 votre demande\" \/>\n<meta property=\"og:url\" content=\"https:\/\/positiveprints.com\/fr\/produit\/dessin-au-trait-de-maison\/\" \/>\n<meta property=\"og:site_name\" content=\"Positive Prints\" \/>\n<meta property=\"article:publisher\" content=\"https:\/\/www.facebook.com\/positiveprintscom\" \/>\n<meta property=\"article:modified_time\" content=\"2026-04-18T03:47:47+00:00\" \/>\n<meta property=\"og:image\" content=\"https:\/\/positiveprints.com\/wp-content\/uploads\/2025\/02\/House-Line-Art-1.webp\" \/>\n\t<meta property=\"og:image:width\" content=\"1450\" \/>\n\t<meta property=\"og:image:height\" content=\"1450\" \/>\n\t<meta property=\"og:image:type\" content=\"image\/webp\" \/>\n<meta name=\"twitter:card\" content=\"summary_large_image\" \/>\n<meta name=\"twitter:label1\" content=\"Dur\u00e9e de lecture estim\u00e9e\" \/>\n\t<meta name=\"twitter:data1\" content=\"2 minutes\" \/>\n<!-- \/ Yoast SEO Premium plugin. -->","yoast_head_json":{"title":"Dessin Trac\u00e9 de Maison Personnalis\u00e9 - Positive Prints","description":"Commandez d\u00e8s maintenant le Dessin au Trait de Maison et comm\u00e9morez l'endroit o\u00f9 d'innombrables souvenirs sont cr\u00e9\u00e9s avec un chef-d'\u0153uvre personnalis\u00e9 qui capture l'essence de votre domicile.","robots":{"index":"index","follow":"follow","max-snippet":"max-snippet:-1","max-image-preview":"max-image-preview:large","max-video-preview":"max-video-preview:-1"},"canonical":"https:\/\/positiveprints.com\/fr\/produit\/dessin-au-trait-de-maison\/","og_locale":"fr_FR","og_type":"article","og_title":"Dessin Trac\u00e9 de Maison Personnalis\u00e9","og_description":"Laissez nos artistes dessiner un dessin au trait unique \u00e0 partir d'une photo de votre maison  Il sera dessin\u00e9 et livr\u00e9 dans votre bo\u00eete de r\u00e9ception \u00e9lectronique dans un d\u00e9lai de seulement 2 \u00e0 3 jours ouvrables  Personnalisez-le en 3 \u00e9tapes simples  Choisissez un mod\u00e8le ou faites preuve de cr\u00e9ativit\u00e9  2 r\u00e9visions disponibles \u00e0 votre demande","og_url":"https:\/\/positiveprints.com\/fr\/produit\/dessin-au-trait-de-maison\/","og_site_name":"Positive Prints","article_publisher":"https:\/\/www.facebook.com\/positiveprintscom","article_modified_time":"2026-04-18T03:47:47+00:00","og_image":[{"width":1450,"height":1450,"url":"https:\/\/positiveprints.com\/wp-content\/uploads\/2025\/02\/House-Line-Art-1.webp","type":"image\/webp"}],"twitter_card":"summary_large_image","twitter_misc":{"Dur\u00e9e de lecture estim\u00e9e":"2 minutes"},"schema":{"@context":"https:\/\/schema.org","@graph":[{"@type":["WebPage","ItemPage"],"@id":"https:\/\/positiveprints.com\/fr\/produit\/dessin-au-trait-de-maison\/","url":"https:\/\/positiveprints.com\/fr\/produit\/dessin-au-trait-de-maison\/","name":"Dessin Trac\u00e9 de Maison Personnalis\u00e9 - Positive Prints","isPartOf":{"@id":"https:\/\/positiveprints.com\/fr\/#website"},"primaryImageOfPage":{"@id":"https:\/\/positiveprints.com\/fr\/produit\/dessin-au-trait-de-maison\/#primaryimage"},"image":{"@id":"https:\/\/positiveprints.com\/fr\/produit\/dessin-au-trait-de-maison\/#primaryimage"},"thumbnailUrl":"https:\/\/positiveprints.com\/wp-content\/uploads\/2025\/10\/Dessin-Trace-de-Maison-Personnalise.webp","datePublished":"2023-11-23T09:54:34+00:00","dateModified":"2026-04-18T03:47:47+00:00","description":"Commandez d\u00e8s maintenant le Dessin au Trait de Maison et comm\u00e9morez l'endroit o\u00f9 d'innombrables souvenirs sont cr\u00e9\u00e9s avec un chef-d'\u0153uvre personnalis\u00e9 qui capture l'essence de votre domicile.","breadcrumb":{"@id":"https:\/\/positiveprints.com\/fr\/produit\/dessin-au-trait-de-maison\/#breadcrumb"},"inLanguage":"fr-FR","potentialAction":[{"@type":"ReadAction","target":["https:\/\/positiveprints.com\/fr\/produit\/dessin-au-trait-de-maison\/"]}]},{"@type":"ImageObject","inLanguage":"fr-FR","@id":"https:\/\/positiveprints.com\/fr\/produit\/dessin-au-trait-de-maison\/#primaryimage","url":"https:\/\/positiveprints.com\/wp-content\/uploads\/2025\/10\/Dessin-Trace-de-Maison-Personnalise.webp","contentUrl":"https:\/\/positiveprints.com\/wp-content\/uploads\/2025\/10\/Dessin-Trace-de-Maison-Personnalise.webp","width":1450,"height":1450},{"@type":"BreadcrumbList","@id":"https:\/\/positiveprints.com\/fr\/produit\/dessin-au-trait-de-maison\/#breadcrumb","itemListElement":[{"@type":"ListItem","position":1,"name":"Home","item":"https:\/\/positiveprints.com\/fr\/"},{"@type":"ListItem","position":2,"name":"Produits","item":"https:\/\/positiveprints.com\/fr\/shop\/"},{"@type":"ListItem","position":3,"name":"Dessin Trac\u00e9 de Maison Personnalis\u00e9"}]},{"@type":"WebSite","@id":"https:\/\/positiveprints.com\/fr\/#website","url":"https:\/\/positiveprints.com\/fr\/","name":"Positive Prints","description":"Amazing Custom Personalized Gifts","publisher":{"@id":"https:\/\/positiveprints.com\/fr\/#organization"},"potentialAction":[{"@type":"SearchAction","target":{"@type":"EntryPoint","urlTemplate":"https:\/\/positiveprints.com\/fr\/?s={search_term_string}"},"query-input":{"@type":"PropertyValueSpecification","valueRequired":true,"valueName":"search_term_string"}}],"inLanguage":"fr-FR"},{"@type":"Organization","@id":"https:\/\/positiveprints.com\/fr\/#organization","name":"Positive Prints","alternateName":"Positive Prints","url":"https:\/\/positiveprints.com\/fr\/","logo":{"@type":"ImageObject","inLanguage":"fr-FR","@id":"https:\/\/positiveprints.com\/fr\/#\/schema\/logo\/image\/","url":"https:\/\/positiveprints.com\/wp-content\/uploads\/2026\/03\/245815646_1337939713319158_5671353136411139666_n.png","contentUrl":"https:\/\/positiveprints.com\/wp-content\/uploads\/2026\/03\/245815646_1337939713319158_5671353136411139666_n.png","width":800,"height":800,"caption":"Positive Prints"},"image":{"@id":"https:\/\/positiveprints.com\/fr\/#\/schema\/logo\/image\/"},"sameAs":["https:\/\/www.facebook.com\/positiveprintscom","https:\/\/www.instagram.com\/positiveprintscom\/","https:\/\/www.tiktok.com\/@positiveprintscom","https:\/\/www.pinterest.com\/positiveprintscom\/"]}]}},"jetpack_sharing_enabled":true,"_links":{"self":[{"href":"https:\/\/positiveprints.com\/fr\/wp-json\/wp\/v2\/product\/1118478","targetHints":{"allow":["GET"]}}],"collection":[{"href":"https:\/\/positiveprints.com\/fr\/wp-json\/wp\/v2\/product"}],"about":[{"href":"https:\/\/positiveprints.com\/fr\/wp-json\/wp\/v2\/types\/product"}],"wp:featuredmedia":[{"embeddable":true,"href":"https:\/\/positiveprints.com\/fr\/wp-json\/wp\/v2\/media\/1558303"}],"wp:attachment":[{"href":"https:\/\/positiveprints.com\/fr\/wp-json\/wp\/v2\/media?parent=1118478"}],"wp:term":[{"taxonomy":"product_brand","embeddable":true,"href":"https:\/\/positiveprints.com\/fr\/wp-json\/wp\/v2\/product_brand?post=1118478"},{"taxonomy":"product_cat","embeddable":true,"href":"https:\/\/positiveprints.com\/fr\/wp-json\/wp\/v2\/product_cat?post=1118478"},{"taxonomy":"product_tag","embeddable":true,"href":"https:\/\/positiveprints.com\/fr\/wp-json\/wp\/v2\/product_tag?post=1118478"}],"curies":[{"name":"wp","href":"https:\/\/api.w.org\/{rel}","templated":true}]}}