{"id":1117278,"date":"2023-11-24T08:59:47","date_gmt":"2023-11-24T07:59:47","guid":{"rendered":"https:\/\/positiveprints.com\/?post_type=product&#038;p=1117278"},"modified":"2026-04-12T21:23:11","modified_gmt":"2026-04-12T20:23:11","slug":"dessin-au-trait-damis","status":"publish","type":"product","link":"https:\/\/positiveprints.com\/fr\/produit\/dessin-au-trait-damis\/","title":{"rendered":"Dessin au Trait d&#8217;Amis"},"content":{"rendered":"<p>C\u00e9l\u00e9brez le lien d&#8217;amiti\u00e9 avec notre ravissant Dessin au Trait d&#8217;Amis. Transformez une photo pr\u00e9cieuse en une \u0153uvre d&#8217;art personnalis\u00e9e intemporelle qui capture la connexion unique et la joie de votre amiti\u00e9. Nos artistes talentueux dessineront d\u00e9licatement chaque d\u00e9tail \u00e0 la main, cr\u00e9ant une repr\u00e9sentation unique qui refl\u00e8te les rires et la camaraderie de votre amiti\u00e9. Choisissez votre style et vos couleurs pr\u00e9f\u00e9r\u00e9s, t\u00e9l\u00e9chargez une photo sp\u00e9ciale avec vos amis et ajoutez une touche personnelle avec un message sinc\u00e8re. Cr\u00e9ez un souvenir significatif qui symbolise le lien durable et les souvenirs partag\u00e9s qui rendent votre amiti\u00e9 sp\u00e9ciale.<\/p>\r\n\r\n<h2>Un processus simple en trois \u00e9tapes :<\/h2>\r\n\r\n<ol>\r\n<li><strong>Choisissez votre style et vos couleurs :<\/strong>\r\n<p>S\u00e9lectionnez le style et les couleurs qui capturent la joie et la camaraderie de votre amiti\u00e9 pr\u00e9cieuse.<\/p><\/li>\r\n\r\n<li><strong>T\u00e9l\u00e9chargez une photo sp\u00e9ciale avec vos amis :<\/strong>\r\n<p>Partagez une photo qui montre les rires et la connexion de votre amiti\u00e9. Nos artistes dessineront m\u00e9ticuleusement l&#8217;\u0153uvre d&#8217;art \u00e0 la main, en veillant \u00e0 ce qu&#8217;elle refl\u00e8te l&#8217;essence unique de votre lien avec vos amis.<\/p><\/li>\r\n\r\n<li><strong>Ajoutez un message personnalis\u00e9 et finalisez :<\/strong>\r\n<p>Am\u00e9liorez votre Dessin au Trait d&#8217;Amis avec un message sinc\u00e8re. Apr\u00e8s le paiement, notre \u00e9quipe de support de Positive Prints vous contactera pour confirmer votre commande. Une fois l&#8217;\u0153uvre d&#8217;art pr\u00eate, vous recevrez un e-mail pour examiner et accepter le design final. Votre satisfaction compte, n&#8217;h\u00e9sitez donc pas \u00e0 demander des modifications jusqu&#8217;\u00e0 deux fois. Apr\u00e8s votre approbation finale, l&#8217;\u0153uvre sera envoy\u00e9e pour impression et livraison, cr\u00e9ant un hommage durable \u00e0 votre amiti\u00e9 pr\u00e9cieuse.<\/p><\/li>\r\n<\/ol>\r\n\r\n<h2>Dessin au Trait d&#8217;Amis: Capturer l&#8217;essence de votre amiti\u00e9<\/h2>\r\n\r\n<p>Dessin au Trait d&#8217;Amis n&#8217;est pas seulement un <a href=\"https:\/\/positiveprints.com\/fr\/cadeaux-pour-amis\/\">cadeau pour les amis<\/a>. C&#8217;est une c\u00e9l\u00e9bration de la joie et de la connexion des amiti\u00e9s. C&#8217;est une fa\u00e7on unique d&#8217;exprimer votre appr\u00e9ciation et de cr\u00e9er un souvenir durable. Commandez votre Dessin au Trait d&#8217;Amis maintenant et honorez le lien sp\u00e9cial entre vous et vos amis avec une \u0153uvre d&#8217;art personnalis\u00e9e qui capture l&#8217;essence de votre amiti\u00e9.<\/p>","protected":false},"excerpt":{"rendered":"<ul class=\"check-list\">\n<li>Laissez nos artistes dessiner un dessin au trait unique \u00e0 partir de votre photo afin que vous puissiez le partager avec vos meilleurs amis<\/li>\n<li>Il sera dessin\u00e9 et livr\u00e9 dans votre bo\u00eete de r\u00e9ception \u00e9lectronique dans un d\u00e9lai de seulement 2 \u00e0 3 jours ouvrables<\/li>\n<li>Personnalisez-l\u00e0 en 3 \u00e9tapes simples<\/li>\n<li>Choisissez un mod\u00e8le ou faites preuve de cr\u00e9ativit\u00e9<\/li>\n<li>2 r\u00e9visions disponibles \u00e0 votre demande<\/li>\n<\/ul>\n","protected":false},"featured_media":1358288,"template":"","meta":[],"product_brand":[],"product_cat":[9274,9177,104,5264,15042,7829],"product_tag":[8626,11867,15176,15223,15177,9383,15178,13475,15218,15179,15216,15217,15221,13487,9376],"class_list":{"0":"post-1117278","1":"product","2":"type-product","3":"status-publish","4":"has-post-thumbnail","6":"product_cat-bestsellers-label-fr","7":"product_cat-line-art-fr","8":"product_cat-tous-les-produits","9":"product_cat-cadeaux-de-noel","10":"product_cat-cadeaux-de-noel-pour-les-amis","11":"product_cat-cadeaux-pour-amis","12":"product_tag-amies","13":"product_tag-amitie","14":"product_tag-best-friend-fr","15":"product_tag-best-friends-fr","16":"product_tag-best-friends-forever-fr","17":"product_tag-besties-fr","18":"product_tag-bff-fr","19":"product_tag-cadeaux-de-noel-pour-les-amis","20":"product_tag-christmas-gifts-for-friends-fr","21":"product_tag-friend-fr","22":"product_tag-friends-fr","23":"product_tag-friendship-fr","24":"product_tag-galentines-day-fr-2","25":"product_tag-galentines-day-fr","26":"product_tag-meilleurs-amis","28":"first","29":"instock","30":"sale","31":"taxable","32":"shipping-taxable","33":"purchasable","34":"product-type-variable"},"yoast_head":"<!-- This site is optimized with the Yoast SEO Premium plugin v27.2 (Yoast SEO v27.2) - https:\/\/yoast.com\/product\/yoast-seo-premium-wordpress\/ -->\n<title>Dessin au Trait d&#039;Amis - Positive Prints<\/title>\n<meta name=\"description\" content=\"Commandez Dessin au Trait d&#039;Amis et honorez le lien sp\u00e9cial entre vous et vos amis avec un chef-d&#039;\u0153uvre personnalis\u00e9 qui capture l&#039;essence de votre amiti\u00e9\" \/>\n<meta name=\"robots\" content=\"index, follow, max-snippet:-1, max-image-preview:large, max-video-preview:-1\" \/>\n<link rel=\"canonical\" href=\"https:\/\/positiveprints.com\/fr\/produit\/dessin-au-trait-damis\/\" \/>\n<meta property=\"og:locale\" content=\"fr_FR\" \/>\n<meta property=\"og:type\" content=\"article\" \/>\n<meta property=\"og:title\" content=\"Dessin au Trait d&#039;Amis\" \/>\n<meta property=\"og:description\" content=\"Laissez nos artistes dessiner un dessin au trait unique \u00e0 partir de votre photo afin que vous puissiez le partager avec vos meilleurs amis  Il sera dessin\u00e9 et livr\u00e9 dans votre bo\u00eete de r\u00e9ception \u00e9lectronique dans un d\u00e9lai de seulement 2 \u00e0 3 jours ouvrables  Personnalisez-l\u00e0 en 3 \u00e9tapes simples  Choisissez un mod\u00e8le ou faites preuve de cr\u00e9ativit\u00e9  2 r\u00e9visions disponibles \u00e0 votre demande\" \/>\n<meta property=\"og:url\" content=\"https:\/\/positiveprints.com\/fr\/produit\/dessin-au-trait-damis\/\" \/>\n<meta property=\"og:site_name\" content=\"Positive Prints\" \/>\n<meta property=\"article:publisher\" content=\"https:\/\/www.facebook.com\/positiveprintscom\" \/>\n<meta property=\"article:modified_time\" content=\"2026-04-12T20:23:11+00:00\" \/>\n<meta property=\"og:image\" content=\"https:\/\/positiveprints.com\/wp-content\/uploads\/2025\/02\/Dessin-au-Trait-dAmis-1.webp\" \/>\n\t<meta property=\"og:image:width\" content=\"1450\" \/>\n\t<meta property=\"og:image:height\" content=\"1450\" \/>\n\t<meta property=\"og:image:type\" content=\"image\/webp\" \/>\n<meta name=\"twitter:card\" content=\"summary_large_image\" \/>\n<meta name=\"twitter:label1\" content=\"Dur\u00e9e de lecture estim\u00e9e\" \/>\n\t<meta name=\"twitter:data1\" content=\"2 minutes\" \/>\n<!-- \/ Yoast SEO Premium plugin. -->","yoast_head_json":{"title":"Dessin au Trait d'Amis - Positive Prints","description":"Commandez Dessin au Trait d'Amis et honorez le lien sp\u00e9cial entre vous et vos amis avec un chef-d'\u0153uvre personnalis\u00e9 qui capture l'essence de votre amiti\u00e9","robots":{"index":"index","follow":"follow","max-snippet":"max-snippet:-1","max-image-preview":"max-image-preview:large","max-video-preview":"max-video-preview:-1"},"canonical":"https:\/\/positiveprints.com\/fr\/produit\/dessin-au-trait-damis\/","og_locale":"fr_FR","og_type":"article","og_title":"Dessin au Trait d'Amis","og_description":"Laissez nos artistes dessiner un dessin au trait unique \u00e0 partir de votre photo afin que vous puissiez le partager avec vos meilleurs amis  Il sera dessin\u00e9 et livr\u00e9 dans votre bo\u00eete de r\u00e9ception \u00e9lectronique dans un d\u00e9lai de seulement 2 \u00e0 3 jours ouvrables  Personnalisez-l\u00e0 en 3 \u00e9tapes simples  Choisissez un mod\u00e8le ou faites preuve de cr\u00e9ativit\u00e9  2 r\u00e9visions disponibles \u00e0 votre demande","og_url":"https:\/\/positiveprints.com\/fr\/produit\/dessin-au-trait-damis\/","og_site_name":"Positive Prints","article_publisher":"https:\/\/www.facebook.com\/positiveprintscom","article_modified_time":"2026-04-12T20:23:11+00:00","og_image":[{"width":1450,"height":1450,"url":"https:\/\/positiveprints.com\/wp-content\/uploads\/2025\/02\/Dessin-au-Trait-dAmis-1.webp","type":"image\/webp"}],"twitter_card":"summary_large_image","twitter_misc":{"Dur\u00e9e de lecture estim\u00e9e":"2 minutes"},"schema":{"@context":"https:\/\/schema.org","@graph":[{"@type":["WebPage","ItemPage"],"@id":"https:\/\/positiveprints.com\/fr\/produit\/dessin-au-trait-damis\/","url":"https:\/\/positiveprints.com\/fr\/produit\/dessin-au-trait-damis\/","name":"Dessin au Trait d'Amis - Positive Prints","isPartOf":{"@id":"https:\/\/positiveprints.com\/fr\/#website"},"primaryImageOfPage":{"@id":"https:\/\/positiveprints.com\/fr\/produit\/dessin-au-trait-damis\/#primaryimage"},"image":{"@id":"https:\/\/positiveprints.com\/fr\/produit\/dessin-au-trait-damis\/#primaryimage"},"thumbnailUrl":"https:\/\/positiveprints.com\/wp-content\/uploads\/2025\/02\/Dessin-au-Trait-dAmis-1.webp","datePublished":"2023-11-24T07:59:47+00:00","dateModified":"2026-04-12T20:23:11+00:00","description":"Commandez Dessin au Trait d'Amis et honorez le lien sp\u00e9cial entre vous et vos amis avec un chef-d'\u0153uvre personnalis\u00e9 qui capture l'essence de votre amiti\u00e9","breadcrumb":{"@id":"https:\/\/positiveprints.com\/fr\/produit\/dessin-au-trait-damis\/#breadcrumb"},"inLanguage":"fr-FR","potentialAction":[{"@type":"ReadAction","target":["https:\/\/positiveprints.com\/fr\/produit\/dessin-au-trait-damis\/"]}]},{"@type":"ImageObject","inLanguage":"fr-FR","@id":"https:\/\/positiveprints.com\/fr\/produit\/dessin-au-trait-damis\/#primaryimage","url":"https:\/\/positiveprints.com\/wp-content\/uploads\/2025\/02\/Dessin-au-Trait-dAmis-1.webp","contentUrl":"https:\/\/positiveprints.com\/wp-content\/uploads\/2025\/02\/Dessin-au-Trait-dAmis-1.webp","width":1450,"height":1450,"caption":"Dessin au Trait d'Amis 1"},{"@type":"BreadcrumbList","@id":"https:\/\/positiveprints.com\/fr\/produit\/dessin-au-trait-damis\/#breadcrumb","itemListElement":[{"@type":"ListItem","position":1,"name":"Home","item":"https:\/\/positiveprints.com\/fr\/"},{"@type":"ListItem","position":2,"name":"Produits","item":"https:\/\/positiveprints.com\/fr\/shop\/"},{"@type":"ListItem","position":3,"name":"Dessin au Trait d&#8217;Amis"}]},{"@type":"WebSite","@id":"https:\/\/positiveprints.com\/fr\/#website","url":"https:\/\/positiveprints.com\/fr\/","name":"Positive Prints","description":"Amazing Custom Personalized Gifts","publisher":{"@id":"https:\/\/positiveprints.com\/fr\/#organization"},"potentialAction":[{"@type":"SearchAction","target":{"@type":"EntryPoint","urlTemplate":"https:\/\/positiveprints.com\/fr\/?s={search_term_string}"},"query-input":{"@type":"PropertyValueSpecification","valueRequired":true,"valueName":"search_term_string"}}],"inLanguage":"fr-FR"},{"@type":"Organization","@id":"https:\/\/positiveprints.com\/fr\/#organization","name":"Positive Prints","alternateName":"Positive Prints","url":"https:\/\/positiveprints.com\/fr\/","logo":{"@type":"ImageObject","inLanguage":"fr-FR","@id":"https:\/\/positiveprints.com\/fr\/#\/schema\/logo\/image\/","url":"https:\/\/positiveprints.com\/wp-content\/uploads\/2026\/03\/245815646_1337939713319158_5671353136411139666_n.png","contentUrl":"https:\/\/positiveprints.com\/wp-content\/uploads\/2026\/03\/245815646_1337939713319158_5671353136411139666_n.png","width":800,"height":800,"caption":"Positive Prints"},"image":{"@id":"https:\/\/positiveprints.com\/fr\/#\/schema\/logo\/image\/"},"sameAs":["https:\/\/www.facebook.com\/positiveprintscom","https:\/\/www.instagram.com\/positiveprintscom\/","https:\/\/www.tiktok.com\/@positiveprintscom","https:\/\/www.pinterest.com\/positiveprintscom\/"]}]}},"jetpack_sharing_enabled":true,"_links":{"self":[{"href":"https:\/\/positiveprints.com\/fr\/wp-json\/wp\/v2\/product\/1117278","targetHints":{"allow":["GET"]}}],"collection":[{"href":"https:\/\/positiveprints.com\/fr\/wp-json\/wp\/v2\/product"}],"about":[{"href":"https:\/\/positiveprints.com\/fr\/wp-json\/wp\/v2\/types\/product"}],"wp:featuredmedia":[{"embeddable":true,"href":"https:\/\/positiveprints.com\/fr\/wp-json\/wp\/v2\/media\/1358288"}],"wp:attachment":[{"href":"https:\/\/positiveprints.com\/fr\/wp-json\/wp\/v2\/media?parent=1117278"}],"wp:term":[{"taxonomy":"product_brand","embeddable":true,"href":"https:\/\/positiveprints.com\/fr\/wp-json\/wp\/v2\/product_brand?post=1117278"},{"taxonomy":"product_cat","embeddable":true,"href":"https:\/\/positiveprints.com\/fr\/wp-json\/wp\/v2\/product_cat?post=1117278"},{"taxonomy":"product_tag","embeddable":true,"href":"https:\/\/positiveprints.com\/fr\/wp-json\/wp\/v2\/product_tag?post=1117278"}],"curies":[{"name":"wp","href":"https:\/\/api.w.org\/{rel}","templated":true}]}}