{"id":1117253,"date":"2024-01-30T11:06:15","date_gmt":"2024-05-17T13:23:03","guid":{"rendered":"https:\/\/positiveprints.com\/?post_type=product&#038;p=1117253"},"modified":"2026-04-03T02:56:56","modified_gmt":"2026-04-03T01:56:56","slug":"carte-des-etoiles-pour-le-40e-anniversaire","status":"publish","type":"product","link":"https:\/\/positiveprints.com\/fr\/produit\/carte-des-etoiles-pour-le-40e-anniversaire\/","title":{"rendered":"Carte des \u00c9toiles pour le 40e Anniversaire"},"content":{"rendered":"<p>Vous cherchez un cadeau unique pour une c\u00e9l\u00e9bration sp\u00e9ciale du 40e anniversaire ? Vous vous \u00eates d\u00e9j\u00e0 demand\u00e9 comment capturer la magie des \u00e9toiles du jour de naissance de votre \u00eatre cher ? Eh bien, la &#8220;Carte des \u00c9toiles pour le 40e Anniversaire&#8221; a ce qu&#8217;il vous faut !<\/p>\r\n\r\n<h2>Cr\u00e9ez Votre Propre Chef-d&#8217;\u0153uvre C\u00e9leste<\/h2>\r\n\r\n<p>Imaginez offrir un cadeau qui n&#8217;est pas seulement un pr\u00e9sent, mais un morceau d&#8217;univers adapt\u00e9 \u00e0 quelqu&#8217;un qui vous est cher. Notre carte des \u00e9toiles personnalis\u00e9e vous permet de recr\u00e9er le ciel nocturne \u00e0 partir de l&#8217;endroit et de la date exacts de la naissance de votre proche.<\/p>\r\n\r\n<h2>Personnalisation Facile avec Notre \u00c9diteur en Ligne<\/h2>\r\n\r\n<p>Cr\u00e9er votre propre <a href=\"https:\/\/positiveprints.com\/fr\/produit\/carte-du-ciel-personnalisee\/\">carte du ciel personnalis\u00e9e<\/a> est facile avec notre \u00e9diteur en ligne. Commencez par choisir parmi nos designs pr\u00e9d\u00e9finis ou laissez libre cours \u00e0 votre cr\u00e9ativit\u00e9 en jouant avec les couleurs. D\u00e9cidez si vous souhaitez ajouter des plan\u00e8tes ou des constellations sur votre impression ou votre toile. Ensuite, entrez simplement la date et le lieu de naissance de la personne ch\u00e8re \u00e0 votre c\u0153ur. Rendez-la encore plus sp\u00e9ciale en ajoutant une touche personnelle avec un texte personnalis\u00e9.<\/p>\r\n\r\n<h2>Carte des \u00c9toiles pour le 40e Anniversaire : Affiche Imprim\u00e9e ou Toile ?<\/h2>\r\n\r\n<p>Maintenant, voici la partie amusante ! S\u00e9lectionnez si vous souhaitez commander une affiche ou une toile, encadr\u00e9e ou non. Vous cherchez un cadeau de derni\u00e8re minute ? Optez pour un t\u00e9l\u00e9chargement num\u00e9rique instantan\u00e9 et vous pourrez l&#8217;imprimer localement.<\/p>\r\n\r\n<h2>Pourquoi la Carte des \u00c9toiles pour le 40e Anniversaire est le Cadeau Parfait<\/h2>\r\n\r\n<p>Vous vous demandez pourquoi la &#8220;Carte des \u00c9toiles pour le 40e Anniversaire&#8221; est le cadeau parfait pour un 40e anniversaire ? C&#8217;est une mani\u00e8re unique et attentionn\u00e9e de comm\u00e9morer un jalon important, permettant \u00e0 votre \u00eatre cher de ch\u00e9rir les \u00e9toiles du jour o\u00f9 il est venu au monde. C&#8217;est une c\u00e9l\u00e9bration cosmique qui sera rappel\u00e9e pour toute une vie.<\/p>","protected":false},"excerpt":{"rendered":"<ul class=\"check-list\">\n<li>C\u00e9l\u00e9brez l&#8217;anniversaire d&#8217;un \u00eatre cher avec une carte des \u00e9toiles unique qui recr\u00e9e le ciel nocturne \u00e0 la date et \u00e0 l&#8217;heure exactes de sa naissance<\/li>\n<li>Ajoutez des plan\u00e8tes, des constellations et la Voie lact\u00e9e <\/li>\n<li>Personnalisez-l\u00e0 en 3 \u00e9tapes simples<\/li>\n<li>Incluez un texte personnalis\u00e9 significatif<\/li>\n<li>Vois le r\u00e9sultat imm\u00e9diatement \u2013 l\u2019aper\u00e7u interactif te permet de peaufiner chaque d\u00e9tail<\/li>\n<\/ul>\n","protected":false},"featured_media":1297870,"template":"","meta":[],"product_brand":[],"product_cat":[104,11538,2878],"product_tag":[13126],"class_list":{"0":"post-1117253","1":"product","2":"type-product","3":"status-publish","4":"has-post-thumbnail","6":"product_cat-tous-les-produits","7":"product_cat-anniversaire-de-40-ans","8":"product_cat-star-fr-2","9":"product_tag-40e-anniversaire","11":"first","12":"instock","13":"sale","14":"taxable","15":"shipping-taxable","16":"purchasable","17":"product-type-variable"},"yoast_head":"<!-- This site is optimized with the Yoast SEO Premium plugin v27.2 (Yoast SEO v27.2) - https:\/\/yoast.com\/product\/yoast-seo-premium-wordpress\/ -->\n<title>Carte des \u00c9toiles pour le 40e Anniversaire - Positive Prints<\/title>\n<meta name=\"description\" content=\"La Carte des \u00c9toiles pour le 40e Anniversaire est une mani\u00e8re unique et attentionn\u00e9e de comm\u00e9morer un jalon important. C&#039;est une c\u00e9l\u00e9bration cosmique qui sera rappel\u00e9e pour toute une vie.\" \/>\n<meta name=\"robots\" content=\"index, follow, max-snippet:-1, max-image-preview:large, max-video-preview:-1\" \/>\n<link rel=\"canonical\" href=\"https:\/\/positiveprints.com\/fr\/produit\/carte-des-etoiles-pour-le-40e-anniversaire\/\" \/>\n<meta property=\"og:locale\" content=\"fr_FR\" \/>\n<meta property=\"og:type\" content=\"article\" \/>\n<meta property=\"og:title\" content=\"Carte des \u00c9toiles pour le 40e Anniversaire\" \/>\n<meta property=\"og:description\" content=\"C\u00e9l\u00e9brez l&#039;anniversaire d&#039;un \u00eatre cher avec une carte des \u00e9toiles unique qui recr\u00e9e le ciel nocturne \u00e0 la date et \u00e0 l&#039;heure exactes de sa naissance Ajoutez des plan\u00e8tes, des constellations et la Voie lact\u00e9e  Personnalisez-l\u00e0 en 3 \u00e9tapes simples Incluez un texte personnalis\u00e9 significatif Vois le r\u00e9sultat imm\u00e9diatement \u2013 l\u2019aper\u00e7u interactif te permet de peaufiner chaque d\u00e9tail\" \/>\n<meta property=\"og:url\" content=\"https:\/\/positiveprints.com\/fr\/produit\/carte-des-etoiles-pour-le-40e-anniversaire\/\" \/>\n<meta property=\"og:site_name\" content=\"Positive Prints\" \/>\n<meta property=\"article:publisher\" content=\"https:\/\/www.facebook.com\/positiveprintscom\" \/>\n<meta property=\"article:modified_time\" content=\"2026-04-03T01:56:56+00:00\" \/>\n<meta property=\"og:image\" content=\"https:\/\/positiveprints.com\/wp-content\/uploads\/2024\/12\/Packshot_FR_40th-Birthday-Star-Map-product-image.webp\" \/>\n\t<meta property=\"og:image:width\" content=\"1450\" \/>\n\t<meta property=\"og:image:height\" content=\"1450\" \/>\n\t<meta property=\"og:image:type\" content=\"image\/webp\" \/>\n<meta name=\"twitter:card\" content=\"summary_large_image\" \/>\n<!-- \/ Yoast SEO Premium plugin. -->","yoast_head_json":{"title":"Carte des \u00c9toiles pour le 40e Anniversaire - Positive Prints","description":"La Carte des \u00c9toiles pour le 40e Anniversaire est une mani\u00e8re unique et attentionn\u00e9e de comm\u00e9morer un jalon important. C'est une c\u00e9l\u00e9bration cosmique qui sera rappel\u00e9e pour toute une vie.","robots":{"index":"index","follow":"follow","max-snippet":"max-snippet:-1","max-image-preview":"max-image-preview:large","max-video-preview":"max-video-preview:-1"},"canonical":"https:\/\/positiveprints.com\/fr\/produit\/carte-des-etoiles-pour-le-40e-anniversaire\/","og_locale":"fr_FR","og_type":"article","og_title":"Carte des \u00c9toiles pour le 40e Anniversaire","og_description":"C\u00e9l\u00e9brez l'anniversaire d'un \u00eatre cher avec une carte des \u00e9toiles unique qui recr\u00e9e le ciel nocturne \u00e0 la date et \u00e0 l'heure exactes de sa naissance Ajoutez des plan\u00e8tes, des constellations et la Voie lact\u00e9e  Personnalisez-l\u00e0 en 3 \u00e9tapes simples Incluez un texte personnalis\u00e9 significatif Vois le r\u00e9sultat imm\u00e9diatement \u2013 l\u2019aper\u00e7u interactif te permet de peaufiner chaque d\u00e9tail","og_url":"https:\/\/positiveprints.com\/fr\/produit\/carte-des-etoiles-pour-le-40e-anniversaire\/","og_site_name":"Positive Prints","article_publisher":"https:\/\/www.facebook.com\/positiveprintscom","article_modified_time":"2026-04-03T01:56:56+00:00","og_image":[{"width":1450,"height":1450,"url":"https:\/\/positiveprints.com\/wp-content\/uploads\/2024\/12\/Packshot_FR_40th-Birthday-Star-Map-product-image.webp","type":"image\/webp"}],"twitter_card":"summary_large_image","schema":{"@context":"https:\/\/schema.org","@graph":[{"@type":["WebPage","ItemPage"],"@id":"https:\/\/positiveprints.com\/fr\/produit\/carte-des-etoiles-pour-le-40e-anniversaire\/","url":"https:\/\/positiveprints.com\/fr\/produit\/carte-des-etoiles-pour-le-40e-anniversaire\/","name":"Carte des \u00c9toiles pour le 40e Anniversaire - Positive Prints","isPartOf":{"@id":"https:\/\/positiveprints.com\/fr\/#website"},"primaryImageOfPage":{"@id":"https:\/\/positiveprints.com\/fr\/produit\/carte-des-etoiles-pour-le-40e-anniversaire\/#primaryimage"},"image":{"@id":"https:\/\/positiveprints.com\/fr\/produit\/carte-des-etoiles-pour-le-40e-anniversaire\/#primaryimage"},"thumbnailUrl":"https:\/\/positiveprints.com\/wp-content\/uploads\/2024\/12\/Packshot_FR_40th-Birthday-Star-Map-product-image.webp","datePublished":"2024-05-17T13:23:03+00:00","dateModified":"2026-04-03T01:56:56+00:00","description":"La Carte des \u00c9toiles pour le 40e Anniversaire est une mani\u00e8re unique et attentionn\u00e9e de comm\u00e9morer un jalon important. C'est une c\u00e9l\u00e9bration cosmique qui sera rappel\u00e9e pour toute une vie.","breadcrumb":{"@id":"https:\/\/positiveprints.com\/fr\/produit\/carte-des-etoiles-pour-le-40e-anniversaire\/#breadcrumb"},"inLanguage":"fr-FR","potentialAction":[{"@type":"ReadAction","target":["https:\/\/positiveprints.com\/fr\/produit\/carte-des-etoiles-pour-le-40e-anniversaire\/"]}]},{"@type":"ImageObject","inLanguage":"fr-FR","@id":"https:\/\/positiveprints.com\/fr\/produit\/carte-des-etoiles-pour-le-40e-anniversaire\/#primaryimage","url":"https:\/\/positiveprints.com\/wp-content\/uploads\/2024\/12\/Packshot_FR_40th-Birthday-Star-Map-product-image.webp","contentUrl":"https:\/\/positiveprints.com\/wp-content\/uploads\/2024\/12\/Packshot_FR_40th-Birthday-Star-Map-product-image.webp","width":1450,"height":1450,"caption":"Carte des \u00c9toiles pour le 40e Anniversaire"},{"@type":"BreadcrumbList","@id":"https:\/\/positiveprints.com\/fr\/produit\/carte-des-etoiles-pour-le-40e-anniversaire\/#breadcrumb","itemListElement":[{"@type":"ListItem","position":1,"name":"Home","item":"https:\/\/positiveprints.com\/fr\/"},{"@type":"ListItem","position":2,"name":"Produits","item":"https:\/\/positiveprints.com\/fr\/shop\/"},{"@type":"ListItem","position":3,"name":"Carte des \u00c9toiles pour le 40e Anniversaire"}]},{"@type":"WebSite","@id":"https:\/\/positiveprints.com\/fr\/#website","url":"https:\/\/positiveprints.com\/fr\/","name":"Positive Prints","description":"Amazing Custom Personalized Gifts","publisher":{"@id":"https:\/\/positiveprints.com\/fr\/#organization"},"potentialAction":[{"@type":"SearchAction","target":{"@type":"EntryPoint","urlTemplate":"https:\/\/positiveprints.com\/fr\/?s={search_term_string}"},"query-input":{"@type":"PropertyValueSpecification","valueRequired":true,"valueName":"search_term_string"}}],"inLanguage":"fr-FR"},{"@type":"Organization","@id":"https:\/\/positiveprints.com\/fr\/#organization","name":"Positive Prints","alternateName":"Positive Prints","url":"https:\/\/positiveprints.com\/fr\/","logo":{"@type":"ImageObject","inLanguage":"fr-FR","@id":"https:\/\/positiveprints.com\/fr\/#\/schema\/logo\/image\/","url":"https:\/\/positiveprints.com\/wp-content\/uploads\/2026\/03\/245815646_1337939713319158_5671353136411139666_n.png","contentUrl":"https:\/\/positiveprints.com\/wp-content\/uploads\/2026\/03\/245815646_1337939713319158_5671353136411139666_n.png","width":800,"height":800,"caption":"Positive Prints"},"image":{"@id":"https:\/\/positiveprints.com\/fr\/#\/schema\/logo\/image\/"},"sameAs":["https:\/\/www.facebook.com\/positiveprintscom","https:\/\/www.instagram.com\/positiveprintscom\/","https:\/\/www.tiktok.com\/@positiveprintscom","https:\/\/www.pinterest.com\/positiveprintscom\/"]}]}},"jetpack_sharing_enabled":true,"_links":{"self":[{"href":"https:\/\/positiveprints.com\/fr\/wp-json\/wp\/v2\/product\/1117253","targetHints":{"allow":["GET"]}}],"collection":[{"href":"https:\/\/positiveprints.com\/fr\/wp-json\/wp\/v2\/product"}],"about":[{"href":"https:\/\/positiveprints.com\/fr\/wp-json\/wp\/v2\/types\/product"}],"wp:featuredmedia":[{"embeddable":true,"href":"https:\/\/positiveprints.com\/fr\/wp-json\/wp\/v2\/media\/1297870"}],"wp:attachment":[{"href":"https:\/\/positiveprints.com\/fr\/wp-json\/wp\/v2\/media?parent=1117253"}],"wp:term":[{"taxonomy":"product_brand","embeddable":true,"href":"https:\/\/positiveprints.com\/fr\/wp-json\/wp\/v2\/product_brand?post=1117253"},{"taxonomy":"product_cat","embeddable":true,"href":"https:\/\/positiveprints.com\/fr\/wp-json\/wp\/v2\/product_cat?post=1117253"},{"taxonomy":"product_tag","embeddable":true,"href":"https:\/\/positiveprints.com\/fr\/wp-json\/wp\/v2\/product_tag?post=1117253"}],"curies":[{"name":"wp","href":"https:\/\/api.w.org\/{rel}","templated":true}]}}