{"id":1116347,"date":"2024-02-16T09:29:57","date_gmt":"2024-02-16T08:29:57","guid":{"rendered":"https:\/\/positiveprints.com\/?post_type=product&#038;p=1116347"},"modified":"2026-04-18T04:35:24","modified_gmt":"2026-04-18T03:35:24","slug":"la-lune-le-jour-ou-tout-a-commence","status":"publish","type":"product","link":"https:\/\/positiveprints.com\/fr\/produit\/la-lune-le-jour-ou-tout-a-commence\/","title":{"rendered":"La Lune, le jour o\u00f9 tout a commenc\u00e9"},"content":{"rendered":"<p>Vous vous demandez quoi offrir \u00e0 votre \u00eatre cher ? Ne cherchez pas plus loin que La Lune de la Nuit de Notre Rencontre. Ce cadeau personnalis\u00e9 est bien plus qu&#8217;un simple pr\u00e9sent. C&#8217;est un hommage sinc\u00e8re \u00e0 votre histoire d&#8217;amour, capturant la magie du jour de votre rencontre en montrant \u00e0 quoi ressemblait la lune lors de cette occasion sp\u00e9ciale. Souvenez-vous de ce jour pour toujours avec ce souvenir unique.<\/p>\r\n\r\n<h2>Voici \u00e0 quoi ressemblait la lune le jour de notre rencontre<\/h2>\r\n\r\n<p>La lune occupe une place sp\u00e9ciale dans nos c\u0153urs, surtout le jour de notre rencontre. Avec La Lune de la Nuit de Notre Rencontre, vous pouvez visualiser la phase et l&#8217;apparence exactes de la lune qui a illumin\u00e9 votre premi\u00e8re rencontre. Qu&#8217;il s&#8217;agisse d&#8217;une pleine lune projetant une lueur romantique ou d&#8217;un croissant brillant doucement dans le ciel nocturne, cette impression capture l&#8217;essence de ce moment inoubliable.<\/p>\r\n\r\n<h2>La Lune de la Nuit de Notre Rencontre personnalis\u00e9e<\/h2>\r\n\r\n<p>Avec notre \u00e9diteur en ligne, cr\u00e9er votre impression unique est facile. Choisissez parmi une s\u00e9lection de fonds ou personnalisez la couleur selon votre style. Entrez simplement la date et le lieu de votre rencontre pour voir exactement \u00e0 quoi ressemblait la lune. Ajoutez un message sinc\u00e8re pour rendre l&#8217;impression vraiment v\u00f4tre, garantissant que chaque regard \u00e9voque des souvenirs pr\u00e9cieux.<\/p>\r\n\r\n<p>Que vous pr\u00e9f\u00e9riez une affiche imprim\u00e9e ou encadr\u00e9e, ou que vous ayez besoin de quelque chose d&#8217;instantan\u00e9, nous avons ce qu&#8217;il vous faut. S\u00e9lectionnez le format qui correspond \u00e0 vos besoins, et si le temps presse, optez pour le t\u00e9l\u00e9chargement num\u00e9rique instantan\u00e9 pour acc\u00e9der rapidement \u00e0 votre impression personnalis\u00e9e. Avec notre \u0153uvre d&#8217;art <a href=\"https:\/\/positiveprints.com\/fr\/produit\/affiche-lune\/\">phase lunaire personnalis\u00e9e<\/a>, vous pouvez ch\u00e9rir votre histoire d&#8217;amour pour toujours.<\/p>\r\n\r\n<p>Chaque fois que vous regardez cette impression, vous serez transport\u00e9(e) au moment o\u00f9 vos chemins se sont crois\u00e9s pour la premi\u00e8re fois. C&#8217;est un beau rappel du chemin que vous avez parcouru ensemble et de l&#8217;amour qui continue de grandir. Offrez le cadeau des souvenirs avec La Lune de la Nuit de Notre Rencontre.<\/p>","protected":false},"excerpt":{"rendered":"<ul class=\"check-list\">\n<li>Recr\u00e9ez la phase unique de la lune <\/li>\n<li>Personnalisez votre design en 3 \u00e9tapes simples<\/li>\n<li>Choisissez parmi une vari\u00e9t\u00e9 de designs \u00e9poustouflants<\/li>\n<li>Visualisez le r\u00e9sultat imm\u00e9diatement &#8211; l\u2019aper\u00e7u interactif vous permet de peaufiner chaque d\u00e9tail<\/li>\n<\/ul>\n","protected":false},"featured_media":1688928,"template":"","meta":[],"product_brand":[],"product_cat":[9274,11175,11176,11177,11245,11246,5328,3118,3122,7210,5264,7797,8194,7749,11395,7685,11396,8006,11397,8217,7638,7670,7781,11392,11402,11388,104,9760],"product_tag":[14849,14854,14866,14853,14681,11789,11791,11793,11795,14857,14859,14848,14852,14856,13759,13749,17443,17442,17441,17440,14868,14864,14869,14851,14865,14867,14870,14863,14850],"class_list":{"0":"post-1116347","1":"product","2":"type-product","3":"status-publish","4":"has-post-thumbnail","6":"product_cat-bestsellers-label-fr","7":"product_cat-cadeaux-danniversaire-pour-femme","8":"product_cat-cadeaux-danniversaire-pour-homme","9":"product_cat-cadeaux-danniversaire-pour-couples","10":"product_cat-cadeaux-de-saint-valentin-pour-elle","11":"product_cat-cadeaux-de-saint-valentin-pour-lui","12":"product_cat-cadeaux-de-commemorations","13":"product_cat-cadeaux-saint-valentin","14":"product_cat-cadeaux-de-mariage","15":"product_cat-moon-fr","16":"product_cat-cadeaux-de-noel","17":"product_cat-cadeaux-pour-couple","18":"product_cat-pour-elle","19":"product_cat-cadeaux-pour-epouse","20":"product_cat-cadeaux-de-noel-pour-femme","21":"product_cat-cadeaux-pour-femmes","22":"product_cat-cadeaux-de-noel-pour-homme","23":"product_cat-cadeaux-pour-hommes","24":"product_cat-cadeaux-de-noel-pour-le-mari","25":"product_cat-pour-lui","26":"product_cat-cadeaux-pour-mari","27":"product_cat-cadeaux-pour-petit-ami","28":"product_cat-cadeaux-pour-petite-amie","29":"product_cat-cadeaux-de-noel-pour-sa-copine","30":"product_cat-cadeaux-de-noel-pour-sa-femme","31":"product_cat-cadeaux-de-noel-pour-son-petit-copain","32":"product_cat-tous-les-produits","33":"product_cat-trending-label-fr","34":"product_tag-anniversary-fr","35":"product_tag-anniversary-gift-fr","36":"product_tag-anniversary-gifts-fr","37":"product_tag-anniversary-present-fr","38":"product_tag-cadeau-romantique","39":"product_tag-cadeaux-de-noel-pour-femme","40":"product_tag-cadeaux-de-noel-pour-homme","41":"product_tag-cadeaux-de-noel-pour-le-mari","42":"product_tag-cadeaux-de-noel-pour-sa-femme","43":"product_tag-couple-gift-fr","44":"product_tag-gift-for-couple-fr","45":"product_tag-love-fr","46":"product_tag-love-gift-fr","47":"product_tag-personalized-gift-fr","48":"product_tag-phase-de-lune-le-jour-du-mariage","49":"product_tag-phase-de-lune-pour-votre-anniversaire-de-mariage","50":"product_tag-prezenty-pod-choinke-dla-chlopaka-fr","51":"product_tag-prezenty-pod-choinke-dla-dziewczyny-fr","52":"product_tag-prezenty-pod-choinke-dla-niego-fr","53":"product_tag-prezenty-pod-choinke-dla-niej-fr","54":"product_tag-romantic-gifts-fr","55":"product_tag-sentimental-gift-fr","56":"product_tag-special-occasion-fr","57":"product_tag-thoughtful-gift-fr","58":"product_tag-unique-gift-fr","59":"product_tag-valentines-day-gifts-fr","60":"product_tag-valentines-day-fr","61":"product_tag-valentines-day-gift-fr","62":"product_tag-wedding-anniversary-fr","64":"first","65":"instock","66":"sale","67":"taxable","68":"shipping-taxable","69":"purchasable","70":"product-type-variable"},"yoast_head":"<!-- This site is optimized with the Yoast SEO Premium plugin v27.2 (Yoast SEO v27.2) - https:\/\/yoast.com\/product\/yoast-seo-premium-wordpress\/ -->\n<title>La Lune, le jour o\u00f9 tout a commenc\u00e9 - Positive Prints<\/title>\n<meta name=\"description\" content=\"Vous cherchez un cadeau unique ? Craquez, pour vous ou pour un proche, pour l\u2019affiche La Lune, le jour o\u00f9 tout a commenc\u00e9, un souvenir inoubliable de ce moment pr\u00e9cieux.\" \/>\n<meta name=\"robots\" content=\"index, follow, max-snippet:-1, max-image-preview:large, max-video-preview:-1\" \/>\n<link rel=\"canonical\" href=\"https:\/\/positiveprints.com\/fr\/produit\/la-lune-le-jour-ou-tout-a-commence\/\" \/>\n<meta property=\"og:locale\" content=\"fr_FR\" \/>\n<meta property=\"og:type\" content=\"article\" \/>\n<meta property=\"og:title\" content=\"La Lune, le jour o\u00f9 tout a commenc\u00e9\" \/>\n<meta property=\"og:description\" content=\"Recr\u00e9ez la phase unique de la lune   Personnalisez votre design en 3 \u00e9tapes simples  Choisissez parmi une vari\u00e9t\u00e9 de designs \u00e9poustouflants  Visualisez le r\u00e9sultat imm\u00e9diatement - l\u2019aper\u00e7u interactif vous permet de peaufiner chaque d\u00e9tail\" \/>\n<meta property=\"og:url\" content=\"https:\/\/positiveprints.com\/fr\/produit\/la-lune-le-jour-ou-tout-a-commence\/\" \/>\n<meta property=\"og:site_name\" content=\"Positive Prints\" \/>\n<meta property=\"article:publisher\" content=\"https:\/\/www.facebook.com\/positiveprintscom\" \/>\n<meta property=\"article:modified_time\" content=\"2026-04-18T03:35:24+00:00\" \/>\n<meta property=\"og:image\" content=\"https:\/\/positiveprints.com\/wp-content\/uploads\/2025\/09\/Packshot_FR_La-Lune-le-jour-ou-tout-a-commence.webp\" \/>\n\t<meta property=\"og:image:width\" content=\"1450\" \/>\n\t<meta property=\"og:image:height\" content=\"1450\" \/>\n\t<meta property=\"og:image:type\" content=\"image\/webp\" \/>\n<meta name=\"twitter:card\" content=\"summary_large_image\" \/>\n<meta name=\"twitter:label1\" content=\"Dur\u00e9e de lecture estim\u00e9e\" \/>\n\t<meta name=\"twitter:data1\" content=\"2 minutes\" \/>\n<!-- \/ Yoast SEO Premium plugin. -->","yoast_head_json":{"title":"La Lune, le jour o\u00f9 tout a commenc\u00e9 - Positive Prints","description":"Vous cherchez un cadeau unique ? Craquez, pour vous ou pour un proche, pour l\u2019affiche La Lune, le jour o\u00f9 tout a commenc\u00e9, un souvenir inoubliable de ce moment pr\u00e9cieux.","robots":{"index":"index","follow":"follow","max-snippet":"max-snippet:-1","max-image-preview":"max-image-preview:large","max-video-preview":"max-video-preview:-1"},"canonical":"https:\/\/positiveprints.com\/fr\/produit\/la-lune-le-jour-ou-tout-a-commence\/","og_locale":"fr_FR","og_type":"article","og_title":"La Lune, le jour o\u00f9 tout a commenc\u00e9","og_description":"Recr\u00e9ez la phase unique de la lune   Personnalisez votre design en 3 \u00e9tapes simples  Choisissez parmi une vari\u00e9t\u00e9 de designs \u00e9poustouflants  Visualisez le r\u00e9sultat imm\u00e9diatement - l\u2019aper\u00e7u interactif vous permet de peaufiner chaque d\u00e9tail","og_url":"https:\/\/positiveprints.com\/fr\/produit\/la-lune-le-jour-ou-tout-a-commence\/","og_site_name":"Positive Prints","article_publisher":"https:\/\/www.facebook.com\/positiveprintscom","article_modified_time":"2026-04-18T03:35:24+00:00","og_image":[{"width":1450,"height":1450,"url":"https:\/\/positiveprints.com\/wp-content\/uploads\/2025\/09\/Packshot_FR_La-Lune-le-jour-ou-tout-a-commence.webp","type":"image\/webp"}],"twitter_card":"summary_large_image","twitter_misc":{"Dur\u00e9e de lecture estim\u00e9e":"2 minutes"},"schema":{"@context":"https:\/\/schema.org","@graph":[{"@type":["WebPage","ItemPage"],"@id":"https:\/\/positiveprints.com\/fr\/produit\/la-lune-le-jour-ou-tout-a-commence\/","url":"https:\/\/positiveprints.com\/fr\/produit\/la-lune-le-jour-ou-tout-a-commence\/","name":"La Lune, le jour o\u00f9 tout a commenc\u00e9 - Positive Prints","isPartOf":{"@id":"https:\/\/positiveprints.com\/fr\/#website"},"primaryImageOfPage":{"@id":"https:\/\/positiveprints.com\/fr\/produit\/la-lune-le-jour-ou-tout-a-commence\/#primaryimage"},"image":{"@id":"https:\/\/positiveprints.com\/fr\/produit\/la-lune-le-jour-ou-tout-a-commence\/#primaryimage"},"thumbnailUrl":"https:\/\/positiveprints.com\/wp-content\/uploads\/2026\/03\/Packshot_FR_La-Lune-le-jour-ou-tout-a-commence.webp","datePublished":"2024-02-16T08:29:57+00:00","dateModified":"2026-04-18T03:35:24+00:00","description":"Vous cherchez un cadeau unique ? Craquez, pour vous ou pour un proche, pour l\u2019affiche La Lune, le jour o\u00f9 tout a commenc\u00e9, un souvenir inoubliable de ce moment pr\u00e9cieux.","breadcrumb":{"@id":"https:\/\/positiveprints.com\/fr\/produit\/la-lune-le-jour-ou-tout-a-commence\/#breadcrumb"},"inLanguage":"fr-FR","potentialAction":[{"@type":"ReadAction","target":["https:\/\/positiveprints.com\/fr\/produit\/la-lune-le-jour-ou-tout-a-commence\/"]}]},{"@type":"ImageObject","inLanguage":"fr-FR","@id":"https:\/\/positiveprints.com\/fr\/produit\/la-lune-le-jour-ou-tout-a-commence\/#primaryimage","url":"https:\/\/positiveprints.com\/wp-content\/uploads\/2026\/03\/Packshot_FR_La-Lune-le-jour-ou-tout-a-commence.webp","contentUrl":"https:\/\/positiveprints.com\/wp-content\/uploads\/2026\/03\/Packshot_FR_La-Lune-le-jour-ou-tout-a-commence.webp","width":1450,"height":1450},{"@type":"BreadcrumbList","@id":"https:\/\/positiveprints.com\/fr\/produit\/la-lune-le-jour-ou-tout-a-commence\/#breadcrumb","itemListElement":[{"@type":"ListItem","position":1,"name":"Home","item":"https:\/\/positiveprints.com\/fr\/"},{"@type":"ListItem","position":2,"name":"Produits","item":"https:\/\/positiveprints.com\/fr\/shop\/"},{"@type":"ListItem","position":3,"name":"La Lune, le jour o\u00f9 tout a commenc\u00e9"}]},{"@type":"WebSite","@id":"https:\/\/positiveprints.com\/fr\/#website","url":"https:\/\/positiveprints.com\/fr\/","name":"Positive Prints","description":"Amazing Custom Personalized Gifts","publisher":{"@id":"https:\/\/positiveprints.com\/fr\/#organization"},"potentialAction":[{"@type":"SearchAction","target":{"@type":"EntryPoint","urlTemplate":"https:\/\/positiveprints.com\/fr\/?s={search_term_string}"},"query-input":{"@type":"PropertyValueSpecification","valueRequired":true,"valueName":"search_term_string"}}],"inLanguage":"fr-FR"},{"@type":"Organization","@id":"https:\/\/positiveprints.com\/fr\/#organization","name":"Positive Prints","alternateName":"Positive Prints","url":"https:\/\/positiveprints.com\/fr\/","logo":{"@type":"ImageObject","inLanguage":"fr-FR","@id":"https:\/\/positiveprints.com\/fr\/#\/schema\/logo\/image\/","url":"https:\/\/positiveprints.com\/wp-content\/uploads\/2026\/03\/245815646_1337939713319158_5671353136411139666_n.png","contentUrl":"https:\/\/positiveprints.com\/wp-content\/uploads\/2026\/03\/245815646_1337939713319158_5671353136411139666_n.png","width":800,"height":800,"caption":"Positive Prints"},"image":{"@id":"https:\/\/positiveprints.com\/fr\/#\/schema\/logo\/image\/"},"sameAs":["https:\/\/www.facebook.com\/positiveprintscom","https:\/\/www.instagram.com\/positiveprintscom\/","https:\/\/www.tiktok.com\/@positiveprintscom","https:\/\/www.pinterest.com\/positiveprintscom\/"]}]}},"jetpack_sharing_enabled":true,"_links":{"self":[{"href":"https:\/\/positiveprints.com\/fr\/wp-json\/wp\/v2\/product\/1116347","targetHints":{"allow":["GET"]}}],"collection":[{"href":"https:\/\/positiveprints.com\/fr\/wp-json\/wp\/v2\/product"}],"about":[{"href":"https:\/\/positiveprints.com\/fr\/wp-json\/wp\/v2\/types\/product"}],"wp:featuredmedia":[{"embeddable":true,"href":"https:\/\/positiveprints.com\/fr\/wp-json\/wp\/v2\/media\/1688928"}],"wp:attachment":[{"href":"https:\/\/positiveprints.com\/fr\/wp-json\/wp\/v2\/media?parent=1116347"}],"wp:term":[{"taxonomy":"product_brand","embeddable":true,"href":"https:\/\/positiveprints.com\/fr\/wp-json\/wp\/v2\/product_brand?post=1116347"},{"taxonomy":"product_cat","embeddable":true,"href":"https:\/\/positiveprints.com\/fr\/wp-json\/wp\/v2\/product_cat?post=1116347"},{"taxonomy":"product_tag","embeddable":true,"href":"https:\/\/positiveprints.com\/fr\/wp-json\/wp\/v2\/product_tag?post=1116347"}],"curies":[{"name":"wp","href":"https:\/\/api.w.org\/{rel}","templated":true}]}}