{"id":1115050,"date":"2024-05-13T09:22:06","date_gmt":"2024-05-13T08:22:06","guid":{"rendered":"https:\/\/positiveprints.com\/product\/affiche-de-definition-personnalise\/"},"modified":"2026-04-12T21:01:13","modified_gmt":"2026-04-12T20:01:13","slug":"affiche-definition-personnalise","status":"publish","type":"product","link":"https:\/\/positiveprints.com\/fr\/produit\/affiche-definition-personnalise\/","title":{"rendered":"Affiche de D\u00e9finition Personnalis\u00e9"},"content":{"rendered":"<p>Vous recherchez un cadeau vraiment unique et personnalis\u00e9 pour c\u00e9l\u00e9brer une occasion sp\u00e9ciale ? D\u00e9couvrez notre Affiche de D\u00e9finition Personnalis\u00e9, o\u00f9 vous pouvez d\u00e9finir n&#8217;importe quel mot ou concept avec une touche de cr\u00e9ativit\u00e9 et de sentimentalit\u00e9.<\/p>\r\n\r\n<h2>Personnalisez votre affiche de d\u00e9finition personnalis\u00e9e<\/h2>\r\n\r\n<p>Avec notre Poster de D\u00e9finition Personnalis\u00e9, les possibilit\u00e9s sont infinies. D\u00e9finissez n&#8217;importe quel mot ou concept qui a une signification pour vous ou le destinataire, que ce soit un surnom, un nom d&#8217;animal de compagnie, ou un mot significatif comme &#8220;amour&#8221; ou &#8220;bonheur&#8221;.<\/p>\r\n\r\n<p>Personnalisez votre affiche en ajoutant votre propre photo pour accompagner la d\u00e9finition, cr\u00e9ant ainsi un cadeau vraiment personnel et affectueux. Choisissez parmi nos d\u00e9finitions pr\u00e9d\u00e9finies ou cr\u00e9ez la v\u00f4tre, que vous souhaitiez qu&#8217;elle soit dr\u00f4le, \u00e9mouvante ou profond\u00e9ment personnelle.<\/p>\r\n\r\n<p>Exp\u00e9rimentez avec les couleurs en s\u00e9lectionnant des couleurs de fond et de police qui correspondent \u00e0 votre style et \u00e0 votre humeur, rendant chaque affiche aussi unique que le mot qu&#8217;elle d\u00e9finit.<\/p>\r\n\r\n<h2>Cadeau Parfait pour Toutes les Occasions<\/h2>\r\n\r\n<p>Que ce soit pour un anniversaire, un anniversaire de mariage, un mariage ou toute autre occasion sp\u00e9ciale, notre Poster de D\u00e9finition Personnalis\u00e9 est le cadeau parfait pour c\u00e9l\u00e9brer le lien unique entre vous et le destinataire. Imaginez la joie sur leur visage lorsqu&#8217;ils re\u00e7oivent une affiche personnalis\u00e9e qui capture l&#8217;essence de leur identit\u00e9 ou de votre relation de mani\u00e8re cr\u00e9ative et significative.<\/p>\r\n\r\n<p>La commande est simple &#8211; visitez notre site web, personnalisez votre affiche avec le mot et la d\u00e9finition choisis, t\u00e9l\u00e9chargez votre photo, s\u00e9lectionnez votre palette de couleurs et passez votre commande. Nous nous occupons du reste, en veillant \u00e0 ce que votre affiche soit imprim\u00e9e et emball\u00e9e avec soin.<\/p>\r\n\r\n<p>Que ce soit expos\u00e9 dans votre maison ou offert en cadeau, notre Poster de D\u00e9finition Personnalis\u00e9 est s\u00fbr d&#8217;\u00e9voquer des sourires, des rires et des larmes de joie. Cr\u00e9ez un hommage durable \u00e0 un mot ou un concept sp\u00e9cial et c\u00e9l\u00e9brez l&#8217;amour et la connexion qu&#8217;il repr\u00e9sente.<\/p>","protected":false},"excerpt":{"rendered":"<ul class=\"check-list\">\n<li>Faites votre d\u00e9finition personnelle<\/li>\n<li>Ajoutez votre propre photo<\/li>\n<li>Personnalisez en 3 \u00e9tapes simples<\/li>\n<li>Choisissez un mod\u00e8le ou laissez libre cours \u00e0 votre cr\u00e9ativit\u00e9<\/li>\n<li>Vois le r\u00e9sultat imm\u00e9diatement \u2013 l\u2019aper\u00e7u interactif te permet de peaufiner chaque d\u00e9tail<\/li>\n<\/ul>\n","protected":false},"featured_media":1113625,"template":"","meta":[],"product_brand":[],"product_cat":[9731,104],"product_tag":[14858,8415],"class_list":{"0":"post-1115050","1":"product","2":"type-product","3":"status-publish","4":"has-post-thumbnail","6":"product_cat-definition-fr","7":"product_cat-tous-les-produits","8":"product_tag-creators-fr-2","9":"product_tag-creators-fr","11":"first","12":"instock","13":"sale","14":"taxable","15":"shipping-taxable","16":"purchasable","17":"product-type-variable"},"yoast_head":"<!-- This site is optimized with the Yoast SEO Premium plugin v27.2 (Yoast SEO v27.2) - https:\/\/yoast.com\/product\/yoast-seo-premium-wordpress\/ -->\n<title>Affiche de D\u00e9finition Personnalis\u00e9 - Positive Prints<\/title>\n<meta name=\"description\" content=\"D\u00e9couvrez notre Affiche de D\u00e9finition Personnalis\u00e9, o\u00f9 vous pouvez d\u00e9finir n&#039;importe quel mot ou concept avec une touche de cr\u00e9ativit\u00e9 et de sentimentalit\u00e9.\" \/>\n<meta name=\"robots\" content=\"index, follow, max-snippet:-1, max-image-preview:large, max-video-preview:-1\" \/>\n<link rel=\"canonical\" href=\"https:\/\/positiveprints.com\/fr\/produit\/affiche-definition-personnalise\/\" \/>\n<meta property=\"og:locale\" content=\"fr_FR\" \/>\n<meta property=\"og:type\" content=\"article\" \/>\n<meta property=\"og:title\" content=\"Affiche de D\u00e9finition Personnalis\u00e9\" \/>\n<meta property=\"og:description\" content=\"Faites votre d\u00e9finition personnelle Ajoutez votre propre photo Personnalisez en 3 \u00e9tapes simples Choisissez un mod\u00e8le ou laissez libre cours \u00e0 votre cr\u00e9ativit\u00e9 Vois le r\u00e9sultat imm\u00e9diatement \u2013 l\u2019aper\u00e7u interactif te permet de peaufiner chaque d\u00e9tail\" \/>\n<meta property=\"og:url\" content=\"https:\/\/positiveprints.com\/fr\/produit\/affiche-definition-personnalise\/\" \/>\n<meta property=\"og:site_name\" content=\"Positive Prints\" \/>\n<meta property=\"article:publisher\" content=\"https:\/\/www.facebook.com\/positiveprintscom\" \/>\n<meta property=\"article:modified_time\" content=\"2026-04-12T20:01:13+00:00\" \/>\n<meta property=\"og:image\" content=\"https:\/\/positiveprints.com\/wp-content\/uploads\/2024\/05\/Ame-Soeur-Affiche-de-Definition.jpg\" \/>\n\t<meta property=\"og:image:width\" content=\"1080\" \/>\n\t<meta property=\"og:image:height\" content=\"1080\" \/>\n\t<meta property=\"og:image:type\" content=\"image\/jpeg\" \/>\n<meta name=\"twitter:card\" content=\"summary_large_image\" \/>\n<meta name=\"twitter:label1\" content=\"Dur\u00e9e de lecture estim\u00e9e\" \/>\n\t<meta name=\"twitter:data1\" content=\"2 minutes\" \/>\n<!-- \/ Yoast SEO Premium plugin. -->","yoast_head_json":{"title":"Affiche de D\u00e9finition Personnalis\u00e9 - Positive Prints","description":"D\u00e9couvrez notre Affiche de D\u00e9finition Personnalis\u00e9, o\u00f9 vous pouvez d\u00e9finir n'importe quel mot ou concept avec une touche de cr\u00e9ativit\u00e9 et de sentimentalit\u00e9.","robots":{"index":"index","follow":"follow","max-snippet":"max-snippet:-1","max-image-preview":"max-image-preview:large","max-video-preview":"max-video-preview:-1"},"canonical":"https:\/\/positiveprints.com\/fr\/produit\/affiche-definition-personnalise\/","og_locale":"fr_FR","og_type":"article","og_title":"Affiche de D\u00e9finition Personnalis\u00e9","og_description":"Faites votre d\u00e9finition personnelle Ajoutez votre propre photo Personnalisez en 3 \u00e9tapes simples Choisissez un mod\u00e8le ou laissez libre cours \u00e0 votre cr\u00e9ativit\u00e9 Vois le r\u00e9sultat imm\u00e9diatement \u2013 l\u2019aper\u00e7u interactif te permet de peaufiner chaque d\u00e9tail","og_url":"https:\/\/positiveprints.com\/fr\/produit\/affiche-definition-personnalise\/","og_site_name":"Positive Prints","article_publisher":"https:\/\/www.facebook.com\/positiveprintscom","article_modified_time":"2026-04-12T20:01:13+00:00","og_image":[{"width":1080,"height":1080,"url":"https:\/\/positiveprints.com\/wp-content\/uploads\/2024\/05\/Ame-Soeur-Affiche-de-Definition.jpg","type":"image\/jpeg"}],"twitter_card":"summary_large_image","twitter_misc":{"Dur\u00e9e de lecture estim\u00e9e":"2 minutes"},"schema":{"@context":"https:\/\/schema.org","@graph":[{"@type":["WebPage","ItemPage"],"@id":"https:\/\/positiveprints.com\/fr\/produit\/affiche-definition-personnalise\/","url":"https:\/\/positiveprints.com\/fr\/produit\/affiche-definition-personnalise\/","name":"Affiche de D\u00e9finition Personnalis\u00e9 - Positive Prints","isPartOf":{"@id":"https:\/\/positiveprints.com\/fr\/#website"},"primaryImageOfPage":{"@id":"https:\/\/positiveprints.com\/fr\/produit\/affiche-definition-personnalise\/#primaryimage"},"image":{"@id":"https:\/\/positiveprints.com\/fr\/produit\/affiche-definition-personnalise\/#primaryimage"},"thumbnailUrl":"https:\/\/positiveprints.com\/wp-content\/uploads\/2024\/05\/Ame-Soeur-Affiche-de-Definition.jpg","datePublished":"2024-05-13T08:22:06+00:00","dateModified":"2026-04-12T20:01:13+00:00","description":"D\u00e9couvrez notre Affiche de D\u00e9finition Personnalis\u00e9, o\u00f9 vous pouvez d\u00e9finir n'importe quel mot ou concept avec une touche de cr\u00e9ativit\u00e9 et de sentimentalit\u00e9.","breadcrumb":{"@id":"https:\/\/positiveprints.com\/fr\/produit\/affiche-definition-personnalise\/#breadcrumb"},"inLanguage":"fr-FR","potentialAction":[{"@type":"ReadAction","target":["https:\/\/positiveprints.com\/fr\/produit\/affiche-definition-personnalise\/"]}]},{"@type":"ImageObject","inLanguage":"fr-FR","@id":"https:\/\/positiveprints.com\/fr\/produit\/affiche-definition-personnalise\/#primaryimage","url":"https:\/\/positiveprints.com\/wp-content\/uploads\/2024\/05\/Ame-Soeur-Affiche-de-Definition.jpg","contentUrl":"https:\/\/positiveprints.com\/wp-content\/uploads\/2024\/05\/Ame-Soeur-Affiche-de-Definition.jpg","width":1080,"height":1080},{"@type":"BreadcrumbList","@id":"https:\/\/positiveprints.com\/fr\/produit\/affiche-definition-personnalise\/#breadcrumb","itemListElement":[{"@type":"ListItem","position":1,"name":"Home","item":"https:\/\/positiveprints.com\/fr\/"},{"@type":"ListItem","position":2,"name":"Produits","item":"https:\/\/positiveprints.com\/fr\/shop\/"},{"@type":"ListItem","position":3,"name":"Affiche de D\u00e9finition Personnalis\u00e9"}]},{"@type":"WebSite","@id":"https:\/\/positiveprints.com\/fr\/#website","url":"https:\/\/positiveprints.com\/fr\/","name":"Positive Prints","description":"Amazing Custom Personalized Gifts","publisher":{"@id":"https:\/\/positiveprints.com\/fr\/#organization"},"potentialAction":[{"@type":"SearchAction","target":{"@type":"EntryPoint","urlTemplate":"https:\/\/positiveprints.com\/fr\/?s={search_term_string}"},"query-input":{"@type":"PropertyValueSpecification","valueRequired":true,"valueName":"search_term_string"}}],"inLanguage":"fr-FR"},{"@type":"Organization","@id":"https:\/\/positiveprints.com\/fr\/#organization","name":"Positive Prints","alternateName":"Positive Prints","url":"https:\/\/positiveprints.com\/fr\/","logo":{"@type":"ImageObject","inLanguage":"fr-FR","@id":"https:\/\/positiveprints.com\/fr\/#\/schema\/logo\/image\/","url":"https:\/\/positiveprints.com\/wp-content\/uploads\/2026\/03\/245815646_1337939713319158_5671353136411139666_n.png","contentUrl":"https:\/\/positiveprints.com\/wp-content\/uploads\/2026\/03\/245815646_1337939713319158_5671353136411139666_n.png","width":800,"height":800,"caption":"Positive Prints"},"image":{"@id":"https:\/\/positiveprints.com\/fr\/#\/schema\/logo\/image\/"},"sameAs":["https:\/\/www.facebook.com\/positiveprintscom","https:\/\/www.instagram.com\/positiveprintscom\/","https:\/\/www.tiktok.com\/@positiveprintscom","https:\/\/www.pinterest.com\/positiveprintscom\/"]}]}},"jetpack_sharing_enabled":true,"_links":{"self":[{"href":"https:\/\/positiveprints.com\/fr\/wp-json\/wp\/v2\/product\/1115050","targetHints":{"allow":["GET"]}}],"collection":[{"href":"https:\/\/positiveprints.com\/fr\/wp-json\/wp\/v2\/product"}],"about":[{"href":"https:\/\/positiveprints.com\/fr\/wp-json\/wp\/v2\/types\/product"}],"wp:featuredmedia":[{"embeddable":true,"href":"https:\/\/positiveprints.com\/fr\/wp-json\/wp\/v2\/media\/1113625"}],"wp:attachment":[{"href":"https:\/\/positiveprints.com\/fr\/wp-json\/wp\/v2\/media?parent=1115050"}],"wp:term":[{"taxonomy":"product_brand","embeddable":true,"href":"https:\/\/positiveprints.com\/fr\/wp-json\/wp\/v2\/product_brand?post=1115050"},{"taxonomy":"product_cat","embeddable":true,"href":"https:\/\/positiveprints.com\/fr\/wp-json\/wp\/v2\/product_cat?post=1115050"},{"taxonomy":"product_tag","embeddable":true,"href":"https:\/\/positiveprints.com\/fr\/wp-json\/wp\/v2\/product_tag?post=1115050"}],"curies":[{"name":"wp","href":"https:\/\/api.w.org\/{rel}","templated":true}]}}