{"id":1113577,"date":"2024-05-09T19:50:35","date_gmt":"2024-05-09T18:50:35","guid":{"rendered":"https:\/\/positiveprints.com\/product\/ame-soeur-affiche-de-definition\/"},"modified":"2026-04-07T13:40:54","modified_gmt":"2026-04-07T12:40:54","slug":"ame-soeur-affiche-definition","status":"publish","type":"product","link":"https:\/\/positiveprints.com\/fr\/produit\/ame-soeur-affiche-definition\/","title":{"rendered":"\u00c2me S\u0153ur Affiche de D\u00e9finition"},"content":{"rendered":"<p>\u00c0 la recherche d&#8217;une fa\u00e7on unique de d\u00e9finir votre lien d&#8217;\u00e2me s\u0153ur ? D\u00e9couvrez notre Poster de D\u00e9finition d&#8217;\u00c2me S\u0153ur, une affiche personnalis\u00e9e qui capture l&#8217;essence de votre lien de mani\u00e8re cr\u00e9ative et sinc\u00e8re.<\/p>\r\n\r\n<h2>\u00c2me S\u0153ur Affiche de D\u00e9finition &#8211; Options de Personnalisation<\/h2>\r\n\r\n<p>Avec notre Poster de D\u00e9finition d&#8217;\u00c2me S\u0153ur, vous pouvez d\u00e9finir votre lien de mani\u00e8re profond\u00e9ment significative pour vous. Personnalisez votre affiche en choisissant parmi notre d\u00e9finition pr\u00e9d\u00e9finie ou en cr\u00e9ant la v\u00f4tre, que ce soit dr\u00f4le, \u00e9motionnel ou profond\u00e9ment personnel.<\/p>\r\n\r\n<p>Am\u00e9liorez votre affiche avec une photo qui refl\u00e8te votre relation, ajoutant une couche de sentimentalit\u00e9 suppl\u00e9mentaire. Exp\u00e9rimentez avec les couleurs en s\u00e9lectionnant des couleurs de fond et de police qui compl\u00e8tent votre style et votre humeur.<\/p>\r\n\r\n<h2>Cadeau Parfait pour Toute Occasion<\/h2>\r\n\r\n<p>Que ce soit pour un anniversaire, un anniversaire de mariage ou toute autre occasion sp\u00e9ciale, notre Poster de D\u00e9finition d&#8217;\u00c2me S\u0153ur est un cadeau attentionn\u00e9 pour c\u00e9l\u00e9brer votre lien unique. Imaginez la joie sur le visage de votre \u00e2me s\u0153ur lorsqu&#8217;elle recevra une affiche personnalis\u00e9e qui capture l&#8217;essence de votre connexion.<\/p>\r\n\r\n<p>Commander est facile &#8211; visitez notre site web, personnalisez votre affiche, t\u00e9l\u00e9chargez votre photo, s\u00e9lectionnez votre palette de couleurs et passez votre commande. Nous nous occupons du reste, en veillant \u00e0 ce que votre affiche soit imprim\u00e9e et emball\u00e9e avec soin.<\/p>\r\n\r\n<p>Exposez-la fi\u00e8rement chez vous ou offrez-la \u00e0 votre \u00e2me s\u0153ur comme un t\u00e9moignage de votre amour. Cr\u00e9ez un hommage durable \u00e0 votre lien et c\u00e9l\u00e9brez l&#8217;amour qui vous unit.<\/p>","protected":false},"excerpt":{"rendered":"<ul class=\"check-list\">\n<li>Faites votre d\u00e9finition personnelle<\/li>\n<li>Ajoutez votre propre photo<\/li>\n<li>Personnalisez en 3 \u00e9tapes simples<\/li>\n<li>Choisissez un mod\u00e8le ou laissez libre cours \u00e0 votre cr\u00e9ativit\u00e9<\/li>\n<li>Vois le r\u00e9sultat imm\u00e9diatement \u2013 l\u2019aper\u00e7u interactif te permet de peaufiner chaque d\u00e9tail<\/li>\n<\/ul>\n","protected":false},"featured_media":1477363,"template":"","meta":[],"product_brand":[],"product_cat":[9731,104,5264,11395,11396,8006,7685],"product_tag":[11790,11792,9732,8518,17441,17440],"class_list":{"0":"post-1113577","1":"product","2":"type-product","3":"status-publish","4":"has-post-thumbnail","6":"product_cat-definition-fr","7":"product_cat-tous-les-produits","8":"product_cat-cadeaux-de-noel","9":"product_cat-cadeaux-de-noel-pour-femme","10":"product_cat-cadeaux-de-noel-pour-homme","11":"product_cat-cadeaux-pour-hommes","12":"product_cat-cadeaux-pour-femmes","13":"product_tag-cadeaux-de-noel-pour-elle","14":"product_tag-cadeaux-de-noel-pour-lui","15":"product_tag-couple-fr-2","16":"product_tag-couples-fr","17":"product_tag-prezenty-pod-choinke-dla-niego-fr","18":"product_tag-prezenty-pod-choinke-dla-niej-fr","20":"first","21":"instock","22":"sale","23":"taxable","24":"shipping-taxable","25":"purchasable","26":"product-type-variable"},"yoast_head":"<!-- This site is optimized with the Yoast SEO Premium plugin v27.2 (Yoast SEO v27.2) - https:\/\/yoast.com\/product\/yoast-seo-premium-wordpress\/ -->\n<title>\u00c2me S\u0153ur Affiche de D\u00e9finition - Positive Prints<\/title>\n<meta name=\"description\" content=\"D\u00e9couvrez notre Poster de D\u00e9finition d&#039;\u00c2me S\u0153ur, une affiche personnalis\u00e9e qui capture l&#039;essence de votre lien de mani\u00e8re cr\u00e9ative et sinc\u00e8re.\" \/>\n<meta name=\"robots\" content=\"index, follow, max-snippet:-1, max-image-preview:large, max-video-preview:-1\" \/>\n<link rel=\"canonical\" href=\"https:\/\/positiveprints.com\/fr\/produit\/ame-soeur-affiche-definition\/\" \/>\n<meta property=\"og:locale\" content=\"fr_FR\" \/>\n<meta property=\"og:type\" content=\"article\" \/>\n<meta property=\"og:title\" content=\"\u00c2me S\u0153ur Affiche de D\u00e9finition\" \/>\n<meta property=\"og:description\" content=\"Faites votre d\u00e9finition personnelle Ajoutez votre propre photo Personnalisez en 3 \u00e9tapes simples Choisissez un mod\u00e8le ou laissez libre cours \u00e0 votre cr\u00e9ativit\u00e9 Vois le r\u00e9sultat imm\u00e9diatement \u2013 l\u2019aper\u00e7u interactif te permet de peaufiner chaque d\u00e9tail\" \/>\n<meta property=\"og:url\" content=\"https:\/\/positiveprints.com\/fr\/produit\/ame-soeur-affiche-definition\/\" \/>\n<meta property=\"og:site_name\" content=\"Positive Prints\" \/>\n<meta property=\"article:publisher\" content=\"https:\/\/www.facebook.com\/positiveprintscom\" \/>\n<meta property=\"article:modified_time\" content=\"2026-04-07T12:40:54+00:00\" \/>\n<meta property=\"og:image\" content=\"https:\/\/positiveprints.com\/wp-content\/uploads\/2024\/05\/Ame-Soeur-Affiche-de-Definition.jpg\" \/>\n\t<meta property=\"og:image:width\" content=\"1080\" \/>\n\t<meta property=\"og:image:height\" content=\"1080\" \/>\n\t<meta property=\"og:image:type\" content=\"image\/jpeg\" \/>\n<meta name=\"twitter:card\" content=\"summary_large_image\" \/>\n<meta name=\"twitter:label1\" content=\"Dur\u00e9e de lecture estim\u00e9e\" \/>\n\t<meta name=\"twitter:data1\" content=\"2 minutes\" \/>\n<!-- \/ Yoast SEO Premium plugin. -->","yoast_head_json":{"title":"\u00c2me S\u0153ur Affiche de D\u00e9finition - Positive Prints","description":"D\u00e9couvrez notre Poster de D\u00e9finition d'\u00c2me S\u0153ur, une affiche personnalis\u00e9e qui capture l'essence de votre lien de mani\u00e8re cr\u00e9ative et sinc\u00e8re.","robots":{"index":"index","follow":"follow","max-snippet":"max-snippet:-1","max-image-preview":"max-image-preview:large","max-video-preview":"max-video-preview:-1"},"canonical":"https:\/\/positiveprints.com\/fr\/produit\/ame-soeur-affiche-definition\/","og_locale":"fr_FR","og_type":"article","og_title":"\u00c2me S\u0153ur Affiche de D\u00e9finition","og_description":"Faites votre d\u00e9finition personnelle Ajoutez votre propre photo Personnalisez en 3 \u00e9tapes simples Choisissez un mod\u00e8le ou laissez libre cours \u00e0 votre cr\u00e9ativit\u00e9 Vois le r\u00e9sultat imm\u00e9diatement \u2013 l\u2019aper\u00e7u interactif te permet de peaufiner chaque d\u00e9tail","og_url":"https:\/\/positiveprints.com\/fr\/produit\/ame-soeur-affiche-definition\/","og_site_name":"Positive Prints","article_publisher":"https:\/\/www.facebook.com\/positiveprintscom","article_modified_time":"2026-04-07T12:40:54+00:00","og_image":[{"width":1080,"height":1080,"url":"https:\/\/positiveprints.com\/wp-content\/uploads\/2024\/05\/Ame-Soeur-Affiche-de-Definition.jpg","type":"image\/jpeg"}],"twitter_card":"summary_large_image","twitter_misc":{"Dur\u00e9e de lecture estim\u00e9e":"2 minutes"},"schema":{"@context":"https:\/\/schema.org","@graph":[{"@type":["WebPage","ItemPage"],"@id":"https:\/\/positiveprints.com\/fr\/produit\/ame-soeur-affiche-definition\/","url":"https:\/\/positiveprints.com\/fr\/produit\/ame-soeur-affiche-definition\/","name":"\u00c2me S\u0153ur Affiche de D\u00e9finition - Positive Prints","isPartOf":{"@id":"https:\/\/positiveprints.com\/fr\/#website"},"primaryImageOfPage":{"@id":"https:\/\/positiveprints.com\/fr\/produit\/ame-soeur-affiche-definition\/#primaryimage"},"image":{"@id":"https:\/\/positiveprints.com\/fr\/produit\/ame-soeur-affiche-definition\/#primaryimage"},"thumbnailUrl":"https:\/\/positiveprints.com\/wp-content\/uploads\/2025\/07\/Packshot_FR_A\u0302me-Soeur-Affiche-de-De\u0301finition.webp","datePublished":"2024-05-09T18:50:35+00:00","dateModified":"2026-04-07T12:40:54+00:00","description":"D\u00e9couvrez notre Poster de D\u00e9finition d'\u00c2me S\u0153ur, une affiche personnalis\u00e9e qui capture l'essence de votre lien de mani\u00e8re cr\u00e9ative et sinc\u00e8re.","breadcrumb":{"@id":"https:\/\/positiveprints.com\/fr\/produit\/ame-soeur-affiche-definition\/#breadcrumb"},"inLanguage":"fr-FR","potentialAction":[{"@type":"ReadAction","target":["https:\/\/positiveprints.com\/fr\/produit\/ame-soeur-affiche-definition\/"]}]},{"@type":"ImageObject","inLanguage":"fr-FR","@id":"https:\/\/positiveprints.com\/fr\/produit\/ame-soeur-affiche-definition\/#primaryimage","url":"https:\/\/positiveprints.com\/wp-content\/uploads\/2025\/07\/Packshot_FR_A\u0302me-Soeur-Affiche-de-De\u0301finition.webp","contentUrl":"https:\/\/positiveprints.com\/wp-content\/uploads\/2025\/07\/Packshot_FR_A\u0302me-Soeur-Affiche-de-De\u0301finition.webp","width":1450,"height":1450},{"@type":"BreadcrumbList","@id":"https:\/\/positiveprints.com\/fr\/produit\/ame-soeur-affiche-definition\/#breadcrumb","itemListElement":[{"@type":"ListItem","position":1,"name":"Home","item":"https:\/\/positiveprints.com\/fr\/"},{"@type":"ListItem","position":2,"name":"Produits","item":"https:\/\/positiveprints.com\/fr\/shop\/"},{"@type":"ListItem","position":3,"name":"\u00c2me S\u0153ur Affiche de D\u00e9finition"}]},{"@type":"WebSite","@id":"https:\/\/positiveprints.com\/fr\/#website","url":"https:\/\/positiveprints.com\/fr\/","name":"Positive Prints","description":"Amazing Custom Personalized Gifts","publisher":{"@id":"https:\/\/positiveprints.com\/fr\/#organization"},"potentialAction":[{"@type":"SearchAction","target":{"@type":"EntryPoint","urlTemplate":"https:\/\/positiveprints.com\/fr\/?s={search_term_string}"},"query-input":{"@type":"PropertyValueSpecification","valueRequired":true,"valueName":"search_term_string"}}],"inLanguage":"fr-FR"},{"@type":"Organization","@id":"https:\/\/positiveprints.com\/fr\/#organization","name":"Positive Prints","alternateName":"Positive Prints","url":"https:\/\/positiveprints.com\/fr\/","logo":{"@type":"ImageObject","inLanguage":"fr-FR","@id":"https:\/\/positiveprints.com\/fr\/#\/schema\/logo\/image\/","url":"https:\/\/positiveprints.com\/wp-content\/uploads\/2026\/03\/245815646_1337939713319158_5671353136411139666_n.png","contentUrl":"https:\/\/positiveprints.com\/wp-content\/uploads\/2026\/03\/245815646_1337939713319158_5671353136411139666_n.png","width":800,"height":800,"caption":"Positive Prints"},"image":{"@id":"https:\/\/positiveprints.com\/fr\/#\/schema\/logo\/image\/"},"sameAs":["https:\/\/www.facebook.com\/positiveprintscom","https:\/\/www.instagram.com\/positiveprintscom\/","https:\/\/www.tiktok.com\/@positiveprintscom","https:\/\/www.pinterest.com\/positiveprintscom\/"]}]}},"jetpack_sharing_enabled":true,"_links":{"self":[{"href":"https:\/\/positiveprints.com\/fr\/wp-json\/wp\/v2\/product\/1113577","targetHints":{"allow":["GET"]}}],"collection":[{"href":"https:\/\/positiveprints.com\/fr\/wp-json\/wp\/v2\/product"}],"about":[{"href":"https:\/\/positiveprints.com\/fr\/wp-json\/wp\/v2\/types\/product"}],"wp:featuredmedia":[{"embeddable":true,"href":"https:\/\/positiveprints.com\/fr\/wp-json\/wp\/v2\/media\/1477363"}],"wp:attachment":[{"href":"https:\/\/positiveprints.com\/fr\/wp-json\/wp\/v2\/media?parent=1113577"}],"wp:term":[{"taxonomy":"product_brand","embeddable":true,"href":"https:\/\/positiveprints.com\/fr\/wp-json\/wp\/v2\/product_brand?post=1113577"},{"taxonomy":"product_cat","embeddable":true,"href":"https:\/\/positiveprints.com\/fr\/wp-json\/wp\/v2\/product_cat?post=1113577"},{"taxonomy":"product_tag","embeddable":true,"href":"https:\/\/positiveprints.com\/fr\/wp-json\/wp\/v2\/product_tag?post=1113577"}],"curies":[{"name":"wp","href":"https:\/\/api.w.org\/{rel}","templated":true}]}}