{"id":1105006,"date":"2024-04-22T08:31:06","date_gmt":"2024-04-22T07:31:06","guid":{"rendered":"https:\/\/positiveprints.com\/?post_type=product&#038;p=1105006"},"modified":"2026-04-28T13:52:58","modified_gmt":"2026-04-28T12:52:58","slug":"bijoux-en-dessin-au-trait-personnalisee","status":"publish","type":"product","link":"https:\/\/positiveprints.com\/fr\/produit\/bijoux-en-dessin-au-trait-personnalisee\/","title":{"rendered":"Bijoux en Dessin au Trait Personnalis\u00e9e"},"content":{"rendered":"Avez-vous d\u00e9j\u00e0 r\u00eav\u00e9 de transformer votre photo pr\u00e9f\u00e9r\u00e9e en une pi\u00e8ce d&#8217;art \u00e0 porter ? D\u00e9couvrez nos Bijoux en Dessin au Trait Personnalis\u00e9e. Mais qu&#8217;est-ce qui rend ces bijoux si uniques ?\n\n<h2>Cr\u00e9ez Vos Bijoux en Dessin au Trait Personnalis\u00e9e<\/h2>\n\nAvec nos Bijoux en Dessin au Trait Personnalis\u00e9e, nous transformons vos souvenirs ch\u00e9ris en superbes illustrations minimalistes en art de ligne. Nos artistes talentueux dessinent \u00e0 la main chaque design \u00e0 partir de votre photo, garantissant que chaque pendentif est vraiment unique en son genre.\n\n\n\n\u00c0 l&#8217;aide de notre \u00e9diteur en ligne convivial, il vous suffit de t\u00e9l\u00e9charger votre photo et d&#8217;ajouter un message personnalis\u00e9 au dos du pendentif.\n\n\n\nChaque pendentif, qu&#8217;il s&#8217;agisse d&#8217;un cercle \u00e9l\u00e9gant ou qu&#8217;il soit livr\u00e9 avec une cha\u00eene de 45 cm, subit une gravure laser m\u00e9ticuleuse pour garantir un d\u00e9tail impeccable et une durabilit\u00e9. Cela signifie que votre pi\u00e8ce de bijoux personnalis\u00e9e sera un hommage durable \u00e0 vos moments les plus pr\u00e9cieux.\n\n<h2>Commander des Bijoux en Dessin au Trait comme Cadeau<\/h2>\n\n\u00c0 la recherche du cadeau d&#8217;anniversaire parfait pour un \u00eatre cher ? Nos Bijoux en Dessin au Trait Personnalis\u00e9e sont s\u00fbrs de rendre leur journ\u00e9e encore plus sp\u00e9ciale. Imaginez la joie sur leur visage lorsqu&#8217;ils recevront un pendentif orn\u00e9 d&#8217;une illustration unique en art de ligne bas\u00e9e sur vos souvenirs partag\u00e9s, accompagn\u00e9e d&#8217;un message personnalis\u00e9 sinc\u00e8re. C&#8217;est un geste attentionn\u00e9 qui c\u00e9l\u00e8bre votre lien et les moments que vous avez partag\u00e9s ensemble.\n\n\n\nLa commande est simple &#8211; il vous suffit de visiter notre site web, de t\u00e9l\u00e9charger votre photo, de personnaliser votre pendentif avec un message personnalis\u00e9, de choisir votre mat\u00e9riau et votre option de cha\u00eene pr\u00e9f\u00e9r\u00e9s, et de passer votre commande. Nous nous occupons du reste, en veillant \u00e0 ce que votre pendentif soit magnifiquement emball\u00e9 dans une bo\u00eete \u00e0 bijoux, avec un guide d&#8217;entretien et un chiffon sp\u00e9cial pour le nettoyage.\n\n\n\nQue vous f\u00eatiez un anniversaire, une anniversaire de mariage, ou simplement que vous montriez \u00e0 quelqu&#8217;un que vous vous souciez de lui, nos Bijoux en Dessin au Trait Personnalis\u00e9e sont le moyen parfait de capturer l&#8217;essence de vos souvenirs les plus chers. Alors pourquoi attendre ? Cr\u00e9ez votre pi\u00e8ce personnalis\u00e9e d\u00e8s aujourd&#8217;hui et laissez vos souvenirs prendre vie dans un d\u00e9tail saisissant !","protected":false},"excerpt":{"rendered":"<ul class=\"check-list\">\n<li>Laissez nos artistes dessiner des \u0153uvres uniques \u00e0 partir de vos photos<\/li>\n<li>Pendentif de 20 mm fabriqu\u00e9 en argent sterling de qualit\u00e9 sup\u00e9rieure ou en, grav\u00e9 au laser et fini \u00e0 la main<\/li>\n<li>Choisissez un texte sinc\u00e8re en fonction de l&#8217;occasion<\/li>\n<li>Personnalisez en seulement 2 minutes<\/li>\n<li>Vois le r\u00e9sultat imm\u00e9diatement \u2013 l\u2019aper\u00e7u interactif te permet de peaufiner chaque d\u00e9tail<\/li>\n<\/ul>\n","protected":false},"featured_media":1531696,"template":"","meta":[],"product_brand":[],"product_cat":[9260,12251,12182,9760,104,5264,11395,11392,11402,7685],"product_tag":[11895,11896,11795,9311,9344,14858,9327,9355,17442,17440],"class_list":{"0":"post-1105006","1":"product","2":"type-product","3":"status-publish","4":"has-post-thumbnail","6":"product_cat-jewelry-fr","7":"product_cat-jewelry-basic-fr","8":"product_cat-line-art-jewelry-fr","9":"product_cat-trending-label-fr","10":"product_cat-tous-les-produits","11":"product_cat-cadeaux-de-noel","12":"product_cat-cadeaux-de-noel-pour-femme","13":"product_cat-cadeaux-de-noel-pour-sa-copine","14":"product_cat-cadeaux-de-noel-pour-sa-femme","15":"product_cat-cadeaux-pour-femmes","16":"product_tag-breloque","17":"product_tag-breloques","18":"product_tag-cadeaux-de-noel-pour-sa-femme","19":"product_tag-chaine","20":"product_tag-collier","21":"product_tag-creators-fr-2","22":"product_tag-medaillon-fr","23":"product_tag-pendentif","24":"product_tag-prezenty-pod-choinke-dla-dziewczyny-fr","25":"product_tag-prezenty-pod-choinke-dla-niej-fr","27":"first","28":"instock","29":"sale","30":"taxable","31":"shipping-taxable","32":"purchasable","33":"product-type-variable"},"yoast_head":"<!-- This site is optimized with the Yoast SEO Premium plugin v27.2 (Yoast SEO v27.2) - https:\/\/yoast.com\/product\/yoast-seo-premium-wordpress\/ -->\n<title>Bijoux en Dessin au Trait Personnalis\u00e9e - Positive Prints<\/title>\n<meta name=\"description\" content=\"Transformez vos souvenirs pr\u00e9f\u00e9r\u00e9s en \u0153uvres d&#039;art portable avec nos bijoux personnalis\u00e9s en art de ligne. Cr\u00e9ez le v\u00f4tre d\u00e8s maintenant !\" \/>\n<meta name=\"robots\" content=\"index, follow, max-snippet:-1, max-image-preview:large, max-video-preview:-1\" \/>\n<link rel=\"canonical\" href=\"https:\/\/positiveprints.com\/fr\/produit\/bijoux-en-dessin-au-trait-personnalisee\/\" \/>\n<meta property=\"og:locale\" content=\"fr_FR\" \/>\n<meta property=\"og:type\" content=\"article\" \/>\n<meta property=\"og:title\" content=\"Bijoux en Dessin au Trait Personnalis\u00e9e\" \/>\n<meta property=\"og:description\" content=\"Laissez nos artistes dessiner des \u0153uvres uniques \u00e0 partir de vos photos Pendentif de 20 mm fabriqu\u00e9 en argent sterling de qualit\u00e9 sup\u00e9rieure ou en, grav\u00e9 au laser et fini \u00e0 la main Choisissez un texte sinc\u00e8re en fonction de l&#039;occasion Personnalisez en seulement 2 minutes Vois le r\u00e9sultat imm\u00e9diatement \u2013 l\u2019aper\u00e7u interactif te permet de peaufiner chaque d\u00e9tail\" \/>\n<meta property=\"og:url\" content=\"https:\/\/positiveprints.com\/fr\/produit\/bijoux-en-dessin-au-trait-personnalisee\/\" \/>\n<meta property=\"og:site_name\" content=\"Positive Prints\" \/>\n<meta property=\"article:publisher\" content=\"https:\/\/www.facebook.com\/positiveprintscom\" \/>\n<meta property=\"article:modified_time\" content=\"2026-04-28T12:52:58+00:00\" \/>\n<meta property=\"og:image\" content=\"https:\/\/positiveprints.com\/wp-content\/uploads\/2025\/10\/MAIN_FR_Bijoux-en-Dessin-au-Trait-Personnalise\u0301e.webp\" \/>\n\t<meta property=\"og:image:width\" content=\"2500\" \/>\n\t<meta property=\"og:image:height\" content=\"2500\" \/>\n\t<meta property=\"og:image:type\" content=\"image\/webp\" \/>\n<meta name=\"twitter:card\" content=\"summary_large_image\" \/>\n<!-- \/ Yoast SEO Premium plugin. -->","yoast_head_json":{"title":"Bijoux en Dessin au Trait Personnalis\u00e9e - Positive Prints","description":"Transformez vos souvenirs pr\u00e9f\u00e9r\u00e9s en \u0153uvres d'art portable avec nos bijoux personnalis\u00e9s en art de ligne. Cr\u00e9ez le v\u00f4tre d\u00e8s maintenant !","robots":{"index":"index","follow":"follow","max-snippet":"max-snippet:-1","max-image-preview":"max-image-preview:large","max-video-preview":"max-video-preview:-1"},"canonical":"https:\/\/positiveprints.com\/fr\/produit\/bijoux-en-dessin-au-trait-personnalisee\/","og_locale":"fr_FR","og_type":"article","og_title":"Bijoux en Dessin au Trait Personnalis\u00e9e","og_description":"Laissez nos artistes dessiner des \u0153uvres uniques \u00e0 partir de vos photos Pendentif de 20 mm fabriqu\u00e9 en argent sterling de qualit\u00e9 sup\u00e9rieure ou en, grav\u00e9 au laser et fini \u00e0 la main Choisissez un texte sinc\u00e8re en fonction de l'occasion Personnalisez en seulement 2 minutes Vois le r\u00e9sultat imm\u00e9diatement \u2013 l\u2019aper\u00e7u interactif te permet de peaufiner chaque d\u00e9tail","og_url":"https:\/\/positiveprints.com\/fr\/produit\/bijoux-en-dessin-au-trait-personnalisee\/","og_site_name":"Positive Prints","article_publisher":"https:\/\/www.facebook.com\/positiveprintscom","article_modified_time":"2026-04-28T12:52:58+00:00","og_image":[{"width":2500,"height":2500,"url":"https:\/\/positiveprints.com\/wp-content\/uploads\/2025\/10\/MAIN_FR_Bijoux-en-Dessin-au-Trait-Personnalise\u0301e.webp","type":"image\/webp"}],"twitter_card":"summary_large_image","schema":{"@context":"https:\/\/schema.org","@graph":[{"@type":["WebPage","ItemPage"],"@id":"https:\/\/positiveprints.com\/fr\/produit\/bijoux-en-dessin-au-trait-personnalisee\/","url":"https:\/\/positiveprints.com\/fr\/produit\/bijoux-en-dessin-au-trait-personnalisee\/","name":"Bijoux en Dessin au Trait Personnalis\u00e9e - Positive Prints","isPartOf":{"@id":"https:\/\/positiveprints.com\/fr\/#website"},"primaryImageOfPage":{"@id":"https:\/\/positiveprints.com\/fr\/produit\/bijoux-en-dessin-au-trait-personnalisee\/#primaryimage"},"image":{"@id":"https:\/\/positiveprints.com\/fr\/produit\/bijoux-en-dessin-au-trait-personnalisee\/#primaryimage"},"thumbnailUrl":"https:\/\/positiveprints.com\/wp-content\/uploads\/2025\/10\/MAIN_FR_Bijoux-en-Dessin-au-Trait-Personnalise\u0301e.webp","datePublished":"2024-04-22T07:31:06+00:00","dateModified":"2026-04-28T12:52:58+00:00","description":"Transformez vos souvenirs pr\u00e9f\u00e9r\u00e9s en \u0153uvres d'art portable avec nos bijoux personnalis\u00e9s en art de ligne. Cr\u00e9ez le v\u00f4tre d\u00e8s maintenant !","breadcrumb":{"@id":"https:\/\/positiveprints.com\/fr\/produit\/bijoux-en-dessin-au-trait-personnalisee\/#breadcrumb"},"inLanguage":"fr-FR","potentialAction":[{"@type":"ReadAction","target":["https:\/\/positiveprints.com\/fr\/produit\/bijoux-en-dessin-au-trait-personnalisee\/"]}]},{"@type":"ImageObject","inLanguage":"fr-FR","@id":"https:\/\/positiveprints.com\/fr\/produit\/bijoux-en-dessin-au-trait-personnalisee\/#primaryimage","url":"https:\/\/positiveprints.com\/wp-content\/uploads\/2025\/10\/MAIN_FR_Bijoux-en-Dessin-au-Trait-Personnalise\u0301e.webp","contentUrl":"https:\/\/positiveprints.com\/wp-content\/uploads\/2025\/10\/MAIN_FR_Bijoux-en-Dessin-au-Trait-Personnalise\u0301e.webp","width":2500,"height":2500},{"@type":"BreadcrumbList","@id":"https:\/\/positiveprints.com\/fr\/produit\/bijoux-en-dessin-au-trait-personnalisee\/#breadcrumb","itemListElement":[{"@type":"ListItem","position":1,"name":"Home","item":"https:\/\/positiveprints.com\/fr\/"},{"@type":"ListItem","position":2,"name":"Produits","item":"https:\/\/positiveprints.com\/fr\/shop\/"},{"@type":"ListItem","position":3,"name":"Bijoux en Dessin au Trait Personnalis\u00e9e"}]},{"@type":"WebSite","@id":"https:\/\/positiveprints.com\/fr\/#website","url":"https:\/\/positiveprints.com\/fr\/","name":"Positive Prints","description":"Amazing Custom Personalized Gifts","publisher":{"@id":"https:\/\/positiveprints.com\/fr\/#organization"},"potentialAction":[{"@type":"SearchAction","target":{"@type":"EntryPoint","urlTemplate":"https:\/\/positiveprints.com\/fr\/?s={search_term_string}"},"query-input":{"@type":"PropertyValueSpecification","valueRequired":true,"valueName":"search_term_string"}}],"inLanguage":"fr-FR"},{"@type":"Organization","@id":"https:\/\/positiveprints.com\/fr\/#organization","name":"Positive Prints","alternateName":"Positive Prints","url":"https:\/\/positiveprints.com\/fr\/","logo":{"@type":"ImageObject","inLanguage":"fr-FR","@id":"https:\/\/positiveprints.com\/fr\/#\/schema\/logo\/image\/","url":"https:\/\/positiveprints.com\/wp-content\/uploads\/2026\/03\/245815646_1337939713319158_5671353136411139666_n.png","contentUrl":"https:\/\/positiveprints.com\/wp-content\/uploads\/2026\/03\/245815646_1337939713319158_5671353136411139666_n.png","width":800,"height":800,"caption":"Positive Prints"},"image":{"@id":"https:\/\/positiveprints.com\/fr\/#\/schema\/logo\/image\/"},"sameAs":["https:\/\/www.facebook.com\/positiveprintscom","https:\/\/www.instagram.com\/positiveprintscom\/","https:\/\/www.tiktok.com\/@positiveprintscom","https:\/\/www.pinterest.com\/positiveprintscom\/"]}]}},"jetpack_sharing_enabled":true,"_links":{"self":[{"href":"https:\/\/positiveprints.com\/fr\/wp-json\/wp\/v2\/product\/1105006","targetHints":{"allow":["GET"]}}],"collection":[{"href":"https:\/\/positiveprints.com\/fr\/wp-json\/wp\/v2\/product"}],"about":[{"href":"https:\/\/positiveprints.com\/fr\/wp-json\/wp\/v2\/types\/product"}],"wp:featuredmedia":[{"embeddable":true,"href":"https:\/\/positiveprints.com\/fr\/wp-json\/wp\/v2\/media\/1531696"}],"wp:attachment":[{"href":"https:\/\/positiveprints.com\/fr\/wp-json\/wp\/v2\/media?parent=1105006"}],"wp:term":[{"taxonomy":"product_brand","embeddable":true,"href":"https:\/\/positiveprints.com\/fr\/wp-json\/wp\/v2\/product_brand?post=1105006"},{"taxonomy":"product_cat","embeddable":true,"href":"https:\/\/positiveprints.com\/fr\/wp-json\/wp\/v2\/product_cat?post=1105006"},{"taxonomy":"product_tag","embeddable":true,"href":"https:\/\/positiveprints.com\/fr\/wp-json\/wp\/v2\/product_tag?post=1105006"}],"curies":[{"name":"wp","href":"https:\/\/api.w.org\/{rel}","templated":true}]}}