{"id":1104644,"date":"2024-04-22T19:48:52","date_gmt":"2024-04-22T18:48:52","guid":{"rendered":"https:\/\/positiveprints.com\/?post_type=product&#038;p=1104644"},"modified":"2026-04-03T02:54:03","modified_gmt":"2026-04-03T01:54:03","slug":"bijoux-de-coordonnees-personnalises","status":"publish","type":"product","link":"https:\/\/positiveprints.com\/fr\/produit\/bijoux-de-coordonnees-personnalises\/","title":{"rendered":"Bijoux de Coordonn\u00e9es Personnalis\u00e9s"},"content":{"rendered":"<p>Avez-vous d\u00e9j\u00e0 r\u00eav\u00e9 de pouvoir emporter avec vous un souvenir de vos moments les plus chers o\u00f9 que vous alliez ? D\u00e9couvrez nos Bijoux de Coordonn\u00e9es Personnalis\u00e9s. Mais qu&#8217;est-ce qui rend ces bijoux si sp\u00e9ciaux ?<\/p>\n\n\n\n<h2>Cr\u00e9ez Vos Bijoux de Coordonn\u00e9es Personnalis\u00e9s<\/h2>\n\n<p>Avec nos Bijoux de Coordonn\u00e9es Personnalis\u00e9s, vous pouvez capturer l&#8217;endroit exact o\u00f9 vos moments les plus pr\u00e9cieux se sont d\u00e9roul\u00e9s. En utilisant notre \u00e9diteur en ligne intuitif, il vous suffit de choisir l&#8217;emplacement d\u00e9sir\u00e9 et nous graverons ses coordonn\u00e9es sur le devant de votre pendentif.<\/p>\n\n\n\n<p>Mais ce n&#8217;est pas tout &#8211; vous pouvez \u00e9galement ajouter un message personnalis\u00e9 au dos du pendentif, en faisant un souvenir vraiment personnalis\u00e9. <\/p>\n\n\n\n<p>Chaque pendentif, qu&#8217;il s&#8217;agisse d&#8217;un cercle \u00e9l\u00e9gant ou qu&#8217;il soit accompagn\u00e9 d&#8217;une cha\u00eene de 45 cm, subit une gravure laser m\u00e9ticuleuse pour garantir pr\u00e9cision et durabilit\u00e9. Cela assure que votre pi\u00e8ce de bijou unique r\u00e9sistera \u00e0 l&#8217;\u00e9preuve du temps, tout comme vos souvenirs ch\u00e9ris.<\/p>\n\n\n\n<h2>Commander des Bijoux de Coordonn\u00e9es comme Cadeau<\/h2>\n\n<p>Vous recherchez le cadeau parfait pour un \u00eatre cher ? Nos Bijoux de Coordonn\u00e9es Personnalis\u00e9s sont la r\u00e9ponse. Imaginez la joie sur leur visage lorsqu&#8217;ils recevront un pendentif avec les coordonn\u00e9es de l&#8217;endroit o\u00f9 vous vous \u00eates rencontr\u00e9s pour la premi\u00e8re fois, ou tout autre lieu qui a une signification particuli\u00e8re pour vous deux. C&#8217;est un geste sinc\u00e8re qui en dit long sur votre lien.<\/p>\n\n\n\n<p>La commande est un jeu d&#8217;enfant &#8211; il vous suffit de visiter notre site web, d&#8217;utiliser notre \u00e9diteur en ligne pour personnaliser votre pendentif, de choisir votre mat\u00e9riau et votre option de cha\u00eene pr\u00e9f\u00e9r\u00e9s, et de passer votre commande. Nous nous occupons du reste, en veillant \u00e0 ce que votre pendentif soit \u00e9l\u00e9gamment emball\u00e9 dans une bo\u00eete \u00e0 bijoux, accompagn\u00e9 d&#8217;un guide d&#8217;entretien et d&#8217;un chiffon sp\u00e9cial pour le nettoyage.<\/p>\n\n\n\n<p>Que vous c\u00e9l\u00e9briez un jalon, comm\u00e9moriez un moment sp\u00e9cial, ou simplement montriez \u00e0 quelqu&#8217;un que vous vous souciez, nos Bijoux de Coordonn\u00e9es Personnalis\u00e9s sont le moyen parfait d&#8217;exprimer votre amour et de garder vos souvenirs pr\u00e8s de votre c\u0153ur. Alors pourquoi attendre ? Cr\u00e9ez votre pi\u00e8ce personnalis\u00e9e d\u00e8s aujourd&#8217;hui et laissez vos souvenirs briller !<\/p>","protected":false},"excerpt":{"rendered":"<ul class=\"check-list\">\n<li>Cr\u00e9ez un bijou unique avec les coordonn\u00e9es GPS d&#8217;un lieu sp\u00e9cial.<\/li>\n<li>Pendentif de 20 mm fabriqu\u00e9 en argent sterling de qualit\u00e9 sup\u00e9rieure ou en, grav\u00e9 au laser et fini \u00e0 la main<\/li>\n<li>Choisissez un texte sinc\u00e8re en fonction de l&#8217;occasion<\/li>\n<li>Personnalisez en seulement 2 minutes<\/li>\n<li>Vois le r\u00e9sultat imm\u00e9diatement \u2013 l\u2019aper\u00e7u interactif te permet de peaufiner chaque d\u00e9tail<\/li>\n<\/ul>\n","protected":false},"featured_media":1551972,"template":"","meta":[],"product_brand":[],"product_cat":[12179,8194,9260,12251,104,5290,5264,11395,15042,11401,11392,11402,11398,7685,7765,7781,7734,7829],"product_tag":[11895,11896,13426,13331,11795,9311,15218,9344,9327,9355,17440],"class_list":{"0":"post-1104644","1":"product","2":"type-product","3":"status-publish","4":"has-post-thumbnail","6":"product_cat-coordinates-jewelry-fr","7":"product_cat-pour-elle","8":"product_cat-jewelry-fr","9":"product_cat-jewelry-basic-fr","10":"product_cat-tous-les-produits","11":"product_cat-cadeaux-de-pendaison-de-cremaillere","12":"product_cat-cadeaux-de-noel","13":"product_cat-cadeaux-de-noel-pour-femme","14":"product_cat-cadeaux-de-noel-pour-les-amis","15":"product_cat-cadeaux-de-noel-pour-la-soeur","16":"product_cat-cadeaux-de-noel-pour-sa-copine","17":"product_cat-cadeaux-de-noel-pour-sa-femme","18":"product_cat-cadeaux-de-noel-pour-les-enfants","19":"product_cat-cadeaux-pour-femmes","20":"product_cat-cadeaux-pour-fille","21":"product_cat-cadeaux-pour-petite-amie","22":"product_cat-cadeaux-pour-soeur","23":"product_cat-cadeaux-pour-amis","24":"product_tag-breloque","25":"product_tag-breloques","26":"product_tag-cadeau-de-noel-pour-soeur","27":"product_tag-cadeau-de-noel-pour-une-grand-mere","28":"product_tag-cadeaux-de-noel-pour-sa-femme","29":"product_tag-chaine","30":"product_tag-christmas-gifts-for-friends-fr","31":"product_tag-collier","32":"product_tag-medaillon-fr","33":"product_tag-pendentif","34":"product_tag-prezenty-pod-choinke-dla-niej-fr","36":"first","37":"instock","38":"sale","39":"taxable","40":"shipping-taxable","41":"purchasable","42":"product-type-variable"},"yoast_head":"<!-- This site is optimized with the Yoast SEO Premium plugin v27.2 (Yoast SEO v27.2) - https:\/\/yoast.com\/product\/yoast-seo-premium-wordpress\/ -->\n<title>Bijoux de Coordonn\u00e9es Personnalis\u00e9s - Positive Prints<\/title>\n<meta name=\"description\" content=\"Gardez les endroits chers pr\u00e8s de votre c\u0153ur avec des bijoux de coordonn\u00e9es personnalis\u00e9s. Concevez le v\u00f4tre d\u00e8s aujourd&#039;hui !\" \/>\n<meta name=\"robots\" content=\"index, follow, max-snippet:-1, max-image-preview:large, max-video-preview:-1\" \/>\n<link rel=\"canonical\" href=\"https:\/\/positiveprints.com\/fr\/produit\/bijoux-de-coordonnees-personnalises\/\" \/>\n<meta property=\"og:locale\" content=\"fr_FR\" \/>\n<meta property=\"og:type\" content=\"article\" \/>\n<meta property=\"og:title\" content=\"Bijoux de Coordonn\u00e9es Personnalis\u00e9s\" \/>\n<meta property=\"og:description\" content=\"Cr\u00e9ez un bijou unique avec les coordonn\u00e9es GPS d&#039;un lieu sp\u00e9cial.  Pendentif de 20 mm fabriqu\u00e9 en argent sterling de qualit\u00e9 sup\u00e9rieure ou en, grav\u00e9 au laser et fini \u00e0 la main  Choisissez un texte sinc\u00e8re en fonction de l&#039;occasion  Personnalisez en seulement 2 minutes  Vois le r\u00e9sultat imm\u00e9diatement \u2013 l\u2019aper\u00e7u interactif te permet de peaufiner chaque d\u00e9tail\" \/>\n<meta property=\"og:url\" content=\"https:\/\/positiveprints.com\/fr\/produit\/bijoux-de-coordonnees-personnalises\/\" \/>\n<meta property=\"og:site_name\" content=\"Positive Prints\" \/>\n<meta property=\"article:publisher\" content=\"https:\/\/www.facebook.com\/positiveprintscom\" \/>\n<meta property=\"article:modified_time\" content=\"2026-04-03T01:54:03+00:00\" \/>\n<meta property=\"og:image\" content=\"https:\/\/positiveprints.com\/wp-content\/uploads\/2025\/10\/MAIN-and-packshot-all-Custom-Coordinates-Jewelry.webp\" \/>\n\t<meta property=\"og:image:width\" content=\"2500\" \/>\n\t<meta property=\"og:image:height\" content=\"2500\" \/>\n\t<meta property=\"og:image:type\" content=\"image\/webp\" \/>\n<meta name=\"twitter:card\" content=\"summary_large_image\" \/>\n<meta name=\"twitter:label1\" content=\"Dur\u00e9e de lecture estim\u00e9e\" \/>\n\t<meta name=\"twitter:data1\" content=\"2 minutes\" \/>\n<!-- \/ Yoast SEO Premium plugin. -->","yoast_head_json":{"title":"Bijoux de Coordonn\u00e9es Personnalis\u00e9s - Positive Prints","description":"Gardez les endroits chers pr\u00e8s de votre c\u0153ur avec des bijoux de coordonn\u00e9es personnalis\u00e9s. Concevez le v\u00f4tre d\u00e8s aujourd'hui !","robots":{"index":"index","follow":"follow","max-snippet":"max-snippet:-1","max-image-preview":"max-image-preview:large","max-video-preview":"max-video-preview:-1"},"canonical":"https:\/\/positiveprints.com\/fr\/produit\/bijoux-de-coordonnees-personnalises\/","og_locale":"fr_FR","og_type":"article","og_title":"Bijoux de Coordonn\u00e9es Personnalis\u00e9s","og_description":"Cr\u00e9ez un bijou unique avec les coordonn\u00e9es GPS d'un lieu sp\u00e9cial.  Pendentif de 20 mm fabriqu\u00e9 en argent sterling de qualit\u00e9 sup\u00e9rieure ou en, grav\u00e9 au laser et fini \u00e0 la main  Choisissez un texte sinc\u00e8re en fonction de l'occasion  Personnalisez en seulement 2 minutes  Vois le r\u00e9sultat imm\u00e9diatement \u2013 l\u2019aper\u00e7u interactif te permet de peaufiner chaque d\u00e9tail","og_url":"https:\/\/positiveprints.com\/fr\/produit\/bijoux-de-coordonnees-personnalises\/","og_site_name":"Positive Prints","article_publisher":"https:\/\/www.facebook.com\/positiveprintscom","article_modified_time":"2026-04-03T01:54:03+00:00","og_image":[{"width":2500,"height":2500,"url":"https:\/\/positiveprints.com\/wp-content\/uploads\/2025\/10\/MAIN-and-packshot-all-Custom-Coordinates-Jewelry.webp","type":"image\/webp"}],"twitter_card":"summary_large_image","twitter_misc":{"Dur\u00e9e de lecture estim\u00e9e":"2 minutes"},"schema":{"@context":"https:\/\/schema.org","@graph":[{"@type":["WebPage","ItemPage"],"@id":"https:\/\/positiveprints.com\/fr\/produit\/bijoux-de-coordonnees-personnalises\/","url":"https:\/\/positiveprints.com\/fr\/produit\/bijoux-de-coordonnees-personnalises\/","name":"Bijoux de Coordonn\u00e9es Personnalis\u00e9s - Positive Prints","isPartOf":{"@id":"https:\/\/positiveprints.com\/fr\/#website"},"primaryImageOfPage":{"@id":"https:\/\/positiveprints.com\/fr\/produit\/bijoux-de-coordonnees-personnalises\/#primaryimage"},"image":{"@id":"https:\/\/positiveprints.com\/fr\/produit\/bijoux-de-coordonnees-personnalises\/#primaryimage"},"thumbnailUrl":"https:\/\/positiveprints.com\/wp-content\/uploads\/2025\/10\/MAIN-and-packshot-all-Custom-Coordinates-Jewelry.webp","datePublished":"2024-04-22T18:48:52+00:00","dateModified":"2026-04-03T01:54:03+00:00","description":"Gardez les endroits chers pr\u00e8s de votre c\u0153ur avec des bijoux de coordonn\u00e9es personnalis\u00e9s. Concevez le v\u00f4tre d\u00e8s aujourd'hui !","breadcrumb":{"@id":"https:\/\/positiveprints.com\/fr\/produit\/bijoux-de-coordonnees-personnalises\/#breadcrumb"},"inLanguage":"fr-FR","potentialAction":[{"@type":"ReadAction","target":["https:\/\/positiveprints.com\/fr\/produit\/bijoux-de-coordonnees-personnalises\/"]}]},{"@type":"ImageObject","inLanguage":"fr-FR","@id":"https:\/\/positiveprints.com\/fr\/produit\/bijoux-de-coordonnees-personnalises\/#primaryimage","url":"https:\/\/positiveprints.com\/wp-content\/uploads\/2025\/10\/MAIN-and-packshot-all-Custom-Coordinates-Jewelry.webp","contentUrl":"https:\/\/positiveprints.com\/wp-content\/uploads\/2025\/10\/MAIN-and-packshot-all-Custom-Coordinates-Jewelry.webp","width":2500,"height":2500},{"@type":"BreadcrumbList","@id":"https:\/\/positiveprints.com\/fr\/produit\/bijoux-de-coordonnees-personnalises\/#breadcrumb","itemListElement":[{"@type":"ListItem","position":1,"name":"Home","item":"https:\/\/positiveprints.com\/fr\/"},{"@type":"ListItem","position":2,"name":"Produits","item":"https:\/\/positiveprints.com\/fr\/shop\/"},{"@type":"ListItem","position":3,"name":"Bijoux de Coordonn\u00e9es Personnalis\u00e9s"}]},{"@type":"WebSite","@id":"https:\/\/positiveprints.com\/fr\/#website","url":"https:\/\/positiveprints.com\/fr\/","name":"Positive Prints","description":"Amazing Custom Personalized Gifts","publisher":{"@id":"https:\/\/positiveprints.com\/fr\/#organization"},"potentialAction":[{"@type":"SearchAction","target":{"@type":"EntryPoint","urlTemplate":"https:\/\/positiveprints.com\/fr\/?s={search_term_string}"},"query-input":{"@type":"PropertyValueSpecification","valueRequired":true,"valueName":"search_term_string"}}],"inLanguage":"fr-FR"},{"@type":"Organization","@id":"https:\/\/positiveprints.com\/fr\/#organization","name":"Positive Prints","alternateName":"Positive Prints","url":"https:\/\/positiveprints.com\/fr\/","logo":{"@type":"ImageObject","inLanguage":"fr-FR","@id":"https:\/\/positiveprints.com\/fr\/#\/schema\/logo\/image\/","url":"https:\/\/positiveprints.com\/wp-content\/uploads\/2026\/03\/245815646_1337939713319158_5671353136411139666_n.png","contentUrl":"https:\/\/positiveprints.com\/wp-content\/uploads\/2026\/03\/245815646_1337939713319158_5671353136411139666_n.png","width":800,"height":800,"caption":"Positive Prints"},"image":{"@id":"https:\/\/positiveprints.com\/fr\/#\/schema\/logo\/image\/"},"sameAs":["https:\/\/www.facebook.com\/positiveprintscom","https:\/\/www.instagram.com\/positiveprintscom\/","https:\/\/www.tiktok.com\/@positiveprintscom","https:\/\/www.pinterest.com\/positiveprintscom\/"]}]}},"jetpack_sharing_enabled":true,"_links":{"self":[{"href":"https:\/\/positiveprints.com\/fr\/wp-json\/wp\/v2\/product\/1104644","targetHints":{"allow":["GET"]}}],"collection":[{"href":"https:\/\/positiveprints.com\/fr\/wp-json\/wp\/v2\/product"}],"about":[{"href":"https:\/\/positiveprints.com\/fr\/wp-json\/wp\/v2\/types\/product"}],"wp:featuredmedia":[{"embeddable":true,"href":"https:\/\/positiveprints.com\/fr\/wp-json\/wp\/v2\/media\/1551972"}],"wp:attachment":[{"href":"https:\/\/positiveprints.com\/fr\/wp-json\/wp\/v2\/media?parent=1104644"}],"wp:term":[{"taxonomy":"product_brand","embeddable":true,"href":"https:\/\/positiveprints.com\/fr\/wp-json\/wp\/v2\/product_brand?post=1104644"},{"taxonomy":"product_cat","embeddable":true,"href":"https:\/\/positiveprints.com\/fr\/wp-json\/wp\/v2\/product_cat?post=1104644"},{"taxonomy":"product_tag","embeddable":true,"href":"https:\/\/positiveprints.com\/fr\/wp-json\/wp\/v2\/product_tag?post=1104644"}],"curies":[{"name":"wp","href":"https:\/\/api.w.org\/{rel}","templated":true}]}}