{"id":1104617,"date":"2024-04-22T19:25:54","date_gmt":"2024-04-22T18:25:54","guid":{"rendered":"https:\/\/positiveprints.com\/?post_type=product&#038;p=1104617"},"modified":"2026-04-07T13:45:18","modified_gmt":"2026-04-07T12:45:18","slug":"bijoux-personnalises-du-zodiaque-moderne","status":"publish","type":"product","link":"https:\/\/positiveprints.com\/fr\/produit\/bijoux-personnalises-du-zodiaque-moderne\/","title":{"rendered":"Bijoux Personnalis\u00e9s du Zodiaque Moderne"},"content":{"rendered":"<p>\u00c0 la recherche d&#8217;une fa\u00e7on unique de c\u00e9l\u00e9brer votre signe du zodiaque tout en ajoutant une touche d&#8217;\u00e9l\u00e9gance moderne \u00e0 votre style ? D\u00e9couvrez nos bijoux personnalis\u00e9s du zodiaque moderne. Mais qu&#8217;est-ce qui distingue ces bijoux des autres ?<\/p>\n\n\n\n<h2>Cr\u00e9ez Vos Bijoux Personnalis\u00e9s du Zodiaque Moderne<\/h2>\n\n<p>Nos Bijoux Personnalis\u00e9s du Zodiaque Moderne offrent une interpr\u00e9tation contemporaine des symboles traditionnels du zodiaque. Avec notre \u00e9diteur en ligne convivial, vous pouvez choisir votre signe du zodiaque ou effectuer une recherche par date pour trouver l&#8217;illustration moderne du zodiaque qui vous parle.<\/p>\n\n\n\n<p>Une fois que vous avez s\u00e9lectionn\u00e9 votre design, vous pouvez personnaliser le pendentif avec un message personnalis\u00e9 au dos, le rendant vraiment unique en son genre.<\/p>\n\n\n\n<p>Chaque pendentif, qu&#8217;il s&#8217;agisse d&#8217;un cercle chic ou accompagn\u00e9 d&#8217;une cha\u00eene de 45 cm, subit une gravure laser pr\u00e9cise pour garantir un d\u00e9tail impeccable. Cela garantit que votre pi\u00e8ce de bijou personnalis\u00e9e sera une expression intemporelle de votre individualit\u00e9.<\/p>\n\n\n\n<h2>Commander des Bijoux du Zodiaque comme Cadeau<\/h2>\n\n<p>\u00c0 la recherche du cadeau d&#8217;anniversaire parfait pour un \u00eatre cher ? Nos Bijoux personnalis\u00e9s du zodiaque moderne sont le choix id\u00e9al. Imaginez la joie sur leur visage lorsqu&#8217;ils recevront un pendentif orn\u00e9 de leur signe du zodiaque, agr\u00e9ment\u00e9 d&#8217;un message personnalis\u00e9 et sinc\u00e8re de votre part. C&#8217;est un geste attentionn\u00e9 qui c\u00e9l\u00e8bre leur identit\u00e9 unique et leur parcours personnel.<\/p>\n\n\n\n<p>La commande est simple &#8211; il vous suffit de visiter notre site web, d&#8217;utiliser notre \u00e9diteur en ligne intuitif pour cr\u00e9er votre pendentif, de choisir votre mat\u00e9riau pr\u00e9f\u00e9r\u00e9 et votre option de cha\u00eene, et de passer votre commande. Nous nous occupons du reste, en veillant \u00e0 ce que votre pendentif soit \u00e9l\u00e9gamment emball\u00e9 dans une bo\u00eete \u00e0 bijoux, accompagn\u00e9 d&#8217;un guide d&#8217;entretien et d&#8217;un chiffon sp\u00e9cial pour le nettoyage.<\/p>\n\n\n\n<p>Que vous comm\u00e9moriez un anniversaire, honoriez une occasion sp\u00e9ciale, ou simplement exprimiez votre amour, nos Bijoux Personnalis\u00e9s du Zodiaque Moderne sont le moyen parfait de cr\u00e9er un lien significatif. Alors, pourquoi attendre ? Concevez votre pi\u00e8ce personnalis\u00e9e d\u00e8s aujourd&#8217;hui et embrassez votre signe du zodiaque avec une touche moderne !<\/p>","protected":false},"excerpt":{"rendered":"<ul class=\"check-list\">\n<li>Embrassez le signe du zodiaque de vous-m\u00eame ou de votre \u00eatre cher avec des bijoux uniques<\/li>\n<li>Pendentif de 20 mm fabriqu\u00e9 en argent sterling de qualit\u00e9 sup\u00e9rieure ou en, grav\u00e9 au laser et fini \u00e0 la main<\/li>\n<li>Choisissez un texte sinc\u00e8re en fonction de l&#8217;occasion<\/li>\n<li>Personnalisez en seulement 2 minutes<\/li>\n<li>Vois le r\u00e9sultat imm\u00e9diatement \u2013 l\u2019aper\u00e7u interactif te permet de peaufiner chaque d\u00e9tail<\/li>\n<\/ul>\n","protected":false},"featured_media":1551416,"template":"","meta":[],"product_brand":[],"product_cat":[3127,7956,7589,11211,9260,5249,7829,7685,7813,7734,104,12198],"product_tag":[13621],"class_list":{"0":"post-1104617","1":"product","2":"type-product","3":"status-publish","4":"has-post-thumbnail","6":"product_cat-cadeaux-danniversaire","7":"product_cat-cadeaux-de-baby-shower","8":"product_cat-cadeaux-de-bapteme","9":"product_cat-cadeau-anniversaire-femme","10":"product_cat-jewelry-fr","11":"product_cat-cadeaux-de-naissance-bebe","12":"product_cat-cadeaux-pour-amis","13":"product_cat-cadeaux-pour-femmes","14":"product_cat-cadeaux-pour-nouveaux-parents","15":"product_cat-cadeaux-pour-soeur","16":"product_cat-tous-les-produits","17":"product_cat-zodiac-jewelry-fr","18":"product_tag-collier-du-zodiaque","20":"first","21":"instock","22":"sale","23":"taxable","24":"shipping-taxable","25":"purchasable","26":"product-type-variable"},"yoast_head":"<!-- This site is optimized with the Yoast SEO Premium plugin v27.2 (Yoast SEO v27.2) - https:\/\/yoast.com\/product\/yoast-seo-premium-wordpress\/ -->\n<title>Bijoux Personnalis\u00e9s du Zodiaque Moderne - Positive Prints<\/title>\n<meta name=\"description\" content=\"Exprimez votre signe du zodiaque avec style contemporain gr\u00e2ce \u00e0 des bijoux personnalis\u00e9s. Concevez le v\u00f4tre d\u00e8s maintenant !\" \/>\n<meta name=\"robots\" content=\"index, follow, max-snippet:-1, max-image-preview:large, max-video-preview:-1\" \/>\n<link rel=\"canonical\" href=\"https:\/\/positiveprints.com\/fr\/produit\/bijoux-personnalises-du-zodiaque-moderne\/\" \/>\n<meta property=\"og:locale\" content=\"fr_FR\" \/>\n<meta property=\"og:type\" content=\"article\" \/>\n<meta property=\"og:title\" content=\"Bijoux Personnalis\u00e9s du Zodiaque Moderne\" \/>\n<meta property=\"og:description\" content=\"Embrassez le signe du zodiaque de vous-m\u00eame ou de votre \u00eatre cher avec des bijoux uniques Pendentif de 20 mm fabriqu\u00e9 en argent sterling de qualit\u00e9 sup\u00e9rieure ou en, grav\u00e9 au laser et fini \u00e0 la main Choisissez un texte sinc\u00e8re en fonction de l&#039;occasion Personnalisez en seulement 2 minutes Vois le r\u00e9sultat imm\u00e9diatement \u2013 l\u2019aper\u00e7u interactif te permet de peaufiner chaque d\u00e9tail\" \/>\n<meta property=\"og:url\" content=\"https:\/\/positiveprints.com\/fr\/produit\/bijoux-personnalises-du-zodiaque-moderne\/\" \/>\n<meta property=\"og:site_name\" content=\"Positive Prints\" \/>\n<meta property=\"article:publisher\" content=\"https:\/\/www.facebook.com\/positiveprintscom\" \/>\n<meta property=\"article:modified_time\" content=\"2026-04-07T12:45:18+00:00\" \/>\n<meta property=\"og:image\" content=\"https:\/\/positiveprints.com\/wp-content\/uploads\/2025\/10\/PACKSHOT_ALL-Custom-Modern-Zodiac-Jewelry.webp\" \/>\n\t<meta property=\"og:image:width\" content=\"1450\" \/>\n\t<meta property=\"og:image:height\" content=\"1450\" \/>\n\t<meta property=\"og:image:type\" content=\"image\/webp\" \/>\n<meta name=\"twitter:card\" content=\"summary_large_image\" \/>\n<meta name=\"twitter:label1\" content=\"Dur\u00e9e de lecture estim\u00e9e\" \/>\n\t<meta name=\"twitter:data1\" content=\"2 minutes\" \/>\n<!-- \/ Yoast SEO Premium plugin. -->","yoast_head_json":{"title":"Bijoux Personnalis\u00e9s du Zodiaque Moderne - Positive Prints","description":"Exprimez votre signe du zodiaque avec style contemporain gr\u00e2ce \u00e0 des bijoux personnalis\u00e9s. Concevez le v\u00f4tre d\u00e8s maintenant !","robots":{"index":"index","follow":"follow","max-snippet":"max-snippet:-1","max-image-preview":"max-image-preview:large","max-video-preview":"max-video-preview:-1"},"canonical":"https:\/\/positiveprints.com\/fr\/produit\/bijoux-personnalises-du-zodiaque-moderne\/","og_locale":"fr_FR","og_type":"article","og_title":"Bijoux Personnalis\u00e9s du Zodiaque Moderne","og_description":"Embrassez le signe du zodiaque de vous-m\u00eame ou de votre \u00eatre cher avec des bijoux uniques Pendentif de 20 mm fabriqu\u00e9 en argent sterling de qualit\u00e9 sup\u00e9rieure ou en, grav\u00e9 au laser et fini \u00e0 la main Choisissez un texte sinc\u00e8re en fonction de l'occasion Personnalisez en seulement 2 minutes Vois le r\u00e9sultat imm\u00e9diatement \u2013 l\u2019aper\u00e7u interactif te permet de peaufiner chaque d\u00e9tail","og_url":"https:\/\/positiveprints.com\/fr\/produit\/bijoux-personnalises-du-zodiaque-moderne\/","og_site_name":"Positive Prints","article_publisher":"https:\/\/www.facebook.com\/positiveprintscom","article_modified_time":"2026-04-07T12:45:18+00:00","og_image":[{"width":1450,"height":1450,"url":"https:\/\/positiveprints.com\/wp-content\/uploads\/2025\/10\/PACKSHOT_ALL-Custom-Modern-Zodiac-Jewelry.webp","type":"image\/webp"}],"twitter_card":"summary_large_image","twitter_misc":{"Dur\u00e9e de lecture estim\u00e9e":"2 minutes"},"schema":{"@context":"https:\/\/schema.org","@graph":[{"@type":["WebPage","ItemPage"],"@id":"https:\/\/positiveprints.com\/fr\/produit\/bijoux-personnalises-du-zodiaque-moderne\/","url":"https:\/\/positiveprints.com\/fr\/produit\/bijoux-personnalises-du-zodiaque-moderne\/","name":"Bijoux Personnalis\u00e9s du Zodiaque Moderne - Positive Prints","isPartOf":{"@id":"https:\/\/positiveprints.com\/fr\/#website"},"primaryImageOfPage":{"@id":"https:\/\/positiveprints.com\/fr\/produit\/bijoux-personnalises-du-zodiaque-moderne\/#primaryimage"},"image":{"@id":"https:\/\/positiveprints.com\/fr\/produit\/bijoux-personnalises-du-zodiaque-moderne\/#primaryimage"},"thumbnailUrl":"https:\/\/positiveprints.com\/wp-content\/uploads\/2025\/10\/PACKSHOT_ALL-Custom-Modern-Zodiac-Jewelry.webp","datePublished":"2024-04-22T18:25:54+00:00","dateModified":"2026-04-07T12:45:18+00:00","description":"Exprimez votre signe du zodiaque avec style contemporain gr\u00e2ce \u00e0 des bijoux personnalis\u00e9s. Concevez le v\u00f4tre d\u00e8s maintenant !","breadcrumb":{"@id":"https:\/\/positiveprints.com\/fr\/produit\/bijoux-personnalises-du-zodiaque-moderne\/#breadcrumb"},"inLanguage":"fr-FR","potentialAction":[{"@type":"ReadAction","target":["https:\/\/positiveprints.com\/fr\/produit\/bijoux-personnalises-du-zodiaque-moderne\/"]}]},{"@type":"ImageObject","inLanguage":"fr-FR","@id":"https:\/\/positiveprints.com\/fr\/produit\/bijoux-personnalises-du-zodiaque-moderne\/#primaryimage","url":"https:\/\/positiveprints.com\/wp-content\/uploads\/2025\/10\/PACKSHOT_ALL-Custom-Modern-Zodiac-Jewelry.webp","contentUrl":"https:\/\/positiveprints.com\/wp-content\/uploads\/2025\/10\/PACKSHOT_ALL-Custom-Modern-Zodiac-Jewelry.webp","width":1450,"height":1450},{"@type":"BreadcrumbList","@id":"https:\/\/positiveprints.com\/fr\/produit\/bijoux-personnalises-du-zodiaque-moderne\/#breadcrumb","itemListElement":[{"@type":"ListItem","position":1,"name":"Home","item":"https:\/\/positiveprints.com\/fr\/"},{"@type":"ListItem","position":2,"name":"Produits","item":"https:\/\/positiveprints.com\/fr\/shop\/"},{"@type":"ListItem","position":3,"name":"Bijoux Personnalis\u00e9s du Zodiaque Moderne"}]},{"@type":"WebSite","@id":"https:\/\/positiveprints.com\/fr\/#website","url":"https:\/\/positiveprints.com\/fr\/","name":"Positive Prints","description":"Amazing Custom Personalized Gifts","publisher":{"@id":"https:\/\/positiveprints.com\/fr\/#organization"},"potentialAction":[{"@type":"SearchAction","target":{"@type":"EntryPoint","urlTemplate":"https:\/\/positiveprints.com\/fr\/?s={search_term_string}"},"query-input":{"@type":"PropertyValueSpecification","valueRequired":true,"valueName":"search_term_string"}}],"inLanguage":"fr-FR"},{"@type":"Organization","@id":"https:\/\/positiveprints.com\/fr\/#organization","name":"Positive Prints","alternateName":"Positive Prints","url":"https:\/\/positiveprints.com\/fr\/","logo":{"@type":"ImageObject","inLanguage":"fr-FR","@id":"https:\/\/positiveprints.com\/fr\/#\/schema\/logo\/image\/","url":"https:\/\/positiveprints.com\/wp-content\/uploads\/2026\/03\/245815646_1337939713319158_5671353136411139666_n.png","contentUrl":"https:\/\/positiveprints.com\/wp-content\/uploads\/2026\/03\/245815646_1337939713319158_5671353136411139666_n.png","width":800,"height":800,"caption":"Positive Prints"},"image":{"@id":"https:\/\/positiveprints.com\/fr\/#\/schema\/logo\/image\/"},"sameAs":["https:\/\/www.facebook.com\/positiveprintscom","https:\/\/www.instagram.com\/positiveprintscom\/","https:\/\/www.tiktok.com\/@positiveprintscom","https:\/\/www.pinterest.com\/positiveprintscom\/"]}]}},"jetpack_sharing_enabled":true,"_links":{"self":[{"href":"https:\/\/positiveprints.com\/fr\/wp-json\/wp\/v2\/product\/1104617","targetHints":{"allow":["GET"]}}],"collection":[{"href":"https:\/\/positiveprints.com\/fr\/wp-json\/wp\/v2\/product"}],"about":[{"href":"https:\/\/positiveprints.com\/fr\/wp-json\/wp\/v2\/types\/product"}],"wp:featuredmedia":[{"embeddable":true,"href":"https:\/\/positiveprints.com\/fr\/wp-json\/wp\/v2\/media\/1551416"}],"wp:attachment":[{"href":"https:\/\/positiveprints.com\/fr\/wp-json\/wp\/v2\/media?parent=1104617"}],"wp:term":[{"taxonomy":"product_brand","embeddable":true,"href":"https:\/\/positiveprints.com\/fr\/wp-json\/wp\/v2\/product_brand?post=1104617"},{"taxonomy":"product_cat","embeddable":true,"href":"https:\/\/positiveprints.com\/fr\/wp-json\/wp\/v2\/product_cat?post=1104617"},{"taxonomy":"product_tag","embeddable":true,"href":"https:\/\/positiveprints.com\/fr\/wp-json\/wp\/v2\/product_tag?post=1104617"}],"curies":[{"name":"wp","href":"https:\/\/api.w.org\/{rel}","templated":true}]}}