{"id":1103865,"date":"2024-04-22T19:45:35","date_gmt":"2024-04-22T18:45:35","guid":{"rendered":"https:\/\/positiveprints.com\/?post_type=product&#038;p=1103865"},"modified":"2026-04-03T02:54:09","modified_gmt":"2026-04-03T01:54:09","slug":"bijoux-personnalises-du-zodiaque-spirituel","status":"publish","type":"product","link":"https:\/\/positiveprints.com\/fr\/produit\/bijoux-personnalises-du-zodiaque-spirituel\/","title":{"rendered":"Bijoux Personnalis\u00e9s du Zodiaque Spirituel"},"content":{"rendered":"\u00cates-vous \u00e0 la recherche d&#8217;un moyen significatif d&#8217;exprimer votre spiritualit\u00e9 et votre individualit\u00e9 \u00e0 travers des bijoux ? Ne cherchez pas plus loin que nos Bijoux Personnalis\u00e9s du Zodiaque Spirituel. Mais qu&#8217;est-ce qui rend ces bijoux si sp\u00e9ciaux ?\n\n<h2>Cr\u00e9ez Votre Bijoux Personnalis\u00e9s du Zodiaque Spirituel<\/h2>\n\nNos Bijoux Personnalis\u00e9s du Zodiaque Spirituel vous permettent d&#8217;insuffler votre \u00e9nergie personnelle dans un pendentif magnifiquement confectionn\u00e9. En utilisant notre \u00e9diteur en ligne, vous pouvez choisir votre signe du zodiaque ou rechercher par date pour trouver l&#8217;illustration spirituelle du zodiaque qui vous parle.\n\n\n\nUne fois que vous avez s\u00e9lectionn\u00e9 votre design, vous pouvez ajouter un message personnalis\u00e9 au dos du pendentif, le rendant ainsi unique \u00e0 vous.\n\n\n\nChaque pendentif, qu&#8217;il s&#8217;agisse d&#8217;un cercle \u00e9l\u00e9gant ou qu&#8217;il soit accompagn\u00e9 d&#8217;une cha\u00eene de 45 cm, subit une gravure laser pr\u00e9cise pour garantir que chaque d\u00e9tail soit captur\u00e9 parfaitement. Cela garantit que votre pi\u00e8ce de bijoux personnalis\u00e9e sera un tr\u00e9sor intemporel qui refl\u00e8te votre individualit\u00e9.\n\n<h2>C\u00e9l\u00e9brez une Identit\u00e9 Unique et un Parcours Spirituel<\/h2>\n\nVous recherchez le cadeau d&#8217;anniversaire parfait pour un \u00eatre cher ? Nos Bijoux Personnalis\u00e9s du Zodiaque Spirituel sont la r\u00e9ponse. Imaginez la joie sur leur visage lorsqu&#8217;ils recevront un pendentif repr\u00e9sentant leur signe du zodiaque, accompagn\u00e9 d&#8217;un message personnalis\u00e9 de votre part. C&#8217;est un geste attentionn\u00e9 qui c\u00e9l\u00e8bre leur identit\u00e9 unique et leur parcours spirituel.\n\n\n\nLa commande est facile &#8211; il vous suffit de visiter notre site web, d&#8217;utiliser notre \u00e9diteur en ligne intuitif pour personnaliser votre pendentif, de choisir votre mat\u00e9riau et option de cha\u00eene pr\u00e9f\u00e9r\u00e9s, et de passer votre commande. Nous nous occupons du reste, en veillant \u00e0 ce que votre pendentif soit joliment emball\u00e9 dans une bo\u00eete \u00e0 bijoux, accompagn\u00e9 d&#8217;un guide d&#8217;entretien et d&#8217;un chiffon sp\u00e9cial pour le nettoyage.\n\n\n\nQue vous c\u00e9l\u00e9briez un anniversaire, honoriez une occasion sp\u00e9ciale, ou simplement montriez \u00e0 quelqu&#8217;un que vous vous souciez, nos Bijoux Personnalis\u00e9s du Zodiaque Spirituel sont le moyen parfait d&#8217;exprimer votre amour et votre connexion spirituelle. Alors pourquoi attendre ? Cr\u00e9ez votre pi\u00e8ce personnalis\u00e9e d\u00e8s aujourd&#8217;hui et laissez votre \u00e9nergie unique briller !","protected":false},"excerpt":{"rendered":"<ul class=\"check-list\">\n<li>Adoptez le signe du zodiaque de vous-m\u00eame ou de vos proches avec des bijoux uniques<\/li>\n<li>Pendentif de 20 mm fabriqu\u00e9 en argent sterling de qualit\u00e9 sup\u00e9rieure ou en, grav\u00e9 au laser et fini \u00e0 la main<\/li>\n<li>Choisissez un texte sinc\u00e8re en fonction de l&#8217;occasion<\/li>\n<li>Personnalisez en seulement 2 minutes<\/li>\n<li>Vois le r\u00e9sultat imm\u00e9diatement \u2013 l\u2019aper\u00e7u interactif te permet de peaufiner chaque d\u00e9tail<\/li>\n<\/ul>\n","protected":false},"featured_media":1550000,"template":"","meta":[],"product_brand":[],"product_cat":[8194,9260,12251,12198,104,5249,3127,11211,7956,7589,5264,11395,11399,11393,15042,11401,11392,11402,11398,7685,7765,7781,7734,7749,7829],"product_tag":[13426,13331,11795,15218,13621,17442,17440,15894],"class_list":{"0":"post-1103865","1":"product","2":"type-product","3":"status-publish","4":"has-post-thumbnail","6":"product_cat-pour-elle","7":"product_cat-jewelry-fr","8":"product_cat-jewelry-basic-fr","9":"product_cat-zodiac-jewelry-fr","10":"product_cat-tous-les-produits","11":"product_cat-cadeaux-de-naissance-bebe","12":"product_cat-cadeaux-danniversaire","13":"product_cat-cadeau-anniversaire-femme","14":"product_cat-cadeaux-de-baby-shower","15":"product_cat-cadeaux-de-bapteme","16":"product_cat-cadeaux-de-noel","17":"product_cat-cadeaux-de-noel-pour-femme","18":"product_cat-cadeaux-de-noel-pour-maman","19":"product_cat-cadeaux-de-noel-pour-mamie","20":"product_cat-cadeaux-de-noel-pour-les-amis","21":"product_cat-cadeaux-de-noel-pour-la-soeur","22":"product_cat-cadeaux-de-noel-pour-sa-copine","23":"product_cat-cadeaux-de-noel-pour-sa-femme","24":"product_cat-cadeaux-de-noel-pour-les-enfants","25":"product_cat-cadeaux-pour-femmes","26":"product_cat-cadeaux-pour-fille","27":"product_cat-cadeaux-pour-petite-amie","28":"product_cat-cadeaux-pour-soeur","29":"product_cat-cadeaux-pour-epouse","30":"product_cat-cadeaux-pour-amis","31":"product_tag-cadeau-de-noel-pour-soeur","32":"product_tag-cadeau-de-noel-pour-une-grand-mere","33":"product_tag-cadeaux-de-noel-pour-sa-femme","34":"product_tag-christmas-gifts-for-friends-fr","35":"product_tag-collier-du-zodiaque","36":"product_tag-prezenty-pod-choinke-dla-dziewczyny-fr","37":"product_tag-prezenty-pod-choinke-dla-niej-fr","38":"product_tag-regali-di-natale-per-mamma-fr","40":"first","41":"instock","42":"sale","43":"taxable","44":"shipping-taxable","45":"purchasable","46":"product-type-variable"},"yoast_head":"<!-- This site is optimized with the Yoast SEO Premium plugin v27.2 (Yoast SEO v27.2) - https:\/\/yoast.com\/product\/yoast-seo-premium-wordpress\/ -->\n<title>Bijoux Personnalis\u00e9s du Zodiaque Spirituel - Positive Prints<\/title>\n<meta name=\"description\" content=\"Embrassez votre voyage spirituel avec des bijoux du zodiaque personnalis\u00e9s. Concevez le v\u00f4tre en ligne !\" \/>\n<meta name=\"robots\" content=\"index, follow, max-snippet:-1, max-image-preview:large, max-video-preview:-1\" \/>\n<link rel=\"canonical\" href=\"https:\/\/positiveprints.com\/fr\/produit\/bijoux-personnalises-du-zodiaque-spirituel\/\" \/>\n<meta property=\"og:locale\" content=\"fr_FR\" \/>\n<meta property=\"og:type\" content=\"article\" \/>\n<meta property=\"og:title\" content=\"Bijoux Personnalis\u00e9s du Zodiaque Spirituel\" \/>\n<meta property=\"og:description\" content=\"Adoptez le signe du zodiaque de vous-m\u00eame ou de vos proches avec des bijoux uniques   Pendentif de 20 mm fabriqu\u00e9 en argent sterling de qualit\u00e9 sup\u00e9rieure ou en, grav\u00e9 au laser et fini \u00e0 la main   Choisissez un texte sinc\u00e8re en fonction de l&#039;occasion   Personnalisez en seulement 2 minutes   Vois le r\u00e9sultat imm\u00e9diatement \u2013 l\u2019aper\u00e7u interactif te permet de peaufiner chaque d\u00e9tail\" \/>\n<meta property=\"og:url\" content=\"https:\/\/positiveprints.com\/fr\/produit\/bijoux-personnalises-du-zodiaque-spirituel\/\" \/>\n<meta property=\"og:site_name\" content=\"Positive Prints\" \/>\n<meta property=\"article:publisher\" content=\"https:\/\/www.facebook.com\/positiveprintscom\" \/>\n<meta property=\"article:modified_time\" content=\"2026-04-03T01:54:09+00:00\" \/>\n<meta property=\"og:image\" content=\"https:\/\/positiveprints.com\/wp-content\/uploads\/2025\/10\/main-and-packshot-Custom-Spiritual-Zodiac-Jewelry.webp\" \/>\n\t<meta property=\"og:image:width\" content=\"2500\" \/>\n\t<meta property=\"og:image:height\" content=\"2500\" \/>\n\t<meta property=\"og:image:type\" content=\"image\/webp\" \/>\n<meta name=\"twitter:card\" content=\"summary_large_image\" \/>\n<meta name=\"twitter:label1\" content=\"Dur\u00e9e de lecture estim\u00e9e\" \/>\n\t<meta name=\"twitter:data1\" content=\"2 minutes\" \/>\n<!-- \/ Yoast SEO Premium plugin. -->","yoast_head_json":{"title":"Bijoux Personnalis\u00e9s du Zodiaque Spirituel - Positive Prints","description":"Embrassez votre voyage spirituel avec des bijoux du zodiaque personnalis\u00e9s. Concevez le v\u00f4tre en ligne !","robots":{"index":"index","follow":"follow","max-snippet":"max-snippet:-1","max-image-preview":"max-image-preview:large","max-video-preview":"max-video-preview:-1"},"canonical":"https:\/\/positiveprints.com\/fr\/produit\/bijoux-personnalises-du-zodiaque-spirituel\/","og_locale":"fr_FR","og_type":"article","og_title":"Bijoux Personnalis\u00e9s du Zodiaque Spirituel","og_description":"Adoptez le signe du zodiaque de vous-m\u00eame ou de vos proches avec des bijoux uniques   Pendentif de 20 mm fabriqu\u00e9 en argent sterling de qualit\u00e9 sup\u00e9rieure ou en, grav\u00e9 au laser et fini \u00e0 la main   Choisissez un texte sinc\u00e8re en fonction de l'occasion   Personnalisez en seulement 2 minutes   Vois le r\u00e9sultat imm\u00e9diatement \u2013 l\u2019aper\u00e7u interactif te permet de peaufiner chaque d\u00e9tail","og_url":"https:\/\/positiveprints.com\/fr\/produit\/bijoux-personnalises-du-zodiaque-spirituel\/","og_site_name":"Positive Prints","article_publisher":"https:\/\/www.facebook.com\/positiveprintscom","article_modified_time":"2026-04-03T01:54:09+00:00","og_image":[{"width":2500,"height":2500,"url":"https:\/\/positiveprints.com\/wp-content\/uploads\/2025\/10\/main-and-packshot-Custom-Spiritual-Zodiac-Jewelry.webp","type":"image\/webp"}],"twitter_card":"summary_large_image","twitter_misc":{"Dur\u00e9e de lecture estim\u00e9e":"2 minutes"},"schema":{"@context":"https:\/\/schema.org","@graph":[{"@type":["WebPage","ItemPage"],"@id":"https:\/\/positiveprints.com\/fr\/produit\/bijoux-personnalises-du-zodiaque-spirituel\/","url":"https:\/\/positiveprints.com\/fr\/produit\/bijoux-personnalises-du-zodiaque-spirituel\/","name":"Bijoux Personnalis\u00e9s du Zodiaque Spirituel - Positive Prints","isPartOf":{"@id":"https:\/\/positiveprints.com\/fr\/#website"},"primaryImageOfPage":{"@id":"https:\/\/positiveprints.com\/fr\/produit\/bijoux-personnalises-du-zodiaque-spirituel\/#primaryimage"},"image":{"@id":"https:\/\/positiveprints.com\/fr\/produit\/bijoux-personnalises-du-zodiaque-spirituel\/#primaryimage"},"thumbnailUrl":"https:\/\/positiveprints.com\/wp-content\/uploads\/2025\/10\/main-and-packshot-Custom-Spiritual-Zodiac-Jewelry.webp","datePublished":"2024-04-22T18:45:35+00:00","dateModified":"2026-04-03T01:54:09+00:00","description":"Embrassez votre voyage spirituel avec des bijoux du zodiaque personnalis\u00e9s. Concevez le v\u00f4tre en ligne !","breadcrumb":{"@id":"https:\/\/positiveprints.com\/fr\/produit\/bijoux-personnalises-du-zodiaque-spirituel\/#breadcrumb"},"inLanguage":"fr-FR","potentialAction":[{"@type":"ReadAction","target":["https:\/\/positiveprints.com\/fr\/produit\/bijoux-personnalises-du-zodiaque-spirituel\/"]}]},{"@type":"ImageObject","inLanguage":"fr-FR","@id":"https:\/\/positiveprints.com\/fr\/produit\/bijoux-personnalises-du-zodiaque-spirituel\/#primaryimage","url":"https:\/\/positiveprints.com\/wp-content\/uploads\/2025\/10\/main-and-packshot-Custom-Spiritual-Zodiac-Jewelry.webp","contentUrl":"https:\/\/positiveprints.com\/wp-content\/uploads\/2025\/10\/main-and-packshot-Custom-Spiritual-Zodiac-Jewelry.webp","width":2500,"height":2500},{"@type":"BreadcrumbList","@id":"https:\/\/positiveprints.com\/fr\/produit\/bijoux-personnalises-du-zodiaque-spirituel\/#breadcrumb","itemListElement":[{"@type":"ListItem","position":1,"name":"Home","item":"https:\/\/positiveprints.com\/fr\/"},{"@type":"ListItem","position":2,"name":"Produits","item":"https:\/\/positiveprints.com\/fr\/shop\/"},{"@type":"ListItem","position":3,"name":"Bijoux Personnalis\u00e9s du Zodiaque Spirituel"}]},{"@type":"WebSite","@id":"https:\/\/positiveprints.com\/fr\/#website","url":"https:\/\/positiveprints.com\/fr\/","name":"Positive Prints","description":"Amazing Custom Personalized Gifts","publisher":{"@id":"https:\/\/positiveprints.com\/fr\/#organization"},"potentialAction":[{"@type":"SearchAction","target":{"@type":"EntryPoint","urlTemplate":"https:\/\/positiveprints.com\/fr\/?s={search_term_string}"},"query-input":{"@type":"PropertyValueSpecification","valueRequired":true,"valueName":"search_term_string"}}],"inLanguage":"fr-FR"},{"@type":"Organization","@id":"https:\/\/positiveprints.com\/fr\/#organization","name":"Positive Prints","alternateName":"Positive Prints","url":"https:\/\/positiveprints.com\/fr\/","logo":{"@type":"ImageObject","inLanguage":"fr-FR","@id":"https:\/\/positiveprints.com\/fr\/#\/schema\/logo\/image\/","url":"https:\/\/positiveprints.com\/wp-content\/uploads\/2026\/03\/245815646_1337939713319158_5671353136411139666_n.png","contentUrl":"https:\/\/positiveprints.com\/wp-content\/uploads\/2026\/03\/245815646_1337939713319158_5671353136411139666_n.png","width":800,"height":800,"caption":"Positive Prints"},"image":{"@id":"https:\/\/positiveprints.com\/fr\/#\/schema\/logo\/image\/"},"sameAs":["https:\/\/www.facebook.com\/positiveprintscom","https:\/\/www.instagram.com\/positiveprintscom\/","https:\/\/www.tiktok.com\/@positiveprintscom","https:\/\/www.pinterest.com\/positiveprintscom\/"]}]}},"jetpack_sharing_enabled":true,"_links":{"self":[{"href":"https:\/\/positiveprints.com\/fr\/wp-json\/wp\/v2\/product\/1103865","targetHints":{"allow":["GET"]}}],"collection":[{"href":"https:\/\/positiveprints.com\/fr\/wp-json\/wp\/v2\/product"}],"about":[{"href":"https:\/\/positiveprints.com\/fr\/wp-json\/wp\/v2\/types\/product"}],"wp:featuredmedia":[{"embeddable":true,"href":"https:\/\/positiveprints.com\/fr\/wp-json\/wp\/v2\/media\/1550000"}],"wp:attachment":[{"href":"https:\/\/positiveprints.com\/fr\/wp-json\/wp\/v2\/media?parent=1103865"}],"wp:term":[{"taxonomy":"product_brand","embeddable":true,"href":"https:\/\/positiveprints.com\/fr\/wp-json\/wp\/v2\/product_brand?post=1103865"},{"taxonomy":"product_cat","embeddable":true,"href":"https:\/\/positiveprints.com\/fr\/wp-json\/wp\/v2\/product_cat?post=1103865"},{"taxonomy":"product_tag","embeddable":true,"href":"https:\/\/positiveprints.com\/fr\/wp-json\/wp\/v2\/product_tag?post=1103865"}],"curies":[{"name":"wp","href":"https:\/\/api.w.org\/{rel}","templated":true}]}}