{"id":1103816,"date":"2024-04-22T19:11:14","date_gmt":"2024-04-22T18:11:14","guid":{"rendered":"https:\/\/positiveprints.com\/?post_type=product&#038;p=1103816"},"modified":"2026-04-23T11:05:24","modified_gmt":"2026-04-23T10:05:24","slug":"bijoux-personnalises-de-phases-lunaires","status":"publish","type":"product","link":"https:\/\/positiveprints.com\/fr\/produit\/bijoux-personnalises-de-phases-lunaires\/","title":{"rendered":"Bijoux Personnalis\u00e9s de Phases Lunaires"},"content":{"rendered":"<p>Vous \u00eates-vous d\u00e9j\u00e0 demand\u00e9 comment capturer un moment dans le temps et le porter pr\u00e8s de votre c\u0153ur ? Avec nos Bijoux Personnalis\u00e9s de Phases Lunaires, vous pouvez le faire. Mais qu&#8217;est-ce qui rend ces bijoux si sp\u00e9ciaux ?<\/p>\n\n\n\n<h2>Cr\u00e9ez Votre Pi\u00e8ce de Bijoux Unique<\/h2>\n\n\n\n<p>Nos Bijoux Personnalis\u00e9s de Phases Lunaires vous permettent de cr\u00e9er un pendentif unique qui raconte votre histoire personnelle. En utilisant notre \u00e9diteur en ligne, entrez simplement l&#8217;heure et la date exactes de votre moment sp\u00e9cial. Que ce soit le jour o\u00f9 vous avez rencontr\u00e9 votre \u00e2me s\u0153ur, la date de votre mariage ou toute autre occasion m\u00e9morable, nous capturerons la phase lunaire de ce moment pr\u00e9cis.<\/p>\n\n\n\n<p>Mais ce n&#8217;est pas tout &#8211; vous pouvez \u00e9galement ajouter un message personnalis\u00e9 au dos du pendentif, le rendant encore plus personnel.<\/p>\n\n\n\n<p>Chaque pendentif, qu&#8217;il s&#8217;agisse d&#8217;un cercle \u00e9l\u00e9gant ou qu&#8217;il soit accompagn\u00e9 d&#8217;une cha\u00eene de 45 cm, subit une gravure laser minutieuse pour garantir pr\u00e9cision et durabilit\u00e9. Cela signifie que votre pi\u00e8ce de bijoux unique r\u00e9sistera \u00e0 l&#8217;\u00e9preuve du temps, tout comme vos souvenirs ch\u00e9ris.<\/p>\n\n\n\n<h2>Bijoux Personnalis\u00e9s de Phases Lunaires : Un Cadeau Avec Sens<\/h2>\n\n\n\n<p>Vous recherchez le cadeau parfait pour un \u00eatre cher ? Nos Bijoux Personnalis\u00e9s de Phases Lunaires sont la r\u00e9ponse. Imaginez le regard sur leur visage lorsqu&#8217;ils recevront un pendentif avec la phase lunaire du jour o\u00f9 vous vous \u00eates rencontr\u00e9s pour la premi\u00e8re fois, ou le jour de leur naissance. C&#8217;est un geste attentionn\u00e9 qui touchera leur c\u0153ur.<\/p>\n\n\n\n<p>La commande est facile &#8211; il vous suffit de visiter notre site web, d&#8217;entrer les d\u00e9tails pertinents, de personnaliser votre message, de choisir votre mat\u00e9riau et option de cha\u00eene pr\u00e9f\u00e9r\u00e9s, et de passer votre commande. Nous nous occupons du reste, en veillant \u00e0 ce que votre pendentif soit joliment emball\u00e9 dans une bo\u00eete \u00e0 bijoux, accompagn\u00e9 d&#8217;un guide d&#8217;entretien et d&#8217;un chiffon sp\u00e9cial pour le nettoyage.<\/p>\n\n\n\n<p>Que vous c\u00e9l\u00e9briez une \u00e9tape importante, comm\u00e9moriez un moment sp\u00e9cial ou simplement montriez \u00e0 quelqu&#8217;un que vous vous souciez, nos Bijoux Personnalis\u00e9s de Phases Lunaires sont le moyen parfait d&#8217;exprimer votre amour et de cr\u00e9er des souvenirs durables. Alors pourquoi attendre ? Commencez d\u00e8s aujourd&#8217;hui \u00e0 concevoir votre pi\u00e8ce unique !<\/p>","protected":false},"excerpt":{"rendered":"<ul class=\"check-list\">\n<li>Pendentif de 20 mm en argent sterling de qualit\u00e9 sup\u00e9rieure ou en or massif 14 carats, grav\u00e9 au laser et fini \u00e0 la main<\/li>\n<li>Ajoutez un message personnalis\u00e9 selon l\u2019occasion<\/li>\n<li>Personnalisez votre oeuvre en seulement 2 minutes<\/li>\n<li>Visualisez instantan\u00e9ment le r\u00e9sultat gr\u00e2ce \u00e0 l\u2019aper\u00e7u interactif<\/li>\n<\/ul>\n","protected":false},"featured_media":1537621,"template":"","meta":[],"product_brand":[],"product_cat":[8194,9260,12251,12222,104,5328,11175,5249,3127,11211,5276,7956,7589,7925,5264,11395,11399,11393,15042,11401,11392,11402,11398,7685,7765,7781,7718,7701,7734,7749,7829,3118,11245],"product_tag":[14849,11895,11896,13426,13331,11795,9311,15218,9344,15486,14858,11108,9327,9355,17442,17440,15894],"class_list":{"0":"post-1103816","1":"product","2":"type-product","3":"status-publish","4":"has-post-thumbnail","6":"product_cat-pour-elle","7":"product_cat-jewelry-fr","8":"product_cat-jewelry-basic-fr","9":"product_cat-moon-jewelry-fr","10":"product_cat-tous-les-produits","11":"product_cat-cadeaux-de-commemorations","12":"product_cat-cadeaux-danniversaire-pour-femme","13":"product_cat-cadeaux-de-naissance-bebe","14":"product_cat-cadeaux-danniversaire","15":"product_cat-cadeau-anniversaire-femme","16":"product_cat-cadeaux-de-fiancailles-idees-cadeaux","17":"product_cat-cadeaux-de-baby-shower","18":"product_cat-cadeaux-de-bapteme","19":"product_cat-cadeaux-denterrement-de-vie-de-jeune-fille","20":"product_cat-cadeaux-de-noel","21":"product_cat-cadeaux-de-noel-pour-femme","22":"product_cat-cadeaux-de-noel-pour-maman","23":"product_cat-cadeaux-de-noel-pour-mamie","24":"product_cat-cadeaux-de-noel-pour-les-amis","25":"product_cat-cadeaux-de-noel-pour-la-soeur","26":"product_cat-cadeaux-de-noel-pour-sa-copine","27":"product_cat-cadeaux-de-noel-pour-sa-femme","28":"product_cat-cadeaux-de-noel-pour-les-enfants","29":"product_cat-cadeaux-pour-femmes","30":"product_cat-cadeaux-pour-fille","31":"product_cat-cadeaux-pour-petite-amie","32":"product_cat-cadeaux-pour-grand-mere","33":"product_cat-cadeaux-pour-maman","34":"product_cat-cadeaux-pour-soeur","35":"product_cat-cadeaux-pour-epouse","36":"product_cat-cadeaux-pour-amis","37":"product_cat-cadeaux-saint-valentin","38":"product_cat-cadeaux-de-saint-valentin-pour-elle","39":"product_tag-anniversary-fr","40":"product_tag-breloque","41":"product_tag-breloques","42":"product_tag-cadeau-de-noel-pour-soeur","43":"product_tag-cadeau-de-noel-pour-une-grand-mere","44":"product_tag-cadeaux-de-noel-pour-sa-femme","45":"product_tag-chaine","46":"product_tag-christmas-gifts-for-friends-fr","47":"product_tag-collier","48":"product_tag-collier-lune","49":"product_tag-creators-fr-2","50":"product_tag-luna-fr","51":"product_tag-medaillon-fr","52":"product_tag-pendentif","53":"product_tag-prezenty-pod-choinke-dla-dziewczyny-fr","54":"product_tag-prezenty-pod-choinke-dla-niej-fr","55":"product_tag-regali-di-natale-per-mamma-fr","57":"first","58":"instock","59":"sale","60":"taxable","61":"shipping-taxable","62":"purchasable","63":"product-type-variable"},"yoast_head":"<!-- This site is optimized with the Yoast SEO Premium plugin v27.2 (Yoast SEO v27.2) - https:\/\/yoast.com\/product\/yoast-seo-premium-wordpress\/ -->\n<title>Bijoux Personnalis\u00e9s de Phases Lunaires - Positive Prints<\/title>\n<meta name=\"description\" content=\"Gardez pr\u00e8s de votre c\u0153ur le souvenir c\u00e9leste de votre engagement avec ce pendentif personnalis\u00e9 de 20 mm, grav\u00e9 selon la phase de lune de votre nuit de fian\u00e7ailles.\" \/>\n<meta name=\"robots\" content=\"index, follow, max-snippet:-1, max-image-preview:large, max-video-preview:-1\" \/>\n<link rel=\"canonical\" href=\"https:\/\/positiveprints.com\/fr\/produit\/bijoux-personnalises-de-phases-lunaires\/\" \/>\n<meta property=\"og:locale\" content=\"fr_FR\" \/>\n<meta property=\"og:type\" content=\"article\" \/>\n<meta property=\"og:title\" content=\"Bijoux Personnalis\u00e9s de Phases Lunaires\" \/>\n<meta property=\"og:description\" content=\"Pendentif de 20 mm en argent sterling de qualit\u00e9 sup\u00e9rieure ou en or massif 14 carats, grav\u00e9 au laser et fini \u00e0 la main Ajoutez un message personnalis\u00e9 selon l\u2019occasion Personnalisez votre oeuvre en seulement 2 minutes Visualisez instantan\u00e9ment le r\u00e9sultat gr\u00e2ce \u00e0 l\u2019aper\u00e7u interactif\" \/>\n<meta property=\"og:url\" content=\"https:\/\/positiveprints.com\/fr\/produit\/bijoux-personnalises-de-phases-lunaires\/\" \/>\n<meta property=\"og:site_name\" content=\"Positive Prints\" \/>\n<meta property=\"article:publisher\" content=\"https:\/\/www.facebook.com\/positiveprintscom\" \/>\n<meta property=\"article:modified_time\" content=\"2026-04-23T10:05:24+00:00\" \/>\n<meta property=\"og:image\" content=\"https:\/\/positiveprints.com\/wp-content\/uploads\/2025\/10\/PACKSHOT_FR_Bijoux-Personnalise\u0301s-de-Phases-Lunaires.webp\" \/>\n\t<meta property=\"og:image:width\" content=\"1450\" \/>\n\t<meta property=\"og:image:height\" content=\"1450\" \/>\n\t<meta property=\"og:image:type\" content=\"image\/webp\" \/>\n<meta name=\"twitter:card\" content=\"summary_large_image\" \/>\n<!-- \/ Yoast SEO Premium plugin. -->","yoast_head_json":{"title":"Bijoux Personnalis\u00e9s de Phases Lunaires - Positive Prints","description":"Gardez pr\u00e8s de votre c\u0153ur le souvenir c\u00e9leste de votre engagement avec ce pendentif personnalis\u00e9 de 20 mm, grav\u00e9 selon la phase de lune de votre nuit de fian\u00e7ailles.","robots":{"index":"index","follow":"follow","max-snippet":"max-snippet:-1","max-image-preview":"max-image-preview:large","max-video-preview":"max-video-preview:-1"},"canonical":"https:\/\/positiveprints.com\/fr\/produit\/bijoux-personnalises-de-phases-lunaires\/","og_locale":"fr_FR","og_type":"article","og_title":"Bijoux Personnalis\u00e9s de Phases Lunaires","og_description":"Pendentif de 20 mm en argent sterling de qualit\u00e9 sup\u00e9rieure ou en or massif 14 carats, grav\u00e9 au laser et fini \u00e0 la main Ajoutez un message personnalis\u00e9 selon l\u2019occasion Personnalisez votre oeuvre en seulement 2 minutes Visualisez instantan\u00e9ment le r\u00e9sultat gr\u00e2ce \u00e0 l\u2019aper\u00e7u interactif","og_url":"https:\/\/positiveprints.com\/fr\/produit\/bijoux-personnalises-de-phases-lunaires\/","og_site_name":"Positive Prints","article_publisher":"https:\/\/www.facebook.com\/positiveprintscom","article_modified_time":"2026-04-23T10:05:24+00:00","og_image":[{"width":1450,"height":1450,"url":"https:\/\/positiveprints.com\/wp-content\/uploads\/2025\/10\/PACKSHOT_FR_Bijoux-Personnalise\u0301s-de-Phases-Lunaires.webp","type":"image\/webp"}],"twitter_card":"summary_large_image","schema":{"@context":"https:\/\/schema.org","@graph":[{"@type":["WebPage","ItemPage"],"@id":"https:\/\/positiveprints.com\/fr\/produit\/bijoux-personnalises-de-phases-lunaires\/","url":"https:\/\/positiveprints.com\/fr\/produit\/bijoux-personnalises-de-phases-lunaires\/","name":"Bijoux Personnalis\u00e9s de Phases Lunaires - Positive Prints","isPartOf":{"@id":"https:\/\/positiveprints.com\/fr\/#website"},"primaryImageOfPage":{"@id":"https:\/\/positiveprints.com\/fr\/produit\/bijoux-personnalises-de-phases-lunaires\/#primaryimage"},"image":{"@id":"https:\/\/positiveprints.com\/fr\/produit\/bijoux-personnalises-de-phases-lunaires\/#primaryimage"},"thumbnailUrl":"https:\/\/positiveprints.com\/wp-content\/uploads\/2025\/10\/PACKSHOT_FR_Bijoux-Personnalise\u0301s-de-Phases-Lunaires.webp","datePublished":"2024-04-22T18:11:14+00:00","dateModified":"2026-04-23T10:05:24+00:00","description":"Gardez pr\u00e8s de votre c\u0153ur le souvenir c\u00e9leste de votre engagement avec ce pendentif personnalis\u00e9 de 20 mm, grav\u00e9 selon la phase de lune de votre nuit de fian\u00e7ailles.","breadcrumb":{"@id":"https:\/\/positiveprints.com\/fr\/produit\/bijoux-personnalises-de-phases-lunaires\/#breadcrumb"},"inLanguage":"fr-FR","potentialAction":[{"@type":"ReadAction","target":["https:\/\/positiveprints.com\/fr\/produit\/bijoux-personnalises-de-phases-lunaires\/"]}]},{"@type":"ImageObject","inLanguage":"fr-FR","@id":"https:\/\/positiveprints.com\/fr\/produit\/bijoux-personnalises-de-phases-lunaires\/#primaryimage","url":"https:\/\/positiveprints.com\/wp-content\/uploads\/2025\/10\/PACKSHOT_FR_Bijoux-Personnalise\u0301s-de-Phases-Lunaires.webp","contentUrl":"https:\/\/positiveprints.com\/wp-content\/uploads\/2025\/10\/PACKSHOT_FR_Bijoux-Personnalise\u0301s-de-Phases-Lunaires.webp","width":1450,"height":1450},{"@type":"BreadcrumbList","@id":"https:\/\/positiveprints.com\/fr\/produit\/bijoux-personnalises-de-phases-lunaires\/#breadcrumb","itemListElement":[{"@type":"ListItem","position":1,"name":"Home","item":"https:\/\/positiveprints.com\/fr\/"},{"@type":"ListItem","position":2,"name":"Produits","item":"https:\/\/positiveprints.com\/fr\/shop\/"},{"@type":"ListItem","position":3,"name":"Bijoux Personnalis\u00e9s de Phases Lunaires"}]},{"@type":"WebSite","@id":"https:\/\/positiveprints.com\/fr\/#website","url":"https:\/\/positiveprints.com\/fr\/","name":"Positive Prints","description":"Amazing Custom Personalized Gifts","publisher":{"@id":"https:\/\/positiveprints.com\/fr\/#organization"},"potentialAction":[{"@type":"SearchAction","target":{"@type":"EntryPoint","urlTemplate":"https:\/\/positiveprints.com\/fr\/?s={search_term_string}"},"query-input":{"@type":"PropertyValueSpecification","valueRequired":true,"valueName":"search_term_string"}}],"inLanguage":"fr-FR"},{"@type":"Organization","@id":"https:\/\/positiveprints.com\/fr\/#organization","name":"Positive Prints","alternateName":"Positive Prints","url":"https:\/\/positiveprints.com\/fr\/","logo":{"@type":"ImageObject","inLanguage":"fr-FR","@id":"https:\/\/positiveprints.com\/fr\/#\/schema\/logo\/image\/","url":"https:\/\/positiveprints.com\/wp-content\/uploads\/2026\/03\/245815646_1337939713319158_5671353136411139666_n.png","contentUrl":"https:\/\/positiveprints.com\/wp-content\/uploads\/2026\/03\/245815646_1337939713319158_5671353136411139666_n.png","width":800,"height":800,"caption":"Positive Prints"},"image":{"@id":"https:\/\/positiveprints.com\/fr\/#\/schema\/logo\/image\/"},"sameAs":["https:\/\/www.facebook.com\/positiveprintscom","https:\/\/www.instagram.com\/positiveprintscom\/","https:\/\/www.tiktok.com\/@positiveprintscom","https:\/\/www.pinterest.com\/positiveprintscom\/"]}]}},"jetpack_sharing_enabled":true,"_links":{"self":[{"href":"https:\/\/positiveprints.com\/fr\/wp-json\/wp\/v2\/product\/1103816","targetHints":{"allow":["GET"]}}],"collection":[{"href":"https:\/\/positiveprints.com\/fr\/wp-json\/wp\/v2\/product"}],"about":[{"href":"https:\/\/positiveprints.com\/fr\/wp-json\/wp\/v2\/types\/product"}],"wp:featuredmedia":[{"embeddable":true,"href":"https:\/\/positiveprints.com\/fr\/wp-json\/wp\/v2\/media\/1537621"}],"wp:attachment":[{"href":"https:\/\/positiveprints.com\/fr\/wp-json\/wp\/v2\/media?parent=1103816"}],"wp:term":[{"taxonomy":"product_brand","embeddable":true,"href":"https:\/\/positiveprints.com\/fr\/wp-json\/wp\/v2\/product_brand?post=1103816"},{"taxonomy":"product_cat","embeddable":true,"href":"https:\/\/positiveprints.com\/fr\/wp-json\/wp\/v2\/product_cat?post=1103816"},{"taxonomy":"product_tag","embeddable":true,"href":"https:\/\/positiveprints.com\/fr\/wp-json\/wp\/v2\/product_tag?post=1103816"}],"curies":[{"name":"wp","href":"https:\/\/api.w.org\/{rel}","templated":true}]}}