{"id":1098604,"date":"2023-11-22T10:32:58","date_gmt":"2024-04-12T08:00:06","guid":{"rendered":"https:\/\/positiveprints.com\/product\/dessin-au-trait-de-mariage\/"},"modified":"2026-04-12T21:27:11","modified_gmt":"2026-04-12T20:27:11","slug":"dessin-au-trait-mariage","status":"publish","type":"product","link":"https:\/\/positiveprints.com\/fr\/produit\/dessin-au-trait-mariage\/","title":{"rendered":"Dessin au trait de Mariage"},"content":{"rendered":"<p>Comm\u00e9morez la beaut\u00e9 de votre union avec notre enchanteur Dessin au trait de Mariage. Transformez votre pr\u00e9cieuse photo de mariage en une \u0153uvre d&#8217;art intemporelle qui capture la magie de votre jour sp\u00e9cial. Nos artistes qualifi\u00e9s dessineront d\u00e9licatement chaque d\u00e9tail, cr\u00e9ant une repr\u00e9sentation unique qui refl\u00e8te la romance et la joie de votre mariage. Choisissez votre style et vos couleurs pr\u00e9f\u00e9r\u00e9s, t\u00e9l\u00e9chargez votre photo sp\u00e9ciale et ajoutez une touche personnelle avec un message sinc\u00e8re. Cr\u00e9ez un souvenir significatif qui c\u00e9l\u00e8bre le d\u00e9but de votre &#8220;ils v\u00e9curent heureux et eurent beaucoup d&#8217;enfants&#8221;.<\/p>\r\n\r\n\r\n<h2>Un Processus en Trois \u00c9tapes Simples:<\/h2>\r\n<ol>\r\n\r\n<li><strong>Choisissez Votre Style et Vos Couleurs :<\/strong>\r\n<p>S\u00e9lectionnez le style et les couleurs qui capturent l&#8217;essence de votre jour de mariage.<\/p><\/li>\r\n\r\n<li><strong>T\u00e9l\u00e9chargez Votre Photo de Mariage Sp\u00e9ciale :<\/strong>\r\n\r\n<p>Partagez une photo qui contient la magie de votre union. Nos artistes dessineront m\u00e9ticuleusement l&#8217;\u0153uvre d&#8217;art, veillant \u00e0 ce qu&#8217;elle refl\u00e8te la romance de votre jour sp\u00e9cial.<\/p><\/li>\r\n\r\n<li><strong>Ajoutez un Message Personnalis\u00e9 et Finalisez :<\/strong>\r\n\r\n<p>Enrichissez votre Dessin au trait de Mariage avec un message sinc\u00e8re. Apr\u00e8s le paiement, notre \u00e9quipe de soutien Positive Prints vous contactera pour confirmer votre commande. Une fois l&#8217;\u0153uvre d&#8217;art pr\u00eate, vous recevrez un e-mail pour examiner et accepter le design final. Votre satisfaction est importante, alors n&#8217;h\u00e9sitez pas \u00e0 demander des modifications jusqu&#8217;\u00e0 deux fois. Apr\u00e8s votre approbation finale, l&#8217;\u0153uvre d&#8217;art sera envoy\u00e9e pour impression et livraison, cr\u00e9ant un rappel intemporel de votre jour de mariage.<\/p><\/li>\r\n\r\n<\/ol>\r\n\r\n<h2>Exprimez Votre Amour avec le Dessin au trait de Mariage<\/h2>\r\n\r\n<p>Le Dessin au trait de Mariage est plus qu&#8217;un <a href=\"https:\/\/positiveprints.com\/wedding-gifts\/\">cadeau de mariage<\/a>. C&#8217;est un symbole d&#8217;amour durable et le d\u00e9but d&#8217;un beau voyage. C&#8217;est une mani\u00e8re unique d&#8217;exprimer votre amour et de cr\u00e9er un souvenir durable. Commandez d\u00e8s maintenant votre Dessin au trait de Mariage et c\u00e9l\u00e9brez la magie de votre union avec un chef-d&#8217;\u0153uvre personnalis\u00e9 qui capture l&#8217;essence de votre histoire d&#8217;amour.<\/p>","protected":false},"excerpt":{"rendered":"<ul class=\"check-list\">\n<li>Laissez nos artistes transformer votre pr\u00e9cieuse photo de mariage en une \u0153uvre d&#8217;art intemporelle.<\/li>\n<li>Il sera dessin\u00e9 et livr\u00e9 dans votre bo\u00eete de r\u00e9ception \u00e9lectronique dans un d\u00e9lai de seulement 2 \u00e0 3 jours ouvrables<\/li>\n<li>Personnalisez-l\u00e0 en 3 \u00e9tapes simples<\/li>\n<li>Choisissez un mod\u00e8le ou faites preuve de cr\u00e9ativit\u00e9<\/li>\n<li>2 r\u00e9visions disponibles \u00e0 votre demande<\/li>\n<\/ul>\n","protected":false},"featured_media":1322431,"template":"","meta":[],"product_brand":[],"product_cat":[9177,9760,104,3122,7925],"product_tag":[16279,8477],"class_list":{"0":"post-1098604","1":"product","2":"type-product","3":"status-publish","4":"has-post-thumbnail","6":"product_cat-line-art-fr","7":"product_cat-trending-label-fr","8":"product_cat-tous-les-produits","9":"product_cat-cadeaux-de-mariage","10":"product_cat-cadeaux-denterrement-de-vie-de-jeune-fille","11":"product_tag-wedding-fr-2","12":"product_tag-wedding-fr","14":"first","15":"instock","16":"sale","17":"taxable","18":"shipping-taxable","19":"purchasable","20":"product-type-variable"},"yoast_head":"<!-- This site is optimized with the Yoast SEO Premium plugin v27.2 (Yoast SEO v27.2) - https:\/\/yoast.com\/product\/yoast-seo-premium-wordpress\/ -->\n<title>Dessin au trait de Mariage - Positive Prints<\/title>\n<meta name=\"description\" content=\"Transformez votre pr\u00e9cieuse photo de mariage en un Dessin au trait de Mariage qui capture la magie de votre jour sp\u00e9cial.\" \/>\n<meta name=\"robots\" content=\"index, follow, max-snippet:-1, max-image-preview:large, max-video-preview:-1\" \/>\n<link rel=\"canonical\" href=\"https:\/\/positiveprints.com\/fr\/produit\/dessin-au-trait-mariage\/\" \/>\n<meta property=\"og:locale\" content=\"fr_FR\" \/>\n<meta property=\"og:type\" content=\"article\" \/>\n<meta property=\"og:title\" content=\"Dessin au trait de Mariage\" \/>\n<meta property=\"og:description\" content=\"Laissez nos artistes transformer votre pr\u00e9cieuse photo de mariage en une \u0153uvre d&#039;art intemporelle.  Il sera dessin\u00e9 et livr\u00e9 dans votre bo\u00eete de r\u00e9ception \u00e9lectronique dans un d\u00e9lai de seulement 2 \u00e0 3 jours ouvrables  Personnalisez-l\u00e0 en 3 \u00e9tapes simples  Choisissez un mod\u00e8le ou faites preuve de cr\u00e9ativit\u00e9  2 r\u00e9visions disponibles \u00e0 votre demande\" \/>\n<meta property=\"og:url\" content=\"https:\/\/positiveprints.com\/fr\/produit\/dessin-au-trait-mariage\/\" \/>\n<meta property=\"og:site_name\" content=\"Positive Prints\" \/>\n<meta property=\"article:publisher\" content=\"https:\/\/www.facebook.com\/positiveprintscom\" \/>\n<meta property=\"article:modified_time\" content=\"2026-04-12T20:27:11+00:00\" \/>\n<meta property=\"og:image\" content=\"https:\/\/positiveprints.com\/wp-content\/uploads\/2025\/01\/Dessin-au-trait-de-mariage-1.webp\" \/>\n\t<meta property=\"og:image:width\" content=\"1450\" \/>\n\t<meta property=\"og:image:height\" content=\"1450\" \/>\n\t<meta property=\"og:image:type\" content=\"image\/webp\" \/>\n<meta name=\"twitter:card\" content=\"summary_large_image\" \/>\n<meta name=\"twitter:label1\" content=\"Dur\u00e9e de lecture estim\u00e9e\" \/>\n\t<meta name=\"twitter:data1\" content=\"2 minutes\" \/>\n<!-- \/ Yoast SEO Premium plugin. -->","yoast_head_json":{"title":"Dessin au trait de Mariage - Positive Prints","description":"Transformez votre pr\u00e9cieuse photo de mariage en un Dessin au trait de Mariage qui capture la magie de votre jour sp\u00e9cial.","robots":{"index":"index","follow":"follow","max-snippet":"max-snippet:-1","max-image-preview":"max-image-preview:large","max-video-preview":"max-video-preview:-1"},"canonical":"https:\/\/positiveprints.com\/fr\/produit\/dessin-au-trait-mariage\/","og_locale":"fr_FR","og_type":"article","og_title":"Dessin au trait de Mariage","og_description":"Laissez nos artistes transformer votre pr\u00e9cieuse photo de mariage en une \u0153uvre d'art intemporelle.  Il sera dessin\u00e9 et livr\u00e9 dans votre bo\u00eete de r\u00e9ception \u00e9lectronique dans un d\u00e9lai de seulement 2 \u00e0 3 jours ouvrables  Personnalisez-l\u00e0 en 3 \u00e9tapes simples  Choisissez un mod\u00e8le ou faites preuve de cr\u00e9ativit\u00e9  2 r\u00e9visions disponibles \u00e0 votre demande","og_url":"https:\/\/positiveprints.com\/fr\/produit\/dessin-au-trait-mariage\/","og_site_name":"Positive Prints","article_publisher":"https:\/\/www.facebook.com\/positiveprintscom","article_modified_time":"2026-04-12T20:27:11+00:00","og_image":[{"width":1450,"height":1450,"url":"https:\/\/positiveprints.com\/wp-content\/uploads\/2025\/01\/Dessin-au-trait-de-mariage-1.webp","type":"image\/webp"}],"twitter_card":"summary_large_image","twitter_misc":{"Dur\u00e9e de lecture estim\u00e9e":"2 minutes"},"schema":{"@context":"https:\/\/schema.org","@graph":[{"@type":["WebPage","ItemPage"],"@id":"https:\/\/positiveprints.com\/fr\/produit\/dessin-au-trait-mariage\/","url":"https:\/\/positiveprints.com\/fr\/produit\/dessin-au-trait-mariage\/","name":"Dessin au trait de Mariage - Positive Prints","isPartOf":{"@id":"https:\/\/positiveprints.com\/fr\/#website"},"primaryImageOfPage":{"@id":"https:\/\/positiveprints.com\/fr\/produit\/dessin-au-trait-mariage\/#primaryimage"},"image":{"@id":"https:\/\/positiveprints.com\/fr\/produit\/dessin-au-trait-mariage\/#primaryimage"},"thumbnailUrl":"https:\/\/positiveprints.com\/wp-content\/uploads\/2025\/01\/Dessin-au-trait-de-mariage-1.webp","datePublished":"2024-04-12T08:00:06+00:00","dateModified":"2026-04-12T20:27:11+00:00","description":"Transformez votre pr\u00e9cieuse photo de mariage en un Dessin au trait de Mariage qui capture la magie de votre jour sp\u00e9cial.","breadcrumb":{"@id":"https:\/\/positiveprints.com\/fr\/produit\/dessin-au-trait-mariage\/#breadcrumb"},"inLanguage":"fr-FR","potentialAction":[{"@type":"ReadAction","target":["https:\/\/positiveprints.com\/fr\/produit\/dessin-au-trait-mariage\/"]}]},{"@type":"ImageObject","inLanguage":"fr-FR","@id":"https:\/\/positiveprints.com\/fr\/produit\/dessin-au-trait-mariage\/#primaryimage","url":"https:\/\/positiveprints.com\/wp-content\/uploads\/2025\/01\/Dessin-au-trait-de-mariage-1.webp","contentUrl":"https:\/\/positiveprints.com\/wp-content\/uploads\/2025\/01\/Dessin-au-trait-de-mariage-1.webp","width":1450,"height":1450,"caption":"Dessin au trait de mariage 1"},{"@type":"BreadcrumbList","@id":"https:\/\/positiveprints.com\/fr\/produit\/dessin-au-trait-mariage\/#breadcrumb","itemListElement":[{"@type":"ListItem","position":1,"name":"Home","item":"https:\/\/positiveprints.com\/fr\/"},{"@type":"ListItem","position":2,"name":"Produits","item":"https:\/\/positiveprints.com\/fr\/shop\/"},{"@type":"ListItem","position":3,"name":"Dessin au trait de Mariage"}]},{"@type":"WebSite","@id":"https:\/\/positiveprints.com\/fr\/#website","url":"https:\/\/positiveprints.com\/fr\/","name":"Positive Prints","description":"Amazing Custom Personalized Gifts","publisher":{"@id":"https:\/\/positiveprints.com\/fr\/#organization"},"potentialAction":[{"@type":"SearchAction","target":{"@type":"EntryPoint","urlTemplate":"https:\/\/positiveprints.com\/fr\/?s={search_term_string}"},"query-input":{"@type":"PropertyValueSpecification","valueRequired":true,"valueName":"search_term_string"}}],"inLanguage":"fr-FR"},{"@type":"Organization","@id":"https:\/\/positiveprints.com\/fr\/#organization","name":"Positive Prints","alternateName":"Positive Prints","url":"https:\/\/positiveprints.com\/fr\/","logo":{"@type":"ImageObject","inLanguage":"fr-FR","@id":"https:\/\/positiveprints.com\/fr\/#\/schema\/logo\/image\/","url":"https:\/\/positiveprints.com\/wp-content\/uploads\/2026\/03\/245815646_1337939713319158_5671353136411139666_n.png","contentUrl":"https:\/\/positiveprints.com\/wp-content\/uploads\/2026\/03\/245815646_1337939713319158_5671353136411139666_n.png","width":800,"height":800,"caption":"Positive Prints"},"image":{"@id":"https:\/\/positiveprints.com\/fr\/#\/schema\/logo\/image\/"},"sameAs":["https:\/\/www.facebook.com\/positiveprintscom","https:\/\/www.instagram.com\/positiveprintscom\/","https:\/\/www.tiktok.com\/@positiveprintscom","https:\/\/www.pinterest.com\/positiveprintscom\/"]}]}},"jetpack_sharing_enabled":true,"_links":{"self":[{"href":"https:\/\/positiveprints.com\/fr\/wp-json\/wp\/v2\/product\/1098604","targetHints":{"allow":["GET"]}}],"collection":[{"href":"https:\/\/positiveprints.com\/fr\/wp-json\/wp\/v2\/product"}],"about":[{"href":"https:\/\/positiveprints.com\/fr\/wp-json\/wp\/v2\/types\/product"}],"wp:featuredmedia":[{"embeddable":true,"href":"https:\/\/positiveprints.com\/fr\/wp-json\/wp\/v2\/media\/1322431"}],"wp:attachment":[{"href":"https:\/\/positiveprints.com\/fr\/wp-json\/wp\/v2\/media?parent=1098604"}],"wp:term":[{"taxonomy":"product_brand","embeddable":true,"href":"https:\/\/positiveprints.com\/fr\/wp-json\/wp\/v2\/product_brand?post=1098604"},{"taxonomy":"product_cat","embeddable":true,"href":"https:\/\/positiveprints.com\/fr\/wp-json\/wp\/v2\/product_cat?post=1098604"},{"taxonomy":"product_tag","embeddable":true,"href":"https:\/\/positiveprints.com\/fr\/wp-json\/wp\/v2\/product_tag?post=1098604"}],"curies":[{"name":"wp","href":"https:\/\/api.w.org\/{rel}","templated":true}]}}