{"id":1098468,"date":"2023-11-22T11:09:45","date_gmt":"2023-11-22T10:09:45","guid":{"rendered":"https:\/\/positiveprints.com\/product\/dessin-au-trait-de-fiancailles\/"},"modified":"2026-04-23T11:13:32","modified_gmt":"2026-04-23T10:13:32","slug":"dessin-au-trait-fiancailles","status":"publish","type":"product","link":"https:\/\/positiveprints.com\/fr\/produit\/dessin-au-trait-fiancailles\/","title":{"rendered":"Dessin au trait de Fian\u00e7ailles"},"content":{"rendered":"<p>Immortalisez la joie et l&#8217;excitation de vos fian\u00e7ailles avec notre captivant Dessin au trait de Fian\u00e7ailles. Transformez une photo sp\u00e9ciale de vos fian\u00e7ailles en une \u0153uvre d&#8217;art personnalis\u00e9e intemporelle qui refl\u00e8te le d\u00e9but de votre chemin vers l&#8217;\u00e9ternit\u00e9. Nos artistes qualifi\u00e9s dessineront d\u00e9licatement chaque d\u00e9tail, cr\u00e9ant une repr\u00e9sentation unique qui refl\u00e8te le bonheur de vos <a href=\"https:\/\/positiveprints.com\/engagement-gifts\/\">fian\u00e7ailles<\/a>. Choisissez votre style et vos couleurs pr\u00e9f\u00e9r\u00e9s, t\u00e9l\u00e9chargez votre photo de fian\u00e7ailles et ajoutez une touche personnelle avec un message sinc\u00e8re. Cr\u00e9ez un souvenir significatif qui comm\u00e9more le beau moment o\u00f9 vous avez dit &#8220;Oui&#8221;.<\/p>\r\n\r\n<h2>Un Processus en Trois \u00c9tapes Simples:<\/h2>\r\n\r\n<ol>\r\n<li><strong>Choisissez Votre Style et Vos Couleurs :<\/strong>\r\n\r\n<p>S\u00e9lectionnez le style et les couleurs qui r\u00e9sonnent avec la joie et l&#8217;excitation de vos fian\u00e7ailles.<\/p><\/li>\r\n\r\n<li><strong>T\u00e9l\u00e9chargez Votre Photo de Fian\u00e7ailles Sp\u00e9ciale :<\/strong>\r\n\r\n<p>Partagez une photo qui encapsule le bonheur de vos fian\u00e7ailles. Nos artistes dessineront m\u00e9ticuleusement l&#8217;\u0153uvre d&#8217;art, veillant \u00e0 ce qu&#8217;elle refl\u00e8te la joie de ce moment sp\u00e9cial.<\/p><\/li>\r\n\r\n<li><strong>Ajoutez un Message Personnalis\u00e9 et Finalisez :<\/strong>\r\n\r\n<p>Enrichissez votre Dessin au trait de Fian\u00e7ailles avec un message sinc\u00e8re. Apr\u00e8s le paiement, notre \u00e9quipe de soutien Positive Prints vous contactera pour confirmer votre commande. Une fois l&#8217;\u0153uvre d&#8217;art pr\u00eate, vous recevrez un e-mail pour examiner et accepter le design final. Votre satisfaction est importante, alors n&#8217;h\u00e9sitez pas \u00e0 demander des modifications jusqu&#8217;\u00e0 deux fois. Apr\u00e8s votre approbation finale, l&#8217;\u0153uvre d&#8217;art sera envoy\u00e9e pour impression et livraison, cr\u00e9ant un souvenir durable de vos fian\u00e7ailles.<\/p><\/li>\r\n\r\n<\/ol>\r\n\r\n<h2>Dessin au trait de Fian\u00e7ailles : Le Cadeau Parfait<\/h2>\r\n\r\n<p>Le Dessin au trait de Fian\u00e7ailles n&#8217;est pas juste un cadeau. C&#8217;est une c\u00e9l\u00e9bration du chemin vers l&#8217;\u00e9ternit\u00e9. C&#8217;est une mani\u00e8re unique d&#8217;exprimer votre joie et de cr\u00e9er un souvenir durable. Commandez d\u00e8s maintenant votre Dessin au trait de Fian\u00e7ailles et appr\u00e9ciez la beaut\u00e9 de vos fian\u00e7ailles avec un chef-d&#8217;\u0153uvre personnalis\u00e9 qui capture l&#8217;essence de cette \u00e9tape sp\u00e9ciale.<\/p>","protected":false},"excerpt":{"rendered":"<ul class=\"check-list\">\n<li>Laissez nos artistes transformer une photo sp\u00e9ciale de vos fian\u00e7ailles en une \u0153uvre d&#8217;art personnalis\u00e9e intemporelle.<\/li>\n<li>Il sera dessin\u00e9 et livr\u00e9 dans votre bo\u00eete de r\u00e9ception \u00e9lectronique dans un d\u00e9lai de seulement 2 \u00e0 3 jours ouvrables<\/li>\n<li>Personnalisez-l\u00e0 en 3 \u00e9tapes simples<\/li>\n<li>Choisissez un mod\u00e8le ou faites preuve de cr\u00e9ativit\u00e9<\/li>\n<li>2 r\u00e9visions disponibles \u00e0 votre demande<\/li>\n<\/ul>\n","protected":false},"featured_media":1323353,"template":"","meta":[],"product_brand":[],"product_cat":[9177,9760,104,5276],"product_tag":[17670,8432],"class_list":{"0":"post-1098468","1":"product","2":"type-product","3":"status-publish","4":"has-post-thumbnail","6":"product_cat-line-art-fr","7":"product_cat-trending-label-fr","8":"product_cat-tous-les-produits","9":"product_cat-cadeaux-de-fiancailles-idees-cadeaux","10":"product_tag-engagement-fr","11":"product_tag-fiancailles","13":"first","14":"instock","15":"sale","16":"taxable","17":"shipping-taxable","18":"purchasable","19":"product-type-variable"},"yoast_head":"<!-- This site is optimized with the Yoast SEO Premium plugin v27.2 (Yoast SEO v27.2) - https:\/\/yoast.com\/product\/yoast-seo-premium-wordpress\/ -->\n<title>Dessin au trait de Fian\u00e7ailles - Positive Prints<\/title>\n<meta name=\"description\" content=\"Commandez votre Dessin au trait de Fian\u00e7ailles et appr\u00e9ciez la beaut\u00e9 de vos fian\u00e7ailles avec un chef-d&#039;\u0153uvre personnalis\u00e9 qui capture l&#039;essence de cette \u00e9tape sp\u00e9ciale.\" \/>\n<meta name=\"robots\" content=\"index, follow, max-snippet:-1, max-image-preview:large, max-video-preview:-1\" \/>\n<link rel=\"canonical\" href=\"https:\/\/positiveprints.com\/fr\/produit\/dessin-au-trait-fiancailles\/\" \/>\n<meta property=\"og:locale\" content=\"fr_FR\" \/>\n<meta property=\"og:type\" content=\"article\" \/>\n<meta property=\"og:title\" content=\"Dessin au trait de Fian\u00e7ailles\" \/>\n<meta property=\"og:description\" content=\"Laissez nos artistes transformer une photo sp\u00e9ciale de vos fian\u00e7ailles en une \u0153uvre d&#039;art personnalis\u00e9e intemporelle.  Il sera dessin\u00e9 et livr\u00e9 dans votre bo\u00eete de r\u00e9ception \u00e9lectronique dans un d\u00e9lai de seulement 2 \u00e0 3 jours ouvrables  Personnalisez-l\u00e0 en 3 \u00e9tapes simples  Choisissez un mod\u00e8le ou faites preuve de cr\u00e9ativit\u00e9  2 r\u00e9visions disponibles \u00e0 votre demande\" \/>\n<meta property=\"og:url\" content=\"https:\/\/positiveprints.com\/fr\/produit\/dessin-au-trait-fiancailles\/\" \/>\n<meta property=\"og:site_name\" content=\"Positive Prints\" \/>\n<meta property=\"article:publisher\" content=\"https:\/\/www.facebook.com\/positiveprintscom\" \/>\n<meta property=\"article:modified_time\" content=\"2026-04-23T10:13:32+00:00\" \/>\n<meta property=\"og:image\" content=\"https:\/\/positiveprints.com\/wp-content\/uploads\/2025\/01\/Dessin-au-trait-de-Fianc\u0327ailles-1.webp\" \/>\n\t<meta property=\"og:image:width\" content=\"1450\" \/>\n\t<meta property=\"og:image:height\" content=\"1450\" \/>\n\t<meta property=\"og:image:type\" content=\"image\/webp\" \/>\n<meta name=\"twitter:card\" content=\"summary_large_image\" \/>\n<!-- \/ Yoast SEO Premium plugin. -->","yoast_head_json":{"title":"Dessin au trait de Fian\u00e7ailles - Positive Prints","description":"Commandez votre Dessin au trait de Fian\u00e7ailles et appr\u00e9ciez la beaut\u00e9 de vos fian\u00e7ailles avec un chef-d'\u0153uvre personnalis\u00e9 qui capture l'essence de cette \u00e9tape sp\u00e9ciale.","robots":{"index":"index","follow":"follow","max-snippet":"max-snippet:-1","max-image-preview":"max-image-preview:large","max-video-preview":"max-video-preview:-1"},"canonical":"https:\/\/positiveprints.com\/fr\/produit\/dessin-au-trait-fiancailles\/","og_locale":"fr_FR","og_type":"article","og_title":"Dessin au trait de Fian\u00e7ailles","og_description":"Laissez nos artistes transformer une photo sp\u00e9ciale de vos fian\u00e7ailles en une \u0153uvre d'art personnalis\u00e9e intemporelle.  Il sera dessin\u00e9 et livr\u00e9 dans votre bo\u00eete de r\u00e9ception \u00e9lectronique dans un d\u00e9lai de seulement 2 \u00e0 3 jours ouvrables  Personnalisez-l\u00e0 en 3 \u00e9tapes simples  Choisissez un mod\u00e8le ou faites preuve de cr\u00e9ativit\u00e9  2 r\u00e9visions disponibles \u00e0 votre demande","og_url":"https:\/\/positiveprints.com\/fr\/produit\/dessin-au-trait-fiancailles\/","og_site_name":"Positive Prints","article_publisher":"https:\/\/www.facebook.com\/positiveprintscom","article_modified_time":"2026-04-23T10:13:32+00:00","og_image":[{"width":1450,"height":1450,"url":"https:\/\/positiveprints.com\/wp-content\/uploads\/2025\/01\/Dessin-au-trait-de-Fianc\u0327ailles-1.webp","type":"image\/webp"}],"twitter_card":"summary_large_image","schema":{"@context":"https:\/\/schema.org","@graph":[{"@type":["WebPage","ItemPage"],"@id":"https:\/\/positiveprints.com\/fr\/produit\/dessin-au-trait-fiancailles\/","url":"https:\/\/positiveprints.com\/fr\/produit\/dessin-au-trait-fiancailles\/","name":"Dessin au trait de Fian\u00e7ailles - Positive Prints","isPartOf":{"@id":"https:\/\/positiveprints.com\/fr\/#website"},"primaryImageOfPage":{"@id":"https:\/\/positiveprints.com\/fr\/produit\/dessin-au-trait-fiancailles\/#primaryimage"},"image":{"@id":"https:\/\/positiveprints.com\/fr\/produit\/dessin-au-trait-fiancailles\/#primaryimage"},"thumbnailUrl":"https:\/\/positiveprints.com\/wp-content\/uploads\/2025\/01\/Dessin-au-trait-de-Fianc\u0327ailles-1.webp","datePublished":"2023-11-22T10:09:45+00:00","dateModified":"2026-04-23T10:13:32+00:00","description":"Commandez votre Dessin au trait de Fian\u00e7ailles et appr\u00e9ciez la beaut\u00e9 de vos fian\u00e7ailles avec un chef-d'\u0153uvre personnalis\u00e9 qui capture l'essence de cette \u00e9tape sp\u00e9ciale.","breadcrumb":{"@id":"https:\/\/positiveprints.com\/fr\/produit\/dessin-au-trait-fiancailles\/#breadcrumb"},"inLanguage":"fr-FR","potentialAction":[{"@type":"ReadAction","target":["https:\/\/positiveprints.com\/fr\/produit\/dessin-au-trait-fiancailles\/"]}]},{"@type":"ImageObject","inLanguage":"fr-FR","@id":"https:\/\/positiveprints.com\/fr\/produit\/dessin-au-trait-fiancailles\/#primaryimage","url":"https:\/\/positiveprints.com\/wp-content\/uploads\/2025\/01\/Dessin-au-trait-de-Fianc\u0327ailles-1.webp","contentUrl":"https:\/\/positiveprints.com\/wp-content\/uploads\/2025\/01\/Dessin-au-trait-de-Fianc\u0327ailles-1.webp","width":1450,"height":1450},{"@type":"BreadcrumbList","@id":"https:\/\/positiveprints.com\/fr\/produit\/dessin-au-trait-fiancailles\/#breadcrumb","itemListElement":[{"@type":"ListItem","position":1,"name":"Home","item":"https:\/\/positiveprints.com\/fr\/"},{"@type":"ListItem","position":2,"name":"Produits","item":"https:\/\/positiveprints.com\/fr\/shop\/"},{"@type":"ListItem","position":3,"name":"Dessin au trait de Fian\u00e7ailles"}]},{"@type":"WebSite","@id":"https:\/\/positiveprints.com\/fr\/#website","url":"https:\/\/positiveprints.com\/fr\/","name":"Positive Prints","description":"Amazing Custom Personalized Gifts","publisher":{"@id":"https:\/\/positiveprints.com\/fr\/#organization"},"potentialAction":[{"@type":"SearchAction","target":{"@type":"EntryPoint","urlTemplate":"https:\/\/positiveprints.com\/fr\/?s={search_term_string}"},"query-input":{"@type":"PropertyValueSpecification","valueRequired":true,"valueName":"search_term_string"}}],"inLanguage":"fr-FR"},{"@type":"Organization","@id":"https:\/\/positiveprints.com\/fr\/#organization","name":"Positive Prints","alternateName":"Positive Prints","url":"https:\/\/positiveprints.com\/fr\/","logo":{"@type":"ImageObject","inLanguage":"fr-FR","@id":"https:\/\/positiveprints.com\/fr\/#\/schema\/logo\/image\/","url":"https:\/\/positiveprints.com\/wp-content\/uploads\/2026\/03\/245815646_1337939713319158_5671353136411139666_n.png","contentUrl":"https:\/\/positiveprints.com\/wp-content\/uploads\/2026\/03\/245815646_1337939713319158_5671353136411139666_n.png","width":800,"height":800,"caption":"Positive Prints"},"image":{"@id":"https:\/\/positiveprints.com\/fr\/#\/schema\/logo\/image\/"},"sameAs":["https:\/\/www.facebook.com\/positiveprintscom","https:\/\/www.instagram.com\/positiveprintscom\/","https:\/\/www.tiktok.com\/@positiveprintscom","https:\/\/www.pinterest.com\/positiveprintscom\/"]}]}},"jetpack_sharing_enabled":true,"_links":{"self":[{"href":"https:\/\/positiveprints.com\/fr\/wp-json\/wp\/v2\/product\/1098468","targetHints":{"allow":["GET"]}}],"collection":[{"href":"https:\/\/positiveprints.com\/fr\/wp-json\/wp\/v2\/product"}],"about":[{"href":"https:\/\/positiveprints.com\/fr\/wp-json\/wp\/v2\/types\/product"}],"wp:featuredmedia":[{"embeddable":true,"href":"https:\/\/positiveprints.com\/fr\/wp-json\/wp\/v2\/media\/1323353"}],"wp:attachment":[{"href":"https:\/\/positiveprints.com\/fr\/wp-json\/wp\/v2\/media?parent=1098468"}],"wp:term":[{"taxonomy":"product_brand","embeddable":true,"href":"https:\/\/positiveprints.com\/fr\/wp-json\/wp\/v2\/product_brand?post=1098468"},{"taxonomy":"product_cat","embeddable":true,"href":"https:\/\/positiveprints.com\/fr\/wp-json\/wp\/v2\/product_cat?post=1098468"},{"taxonomy":"product_tag","embeddable":true,"href":"https:\/\/positiveprints.com\/fr\/wp-json\/wp\/v2\/product_tag?post=1098468"}],"curies":[{"name":"wp","href":"https:\/\/api.w.org\/{rel}","templated":true}]}}