{"id":1097141,"date":"2023-11-22T11:31:48","date_gmt":"2024-04-09T20:25:42","guid":{"rendered":"https:\/\/positiveprints.com\/product\/dessin-au-trait-de-remise-des-diplomes\/"},"modified":"2026-04-07T14:06:30","modified_gmt":"2026-04-07T13:06:30","slug":"dessin-au-trait-remise-diplomes","status":"publish","type":"product","link":"https:\/\/positiveprints.com\/fr\/produit\/dessin-au-trait-remise-diplomes\/","title":{"rendered":"Dessin au trait de remise des dipl\u00f4mes"},"content":{"rendered":"<p>C\u00e9l\u00e9brez les r\u00e9ussites acad\u00e9miques et les jalons avec notre inspirant Dessin au Trait de Remise des Dipl\u00f4mes. Transformez un moment de remise des dipl\u00f4mes significatif en une \u0153uvre d&#8217;art personnalis\u00e9e intemporelle qui refl\u00e8te le travail acharn\u00e9 et le d\u00e9vouement n\u00e9cessaires pour atteindre cette \u00e9tape. Nos artistes qualifi\u00e9s dessineront d\u00e9licatement chaque d\u00e9tail, cr\u00e9ant une repr\u00e9sentation unique qui refl\u00e8te la fiert\u00e9 et l&#8217;accomplissement de la <a href=\"https:\/\/positiveprints.com\/graduation-gifts\/\">remise des dipl\u00f4mes<\/a>. Choisissez votre style et vos couleurs pr\u00e9f\u00e9r\u00e9s, t\u00e9l\u00e9chargez votre photo de remise des dipl\u00f4mes et ajoutez une touche personnelle avec un message de f\u00e9licitations. Cr\u00e9ez un souvenir significatif qui comm\u00e9more le parcours du succ\u00e8s.<\/p>\r\n\r\n<h2>Un Processus en Trois \u00c9tapes Simples:<\/h2>\r\n\r\n<ol>\r\n\r\n<li><strong>Choisissez Votre Style et Vos Couleurs :<\/strong>\r\n<p>S\u00e9lectionnez le style et les couleurs qui r\u00e9sonnent avec la fiert\u00e9 et l&#8217;accomplissement de la remise des dipl\u00f4mes.<\/p>\r\n<\/li>\r\n\r\n<li><strong>T\u00e9l\u00e9chargez Votre Photo Sp\u00e9ciale de Remise des Dipl\u00f4mes :<\/strong>\r\n<p>Partagez une photo qui encapsule l&#8217;importance de votre remise des dipl\u00f4mes. Nos artistes dessineront m\u00e9ticuleusement l&#8217;\u0153uvre d&#8217;art \u00e0 la main, en veillant \u00e0 ce qu&#8217;elle refl\u00e8te la fiert\u00e9 et la joie de cette r\u00e9ussite acad\u00e9mique.<\/p>\r\n<\/li>\r\n\r\n<li><strong>Ajoutez un Message Personnalis\u00e9 et Finalisez :<\/strong>\r\n<p>Am\u00e9liorez votre Dessin au Trait de Remise des Dipl\u00f4mes avec un message de f\u00e9licitations. Apr\u00e8s le paiement, notre \u00e9quipe de soutien Positive Prints vous contactera pour confirmer votre commande. Une fois l&#8217;\u0153uvre d&#8217;art pr\u00eate, vous recevrez un e-mail pour examiner et accepter le design final. Votre satisfaction est importante, alors n&#8217;h\u00e9sitez pas \u00e0 demander des modifications jusqu&#8217;\u00e0 deux fois. Apr\u00e8s votre approbation finale, l&#8217;\u0153uvre d&#8217;art sera envoy\u00e9e pour impression et livraison, cr\u00e9ant ainsi un hommage durable au succ\u00e8s acad\u00e9mique.<\/p>\r\n<\/li>\r\n<\/ol>\r\n\r\n<h2>Dessin au Trait de Remise des Dipl\u00f4mes: Exprimez la Fiert\u00e9 et Cr\u00e9ez un Souvenir Durable<\/h2>\r\n\r\n<p>Le Dessin au Trait de Remise des Dipl\u00f4mes n&#8217;est pas seulement un cadeau. C&#8217;est une c\u00e9l\u00e9bration du travail acharn\u00e9 et du succ\u00e8s. C&#8217;est une mani\u00e8re unique d&#8217;exprimer la fiert\u00e9 et de cr\u00e9er un souvenir durable. ommandez votre Dessin au Trait de Remise des Dipl\u00f4mes maintenant et comm\u00e9morez les r\u00e9ussites acad\u00e9miques avec un chef-d&#8217;\u0153uvre personnalis\u00e9 qui capture l&#8217;essence de cette \u00e9tape significative.<\/p>","protected":false},"excerpt":{"rendered":"<ul class=\"check-list\">\n<li>Laissez nos artistes transformer un moment de remise des dipl\u00f4mes significatif en une \u0153uvre d&#8217;art personnalis\u00e9e intemporelle.<\/li>\n<li>Il sera dessin\u00e9 et livr\u00e9 dans votre bo\u00eete de r\u00e9ception \u00e9lectronique dans un d\u00e9lai de seulement 2 \u00e0 3 jours ouvrables<\/li>\n<li>Personnalisez-l\u00e0 en 3 \u00e9tapes simples<\/li>\n<li>Choisissez un mod\u00e8le ou faites preuve de cr\u00e9ativit\u00e9<\/li>\n<li>2 r\u00e9visions disponibles \u00e0 votre demande<\/li>\n<\/ul>\n","protected":false},"featured_media":1364667,"template":"","meta":[],"product_brand":[],"product_cat":[9177,104,7909],"product_tag":[16686,16687,15254,8491],"class_list":{"0":"post-1097141","1":"product","2":"type-product","3":"status-publish","4":"has-post-thumbnail","6":"product_cat-line-art-fr","7":"product_cat-tous-les-produits","8":"product_cat-cadeaux-de-remise-de-diplome","9":"product_tag-cadeau-de-remise-des-diplomes","10":"product_tag-cadeaux-de-remise-des-diplomes","11":"product_tag-graduation-en-gb-fr","12":"product_tag-graduation-fr","14":"first","15":"instock","16":"sale","17":"taxable","18":"shipping-taxable","19":"purchasable","20":"product-type-variable"},"yoast_head":"<!-- This site is optimized with the Yoast SEO Premium plugin v27.2 (Yoast SEO v27.2) - https:\/\/yoast.com\/product\/yoast-seo-premium-wordpress\/ -->\n<title>Dessin au trait de remise des dipl\u00f4mes - Positive Prints<\/title>\n<meta name=\"description\" content=\"Commandez votre Dessin au Trait de Remise des Dipl\u00f4mes maintenant et comm\u00e9morez les r\u00e9ussites acad\u00e9miques avec un chef-d&#039;\u0153uvre personnalis\u00e9 qui capture l&#039;essence de cette \u00e9tape significative.\" \/>\n<meta name=\"robots\" content=\"index, follow, max-snippet:-1, max-image-preview:large, max-video-preview:-1\" \/>\n<link rel=\"canonical\" href=\"https:\/\/positiveprints.com\/fr\/produit\/dessin-au-trait-remise-diplomes\/\" \/>\n<meta property=\"og:locale\" content=\"fr_FR\" \/>\n<meta property=\"og:type\" content=\"article\" \/>\n<meta property=\"og:title\" content=\"Dessin au trait de remise des dipl\u00f4mes\" \/>\n<meta property=\"og:description\" content=\"Laissez nos artistes transformer un moment de remise des dipl\u00f4mes significatif en une \u0153uvre d&#039;art personnalis\u00e9e intemporelle.  Il sera dessin\u00e9 et livr\u00e9 dans votre bo\u00eete de r\u00e9ception \u00e9lectronique dans un d\u00e9lai de seulement 2 \u00e0 3 jours ouvrables  Personnalisez-l\u00e0 en 3 \u00e9tapes simples  Choisissez un mod\u00e8le ou faites preuve de cr\u00e9ativit\u00e9  2 r\u00e9visions disponibles \u00e0 votre demande\" \/>\n<meta property=\"og:url\" content=\"https:\/\/positiveprints.com\/fr\/produit\/dessin-au-trait-remise-diplomes\/\" \/>\n<meta property=\"og:site_name\" content=\"Positive Prints\" \/>\n<meta property=\"article:publisher\" content=\"https:\/\/www.facebook.com\/positiveprintscom\" \/>\n<meta property=\"article:modified_time\" content=\"2026-04-07T13:06:30+00:00\" \/>\n<meta property=\"og:image\" content=\"https:\/\/positiveprints.com\/wp-content\/uploads\/2024\/07\/Dessin-au-trait-de-remise-des-diplo\u0302mes.jpg\" \/>\n\t<meta property=\"og:image:width\" content=\"1080\" \/>\n\t<meta property=\"og:image:height\" content=\"1080\" \/>\n\t<meta property=\"og:image:type\" content=\"image\/jpeg\" \/>\n<meta name=\"twitter:card\" content=\"summary_large_image\" \/>\n<meta name=\"twitter:label1\" content=\"Dur\u00e9e de lecture estim\u00e9e\" \/>\n\t<meta name=\"twitter:data1\" content=\"2 minutes\" \/>\n<!-- \/ Yoast SEO Premium plugin. -->","yoast_head_json":{"title":"Dessin au trait de remise des dipl\u00f4mes - Positive Prints","description":"Commandez votre Dessin au Trait de Remise des Dipl\u00f4mes maintenant et comm\u00e9morez les r\u00e9ussites acad\u00e9miques avec un chef-d'\u0153uvre personnalis\u00e9 qui capture l'essence de cette \u00e9tape significative.","robots":{"index":"index","follow":"follow","max-snippet":"max-snippet:-1","max-image-preview":"max-image-preview:large","max-video-preview":"max-video-preview:-1"},"canonical":"https:\/\/positiveprints.com\/fr\/produit\/dessin-au-trait-remise-diplomes\/","og_locale":"fr_FR","og_type":"article","og_title":"Dessin au trait de remise des dipl\u00f4mes","og_description":"Laissez nos artistes transformer un moment de remise des dipl\u00f4mes significatif en une \u0153uvre d'art personnalis\u00e9e intemporelle.  Il sera dessin\u00e9 et livr\u00e9 dans votre bo\u00eete de r\u00e9ception \u00e9lectronique dans un d\u00e9lai de seulement 2 \u00e0 3 jours ouvrables  Personnalisez-l\u00e0 en 3 \u00e9tapes simples  Choisissez un mod\u00e8le ou faites preuve de cr\u00e9ativit\u00e9  2 r\u00e9visions disponibles \u00e0 votre demande","og_url":"https:\/\/positiveprints.com\/fr\/produit\/dessin-au-trait-remise-diplomes\/","og_site_name":"Positive Prints","article_publisher":"https:\/\/www.facebook.com\/positiveprintscom","article_modified_time":"2026-04-07T13:06:30+00:00","og_image":[{"width":1080,"height":1080,"url":"https:\/\/positiveprints.com\/wp-content\/uploads\/2024\/07\/Dessin-au-trait-de-remise-des-diplo\u0302mes.jpg","type":"image\/jpeg"}],"twitter_card":"summary_large_image","twitter_misc":{"Dur\u00e9e de lecture estim\u00e9e":"2 minutes"},"schema":{"@context":"https:\/\/schema.org","@graph":[{"@type":["WebPage","ItemPage"],"@id":"https:\/\/positiveprints.com\/fr\/produit\/dessin-au-trait-remise-diplomes\/","url":"https:\/\/positiveprints.com\/fr\/produit\/dessin-au-trait-remise-diplomes\/","name":"Dessin au trait de remise des dipl\u00f4mes - Positive Prints","isPartOf":{"@id":"https:\/\/positiveprints.com\/fr\/#website"},"primaryImageOfPage":{"@id":"https:\/\/positiveprints.com\/fr\/produit\/dessin-au-trait-remise-diplomes\/#primaryimage"},"image":{"@id":"https:\/\/positiveprints.com\/fr\/produit\/dessin-au-trait-remise-diplomes\/#primaryimage"},"thumbnailUrl":"https:\/\/positiveprints.com\/wp-content\/uploads\/2025\/02\/Dessin-au-trait-de-remise-des-diplo\u0302mes-1.webp","datePublished":"2024-04-09T20:25:42+00:00","dateModified":"2026-04-07T13:06:30+00:00","description":"Commandez votre Dessin au Trait de Remise des Dipl\u00f4mes maintenant et comm\u00e9morez les r\u00e9ussites acad\u00e9miques avec un chef-d'\u0153uvre personnalis\u00e9 qui capture l'essence de cette \u00e9tape significative.","breadcrumb":{"@id":"https:\/\/positiveprints.com\/fr\/produit\/dessin-au-trait-remise-diplomes\/#breadcrumb"},"inLanguage":"fr-FR","potentialAction":[{"@type":"ReadAction","target":["https:\/\/positiveprints.com\/fr\/produit\/dessin-au-trait-remise-diplomes\/"]}]},{"@type":"ImageObject","inLanguage":"fr-FR","@id":"https:\/\/positiveprints.com\/fr\/produit\/dessin-au-trait-remise-diplomes\/#primaryimage","url":"https:\/\/positiveprints.com\/wp-content\/uploads\/2025\/02\/Dessin-au-trait-de-remise-des-diplo\u0302mes-1.webp","contentUrl":"https:\/\/positiveprints.com\/wp-content\/uploads\/2025\/02\/Dessin-au-trait-de-remise-des-diplo\u0302mes-1.webp","width":1450,"height":1450},{"@type":"BreadcrumbList","@id":"https:\/\/positiveprints.com\/fr\/produit\/dessin-au-trait-remise-diplomes\/#breadcrumb","itemListElement":[{"@type":"ListItem","position":1,"name":"Home","item":"https:\/\/positiveprints.com\/fr\/"},{"@type":"ListItem","position":2,"name":"Produits","item":"https:\/\/positiveprints.com\/fr\/shop\/"},{"@type":"ListItem","position":3,"name":"Dessin au trait de remise des dipl\u00f4mes"}]},{"@type":"WebSite","@id":"https:\/\/positiveprints.com\/fr\/#website","url":"https:\/\/positiveprints.com\/fr\/","name":"Positive Prints","description":"Amazing Custom Personalized Gifts","publisher":{"@id":"https:\/\/positiveprints.com\/fr\/#organization"},"potentialAction":[{"@type":"SearchAction","target":{"@type":"EntryPoint","urlTemplate":"https:\/\/positiveprints.com\/fr\/?s={search_term_string}"},"query-input":{"@type":"PropertyValueSpecification","valueRequired":true,"valueName":"search_term_string"}}],"inLanguage":"fr-FR"},{"@type":"Organization","@id":"https:\/\/positiveprints.com\/fr\/#organization","name":"Positive Prints","alternateName":"Positive Prints","url":"https:\/\/positiveprints.com\/fr\/","logo":{"@type":"ImageObject","inLanguage":"fr-FR","@id":"https:\/\/positiveprints.com\/fr\/#\/schema\/logo\/image\/","url":"https:\/\/positiveprints.com\/wp-content\/uploads\/2026\/03\/245815646_1337939713319158_5671353136411139666_n.png","contentUrl":"https:\/\/positiveprints.com\/wp-content\/uploads\/2026\/03\/245815646_1337939713319158_5671353136411139666_n.png","width":800,"height":800,"caption":"Positive Prints"},"image":{"@id":"https:\/\/positiveprints.com\/fr\/#\/schema\/logo\/image\/"},"sameAs":["https:\/\/www.facebook.com\/positiveprintscom","https:\/\/www.instagram.com\/positiveprintscom\/","https:\/\/www.tiktok.com\/@positiveprintscom","https:\/\/www.pinterest.com\/positiveprintscom\/"]}]}},"jetpack_sharing_enabled":true,"_links":{"self":[{"href":"https:\/\/positiveprints.com\/fr\/wp-json\/wp\/v2\/product\/1097141","targetHints":{"allow":["GET"]}}],"collection":[{"href":"https:\/\/positiveprints.com\/fr\/wp-json\/wp\/v2\/product"}],"about":[{"href":"https:\/\/positiveprints.com\/fr\/wp-json\/wp\/v2\/types\/product"}],"wp:featuredmedia":[{"embeddable":true,"href":"https:\/\/positiveprints.com\/fr\/wp-json\/wp\/v2\/media\/1364667"}],"wp:attachment":[{"href":"https:\/\/positiveprints.com\/fr\/wp-json\/wp\/v2\/media?parent=1097141"}],"wp:term":[{"taxonomy":"product_brand","embeddable":true,"href":"https:\/\/positiveprints.com\/fr\/wp-json\/wp\/v2\/product_brand?post=1097141"},{"taxonomy":"product_cat","embeddable":true,"href":"https:\/\/positiveprints.com\/fr\/wp-json\/wp\/v2\/product_cat?post=1097141"},{"taxonomy":"product_tag","embeddable":true,"href":"https:\/\/positiveprints.com\/fr\/wp-json\/wp\/v2\/product_tag?post=1097141"}],"curies":[{"name":"wp","href":"https:\/\/api.w.org\/{rel}","templated":true}]}}