{"id":1091399,"date":"2024-03-28T19:22:38","date_gmt":"2024-03-28T18:22:38","guid":{"rendered":"https:\/\/positiveprints.com\/?post_type=product&#038;p=1091399"},"modified":"2026-04-03T02:55:26","modified_gmt":"2026-04-03T01:55:26","slug":"remise-des-diplomes-4-photos-collage-photo","status":"publish","type":"product","link":"https:\/\/positiveprints.com\/fr\/produit\/remise-des-diplomes-4-photos-collage-photo\/","title":{"rendered":"Remise des Dipl\u00f4mes 4 Photos Collage Photo"},"content":{"rendered":"<p>Vous recherchez le cadeau parfait pour comm\u00e9morer la remise des dipl\u00f4mes de votre proche ? Ne cherchez plus ! Notre &#8220;Remise des Dipl\u00f4mes 4 Photos Collage Photo&#8221; est le moyen id\u00e9al pour honorer cette r\u00e9alisation importante et cr\u00e9er un souvenir durable. D\u00e9couvrons comment vous pouvez rendre leur journ\u00e9e de remise des dipl\u00f4mes encore plus sp\u00e9ciale avec un collage personnalis\u00e9.<\/p>\r\n\r\n<h2>Remise des Dipl\u00f4mes 4 Photos Collage Photo Personnalis\u00e9<\/h2>\r\n\r\n<p>La cr\u00e9ation de votre &#8220;Remise des Dipl\u00f4mes 4 Photos Collage Photo&#8221; est facile ! Choisissez simplement un th\u00e8me qui refl\u00e8te le parcours du dipl\u00f4m\u00e9 \u2013 que ce soit les couleurs de son \u00e9cole, ses moments les plus fiers ou ses souvenirs pr\u00e9f\u00e9r\u00e9s. Ensuite, ajoutez quatre photos ch\u00e8res qui capturent l&#8217;essence de son exp\u00e9rience de remise des dipl\u00f4mes, des moments fiers en famille aux c\u00e9l\u00e9brations joyeuses entre amis.<\/p>\r\n\r\n<p>Une fois les photos en place, s\u00e9lectionnez l&#8217;option d&#8217;affichage parfaite pour mettre en valeur leur collage. Que vous optiez pour un poster imprim\u00e9, un chef-d&#8217;\u0153uvre encadr\u00e9, une toile ou un t\u00e9l\u00e9chargement num\u00e9rique instantan\u00e9, chaque choix offre une fa\u00e7on unique de c\u00e9l\u00e9brer leurs r\u00e9alisations. Avec quelques \u00e9tapes simples, vous pouvez cr\u00e9er un cadeau sinc\u00e8re qui c\u00e9l\u00e8bre leur travail acharn\u00e9 et leur d\u00e9vouement.<\/p>\r\n\r\n<h2>Le cadeau de remise des dipl\u00f4mes unique<\/h2>\r\n\r\n<p>Imaginez la joie sur le visage de votre dipl\u00f4m\u00e9 en d\u00e9ballant un Remise des Dipl\u00f4mes 4 Photos Collage Photo, mettant en valeur son parcours et ses r\u00e9alisations. Commander ce collage comme cadeau n&#8217;est pas simplement un achat, mais une proclamation fi\u00e8re de son travail acharn\u00e9 et de son d\u00e9vouement. C&#8217;est un symbole tangible de votre soutien et de votre croyance en ses capacit\u00e9s alors qu&#8217;il entame son prochain chapitre.<\/p>\r\n\r\n<p>Pr\u00e9senter ce collage \u00e0 votre dipl\u00f4m\u00e9 est un moment rempli de fiert\u00e9 \u2013 un t\u00e9moignage de ses r\u00e9alisations et du voyage excitant qui l&#8217;attend. Que ce soit pour une remise des dipl\u00f4mes au lyc\u00e9e, une c\u00e9r\u00e9monie de remise des dipl\u00f4mes universitaires, ou toute autre \u00e9tape importante, ce cadeau c\u00e9l\u00e8bre leurs r\u00e9alisations de mani\u00e8re significative et sinc\u00e8re.<\/p>\r\n\r\n<p>Avec chaque option d&#8217;affichage soigneusement con\u00e7ue pour mettre en valeur leur collage sous son meilleur jour, vous pouvez \u00eatre certain que votre cadeau sera ch\u00e9ri pendant des ann\u00e9es \u00e0 venir. Commandez d\u00e8s aujourd&#8217;hui et offrez le cadeau de fiert\u00e9, d&#8217;amour et de c\u00e9l\u00e9bration \u00e0 votre dipl\u00f4m\u00e9 alors qu&#8217;il se lance dans sa prochaine aventure.<\/p>","protected":false},"excerpt":{"rendered":"<ul class=\"check-list\">\n<li>Montrez votre fiert\u00e9 et votre admiration pour le dipl\u00f4m\u00e9 avec une \u0153uvre d&#8217;art \u00e9poustouflante et c\u00e9l\u00e9brez son parcours et ses r\u00e9alisations<\/li>\n<li>Ajouter des superpositions de texte pour rendre chaque cadeau sp\u00e9cial et pr\u00e9cieux<\/li>\n<li>Personnalisez en seulement 2 minutes<\/li>\n<li>Choisissez un mod\u00e8le ou faites preuve de cr\u00e9ativit\u00e9<\/li>\n<li>Vois le r\u00e9sultat imm\u00e9diatement \u2013 l\u2019aper\u00e7u interactif te permet de peaufiner chaque d\u00e9tail<\/li>\n<\/ul>\n","protected":false},"featured_media":1097611,"template":"","meta":[],"product_brand":[],"product_cat":[7495,7909,104],"product_tag":[16686,16687,15254,8491],"class_list":{"0":"post-1091399","1":"product","2":"type-product","3":"status-publish","4":"has-post-thumbnail","6":"product_cat-photo-fr","7":"product_cat-cadeaux-de-remise-de-diplome","8":"product_cat-tous-les-produits","9":"product_tag-cadeau-de-remise-des-diplomes","10":"product_tag-cadeaux-de-remise-des-diplomes","11":"product_tag-graduation-en-gb-fr","12":"product_tag-graduation-fr","14":"first","15":"instock","16":"sale","17":"taxable","18":"shipping-taxable","19":"purchasable","20":"product-type-variable"},"yoast_head":"<!-- This site is optimized with the Yoast SEO Premium plugin v27.2 (Yoast SEO v27.2) - https:\/\/yoast.com\/product\/yoast-seo-premium-wordpress\/ -->\n<title>Remise des Dipl\u00f4mes 4 Photos Collage Photo - Positive Prints<\/title>\n<meta name=\"description\" content=\"Comm\u00e9morez votre remise des dipl\u00f4mes avec notre &quot;Remise des Dipl\u00f4mes 4 Photos Collage Photo&quot;. Ch\u00e9rissez vos r\u00e9alisations avec un collage personnalis\u00e9. Commandez d\u00e8s aujourd&#039;hui !\" \/>\n<meta name=\"robots\" content=\"index, follow, max-snippet:-1, max-image-preview:large, max-video-preview:-1\" \/>\n<link rel=\"canonical\" href=\"https:\/\/positiveprints.com\/fr\/produit\/remise-des-diplomes-4-photos-collage-photo\/\" \/>\n<meta property=\"og:locale\" content=\"fr_FR\" \/>\n<meta property=\"og:type\" content=\"article\" \/>\n<meta property=\"og:title\" content=\"Remise des Dipl\u00f4mes 4 Photos Collage Photo\" \/>\n<meta property=\"og:description\" content=\"Montrez votre fiert\u00e9 et votre admiration pour le dipl\u00f4m\u00e9 avec une \u0153uvre d&#039;art \u00e9poustouflante et c\u00e9l\u00e9brez son parcours et ses r\u00e9alisations Ajouter des superpositions de texte pour rendre chaque cadeau sp\u00e9cial et pr\u00e9cieux Personnalisez en seulement 2 minutes Choisissez un mod\u00e8le ou faites preuve de cr\u00e9ativit\u00e9 Vois le r\u00e9sultat imm\u00e9diatement \u2013 l\u2019aper\u00e7u interactif te permet de peaufiner chaque d\u00e9tail\" \/>\n<meta property=\"og:url\" content=\"https:\/\/positiveprints.com\/fr\/produit\/remise-des-diplomes-4-photos-collage-photo\/\" \/>\n<meta property=\"og:site_name\" content=\"Positive Prints\" \/>\n<meta property=\"article:publisher\" content=\"https:\/\/www.facebook.com\/positiveprintscom\" \/>\n<meta property=\"article:modified_time\" content=\"2026-04-03T01:55:26+00:00\" \/>\n<meta property=\"og:image\" content=\"https:\/\/positiveprints.com\/wp-content\/uploads\/2024\/04\/Graduation-4-Photo-Collage.jpg\" \/>\n\t<meta property=\"og:image:width\" content=\"1080\" \/>\n\t<meta property=\"og:image:height\" content=\"1080\" \/>\n\t<meta property=\"og:image:type\" content=\"image\/jpeg\" \/>\n<meta name=\"twitter:card\" content=\"summary_large_image\" \/>\n<meta name=\"twitter:label1\" content=\"Dur\u00e9e de lecture estim\u00e9e\" \/>\n\t<meta name=\"twitter:data1\" content=\"2 minutes\" \/>\n<!-- \/ Yoast SEO Premium plugin. -->","yoast_head_json":{"title":"Remise des Dipl\u00f4mes 4 Photos Collage Photo - Positive Prints","description":"Comm\u00e9morez votre remise des dipl\u00f4mes avec notre \"Remise des Dipl\u00f4mes 4 Photos Collage Photo\". Ch\u00e9rissez vos r\u00e9alisations avec un collage personnalis\u00e9. Commandez d\u00e8s aujourd'hui !","robots":{"index":"index","follow":"follow","max-snippet":"max-snippet:-1","max-image-preview":"max-image-preview:large","max-video-preview":"max-video-preview:-1"},"canonical":"https:\/\/positiveprints.com\/fr\/produit\/remise-des-diplomes-4-photos-collage-photo\/","og_locale":"fr_FR","og_type":"article","og_title":"Remise des Dipl\u00f4mes 4 Photos Collage Photo","og_description":"Montrez votre fiert\u00e9 et votre admiration pour le dipl\u00f4m\u00e9 avec une \u0153uvre d'art \u00e9poustouflante et c\u00e9l\u00e9brez son parcours et ses r\u00e9alisations Ajouter des superpositions de texte pour rendre chaque cadeau sp\u00e9cial et pr\u00e9cieux Personnalisez en seulement 2 minutes Choisissez un mod\u00e8le ou faites preuve de cr\u00e9ativit\u00e9 Vois le r\u00e9sultat imm\u00e9diatement \u2013 l\u2019aper\u00e7u interactif te permet de peaufiner chaque d\u00e9tail","og_url":"https:\/\/positiveprints.com\/fr\/produit\/remise-des-diplomes-4-photos-collage-photo\/","og_site_name":"Positive Prints","article_publisher":"https:\/\/www.facebook.com\/positiveprintscom","article_modified_time":"2026-04-03T01:55:26+00:00","og_image":[{"width":1080,"height":1080,"url":"https:\/\/positiveprints.com\/wp-content\/uploads\/2024\/04\/Graduation-4-Photo-Collage.jpg","type":"image\/jpeg"}],"twitter_card":"summary_large_image","twitter_misc":{"Dur\u00e9e de lecture estim\u00e9e":"2 minutes"},"schema":{"@context":"https:\/\/schema.org","@graph":[{"@type":["WebPage","ItemPage"],"@id":"https:\/\/positiveprints.com\/fr\/produit\/remise-des-diplomes-4-photos-collage-photo\/","url":"https:\/\/positiveprints.com\/fr\/produit\/remise-des-diplomes-4-photos-collage-photo\/","name":"Remise des Dipl\u00f4mes 4 Photos Collage Photo - Positive Prints","isPartOf":{"@id":"https:\/\/positiveprints.com\/fr\/#website"},"primaryImageOfPage":{"@id":"https:\/\/positiveprints.com\/fr\/produit\/remise-des-diplomes-4-photos-collage-photo\/#primaryimage"},"image":{"@id":"https:\/\/positiveprints.com\/fr\/produit\/remise-des-diplomes-4-photos-collage-photo\/#primaryimage"},"thumbnailUrl":"https:\/\/positiveprints.com\/wp-content\/uploads\/2024\/04\/Graduation-4-Photo-Collage.jpg","datePublished":"2024-03-28T18:22:38+00:00","dateModified":"2026-04-03T01:55:26+00:00","description":"Comm\u00e9morez votre remise des dipl\u00f4mes avec notre \"Remise des Dipl\u00f4mes 4 Photos Collage Photo\". Ch\u00e9rissez vos r\u00e9alisations avec un collage personnalis\u00e9. Commandez d\u00e8s aujourd'hui !","breadcrumb":{"@id":"https:\/\/positiveprints.com\/fr\/produit\/remise-des-diplomes-4-photos-collage-photo\/#breadcrumb"},"inLanguage":"fr-FR","potentialAction":[{"@type":"ReadAction","target":["https:\/\/positiveprints.com\/fr\/produit\/remise-des-diplomes-4-photos-collage-photo\/"]}]},{"@type":"ImageObject","inLanguage":"fr-FR","@id":"https:\/\/positiveprints.com\/fr\/produit\/remise-des-diplomes-4-photos-collage-photo\/#primaryimage","url":"https:\/\/positiveprints.com\/wp-content\/uploads\/2024\/04\/Graduation-4-Photo-Collage.jpg","contentUrl":"https:\/\/positiveprints.com\/wp-content\/uploads\/2024\/04\/Graduation-4-Photo-Collage.jpg","width":1080,"height":1080,"caption":"Graduation 4 Photo Collage"},{"@type":"BreadcrumbList","@id":"https:\/\/positiveprints.com\/fr\/produit\/remise-des-diplomes-4-photos-collage-photo\/#breadcrumb","itemListElement":[{"@type":"ListItem","position":1,"name":"Home","item":"https:\/\/positiveprints.com\/fr\/"},{"@type":"ListItem","position":2,"name":"Produits","item":"https:\/\/positiveprints.com\/fr\/shop\/"},{"@type":"ListItem","position":3,"name":"Remise des Dipl\u00f4mes 4 Photos Collage Photo"}]},{"@type":"WebSite","@id":"https:\/\/positiveprints.com\/fr\/#website","url":"https:\/\/positiveprints.com\/fr\/","name":"Positive Prints","description":"Amazing Custom Personalized Gifts","publisher":{"@id":"https:\/\/positiveprints.com\/fr\/#organization"},"potentialAction":[{"@type":"SearchAction","target":{"@type":"EntryPoint","urlTemplate":"https:\/\/positiveprints.com\/fr\/?s={search_term_string}"},"query-input":{"@type":"PropertyValueSpecification","valueRequired":true,"valueName":"search_term_string"}}],"inLanguage":"fr-FR"},{"@type":"Organization","@id":"https:\/\/positiveprints.com\/fr\/#organization","name":"Positive Prints","alternateName":"Positive Prints","url":"https:\/\/positiveprints.com\/fr\/","logo":{"@type":"ImageObject","inLanguage":"fr-FR","@id":"https:\/\/positiveprints.com\/fr\/#\/schema\/logo\/image\/","url":"https:\/\/positiveprints.com\/wp-content\/uploads\/2026\/03\/245815646_1337939713319158_5671353136411139666_n.png","contentUrl":"https:\/\/positiveprints.com\/wp-content\/uploads\/2026\/03\/245815646_1337939713319158_5671353136411139666_n.png","width":800,"height":800,"caption":"Positive Prints"},"image":{"@id":"https:\/\/positiveprints.com\/fr\/#\/schema\/logo\/image\/"},"sameAs":["https:\/\/www.facebook.com\/positiveprintscom","https:\/\/www.instagram.com\/positiveprintscom\/","https:\/\/www.tiktok.com\/@positiveprintscom","https:\/\/www.pinterest.com\/positiveprintscom\/"]}]}},"jetpack_sharing_enabled":true,"_links":{"self":[{"href":"https:\/\/positiveprints.com\/fr\/wp-json\/wp\/v2\/product\/1091399","targetHints":{"allow":["GET"]}}],"collection":[{"href":"https:\/\/positiveprints.com\/fr\/wp-json\/wp\/v2\/product"}],"about":[{"href":"https:\/\/positiveprints.com\/fr\/wp-json\/wp\/v2\/types\/product"}],"wp:featuredmedia":[{"embeddable":true,"href":"https:\/\/positiveprints.com\/fr\/wp-json\/wp\/v2\/media\/1097611"}],"wp:attachment":[{"href":"https:\/\/positiveprints.com\/fr\/wp-json\/wp\/v2\/media?parent=1091399"}],"wp:term":[{"taxonomy":"product_brand","embeddable":true,"href":"https:\/\/positiveprints.com\/fr\/wp-json\/wp\/v2\/product_brand?post=1091399"},{"taxonomy":"product_cat","embeddable":true,"href":"https:\/\/positiveprints.com\/fr\/wp-json\/wp\/v2\/product_cat?post=1091399"},{"taxonomy":"product_tag","embeddable":true,"href":"https:\/\/positiveprints.com\/fr\/wp-json\/wp\/v2\/product_tag?post=1091399"}],"curies":[{"name":"wp","href":"https:\/\/api.w.org\/{rel}","templated":true}]}}