{"id":1091383,"date":"2024-03-28T19:18:06","date_gmt":"2024-03-28T18:18:06","guid":{"rendered":"https:\/\/positiveprints.com\/?post_type=product&#038;p=1091383"},"modified":"2026-04-18T04:30:26","modified_gmt":"2026-04-18T03:30:26","slug":"papa-4-photos-collage-photo","status":"publish","type":"product","link":"https:\/\/positiveprints.com\/fr\/produit\/papa-4-photos-collage-photo\/","title":{"rendered":"Papa 4 Photos Collage Photo"},"content":{"rendered":"<p>\u00cates-vous \u00e0 la recherche d&#8217;un cadeau qui exprime parfaitement votre amour et votre appr\u00e9ciation pour votre papa ? Ne cherchez plus ! Notre &#8220;Papa 4 Photos Collage Photo&#8221; offre une solution sinc\u00e8re. D\u00e9couvrez comment vous pouvez cr\u00e9er un chef-d&#8217;\u0153uvre personnalis\u00e9 que votre papa ch\u00e9rira pour toujours.<\/p>\r\n\r\n<h2>Cr\u00e9ez votre Papa 4 Photos Collage Photo<\/h2>\r\n\r\n\r\n<p>Commencez par choisir un th\u00e8me qui r\u00e9sonne avec la personnalit\u00e9 et les int\u00e9r\u00eats de votre papa. Que ce soit pour c\u00e9l\u00e9brer son r\u00f4le de &#8220;Meilleur papa&#8221; ou mettre en valeur des moments m\u00e9morables, notre s\u00e9lection de th\u00e8mes garantit qu&#8217;il y a quelque chose de sp\u00e9cial pour chaque papa. De plus, chaque th\u00e8me est accompagn\u00e9 d&#8217;une \u00e9l\u00e9gante police d&#8217;\u00e9criture pour une touche de sophistication suppl\u00e9mentaire.<\/p>\r\n\r\n<p>Infusez votre collage avec des souvenirs en ajoutant quatre de vos photos pr\u00e9f\u00e9r\u00e9es. Des aventures en famille aux instantan\u00e9s \u00e9mouvants, ces images captureront l&#8217;essence de votre lien avec votre papa. Notre \u00e9diteur facilite le t\u00e9l\u00e9chargement et l&#8217;arrangement de vos photos pour une composition parfaite.<\/p>\r\n\r\n<h2>Le cadeau de souvenirs significatifs<\/h2>\r\n\r\n<p>Offrez \u00e0 votre papa un cadeau qui en dit long avec notre &#8220;Papa 4 Photos Collage Photo&#8221; personnalis\u00e9. Plus qu&#8217;un simple pr\u00e9sent, c&#8217;est une expression sinc\u00e8re de gratitude et d&#8217;amour. Que ce soit pour la f\u00eate des p\u00e8res, son anniversaire, ou toute autre occasion sp\u00e9ciale, ce collage est garanti de rendre sa journ\u00e9e inoubliable. Que vous optiez pour un poster imprim\u00e9 ou encadr\u00e9, une toile ou un fichier de t\u00e9l\u00e9chargement num\u00e9rique instantan\u00e9, nous proposons des choix vari\u00e9s pour r\u00e9pondre \u00e0 vos pr\u00e9f\u00e9rences.<\/p>\r\n\r\n<p>Montrez \u00e0 votre papa combien il compte pour vous avec un cadeau aussi unique que lui. Commandez votre &#8220;Papa 4 Photos Collage Photo&#8221; personnalis\u00e9 d\u00e8s aujourd&#8217;hui et faites savoir \u00e0 votre papa qu&#8217;il est vraiment appr\u00e9ci\u00e9.<\/p>","protected":false},"excerpt":{"rendered":"<ul class=\"check-list\">\n<li>Montrez \u00e0 votre papa \u00e0 quel point vous l&#8217;appr\u00e9ciez avec un superbe cadeau qui c\u00e9l\u00e8bre les moments pass\u00e9s ensemble<\/li>\n<li>Ajouter des superpositions de texte pour rendre chaque cadeau sp\u00e9cial et pr\u00e9cieux<\/li>\n<li>Personnalisez en seulement 2 minutes<\/li>\n<li>Choisissez un mod\u00e8le ou faites preuve de cr\u00e9ativit\u00e9<\/li>\n<li>Vois le r\u00e9sultat imm\u00e9diatement \u2013 l\u2019aper\u00e7u interactif te permet de peaufiner chaque d\u00e9tail<\/li>\n<\/ul>\n","protected":false},"featured_media":1096686,"template":"","meta":[],"product_brand":[],"product_cat":[104,7337,7495,5264,11391,15055,7973],"product_tag":[13465,11760,11107],"class_list":{"0":"post-1091383","1":"product","2":"type-product","3":"status-publish","4":"has-post-thumbnail","6":"product_cat-tous-les-produits","7":"product_cat-cadeaux-de-fete-des-peres","8":"product_cat-photo-fr","9":"product_cat-cadeaux-de-noel","10":"product_cat-cadeaux-de-noel-pour-papa","11":"product_cat-cadeaux-de-noel-pour-la-famille","12":"product_cat-cadeaux-pour-papa","13":"product_tag-cadeaux-de-noel-pour-la-famille","14":"product_tag-cadeaux-de-noel-pour-papa","15":"product_tag-father-it-fr","17":"first","18":"instock","19":"sale","20":"taxable","21":"shipping-taxable","22":"purchasable","23":"product-type-variable"},"yoast_head":"<!-- This site is optimized with the Yoast SEO Premium plugin v27.2 (Yoast SEO v27.2) - https:\/\/yoast.com\/product\/yoast-seo-premium-wordpress\/ -->\n<title>Papa 4 Photos Collage Photo - Positive Prints<\/title>\n<meta name=\"description\" content=\"C\u00e9l\u00e9brez les jalons du papa avec notre Papa 4 Photos Collage Photo. Cr\u00e9ez un chef-d&#039;\u0153uvre personnalis\u00e9 en seulement trois \u00e9tapes faciles. Commandez maintenant !\" \/>\n<meta name=\"robots\" content=\"index, follow, max-snippet:-1, max-image-preview:large, max-video-preview:-1\" \/>\n<link rel=\"canonical\" href=\"https:\/\/positiveprints.com\/fr\/produit\/papa-4-photos-collage-photo\/\" \/>\n<meta property=\"og:locale\" content=\"fr_FR\" \/>\n<meta property=\"og:type\" content=\"article\" \/>\n<meta property=\"og:title\" content=\"Papa 4 Photos Collage Photo\" \/>\n<meta property=\"og:description\" content=\"Montrez \u00e0 votre papa \u00e0 quel point vous l&#039;appr\u00e9ciez avec un superbe cadeau qui c\u00e9l\u00e8bre les moments pass\u00e9s ensemble Ajouter des superpositions de texte pour rendre chaque cadeau sp\u00e9cial et pr\u00e9cieux Personnalisez en seulement 2 minutes Choisissez un mod\u00e8le ou faites preuve de cr\u00e9ativit\u00e9 Vois le r\u00e9sultat imm\u00e9diatement \u2013 l\u2019aper\u00e7u interactif te permet de peaufiner chaque d\u00e9tail\" \/>\n<meta property=\"og:url\" content=\"https:\/\/positiveprints.com\/fr\/produit\/papa-4-photos-collage-photo\/\" \/>\n<meta property=\"og:site_name\" content=\"Positive Prints\" \/>\n<meta property=\"article:publisher\" content=\"https:\/\/www.facebook.com\/positiveprintscom\" \/>\n<meta property=\"article:modified_time\" content=\"2026-04-18T03:30:26+00:00\" \/>\n<meta property=\"og:image\" content=\"https:\/\/positiveprints.com\/wp-content\/uploads\/2024\/04\/Papa-4-Photos-Collage-Photo.jpg\" \/>\n\t<meta property=\"og:image:width\" content=\"1080\" \/>\n\t<meta property=\"og:image:height\" content=\"1080\" \/>\n\t<meta property=\"og:image:type\" content=\"image\/jpeg\" \/>\n<meta name=\"twitter:card\" content=\"summary_large_image\" \/>\n<meta name=\"twitter:label1\" content=\"Dur\u00e9e de lecture estim\u00e9e\" \/>\n\t<meta name=\"twitter:data1\" content=\"2 minutes\" \/>\n<!-- \/ Yoast SEO Premium plugin. -->","yoast_head_json":{"title":"Papa 4 Photos Collage Photo - Positive Prints","description":"C\u00e9l\u00e9brez les jalons du papa avec notre Papa 4 Photos Collage Photo. Cr\u00e9ez un chef-d'\u0153uvre personnalis\u00e9 en seulement trois \u00e9tapes faciles. Commandez maintenant !","robots":{"index":"index","follow":"follow","max-snippet":"max-snippet:-1","max-image-preview":"max-image-preview:large","max-video-preview":"max-video-preview:-1"},"canonical":"https:\/\/positiveprints.com\/fr\/produit\/papa-4-photos-collage-photo\/","og_locale":"fr_FR","og_type":"article","og_title":"Papa 4 Photos Collage Photo","og_description":"Montrez \u00e0 votre papa \u00e0 quel point vous l'appr\u00e9ciez avec un superbe cadeau qui c\u00e9l\u00e8bre les moments pass\u00e9s ensemble Ajouter des superpositions de texte pour rendre chaque cadeau sp\u00e9cial et pr\u00e9cieux Personnalisez en seulement 2 minutes Choisissez un mod\u00e8le ou faites preuve de cr\u00e9ativit\u00e9 Vois le r\u00e9sultat imm\u00e9diatement \u2013 l\u2019aper\u00e7u interactif te permet de peaufiner chaque d\u00e9tail","og_url":"https:\/\/positiveprints.com\/fr\/produit\/papa-4-photos-collage-photo\/","og_site_name":"Positive Prints","article_publisher":"https:\/\/www.facebook.com\/positiveprintscom","article_modified_time":"2026-04-18T03:30:26+00:00","og_image":[{"width":1080,"height":1080,"url":"https:\/\/positiveprints.com\/wp-content\/uploads\/2024\/04\/Papa-4-Photos-Collage-Photo.jpg","type":"image\/jpeg"}],"twitter_card":"summary_large_image","twitter_misc":{"Dur\u00e9e de lecture estim\u00e9e":"2 minutes"},"schema":{"@context":"https:\/\/schema.org","@graph":[{"@type":["WebPage","ItemPage"],"@id":"https:\/\/positiveprints.com\/fr\/produit\/papa-4-photos-collage-photo\/","url":"https:\/\/positiveprints.com\/fr\/produit\/papa-4-photos-collage-photo\/","name":"Papa 4 Photos Collage Photo - Positive Prints","isPartOf":{"@id":"https:\/\/positiveprints.com\/fr\/#website"},"primaryImageOfPage":{"@id":"https:\/\/positiveprints.com\/fr\/produit\/papa-4-photos-collage-photo\/#primaryimage"},"image":{"@id":"https:\/\/positiveprints.com\/fr\/produit\/papa-4-photos-collage-photo\/#primaryimage"},"thumbnailUrl":"https:\/\/positiveprints.com\/wp-content\/uploads\/2024\/04\/Papa-4-Photos-Collage-Photo.jpg","datePublished":"2024-03-28T18:18:06+00:00","dateModified":"2026-04-18T03:30:26+00:00","description":"C\u00e9l\u00e9brez les jalons du papa avec notre Papa 4 Photos Collage Photo. Cr\u00e9ez un chef-d'\u0153uvre personnalis\u00e9 en seulement trois \u00e9tapes faciles. Commandez maintenant !","breadcrumb":{"@id":"https:\/\/positiveprints.com\/fr\/produit\/papa-4-photos-collage-photo\/#breadcrumb"},"inLanguage":"fr-FR","potentialAction":[{"@type":"ReadAction","target":["https:\/\/positiveprints.com\/fr\/produit\/papa-4-photos-collage-photo\/"]}]},{"@type":"ImageObject","inLanguage":"fr-FR","@id":"https:\/\/positiveprints.com\/fr\/produit\/papa-4-photos-collage-photo\/#primaryimage","url":"https:\/\/positiveprints.com\/wp-content\/uploads\/2024\/04\/Papa-4-Photos-Collage-Photo.jpg","contentUrl":"https:\/\/positiveprints.com\/wp-content\/uploads\/2024\/04\/Papa-4-Photos-Collage-Photo.jpg","width":1080,"height":1080,"caption":"Papa 4 Photos Collage Photo"},{"@type":"BreadcrumbList","@id":"https:\/\/positiveprints.com\/fr\/produit\/papa-4-photos-collage-photo\/#breadcrumb","itemListElement":[{"@type":"ListItem","position":1,"name":"Home","item":"https:\/\/positiveprints.com\/fr\/"},{"@type":"ListItem","position":2,"name":"Produits","item":"https:\/\/positiveprints.com\/fr\/shop\/"},{"@type":"ListItem","position":3,"name":"Papa 4 Photos Collage Photo"}]},{"@type":"WebSite","@id":"https:\/\/positiveprints.com\/fr\/#website","url":"https:\/\/positiveprints.com\/fr\/","name":"Positive Prints","description":"Amazing Custom Personalized Gifts","publisher":{"@id":"https:\/\/positiveprints.com\/fr\/#organization"},"potentialAction":[{"@type":"SearchAction","target":{"@type":"EntryPoint","urlTemplate":"https:\/\/positiveprints.com\/fr\/?s={search_term_string}"},"query-input":{"@type":"PropertyValueSpecification","valueRequired":true,"valueName":"search_term_string"}}],"inLanguage":"fr-FR"},{"@type":"Organization","@id":"https:\/\/positiveprints.com\/fr\/#organization","name":"Positive Prints","alternateName":"Positive Prints","url":"https:\/\/positiveprints.com\/fr\/","logo":{"@type":"ImageObject","inLanguage":"fr-FR","@id":"https:\/\/positiveprints.com\/fr\/#\/schema\/logo\/image\/","url":"https:\/\/positiveprints.com\/wp-content\/uploads\/2026\/03\/245815646_1337939713319158_5671353136411139666_n.png","contentUrl":"https:\/\/positiveprints.com\/wp-content\/uploads\/2026\/03\/245815646_1337939713319158_5671353136411139666_n.png","width":800,"height":800,"caption":"Positive Prints"},"image":{"@id":"https:\/\/positiveprints.com\/fr\/#\/schema\/logo\/image\/"},"sameAs":["https:\/\/www.facebook.com\/positiveprintscom","https:\/\/www.instagram.com\/positiveprintscom\/","https:\/\/www.tiktok.com\/@positiveprintscom","https:\/\/www.pinterest.com\/positiveprintscom\/"]}]}},"jetpack_sharing_enabled":true,"_links":{"self":[{"href":"https:\/\/positiveprints.com\/fr\/wp-json\/wp\/v2\/product\/1091383","targetHints":{"allow":["GET"]}}],"collection":[{"href":"https:\/\/positiveprints.com\/fr\/wp-json\/wp\/v2\/product"}],"about":[{"href":"https:\/\/positiveprints.com\/fr\/wp-json\/wp\/v2\/types\/product"}],"wp:featuredmedia":[{"embeddable":true,"href":"https:\/\/positiveprints.com\/fr\/wp-json\/wp\/v2\/media\/1096686"}],"wp:attachment":[{"href":"https:\/\/positiveprints.com\/fr\/wp-json\/wp\/v2\/media?parent=1091383"}],"wp:term":[{"taxonomy":"product_brand","embeddable":true,"href":"https:\/\/positiveprints.com\/fr\/wp-json\/wp\/v2\/product_brand?post=1091383"},{"taxonomy":"product_cat","embeddable":true,"href":"https:\/\/positiveprints.com\/fr\/wp-json\/wp\/v2\/product_cat?post=1091383"},{"taxonomy":"product_tag","embeddable":true,"href":"https:\/\/positiveprints.com\/fr\/wp-json\/wp\/v2\/product_tag?post=1091383"}],"curies":[{"name":"wp","href":"https:\/\/api.w.org\/{rel}","templated":true}]}}