{"id":1090565,"date":"2024-03-28T19:13:40","date_gmt":"2024-03-28T18:13:40","guid":{"rendered":"https:\/\/positiveprints.com\/?post_type=product&#038;p=1090565"},"modified":"2026-04-12T21:11:07","modified_gmt":"2026-04-12T20:11:07","slug":"maman-4-photos-collage-photo","status":"publish","type":"product","link":"https:\/\/positiveprints.com\/fr\/produit\/maman-4-photos-collage-photo\/","title":{"rendered":"Maman 4 Photos Collage Photo"},"content":{"rendered":"<p>Vous recherchez le moyen parfait d&#8217;exprimer votre amour et votre appr\u00e9ciation pour votre maman ? Notre &#8220;Maman 4 Photos Collage Photo&#8221; est le choix id\u00e9al ! Avec son design personnalisable et ses fonctionnalit\u00e9s r\u00e9fl\u00e9chies, ce collage deviendra s\u00fbrement un souvenir pr\u00e9cieux pour votre maman.<\/p>\r\n\r\n<h2>Cr\u00e9ez votre Maman 4 Photos Collage Photo<\/h2>\r\n\r\n<p>La conception de votre collage personnalis\u00e9 est facile avec notre \u00e9diteur en ligne convivial. En seulement trois \u00e9tapes simples, vous pouvez cr\u00e9er un chef-d&#8217;\u0153uvre personnalis\u00e9 qui capture l&#8217;essence de votre relation avec votre maman. Commencez par s\u00e9lectionner un th\u00e8me pour votre collage. Que vous souhaitiez c\u00e9l\u00e9brer le r\u00f4le de votre maman en tant que &#8220;Meilleure maman&#8221; ou mettre en valeur un souvenir sp\u00e9cial, notre collection de th\u00e8mes offre quelque chose pour chaque maman. Chaque th\u00e8me comprend une \u00e9l\u00e9gante police d&#8217;\u00e9criture qui ajoute une touche de sophistication \u00e0 votre collage.<\/p>\r\n\r\n<p>Ensuite, ajoutez quatre de vos photos pr\u00e9f\u00e9r\u00e9es \u00e0 votre collage. Des vacances en famille aux moments quotidiens, ces photos donneront vie \u00e0 votre collage et cr\u00e9eront une repr\u00e9sentation significative de votre lien avec votre maman. Notre \u00e9diteur intuitif vous permet de t\u00e9l\u00e9charger et d&#8217;arranger facilement vos photos pour la disposition parfaite. Enfin, choisissez la fa\u00e7on dont vous souhaitez afficher votre collage. Que vous pr\u00e9f\u00e9riez un poster imprim\u00e9 ou encadr\u00e9, une toile ou un fichier de t\u00e9l\u00e9chargement num\u00e9rique instantan\u00e9, nous proposons une vari\u00e9t\u00e9 d&#8217;options pour r\u00e9pondre \u00e0 vos besoins.<\/p>\r\n\r\n<h2>Le cadeau parfait pour maman<\/h2>\r\n\r\n<p>Offrez \u00e0 votre maman un cadeau qu&#8217;elle ch\u00e9rira pour toujours avec notre &#8220;Maman 4 Photos Collage Photo&#8221; personnalis\u00e9. Que ce soit pour la f\u00eate des m\u00e8res, son anniversaire, ou juste parce que, ce collage est une fa\u00e7on sinc\u00e8re de montrer \u00e0 votre maman combien elle compte pour vous. Commandez le v\u00f4tre aujourd&#8217;hui et rendez la journ\u00e9e de votre maman encore plus sp\u00e9ciale !<\/p>","protected":false},"excerpt":{"rendered":"<ul class=\"check-list\">\n<li>Rappelez \u00e0 votre maman les moments sp\u00e9ciaux que vous avez partag\u00e9s ensemble et donnez vie \u00e0 ces souvenirs<\/li>\n<li>Ajouter des superpositions de texte pour rendre chaque cadeau sp\u00e9cial et pr\u00e9cieux<\/li>\n<li>Personnalisez en seulement 2 minutes<\/li>\n<li>Choisissez un mod\u00e8le ou faites preuve de cr\u00e9ativit\u00e9<\/li>\n<li>Vois le r\u00e9sultat imm\u00e9diatement \u2013 l\u2019aper\u00e7u interactif te permet de peaufiner chaque d\u00e9tail<\/li>\n<\/ul>\n","protected":false},"featured_media":1096473,"template":"","meta":[],"product_brand":[],"product_cat":[104,7277,7495,5264,11399,11400,7701],"product_tag":[11794,12585,12586,15898,15882,8404,15899,15894],"class_list":{"0":"post-1090565","1":"product","2":"type-product","3":"status-publish","4":"has-post-thumbnail","6":"product_cat-tous-les-produits","7":"product_cat-cadeaux-de-fete-des-meres","8":"product_cat-photo-fr","9":"product_cat-cadeaux-de-noel","10":"product_cat-cadeaux-de-noel-pour-maman","11":"product_cat-cadeaux-de-noel-pour-les-parents","12":"product_cat-cadeaux-pour-maman","13":"product_tag-cadeaux-de-noel-pour-maman","14":"product_tag-maman","15":"product_tag-maman-fr","16":"product_tag-mamma-fr-2","17":"product_tag-mommy-fr","18":"product_tag-mother-fr","19":"product_tag-mother-it-fr","20":"product_tag-regali-di-natale-per-mamma-fr","22":"first","23":"instock","24":"sale","25":"taxable","26":"shipping-taxable","27":"purchasable","28":"product-type-variable"},"yoast_head":"<!-- This site is optimized with the Yoast SEO Premium plugin v27.2 (Yoast SEO v27.2) - https:\/\/yoast.com\/product\/yoast-seo-premium-wordpress\/ -->\n<title>Maman 4 Photos Collage Photo - Positive Prints<\/title>\n<meta name=\"description\" content=\"Capturez des souvenirs pr\u00e9cieux avec notre Maman 4 Photos Collage Photo. Facile \u00e0 concevoir, personnaliser et imprimer. Le cadeau parfait pour la journ\u00e9e sp\u00e9ciale de maman !\" \/>\n<meta name=\"robots\" content=\"index, follow, max-snippet:-1, max-image-preview:large, max-video-preview:-1\" \/>\n<link rel=\"canonical\" href=\"https:\/\/positiveprints.com\/fr\/produit\/maman-4-photos-collage-photo\/\" \/>\n<meta property=\"og:locale\" content=\"fr_FR\" \/>\n<meta property=\"og:type\" content=\"article\" \/>\n<meta property=\"og:title\" content=\"Maman 4 Photos Collage Photo\" \/>\n<meta property=\"og:description\" content=\"Rappelez \u00e0 votre maman les moments sp\u00e9ciaux que vous avez partag\u00e9s ensemble et donnez vie \u00e0 ces souvenirs Ajouter des superpositions de texte pour rendre chaque cadeau sp\u00e9cial et pr\u00e9cieux Personnalisez en seulement 2 minutes Choisissez un mod\u00e8le ou faites preuve de cr\u00e9ativit\u00e9 Vois le r\u00e9sultat imm\u00e9diatement \u2013 l\u2019aper\u00e7u interactif te permet de peaufiner chaque d\u00e9tail\" \/>\n<meta property=\"og:url\" content=\"https:\/\/positiveprints.com\/fr\/produit\/maman-4-photos-collage-photo\/\" \/>\n<meta property=\"og:site_name\" content=\"Positive Prints\" \/>\n<meta property=\"article:publisher\" content=\"https:\/\/www.facebook.com\/positiveprintscom\" \/>\n<meta property=\"article:modified_time\" content=\"2026-04-12T20:11:07+00:00\" \/>\n<meta property=\"og:image\" content=\"https:\/\/positiveprints.com\/wp-content\/uploads\/2024\/04\/Maman-4-Photos-Collage-Photo.jpg\" \/>\n\t<meta property=\"og:image:width\" content=\"1080\" \/>\n\t<meta property=\"og:image:height\" content=\"1080\" \/>\n\t<meta property=\"og:image:type\" content=\"image\/jpeg\" \/>\n<meta name=\"twitter:card\" content=\"summary_large_image\" \/>\n<meta name=\"twitter:label1\" content=\"Dur\u00e9e de lecture estim\u00e9e\" \/>\n\t<meta name=\"twitter:data1\" content=\"2 minutes\" \/>\n<!-- \/ Yoast SEO Premium plugin. -->","yoast_head_json":{"title":"Maman 4 Photos Collage Photo - Positive Prints","description":"Capturez des souvenirs pr\u00e9cieux avec notre Maman 4 Photos Collage Photo. Facile \u00e0 concevoir, personnaliser et imprimer. Le cadeau parfait pour la journ\u00e9e sp\u00e9ciale de maman !","robots":{"index":"index","follow":"follow","max-snippet":"max-snippet:-1","max-image-preview":"max-image-preview:large","max-video-preview":"max-video-preview:-1"},"canonical":"https:\/\/positiveprints.com\/fr\/produit\/maman-4-photos-collage-photo\/","og_locale":"fr_FR","og_type":"article","og_title":"Maman 4 Photos Collage Photo","og_description":"Rappelez \u00e0 votre maman les moments sp\u00e9ciaux que vous avez partag\u00e9s ensemble et donnez vie \u00e0 ces souvenirs Ajouter des superpositions de texte pour rendre chaque cadeau sp\u00e9cial et pr\u00e9cieux Personnalisez en seulement 2 minutes Choisissez un mod\u00e8le ou faites preuve de cr\u00e9ativit\u00e9 Vois le r\u00e9sultat imm\u00e9diatement \u2013 l\u2019aper\u00e7u interactif te permet de peaufiner chaque d\u00e9tail","og_url":"https:\/\/positiveprints.com\/fr\/produit\/maman-4-photos-collage-photo\/","og_site_name":"Positive Prints","article_publisher":"https:\/\/www.facebook.com\/positiveprintscom","article_modified_time":"2026-04-12T20:11:07+00:00","og_image":[{"width":1080,"height":1080,"url":"https:\/\/positiveprints.com\/wp-content\/uploads\/2024\/04\/Maman-4-Photos-Collage-Photo.jpg","type":"image\/jpeg"}],"twitter_card":"summary_large_image","twitter_misc":{"Dur\u00e9e de lecture estim\u00e9e":"2 minutes"},"schema":{"@context":"https:\/\/schema.org","@graph":[{"@type":["WebPage","ItemPage"],"@id":"https:\/\/positiveprints.com\/fr\/produit\/maman-4-photos-collage-photo\/","url":"https:\/\/positiveprints.com\/fr\/produit\/maman-4-photos-collage-photo\/","name":"Maman 4 Photos Collage Photo - Positive Prints","isPartOf":{"@id":"https:\/\/positiveprints.com\/fr\/#website"},"primaryImageOfPage":{"@id":"https:\/\/positiveprints.com\/fr\/produit\/maman-4-photos-collage-photo\/#primaryimage"},"image":{"@id":"https:\/\/positiveprints.com\/fr\/produit\/maman-4-photos-collage-photo\/#primaryimage"},"thumbnailUrl":"https:\/\/positiveprints.com\/wp-content\/uploads\/2024\/04\/Maman-4-Photos-Collage-Photo.jpg","datePublished":"2024-03-28T18:13:40+00:00","dateModified":"2026-04-12T20:11:07+00:00","description":"Capturez des souvenirs pr\u00e9cieux avec notre Maman 4 Photos Collage Photo. Facile \u00e0 concevoir, personnaliser et imprimer. Le cadeau parfait pour la journ\u00e9e sp\u00e9ciale de maman !","breadcrumb":{"@id":"https:\/\/positiveprints.com\/fr\/produit\/maman-4-photos-collage-photo\/#breadcrumb"},"inLanguage":"fr-FR","potentialAction":[{"@type":"ReadAction","target":["https:\/\/positiveprints.com\/fr\/produit\/maman-4-photos-collage-photo\/"]}]},{"@type":"ImageObject","inLanguage":"fr-FR","@id":"https:\/\/positiveprints.com\/fr\/produit\/maman-4-photos-collage-photo\/#primaryimage","url":"https:\/\/positiveprints.com\/wp-content\/uploads\/2024\/04\/Maman-4-Photos-Collage-Photo.jpg","contentUrl":"https:\/\/positiveprints.com\/wp-content\/uploads\/2024\/04\/Maman-4-Photos-Collage-Photo.jpg","width":1080,"height":1080,"caption":"Maman 4 Photos Collage Photo"},{"@type":"BreadcrumbList","@id":"https:\/\/positiveprints.com\/fr\/produit\/maman-4-photos-collage-photo\/#breadcrumb","itemListElement":[{"@type":"ListItem","position":1,"name":"Home","item":"https:\/\/positiveprints.com\/fr\/"},{"@type":"ListItem","position":2,"name":"Produits","item":"https:\/\/positiveprints.com\/fr\/shop\/"},{"@type":"ListItem","position":3,"name":"Maman 4 Photos Collage Photo"}]},{"@type":"WebSite","@id":"https:\/\/positiveprints.com\/fr\/#website","url":"https:\/\/positiveprints.com\/fr\/","name":"Positive Prints","description":"Amazing Custom Personalized Gifts","publisher":{"@id":"https:\/\/positiveprints.com\/fr\/#organization"},"potentialAction":[{"@type":"SearchAction","target":{"@type":"EntryPoint","urlTemplate":"https:\/\/positiveprints.com\/fr\/?s={search_term_string}"},"query-input":{"@type":"PropertyValueSpecification","valueRequired":true,"valueName":"search_term_string"}}],"inLanguage":"fr-FR"},{"@type":"Organization","@id":"https:\/\/positiveprints.com\/fr\/#organization","name":"Positive Prints","alternateName":"Positive Prints","url":"https:\/\/positiveprints.com\/fr\/","logo":{"@type":"ImageObject","inLanguage":"fr-FR","@id":"https:\/\/positiveprints.com\/fr\/#\/schema\/logo\/image\/","url":"https:\/\/positiveprints.com\/wp-content\/uploads\/2026\/03\/245815646_1337939713319158_5671353136411139666_n.png","contentUrl":"https:\/\/positiveprints.com\/wp-content\/uploads\/2026\/03\/245815646_1337939713319158_5671353136411139666_n.png","width":800,"height":800,"caption":"Positive Prints"},"image":{"@id":"https:\/\/positiveprints.com\/fr\/#\/schema\/logo\/image\/"},"sameAs":["https:\/\/www.facebook.com\/positiveprintscom","https:\/\/www.instagram.com\/positiveprintscom\/","https:\/\/www.tiktok.com\/@positiveprintscom","https:\/\/www.pinterest.com\/positiveprintscom\/"]}]}},"jetpack_sharing_enabled":true,"_links":{"self":[{"href":"https:\/\/positiveprints.com\/fr\/wp-json\/wp\/v2\/product\/1090565","targetHints":{"allow":["GET"]}}],"collection":[{"href":"https:\/\/positiveprints.com\/fr\/wp-json\/wp\/v2\/product"}],"about":[{"href":"https:\/\/positiveprints.com\/fr\/wp-json\/wp\/v2\/types\/product"}],"wp:featuredmedia":[{"embeddable":true,"href":"https:\/\/positiveprints.com\/fr\/wp-json\/wp\/v2\/media\/1096473"}],"wp:attachment":[{"href":"https:\/\/positiveprints.com\/fr\/wp-json\/wp\/v2\/media?parent=1090565"}],"wp:term":[{"taxonomy":"product_brand","embeddable":true,"href":"https:\/\/positiveprints.com\/fr\/wp-json\/wp\/v2\/product_brand?post=1090565"},{"taxonomy":"product_cat","embeddable":true,"href":"https:\/\/positiveprints.com\/fr\/wp-json\/wp\/v2\/product_cat?post=1090565"},{"taxonomy":"product_tag","embeddable":true,"href":"https:\/\/positiveprints.com\/fr\/wp-json\/wp\/v2\/product_tag?post=1090565"}],"curies":[{"name":"wp","href":"https:\/\/api.w.org\/{rel}","templated":true}]}}