{"id":1089794,"date":"2024-03-28T19:47:55","date_gmt":"2024-03-28T18:47:55","guid":{"rendered":"https:\/\/positiveprints.com\/?post_type=product&#038;p=1089794"},"modified":"2026-04-28T13:53:44","modified_gmt":"2026-04-28T12:53:44","slug":"maman-bijoux-en-dessin-au-trait","status":"publish","type":"product","link":"https:\/\/positiveprints.com\/fr\/produit\/maman-bijoux-en-dessin-au-trait\/","title":{"rendered":"Maman Bijoux en Dessin au Trait"},"content":{"rendered":"<p>Honorant l&#8217;amour et les sacrifices de votre m\u00e8re avec nos sinc\u00e8res Maman Bijoux en Dessin au Traite. Transformez un souvenir pr\u00e9cieux en une \u0153uvre d&#8217;art personnalis\u00e9e intemporelle, honorant la force et l&#8217;esprit nourricier de votre maman. Nos artisans qualifi\u00e9s dessinent chaque d\u00e9tail d\u00e9licatement \u00e0 la main, cr\u00e9ant une repr\u00e9sentation unique qui refl\u00e8te l&#8217;amour et les soins qu&#8217;elle prodigue.<\/p>\n\n\n\n<h2>Processus en Trois \u00c9tapes Simples :<\/h2>\n\n\n\n<p>Notre \u00e9diteur intuitif vous permet de personnaliser vos Maman Bijoux en Dessin au Trait en trois \u00e9tapes simples. Pr\u00e9visualisez votre design \u00e0 chaque \u00e9tape pour vous assurer qu&#8217;il capture parfaitement l&#8217;essence de votre amour et de votre gratitude. Choisissez la date, le lieu et personnalisez pour cr\u00e9er un souvenir pr\u00e9cieux.<\/p>\n\n\n\n<ol>\n\n<li>Choisissez Votre Style et Vos Couleurs : <\/li>\n\n<p>S\u00e9lectionnez le style et les couleurs qui refl\u00e8tent l&#8217;amour et l&#8217;esprit nourricier de votre m\u00e8re ch\u00e9rie.<\/p>\n\n\n\n<li>T\u00e9l\u00e9chargez une Photo Sp\u00e9ciale de Votre Maman : <\/li>\n\n<p>Partagez une photo qui encapsule la force et l&#8217;amour que votre m\u00e8re incarne. Nos artistes dessineront m\u00e9ticuleusement l&#8217;\u0153uvre d&#8217;art, s&#8217;assurant de capturer son essence unique.<\/p>\n\n\n\n<li>Ajoutez un Message Personnalis\u00e9 et Finalisez : <\/li>\n\n<p>Am\u00e9liorez vos Maman Bijoux en Dessin au Trait avec un message sinc\u00e8re. Notre \u00e9quipe de support confirmera votre commande, et une fois termin\u00e9e, vous recevrez une preuve num\u00e9rique \u00e0 examiner. Votre satisfaction compte, alors n&#8217;h\u00e9sitez pas \u00e0 demander des modifications jusqu&#8217;\u00e0 deux fois. Une fois approuv\u00e9, votre chef-d&#8217;\u0153uvre personnalis\u00e9 sera fabriqu\u00e9 et livr\u00e9, honorant le lien sp\u00e9cial entre vous et votre m\u00e8re.<\/p>\n\n<\/ol>\n\n\n\n<h2>C\u00e9l\u00e9brez le Lien Sp\u00e9cial avec les Maman Bijoux en Dessin au Trait<\/h2>\n\n\n\n<p>C\u00e9l\u00e9brez l&#8217;amour, les sacrifices et le lien ind\u00e9fectible avec les Maman Bijoux en Dessin au Trait \u2013 un cadeau parfait pour exprimer la gratitude et cr\u00e9er un souvenir durable. Commandez maintenant et honorez votre m\u00e8re avec un chef-d&#8217;\u0153uvre personnalis\u00e9 qui capture l&#8217;essence de son amour in\u00e9branlable.<\/p>\n\n\n\n<p>Vos bijoux personnalis\u00e9s arrivent dans une bo\u00eete \u00e9l\u00e9gante, accompagn\u00e9e d&#8217;instructions d&#8217;entretien et d&#8217;un chiffon sp\u00e9cial de nettoyage, incarnant notre d\u00e9vouement \u00e0 fournir non seulement des bijoux, mais une exp\u00e9rience pr\u00e9cieuse. T\u00e9l\u00e9chargez la photo de votre m\u00e8re pour cr\u00e9er une \u0153uvre d&#8217;art unique sur le devant du pendentif \u2013 un beau rappel d&#8217;un moment sp\u00e9cial. L&#8217;arri\u00e8re est \u00e0 graver avec un message personnalis\u00e9, ajoutant une touche profond\u00e9ment personnelle.<\/p>","protected":false},"excerpt":{"rendered":"<ul class=\"check-list\">\n<li>Laissez nos artistes dessiner un art de ligne unique \u00e0 partir d&#8217;une photo de votre maman<\/li>\n<li>Dessin\u00e9 et envoy\u00e9 pour votre approbation dans les 2-3 jours ouvrables<\/li>\n<li>Pendentif de 20 mm fabriqu\u00e9 en argent sterling de qualit\u00e9 sup\u00e9rieure ou en, grav\u00e9 au laser et fini \u00e0 la main<\/li>\n<li>Choisissez un texte sinc\u00e8re en fonction de l&#8217;occasion<\/li>\n<li>2 r\u00e9visions disponibles \u00e0 la demande<\/li>\n<\/ul>\n","protected":false},"featured_media":1534628,"template":"","meta":[],"product_brand":[],"product_cat":[9260,104,7277,5264,11399,7701],"product_tag":[9311,9344,15900,15898,9327,15882,15899,9355,15894,15896,15895],"class_list":{"0":"post-1089794","1":"product","2":"type-product","3":"status-publish","4":"has-post-thumbnail","6":"product_cat-jewelry-fr","7":"product_cat-tous-les-produits","8":"product_cat-cadeaux-de-fete-des-meres","9":"product_cat-cadeaux-de-noel","10":"product_cat-cadeaux-de-noel-pour-maman","11":"product_cat-cadeaux-pour-maman","12":"product_tag-chaine","13":"product_tag-collier","14":"product_tag-la-migliore-mamma-fr","15":"product_tag-mamma-fr-2","16":"product_tag-medaillon-fr","17":"product_tag-mommy-fr","18":"product_tag-mother-it-fr","19":"product_tag-pendentif","20":"product_tag-regali-di-natale-per-mamma-fr","21":"product_tag-regali-per-la-mamma-fr","22":"product_tag-regalo-mamma-fr","24":"first","25":"instock","26":"sale","27":"taxable","28":"shipping-taxable","29":"purchasable","30":"product-type-variable"},"yoast_head":"<!-- This site is optimized with the Yoast SEO Premium plugin v27.2 (Yoast SEO v27.2) - https:\/\/yoast.com\/product\/yoast-seo-premium-wordpress\/ -->\n<title>Maman Bijoux en Dessin au Trait - Positive Prints<\/title>\n<meta name=\"description\" content=\"Exprimez un amour \u00e9ternel avec les Maman Bijoux en Dessin au Trait. Personnalis\u00e9 avec soin, c&#039;est un hommage intemporel \u00e0 la force et \u00e0 l&#039;esprit nourricier d&#039;une m\u00e8re.\" \/>\n<meta name=\"robots\" content=\"index, follow, max-snippet:-1, max-image-preview:large, max-video-preview:-1\" \/>\n<link rel=\"canonical\" href=\"https:\/\/positiveprints.com\/fr\/produit\/maman-bijoux-en-dessin-au-trait\/\" \/>\n<meta property=\"og:locale\" content=\"fr_FR\" \/>\n<meta property=\"og:type\" content=\"article\" \/>\n<meta property=\"og:title\" content=\"Maman Bijoux en Dessin au Trait\" \/>\n<meta property=\"og:description\" content=\"Laissez nos artistes dessiner un art de ligne unique \u00e0 partir d&#039;une photo de votre maman  Dessin\u00e9 et envoy\u00e9 pour votre approbation dans les 2-3 jours ouvrables  Pendentif de 20 mm fabriqu\u00e9 en argent sterling de qualit\u00e9 sup\u00e9rieure ou en, grav\u00e9 au laser et fini \u00e0 la main  Choisissez un texte sinc\u00e8re en fonction de l&#039;occasion  2 r\u00e9visions disponibles \u00e0 la demande\" \/>\n<meta property=\"og:url\" content=\"https:\/\/positiveprints.com\/fr\/produit\/maman-bijoux-en-dessin-au-trait\/\" \/>\n<meta property=\"og:site_name\" content=\"Positive Prints\" \/>\n<meta property=\"article:publisher\" content=\"https:\/\/www.facebook.com\/positiveprintscom\" \/>\n<meta property=\"article:modified_time\" content=\"2026-04-28T12:53:44+00:00\" \/>\n<meta property=\"og:image\" content=\"https:\/\/positiveprints.com\/wp-content\/uploads\/2025\/10\/MAIN_FR_Maman-Bijoux-en-Dessin-au-Trait.webp\" \/>\n\t<meta property=\"og:image:width\" content=\"2500\" \/>\n\t<meta property=\"og:image:height\" content=\"2500\" \/>\n\t<meta property=\"og:image:type\" content=\"image\/webp\" \/>\n<meta name=\"twitter:card\" content=\"summary_large_image\" \/>\n<!-- \/ Yoast SEO Premium plugin. -->","yoast_head_json":{"title":"Maman Bijoux en Dessin au Trait - Positive Prints","description":"Exprimez un amour \u00e9ternel avec les Maman Bijoux en Dessin au Trait. Personnalis\u00e9 avec soin, c'est un hommage intemporel \u00e0 la force et \u00e0 l'esprit nourricier d'une m\u00e8re.","robots":{"index":"index","follow":"follow","max-snippet":"max-snippet:-1","max-image-preview":"max-image-preview:large","max-video-preview":"max-video-preview:-1"},"canonical":"https:\/\/positiveprints.com\/fr\/produit\/maman-bijoux-en-dessin-au-trait\/","og_locale":"fr_FR","og_type":"article","og_title":"Maman Bijoux en Dessin au Trait","og_description":"Laissez nos artistes dessiner un art de ligne unique \u00e0 partir d'une photo de votre maman  Dessin\u00e9 et envoy\u00e9 pour votre approbation dans les 2-3 jours ouvrables  Pendentif de 20 mm fabriqu\u00e9 en argent sterling de qualit\u00e9 sup\u00e9rieure ou en, grav\u00e9 au laser et fini \u00e0 la main  Choisissez un texte sinc\u00e8re en fonction de l'occasion  2 r\u00e9visions disponibles \u00e0 la demande","og_url":"https:\/\/positiveprints.com\/fr\/produit\/maman-bijoux-en-dessin-au-trait\/","og_site_name":"Positive Prints","article_publisher":"https:\/\/www.facebook.com\/positiveprintscom","article_modified_time":"2026-04-28T12:53:44+00:00","og_image":[{"width":2500,"height":2500,"url":"https:\/\/positiveprints.com\/wp-content\/uploads\/2025\/10\/MAIN_FR_Maman-Bijoux-en-Dessin-au-Trait.webp","type":"image\/webp"}],"twitter_card":"summary_large_image","schema":{"@context":"https:\/\/schema.org","@graph":[{"@type":["WebPage","ItemPage"],"@id":"https:\/\/positiveprints.com\/fr\/produit\/maman-bijoux-en-dessin-au-trait\/","url":"https:\/\/positiveprints.com\/fr\/produit\/maman-bijoux-en-dessin-au-trait\/","name":"Maman Bijoux en Dessin au Trait - Positive Prints","isPartOf":{"@id":"https:\/\/positiveprints.com\/fr\/#website"},"primaryImageOfPage":{"@id":"https:\/\/positiveprints.com\/fr\/produit\/maman-bijoux-en-dessin-au-trait\/#primaryimage"},"image":{"@id":"https:\/\/positiveprints.com\/fr\/produit\/maman-bijoux-en-dessin-au-trait\/#primaryimage"},"thumbnailUrl":"https:\/\/positiveprints.com\/wp-content\/uploads\/2025\/10\/MAIN_FR_Maman-Bijoux-en-Dessin-au-Trait.webp","datePublished":"2024-03-28T18:47:55+00:00","dateModified":"2026-04-28T12:53:44+00:00","description":"Exprimez un amour \u00e9ternel avec les Maman Bijoux en Dessin au Trait. Personnalis\u00e9 avec soin, c'est un hommage intemporel \u00e0 la force et \u00e0 l'esprit nourricier d'une m\u00e8re.","breadcrumb":{"@id":"https:\/\/positiveprints.com\/fr\/produit\/maman-bijoux-en-dessin-au-trait\/#breadcrumb"},"inLanguage":"fr-FR","potentialAction":[{"@type":"ReadAction","target":["https:\/\/positiveprints.com\/fr\/produit\/maman-bijoux-en-dessin-au-trait\/"]}]},{"@type":"ImageObject","inLanguage":"fr-FR","@id":"https:\/\/positiveprints.com\/fr\/produit\/maman-bijoux-en-dessin-au-trait\/#primaryimage","url":"https:\/\/positiveprints.com\/wp-content\/uploads\/2025\/10\/MAIN_FR_Maman-Bijoux-en-Dessin-au-Trait.webp","contentUrl":"https:\/\/positiveprints.com\/wp-content\/uploads\/2025\/10\/MAIN_FR_Maman-Bijoux-en-Dessin-au-Trait.webp","width":2500,"height":2500,"caption":"MAIN_FR_Maman Bijoux en Dessin au Trait"},{"@type":"BreadcrumbList","@id":"https:\/\/positiveprints.com\/fr\/produit\/maman-bijoux-en-dessin-au-trait\/#breadcrumb","itemListElement":[{"@type":"ListItem","position":1,"name":"Home","item":"https:\/\/positiveprints.com\/fr\/"},{"@type":"ListItem","position":2,"name":"Produits","item":"https:\/\/positiveprints.com\/fr\/shop\/"},{"@type":"ListItem","position":3,"name":"Maman Bijoux en Dessin au Trait"}]},{"@type":"WebSite","@id":"https:\/\/positiveprints.com\/fr\/#website","url":"https:\/\/positiveprints.com\/fr\/","name":"Positive Prints","description":"Amazing Custom Personalized Gifts","publisher":{"@id":"https:\/\/positiveprints.com\/fr\/#organization"},"potentialAction":[{"@type":"SearchAction","target":{"@type":"EntryPoint","urlTemplate":"https:\/\/positiveprints.com\/fr\/?s={search_term_string}"},"query-input":{"@type":"PropertyValueSpecification","valueRequired":true,"valueName":"search_term_string"}}],"inLanguage":"fr-FR"},{"@type":"Organization","@id":"https:\/\/positiveprints.com\/fr\/#organization","name":"Positive Prints","alternateName":"Positive Prints","url":"https:\/\/positiveprints.com\/fr\/","logo":{"@type":"ImageObject","inLanguage":"fr-FR","@id":"https:\/\/positiveprints.com\/fr\/#\/schema\/logo\/image\/","url":"https:\/\/positiveprints.com\/wp-content\/uploads\/2026\/03\/245815646_1337939713319158_5671353136411139666_n.png","contentUrl":"https:\/\/positiveprints.com\/wp-content\/uploads\/2026\/03\/245815646_1337939713319158_5671353136411139666_n.png","width":800,"height":800,"caption":"Positive Prints"},"image":{"@id":"https:\/\/positiveprints.com\/fr\/#\/schema\/logo\/image\/"},"sameAs":["https:\/\/www.facebook.com\/positiveprintscom","https:\/\/www.instagram.com\/positiveprintscom\/","https:\/\/www.tiktok.com\/@positiveprintscom","https:\/\/www.pinterest.com\/positiveprintscom\/"]}]}},"jetpack_sharing_enabled":true,"_links":{"self":[{"href":"https:\/\/positiveprints.com\/fr\/wp-json\/wp\/v2\/product\/1089794","targetHints":{"allow":["GET"]}}],"collection":[{"href":"https:\/\/positiveprints.com\/fr\/wp-json\/wp\/v2\/product"}],"about":[{"href":"https:\/\/positiveprints.com\/fr\/wp-json\/wp\/v2\/types\/product"}],"wp:featuredmedia":[{"embeddable":true,"href":"https:\/\/positiveprints.com\/fr\/wp-json\/wp\/v2\/media\/1534628"}],"wp:attachment":[{"href":"https:\/\/positiveprints.com\/fr\/wp-json\/wp\/v2\/media?parent=1089794"}],"wp:term":[{"taxonomy":"product_brand","embeddable":true,"href":"https:\/\/positiveprints.com\/fr\/wp-json\/wp\/v2\/product_brand?post=1089794"},{"taxonomy":"product_cat","embeddable":true,"href":"https:\/\/positiveprints.com\/fr\/wp-json\/wp\/v2\/product_cat?post=1089794"},{"taxonomy":"product_tag","embeddable":true,"href":"https:\/\/positiveprints.com\/fr\/wp-json\/wp\/v2\/product_tag?post=1089794"}],"curies":[{"name":"wp","href":"https:\/\/api.w.org\/{rel}","templated":true}]}}