{"id":1089380,"date":"2024-03-28T11:39:12","date_gmt":"2024-03-28T10:39:12","guid":{"rendered":"https:\/\/positiveprints.com\/?post_type=product&#038;p=1089380"},"modified":"2026-04-28T13:54:35","modified_gmt":"2026-04-28T12:54:35","slug":"remise-des-diplomes-affiche-de-definition","status":"publish","type":"product","link":"https:\/\/positiveprints.com\/fr\/produit\/remise-des-diplomes-affiche-de-definition\/","title":{"rendered":"Remise des Dipl\u00f4mes Affiche de D\u00e9finition"},"content":{"rendered":"<p>Vous recherchez un moyen m\u00e9morable de comm\u00e9morer l&#8217;\u00e9tape importante de la remise des dipl\u00f4mes ? Notre &#8220;Remise des Dipl\u00f4mes Affiche de D\u00e9finition&#8221; est le choix parfait ! Cet art mural personnalis\u00e9 vous permet de cr\u00e9er un hommage unique au dipl\u00f4m\u00e9, c\u00e9l\u00e9brant son travail acharn\u00e9, ses r\u00e9alisations et ses aspirations futures.<\/p>\r\n\r\n<h2>Cr\u00e9ez Votre Remise des Dipl\u00f4mes Affiche de D\u00e9finition<\/h2>\r\n\r\n<p>Avec notre \u00e9diteur en ligne facile \u00e0 utiliser, concevoir votre &#8220;Remise des Dipl\u00f4mes Affiche de D\u00e9finition&#8221; est un jeu d&#8217;enfant. Suivez trois \u00e9tapes simples pour cr\u00e9er un chef-d&#8217;\u0153uvre personnalis\u00e9. Commencez par s\u00e9lectionner une mise en page qui refl\u00e8te le style et la personnalit\u00e9 du dipl\u00f4m\u00e9, puis ajoutez votre touche personnelle en t\u00e9l\u00e9chargeant une photo et en tapant le mot choisi ainsi qu&#8217;une d\u00e9finition.<\/p>\r\n\r\n<p>Vous pouvez choisir parmi notre s\u00e9lection de d\u00e9finitions inspirantes ou cr\u00e9er votre propre message sinc\u00e8re pour inspirer le dipl\u00f4m\u00e9 alors qu&#8217;il se lance dans son prochain chapitre. Que ce soit pour le lyc\u00e9e, l&#8217;universit\u00e9, ou toute autre r\u00e9ussite acad\u00e9mique, notre affiche est le cadeau parfait pour comm\u00e9morer ses accomplissements.<\/p>\r\n\r\n<h2>Le Cadeau Parfait pour Tout Dipl\u00f4m\u00e9<\/h2>\r\n\r\n<p>Une fois votre design parfait, choisissez parmi une gamme d&#8217;options incluant des impressions encadr\u00e9es, des impressions sur toile ou des t\u00e9l\u00e9chargements num\u00e9riques instantan\u00e9s. C&#8217;est une fa\u00e7on significative de comm\u00e9morer leurs accomplissements et de montrer votre soutien alors qu&#8217;ils passent \u00e0 la prochaine \u00e9tape de leur parcours de vie.<\/p>\r\n\r\n<p>Offrez au dipl\u00f4m\u00e9 de votre vie un cadeau qu&#8217;il ch\u00e9rira pour toujours avec notre &#8220;Remise des Dipl\u00f4mes Affiche de D\u00e9finition&#8221; personnalis\u00e9e. Commandez la v\u00f4tre d\u00e8s aujourd&#8217;hui et c\u00e9l\u00e9brez leur succ\u00e8s avec style !<\/p>","protected":false},"excerpt":{"rendered":"<ul class=\"check-list\">\n<li>Cr\u00e9ez votre propre d\u00e9finition personnelle de la remise des dipl\u00f4mes<\/li>\n<li>Ajoutez votre photo<\/li>\n<li>Personnalisez en seulement 2 minutes<\/li>\n<li>Choisissez un mod\u00e8le ou faites preuve de cr\u00e9ativit\u00e9<\/li>\n<li>Vois le r\u00e9sultat imm\u00e9diatement \u2013 l\u2019aper\u00e7u interactif te permet de peaufiner chaque d\u00e9tail<\/li>\n<\/ul>\n","protected":false},"featured_media":1090771,"template":"","meta":[],"product_brand":[],"product_cat":[9731,7909,104,9760],"product_tag":[15254,8491],"class_list":{"0":"post-1089380","1":"product","2":"type-product","3":"status-publish","4":"has-post-thumbnail","6":"product_cat-definition-fr","7":"product_cat-cadeaux-de-remise-de-diplome","8":"product_cat-tous-les-produits","9":"product_cat-trending-label-fr","10":"product_tag-graduation-en-gb-fr","11":"product_tag-graduation-fr","13":"first","14":"instock","15":"sale","16":"taxable","17":"shipping-taxable","18":"purchasable","19":"product-type-variable"},"yoast_head":"<!-- This site is optimized with the Yoast SEO Premium plugin v27.2 (Yoast SEO v27.2) - https:\/\/yoast.com\/product\/yoast-seo-premium-wordpress\/ -->\n<title>Remise des Dipl\u00f4mes Affiche de D\u00e9finition - Positive Prints<\/title>\n<meta name=\"description\" content=\"Commemorez l&#039;\u00e9tape de la remise des dipl\u00f4mes avec notre Remise des Dipl\u00f4mes Affiche de D\u00e9finition. Choisissez leur mot pr\u00e9f\u00e9r\u00e9 et leur design. Parfait pour c\u00e9l\u00e9brer les r\u00e9ussites !\" \/>\n<meta name=\"robots\" content=\"index, follow, max-snippet:-1, max-image-preview:large, max-video-preview:-1\" \/>\n<link rel=\"canonical\" href=\"https:\/\/positiveprints.com\/fr\/produit\/remise-des-diplomes-affiche-de-definition\/\" \/>\n<meta property=\"og:locale\" content=\"fr_FR\" \/>\n<meta property=\"og:type\" content=\"article\" \/>\n<meta property=\"og:title\" content=\"Remise des Dipl\u00f4mes Affiche de D\u00e9finition\" \/>\n<meta property=\"og:description\" content=\"Cr\u00e9ez votre propre d\u00e9finition personnelle de la remise des dipl\u00f4mes Ajoutez votre photo Personnalisez en seulement 2 minutes Choisissez un mod\u00e8le ou faites preuve de cr\u00e9ativit\u00e9 Vois le r\u00e9sultat imm\u00e9diatement \u2013 l\u2019aper\u00e7u interactif te permet de peaufiner chaque d\u00e9tail\" \/>\n<meta property=\"og:url\" content=\"https:\/\/positiveprints.com\/fr\/produit\/remise-des-diplomes-affiche-de-definition\/\" \/>\n<meta property=\"og:site_name\" content=\"Positive Prints\" \/>\n<meta property=\"article:publisher\" content=\"https:\/\/www.facebook.com\/positiveprintscom\" \/>\n<meta property=\"article:modified_time\" content=\"2026-04-28T12:54:35+00:00\" \/>\n<meta property=\"og:image\" content=\"https:\/\/positiveprints.com\/wp-content\/uploads\/2024\/03\/Ukonczenie-Szkoly-Plakat-z-Definicja.jpg\" \/>\n\t<meta property=\"og:image:width\" content=\"1080\" \/>\n\t<meta property=\"og:image:height\" content=\"1080\" \/>\n\t<meta property=\"og:image:type\" content=\"image\/jpeg\" \/>\n<meta name=\"twitter:card\" content=\"summary_large_image\" \/>\n<!-- \/ Yoast SEO Premium plugin. -->","yoast_head_json":{"title":"Remise des Dipl\u00f4mes Affiche de D\u00e9finition - Positive Prints","description":"Commemorez l'\u00e9tape de la remise des dipl\u00f4mes avec notre Remise des Dipl\u00f4mes Affiche de D\u00e9finition. Choisissez leur mot pr\u00e9f\u00e9r\u00e9 et leur design. Parfait pour c\u00e9l\u00e9brer les r\u00e9ussites !","robots":{"index":"index","follow":"follow","max-snippet":"max-snippet:-1","max-image-preview":"max-image-preview:large","max-video-preview":"max-video-preview:-1"},"canonical":"https:\/\/positiveprints.com\/fr\/produit\/remise-des-diplomes-affiche-de-definition\/","og_locale":"fr_FR","og_type":"article","og_title":"Remise des Dipl\u00f4mes Affiche de D\u00e9finition","og_description":"Cr\u00e9ez votre propre d\u00e9finition personnelle de la remise des dipl\u00f4mes Ajoutez votre photo Personnalisez en seulement 2 minutes Choisissez un mod\u00e8le ou faites preuve de cr\u00e9ativit\u00e9 Vois le r\u00e9sultat imm\u00e9diatement \u2013 l\u2019aper\u00e7u interactif te permet de peaufiner chaque d\u00e9tail","og_url":"https:\/\/positiveprints.com\/fr\/produit\/remise-des-diplomes-affiche-de-definition\/","og_site_name":"Positive Prints","article_publisher":"https:\/\/www.facebook.com\/positiveprintscom","article_modified_time":"2026-04-28T12:54:35+00:00","og_image":[{"width":1080,"height":1080,"url":"https:\/\/positiveprints.com\/wp-content\/uploads\/2024\/03\/Ukonczenie-Szkoly-Plakat-z-Definicja.jpg","type":"image\/jpeg"}],"twitter_card":"summary_large_image","schema":{"@context":"https:\/\/schema.org","@graph":[{"@type":["WebPage","ItemPage"],"@id":"https:\/\/positiveprints.com\/fr\/produit\/remise-des-diplomes-affiche-de-definition\/","url":"https:\/\/positiveprints.com\/fr\/produit\/remise-des-diplomes-affiche-de-definition\/","name":"Remise des Dipl\u00f4mes Affiche de D\u00e9finition - Positive Prints","isPartOf":{"@id":"https:\/\/positiveprints.com\/fr\/#website"},"primaryImageOfPage":{"@id":"https:\/\/positiveprints.com\/fr\/produit\/remise-des-diplomes-affiche-de-definition\/#primaryimage"},"image":{"@id":"https:\/\/positiveprints.com\/fr\/produit\/remise-des-diplomes-affiche-de-definition\/#primaryimage"},"thumbnailUrl":"https:\/\/positiveprints.com\/wp-content\/uploads\/2024\/03\/Ukonczenie-Szkoly-Plakat-z-Definicja.jpg","datePublished":"2024-03-28T10:39:12+00:00","dateModified":"2026-04-28T12:54:35+00:00","description":"Commemorez l'\u00e9tape de la remise des dipl\u00f4mes avec notre Remise des Dipl\u00f4mes Affiche de D\u00e9finition. Choisissez leur mot pr\u00e9f\u00e9r\u00e9 et leur design. Parfait pour c\u00e9l\u00e9brer les r\u00e9ussites !","breadcrumb":{"@id":"https:\/\/positiveprints.com\/fr\/produit\/remise-des-diplomes-affiche-de-definition\/#breadcrumb"},"inLanguage":"fr-FR","potentialAction":[{"@type":"ReadAction","target":["https:\/\/positiveprints.com\/fr\/produit\/remise-des-diplomes-affiche-de-definition\/"]}]},{"@type":"ImageObject","inLanguage":"fr-FR","@id":"https:\/\/positiveprints.com\/fr\/produit\/remise-des-diplomes-affiche-de-definition\/#primaryimage","url":"https:\/\/positiveprints.com\/wp-content\/uploads\/2024\/03\/Ukonczenie-Szkoly-Plakat-z-Definicja.jpg","contentUrl":"https:\/\/positiveprints.com\/wp-content\/uploads\/2024\/03\/Ukonczenie-Szkoly-Plakat-z-Definicja.jpg","width":1080,"height":1080,"caption":"Uko\u0144czenie Szko\u0142y Plakat z Definicj\u0105"},{"@type":"BreadcrumbList","@id":"https:\/\/positiveprints.com\/fr\/produit\/remise-des-diplomes-affiche-de-definition\/#breadcrumb","itemListElement":[{"@type":"ListItem","position":1,"name":"Home","item":"https:\/\/positiveprints.com\/fr\/"},{"@type":"ListItem","position":2,"name":"Produits","item":"https:\/\/positiveprints.com\/fr\/shop\/"},{"@type":"ListItem","position":3,"name":"Remise des Dipl\u00f4mes Affiche de D\u00e9finition"}]},{"@type":"WebSite","@id":"https:\/\/positiveprints.com\/fr\/#website","url":"https:\/\/positiveprints.com\/fr\/","name":"Positive Prints","description":"Amazing Custom Personalized Gifts","publisher":{"@id":"https:\/\/positiveprints.com\/fr\/#organization"},"potentialAction":[{"@type":"SearchAction","target":{"@type":"EntryPoint","urlTemplate":"https:\/\/positiveprints.com\/fr\/?s={search_term_string}"},"query-input":{"@type":"PropertyValueSpecification","valueRequired":true,"valueName":"search_term_string"}}],"inLanguage":"fr-FR"},{"@type":"Organization","@id":"https:\/\/positiveprints.com\/fr\/#organization","name":"Positive Prints","alternateName":"Positive Prints","url":"https:\/\/positiveprints.com\/fr\/","logo":{"@type":"ImageObject","inLanguage":"fr-FR","@id":"https:\/\/positiveprints.com\/fr\/#\/schema\/logo\/image\/","url":"https:\/\/positiveprints.com\/wp-content\/uploads\/2026\/03\/245815646_1337939713319158_5671353136411139666_n.png","contentUrl":"https:\/\/positiveprints.com\/wp-content\/uploads\/2026\/03\/245815646_1337939713319158_5671353136411139666_n.png","width":800,"height":800,"caption":"Positive Prints"},"image":{"@id":"https:\/\/positiveprints.com\/fr\/#\/schema\/logo\/image\/"},"sameAs":["https:\/\/www.facebook.com\/positiveprintscom","https:\/\/www.instagram.com\/positiveprintscom\/","https:\/\/www.tiktok.com\/@positiveprintscom","https:\/\/www.pinterest.com\/positiveprintscom\/"]}]}},"jetpack_sharing_enabled":true,"_links":{"self":[{"href":"https:\/\/positiveprints.com\/fr\/wp-json\/wp\/v2\/product\/1089380","targetHints":{"allow":["GET"]}}],"collection":[{"href":"https:\/\/positiveprints.com\/fr\/wp-json\/wp\/v2\/product"}],"about":[{"href":"https:\/\/positiveprints.com\/fr\/wp-json\/wp\/v2\/types\/product"}],"wp:featuredmedia":[{"embeddable":true,"href":"https:\/\/positiveprints.com\/fr\/wp-json\/wp\/v2\/media\/1090771"}],"wp:attachment":[{"href":"https:\/\/positiveprints.com\/fr\/wp-json\/wp\/v2\/media?parent=1089380"}],"wp:term":[{"taxonomy":"product_brand","embeddable":true,"href":"https:\/\/positiveprints.com\/fr\/wp-json\/wp\/v2\/product_brand?post=1089380"},{"taxonomy":"product_cat","embeddable":true,"href":"https:\/\/positiveprints.com\/fr\/wp-json\/wp\/v2\/product_cat?post=1089380"},{"taxonomy":"product_tag","embeddable":true,"href":"https:\/\/positiveprints.com\/fr\/wp-json\/wp\/v2\/product_tag?post=1089380"}],"curies":[{"name":"wp","href":"https:\/\/api.w.org\/{rel}","templated":true}]}}