{"id":1089342,"date":"2024-03-28T11:04:32","date_gmt":"2024-03-28T10:04:32","guid":{"rendered":"https:\/\/positiveprints.com\/?post_type=product&#038;p=1089342"},"modified":"2026-04-03T02:56:12","modified_gmt":"2026-04-03T01:56:12","slug":"affiche-definition-papa","status":"publish","type":"product","link":"https:\/\/positiveprints.com\/fr\/produit\/affiche-definition-papa\/","title":{"rendered":"Affiche D\u00e9finition Papa"},"content":{"rendered":"<p>Vous cherchez le moyen parfait d&#8217;honorer la figure paternelle dans votre vie ? Notre &#8220;Affiche D\u00e9finition Papa&#8221; est exactement ce qu&#8217;il vous faut ! Cet art mural personnalis\u00e9 vous permet de cr\u00e9er un hommage unique \u00e0 papa, c\u00e9l\u00e9brant toutes les qualit\u00e9s qui le rendent sp\u00e9cial. Choisissez son mot pr\u00e9f\u00e9r\u00e9 &#8211; que ce soit &#8220;papa&#8221;, &#8220;papa ch\u00e9ri&#8221;, &#8220;p\u00e8re&#8221;, ou un surnom qu&#8217;il ch\u00e9rit &#8211; et cr\u00e9ez une pi\u00e8ce de d\u00e9coration unique qu&#8217;il ch\u00e9rira pendant des ann\u00e9es.<\/p>\r\n\r\n<h2>Personnalisez Votre Parfaite Affiche D\u00e9finition Papa<\/h2>\r\n\r\n<p>Avec notre \u00e9diteur en ligne facile \u00e0 utiliser, concevoir votre &#8220;Affiche D\u00e9finition Papa&#8221; est un jeu d&#8217;enfant. Suivez simplement trois \u00e9tapes simples pour cr\u00e9er un chef-d&#8217;\u0153uvre personnalis\u00e9. Commencez par s\u00e9lectionner une mise en page qui convient au style de papa, puis ajoutez votre touche personnelle en t\u00e9l\u00e9chargeant une photo et en tapant le mot choisi ainsi qu&#8217;une d\u00e9finition. Vous pouvez choisir parmi notre s\u00e9lection de d\u00e9finitions amusantes ou inventer votre propre message sinc\u00e8re.<\/p>\r\n\r\n<p>Une fois votre design parfait, choisissez parmi une gamme d&#8217;options incluant des impressions encadr\u00e9es, des impressions sur toile ou des t\u00e9l\u00e9chargements num\u00e9riques instantan\u00e9s. Que ce soit pour c\u00e9l\u00e9brer la F\u00eate des P\u00e8res, son anniversaire, ou simplement lui montrer combien il compte pour vous, l'&#8221;Affiche D\u00e9finition Papa&#8221; est le cadeau parfait. C&#8217;est une fa\u00e7on r\u00e9fl\u00e9chie et significative d&#8217;exprimer votre amour et votre appr\u00e9ciation pour le papa dans votre vie.<\/p>\r\n\r\n<h2>Le Cadeau Parfait pour Toute Occasion<\/h2>\r\n\r\n<p>Offrez \u00e0 papa un cadeau qu&#8217;il ch\u00e9rira pour toujours avec notre &#8220;Affiche D\u00e9finition Papa&#8221; personnalis\u00e9e. Cette pi\u00e8ce d&#8217;art mural unique est bien plus qu&#8217;une simple d\u00e9coration, c&#8217;est une expression sinc\u00e8re de votre amour et de votre appr\u00e9ciation pour l&#8217;homme qui a toujours \u00e9t\u00e9 l\u00e0 pour vous. Que ce soit pour c\u00e9l\u00e9brer la F\u00eate des P\u00e8res, son anniversaire, ou simplement pour rendre un jour ordinaire extraordinaire, notre affiche est le choix parfait. Avec ses options personnalisables et son design r\u00e9fl\u00e9chi, c&#8217;est une fa\u00e7on significative d&#8217;honorer la figure paternelle dans votre vie et de lui rappeler l&#8217;impact qu&#8217;il a eu sur vous. Commandez la v\u00f4tre d\u00e8s aujourd&#8217;hui et rendez sa journ\u00e9e encore plus sp\u00e9ciale !<\/p>","protected":false},"excerpt":{"rendered":"<ul class=\"check-list\">\n<li>Ajoutez votre photo<\/li>\n<li>Personnalisez en seulement 2 minutes<\/li>\n<li>Choisissez un mod\u00e8le ou faites preuve de cr\u00e9ativit\u00e9<\/li>\n<li>Vois le r\u00e9sultat imm\u00e9diatement \u2013 l\u2019aper\u00e7u interactif te permet de peaufiner chaque d\u00e9tail<\/li>\n<\/ul>\n","protected":false},"featured_media":1090447,"template":"","meta":[],"product_brand":[],"product_cat":[7956,9731,7337,5264,7813,11391,7973,104,9760],"product_tag":[11760,11107],"class_list":{"0":"post-1089342","1":"product","2":"type-product","3":"status-publish","4":"has-post-thumbnail","6":"product_cat-cadeaux-de-baby-shower","7":"product_cat-definition-fr","8":"product_cat-cadeaux-de-fete-des-peres","9":"product_cat-cadeaux-de-noel","10":"product_cat-cadeaux-pour-nouveaux-parents","11":"product_cat-cadeaux-de-noel-pour-papa","12":"product_cat-cadeaux-pour-papa","13":"product_cat-tous-les-produits","14":"product_cat-trending-label-fr","15":"product_tag-cadeaux-de-noel-pour-papa","16":"product_tag-father-it-fr","18":"first","19":"instock","20":"sale","21":"taxable","22":"shipping-taxable","23":"purchasable","24":"product-type-variable"},"yoast_head":"<!-- This site is optimized with the Yoast SEO Premium plugin v27.2 (Yoast SEO v27.2) - https:\/\/yoast.com\/product\/yoast-seo-premium-wordpress\/ -->\n<title>Affiche D\u00e9finition Papa - Positive Prints<\/title>\n<meta name=\"description\" content=\"Cr\u00e9ez un hommage personnalis\u00e9 pour papa avec notre &quot;Affiche D\u00e9finition Papa&quot;. Choisissez son mot pr\u00e9f\u00e9r\u00e9 et son design. Parfait pour la F\u00eate des P\u00e8res, les anniversaires ou toute occasion !\" \/>\n<meta name=\"robots\" content=\"index, follow, max-snippet:-1, max-image-preview:large, max-video-preview:-1\" \/>\n<link rel=\"canonical\" href=\"https:\/\/positiveprints.com\/fr\/produit\/affiche-definition-papa\/\" \/>\n<meta property=\"og:locale\" content=\"fr_FR\" \/>\n<meta property=\"og:type\" content=\"article\" \/>\n<meta property=\"og:title\" content=\"Affiche D\u00e9finition Papa\" \/>\n<meta property=\"og:description\" content=\"Ajoutez votre photo  Personnalisez en seulement 2 minutes  Choisissez un mod\u00e8le ou faites preuve de cr\u00e9ativit\u00e9  Vois le r\u00e9sultat imm\u00e9diatement \u2013 l\u2019aper\u00e7u interactif te permet de peaufiner chaque d\u00e9tail\" \/>\n<meta property=\"og:url\" content=\"https:\/\/positiveprints.com\/fr\/produit\/affiche-definition-papa\/\" \/>\n<meta property=\"og:site_name\" content=\"Positive Prints\" \/>\n<meta property=\"article:publisher\" content=\"https:\/\/www.facebook.com\/positiveprintscom\" \/>\n<meta property=\"article:modified_time\" content=\"2026-04-03T01:56:12+00:00\" \/>\n<meta property=\"og:image\" content=\"https:\/\/positiveprints.com\/wp-content\/uploads\/2024\/03\/Affiche-Definition-Papa.jpg\" \/>\n\t<meta property=\"og:image:width\" content=\"1080\" \/>\n\t<meta property=\"og:image:height\" content=\"1080\" \/>\n\t<meta property=\"og:image:type\" content=\"image\/jpeg\" \/>\n<meta name=\"twitter:card\" content=\"summary_large_image\" \/>\n<meta name=\"twitter:label1\" content=\"Dur\u00e9e de lecture estim\u00e9e\" \/>\n\t<meta name=\"twitter:data1\" content=\"2 minutes\" \/>\n<!-- \/ Yoast SEO Premium plugin. -->","yoast_head_json":{"title":"Affiche D\u00e9finition Papa - Positive Prints","description":"Cr\u00e9ez un hommage personnalis\u00e9 pour papa avec notre \"Affiche D\u00e9finition Papa\". Choisissez son mot pr\u00e9f\u00e9r\u00e9 et son design. Parfait pour la F\u00eate des P\u00e8res, les anniversaires ou toute occasion !","robots":{"index":"index","follow":"follow","max-snippet":"max-snippet:-1","max-image-preview":"max-image-preview:large","max-video-preview":"max-video-preview:-1"},"canonical":"https:\/\/positiveprints.com\/fr\/produit\/affiche-definition-papa\/","og_locale":"fr_FR","og_type":"article","og_title":"Affiche D\u00e9finition Papa","og_description":"Ajoutez votre photo  Personnalisez en seulement 2 minutes  Choisissez un mod\u00e8le ou faites preuve de cr\u00e9ativit\u00e9  Vois le r\u00e9sultat imm\u00e9diatement \u2013 l\u2019aper\u00e7u interactif te permet de peaufiner chaque d\u00e9tail","og_url":"https:\/\/positiveprints.com\/fr\/produit\/affiche-definition-papa\/","og_site_name":"Positive Prints","article_publisher":"https:\/\/www.facebook.com\/positiveprintscom","article_modified_time":"2026-04-03T01:56:12+00:00","og_image":[{"width":1080,"height":1080,"url":"https:\/\/positiveprints.com\/wp-content\/uploads\/2024\/03\/Affiche-Definition-Papa.jpg","type":"image\/jpeg"}],"twitter_card":"summary_large_image","twitter_misc":{"Dur\u00e9e de lecture estim\u00e9e":"2 minutes"},"schema":{"@context":"https:\/\/schema.org","@graph":[{"@type":["WebPage","ItemPage"],"@id":"https:\/\/positiveprints.com\/fr\/produit\/affiche-definition-papa\/","url":"https:\/\/positiveprints.com\/fr\/produit\/affiche-definition-papa\/","name":"Affiche D\u00e9finition Papa - Positive Prints","isPartOf":{"@id":"https:\/\/positiveprints.com\/fr\/#website"},"primaryImageOfPage":{"@id":"https:\/\/positiveprints.com\/fr\/produit\/affiche-definition-papa\/#primaryimage"},"image":{"@id":"https:\/\/positiveprints.com\/fr\/produit\/affiche-definition-papa\/#primaryimage"},"thumbnailUrl":"https:\/\/positiveprints.com\/wp-content\/uploads\/2024\/03\/Affiche-Definition-Papa.jpg","datePublished":"2024-03-28T10:04:32+00:00","dateModified":"2026-04-03T01:56:12+00:00","description":"Cr\u00e9ez un hommage personnalis\u00e9 pour papa avec notre \"Affiche D\u00e9finition Papa\". Choisissez son mot pr\u00e9f\u00e9r\u00e9 et son design. Parfait pour la F\u00eate des P\u00e8res, les anniversaires ou toute occasion !","breadcrumb":{"@id":"https:\/\/positiveprints.com\/fr\/produit\/affiche-definition-papa\/#breadcrumb"},"inLanguage":"fr-FR","potentialAction":[{"@type":"ReadAction","target":["https:\/\/positiveprints.com\/fr\/produit\/affiche-definition-papa\/"]}]},{"@type":"ImageObject","inLanguage":"fr-FR","@id":"https:\/\/positiveprints.com\/fr\/produit\/affiche-definition-papa\/#primaryimage","url":"https:\/\/positiveprints.com\/wp-content\/uploads\/2024\/03\/Affiche-Definition-Papa.jpg","contentUrl":"https:\/\/positiveprints.com\/wp-content\/uploads\/2024\/03\/Affiche-Definition-Papa.jpg","width":1080,"height":1080,"caption":"Affiche D\u00e9finition Papa"},{"@type":"BreadcrumbList","@id":"https:\/\/positiveprints.com\/fr\/produit\/affiche-definition-papa\/#breadcrumb","itemListElement":[{"@type":"ListItem","position":1,"name":"Home","item":"https:\/\/positiveprints.com\/fr\/"},{"@type":"ListItem","position":2,"name":"Produits","item":"https:\/\/positiveprints.com\/fr\/shop\/"},{"@type":"ListItem","position":3,"name":"Affiche D\u00e9finition Papa"}]},{"@type":"WebSite","@id":"https:\/\/positiveprints.com\/fr\/#website","url":"https:\/\/positiveprints.com\/fr\/","name":"Positive Prints","description":"Amazing Custom Personalized Gifts","publisher":{"@id":"https:\/\/positiveprints.com\/fr\/#organization"},"potentialAction":[{"@type":"SearchAction","target":{"@type":"EntryPoint","urlTemplate":"https:\/\/positiveprints.com\/fr\/?s={search_term_string}"},"query-input":{"@type":"PropertyValueSpecification","valueRequired":true,"valueName":"search_term_string"}}],"inLanguage":"fr-FR"},{"@type":"Organization","@id":"https:\/\/positiveprints.com\/fr\/#organization","name":"Positive Prints","alternateName":"Positive Prints","url":"https:\/\/positiveprints.com\/fr\/","logo":{"@type":"ImageObject","inLanguage":"fr-FR","@id":"https:\/\/positiveprints.com\/fr\/#\/schema\/logo\/image\/","url":"https:\/\/positiveprints.com\/wp-content\/uploads\/2026\/03\/245815646_1337939713319158_5671353136411139666_n.png","contentUrl":"https:\/\/positiveprints.com\/wp-content\/uploads\/2026\/03\/245815646_1337939713319158_5671353136411139666_n.png","width":800,"height":800,"caption":"Positive Prints"},"image":{"@id":"https:\/\/positiveprints.com\/fr\/#\/schema\/logo\/image\/"},"sameAs":["https:\/\/www.facebook.com\/positiveprintscom","https:\/\/www.instagram.com\/positiveprintscom\/","https:\/\/www.tiktok.com\/@positiveprintscom","https:\/\/www.pinterest.com\/positiveprintscom\/"]}]}},"jetpack_sharing_enabled":true,"_links":{"self":[{"href":"https:\/\/positiveprints.com\/fr\/wp-json\/wp\/v2\/product\/1089342","targetHints":{"allow":["GET"]}}],"collection":[{"href":"https:\/\/positiveprints.com\/fr\/wp-json\/wp\/v2\/product"}],"about":[{"href":"https:\/\/positiveprints.com\/fr\/wp-json\/wp\/v2\/types\/product"}],"wp:featuredmedia":[{"embeddable":true,"href":"https:\/\/positiveprints.com\/fr\/wp-json\/wp\/v2\/media\/1090447"}],"wp:attachment":[{"href":"https:\/\/positiveprints.com\/fr\/wp-json\/wp\/v2\/media?parent=1089342"}],"wp:term":[{"taxonomy":"product_brand","embeddable":true,"href":"https:\/\/positiveprints.com\/fr\/wp-json\/wp\/v2\/product_brand?post=1089342"},{"taxonomy":"product_cat","embeddable":true,"href":"https:\/\/positiveprints.com\/fr\/wp-json\/wp\/v2\/product_cat?post=1089342"},{"taxonomy":"product_tag","embeddable":true,"href":"https:\/\/positiveprints.com\/fr\/wp-json\/wp\/v2\/product_tag?post=1089342"}],"curies":[{"name":"wp","href":"https:\/\/api.w.org\/{rel}","templated":true}]}}