{"id":1089190,"date":"2024-03-28T10:09:38","date_gmt":"2024-03-28T09:09:38","guid":{"rendered":"https:\/\/positiveprints.com\/?post_type=product&#038;p=1089190"},"modified":"2026-04-03T02:56:18","modified_gmt":"2026-04-03T01:56:18","slug":"maman-affiche-de-definition","status":"publish","type":"product","link":"https:\/\/positiveprints.com\/fr\/produit\/maman-affiche-de-definition\/","title":{"rendered":"Maman Affiche de D\u00e9finition"},"content":{"rendered":"<p>Vous recherchez un moyen sp\u00e9cial de c\u00e9l\u00e9brer les mamans incroyables de votre vie ? Ne cherchez pas plus loin que notre &#8220;Maman Affiche de D\u00e9finition&#8221; ! Avec des possibilit\u00e9s infinies, vous pouvez cr\u00e9er une pi\u00e8ce unique d&#8217;art mural qui refl\u00e8te votre d\u00e9finition personnelle de maman.<\/p>\r\n\r\n<h2>Personnalisez Votre Parfaite Maman Affiche de D\u00e9finition<\/h2>\r\n\r\n<p>Rendez votre maman encore plus sp\u00e9ciale avec une &#8220;Maman Affiche de D\u00e9finition&#8221; qui lui est sp\u00e9cialement d\u00e9di\u00e9e. Choisissez son mot pr\u00e9f\u00e9r\u00e9 &#8211; que ce soit &#8220;maman&#8221;, &#8220;maman ch\u00e9rie&#8221;, &#8220;m\u00e8re&#8221;, ou un surnom sp\u00e9cial qui lui est cher. Ensuite, plongez dans notre collection de designs pour en trouver un qui convient parfaitement \u00e0 son style.<\/p>\r\n\r\n\r\n<p>La cr\u00e9ation de ce cadeau sinc\u00e8re n&#8217;aurait pas pu \u00eatre plus facile gr\u00e2ce \u00e0 notre \u00e9diteur en ligne simple. Tout d&#8217;abord, vous s\u00e9lectionnerez une mise en page qui attire votre attention. Ensuite, ajoutez votre touche personnelle en t\u00e9l\u00e9chargeant une photo et en tapant le mot choisi ainsi qu&#8217;une d\u00e9finition. Vous pouvez m\u00eame faire preuve de cr\u00e9ativit\u00e9 et inventer votre propre d\u00e9finition qui refl\u00e8te la personnalit\u00e9 unique et les particularit\u00e9s de votre maman. Enfin, choisissez parmi notre gamme d&#8217;options, y compris des images encadr\u00e9es, des affiches imprim\u00e9es, des impressions sur toile ou des t\u00e9l\u00e9chargements num\u00e9riques instantan\u00e9s.<\/p>\r\n\r\n<h2>Le Cadeau Parfait pour Toute Occasion<\/h2>\r\n\r\n<p>Peu importe l&#8217;occasion &#8211; que ce soit la F\u00eate des M\u00e8res, son anniversaire, No\u00ebl, ou juste un jour ordinaire o\u00f9 vous voulez lui montrer combien vous tenez \u00e0 elle &#8211; l'&#8221;Maman Affiche de D\u00e9finition&#8221; est s\u00fbre de lui faire sourire. C&#8217;est un cadeau r\u00e9fl\u00e9chi et sinc\u00e8re qui peut \u00eatre dr\u00f4le, sentimental, ou tout ce que vous voulez, en fonction de la d\u00e9finition que vous choisissez. Faites-lui sentir aim\u00e9e et appr\u00e9ci\u00e9e avec un cadeau personnalis\u00e9 qu&#8217;elle ch\u00e9rira pendant des ann\u00e9es !<\/p>","protected":false},"excerpt":{"rendered":"<ul class=\"check-list\">\n<li>Cr\u00e9ez votre propre d\u00e9finition personnelle de maman<\/li>\n<li>Ajoutez votre propre photo<\/li>\n<li>Personnalisez en seulement 2 minutes<\/li>\n<li>Choisissez un mod\u00e8le ou faites preuve de cr\u00e9ativit\u00e9<\/li>\n<li>Vois le r\u00e9sultat imm\u00e9diatement \u2013 l\u2019aper\u00e7u interactif te permet de peaufiner chaque d\u00e9tail<\/li>\n<\/ul>\n","protected":false},"featured_media":1089982,"template":"","meta":[],"product_brand":[],"product_cat":[7956,9731,7277,5264,7701,11399,7813,104,9760],"product_tag":[11794,12585,12586,15898,15882,8404,15899,15894],"class_list":{"0":"post-1089190","1":"product","2":"type-product","3":"status-publish","4":"has-post-thumbnail","6":"product_cat-cadeaux-de-baby-shower","7":"product_cat-definition-fr","8":"product_cat-cadeaux-de-fete-des-meres","9":"product_cat-cadeaux-de-noel","10":"product_cat-cadeaux-pour-maman","11":"product_cat-cadeaux-de-noel-pour-maman","12":"product_cat-cadeaux-pour-nouveaux-parents","13":"product_cat-tous-les-produits","14":"product_cat-trending-label-fr","15":"product_tag-cadeaux-de-noel-pour-maman","16":"product_tag-maman","17":"product_tag-maman-fr","18":"product_tag-mamma-fr-2","19":"product_tag-mommy-fr","20":"product_tag-mother-fr","21":"product_tag-mother-it-fr","22":"product_tag-regali-di-natale-per-mamma-fr","24":"first","25":"instock","26":"sale","27":"taxable","28":"shipping-taxable","29":"purchasable","30":"product-type-variable"},"yoast_head":"<!-- This site is optimized with the Yoast SEO Premium plugin v27.2 (Yoast SEO v27.2) - https:\/\/yoast.com\/product\/yoast-seo-premium-wordpress\/ -->\n<title>Maman Affiche de D\u00e9finition - Positive Prints<\/title>\n<meta name=\"description\" content=\"Cr\u00e9ez un hommage sinc\u00e8re pour maman avec notre &quot;Maman Affiche de D\u00e9finition&quot; personnalis\u00e9e. Choisissez son mot pr\u00e9f\u00e9r\u00e9 et son design.\" \/>\n<meta name=\"robots\" content=\"index, follow, max-snippet:-1, max-image-preview:large, max-video-preview:-1\" \/>\n<link rel=\"canonical\" href=\"https:\/\/positiveprints.com\/fr\/produit\/maman-affiche-de-definition\/\" \/>\n<meta property=\"og:locale\" content=\"fr_FR\" \/>\n<meta property=\"og:type\" content=\"article\" \/>\n<meta property=\"og:title\" content=\"Maman Affiche de D\u00e9finition\" \/>\n<meta property=\"og:description\" content=\"Cr\u00e9ez votre propre d\u00e9finition personnelle de maman Ajoutez votre propre photo Personnalisez en seulement 2 minutes Choisissez un mod\u00e8le ou faites preuve de cr\u00e9ativit\u00e9 Vois le r\u00e9sultat imm\u00e9diatement \u2013 l\u2019aper\u00e7u interactif te permet de peaufiner chaque d\u00e9tail\" \/>\n<meta property=\"og:url\" content=\"https:\/\/positiveprints.com\/fr\/produit\/maman-affiche-de-definition\/\" \/>\n<meta property=\"og:site_name\" content=\"Positive Prints\" \/>\n<meta property=\"article:publisher\" content=\"https:\/\/www.facebook.com\/positiveprintscom\" \/>\n<meta property=\"article:modified_time\" content=\"2026-04-03T01:56:18+00:00\" \/>\n<meta property=\"og:image\" content=\"https:\/\/positiveprints.com\/wp-content\/uploads\/2024\/03\/Maman-Affiche-de-Definition.jpg\" \/>\n\t<meta property=\"og:image:width\" content=\"1080\" \/>\n\t<meta property=\"og:image:height\" content=\"1080\" \/>\n\t<meta property=\"og:image:type\" content=\"image\/jpeg\" \/>\n<meta name=\"twitter:card\" content=\"summary_large_image\" \/>\n<meta name=\"twitter:label1\" content=\"Dur\u00e9e de lecture estim\u00e9e\" \/>\n\t<meta name=\"twitter:data1\" content=\"2 minutes\" \/>\n<!-- \/ Yoast SEO Premium plugin. -->","yoast_head_json":{"title":"Maman Affiche de D\u00e9finition - Positive Prints","description":"Cr\u00e9ez un hommage sinc\u00e8re pour maman avec notre \"Maman Affiche de D\u00e9finition\" personnalis\u00e9e. Choisissez son mot pr\u00e9f\u00e9r\u00e9 et son design.","robots":{"index":"index","follow":"follow","max-snippet":"max-snippet:-1","max-image-preview":"max-image-preview:large","max-video-preview":"max-video-preview:-1"},"canonical":"https:\/\/positiveprints.com\/fr\/produit\/maman-affiche-de-definition\/","og_locale":"fr_FR","og_type":"article","og_title":"Maman Affiche de D\u00e9finition","og_description":"Cr\u00e9ez votre propre d\u00e9finition personnelle de maman Ajoutez votre propre photo Personnalisez en seulement 2 minutes Choisissez un mod\u00e8le ou faites preuve de cr\u00e9ativit\u00e9 Vois le r\u00e9sultat imm\u00e9diatement \u2013 l\u2019aper\u00e7u interactif te permet de peaufiner chaque d\u00e9tail","og_url":"https:\/\/positiveprints.com\/fr\/produit\/maman-affiche-de-definition\/","og_site_name":"Positive Prints","article_publisher":"https:\/\/www.facebook.com\/positiveprintscom","article_modified_time":"2026-04-03T01:56:18+00:00","og_image":[{"width":1080,"height":1080,"url":"https:\/\/positiveprints.com\/wp-content\/uploads\/2024\/03\/Maman-Affiche-de-Definition.jpg","type":"image\/jpeg"}],"twitter_card":"summary_large_image","twitter_misc":{"Dur\u00e9e de lecture estim\u00e9e":"2 minutes"},"schema":{"@context":"https:\/\/schema.org","@graph":[{"@type":["WebPage","ItemPage"],"@id":"https:\/\/positiveprints.com\/fr\/produit\/maman-affiche-de-definition\/","url":"https:\/\/positiveprints.com\/fr\/produit\/maman-affiche-de-definition\/","name":"Maman Affiche de D\u00e9finition - Positive Prints","isPartOf":{"@id":"https:\/\/positiveprints.com\/fr\/#website"},"primaryImageOfPage":{"@id":"https:\/\/positiveprints.com\/fr\/produit\/maman-affiche-de-definition\/#primaryimage"},"image":{"@id":"https:\/\/positiveprints.com\/fr\/produit\/maman-affiche-de-definition\/#primaryimage"},"thumbnailUrl":"https:\/\/positiveprints.com\/wp-content\/uploads\/2024\/03\/Maman-Affiche-de-Definition.jpg","datePublished":"2024-03-28T09:09:38+00:00","dateModified":"2026-04-03T01:56:18+00:00","description":"Cr\u00e9ez un hommage sinc\u00e8re pour maman avec notre \"Maman Affiche de D\u00e9finition\" personnalis\u00e9e. Choisissez son mot pr\u00e9f\u00e9r\u00e9 et son design.","breadcrumb":{"@id":"https:\/\/positiveprints.com\/fr\/produit\/maman-affiche-de-definition\/#breadcrumb"},"inLanguage":"fr-FR","potentialAction":[{"@type":"ReadAction","target":["https:\/\/positiveprints.com\/fr\/produit\/maman-affiche-de-definition\/"]}]},{"@type":"ImageObject","inLanguage":"fr-FR","@id":"https:\/\/positiveprints.com\/fr\/produit\/maman-affiche-de-definition\/#primaryimage","url":"https:\/\/positiveprints.com\/wp-content\/uploads\/2024\/03\/Maman-Affiche-de-Definition.jpg","contentUrl":"https:\/\/positiveprints.com\/wp-content\/uploads\/2024\/03\/Maman-Affiche-de-Definition.jpg","width":1080,"height":1080,"caption":"Maman Affiche de D\u00e9finition"},{"@type":"BreadcrumbList","@id":"https:\/\/positiveprints.com\/fr\/produit\/maman-affiche-de-definition\/#breadcrumb","itemListElement":[{"@type":"ListItem","position":1,"name":"Home","item":"https:\/\/positiveprints.com\/fr\/"},{"@type":"ListItem","position":2,"name":"Produits","item":"https:\/\/positiveprints.com\/fr\/shop\/"},{"@type":"ListItem","position":3,"name":"Maman Affiche de D\u00e9finition"}]},{"@type":"WebSite","@id":"https:\/\/positiveprints.com\/fr\/#website","url":"https:\/\/positiveprints.com\/fr\/","name":"Positive Prints","description":"Amazing Custom Personalized Gifts","publisher":{"@id":"https:\/\/positiveprints.com\/fr\/#organization"},"potentialAction":[{"@type":"SearchAction","target":{"@type":"EntryPoint","urlTemplate":"https:\/\/positiveprints.com\/fr\/?s={search_term_string}"},"query-input":{"@type":"PropertyValueSpecification","valueRequired":true,"valueName":"search_term_string"}}],"inLanguage":"fr-FR"},{"@type":"Organization","@id":"https:\/\/positiveprints.com\/fr\/#organization","name":"Positive Prints","alternateName":"Positive Prints","url":"https:\/\/positiveprints.com\/fr\/","logo":{"@type":"ImageObject","inLanguage":"fr-FR","@id":"https:\/\/positiveprints.com\/fr\/#\/schema\/logo\/image\/","url":"https:\/\/positiveprints.com\/wp-content\/uploads\/2026\/03\/245815646_1337939713319158_5671353136411139666_n.png","contentUrl":"https:\/\/positiveprints.com\/wp-content\/uploads\/2026\/03\/245815646_1337939713319158_5671353136411139666_n.png","width":800,"height":800,"caption":"Positive Prints"},"image":{"@id":"https:\/\/positiveprints.com\/fr\/#\/schema\/logo\/image\/"},"sameAs":["https:\/\/www.facebook.com\/positiveprintscom","https:\/\/www.instagram.com\/positiveprintscom\/","https:\/\/www.tiktok.com\/@positiveprintscom","https:\/\/www.pinterest.com\/positiveprintscom\/"]}]}},"jetpack_sharing_enabled":true,"_links":{"self":[{"href":"https:\/\/positiveprints.com\/fr\/wp-json\/wp\/v2\/product\/1089190","targetHints":{"allow":["GET"]}}],"collection":[{"href":"https:\/\/positiveprints.com\/fr\/wp-json\/wp\/v2\/product"}],"about":[{"href":"https:\/\/positiveprints.com\/fr\/wp-json\/wp\/v2\/types\/product"}],"wp:featuredmedia":[{"embeddable":true,"href":"https:\/\/positiveprints.com\/fr\/wp-json\/wp\/v2\/media\/1089982"}],"wp:attachment":[{"href":"https:\/\/positiveprints.com\/fr\/wp-json\/wp\/v2\/media?parent=1089190"}],"wp:term":[{"taxonomy":"product_brand","embeddable":true,"href":"https:\/\/positiveprints.com\/fr\/wp-json\/wp\/v2\/product_brand?post=1089190"},{"taxonomy":"product_cat","embeddable":true,"href":"https:\/\/positiveprints.com\/fr\/wp-json\/wp\/v2\/product_cat?post=1089190"},{"taxonomy":"product_tag","embeddable":true,"href":"https:\/\/positiveprints.com\/fr\/wp-json\/wp\/v2\/product_tag?post=1089190"}],"curies":[{"name":"wp","href":"https:\/\/api.w.org\/{rel}","templated":true}]}}