{"id":1072974,"date":"2023-11-23T11:39:04","date_gmt":"2023-11-23T10:39:04","guid":{"rendered":"https:\/\/positiveprints.com\/?post_type=product&#038;p=1072974"},"modified":"2026-04-18T04:46:19","modified_gmt":"2026-04-18T03:46:19","slug":"dessin-au-trait-de-papa","status":"publish","type":"product","link":"https:\/\/positiveprints.com\/fr\/produit\/dessin-au-trait-de-papa\/","title":{"rendered":"Dessin au Trait de Papa"},"content":{"rendered":"<p>Mettez en avant la force et le guide que votre p\u00e8re repr\u00e9sente pour vous avec notre dessin au trait pour p\u00e8re. Transformez la photo favorite de votre p\u00e8re en une \u0153uvre d&#8217;art personnalis\u00e9e ind\u00e9modable qui rend hommage \u00e0 la sagesse et au soutien dont votre papa a toujours fait preuve. Nos artistes talentueux dessineront avec beaucoup de pr\u00e9cision et \u00e0 la main chaque d\u00e9tail, cr\u00e9ant une repr\u00e9sentation unique qui refl\u00e8te l&#8217;amour et les bons conseils que votre p\u00e8re a toujours su prodiguer. Choisissez votre style et vos couleurs pr\u00e9f\u00e9r\u00e9s, t\u00e9l\u00e9chargez la photo qui met votre papa le plus en valeur et ajoutez une touche personnelle avec un message venu du c\u0153ur. Cr\u00e9ez un souvenir pertinent qui refl\u00e9tera le lien p\u00e9renne entre un p\u00e8re et son enfant.<\/p>\r\n\r\n<h2>Un processus simple en trois \u00e9tapes :<\/h2>\r\n<ol>\r\n<li><strong>Choisissez votre style et vos couleurs :<\/strong>\r\n<p>s\u00e9lectionnez le style et les couleurs qui capterons le mieux toute la force et la sagesse de votre papa.<\/p><\/li>\r\n\r\n<li><strong>T\u00e9l\u00e9chargez une photo unique de votre p\u00e8re :<\/strong>\r\n<p>partagez une photo qui met en valeur la force directrice et l&#8217;amour que votre papa incarne. Nos artistes dessineront l&#8217;\u0153uvre \u00e0 la main avec un grand savoir-faire, en veillant \u00e0 ce qu&#8217;elle refl\u00e8te parfaitement l&#8217;essence exceptionnelle de votre papa.<\/p><\/li>\r\n\r\n<li><strong>Ajoutez un message personnalis\u00e9 et finalisez :<\/strong>\r\n<p>am\u00e9liorez votre dessin au trait de papa en y ajoutant un message qui vient du fond du c\u0153ur. D\u00e8s que votre paiement nous sera parvenu, notre \u00e9quipe d&#8217;assistance Positive Prints vous contactera afin de confirmer votre commande. Une fois l\u2019illustration pr\u00eate, vous recevrez un e-mail pour examiner et accepter le design final. Votre enti\u00e8re satisfaction est importante pour nous, c&#8217;est pour cette raison qu&#8217;il vous est permit de demander des modifications jusqu&#8217;\u00e0 deux fois. Apr\u00e8s votre approbation finale, l&#8217;\u0153uvre sera envoy\u00e9e pour impression et livraison, cr\u00e9ant ainsi un hommage durable \u00e0 votre cher p\u00e8re.<\/p><\/li>\r\n<\/ol>\r\n<h2>Le dessin au trait de papa : le cadeau id\u00e9al pour votre papa<\/h2>\r\n\r\n<p>Le dessin au trait pour papa n&#8217;est pas un simple cadeau pour papa. C&#8217;est une c\u00e9l\u00e9bration de la force directrice qu&#8217;un p\u00e8re repr\u00e9sente pour son enfant. C&#8217;est une fa\u00e7on unique d&#8217;exprimer le lien qui vous uni et de cr\u00e9er un souvenir ind\u00e9fectible. Commandez votre dessin au trait de papa d\u00e8s maintenant et honorez le lien exceptionnel entre vous et votre p\u00e8re avec un chef-d&#8217; \u0153uvre personnalis\u00e9 qui sera capable de capter toute l&#8217;essence de son amour infini.<\/p>","protected":false},"excerpt":{"rendered":"<ul class=\"check-list\">\n<li>Laissez nos artistes \u00e9laborer un unique dessin au trait \u00e0 partir d&#8217;une photo de vous et votre papa<\/li>\n<li>Il sera dessin\u00e9 et livr\u00e9 dans votre bo\u00eete de r\u00e9ception \u00e9lectronique dans un d\u00e9lai de seulement 2 \u00e0 3 jours ouvrables<\/li>\n<li>Personnalisez-l\u00e0 en 3 \u00e9tapes simples<\/li>\n<li>Choisissez un mod\u00e8le ou faites preuve de cr\u00e9ativit\u00e9<\/li>\n<li>2 r\u00e9visions disponibles \u00e0 votre demande<\/li>\n<\/ul>\n","protected":false},"featured_media":1358907,"template":"","meta":[],"product_brand":[],"product_cat":[9177,9760,104,7337,5264,11391,7973],"product_tag":[11760,11107],"class_list":{"0":"post-1072974","1":"product","2":"type-product","3":"status-publish","4":"has-post-thumbnail","6":"product_cat-line-art-fr","7":"product_cat-trending-label-fr","8":"product_cat-tous-les-produits","9":"product_cat-cadeaux-de-fete-des-peres","10":"product_cat-cadeaux-de-noel","11":"product_cat-cadeaux-de-noel-pour-papa","12":"product_cat-cadeaux-pour-papa","13":"product_tag-cadeaux-de-noel-pour-papa","14":"product_tag-father-it-fr","16":"first","17":"instock","18":"sale","19":"taxable","20":"shipping-taxable","21":"purchasable","22":"product-type-variable"},"yoast_head":"<!-- This site is optimized with the Yoast SEO Premium plugin v27.2 (Yoast SEO v27.2) - https:\/\/yoast.com\/product\/yoast-seo-premium-wordpress\/ -->\n<title>Dessin au Trait de Papa - Positive Prints<\/title>\n<meta name=\"description\" content=\"Commandez votre dessin au trait de papa d\u00e8s maintenant et honorez le lien exceptionnel entre vous et votre p\u00e8re avec un chef-d&#039; \u0153uvre personnalis\u00e9 qui sera capable de capter toute l&#039;essence de son amour infini.\" \/>\n<meta name=\"robots\" content=\"index, follow, max-snippet:-1, max-image-preview:large, max-video-preview:-1\" \/>\n<link rel=\"canonical\" href=\"https:\/\/positiveprints.com\/fr\/produit\/dessin-au-trait-de-papa\/\" \/>\n<meta property=\"og:locale\" content=\"fr_FR\" \/>\n<meta property=\"og:type\" content=\"article\" \/>\n<meta property=\"og:title\" content=\"Dessin au Trait de Papa\" \/>\n<meta property=\"og:description\" content=\"Laissez nos artistes \u00e9laborer un unique dessin au trait \u00e0 partir d&#039;une photo de vous et votre papa  Il sera dessin\u00e9 et livr\u00e9 dans votre bo\u00eete de r\u00e9ception \u00e9lectronique dans un d\u00e9lai de seulement 2 \u00e0 3 jours ouvrables  Personnalisez-l\u00e0 en 3 \u00e9tapes simples  Choisissez un mod\u00e8le ou faites preuve de cr\u00e9ativit\u00e9  2 r\u00e9visions disponibles \u00e0 votre demande\" \/>\n<meta property=\"og:url\" content=\"https:\/\/positiveprints.com\/fr\/produit\/dessin-au-trait-de-papa\/\" \/>\n<meta property=\"og:site_name\" content=\"Positive Prints\" \/>\n<meta property=\"article:publisher\" content=\"https:\/\/www.facebook.com\/positiveprintscom\" \/>\n<meta property=\"article:modified_time\" content=\"2026-04-18T03:46:19+00:00\" \/>\n<meta property=\"og:image\" content=\"https:\/\/positiveprints.com\/wp-content\/uploads\/2025\/02\/Dessin-au-Trait-de-Papa-1.webp\" \/>\n\t<meta property=\"og:image:width\" content=\"1450\" \/>\n\t<meta property=\"og:image:height\" content=\"1450\" \/>\n\t<meta property=\"og:image:type\" content=\"image\/webp\" \/>\n<meta name=\"twitter:card\" content=\"summary_large_image\" \/>\n<meta name=\"twitter:label1\" content=\"Dur\u00e9e de lecture estim\u00e9e\" \/>\n\t<meta name=\"twitter:data1\" content=\"2 minutes\" \/>\n<!-- \/ Yoast SEO Premium plugin. -->","yoast_head_json":{"title":"Dessin au Trait de Papa - Positive Prints","description":"Commandez votre dessin au trait de papa d\u00e8s maintenant et honorez le lien exceptionnel entre vous et votre p\u00e8re avec un chef-d' \u0153uvre personnalis\u00e9 qui sera capable de capter toute l'essence de son amour infini.","robots":{"index":"index","follow":"follow","max-snippet":"max-snippet:-1","max-image-preview":"max-image-preview:large","max-video-preview":"max-video-preview:-1"},"canonical":"https:\/\/positiveprints.com\/fr\/produit\/dessin-au-trait-de-papa\/","og_locale":"fr_FR","og_type":"article","og_title":"Dessin au Trait de Papa","og_description":"Laissez nos artistes \u00e9laborer un unique dessin au trait \u00e0 partir d'une photo de vous et votre papa  Il sera dessin\u00e9 et livr\u00e9 dans votre bo\u00eete de r\u00e9ception \u00e9lectronique dans un d\u00e9lai de seulement 2 \u00e0 3 jours ouvrables  Personnalisez-l\u00e0 en 3 \u00e9tapes simples  Choisissez un mod\u00e8le ou faites preuve de cr\u00e9ativit\u00e9  2 r\u00e9visions disponibles \u00e0 votre demande","og_url":"https:\/\/positiveprints.com\/fr\/produit\/dessin-au-trait-de-papa\/","og_site_name":"Positive Prints","article_publisher":"https:\/\/www.facebook.com\/positiveprintscom","article_modified_time":"2026-04-18T03:46:19+00:00","og_image":[{"width":1450,"height":1450,"url":"https:\/\/positiveprints.com\/wp-content\/uploads\/2025\/02\/Dessin-au-Trait-de-Papa-1.webp","type":"image\/webp"}],"twitter_card":"summary_large_image","twitter_misc":{"Dur\u00e9e de lecture estim\u00e9e":"2 minutes"},"schema":{"@context":"https:\/\/schema.org","@graph":[{"@type":["WebPage","ItemPage"],"@id":"https:\/\/positiveprints.com\/fr\/produit\/dessin-au-trait-de-papa\/","url":"https:\/\/positiveprints.com\/fr\/produit\/dessin-au-trait-de-papa\/","name":"Dessin au Trait de Papa - Positive Prints","isPartOf":{"@id":"https:\/\/positiveprints.com\/fr\/#website"},"primaryImageOfPage":{"@id":"https:\/\/positiveprints.com\/fr\/produit\/dessin-au-trait-de-papa\/#primaryimage"},"image":{"@id":"https:\/\/positiveprints.com\/fr\/produit\/dessin-au-trait-de-papa\/#primaryimage"},"thumbnailUrl":"https:\/\/positiveprints.com\/wp-content\/uploads\/2025\/02\/Dessin-au-Trait-de-Papa-1.webp","datePublished":"2023-11-23T10:39:04+00:00","dateModified":"2026-04-18T03:46:19+00:00","description":"Commandez votre dessin au trait de papa d\u00e8s maintenant et honorez le lien exceptionnel entre vous et votre p\u00e8re avec un chef-d' \u0153uvre personnalis\u00e9 qui sera capable de capter toute l'essence de son amour infini.","breadcrumb":{"@id":"https:\/\/positiveprints.com\/fr\/produit\/dessin-au-trait-de-papa\/#breadcrumb"},"inLanguage":"fr-FR","potentialAction":[{"@type":"ReadAction","target":["https:\/\/positiveprints.com\/fr\/produit\/dessin-au-trait-de-papa\/"]}]},{"@type":"ImageObject","inLanguage":"fr-FR","@id":"https:\/\/positiveprints.com\/fr\/produit\/dessin-au-trait-de-papa\/#primaryimage","url":"https:\/\/positiveprints.com\/wp-content\/uploads\/2025\/02\/Dessin-au-Trait-de-Papa-1.webp","contentUrl":"https:\/\/positiveprints.com\/wp-content\/uploads\/2025\/02\/Dessin-au-Trait-de-Papa-1.webp","width":1450,"height":1450},{"@type":"BreadcrumbList","@id":"https:\/\/positiveprints.com\/fr\/produit\/dessin-au-trait-de-papa\/#breadcrumb","itemListElement":[{"@type":"ListItem","position":1,"name":"Home","item":"https:\/\/positiveprints.com\/fr\/"},{"@type":"ListItem","position":2,"name":"Produits","item":"https:\/\/positiveprints.com\/fr\/shop\/"},{"@type":"ListItem","position":3,"name":"Dessin au Trait de Papa"}]},{"@type":"WebSite","@id":"https:\/\/positiveprints.com\/fr\/#website","url":"https:\/\/positiveprints.com\/fr\/","name":"Positive Prints","description":"Amazing Custom Personalized Gifts","publisher":{"@id":"https:\/\/positiveprints.com\/fr\/#organization"},"potentialAction":[{"@type":"SearchAction","target":{"@type":"EntryPoint","urlTemplate":"https:\/\/positiveprints.com\/fr\/?s={search_term_string}"},"query-input":{"@type":"PropertyValueSpecification","valueRequired":true,"valueName":"search_term_string"}}],"inLanguage":"fr-FR"},{"@type":"Organization","@id":"https:\/\/positiveprints.com\/fr\/#organization","name":"Positive Prints","alternateName":"Positive Prints","url":"https:\/\/positiveprints.com\/fr\/","logo":{"@type":"ImageObject","inLanguage":"fr-FR","@id":"https:\/\/positiveprints.com\/fr\/#\/schema\/logo\/image\/","url":"https:\/\/positiveprints.com\/wp-content\/uploads\/2026\/03\/245815646_1337939713319158_5671353136411139666_n.png","contentUrl":"https:\/\/positiveprints.com\/wp-content\/uploads\/2026\/03\/245815646_1337939713319158_5671353136411139666_n.png","width":800,"height":800,"caption":"Positive Prints"},"image":{"@id":"https:\/\/positiveprints.com\/fr\/#\/schema\/logo\/image\/"},"sameAs":["https:\/\/www.facebook.com\/positiveprintscom","https:\/\/www.instagram.com\/positiveprintscom\/","https:\/\/www.tiktok.com\/@positiveprintscom","https:\/\/www.pinterest.com\/positiveprintscom\/"]}]}},"jetpack_sharing_enabled":true,"_links":{"self":[{"href":"https:\/\/positiveprints.com\/fr\/wp-json\/wp\/v2\/product\/1072974","targetHints":{"allow":["GET"]}}],"collection":[{"href":"https:\/\/positiveprints.com\/fr\/wp-json\/wp\/v2\/product"}],"about":[{"href":"https:\/\/positiveprints.com\/fr\/wp-json\/wp\/v2\/types\/product"}],"wp:featuredmedia":[{"embeddable":true,"href":"https:\/\/positiveprints.com\/fr\/wp-json\/wp\/v2\/media\/1358907"}],"wp:attachment":[{"href":"https:\/\/positiveprints.com\/fr\/wp-json\/wp\/v2\/media?parent=1072974"}],"wp:term":[{"taxonomy":"product_brand","embeddable":true,"href":"https:\/\/positiveprints.com\/fr\/wp-json\/wp\/v2\/product_brand?post=1072974"},{"taxonomy":"product_cat","embeddable":true,"href":"https:\/\/positiveprints.com\/fr\/wp-json\/wp\/v2\/product_cat?post=1072974"},{"taxonomy":"product_tag","embeddable":true,"href":"https:\/\/positiveprints.com\/fr\/wp-json\/wp\/v2\/product_tag?post=1072974"}],"curies":[{"name":"wp","href":"https:\/\/api.w.org\/{rel}","templated":true}]}}