{"id":1072952,"date":"2023-11-23T08:49:28","date_gmt":"2023-11-23T07:49:28","guid":{"rendered":"https:\/\/positiveprints.com\/?post_type=product&#038;p=1072952"},"modified":"2026-04-12T21:25:50","modified_gmt":"2026-04-12T20:25:50","slug":"dessin-au-trait-de-famille","status":"publish","type":"product","link":"https:\/\/positiveprints.com\/fr\/produit\/dessin-au-trait-de-famille\/","title":{"rendered":"Dessin au trait de famille"},"content":{"rendered":"<p>C\u00e9l\u00e9brez la chaleur et l&#8217;union de votre famille gr\u00e2ce \u00e0 notre tableau d&#8217;art de dessin au trait familial qui r\u00e9chauffe le c\u0153ur. Mettez en valeur une photo de famille pr\u00e9cieuse en la transformant en une \u0153uvre d&#8217;art personnalis\u00e9e ind\u00e9fectible qui captera l&#8217;essence de la vie en commun. Nos artistes professionnels dessineront chaque d\u00e9tail \u00e0 la main, \u00e9laborant un portrait unique qui refl\u00e8te l&#8217;amour et la connexion au sein de votre famille. Choisissez votre style et vos couleurs pr\u00e9f\u00e9r\u00e9s, t\u00e9l\u00e9chargez votre photo de famille favorite et ajoutez une touche personnelle avec un message venu du c\u0153ur. Cr\u00e9ez un souvenir plein de sens qui incarne le lien et les moments partag\u00e9s qui rendent votre famille si sp\u00e9ciale.<\/p>\r\n\r\n<h2>Un processus simple en trois \u00e9tapes :<\/h2>\r\n\r\n<ol>\r\n<li><strong>Choisissez votre style et vos couleurs :<\/strong>\r\n<p>s\u00e9lectionnez le style et les couleurs qui incarnent la convivialit\u00e9 et l&#8217;unit\u00e9 au sein de votre famille.<\/p><\/li>\r\n\r\n<li><strong>T\u00e9l\u00e9chargez votre photo de famille pr\u00e9f\u00e9r\u00e9 :<\/strong>\r\n<p>partagez une photo qui renferme toute la magie de votre connexion familial. Nos artistes dessineront l&#8217;\u0153uvre \u00e0 la main avec grand soin, en veillant \u00e0 ce qu&#8217;elle refl\u00e8te l&#8217;amour et l&#8217;union qui r\u00e9git votre famille.<\/p><\/li>\r\n\r\n<li><strong>Ajoutez un message personnalis\u00e9 et finalisez :<\/strong>\r\n<p>perfectionnez votre dessin au trait de famille avec un message venu du c\u0153ur. D\u00e8s que votre paiement nous sera parvenu, notre \u00e9quipe d&#8217;assistance Positive Prints vous contactera afin de confirmer votre commande. Une fois l\u2019illustration pr\u00eate, vous recevrez un e-mail pour examiner et accepter le design final. Votre enti\u00e8re satisfaction est importante pour nous, c&#8217;est pour cette raison qu&#8217;il vous est permit de demander des modifications jusqu&#8217;\u00e0 deux fois. Une fois que nous aurons obtenus votre approbation finale, l&#8217;\u0153uvre sera envoy\u00e9e pour impression et livraison, r\u00e9alisant ainsi un tribut p\u00e9renne \u00e0 votre magnifique famille.<\/p><\/li>\r\n\r\n<\/ol>\r\n\r\n<h2>Dessin au trait de famille : la c\u00e9l\u00e9bration de l&#8217;amour et de l&#8217;unit\u00e9<\/h2>\r\n\r\n<p>Le dessin au trait de famille n&#8217;est pas seulement un cadeau familial ; c&#8217;est une comm\u00e9moration au nom de l&#8217;amour, de l&#8217;unit\u00e9 et des moments partag\u00e9s avec ceux qui vont sont cher. C&#8217;est une fa\u00e7on unique d&#8217;exprimer le lien du sang qui vous uni et de cr\u00e9er un souvenir ind\u00e9fectible. Commandez votre dessin au trait personnalis\u00e9 d\u00e8s maintenant et comm\u00e9morez le lien sp\u00e9cial que vous partagez avec un chef-d&#8217; \u0153uvre personnalis\u00e9 qui captera l&#8217;essentiel de votre magnifique famille.<\/p>","protected":false},"excerpt":{"rendered":"<ul class=\"check-list\">\n<li>Confiez \u00e0 nos artistes une photo de famille pr\u00e9cieuse et ils la transformeront en une \u0153uvre d&#8217;art personnalis\u00e9e intemporelle<\/li>\n<li>Il sera dessin\u00e9 et livr\u00e9 dans votre bo\u00eete de r\u00e9ception \u00e9lectronique dans un d\u00e9lai de seulement 2 \u00e0 3 jours ouvrables<\/li>\n<li>Personnalisez-l\u00e0 en 3 \u00e9tapes simples<\/li>\n<li>Choisissez un mod\u00e8le ou faites preuve de cr\u00e9ativit\u00e9<\/li>\n<li>2 r\u00e9visions disponibles \u00e0 votre demande<\/li>\n<\/ul>\n","protected":false},"featured_media":1358970,"template":"","meta":[],"product_brand":[],"product_cat":[9274,9177,104,5249,3127,11211,11212,5264,15055,11401,11389,11400,11398,8006,7621,7653,7685,7765,7734,7845,7813],"product_tag":[13426,13455,13465,8533],"class_list":{"0":"post-1072952","1":"product","2":"type-product","3":"status-publish","4":"has-post-thumbnail","6":"product_cat-bestsellers-label-fr","7":"product_cat-line-art-fr","8":"product_cat-tous-les-produits","9":"product_cat-cadeaux-de-naissance-bebe","10":"product_cat-cadeaux-danniversaire","11":"product_cat-cadeau-anniversaire-femme","12":"product_cat-cadeau-anniversaire-homme","13":"product_cat-cadeaux-de-noel","14":"product_cat-cadeaux-de-noel-pour-la-famille","15":"product_cat-cadeaux-de-noel-pour-la-soeur","16":"product_cat-cadeaux-de-noel-pour-le-frere","17":"product_cat-cadeaux-de-noel-pour-les-parents","18":"product_cat-cadeaux-de-noel-pour-les-enfants","19":"product_cat-cadeaux-pour-hommes","20":"product_cat-cadeaux-pour-frere","21":"product_cat-cadeaux-pour-fils","22":"product_cat-cadeaux-pour-femmes","23":"product_cat-cadeaux-pour-fille","24":"product_cat-cadeaux-pour-soeur","25":"product_cat-cadeaux-pour-la-famille","26":"product_cat-cadeaux-pour-nouveaux-parents","27":"product_tag-cadeau-de-noel-pour-soeur","28":"product_tag-cadeaux-de-noel-pour-frere","29":"product_tag-cadeaux-de-noel-pour-la-famille","30":"product_tag-family-fr","32":"first","33":"instock","34":"sale","35":"taxable","36":"shipping-taxable","37":"purchasable","38":"product-type-variable"},"yoast_head":"<!-- This site is optimized with the Yoast SEO Premium plugin v27.2 (Yoast SEO v27.2) - https:\/\/yoast.com\/product\/yoast-seo-premium-wordpress\/ -->\n<title>Dessin au trait de famille - Positive Prints<\/title>\n<meta name=\"description\" content=\"Commandez votre dessin au trait personnalis\u00e9 d\u00e8s maintenant et comm\u00e9morez le lien sp\u00e9cial que vous partagez avec un chef-d&#039; \u0153uvre personnalis\u00e9 qui captera l&#039;essentiel de votre magnifique famille.\" \/>\n<meta name=\"robots\" content=\"index, follow, max-snippet:-1, max-image-preview:large, max-video-preview:-1\" \/>\n<link rel=\"canonical\" href=\"https:\/\/positiveprints.com\/fr\/produit\/dessin-au-trait-de-famille\/\" \/>\n<meta property=\"og:locale\" content=\"fr_FR\" \/>\n<meta property=\"og:type\" content=\"article\" \/>\n<meta property=\"og:title\" content=\"Dessin au trait de famille\" \/>\n<meta property=\"og:description\" content=\"Confiez \u00e0 nos artistes une photo de famille pr\u00e9cieuse et ils la transformeront en une \u0153uvre d&#039;art personnalis\u00e9e intemporelle  Il sera dessin\u00e9 et livr\u00e9 dans votre bo\u00eete de r\u00e9ception \u00e9lectronique dans un d\u00e9lai de seulement 2 \u00e0 3 jours ouvrables  Personnalisez-l\u00e0 en 3 \u00e9tapes simples  Choisissez un mod\u00e8le ou faites preuve de cr\u00e9ativit\u00e9  2 r\u00e9visions disponibles \u00e0 votre demande\" \/>\n<meta property=\"og:url\" content=\"https:\/\/positiveprints.com\/fr\/produit\/dessin-au-trait-de-famille\/\" \/>\n<meta property=\"og:site_name\" content=\"Positive Prints\" \/>\n<meta property=\"article:publisher\" content=\"https:\/\/www.facebook.com\/positiveprintscom\" \/>\n<meta property=\"article:modified_time\" content=\"2026-04-12T20:25:50+00:00\" \/>\n<meta property=\"og:image\" content=\"https:\/\/positiveprints.com\/wp-content\/uploads\/2024\/07\/Dessin-au-trait-de-famille.jpg\" \/>\n\t<meta property=\"og:image:width\" content=\"1080\" \/>\n\t<meta property=\"og:image:height\" content=\"1080\" \/>\n\t<meta property=\"og:image:type\" content=\"image\/jpeg\" \/>\n<meta name=\"twitter:card\" content=\"summary_large_image\" \/>\n<meta name=\"twitter:label1\" content=\"Dur\u00e9e de lecture estim\u00e9e\" \/>\n\t<meta name=\"twitter:data1\" content=\"2 minutes\" \/>\n<!-- \/ Yoast SEO Premium plugin. -->","yoast_head_json":{"title":"Dessin au trait de famille - Positive Prints","description":"Commandez votre dessin au trait personnalis\u00e9 d\u00e8s maintenant et comm\u00e9morez le lien sp\u00e9cial que vous partagez avec un chef-d' \u0153uvre personnalis\u00e9 qui captera l'essentiel de votre magnifique famille.","robots":{"index":"index","follow":"follow","max-snippet":"max-snippet:-1","max-image-preview":"max-image-preview:large","max-video-preview":"max-video-preview:-1"},"canonical":"https:\/\/positiveprints.com\/fr\/produit\/dessin-au-trait-de-famille\/","og_locale":"fr_FR","og_type":"article","og_title":"Dessin au trait de famille","og_description":"Confiez \u00e0 nos artistes une photo de famille pr\u00e9cieuse et ils la transformeront en une \u0153uvre d'art personnalis\u00e9e intemporelle  Il sera dessin\u00e9 et livr\u00e9 dans votre bo\u00eete de r\u00e9ception \u00e9lectronique dans un d\u00e9lai de seulement 2 \u00e0 3 jours ouvrables  Personnalisez-l\u00e0 en 3 \u00e9tapes simples  Choisissez un mod\u00e8le ou faites preuve de cr\u00e9ativit\u00e9  2 r\u00e9visions disponibles \u00e0 votre demande","og_url":"https:\/\/positiveprints.com\/fr\/produit\/dessin-au-trait-de-famille\/","og_site_name":"Positive Prints","article_publisher":"https:\/\/www.facebook.com\/positiveprintscom","article_modified_time":"2026-04-12T20:25:50+00:00","og_image":[{"width":1080,"height":1080,"url":"https:\/\/positiveprints.com\/wp-content\/uploads\/2024\/07\/Dessin-au-trait-de-famille.jpg","type":"image\/jpeg"}],"twitter_card":"summary_large_image","twitter_misc":{"Dur\u00e9e de lecture estim\u00e9e":"2 minutes"},"schema":{"@context":"https:\/\/schema.org","@graph":[{"@type":["WebPage","ItemPage"],"@id":"https:\/\/positiveprints.com\/fr\/produit\/dessin-au-trait-de-famille\/","url":"https:\/\/positiveprints.com\/fr\/produit\/dessin-au-trait-de-famille\/","name":"Dessin au trait de famille - Positive Prints","isPartOf":{"@id":"https:\/\/positiveprints.com\/fr\/#website"},"primaryImageOfPage":{"@id":"https:\/\/positiveprints.com\/fr\/produit\/dessin-au-trait-de-famille\/#primaryimage"},"image":{"@id":"https:\/\/positiveprints.com\/fr\/produit\/dessin-au-trait-de-famille\/#primaryimage"},"thumbnailUrl":"https:\/\/positiveprints.com\/wp-content\/uploads\/2025\/02\/Dessin-au-trait-de-famille-1.webp","datePublished":"2023-11-23T07:49:28+00:00","dateModified":"2026-04-12T20:25:50+00:00","description":"Commandez votre dessin au trait personnalis\u00e9 d\u00e8s maintenant et comm\u00e9morez le lien sp\u00e9cial que vous partagez avec un chef-d' \u0153uvre personnalis\u00e9 qui captera l'essentiel de votre magnifique famille.","breadcrumb":{"@id":"https:\/\/positiveprints.com\/fr\/produit\/dessin-au-trait-de-famille\/#breadcrumb"},"inLanguage":"fr-FR","potentialAction":[{"@type":"ReadAction","target":["https:\/\/positiveprints.com\/fr\/produit\/dessin-au-trait-de-famille\/"]}]},{"@type":"ImageObject","inLanguage":"fr-FR","@id":"https:\/\/positiveprints.com\/fr\/produit\/dessin-au-trait-de-famille\/#primaryimage","url":"https:\/\/positiveprints.com\/wp-content\/uploads\/2025\/02\/Dessin-au-trait-de-famille-1.webp","contentUrl":"https:\/\/positiveprints.com\/wp-content\/uploads\/2025\/02\/Dessin-au-trait-de-famille-1.webp","width":1450,"height":1450},{"@type":"BreadcrumbList","@id":"https:\/\/positiveprints.com\/fr\/produit\/dessin-au-trait-de-famille\/#breadcrumb","itemListElement":[{"@type":"ListItem","position":1,"name":"Home","item":"https:\/\/positiveprints.com\/fr\/"},{"@type":"ListItem","position":2,"name":"Produits","item":"https:\/\/positiveprints.com\/fr\/shop\/"},{"@type":"ListItem","position":3,"name":"Dessin au trait de famille"}]},{"@type":"WebSite","@id":"https:\/\/positiveprints.com\/fr\/#website","url":"https:\/\/positiveprints.com\/fr\/","name":"Positive Prints","description":"Amazing Custom Personalized Gifts","publisher":{"@id":"https:\/\/positiveprints.com\/fr\/#organization"},"potentialAction":[{"@type":"SearchAction","target":{"@type":"EntryPoint","urlTemplate":"https:\/\/positiveprints.com\/fr\/?s={search_term_string}"},"query-input":{"@type":"PropertyValueSpecification","valueRequired":true,"valueName":"search_term_string"}}],"inLanguage":"fr-FR"},{"@type":"Organization","@id":"https:\/\/positiveprints.com\/fr\/#organization","name":"Positive Prints","alternateName":"Positive Prints","url":"https:\/\/positiveprints.com\/fr\/","logo":{"@type":"ImageObject","inLanguage":"fr-FR","@id":"https:\/\/positiveprints.com\/fr\/#\/schema\/logo\/image\/","url":"https:\/\/positiveprints.com\/wp-content\/uploads\/2026\/03\/245815646_1337939713319158_5671353136411139666_n.png","contentUrl":"https:\/\/positiveprints.com\/wp-content\/uploads\/2026\/03\/245815646_1337939713319158_5671353136411139666_n.png","width":800,"height":800,"caption":"Positive Prints"},"image":{"@id":"https:\/\/positiveprints.com\/fr\/#\/schema\/logo\/image\/"},"sameAs":["https:\/\/www.facebook.com\/positiveprintscom","https:\/\/www.instagram.com\/positiveprintscom\/","https:\/\/www.tiktok.com\/@positiveprintscom","https:\/\/www.pinterest.com\/positiveprintscom\/"]}]}},"jetpack_sharing_enabled":true,"_links":{"self":[{"href":"https:\/\/positiveprints.com\/fr\/wp-json\/wp\/v2\/product\/1072952","targetHints":{"allow":["GET"]}}],"collection":[{"href":"https:\/\/positiveprints.com\/fr\/wp-json\/wp\/v2\/product"}],"about":[{"href":"https:\/\/positiveprints.com\/fr\/wp-json\/wp\/v2\/types\/product"}],"wp:featuredmedia":[{"embeddable":true,"href":"https:\/\/positiveprints.com\/fr\/wp-json\/wp\/v2\/media\/1358970"}],"wp:attachment":[{"href":"https:\/\/positiveprints.com\/fr\/wp-json\/wp\/v2\/media?parent=1072952"}],"wp:term":[{"taxonomy":"product_brand","embeddable":true,"href":"https:\/\/positiveprints.com\/fr\/wp-json\/wp\/v2\/product_brand?post=1072952"},{"taxonomy":"product_cat","embeddable":true,"href":"https:\/\/positiveprints.com\/fr\/wp-json\/wp\/v2\/product_cat?post=1072952"},{"taxonomy":"product_tag","embeddable":true,"href":"https:\/\/positiveprints.com\/fr\/wp-json\/wp\/v2\/product_tag?post=1072952"}],"curies":[{"name":"wp","href":"https:\/\/api.w.org\/{rel}","templated":true}]}}