{"id":1072939,"date":"2023-11-22T11:51:21","date_gmt":"2023-11-22T10:51:21","guid":{"rendered":"https:\/\/positiveprints.com\/?post_type=product&#038;p=1072939"},"modified":"2026-04-07T14:05:18","modified_gmt":"2026-04-07T13:05:18","slug":"dessin-au-trait-de-couple","status":"publish","type":"product","link":"https:\/\/positiveprints.com\/fr\/produit\/dessin-au-trait-de-couple\/","title":{"rendered":"Toi et Moi &#8211; Dessin Trac\u00e9 de couple"},"content":{"rendered":"<p>C\u00e9l\u00e9brez le lien unique qui vous unit \u00e0 votre partenaire gr\u00e2ce \u00e0 notre charmant dessin au trait de couple. Transformez une photo qui vous est ch\u00e8re en une \u0153uvre d&#8217;art personnalis\u00e9e intemporelle qui capture l&#8217;essence de votre histoire d&#8217;amour. Nos artistes exp\u00e9riment\u00e9s dessineront avec grand soin et \u00e0 la main chaque trait, cr\u00e9ant une repr\u00e9sentation unique qui refl\u00e8te la romance et la connexion que vous partagez. Choisissez votre style et vos couleurs pr\u00e9f\u00e9r\u00e9s, t\u00e9l\u00e9chargez votre photo de couple favorite et ajoutez une touche personnelle avec un message venu du c\u0153ur. Cr\u00e9ez un souvenir plein de sens qui symbolise l&#8217;amour et l&#8217;amiti\u00e9 que vous partagez.<\/p>\r\n\r\n<h2>Un processus simple en trois \u00e9tapes :<\/h2>\r\n\r\n<ol>\r\n<li><strong>Choisissez votre style et vos couleurs :<\/strong>\r\n<p>s\u00e9lectionnez le style et les couleurs qui r\u00e9sument l&#8217;essence de votre histoire d&#8217;amour exclusif.<\/p><\/li>\r\n\r\n<li><strong>T\u00e9l\u00e9chargez votre photo de couple pr\u00e9f\u00e9r\u00e9 :<\/strong>\r\n<p>partagez une photo qui exprime toute la magie de votre relation. Nos artistes dessineront chaque d\u00e9tail \u00e0 la main, en veillant \u00e0 ce qu&#8217;elle t\u00e9moigne sinc\u00e8rement de la romance et la connexion entre vous et votre partenaire.<\/p><\/li>\r\n\r\n<li><strong>Ajoutez un message personnalis\u00e9 et finalisez :<\/strong>\r\n<p>perfectionnez votre dessin de couple avec un message sinc\u00e8re. D\u00e8s que votre paiement nous sera parvenu, notre \u00e9quipe d&#8217;assistance Positive Prints vous contactera afin de confirmer votre commande. Une fois l\u2019illustration pr\u00eate, vous recevrez un e-mail pour examiner et accepter le design final. Votre enti\u00e8re satisfaction est importante pour nous, c&#8217;est pour cette raison qu&#8217;il vous est permit de demander des modifications jusqu&#8217;\u00e0 deux fois. Apr\u00e8s votre approbation finale, l&#8217;\u0153uvre sera envoy\u00e9e pour impression et livraison, cr\u00e9ant un hommage durable \u00e0 votre histoire d&#8217;amour unique.<\/p><\/li>\r\n\r\n<\/ol>\r\n\r\n<h2>Le dessin au trait de couple : Le cadeau parfait qui suscite l&#8217;\u00e9motion<\/h2>\r\n\r\n<p>Le dessin au trait de couple n&#8217;est pas un simple cadeau ; c&#8217;est une comm\u00e9moration de l&#8217;amour et de l&#8217;amiti\u00e9 que vous partagez. C&#8217;est une fa\u00e7on unique d&#8217;exprimer le lien qui vous uni et de cr\u00e9er un souvenir ind\u00e9fectible. Commandez votre dessin au trait personnalis\u00e9 d\u00e8s maintenant et comm\u00e9morez le lien sp\u00e9cial que vous partagez avec un chef-d&#8217; \u0153uvre personnalis\u00e9 qui captera toute l&#8217;essence de votre relation.<\/p>","protected":false},"excerpt":{"rendered":"<ul class=\"check-list\">\n<li>Laissez nos artistes \u00e9laborer un unique dessin au trait \u00e0 partir de votre photo comme un hommage \u00e9ternel \u00e0 votre amour<\/li>\n<li>Il sera dessin\u00e9 et livr\u00e9 dans votre bo\u00eete de r\u00e9ception \u00e9lectronique dans un d\u00e9lai de seulement 2 \u00e0 3 jours ouvrables<\/li>\n<li>Personnalisez-la en 3 \u00e9tapes simples<\/li>\n<li>Choisissez un mod\u00e8le ou faites preuve de cr\u00e9ativit\u00e9<\/li>\n<li>2 r\u00e9visions disponibles \u00e0 votre demande<\/li>\n<\/ul>\n","protected":false},"featured_media":1325956,"template":"","meta":[],"product_brand":[],"product_cat":[15844,9274,8194,8217,9177,9760,104,5264,11395,11396,11392,11388,11402,11397,8006,7670,7638,7685,7781,7749,7797,3118,11245,11246],"product_tag":[14854,14866,14853,14681,11790,11793,11792,11795,11753,17148,9732,14857,14859,14848,14852,14856,17443,17441,17440,14868,14864,14869,14851,15508,14865,14867,14870,14863,14850],"class_list":{"0":"post-1072939","1":"product","2":"type-product","3":"status-publish","4":"has-post-thumbnail","6":"product_cat-shop-bestsellers-fr","7":"product_cat-bestsellers-label-fr","8":"product_cat-pour-elle","9":"product_cat-pour-lui","10":"product_cat-line-art-fr","11":"product_cat-trending-label-fr","12":"product_cat-tous-les-produits","13":"product_cat-cadeaux-de-noel","14":"product_cat-cadeaux-de-noel-pour-femme","15":"product_cat-cadeaux-de-noel-pour-homme","16":"product_cat-cadeaux-de-noel-pour-sa-copine","17":"product_cat-cadeaux-de-noel-pour-son-petit-copain","18":"product_cat-cadeaux-de-noel-pour-sa-femme","19":"product_cat-cadeaux-de-noel-pour-le-mari","20":"product_cat-cadeaux-pour-hommes","21":"product_cat-cadeaux-pour-petit-ami","22":"product_cat-cadeaux-pour-mari","23":"product_cat-cadeaux-pour-femmes","24":"product_cat-cadeaux-pour-petite-amie","25":"product_cat-cadeaux-pour-epouse","26":"product_cat-cadeaux-pour-couple","27":"product_cat-cadeaux-saint-valentin","28":"product_cat-cadeaux-de-saint-valentin-pour-elle","29":"product_cat-cadeaux-de-saint-valentin-pour-lui","30":"product_tag-anniversary-gift-fr","31":"product_tag-anniversary-gifts-fr","32":"product_tag-anniversary-present-fr","33":"product_tag-cadeau-romantique","34":"product_tag-cadeaux-de-noel-pour-elle","35":"product_tag-cadeaux-de-noel-pour-le-mari","36":"product_tag-cadeaux-de-noel-pour-lui","37":"product_tag-cadeaux-de-noel-pour-sa-femme","38":"product_tag-cadeaux-de-noel-pour-son-petit-copain","39":"product_tag-cadeaux-pour-petite-amie","40":"product_tag-couple-fr-2","41":"product_tag-couple-gift-fr","42":"product_tag-gift-for-couple-fr","43":"product_tag-love-fr","44":"product_tag-love-gift-fr","45":"product_tag-personalized-gift-fr","46":"product_tag-prezenty-pod-choinke-dla-chlopaka-fr","47":"product_tag-prezenty-pod-choinke-dla-niego-fr","48":"product_tag-prezenty-pod-choinke-dla-niej-fr","49":"product_tag-romantic-gifts-fr","50":"product_tag-sentimental-gift-fr","51":"product_tag-special-occasion-fr","52":"product_tag-thoughtful-gift-fr","53":"product_tag-une-ligne","54":"product_tag-unique-gift-fr","55":"product_tag-valentines-day-gifts-fr","56":"product_tag-valentines-day-fr","57":"product_tag-valentines-day-gift-fr","58":"product_tag-wedding-anniversary-fr","60":"first","61":"instock","62":"sale","63":"taxable","64":"shipping-taxable","65":"purchasable","66":"product-type-variable"},"yoast_head":"<!-- This site is optimized with the Yoast SEO Premium plugin v27.2 (Yoast SEO v27.2) - https:\/\/yoast.com\/product\/yoast-seo-premium-wordpress\/ -->\n<title>Toi et Moi - Dessin Trac\u00e9 de couple - Positive Prints<\/title>\n<meta name=\"description\" content=\"Transformez votre photo pr\u00e9f\u00e9r\u00e9e en un \u00e9l\u00e9gant dessin au trait minimaliste avec ce poster Toi et Moi de 30x40 cm, un cadeau romantique personnalis\u00e9 qui capture l&#039;essence de votre relation pour c\u00e9l\u00e9brer votre anniversaire ou la Saint-Valentin.\" \/>\n<meta name=\"robots\" content=\"index, follow, max-snippet:-1, max-image-preview:large, max-video-preview:-1\" \/>\n<link rel=\"canonical\" href=\"https:\/\/positiveprints.com\/fr\/produit\/dessin-au-trait-de-couple\/\" \/>\n<meta property=\"og:locale\" content=\"fr_FR\" \/>\n<meta property=\"og:type\" content=\"article\" \/>\n<meta property=\"og:title\" content=\"Toi et Moi - Dessin Trac\u00e9 de couple\" \/>\n<meta property=\"og:description\" content=\"Laissez nos artistes \u00e9laborer un unique dessin au trait \u00e0 partir de votre photo comme un hommage \u00e9ternel \u00e0 votre amour  Il sera dessin\u00e9 et livr\u00e9 dans votre bo\u00eete de r\u00e9ception \u00e9lectronique dans un d\u00e9lai de seulement 2 \u00e0 3 jours ouvrables  Personnalisez-la en 3 \u00e9tapes simples  Choisissez un mod\u00e8le ou faites preuve de cr\u00e9ativit\u00e9  2 r\u00e9visions disponibles \u00e0 votre demande\" \/>\n<meta property=\"og:url\" content=\"https:\/\/positiveprints.com\/fr\/produit\/dessin-au-trait-de-couple\/\" \/>\n<meta property=\"og:site_name\" content=\"Positive Prints\" \/>\n<meta property=\"article:publisher\" content=\"https:\/\/www.facebook.com\/positiveprintscom\" \/>\n<meta property=\"article:modified_time\" content=\"2026-04-07T13:05:18+00:00\" \/>\n<meta property=\"og:image\" content=\"https:\/\/positiveprints.com\/wp-content\/uploads\/2025\/01\/Toi-et-Moi-Dessin-au-trait-de-couple-1.webp\" \/>\n\t<meta property=\"og:image:width\" content=\"1450\" \/>\n\t<meta property=\"og:image:height\" content=\"1450\" \/>\n\t<meta property=\"og:image:type\" content=\"image\/webp\" \/>\n<meta name=\"twitter:card\" content=\"summary_large_image\" \/>\n<meta name=\"twitter:label1\" content=\"Dur\u00e9e de lecture estim\u00e9e\" \/>\n\t<meta name=\"twitter:data1\" content=\"2 minutes\" \/>\n<!-- \/ Yoast SEO Premium plugin. -->","yoast_head_json":{"title":"Toi et Moi - Dessin Trac\u00e9 de couple - Positive Prints","description":"Transformez votre photo pr\u00e9f\u00e9r\u00e9e en un \u00e9l\u00e9gant dessin au trait minimaliste avec ce poster Toi et Moi de 30x40 cm, un cadeau romantique personnalis\u00e9 qui capture l'essence de votre relation pour c\u00e9l\u00e9brer votre anniversaire ou la Saint-Valentin.","robots":{"index":"index","follow":"follow","max-snippet":"max-snippet:-1","max-image-preview":"max-image-preview:large","max-video-preview":"max-video-preview:-1"},"canonical":"https:\/\/positiveprints.com\/fr\/produit\/dessin-au-trait-de-couple\/","og_locale":"fr_FR","og_type":"article","og_title":"Toi et Moi - Dessin Trac\u00e9 de couple","og_description":"Laissez nos artistes \u00e9laborer un unique dessin au trait \u00e0 partir de votre photo comme un hommage \u00e9ternel \u00e0 votre amour  Il sera dessin\u00e9 et livr\u00e9 dans votre bo\u00eete de r\u00e9ception \u00e9lectronique dans un d\u00e9lai de seulement 2 \u00e0 3 jours ouvrables  Personnalisez-la en 3 \u00e9tapes simples  Choisissez un mod\u00e8le ou faites preuve de cr\u00e9ativit\u00e9  2 r\u00e9visions disponibles \u00e0 votre demande","og_url":"https:\/\/positiveprints.com\/fr\/produit\/dessin-au-trait-de-couple\/","og_site_name":"Positive Prints","article_publisher":"https:\/\/www.facebook.com\/positiveprintscom","article_modified_time":"2026-04-07T13:05:18+00:00","og_image":[{"width":1450,"height":1450,"url":"https:\/\/positiveprints.com\/wp-content\/uploads\/2025\/01\/Toi-et-Moi-Dessin-au-trait-de-couple-1.webp","type":"image\/webp"}],"twitter_card":"summary_large_image","twitter_misc":{"Dur\u00e9e de lecture estim\u00e9e":"2 minutes"},"schema":{"@context":"https:\/\/schema.org","@graph":[{"@type":["WebPage","ItemPage"],"@id":"https:\/\/positiveprints.com\/fr\/produit\/dessin-au-trait-de-couple\/","url":"https:\/\/positiveprints.com\/fr\/produit\/dessin-au-trait-de-couple\/","name":"Toi et Moi - Dessin Trac\u00e9 de couple - Positive Prints","isPartOf":{"@id":"https:\/\/positiveprints.com\/fr\/#website"},"primaryImageOfPage":{"@id":"https:\/\/positiveprints.com\/fr\/produit\/dessin-au-trait-de-couple\/#primaryimage"},"image":{"@id":"https:\/\/positiveprints.com\/fr\/produit\/dessin-au-trait-de-couple\/#primaryimage"},"thumbnailUrl":"https:\/\/positiveprints.com\/wp-content\/uploads\/2025\/01\/Toi-et-Moi-Dessin-au-trait-de-couple-1.webp","datePublished":"2023-11-22T10:51:21+00:00","dateModified":"2026-04-07T13:05:18+00:00","description":"Transformez votre photo pr\u00e9f\u00e9r\u00e9e en un \u00e9l\u00e9gant dessin au trait minimaliste avec ce poster Toi et Moi de 30x40 cm, un cadeau romantique personnalis\u00e9 qui capture l'essence de votre relation pour c\u00e9l\u00e9brer votre anniversaire ou la Saint-Valentin.","breadcrumb":{"@id":"https:\/\/positiveprints.com\/fr\/produit\/dessin-au-trait-de-couple\/#breadcrumb"},"inLanguage":"fr-FR","potentialAction":[{"@type":"ReadAction","target":["https:\/\/positiveprints.com\/fr\/produit\/dessin-au-trait-de-couple\/"]}]},{"@type":"ImageObject","inLanguage":"fr-FR","@id":"https:\/\/positiveprints.com\/fr\/produit\/dessin-au-trait-de-couple\/#primaryimage","url":"https:\/\/positiveprints.com\/wp-content\/uploads\/2025\/01\/Toi-et-Moi-Dessin-au-trait-de-couple-1.webp","contentUrl":"https:\/\/positiveprints.com\/wp-content\/uploads\/2025\/01\/Toi-et-Moi-Dessin-au-trait-de-couple-1.webp","width":1450,"height":1450},{"@type":"BreadcrumbList","@id":"https:\/\/positiveprints.com\/fr\/produit\/dessin-au-trait-de-couple\/#breadcrumb","itemListElement":[{"@type":"ListItem","position":1,"name":"Home","item":"https:\/\/positiveprints.com\/fr\/"},{"@type":"ListItem","position":2,"name":"Produits","item":"https:\/\/positiveprints.com\/fr\/shop\/"},{"@type":"ListItem","position":3,"name":"Toi et Moi &#8211; Dessin Trac\u00e9 de couple"}]},{"@type":"WebSite","@id":"https:\/\/positiveprints.com\/fr\/#website","url":"https:\/\/positiveprints.com\/fr\/","name":"Positive Prints","description":"Amazing Custom Personalized Gifts","publisher":{"@id":"https:\/\/positiveprints.com\/fr\/#organization"},"potentialAction":[{"@type":"SearchAction","target":{"@type":"EntryPoint","urlTemplate":"https:\/\/positiveprints.com\/fr\/?s={search_term_string}"},"query-input":{"@type":"PropertyValueSpecification","valueRequired":true,"valueName":"search_term_string"}}],"inLanguage":"fr-FR"},{"@type":"Organization","@id":"https:\/\/positiveprints.com\/fr\/#organization","name":"Positive Prints","alternateName":"Positive Prints","url":"https:\/\/positiveprints.com\/fr\/","logo":{"@type":"ImageObject","inLanguage":"fr-FR","@id":"https:\/\/positiveprints.com\/fr\/#\/schema\/logo\/image\/","url":"https:\/\/positiveprints.com\/wp-content\/uploads\/2026\/03\/245815646_1337939713319158_5671353136411139666_n.png","contentUrl":"https:\/\/positiveprints.com\/wp-content\/uploads\/2026\/03\/245815646_1337939713319158_5671353136411139666_n.png","width":800,"height":800,"caption":"Positive Prints"},"image":{"@id":"https:\/\/positiveprints.com\/fr\/#\/schema\/logo\/image\/"},"sameAs":["https:\/\/www.facebook.com\/positiveprintscom","https:\/\/www.instagram.com\/positiveprintscom\/","https:\/\/www.tiktok.com\/@positiveprintscom","https:\/\/www.pinterest.com\/positiveprintscom\/"]}]}},"jetpack_sharing_enabled":true,"_links":{"self":[{"href":"https:\/\/positiveprints.com\/fr\/wp-json\/wp\/v2\/product\/1072939","targetHints":{"allow":["GET"]}}],"collection":[{"href":"https:\/\/positiveprints.com\/fr\/wp-json\/wp\/v2\/product"}],"about":[{"href":"https:\/\/positiveprints.com\/fr\/wp-json\/wp\/v2\/types\/product"}],"wp:featuredmedia":[{"embeddable":true,"href":"https:\/\/positiveprints.com\/fr\/wp-json\/wp\/v2\/media\/1325956"}],"wp:attachment":[{"href":"https:\/\/positiveprints.com\/fr\/wp-json\/wp\/v2\/media?parent=1072939"}],"wp:term":[{"taxonomy":"product_brand","embeddable":true,"href":"https:\/\/positiveprints.com\/fr\/wp-json\/wp\/v2\/product_brand?post=1072939"},{"taxonomy":"product_cat","embeddable":true,"href":"https:\/\/positiveprints.com\/fr\/wp-json\/wp\/v2\/product_cat?post=1072939"},{"taxonomy":"product_tag","embeddable":true,"href":"https:\/\/positiveprints.com\/fr\/wp-json\/wp\/v2\/product_tag?post=1072939"}],"curies":[{"name":"wp","href":"https:\/\/api.w.org\/{rel}","templated":true}]}}