{"id":1072871,"date":"2023-11-22T10:17:44","date_gmt":"2024-02-29T12:07:14","guid":{"rendered":"https:\/\/positiveprints.com\/?post_type=product&#038;p=1072871"},"modified":"2026-04-03T03:01:43","modified_gmt":"2026-04-03T02:01:43","slug":"portrait-trace-dapres-photo","status":"publish","type":"product","link":"https:\/\/positiveprints.com\/fr\/produit\/portrait-trace-dapres-photo\/","title":{"rendered":"Portrait Trac\u00e9 d&#8217;apr\u00e8s photo"},"content":{"rendered":"<p>C\u00e9l\u00e9brez l&#8217;amour et les moments marquants avec nos dessins au trait exquis sp\u00e9cial anniversaire. Transformez une photo qui vous est ch\u00e8re en une \u0153uvre d&#8217;art personnalis\u00e9e imp\u00e9rissable qui capturera l&#8217;essence de votre aventure \u00e0 deux. Que se soit \u00e0 l&#8217;occasion d&#8217;un premier anniversaire ou encore d&#8217;un jubil\u00e9 d&#8217;or, nos artistes exp\u00e9riment\u00e9s cr\u00e9eront une repr\u00e9sentation unique qui racontera votre histoire d&#8217;amour \u00e0 chaque trait. Choisissez votre style et vos couleurs pr\u00e9f\u00e9r\u00e9s, t\u00e9l\u00e9chargez votre photo sp\u00e9ciale et int\u00e9grez un message personnel pour cr\u00e9er un cadeau d&#8217;anniversaire plein de sens et ind\u00e9fectible.<\/p>\r\n\r\n    <h2>Un processus simple en trois \u00e9tapes :<\/h2>\r\n<ol>\r\n    <li><strong>Choisissez votre style et vos couleurs :<\/strong> <\/li>\r\n<p>S\u00e9lectionnez le style et les couleurs qui r\u00e9sument l&#8217;essence de votre histoire d&#8217;amour.<\/p>\r\n\r\n    <li>\r\n        <strong>T\u00e9l\u00e9chargez votre photo sp\u00e9ciale d&#8217;anniversaire :<\/strong><\/li>\r\n <p>Partagez la photo qui renferme toute la magie de votre union. Nos artistes dessineront l&#8217;\u0153uvre \u00e0 la main avec grande pr\u00e9cision, en veillant \u00e0 ce qu&#8217;elle refl\u00e8te la romance de cette journ\u00e9e singuli\u00e8re.<\/p>\r\n\r\n    <li>\r\n        <strong>Ajoutez un message personnalis\u00e9 et finalisez :<\/strong><\/li>\r\n <p>Etoffez votre dessin au trait d&#8217;anniversaire avec un message sinc\u00e8re. D\u00e8s que votre paiement nous sera parvenu, notre \u00e9quipe d&#8217;assistance Positive Prints vous contactera afin de confirmer votre commande. Une fois l\u2019illustration pr\u00eate, vous recevrez un e-mail pour examiner et accepter le design final. Votre enti\u00e8re satisfaction est importante pour nous, c&#8217;est pour cette raison qu&#8217;il vous est permit de demander des modifications jusqu&#8217;\u00e0 deux fois. Une fois que nous aurons obtenus votre approbation finale, l&#8217;\u0153uvre sera envoy\u00e9e pour impression et livraison, r\u00e9alisant ainsi un tribut p\u00e9renne \u00e0 votre magnifique aventure \u00e0 deux.<\/p>\r\n<\/ol>\r\n\r\n    <h2>Exprimez votre amour avec le dessin au trait d&#8217;anniversaire<\/h2>\r\n\r\n    <p>Le dessin au trait d&#8217;anniversaire est un symbole d&#8217;amour durable. Qu&#8217;il s&#8217;agisse d&#8217;une premi\u00e8re ann\u00e9e ou d&#8217;une vie ensemble, ce chef-d&#8217; \u0153uvre personnalis\u00e9 en dira long sur votre relation. C&#8217;est une fa\u00e7on unique d&#8217;exprimer votre amour et de cr\u00e9er un souvenir ind\u00e9fectible. Commandez votre dessin au trait d&#8217;anniversaire d\u00e8s maintenant et c\u00e9l\u00e9brez les \u00e9tapes qui rendent votre aventure extraordinaire \u00e0 deux.<\/p>","protected":false},"excerpt":{"rendered":"<ul class=\"check-list\">\n<li>Laissez nos artistes \u00e9laborer un unique dessin au trait \u00e0 partir de votre photo comme un hommage \u00e9ternel \u00e0 votre amour<\/li>\n<li>Il sera dessin\u00e9 et livr\u00e9 dans votre bo\u00eete de r\u00e9ception \u00e9lectronique dans un d\u00e9lai de seulement 2 \u00e0 3 jours ouvrables<\/li>\n<li>Personnalisez-la en 3 \u00e9tapes simples<\/li>\n<li>Choisissez un mod\u00e8le ou faites preuve de cr\u00e9ativit\u00e9<\/li>\n<li>2 r\u00e9visions disponibles \u00e0 votre demande<\/li>\n<\/ul>\n","protected":false},"featured_media":1318059,"template":"","meta":[],"product_brand":[],"product_cat":[11175,11176,11177,5328,9177,104,9760],"product_tag":[8371,14849],"class_list":{"0":"post-1072871","1":"product","2":"type-product","3":"status-publish","4":"has-post-thumbnail","6":"product_cat-cadeaux-danniversaire-pour-femme","7":"product_cat-cadeaux-danniversaire-pour-homme","8":"product_cat-cadeaux-danniversaire-pour-couples","9":"product_cat-cadeaux-de-commemorations","10":"product_cat-line-art-fr","11":"product_cat-tous-les-produits","12":"product_cat-trending-label-fr","13":"product_tag-anniversaire","14":"product_tag-anniversary-fr","16":"first","17":"instock","18":"sale","19":"taxable","20":"shipping-taxable","21":"purchasable","22":"product-type-variable"},"yoast_head":"<!-- This site is optimized with the Yoast SEO Premium plugin v27.2 (Yoast SEO v27.2) - https:\/\/yoast.com\/product\/yoast-seo-premium-wordpress\/ -->\n<title>Portrait Trac\u00e9 d\u2019apr\u00e8s photo - Positive Prints<\/title>\n<meta name=\"description\" content=\"Transformez votre photo pr\u00e9f\u00e9r\u00e9e en une pi\u00e8ce intemporelle de dessin au trait d&#039;anniversaire personnalis\u00e9 qui captera l&#039;essence de votre aventure \u00e0 deux.\" \/>\n<meta name=\"robots\" content=\"index, follow, max-snippet:-1, max-image-preview:large, max-video-preview:-1\" \/>\n<link rel=\"canonical\" href=\"https:\/\/positiveprints.com\/fr\/produit\/portrait-trace-dapres-photo\/\" \/>\n<meta property=\"og:locale\" content=\"fr_FR\" \/>\n<meta property=\"og:type\" content=\"article\" \/>\n<meta property=\"og:title\" content=\"Portrait Trac\u00e9 d&#039;apr\u00e8s photo\" \/>\n<meta property=\"og:description\" content=\"Laissez nos artistes \u00e9laborer un unique dessin au trait \u00e0 partir de votre photo comme un hommage \u00e9ternel \u00e0 votre amour  Il sera dessin\u00e9 et livr\u00e9 dans votre bo\u00eete de r\u00e9ception \u00e9lectronique dans un d\u00e9lai de seulement 2 \u00e0 3 jours ouvrables  Personnalisez-la en 3 \u00e9tapes simples  Choisissez un mod\u00e8le ou faites preuve de cr\u00e9ativit\u00e9  2 r\u00e9visions disponibles \u00e0 votre demande\" \/>\n<meta property=\"og:url\" content=\"https:\/\/positiveprints.com\/fr\/produit\/portrait-trace-dapres-photo\/\" \/>\n<meta property=\"og:site_name\" content=\"Positive Prints\" \/>\n<meta property=\"article:publisher\" content=\"https:\/\/www.facebook.com\/positiveprintscom\" \/>\n<meta property=\"article:modified_time\" content=\"2026-04-03T02:01:43+00:00\" \/>\n<meta property=\"og:image\" content=\"https:\/\/positiveprints.com\/wp-content\/uploads\/2025\/01\/Dessin-au-trait-danniversaire-1.webp\" \/>\n\t<meta property=\"og:image:width\" content=\"1450\" \/>\n\t<meta property=\"og:image:height\" content=\"1450\" \/>\n\t<meta property=\"og:image:type\" content=\"image\/webp\" \/>\n<meta name=\"twitter:card\" content=\"summary_large_image\" \/>\n<meta name=\"twitter:label1\" content=\"Dur\u00e9e de lecture estim\u00e9e\" \/>\n\t<meta name=\"twitter:data1\" content=\"2 minutes\" \/>\n<!-- \/ Yoast SEO Premium plugin. -->","yoast_head_json":{"title":"Portrait Trac\u00e9 d\u2019apr\u00e8s photo - Positive Prints","description":"Transformez votre photo pr\u00e9f\u00e9r\u00e9e en une pi\u00e8ce intemporelle de dessin au trait d'anniversaire personnalis\u00e9 qui captera l'essence de votre aventure \u00e0 deux.","robots":{"index":"index","follow":"follow","max-snippet":"max-snippet:-1","max-image-preview":"max-image-preview:large","max-video-preview":"max-video-preview:-1"},"canonical":"https:\/\/positiveprints.com\/fr\/produit\/portrait-trace-dapres-photo\/","og_locale":"fr_FR","og_type":"article","og_title":"Portrait Trac\u00e9 d'apr\u00e8s photo","og_description":"Laissez nos artistes \u00e9laborer un unique dessin au trait \u00e0 partir de votre photo comme un hommage \u00e9ternel \u00e0 votre amour  Il sera dessin\u00e9 et livr\u00e9 dans votre bo\u00eete de r\u00e9ception \u00e9lectronique dans un d\u00e9lai de seulement 2 \u00e0 3 jours ouvrables  Personnalisez-la en 3 \u00e9tapes simples  Choisissez un mod\u00e8le ou faites preuve de cr\u00e9ativit\u00e9  2 r\u00e9visions disponibles \u00e0 votre demande","og_url":"https:\/\/positiveprints.com\/fr\/produit\/portrait-trace-dapres-photo\/","og_site_name":"Positive Prints","article_publisher":"https:\/\/www.facebook.com\/positiveprintscom","article_modified_time":"2026-04-03T02:01:43+00:00","og_image":[{"width":1450,"height":1450,"url":"https:\/\/positiveprints.com\/wp-content\/uploads\/2025\/01\/Dessin-au-trait-danniversaire-1.webp","type":"image\/webp"}],"twitter_card":"summary_large_image","twitter_misc":{"Dur\u00e9e de lecture estim\u00e9e":"2 minutes"},"schema":{"@context":"https:\/\/schema.org","@graph":[{"@type":["WebPage","ItemPage"],"@id":"https:\/\/positiveprints.com\/fr\/produit\/portrait-trace-dapres-photo\/","url":"https:\/\/positiveprints.com\/fr\/produit\/portrait-trace-dapres-photo\/","name":"Portrait Trac\u00e9 d\u2019apr\u00e8s photo - Positive Prints","isPartOf":{"@id":"https:\/\/positiveprints.com\/fr\/#website"},"primaryImageOfPage":{"@id":"https:\/\/positiveprints.com\/fr\/produit\/portrait-trace-dapres-photo\/#primaryimage"},"image":{"@id":"https:\/\/positiveprints.com\/fr\/produit\/portrait-trace-dapres-photo\/#primaryimage"},"thumbnailUrl":"https:\/\/positiveprints.com\/wp-content\/uploads\/2025\/01\/Dessin-au-trait-danniversaire-1.webp","datePublished":"2024-02-29T12:07:14+00:00","dateModified":"2026-04-03T02:01:43+00:00","description":"Transformez votre photo pr\u00e9f\u00e9r\u00e9e en une pi\u00e8ce intemporelle de dessin au trait d'anniversaire personnalis\u00e9 qui captera l'essence de votre aventure \u00e0 deux.","breadcrumb":{"@id":"https:\/\/positiveprints.com\/fr\/produit\/portrait-trace-dapres-photo\/#breadcrumb"},"inLanguage":"fr-FR","potentialAction":[{"@type":"ReadAction","target":["https:\/\/positiveprints.com\/fr\/produit\/portrait-trace-dapres-photo\/"]}]},{"@type":"ImageObject","inLanguage":"fr-FR","@id":"https:\/\/positiveprints.com\/fr\/produit\/portrait-trace-dapres-photo\/#primaryimage","url":"https:\/\/positiveprints.com\/wp-content\/uploads\/2025\/01\/Dessin-au-trait-danniversaire-1.webp","contentUrl":"https:\/\/positiveprints.com\/wp-content\/uploads\/2025\/01\/Dessin-au-trait-danniversaire-1.webp","width":1450,"height":1450},{"@type":"BreadcrumbList","@id":"https:\/\/positiveprints.com\/fr\/produit\/portrait-trace-dapres-photo\/#breadcrumb","itemListElement":[{"@type":"ListItem","position":1,"name":"Home","item":"https:\/\/positiveprints.com\/fr\/"},{"@type":"ListItem","position":2,"name":"Produits","item":"https:\/\/positiveprints.com\/fr\/shop\/"},{"@type":"ListItem","position":3,"name":"Portrait Trac\u00e9 d&#8217;apr\u00e8s photo"}]},{"@type":"WebSite","@id":"https:\/\/positiveprints.com\/fr\/#website","url":"https:\/\/positiveprints.com\/fr\/","name":"Positive Prints","description":"Amazing Custom Personalized Gifts","publisher":{"@id":"https:\/\/positiveprints.com\/fr\/#organization"},"potentialAction":[{"@type":"SearchAction","target":{"@type":"EntryPoint","urlTemplate":"https:\/\/positiveprints.com\/fr\/?s={search_term_string}"},"query-input":{"@type":"PropertyValueSpecification","valueRequired":true,"valueName":"search_term_string"}}],"inLanguage":"fr-FR"},{"@type":"Organization","@id":"https:\/\/positiveprints.com\/fr\/#organization","name":"Positive Prints","alternateName":"Positive Prints","url":"https:\/\/positiveprints.com\/fr\/","logo":{"@type":"ImageObject","inLanguage":"fr-FR","@id":"https:\/\/positiveprints.com\/fr\/#\/schema\/logo\/image\/","url":"https:\/\/positiveprints.com\/wp-content\/uploads\/2026\/03\/245815646_1337939713319158_5671353136411139666_n.png","contentUrl":"https:\/\/positiveprints.com\/wp-content\/uploads\/2026\/03\/245815646_1337939713319158_5671353136411139666_n.png","width":800,"height":800,"caption":"Positive Prints"},"image":{"@id":"https:\/\/positiveprints.com\/fr\/#\/schema\/logo\/image\/"},"sameAs":["https:\/\/www.facebook.com\/positiveprintscom","https:\/\/www.instagram.com\/positiveprintscom\/","https:\/\/www.tiktok.com\/@positiveprintscom","https:\/\/www.pinterest.com\/positiveprintscom\/"]}]}},"jetpack_sharing_enabled":true,"_links":{"self":[{"href":"https:\/\/positiveprints.com\/fr\/wp-json\/wp\/v2\/product\/1072871","targetHints":{"allow":["GET"]}}],"collection":[{"href":"https:\/\/positiveprints.com\/fr\/wp-json\/wp\/v2\/product"}],"about":[{"href":"https:\/\/positiveprints.com\/fr\/wp-json\/wp\/v2\/types\/product"}],"wp:featuredmedia":[{"embeddable":true,"href":"https:\/\/positiveprints.com\/fr\/wp-json\/wp\/v2\/media\/1318059"}],"wp:attachment":[{"href":"https:\/\/positiveprints.com\/fr\/wp-json\/wp\/v2\/media?parent=1072871"}],"wp:term":[{"taxonomy":"product_brand","embeddable":true,"href":"https:\/\/positiveprints.com\/fr\/wp-json\/wp\/v2\/product_brand?post=1072871"},{"taxonomy":"product_cat","embeddable":true,"href":"https:\/\/positiveprints.com\/fr\/wp-json\/wp\/v2\/product_cat?post=1072871"},{"taxonomy":"product_tag","embeddable":true,"href":"https:\/\/positiveprints.com\/fr\/wp-json\/wp\/v2\/product_tag?post=1072871"}],"curies":[{"name":"wp","href":"https:\/\/api.w.org\/{rel}","templated":true}]}}