{"id":1072543,"date":"2023-10-25T10:40:22","date_gmt":"2023-10-25T09:40:22","guid":{"rendered":"https:\/\/positiveprints.com\/?post_type=product&#038;p=1072543"},"modified":"2026-04-03T03:02:35","modified_gmt":"2026-04-03T02:02:35","slug":"le-jour-ou-tu-es-devenu-mon-pere-avec-photo","status":"publish","type":"product","link":"https:\/\/positiveprints.com\/fr\/produit\/le-jour-ou-tu-es-devenu-mon-pere-avec-photo\/","title":{"rendered":"Le jour o\u00f9 tu es devenu mon p\u00e8re avec photo"},"content":{"rendered":"<p>C\u00e9l\u00e9brez l&#8217;\u00e9gard que vous avez pour votre papa et le jour o\u00f9 il est devenu p\u00e8re avec \u00ab Le jour o\u00f9 tu es devenu mon p\u00e8re avec photo \u00bb. Cette cr\u00e9ation artistique exceptionnelle immortalise le ciel \u00e9toil\u00e9 lors de cette journ\u00e9e m\u00e9morable. C&#8217;est le moyen id\u00e9al pour montrer votre appr\u00e9ciation envers lui, que ce soit son anniversaire, la f\u00eate des p\u00e8res ou No\u00ebl. Ajoutez une photo de vous et de votre m\u00e8re au c\u00f4t\u00e9 de la carte stellaire, cr\u00e9ant ainsi un cadeau unique et personnalis\u00e9.<\/p>\r\n\r\n<h2>L&#8217;artisanat de l&#8217;amour et des souvenirs \u00ab Le jour o\u00f9 tu es devenu mon p\u00e8re avec photo \u00bb<\/h2>\r\n\r\n<p>La transformation de moments pr\u00e9cieux en art est un jeu d&#8217;enfant pour notre cr\u00e9ateur en ligne. S\u00e9lectionnez votre style pr\u00e9f\u00e9r\u00e9, incluez des \u00e9l\u00e9ments c\u00e9lestes comme les constellations et la Voie lact\u00e9e, et personnalisez avec un titre in\u00e9dit. Saisissez la date et le lieu du jour o\u00f9 votre papa est devenu p\u00e8re et contemplez comment la carte stellaire prend vie dans l&#8217;aper\u00e7u en ligne. L&#8217;ajout de votre photo et de la sienne compl\u00e8tera ce splendide chef-d&#8217; \u0153uvre.<\/p>\r\n\r\n<p>\u00ab Le jour o\u00f9 tu es devenu mon p\u00e8re avec photo \u00bb est une illustration touchante du ciel nocturne le jour o\u00f9 votre p\u00e8re a accueilli la paternit\u00e9 dans sa vie. Il s&#8217;agit d&#8217;une repr\u00e9sentation d\u00e9taill\u00e9e des \u00e9toiles qui ont illumin\u00e9 le ciel \u00e0 ce moment crucial.<\/p>\r\n\r\n<h2>C\u00e9l\u00e9brer l&#8217;amour d&#8217;un p\u00e8re<\/h2>\r\n\r\n<p>Ce don va au-del\u00e0 du simple cadeau. C&#8217;est un hommage \u00e0 votre amour pour votre p\u00e8re et du jour o\u00f9 il est devenu ton p\u00e8re. Voici le cadeau id\u00e9al pour son anniversaire, la f\u00eate des p\u00e8res ou No\u00ebl. Le titre, \u00ab Le jour o\u00f9 tu es devenu mon p\u00e8re \u00bb saura exprimer la chaleur et l&#8217;\u00e9motion de ce moment si particulier.<\/p>\r\n\r\n<p>\u00ab Le jour o\u00f9 tu es devenue ma maman avec photo \u00bb est le t\u00e9moignage de votre amour et des moments inoubliables que vous avez v\u00e9cus ensemble. Chaque coup d&#8217;\u0153il sur cette carte stellaire et cette combinaison de photos vous ram\u00e8nera \u00e0 ce jour pr\u00e9cieux, \u00e9voquant un sentiment d&#8217;amour, de reconnaissance et de consid\u00e9ration. Avec ce chef-d&#8217; \u0153uvre unique et personnalis\u00e9, faites de votre cadeau pour papa un moment inoubliable.<\/p>","protected":false},"excerpt":{"rendered":"<ul class=\"check-list\">\n<li>Ajoutez des constellations \u00e0 votre carte stellaire et choisissez une photo<\/li>\n<li>Personnalisez-la en 3 \u00e9tapes simples<\/li>\n<li>Int\u00e9grez un texte personnalis\u00e9 \u00e9loquent<\/li>\n<li>Visualisez le r\u00e9sultat imm\u00e9diatement &#8211; l\u2019aper\u00e7u interactif te permet de peaufiner chaque d\u00e9tail<\/li>\n<\/ul>\n","protected":false},"featured_media":1254840,"template":"","meta":[],"product_brand":[],"product_cat":[9274,8822,7337,5264,7973,11391,104],"product_tag":[13684,11760,11107,12582,15570,9285],"class_list":{"0":"post-1072543","1":"product","2":"type-product","3":"status-publish","4":"has-post-thumbnail","6":"product_cat-bestsellers-label-fr","7":"product_cat-duo-stars-fr","8":"product_cat-cadeaux-de-fete-des-peres","9":"product_cat-cadeaux-de-noel","10":"product_cat-cadeaux-pour-papa","11":"product_cat-cadeaux-de-noel-pour-papa","12":"product_cat-tous-les-produits","13":"product_tag-cadeau-de-la-fete-des-peres","14":"product_tag-cadeaux-de-noel-pour-papa","15":"product_tag-father-it-fr","16":"product_tag-fete-des-peres","17":"product_tag-le-jour-ou-tu-es-devenu-papa","18":"product_tag-le-meilleur-papa-du-monde","20":"first","21":"instock","22":"sale","23":"taxable","24":"shipping-taxable","25":"purchasable","26":"product-type-variable"},"yoast_head":"<!-- This site is optimized with the Yoast SEO Premium plugin v27.2 (Yoast SEO v27.2) - https:\/\/yoast.com\/product\/yoast-seo-premium-wordpress\/ -->\n<title>Le jour o\u00f9 tu es devenu mon p\u00e8re avec photo - Positive Prints<\/title>\n<meta name=\"description\" content=\"Honorez le jour o\u00f9 il a embrass\u00e9 son r\u00f4le le plus important avec ce poster personnalis\u00e9 de 40x30 cm int\u00e9grant une photo m\u00e9morable, un cadeau touchant pour la f\u00eate des p\u00e8res qui c\u00e9l\u00e8bre ce tournant dans votre histoire familiale.\" \/>\n<meta name=\"robots\" content=\"index, follow, max-snippet:-1, max-image-preview:large, max-video-preview:-1\" \/>\n<link rel=\"canonical\" href=\"https:\/\/positiveprints.com\/fr\/produit\/le-jour-ou-tu-es-devenu-mon-pere-avec-photo\/\" \/>\n<meta property=\"og:locale\" content=\"fr_FR\" \/>\n<meta property=\"og:type\" content=\"article\" \/>\n<meta property=\"og:title\" content=\"Le jour o\u00f9 tu es devenu mon p\u00e8re avec photo\" \/>\n<meta property=\"og:description\" content=\"Ajoutez des constellations \u00e0 votre carte stellaire et choisissez une photo  Personnalisez-la en 3 \u00e9tapes simples  Int\u00e9grez un texte personnalis\u00e9 \u00e9loquent  Visualisez le r\u00e9sultat imm\u00e9diatement - l\u2019aper\u00e7u interactif te permet de peaufiner chaque d\u00e9tail\" \/>\n<meta property=\"og:url\" content=\"https:\/\/positiveprints.com\/fr\/produit\/le-jour-ou-tu-es-devenu-mon-pere-avec-photo\/\" \/>\n<meta property=\"og:site_name\" content=\"Positive Prints\" \/>\n<meta property=\"article:publisher\" content=\"https:\/\/www.facebook.com\/positiveprintscom\" \/>\n<meta property=\"article:modified_time\" content=\"2026-04-03T02:02:35+00:00\" \/>\n<meta property=\"og:image\" content=\"https:\/\/positiveprints.com\/wp-content\/uploads\/2024\/11\/FR_PACKSHOT_The-Day-You-Became-My-Daddy-with-Photo-product-image-.webp\" \/>\n\t<meta property=\"og:image:width\" content=\"1450\" \/>\n\t<meta property=\"og:image:height\" content=\"1450\" \/>\n\t<meta property=\"og:image:type\" content=\"image\/webp\" \/>\n<meta name=\"twitter:card\" content=\"summary_large_image\" \/>\n<meta name=\"twitter:label1\" content=\"Dur\u00e9e de lecture estim\u00e9e\" \/>\n\t<meta name=\"twitter:data1\" content=\"2 minutes\" \/>\n<!-- \/ Yoast SEO Premium plugin. -->","yoast_head_json":{"title":"Le jour o\u00f9 tu es devenu mon p\u00e8re avec photo - Positive Prints","description":"Honorez le jour o\u00f9 il a embrass\u00e9 son r\u00f4le le plus important avec ce poster personnalis\u00e9 de 40x30 cm int\u00e9grant une photo m\u00e9morable, un cadeau touchant pour la f\u00eate des p\u00e8res qui c\u00e9l\u00e8bre ce tournant dans votre histoire familiale.","robots":{"index":"index","follow":"follow","max-snippet":"max-snippet:-1","max-image-preview":"max-image-preview:large","max-video-preview":"max-video-preview:-1"},"canonical":"https:\/\/positiveprints.com\/fr\/produit\/le-jour-ou-tu-es-devenu-mon-pere-avec-photo\/","og_locale":"fr_FR","og_type":"article","og_title":"Le jour o\u00f9 tu es devenu mon p\u00e8re avec photo","og_description":"Ajoutez des constellations \u00e0 votre carte stellaire et choisissez une photo  Personnalisez-la en 3 \u00e9tapes simples  Int\u00e9grez un texte personnalis\u00e9 \u00e9loquent  Visualisez le r\u00e9sultat imm\u00e9diatement - l\u2019aper\u00e7u interactif te permet de peaufiner chaque d\u00e9tail","og_url":"https:\/\/positiveprints.com\/fr\/produit\/le-jour-ou-tu-es-devenu-mon-pere-avec-photo\/","og_site_name":"Positive Prints","article_publisher":"https:\/\/www.facebook.com\/positiveprintscom","article_modified_time":"2026-04-03T02:02:35+00:00","og_image":[{"width":1450,"height":1450,"url":"https:\/\/positiveprints.com\/wp-content\/uploads\/2024\/11\/FR_PACKSHOT_The-Day-You-Became-My-Daddy-with-Photo-product-image-.webp","type":"image\/webp"}],"twitter_card":"summary_large_image","twitter_misc":{"Dur\u00e9e de lecture estim\u00e9e":"2 minutes"},"schema":{"@context":"https:\/\/schema.org","@graph":[{"@type":["WebPage","ItemPage"],"@id":"https:\/\/positiveprints.com\/fr\/produit\/le-jour-ou-tu-es-devenu-mon-pere-avec-photo\/","url":"https:\/\/positiveprints.com\/fr\/produit\/le-jour-ou-tu-es-devenu-mon-pere-avec-photo\/","name":"Le jour o\u00f9 tu es devenu mon p\u00e8re avec photo - Positive Prints","isPartOf":{"@id":"https:\/\/positiveprints.com\/fr\/#website"},"primaryImageOfPage":{"@id":"https:\/\/positiveprints.com\/fr\/produit\/le-jour-ou-tu-es-devenu-mon-pere-avec-photo\/#primaryimage"},"image":{"@id":"https:\/\/positiveprints.com\/fr\/produit\/le-jour-ou-tu-es-devenu-mon-pere-avec-photo\/#primaryimage"},"thumbnailUrl":"https:\/\/positiveprints.com\/wp-content\/uploads\/2024\/11\/FR_PACKSHOT_The-Day-You-Became-My-Daddy-with-Photo-product-image-.webp","datePublished":"2023-10-25T09:40:22+00:00","dateModified":"2026-04-03T02:02:35+00:00","description":"Honorez le jour o\u00f9 il a embrass\u00e9 son r\u00f4le le plus important avec ce poster personnalis\u00e9 de 40x30 cm int\u00e9grant une photo m\u00e9morable, un cadeau touchant pour la f\u00eate des p\u00e8res qui c\u00e9l\u00e8bre ce tournant dans votre histoire familiale.","breadcrumb":{"@id":"https:\/\/positiveprints.com\/fr\/produit\/le-jour-ou-tu-es-devenu-mon-pere-avec-photo\/#breadcrumb"},"inLanguage":"fr-FR","potentialAction":[{"@type":"ReadAction","target":["https:\/\/positiveprints.com\/fr\/produit\/le-jour-ou-tu-es-devenu-mon-pere-avec-photo\/"]}]},{"@type":"ImageObject","inLanguage":"fr-FR","@id":"https:\/\/positiveprints.com\/fr\/produit\/le-jour-ou-tu-es-devenu-mon-pere-avec-photo\/#primaryimage","url":"https:\/\/positiveprints.com\/wp-content\/uploads\/2024\/11\/FR_PACKSHOT_The-Day-You-Became-My-Daddy-with-Photo-product-image-.webp","contentUrl":"https:\/\/positiveprints.com\/wp-content\/uploads\/2024\/11\/FR_PACKSHOT_The-Day-You-Became-My-Daddy-with-Photo-product-image-.webp","width":1450,"height":1450},{"@type":"BreadcrumbList","@id":"https:\/\/positiveprints.com\/fr\/produit\/le-jour-ou-tu-es-devenu-mon-pere-avec-photo\/#breadcrumb","itemListElement":[{"@type":"ListItem","position":1,"name":"Home","item":"https:\/\/positiveprints.com\/fr\/"},{"@type":"ListItem","position":2,"name":"Produits","item":"https:\/\/positiveprints.com\/fr\/shop\/"},{"@type":"ListItem","position":3,"name":"Le jour o\u00f9 tu es devenu mon p\u00e8re avec photo"}]},{"@type":"WebSite","@id":"https:\/\/positiveprints.com\/fr\/#website","url":"https:\/\/positiveprints.com\/fr\/","name":"Positive Prints","description":"Amazing Custom Personalized Gifts","publisher":{"@id":"https:\/\/positiveprints.com\/fr\/#organization"},"potentialAction":[{"@type":"SearchAction","target":{"@type":"EntryPoint","urlTemplate":"https:\/\/positiveprints.com\/fr\/?s={search_term_string}"},"query-input":{"@type":"PropertyValueSpecification","valueRequired":true,"valueName":"search_term_string"}}],"inLanguage":"fr-FR"},{"@type":"Organization","@id":"https:\/\/positiveprints.com\/fr\/#organization","name":"Positive Prints","alternateName":"Positive Prints","url":"https:\/\/positiveprints.com\/fr\/","logo":{"@type":"ImageObject","inLanguage":"fr-FR","@id":"https:\/\/positiveprints.com\/fr\/#\/schema\/logo\/image\/","url":"https:\/\/positiveprints.com\/wp-content\/uploads\/2026\/03\/245815646_1337939713319158_5671353136411139666_n.png","contentUrl":"https:\/\/positiveprints.com\/wp-content\/uploads\/2026\/03\/245815646_1337939713319158_5671353136411139666_n.png","width":800,"height":800,"caption":"Positive Prints"},"image":{"@id":"https:\/\/positiveprints.com\/fr\/#\/schema\/logo\/image\/"},"sameAs":["https:\/\/www.facebook.com\/positiveprintscom","https:\/\/www.instagram.com\/positiveprintscom\/","https:\/\/www.tiktok.com\/@positiveprintscom","https:\/\/www.pinterest.com\/positiveprintscom\/"]}]}},"jetpack_sharing_enabled":true,"_links":{"self":[{"href":"https:\/\/positiveprints.com\/fr\/wp-json\/wp\/v2\/product\/1072543","targetHints":{"allow":["GET"]}}],"collection":[{"href":"https:\/\/positiveprints.com\/fr\/wp-json\/wp\/v2\/product"}],"about":[{"href":"https:\/\/positiveprints.com\/fr\/wp-json\/wp\/v2\/types\/product"}],"wp:featuredmedia":[{"embeddable":true,"href":"https:\/\/positiveprints.com\/fr\/wp-json\/wp\/v2\/media\/1254840"}],"wp:attachment":[{"href":"https:\/\/positiveprints.com\/fr\/wp-json\/wp\/v2\/media?parent=1072543"}],"wp:term":[{"taxonomy":"product_brand","embeddable":true,"href":"https:\/\/positiveprints.com\/fr\/wp-json\/wp\/v2\/product_brand?post=1072543"},{"taxonomy":"product_cat","embeddable":true,"href":"https:\/\/positiveprints.com\/fr\/wp-json\/wp\/v2\/product_cat?post=1072543"},{"taxonomy":"product_tag","embeddable":true,"href":"https:\/\/positiveprints.com\/fr\/wp-json\/wp\/v2\/product_tag?post=1072543"}],"curies":[{"name":"wp","href":"https:\/\/api.w.org\/{rel}","templated":true}]}}