{"id":1072520,"date":"2023-10-25T10:15:15","date_gmt":"2023-10-25T09:15:15","guid":{"rendered":"https:\/\/positiveprints.com\/?post_type=product&#038;p=1072520"},"modified":"2026-04-18T04:54:09","modified_gmt":"2026-04-18T03:54:09","slug":"le-jour-ou-tu-es-devenue-ma-maman-avec-photo","status":"publish","type":"product","link":"https:\/\/positiveprints.com\/fr\/produit\/le-jour-ou-tu-es-devenue-ma-maman-avec-photo\/","title":{"rendered":"Le jour o\u00f9 tu es devenue ma maman avec photo"},"content":{"rendered":"<p>Offrez-lui le pr\u00e9sent de l&#8217;amour et des bons souvenirs avec \u00ab Le jour o\u00f9 tu es devenue ma maman avec photo \u00bb. Cette cr\u00e9ation artistique exceptionnelle immortalise le ciel \u00e9toil\u00e9 ou votre maman est devenue m\u00e8re. Qu&#8217;il s&#8217;agisse de son anniversaire, de la f\u00eate des m\u00e8res ou de No\u00ebl, c&#8217;est le moyen id\u00e9al pour t\u00e9moigner de votre amour pour elle. En rajoutant une photo de vous et de votre m\u00e8re \u00e0 c\u00f4t\u00e9 de la carte des \u00e9toiles, et voyez les larmes de joie couler.<\/p>\r\n\r\n<h2>Le jour o\u00f9 tu es devenue ma maman avec photo<\/h2>\r\n\r\n<p>La transformation de moments pr\u00e9cieux en art est un jeu d&#8217;enfant pour notre cr\u00e9ateur en ligne. S\u00e9lectionnez votre style pr\u00e9f\u00e9r\u00e9, incluez des \u00e9l\u00e9ments c\u00e9lestes comme les constellations et la Voie lact\u00e9e, et personnalisez avec un titre in\u00e9dit. Saisissez la date et le lieu du jour o\u00f9 votre maman est devenue m\u00e8re et voyez la carte des \u00e9toiles prendre vie dans l&#8217;aper\u00e7u en ligne. En ajoutant votre photo et de la sienne ce chef-d&#8217; \u0153uvre est compl\u00e9t\u00e9<\/p>\r\n\r\n<p>\u00ab Le jour o\u00f9 tu es devenue ma maman avec photo \u00bb est une illustration touchante du ciel nocturne le jour o\u00f9 votre m\u00e8re a accueilli la maternit\u00e9 dans sa vie. Il s&#8217;agit d&#8217;une repr\u00e9sentation d\u00e9taill\u00e9e des \u00e9toiles qui ont illumin\u00e9 le ciel \u00e0 ce moment crucial.<\/p>\r\n\r\n<h2>C\u00e9l\u00e9brer l&#8217;amour d&#8217;une m\u00e8re<\/h2>\r\n\r\n<p>Ce cadeau est bien plus qu&#8217;un simple cadeau. C&#8217;est la c\u00e9l\u00e9bration de l&#8217;amour d&#8217;une m\u00e8re et du moment o\u00f9 elle est devenue votre maman. C&#8217;est exactement ce qu&#8217;il vous faut pour son anniversaire, la f\u00eate des m\u00e8res ou No\u00ebl. Le titre, \u00ab Le jour o\u00f9 tu es devenue ma maman \u00bb saura exprimer la chaleur et l&#8217;\u00e9motion de ce moment si particulier.<\/p>\r\n\r\n<p>&#8220;\u00ab Le jour o\u00f9 tu es devenue ma maman avec photo \u00bb est le t\u00e9moignage de votre amour et des moments inoubliables que vous avez v\u00e9cus ensemble. Chaque coup d&#8217;\u0153il \u00e0 cette carte stellaire et \u00e0 cette combinaison de photos vous ram\u00e8ne \u00e0 ce jour b\u00e9ni, apportant des larmes de joie, d&#8217;amour et de reconnaissance. Faites en sorte que votre cadeau pour maman devienne inoubliable avec ce chef-d&#8217; \u0153uvre personnalis\u00e9 et apaisant.<\/p>","protected":false},"excerpt":{"rendered":"<ul class=\"check-list\">\n<li>Ajoutez des constellations \u00e0 votre carte stellaire et choisissez une photo<\/li>\n<li>Personnalisez-la en 3 \u00e9tapes simples<\/li>\n<li>Int\u00e9grez un texte personnalis\u00e9 \u00e9loquent<\/li>\n<li>\n<li>Visualisez le r\u00e9sultat imm\u00e9diatement &#8211; l\u2019aper\u00e7u interactif te permet de peaufiner chaque d\u00e9tail<\/li>\n<\/ul>\n","protected":false},"featured_media":1255382,"template":"","meta":[],"product_brand":[],"product_cat":[8822,104,7277,5264,11399,7701],"product_tag":[15898,15882,15899,15894],"class_list":{"0":"post-1072520","1":"product","2":"type-product","3":"status-publish","4":"has-post-thumbnail","6":"product_cat-duo-stars-fr","7":"product_cat-tous-les-produits","8":"product_cat-cadeaux-de-fete-des-meres","9":"product_cat-cadeaux-de-noel","10":"product_cat-cadeaux-de-noel-pour-maman","11":"product_cat-cadeaux-pour-maman","12":"product_tag-mamma-fr-2","13":"product_tag-mommy-fr","14":"product_tag-mother-it-fr","15":"product_tag-regali-di-natale-per-mamma-fr","17":"first","18":"instock","19":"sale","20":"taxable","21":"shipping-taxable","22":"purchasable","23":"product-type-variable"},"yoast_head":"<!-- This site is optimized with the Yoast SEO Premium plugin v27.2 (Yoast SEO v27.2) - https:\/\/yoast.com\/product\/yoast-seo-premium-wordpress\/ -->\n<title>Le jour o\u00f9 tu es devenue ma maman avec photo - Positive Prints<\/title>\n<meta name=\"description\" content=\"C\u00e9l\u00e9brez le moment qui a transform\u00e9 sa vie avec ce poster de 40x30 cm associant une photo pr\u00e9cieuse \u00e0 une repr\u00e9sentation personnalis\u00e9e, un cadeau \u00e9mouvant pour la f\u00eate des m\u00e8res qui immortalise le d\u00e9but de votre lien ind\u00e9fectible.\" \/>\n<meta name=\"robots\" content=\"index, follow, max-snippet:-1, max-image-preview:large, max-video-preview:-1\" \/>\n<link rel=\"canonical\" href=\"https:\/\/positiveprints.com\/fr\/produit\/le-jour-ou-tu-es-devenue-ma-maman-avec-photo\/\" \/>\n<meta property=\"og:locale\" content=\"fr_FR\" \/>\n<meta property=\"og:type\" content=\"article\" \/>\n<meta property=\"og:title\" content=\"Le jour o\u00f9 tu es devenue ma maman avec photo\" \/>\n<meta property=\"og:description\" content=\"Ajoutez des constellations \u00e0 votre carte stellaire et choisissez une photo  Personnalisez-la en 3 \u00e9tapes simples  Int\u00e9grez un texte personnalis\u00e9 \u00e9loquent  Visualisez le r\u00e9sultat imm\u00e9diatement - l\u2019aper\u00e7u interactif te permet de peaufiner chaque d\u00e9tail\" \/>\n<meta property=\"og:url\" content=\"https:\/\/positiveprints.com\/fr\/produit\/le-jour-ou-tu-es-devenue-ma-maman-avec-photo\/\" \/>\n<meta property=\"og:site_name\" content=\"Positive Prints\" \/>\n<meta property=\"article:publisher\" content=\"https:\/\/www.facebook.com\/positiveprintscom\" \/>\n<meta property=\"article:modified_time\" content=\"2026-04-18T03:54:09+00:00\" \/>\n<meta property=\"og:image\" content=\"https:\/\/positiveprints.com\/wp-content\/uploads\/2024\/11\/FR_PACKSHOT_The-Day-You-Became-My-Mommy-with-Photo-product-image-.webp\" \/>\n\t<meta property=\"og:image:width\" content=\"1450\" \/>\n\t<meta property=\"og:image:height\" content=\"1450\" \/>\n\t<meta property=\"og:image:type\" content=\"image\/webp\" \/>\n<meta name=\"twitter:card\" content=\"summary_large_image\" \/>\n<meta name=\"twitter:label1\" content=\"Dur\u00e9e de lecture estim\u00e9e\" \/>\n\t<meta name=\"twitter:data1\" content=\"2 minutes\" \/>\n<!-- \/ Yoast SEO Premium plugin. -->","yoast_head_json":{"title":"Le jour o\u00f9 tu es devenue ma maman avec photo - Positive Prints","description":"C\u00e9l\u00e9brez le moment qui a transform\u00e9 sa vie avec ce poster de 40x30 cm associant une photo pr\u00e9cieuse \u00e0 une repr\u00e9sentation personnalis\u00e9e, un cadeau \u00e9mouvant pour la f\u00eate des m\u00e8res qui immortalise le d\u00e9but de votre lien ind\u00e9fectible.","robots":{"index":"index","follow":"follow","max-snippet":"max-snippet:-1","max-image-preview":"max-image-preview:large","max-video-preview":"max-video-preview:-1"},"canonical":"https:\/\/positiveprints.com\/fr\/produit\/le-jour-ou-tu-es-devenue-ma-maman-avec-photo\/","og_locale":"fr_FR","og_type":"article","og_title":"Le jour o\u00f9 tu es devenue ma maman avec photo","og_description":"Ajoutez des constellations \u00e0 votre carte stellaire et choisissez une photo  Personnalisez-la en 3 \u00e9tapes simples  Int\u00e9grez un texte personnalis\u00e9 \u00e9loquent  Visualisez le r\u00e9sultat imm\u00e9diatement - l\u2019aper\u00e7u interactif te permet de peaufiner chaque d\u00e9tail","og_url":"https:\/\/positiveprints.com\/fr\/produit\/le-jour-ou-tu-es-devenue-ma-maman-avec-photo\/","og_site_name":"Positive Prints","article_publisher":"https:\/\/www.facebook.com\/positiveprintscom","article_modified_time":"2026-04-18T03:54:09+00:00","og_image":[{"width":1450,"height":1450,"url":"https:\/\/positiveprints.com\/wp-content\/uploads\/2024\/11\/FR_PACKSHOT_The-Day-You-Became-My-Mommy-with-Photo-product-image-.webp","type":"image\/webp"}],"twitter_card":"summary_large_image","twitter_misc":{"Dur\u00e9e de lecture estim\u00e9e":"2 minutes"},"schema":{"@context":"https:\/\/schema.org","@graph":[{"@type":["WebPage","ItemPage"],"@id":"https:\/\/positiveprints.com\/fr\/produit\/le-jour-ou-tu-es-devenue-ma-maman-avec-photo\/","url":"https:\/\/positiveprints.com\/fr\/produit\/le-jour-ou-tu-es-devenue-ma-maman-avec-photo\/","name":"Le jour o\u00f9 tu es devenue ma maman avec photo - Positive Prints","isPartOf":{"@id":"https:\/\/positiveprints.com\/fr\/#website"},"primaryImageOfPage":{"@id":"https:\/\/positiveprints.com\/fr\/produit\/le-jour-ou-tu-es-devenue-ma-maman-avec-photo\/#primaryimage"},"image":{"@id":"https:\/\/positiveprints.com\/fr\/produit\/le-jour-ou-tu-es-devenue-ma-maman-avec-photo\/#primaryimage"},"thumbnailUrl":"https:\/\/positiveprints.com\/wp-content\/uploads\/2024\/11\/FR_PACKSHOT_The-Day-You-Became-My-Mommy-with-Photo-product-image-.webp","datePublished":"2023-10-25T09:15:15+00:00","dateModified":"2026-04-18T03:54:09+00:00","description":"C\u00e9l\u00e9brez le moment qui a transform\u00e9 sa vie avec ce poster de 40x30 cm associant une photo pr\u00e9cieuse \u00e0 une repr\u00e9sentation personnalis\u00e9e, un cadeau \u00e9mouvant pour la f\u00eate des m\u00e8res qui immortalise le d\u00e9but de votre lien ind\u00e9fectible.","breadcrumb":{"@id":"https:\/\/positiveprints.com\/fr\/produit\/le-jour-ou-tu-es-devenue-ma-maman-avec-photo\/#breadcrumb"},"inLanguage":"fr-FR","potentialAction":[{"@type":"ReadAction","target":["https:\/\/positiveprints.com\/fr\/produit\/le-jour-ou-tu-es-devenue-ma-maman-avec-photo\/"]}]},{"@type":"ImageObject","inLanguage":"fr-FR","@id":"https:\/\/positiveprints.com\/fr\/produit\/le-jour-ou-tu-es-devenue-ma-maman-avec-photo\/#primaryimage","url":"https:\/\/positiveprints.com\/wp-content\/uploads\/2024\/11\/FR_PACKSHOT_The-Day-You-Became-My-Mommy-with-Photo-product-image-.webp","contentUrl":"https:\/\/positiveprints.com\/wp-content\/uploads\/2024\/11\/FR_PACKSHOT_The-Day-You-Became-My-Mommy-with-Photo-product-image-.webp","width":1450,"height":1450},{"@type":"BreadcrumbList","@id":"https:\/\/positiveprints.com\/fr\/produit\/le-jour-ou-tu-es-devenue-ma-maman-avec-photo\/#breadcrumb","itemListElement":[{"@type":"ListItem","position":1,"name":"Home","item":"https:\/\/positiveprints.com\/fr\/"},{"@type":"ListItem","position":2,"name":"Produits","item":"https:\/\/positiveprints.com\/fr\/shop\/"},{"@type":"ListItem","position":3,"name":"Le jour o\u00f9 tu es devenue ma maman avec photo"}]},{"@type":"WebSite","@id":"https:\/\/positiveprints.com\/fr\/#website","url":"https:\/\/positiveprints.com\/fr\/","name":"Positive Prints","description":"Amazing Custom Personalized Gifts","publisher":{"@id":"https:\/\/positiveprints.com\/fr\/#organization"},"potentialAction":[{"@type":"SearchAction","target":{"@type":"EntryPoint","urlTemplate":"https:\/\/positiveprints.com\/fr\/?s={search_term_string}"},"query-input":{"@type":"PropertyValueSpecification","valueRequired":true,"valueName":"search_term_string"}}],"inLanguage":"fr-FR"},{"@type":"Organization","@id":"https:\/\/positiveprints.com\/fr\/#organization","name":"Positive Prints","alternateName":"Positive Prints","url":"https:\/\/positiveprints.com\/fr\/","logo":{"@type":"ImageObject","inLanguage":"fr-FR","@id":"https:\/\/positiveprints.com\/fr\/#\/schema\/logo\/image\/","url":"https:\/\/positiveprints.com\/wp-content\/uploads\/2026\/03\/245815646_1337939713319158_5671353136411139666_n.png","contentUrl":"https:\/\/positiveprints.com\/wp-content\/uploads\/2026\/03\/245815646_1337939713319158_5671353136411139666_n.png","width":800,"height":800,"caption":"Positive Prints"},"image":{"@id":"https:\/\/positiveprints.com\/fr\/#\/schema\/logo\/image\/"},"sameAs":["https:\/\/www.facebook.com\/positiveprintscom","https:\/\/www.instagram.com\/positiveprintscom\/","https:\/\/www.tiktok.com\/@positiveprintscom","https:\/\/www.pinterest.com\/positiveprintscom\/"]}]}},"jetpack_sharing_enabled":true,"_links":{"self":[{"href":"https:\/\/positiveprints.com\/fr\/wp-json\/wp\/v2\/product\/1072520","targetHints":{"allow":["GET"]}}],"collection":[{"href":"https:\/\/positiveprints.com\/fr\/wp-json\/wp\/v2\/product"}],"about":[{"href":"https:\/\/positiveprints.com\/fr\/wp-json\/wp\/v2\/types\/product"}],"wp:featuredmedia":[{"embeddable":true,"href":"https:\/\/positiveprints.com\/fr\/wp-json\/wp\/v2\/media\/1255382"}],"wp:attachment":[{"href":"https:\/\/positiveprints.com\/fr\/wp-json\/wp\/v2\/media?parent=1072520"}],"wp:term":[{"taxonomy":"product_brand","embeddable":true,"href":"https:\/\/positiveprints.com\/fr\/wp-json\/wp\/v2\/product_brand?post=1072520"},{"taxonomy":"product_cat","embeddable":true,"href":"https:\/\/positiveprints.com\/fr\/wp-json\/wp\/v2\/product_cat?post=1072520"},{"taxonomy":"product_tag","embeddable":true,"href":"https:\/\/positiveprints.com\/fr\/wp-json\/wp\/v2\/product_tag?post=1072520"}],"curies":[{"name":"wp","href":"https:\/\/api.w.org\/{rel}","templated":true}]}}