{"id":1072466,"date":"2023-10-24T14:08:48","date_gmt":"2023-10-24T13:08:48","guid":{"rendered":"https:\/\/positiveprints.com\/?post_type=product&#038;p=1072466"},"modified":"2026-04-28T14:05:54","modified_gmt":"2026-04-28T13:05:54","slug":"le-jour-de-ta-naissance-avec-photo","status":"publish","type":"product","link":"https:\/\/positiveprints.com\/fr\/produit\/le-jour-de-ta-naissance-avec-photo\/","title":{"rendered":"Le jour de ta naissance avec photo"},"content":{"rendered":"<p>Faites de cet anniversaire un \u00e9v\u00e9nement inoubliable avec \u00ab Le jour de ta naissance avec photo \u00bb. Que ce soit le premier, le 20e, le 30e ou le 80e, ce cadeau est un tr\u00e9sor ind\u00e9modable. Ajoutez l&#8217;heure et le lieu de naissance de l&#8217;\u00eatre cher et sa photo \u00e0 c\u00f4t\u00e9 d&#8217;une carte stellaire. \u00ab Le jour de ta naissance \u00bb comme titre principal saura appr\u00e9hender l&#8217;essence de cette \u0153uvre d&#8217;art personnalis\u00e9e.<\/p>\r\n\r\n<h2>Elaborer \u00ab Le jour de ta naissance avec photo \u00bb<\/h2>\r\n\r\n<p>La conception de \u00ab Le jour de ta naissance avec photo \u00bb est rendue plus facile gr\u00e2ce \u00e0 notre cr\u00e9ateur en ligne. Choisissez votre style pr\u00e9f\u00e9r\u00e9, incluez des \u00e9l\u00e9ments comme les constellations et la Voie lact\u00e9e, et personnalisez le tout avec le titre principal. Saisissez l&#8217;heure et le lieu de naissance, et voyez la carte des \u00e9toiles prendre vie dans l&#8217;aper\u00e7u en ligne. La pr\u00e9sence d&#8217;une photo \u00e0 c\u00f4t\u00e9 apporte une touche personnelle unique.<\/p>\r\n\r\n<p>\u00ab Le jour de ta naissance avec photo \u00bb, une vision captivante du ciel c\u00e9leste, avec le jour et le lieu exacts de la naissance de votre \u00eatre cher. Cette carte pr\u00e9sente un d\u00e9tail remarquable des \u00e9toiles qui se trouvaient dans le ciel quand il ou elle est venu\u2022e au monde.<\/p>\r\n\r\n<h2>Le cadeau parfait et un souvenir imp\u00e9rissable<\/h2>\r\n\r\n<p>Ce cadeau remarquable n&#8217;est pas seulement \u00e0 l&#8217;occasion d&#8217;un anniversaire. C&#8217;est un voyage \u00e9motionnel \u00e0 travers le temps. Quelle que soit l&#8217;occasion, un premier anniversaire, le passage \u00e0 30 ans ou la c\u00e9l\u00e9bration de la sagesse de 80 ans, cette \u0153uvre d&#8217;art est le cadeau qu&#8217;il vous faut. Le titre principal, \u00ab Le jour de ta naissance \u00bb, \u00e9voquent la nostalgie et l&#8217;\u00e9merveillement des festivit\u00e9s du jour.<\/p>\r\n\r\n<p>\u00ab Le jour de ta naissance avec photo \u00bb est un tr\u00e9sor qui ne sera pas affect\u00e9 par le passage du temps. C&#8217;est un souvenir exquis de ce jour extraordinaire, un lien avec les \u00e9toiles et l&#8217;amour qui entoure la personne dont c&#8217;est l&#8217;anniversaire. Cette combinaison unique de carte stellaire et de photo ne manquera pas de raviver des souvenirs pr\u00e9cieux et des \u00e9motions chaleureuses. Faites en sorte que votre cadeau d&#8217;anniversaire soit inoubliable avec ce chef-d&#8217; \u0153uvre personnalis\u00e9.<\/p>","protected":false},"excerpt":{"rendered":"<ul class=\"check-list\">\n<li>Cr\u00e9ez une carte des \u00e9toiles magnifiquement d\u00e9taill\u00e9e avec une photo de la personne dont c&#8217;est l&#8217;anniversaire<\/li>\n<li>Ajoutez des constellations \u00e0 votre carte stellaire et choisissez une photo<\/li>\n<li>Personnalisez-l\u00e0 en 3 \u00e9tapes simples<\/li>\n<li>Int\u00e9grez un texte personnalis\u00e9 \u00e9loquent<\/li>\n<li>Vois le r\u00e9sultat imm\u00e9diatement \u2013 l\u2019aper\u00e7u interactif te permet de peaufiner chaque d\u00e9tail<\/li>\n<\/ul>\n","protected":false},"featured_media":1249786,"template":"","meta":[],"product_brand":[],"product_cat":[8822,104,5249,3127,11211,11212,8006,7685,7765,7813],"product_tag":[8463],"class_list":{"0":"post-1072466","1":"product","2":"type-product","3":"status-publish","4":"has-post-thumbnail","6":"product_cat-duo-stars-fr","7":"product_cat-tous-les-produits","8":"product_cat-cadeaux-de-naissance-bebe","9":"product_cat-cadeaux-danniversaire","10":"product_cat-cadeau-anniversaire-femme","11":"product_cat-cadeau-anniversaire-homme","12":"product_cat-cadeaux-pour-hommes","13":"product_cat-cadeaux-pour-femmes","14":"product_cat-cadeaux-pour-fille","15":"product_cat-cadeaux-pour-nouveaux-parents","16":"product_tag-birthday-fr","18":"first","19":"instock","20":"sale","21":"taxable","22":"shipping-taxable","23":"purchasable","24":"product-type-variable"},"yoast_head":"<!-- This site is optimized with the Yoast SEO Premium plugin v27.2 (Yoast SEO v27.2) - https:\/\/yoast.com\/product\/yoast-seo-premium-wordpress\/ -->\n<title>Le jour de ta naissance avec photo - Positive Prints<\/title>\n<meta name=\"description\" content=\"C\u00e9l\u00e9brez un anniversaire comme jamais auparavant avec \u00ab Le jour de ta naissance avec photo \u00bb. Que ce soit la premi\u00e8re ou la 80e c\u00e9l\u00e9bration, ce cadeau est un tr\u00e9sor intemporel.\" \/>\n<meta name=\"robots\" content=\"index, follow, max-snippet:-1, max-image-preview:large, max-video-preview:-1\" \/>\n<link rel=\"canonical\" href=\"https:\/\/positiveprints.com\/fr\/produit\/le-jour-de-ta-naissance-avec-photo\/\" \/>\n<meta property=\"og:locale\" content=\"fr_FR\" \/>\n<meta property=\"og:type\" content=\"article\" \/>\n<meta property=\"og:title\" content=\"Le jour de ta naissance avec photo\" \/>\n<meta property=\"og:description\" content=\"Cr\u00e9ez une carte des \u00e9toiles magnifiquement d\u00e9taill\u00e9e avec une photo de la personne dont c&#039;est l&#039;anniversaire Ajoutez des constellations \u00e0 votre carte stellaire et choisissez une photo Personnalisez-l\u00e0 en 3 \u00e9tapes simples Int\u00e9grez un texte personnalis\u00e9 \u00e9loquent Vois le r\u00e9sultat imm\u00e9diatement \u2013 l\u2019aper\u00e7u interactif te permet de peaufiner chaque d\u00e9tail\" \/>\n<meta property=\"og:url\" content=\"https:\/\/positiveprints.com\/fr\/produit\/le-jour-de-ta-naissance-avec-photo\/\" \/>\n<meta property=\"og:site_name\" content=\"Positive Prints\" \/>\n<meta property=\"article:publisher\" content=\"https:\/\/www.facebook.com\/positiveprintscom\" \/>\n<meta property=\"article:modified_time\" content=\"2026-04-28T13:05:54+00:00\" \/>\n<meta property=\"og:image\" content=\"https:\/\/positiveprints.com\/wp-content\/uploads\/2024\/11\/FR_PACKSHOT_The-Day-You-Were-Born-with-Photo-product-image-.webp\" \/>\n\t<meta property=\"og:image:width\" content=\"1450\" \/>\n\t<meta property=\"og:image:height\" content=\"1450\" \/>\n\t<meta property=\"og:image:type\" content=\"image\/webp\" \/>\n<meta name=\"twitter:card\" content=\"summary_large_image\" \/>\n<!-- \/ Yoast SEO Premium plugin. -->","yoast_head_json":{"title":"Le jour de ta naissance avec photo - Positive Prints","description":"C\u00e9l\u00e9brez un anniversaire comme jamais auparavant avec \u00ab Le jour de ta naissance avec photo \u00bb. Que ce soit la premi\u00e8re ou la 80e c\u00e9l\u00e9bration, ce cadeau est un tr\u00e9sor intemporel.","robots":{"index":"index","follow":"follow","max-snippet":"max-snippet:-1","max-image-preview":"max-image-preview:large","max-video-preview":"max-video-preview:-1"},"canonical":"https:\/\/positiveprints.com\/fr\/produit\/le-jour-de-ta-naissance-avec-photo\/","og_locale":"fr_FR","og_type":"article","og_title":"Le jour de ta naissance avec photo","og_description":"Cr\u00e9ez une carte des \u00e9toiles magnifiquement d\u00e9taill\u00e9e avec une photo de la personne dont c'est l'anniversaire Ajoutez des constellations \u00e0 votre carte stellaire et choisissez une photo Personnalisez-l\u00e0 en 3 \u00e9tapes simples Int\u00e9grez un texte personnalis\u00e9 \u00e9loquent Vois le r\u00e9sultat imm\u00e9diatement \u2013 l\u2019aper\u00e7u interactif te permet de peaufiner chaque d\u00e9tail","og_url":"https:\/\/positiveprints.com\/fr\/produit\/le-jour-de-ta-naissance-avec-photo\/","og_site_name":"Positive Prints","article_publisher":"https:\/\/www.facebook.com\/positiveprintscom","article_modified_time":"2026-04-28T13:05:54+00:00","og_image":[{"width":1450,"height":1450,"url":"https:\/\/positiveprints.com\/wp-content\/uploads\/2024\/11\/FR_PACKSHOT_The-Day-You-Were-Born-with-Photo-product-image-.webp","type":"image\/webp"}],"twitter_card":"summary_large_image","schema":{"@context":"https:\/\/schema.org","@graph":[{"@type":["WebPage","ItemPage"],"@id":"https:\/\/positiveprints.com\/fr\/produit\/le-jour-de-ta-naissance-avec-photo\/","url":"https:\/\/positiveprints.com\/fr\/produit\/le-jour-de-ta-naissance-avec-photo\/","name":"Le jour de ta naissance avec photo - Positive Prints","isPartOf":{"@id":"https:\/\/positiveprints.com\/fr\/#website"},"primaryImageOfPage":{"@id":"https:\/\/positiveprints.com\/fr\/produit\/le-jour-de-ta-naissance-avec-photo\/#primaryimage"},"image":{"@id":"https:\/\/positiveprints.com\/fr\/produit\/le-jour-de-ta-naissance-avec-photo\/#primaryimage"},"thumbnailUrl":"https:\/\/positiveprints.com\/wp-content\/uploads\/2024\/11\/FR_PACKSHOT_The-Day-You-Were-Born-with-Photo-product-image-.webp","datePublished":"2023-10-24T13:08:48+00:00","dateModified":"2026-04-28T13:05:54+00:00","description":"C\u00e9l\u00e9brez un anniversaire comme jamais auparavant avec \u00ab Le jour de ta naissance avec photo \u00bb. Que ce soit la premi\u00e8re ou la 80e c\u00e9l\u00e9bration, ce cadeau est un tr\u00e9sor intemporel.","breadcrumb":{"@id":"https:\/\/positiveprints.com\/fr\/produit\/le-jour-de-ta-naissance-avec-photo\/#breadcrumb"},"inLanguage":"fr-FR","potentialAction":[{"@type":"ReadAction","target":["https:\/\/positiveprints.com\/fr\/produit\/le-jour-de-ta-naissance-avec-photo\/"]}]},{"@type":"ImageObject","inLanguage":"fr-FR","@id":"https:\/\/positiveprints.com\/fr\/produit\/le-jour-de-ta-naissance-avec-photo\/#primaryimage","url":"https:\/\/positiveprints.com\/wp-content\/uploads\/2024\/11\/FR_PACKSHOT_The-Day-You-Were-Born-with-Photo-product-image-.webp","contentUrl":"https:\/\/positiveprints.com\/wp-content\/uploads\/2024\/11\/FR_PACKSHOT_The-Day-You-Were-Born-with-Photo-product-image-.webp","width":1450,"height":1450},{"@type":"BreadcrumbList","@id":"https:\/\/positiveprints.com\/fr\/produit\/le-jour-de-ta-naissance-avec-photo\/#breadcrumb","itemListElement":[{"@type":"ListItem","position":1,"name":"Home","item":"https:\/\/positiveprints.com\/fr\/"},{"@type":"ListItem","position":2,"name":"Produits","item":"https:\/\/positiveprints.com\/fr\/shop\/"},{"@type":"ListItem","position":3,"name":"Le jour de ta naissance avec photo"}]},{"@type":"WebSite","@id":"https:\/\/positiveprints.com\/fr\/#website","url":"https:\/\/positiveprints.com\/fr\/","name":"Positive Prints","description":"Amazing Custom Personalized Gifts","publisher":{"@id":"https:\/\/positiveprints.com\/fr\/#organization"},"potentialAction":[{"@type":"SearchAction","target":{"@type":"EntryPoint","urlTemplate":"https:\/\/positiveprints.com\/fr\/?s={search_term_string}"},"query-input":{"@type":"PropertyValueSpecification","valueRequired":true,"valueName":"search_term_string"}}],"inLanguage":"fr-FR"},{"@type":"Organization","@id":"https:\/\/positiveprints.com\/fr\/#organization","name":"Positive Prints","alternateName":"Positive Prints","url":"https:\/\/positiveprints.com\/fr\/","logo":{"@type":"ImageObject","inLanguage":"fr-FR","@id":"https:\/\/positiveprints.com\/fr\/#\/schema\/logo\/image\/","url":"https:\/\/positiveprints.com\/wp-content\/uploads\/2026\/03\/245815646_1337939713319158_5671353136411139666_n.png","contentUrl":"https:\/\/positiveprints.com\/wp-content\/uploads\/2026\/03\/245815646_1337939713319158_5671353136411139666_n.png","width":800,"height":800,"caption":"Positive Prints"},"image":{"@id":"https:\/\/positiveprints.com\/fr\/#\/schema\/logo\/image\/"},"sameAs":["https:\/\/www.facebook.com\/positiveprintscom","https:\/\/www.instagram.com\/positiveprintscom\/","https:\/\/www.tiktok.com\/@positiveprintscom","https:\/\/www.pinterest.com\/positiveprintscom\/"]}]}},"jetpack_sharing_enabled":true,"_links":{"self":[{"href":"https:\/\/positiveprints.com\/fr\/wp-json\/wp\/v2\/product\/1072466","targetHints":{"allow":["GET"]}}],"collection":[{"href":"https:\/\/positiveprints.com\/fr\/wp-json\/wp\/v2\/product"}],"about":[{"href":"https:\/\/positiveprints.com\/fr\/wp-json\/wp\/v2\/types\/product"}],"wp:featuredmedia":[{"embeddable":true,"href":"https:\/\/positiveprints.com\/fr\/wp-json\/wp\/v2\/media\/1249786"}],"wp:attachment":[{"href":"https:\/\/positiveprints.com\/fr\/wp-json\/wp\/v2\/media?parent=1072466"}],"wp:term":[{"taxonomy":"product_brand","embeddable":true,"href":"https:\/\/positiveprints.com\/fr\/wp-json\/wp\/v2\/product_brand?post=1072466"},{"taxonomy":"product_cat","embeddable":true,"href":"https:\/\/positiveprints.com\/fr\/wp-json\/wp\/v2\/product_cat?post=1072466"},{"taxonomy":"product_tag","embeddable":true,"href":"https:\/\/positiveprints.com\/fr\/wp-json\/wp\/v2\/product_tag?post=1072466"}],"curies":[{"name":"wp","href":"https:\/\/api.w.org\/{rel}","templated":true}]}}