{"id":1072392,"date":"2023-10-25T12:22:35","date_gmt":"2023-10-25T11:22:35","guid":{"rendered":"https:\/\/positiveprints.com\/?post_type=product&#038;p=1072392"},"modified":"2026-04-03T03:02:26","modified_gmt":"2026-04-03T02:02:26","slug":"la-nuit-ou-nous-nous-sommes-fiances-avec-photo","status":"publish","type":"product","link":"https:\/\/positiveprints.com\/fr\/produit\/la-nuit-ou-nous-nous-sommes-fiances-avec-photo\/","title":{"rendered":"La nuit o\u00f9 nous nous sommes fianc\u00e9s avec photo"},"content":{"rendered":"<p>C\u00e9l\u00e9brez la merveilleuse aventure de l&#8217;amour avec \u00ab La nuit o\u00f9 nous nous sommes fianc\u00e9s avec photo \u00bb. Cette cr\u00e9ation artistique exceptionnelle immortalise le ciel \u00e9toil\u00e9 lors de vos fian\u00e7ailles. Que ce soit pour vos amis qui viennent de se fiancer ou votre partenaire, c&#8217;est le moyen id\u00e9al de symboliser le d\u00e9but de l&#8217;\u00e9ternit\u00e9. Cr\u00e9ez un souvenir pr\u00e9cieux en combinant la carte des \u00e9toiles de cette soir\u00e9e sp\u00e9ciale avec votre photo favorite.<\/p>\r\n\r\n<h2>\u00ab La nuit o\u00f9 nous nous sommes fianc\u00e9s avec photo \u00bb : l&#8217;artisanat de l&#8217;amour et des souvenirs<\/h2>\r\n\r\n<p>Transformez les moments qui vous sont chers en une magnifique \u0153uvre d&#8217;art gr\u00e2ce \u00e0 notre cr\u00e9ateur en ligne. S\u00e9lectionnez votre style pr\u00e9f\u00e9r\u00e9, incluez des \u00e9l\u00e9ments c\u00e9lestes comme les constellations et la Voie lact\u00e9e, et personnalisez avec un titre in\u00e9dit. Saisissez une date et un emplacement, et voyez la carte des \u00e9toiles prendre vie dans l&#8217;aper\u00e7u en ligne. Ajoutez votre photo de fian\u00e7ailles pr\u00e9f\u00e9r\u00e9e pour compl\u00e9ter ce chef-d&#8217; \u0153uvre.<\/p>\r\n\r\n<p>\u00ab La nuit o\u00f9 nous nous sommes fianc\u00e9s avec photo \u00bb est une vision \u00e9blouissante du ciel nocturne le soir o\u00f9 vous avez prononc\u00e9 ce \u00ab oui \u00bb. Il s&#8217;agit d&#8217;une repr\u00e9sentation d\u00e9taill\u00e9e des \u00e9toiles qui ont illumin\u00e9 le ciel lors de vos fian\u00e7ailles.<\/p>\r\n\r\n<h2>Le cadeau de fian\u00e7ailles parfait et un souvenir imp\u00e9rissable<\/h2>\r\n\r\n<p>Ce don va au-del\u00e0 du simple cadeau. C&#8217;est un hommage \u00e0 votre amour et \u00e0 votre engagement mutuel. C&#8217;est le cadeau parfait pour des amis qui viennent de se fiancer ou pour t\u00e9moigner votre affection \u00e0 votre partenaire. Le titre, \u00ab La nuit o\u00f9 nous nous sommes fianc\u00e9s \u00bb, saura exprimer la chaleur et l&#8217;\u00e9motion de ce moment si particulier.<\/p>\r\n\r\n<p>\u00ab La nuit o\u00f9 nous nous sommes fianc\u00e9s avec photo \u00bb est un pr\u00e9cieux souvenir de votre amour et des moments que vous avez partag\u00e9s. Chaque fois que vous contemplerez cette carte stellaire en combinaison avec votre photo, vous vous rappellerez de cette nuit tant aim\u00e9e, ravivant les \u00e9motions et la joie que vous avez \u00e9prouv\u00e9es lors de vos fian\u00e7ailles. Faites en sorte que votre cadeau romantique soit inoubliable avec ce chef-d&#8217; \u0153uvre personnalis\u00e9, en c\u00e9l\u00e9brant l&#8217;amour qui vous a r\u00e9unis.<\/p>","protected":false},"excerpt":{"rendered":"<ul class=\"check-list\">\n<li>Capturez le ciel \u00e9toil\u00e9 au moment pr\u00e9cis de vos fian\u00e7ailles et ajoutez une photo qui vous est ch\u00e8re<\/li>\n<li>Ajoutez des constellations \u00e0 votre carte stellaire et choisissez une photo<\/li>\n<li>Personnalisez-l\u00e0 en 3 \u00e9tapes simples<\/li>\n<li>Int\u00e9grez un texte personnalis\u00e9 \u00e9loquent<\/li>\n<li>Vois le r\u00e9sultat imm\u00e9diatement \u2013 l\u2019aper\u00e7u interactif te permet de peaufiner chaque d\u00e9tail<\/li>\n<\/ul>\n","protected":false},"featured_media":1248955,"template":"","meta":[],"product_brand":[],"product_cat":[8822,5276,104,9760],"product_tag":[17670,8432],"class_list":{"0":"post-1072392","1":"product","2":"type-product","3":"status-publish","4":"has-post-thumbnail","6":"product_cat-duo-stars-fr","7":"product_cat-cadeaux-de-fiancailles-idees-cadeaux","8":"product_cat-tous-les-produits","9":"product_cat-trending-label-fr","10":"product_tag-engagement-fr","11":"product_tag-fiancailles","13":"first","14":"instock","15":"sale","16":"taxable","17":"shipping-taxable","18":"purchasable","19":"product-type-variable"},"yoast_head":"<!-- This site is optimized with the Yoast SEO Premium plugin v27.2 (Yoast SEO v27.2) - https:\/\/yoast.com\/product\/yoast-seo-premium-wordpress\/ -->\n<title>La nuit o\u00f9 nous nous sommes fianc\u00e9s avec photo - Positive Prints<\/title>\n<meta name=\"description\" content=\"Rendez hommage \u00e0 la merveilleuse aventure de l&#039;amour avec \u00ab La nuit o\u00f9 nous nous sommes fianc\u00e9s avec photo \u00bb. Cette cr\u00e9ation artistique exceptionnelle immortalise le ciel \u00e9toil\u00e9 lors de vos fian\u00e7ailles\" \/>\n<meta name=\"robots\" content=\"index, follow, max-snippet:-1, max-image-preview:large, max-video-preview:-1\" \/>\n<link rel=\"canonical\" href=\"https:\/\/positiveprints.com\/fr\/produit\/la-nuit-ou-nous-nous-sommes-fiances-avec-photo\/\" \/>\n<meta property=\"og:locale\" content=\"fr_FR\" \/>\n<meta property=\"og:type\" content=\"article\" \/>\n<meta property=\"og:title\" content=\"La nuit o\u00f9 nous nous sommes fianc\u00e9s avec photo\" \/>\n<meta property=\"og:description\" content=\"Capturez le ciel \u00e9toil\u00e9 au moment pr\u00e9cis de vos fian\u00e7ailles et ajoutez une photo qui vous est ch\u00e8re Ajoutez des constellations \u00e0 votre carte stellaire et choisissez une photo Personnalisez-l\u00e0 en 3 \u00e9tapes simples Int\u00e9grez un texte personnalis\u00e9 \u00e9loquent Vois le r\u00e9sultat imm\u00e9diatement \u2013 l\u2019aper\u00e7u interactif te permet de peaufiner chaque d\u00e9tail\" \/>\n<meta property=\"og:url\" content=\"https:\/\/positiveprints.com\/fr\/produit\/la-nuit-ou-nous-nous-sommes-fiances-avec-photo\/\" \/>\n<meta property=\"og:site_name\" content=\"Positive Prints\" \/>\n<meta property=\"article:publisher\" content=\"https:\/\/www.facebook.com\/positiveprintscom\" \/>\n<meta property=\"article:modified_time\" content=\"2026-04-03T02:02:26+00:00\" \/>\n<meta property=\"og:image\" content=\"https:\/\/positiveprints.com\/wp-content\/uploads\/2024\/11\/FR_PACKSHOT_The-Night-We-Got-Engaged-with-Photo-product-image-.webp\" \/>\n\t<meta property=\"og:image:width\" content=\"1450\" \/>\n\t<meta property=\"og:image:height\" content=\"1450\" \/>\n\t<meta property=\"og:image:type\" content=\"image\/webp\" \/>\n<meta name=\"twitter:card\" content=\"summary_large_image\" \/>\n<meta name=\"twitter:label1\" content=\"Dur\u00e9e de lecture estim\u00e9e\" \/>\n\t<meta name=\"twitter:data1\" content=\"2 minutes\" \/>\n<!-- \/ Yoast SEO Premium plugin. -->","yoast_head_json":{"title":"La nuit o\u00f9 nous nous sommes fianc\u00e9s avec photo - Positive Prints","description":"Rendez hommage \u00e0 la merveilleuse aventure de l'amour avec \u00ab La nuit o\u00f9 nous nous sommes fianc\u00e9s avec photo \u00bb. Cette cr\u00e9ation artistique exceptionnelle immortalise le ciel \u00e9toil\u00e9 lors de vos fian\u00e7ailles","robots":{"index":"index","follow":"follow","max-snippet":"max-snippet:-1","max-image-preview":"max-image-preview:large","max-video-preview":"max-video-preview:-1"},"canonical":"https:\/\/positiveprints.com\/fr\/produit\/la-nuit-ou-nous-nous-sommes-fiances-avec-photo\/","og_locale":"fr_FR","og_type":"article","og_title":"La nuit o\u00f9 nous nous sommes fianc\u00e9s avec photo","og_description":"Capturez le ciel \u00e9toil\u00e9 au moment pr\u00e9cis de vos fian\u00e7ailles et ajoutez une photo qui vous est ch\u00e8re Ajoutez des constellations \u00e0 votre carte stellaire et choisissez une photo Personnalisez-l\u00e0 en 3 \u00e9tapes simples Int\u00e9grez un texte personnalis\u00e9 \u00e9loquent Vois le r\u00e9sultat imm\u00e9diatement \u2013 l\u2019aper\u00e7u interactif te permet de peaufiner chaque d\u00e9tail","og_url":"https:\/\/positiveprints.com\/fr\/produit\/la-nuit-ou-nous-nous-sommes-fiances-avec-photo\/","og_site_name":"Positive Prints","article_publisher":"https:\/\/www.facebook.com\/positiveprintscom","article_modified_time":"2026-04-03T02:02:26+00:00","og_image":[{"width":1450,"height":1450,"url":"https:\/\/positiveprints.com\/wp-content\/uploads\/2024\/11\/FR_PACKSHOT_The-Night-We-Got-Engaged-with-Photo-product-image-.webp","type":"image\/webp"}],"twitter_card":"summary_large_image","twitter_misc":{"Dur\u00e9e de lecture estim\u00e9e":"2 minutes"},"schema":{"@context":"https:\/\/schema.org","@graph":[{"@type":["WebPage","ItemPage"],"@id":"https:\/\/positiveprints.com\/fr\/produit\/la-nuit-ou-nous-nous-sommes-fiances-avec-photo\/","url":"https:\/\/positiveprints.com\/fr\/produit\/la-nuit-ou-nous-nous-sommes-fiances-avec-photo\/","name":"La nuit o\u00f9 nous nous sommes fianc\u00e9s avec photo - Positive Prints","isPartOf":{"@id":"https:\/\/positiveprints.com\/fr\/#website"},"primaryImageOfPage":{"@id":"https:\/\/positiveprints.com\/fr\/produit\/la-nuit-ou-nous-nous-sommes-fiances-avec-photo\/#primaryimage"},"image":{"@id":"https:\/\/positiveprints.com\/fr\/produit\/la-nuit-ou-nous-nous-sommes-fiances-avec-photo\/#primaryimage"},"thumbnailUrl":"https:\/\/positiveprints.com\/wp-content\/uploads\/2024\/11\/FR_PACKSHOT_The-Night-We-Got-Engaged-with-Photo-product-image-.webp","datePublished":"2023-10-25T11:22:35+00:00","dateModified":"2026-04-03T02:02:26+00:00","description":"Rendez hommage \u00e0 la merveilleuse aventure de l'amour avec \u00ab La nuit o\u00f9 nous nous sommes fianc\u00e9s avec photo \u00bb. Cette cr\u00e9ation artistique exceptionnelle immortalise le ciel \u00e9toil\u00e9 lors de vos fian\u00e7ailles","breadcrumb":{"@id":"https:\/\/positiveprints.com\/fr\/produit\/la-nuit-ou-nous-nous-sommes-fiances-avec-photo\/#breadcrumb"},"inLanguage":"fr-FR","potentialAction":[{"@type":"ReadAction","target":["https:\/\/positiveprints.com\/fr\/produit\/la-nuit-ou-nous-nous-sommes-fiances-avec-photo\/"]}]},{"@type":"ImageObject","inLanguage":"fr-FR","@id":"https:\/\/positiveprints.com\/fr\/produit\/la-nuit-ou-nous-nous-sommes-fiances-avec-photo\/#primaryimage","url":"https:\/\/positiveprints.com\/wp-content\/uploads\/2024\/11\/FR_PACKSHOT_The-Night-We-Got-Engaged-with-Photo-product-image-.webp","contentUrl":"https:\/\/positiveprints.com\/wp-content\/uploads\/2024\/11\/FR_PACKSHOT_The-Night-We-Got-Engaged-with-Photo-product-image-.webp","width":1450,"height":1450},{"@type":"BreadcrumbList","@id":"https:\/\/positiveprints.com\/fr\/produit\/la-nuit-ou-nous-nous-sommes-fiances-avec-photo\/#breadcrumb","itemListElement":[{"@type":"ListItem","position":1,"name":"Home","item":"https:\/\/positiveprints.com\/fr\/"},{"@type":"ListItem","position":2,"name":"Produits","item":"https:\/\/positiveprints.com\/fr\/shop\/"},{"@type":"ListItem","position":3,"name":"La nuit o\u00f9 nous nous sommes fianc\u00e9s avec photo"}]},{"@type":"WebSite","@id":"https:\/\/positiveprints.com\/fr\/#website","url":"https:\/\/positiveprints.com\/fr\/","name":"Positive Prints","description":"Amazing Custom Personalized Gifts","publisher":{"@id":"https:\/\/positiveprints.com\/fr\/#organization"},"potentialAction":[{"@type":"SearchAction","target":{"@type":"EntryPoint","urlTemplate":"https:\/\/positiveprints.com\/fr\/?s={search_term_string}"},"query-input":{"@type":"PropertyValueSpecification","valueRequired":true,"valueName":"search_term_string"}}],"inLanguage":"fr-FR"},{"@type":"Organization","@id":"https:\/\/positiveprints.com\/fr\/#organization","name":"Positive Prints","alternateName":"Positive Prints","url":"https:\/\/positiveprints.com\/fr\/","logo":{"@type":"ImageObject","inLanguage":"fr-FR","@id":"https:\/\/positiveprints.com\/fr\/#\/schema\/logo\/image\/","url":"https:\/\/positiveprints.com\/wp-content\/uploads\/2026\/03\/245815646_1337939713319158_5671353136411139666_n.png","contentUrl":"https:\/\/positiveprints.com\/wp-content\/uploads\/2026\/03\/245815646_1337939713319158_5671353136411139666_n.png","width":800,"height":800,"caption":"Positive Prints"},"image":{"@id":"https:\/\/positiveprints.com\/fr\/#\/schema\/logo\/image\/"},"sameAs":["https:\/\/www.facebook.com\/positiveprintscom","https:\/\/www.instagram.com\/positiveprintscom\/","https:\/\/www.tiktok.com\/@positiveprintscom","https:\/\/www.pinterest.com\/positiveprintscom\/"]}]}},"jetpack_sharing_enabled":true,"_links":{"self":[{"href":"https:\/\/positiveprints.com\/fr\/wp-json\/wp\/v2\/product\/1072392","targetHints":{"allow":["GET"]}}],"collection":[{"href":"https:\/\/positiveprints.com\/fr\/wp-json\/wp\/v2\/product"}],"about":[{"href":"https:\/\/positiveprints.com\/fr\/wp-json\/wp\/v2\/types\/product"}],"wp:featuredmedia":[{"embeddable":true,"href":"https:\/\/positiveprints.com\/fr\/wp-json\/wp\/v2\/media\/1248955"}],"wp:attachment":[{"href":"https:\/\/positiveprints.com\/fr\/wp-json\/wp\/v2\/media?parent=1072392"}],"wp:term":[{"taxonomy":"product_brand","embeddable":true,"href":"https:\/\/positiveprints.com\/fr\/wp-json\/wp\/v2\/product_brand?post=1072392"},{"taxonomy":"product_cat","embeddable":true,"href":"https:\/\/positiveprints.com\/fr\/wp-json\/wp\/v2\/product_cat?post=1072392"},{"taxonomy":"product_tag","embeddable":true,"href":"https:\/\/positiveprints.com\/fr\/wp-json\/wp\/v2\/product_tag?post=1072392"}],"curies":[{"name":"wp","href":"https:\/\/api.w.org\/{rel}","templated":true}]}}