{"id":1072265,"date":"2023-10-24T14:26:46","date_gmt":"2023-10-24T13:26:46","guid":{"rendered":"https:\/\/positiveprints.com\/?post_type=product&#038;p=1072265"},"modified":"2026-04-23T11:15:21","modified_gmt":"2026-04-23T10:15:21","slug":"les-etoiles-de-la-nuit-ou-nous-nous-sommes-rencontres-avec-photo","status":"publish","type":"product","link":"https:\/\/positiveprints.com\/fr\/produit\/les-etoiles-de-la-nuit-ou-nous-nous-sommes-rencontres-avec-photo\/","title":{"rendered":"Les \u00e9toiles de la nuit o\u00f9 nous nous sommes rencontr\u00e9s avec photo"},"content":{"rendered":"<p>Romantisme et contemplation des \u00e9toiles s&#8217;unissent dans \u00ab Les \u00e9toiles de la nuit o\u00f9 nous nous sommes rencontr\u00e9s avec photo \u00bb Qu&#8217;il s&#8217;agisse d&#8217;un jubil\u00e9, de la Saint-Valentin, de No\u00ebl ou de l&#8217;anniversaire de votre bien-aim\u00e9\u2022e, ce pr\u00e9sent \u00e9veillera les flammes de l&#8217;amour. Ravivez la magie de la nuit ou vous vous \u00eates rencontr\u00e9s avec une carte stellaire et une photo de votre couple. \u00ab Les \u00e9toiles de la nuit o\u00f9 nous nous sommes rencontr\u00e9s \u00bb embellira l&#8217;\u0153uvre entant que titre principal.<\/p>\r\n\r\n<h2>Comment cr\u00e9er une \u00ab Les \u00e9toiles de la nuit o\u00f9 nous nous sommes rencontr\u00e9s avec photo \u00bb<\/h2>\r\n\r\n<p>Transformez vos souvenirs en une v\u00e9ritable \u0153uvre d&#8217;art gr\u00e2ce \u00e0 notre cr\u00e9ateur en ligne. Choisissez votre style, choisissez des \u00e9l\u00e9ments c\u00e9lestes comme les constellations et la Voie lact\u00e9e, et faites-le v\u00f4tre avec le titre principal. En saisissant la date et le lieu de cette nuit inoubliable, vous pourrez admirer la carte des \u00e9toiles prendre vie dans l&#8217;aper\u00e7u en ligne. Ajoutez votre photo favorite et votre chef-d&#8217; \u0153uvre plein de romance est termin\u00e9.<\/p>\r\n\r\n<p>Le ciel nocturne de \u00ab Les \u00e9toiles de la nuit o\u00f9 nous nous sommes rencontr\u00e9s avec photo \u00bb est comme une capture \u00e9ternelle de l&#8217;instant o\u00f9 votre histoire d&#8217;amour a commenc\u00e9, immortalis\u00e9 dans une \u0153uvre d&#8217;art. C&#8217;est une belle repr\u00e9sentation des \u00e9toiles qui ornaient le ciel lorsque vous avez partag\u00e9 ce moment idyllique.<\/p>\r\n\r\n<h2>Le cadeau romantique id\u00e9al et un souvenir p\u00e9renne<\/h2>\r\n\r\n<p>Ce pr\u00e9sent exceptionnel est l&#8217;aboutissement ultime de la romance. Ce n&#8217;est pas uniquement destin\u00e9 aux anniversaires ou \u00e0 la Saint-Valentin. Il est destin\u00e9 \u00e0 tous les moments o\u00f9 vous souhaitez c\u00e9l\u00e9brer l&#8217;amour que vous partagez. Le titre principal, \u00ab Les \u00e9toiles de la nuit o\u00f9 nous nous sommes rencontr\u00e9s \u00bb, renferme l&#8217;aura enchanteresse de cette nuit exceptionnelle.<\/p>\r\n\r\n<p>\u00ab Les \u00e9toiles de la nuit o\u00f9 nous nous sommes rencontr\u00e9s avec photo \u00bb c&#8217;est une histoire d&#8217;amour qui s&#8217;affiche. Ce t\u00e9moignage est un hommage \u00e0 votre amour et aux souvenirs qui vous ont rapproch\u00e9s. Chaque fois que vous jetterez un coup d&#8217;\u0153il \u00e0 cette carte stellaire avec votre photo, vous rappellerez les sentiments de cette nuit magique, cr\u00e9ant ainsi un souvenir imp\u00e9rissable de votre histoire d&#8217;amour. Faites en sorte que votre cadeau romantique soit inoubliable avec ce chef-d&#8217; \u0153uvre personnalis\u00e9.<\/p>","protected":false},"excerpt":{"rendered":"<ul class=\"check-list\">\n<li>Ravivez la magie de la nuit ou vous vous \u00eates rencontr\u00e9s avec une carte stellaire et une photo<\/li>\n<li>Ajoutez des constellations \u00e0 votre carte stellaire et choisissez une photo<\/li>\n<li>Personnalisez-l\u00e0 en 3 \u00e9tapes simples<\/li>\n<li>Int\u00e9grez un texte personnalis\u00e9 \u00e9loquent<\/li>\n<li>Vois le r\u00e9sultat imm\u00e9diatement \u2013 l\u2019aper\u00e7u interactif te permet de peaufiner chaque d\u00e9tail<\/li>\n<\/ul>\n","protected":false},"featured_media":1258956,"template":"","meta":[],"product_brand":[],"product_cat":[8822,8194,8217,104,7925,5264,11395,11396,11392,11388,11402,11397,8006,7670,7638,7685,7781,7749,7797,3118,11245,11246],"product_tag":[14849,11790,11793,11792,11767,11795,11753,15452,17443,17442,17441,17440],"class_list":{"0":"post-1072265","1":"product","2":"type-product","3":"status-publish","4":"has-post-thumbnail","6":"product_cat-duo-stars-fr","7":"product_cat-pour-elle","8":"product_cat-pour-lui","9":"product_cat-tous-les-produits","10":"product_cat-cadeaux-denterrement-de-vie-de-jeune-fille","11":"product_cat-cadeaux-de-noel","12":"product_cat-cadeaux-de-noel-pour-femme","13":"product_cat-cadeaux-de-noel-pour-homme","14":"product_cat-cadeaux-de-noel-pour-sa-copine","15":"product_cat-cadeaux-de-noel-pour-son-petit-copain","16":"product_cat-cadeaux-de-noel-pour-sa-femme","17":"product_cat-cadeaux-de-noel-pour-le-mari","18":"product_cat-cadeaux-pour-hommes","19":"product_cat-cadeaux-pour-petit-ami","20":"product_cat-cadeaux-pour-mari","21":"product_cat-cadeaux-pour-femmes","22":"product_cat-cadeaux-pour-petite-amie","23":"product_cat-cadeaux-pour-epouse","24":"product_cat-cadeaux-pour-couple","25":"product_cat-cadeaux-saint-valentin","26":"product_cat-cadeaux-de-saint-valentin-pour-elle","27":"product_cat-cadeaux-de-saint-valentin-pour-lui","28":"product_tag-anniversary-fr","29":"product_tag-cadeaux-de-noel-pour-elle","30":"product_tag-cadeaux-de-noel-pour-le-mari","31":"product_tag-cadeaux-de-noel-pour-lui","32":"product_tag-cadeaux-de-noel-pour-sa-copine","33":"product_tag-cadeaux-de-noel-pour-sa-femme","34":"product_tag-cadeaux-de-noel-pour-son-petit-copain","35":"product_tag-ciel-rencontre","36":"product_tag-prezenty-pod-choinke-dla-chlopaka-fr","37":"product_tag-prezenty-pod-choinke-dla-dziewczyny-fr","38":"product_tag-prezenty-pod-choinke-dla-niego-fr","39":"product_tag-prezenty-pod-choinke-dla-niej-fr","41":"first","42":"instock","43":"sale","44":"taxable","45":"shipping-taxable","46":"purchasable","47":"product-type-variable"},"yoast_head":"<!-- This site is optimized with the Yoast SEO Premium plugin v27.2 (Yoast SEO v27.2) - https:\/\/yoast.com\/product\/yoast-seo-premium-wordpress\/ -->\n<title>Les \u00e9toiles de la nuit o\u00f9 nous nous sommes rencontr\u00e9s avec photo - Positive Prints<\/title>\n<meta name=\"description\" content=\"\u00abLes \u00e9toiles de la nuit o\u00f9 nous nous sommes rencontr\u00e9s avec photo \u00bb, c&#039;est une histoire d&#039;amour \u00e0 l&#039;affiche. Ce t\u00e9moignage est un hommage \u00e0 votre amour et aux souvenirs qui vous ont rapproch\u00e9s.\" \/>\n<meta name=\"robots\" content=\"index, follow, max-snippet:-1, max-image-preview:large, max-video-preview:-1\" \/>\n<link rel=\"canonical\" href=\"https:\/\/positiveprints.com\/fr\/produit\/les-etoiles-de-la-nuit-ou-nous-nous-sommes-rencontres-avec-photo\/\" \/>\n<meta property=\"og:locale\" content=\"fr_FR\" \/>\n<meta property=\"og:type\" content=\"article\" \/>\n<meta property=\"og:title\" content=\"Les \u00e9toiles de la nuit o\u00f9 nous nous sommes rencontr\u00e9s avec photo\" \/>\n<meta property=\"og:description\" content=\"Ravivez la magie de la nuit ou vous vous \u00eates rencontr\u00e9s avec une carte stellaire et une photo Ajoutez des constellations \u00e0 votre carte stellaire et choisissez une photo Personnalisez-l\u00e0 en 3 \u00e9tapes simples Int\u00e9grez un texte personnalis\u00e9 \u00e9loquent Vois le r\u00e9sultat imm\u00e9diatement \u2013 l\u2019aper\u00e7u interactif te permet de peaufiner chaque d\u00e9tail\" \/>\n<meta property=\"og:url\" content=\"https:\/\/positiveprints.com\/fr\/produit\/les-etoiles-de-la-nuit-ou-nous-nous-sommes-rencontres-avec-photo\/\" \/>\n<meta property=\"og:site_name\" content=\"Positive Prints\" \/>\n<meta property=\"article:publisher\" content=\"https:\/\/www.facebook.com\/positiveprintscom\" \/>\n<meta property=\"article:modified_time\" content=\"2026-04-23T10:15:21+00:00\" \/>\n<meta property=\"og:image\" content=\"https:\/\/positiveprints.com\/wp-content\/uploads\/2024\/11\/FR_PACKSHOT_Stars-the-Night-We-Met-with-Photo-product-image-.webp\" \/>\n\t<meta property=\"og:image:width\" content=\"1450\" \/>\n\t<meta property=\"og:image:height\" content=\"1450\" \/>\n\t<meta property=\"og:image:type\" content=\"image\/webp\" \/>\n<meta name=\"twitter:card\" content=\"summary_large_image\" \/>\n<!-- \/ Yoast SEO Premium plugin. -->","yoast_head_json":{"title":"Les \u00e9toiles de la nuit o\u00f9 nous nous sommes rencontr\u00e9s avec photo - Positive Prints","description":"\u00abLes \u00e9toiles de la nuit o\u00f9 nous nous sommes rencontr\u00e9s avec photo \u00bb, c'est une histoire d'amour \u00e0 l'affiche. Ce t\u00e9moignage est un hommage \u00e0 votre amour et aux souvenirs qui vous ont rapproch\u00e9s.","robots":{"index":"index","follow":"follow","max-snippet":"max-snippet:-1","max-image-preview":"max-image-preview:large","max-video-preview":"max-video-preview:-1"},"canonical":"https:\/\/positiveprints.com\/fr\/produit\/les-etoiles-de-la-nuit-ou-nous-nous-sommes-rencontres-avec-photo\/","og_locale":"fr_FR","og_type":"article","og_title":"Les \u00e9toiles de la nuit o\u00f9 nous nous sommes rencontr\u00e9s avec photo","og_description":"Ravivez la magie de la nuit ou vous vous \u00eates rencontr\u00e9s avec une carte stellaire et une photo Ajoutez des constellations \u00e0 votre carte stellaire et choisissez une photo Personnalisez-l\u00e0 en 3 \u00e9tapes simples Int\u00e9grez un texte personnalis\u00e9 \u00e9loquent Vois le r\u00e9sultat imm\u00e9diatement \u2013 l\u2019aper\u00e7u interactif te permet de peaufiner chaque d\u00e9tail","og_url":"https:\/\/positiveprints.com\/fr\/produit\/les-etoiles-de-la-nuit-ou-nous-nous-sommes-rencontres-avec-photo\/","og_site_name":"Positive Prints","article_publisher":"https:\/\/www.facebook.com\/positiveprintscom","article_modified_time":"2026-04-23T10:15:21+00:00","og_image":[{"width":1450,"height":1450,"url":"https:\/\/positiveprints.com\/wp-content\/uploads\/2024\/11\/FR_PACKSHOT_Stars-the-Night-We-Met-with-Photo-product-image-.webp","type":"image\/webp"}],"twitter_card":"summary_large_image","schema":{"@context":"https:\/\/schema.org","@graph":[{"@type":["WebPage","ItemPage"],"@id":"https:\/\/positiveprints.com\/fr\/produit\/les-etoiles-de-la-nuit-ou-nous-nous-sommes-rencontres-avec-photo\/","url":"https:\/\/positiveprints.com\/fr\/produit\/les-etoiles-de-la-nuit-ou-nous-nous-sommes-rencontres-avec-photo\/","name":"Les \u00e9toiles de la nuit o\u00f9 nous nous sommes rencontr\u00e9s avec photo - Positive Prints","isPartOf":{"@id":"https:\/\/positiveprints.com\/fr\/#website"},"primaryImageOfPage":{"@id":"https:\/\/positiveprints.com\/fr\/produit\/les-etoiles-de-la-nuit-ou-nous-nous-sommes-rencontres-avec-photo\/#primaryimage"},"image":{"@id":"https:\/\/positiveprints.com\/fr\/produit\/les-etoiles-de-la-nuit-ou-nous-nous-sommes-rencontres-avec-photo\/#primaryimage"},"thumbnailUrl":"https:\/\/positiveprints.com\/wp-content\/uploads\/2024\/11\/FR_PACKSHOT_Stars-the-Night-We-Met-with-Photo-product-image-.webp","datePublished":"2023-10-24T13:26:46+00:00","dateModified":"2026-04-23T10:15:21+00:00","description":"\u00abLes \u00e9toiles de la nuit o\u00f9 nous nous sommes rencontr\u00e9s avec photo \u00bb, c'est une histoire d'amour \u00e0 l'affiche. Ce t\u00e9moignage est un hommage \u00e0 votre amour et aux souvenirs qui vous ont rapproch\u00e9s.","breadcrumb":{"@id":"https:\/\/positiveprints.com\/fr\/produit\/les-etoiles-de-la-nuit-ou-nous-nous-sommes-rencontres-avec-photo\/#breadcrumb"},"inLanguage":"fr-FR","potentialAction":[{"@type":"ReadAction","target":["https:\/\/positiveprints.com\/fr\/produit\/les-etoiles-de-la-nuit-ou-nous-nous-sommes-rencontres-avec-photo\/"]}]},{"@type":"ImageObject","inLanguage":"fr-FR","@id":"https:\/\/positiveprints.com\/fr\/produit\/les-etoiles-de-la-nuit-ou-nous-nous-sommes-rencontres-avec-photo\/#primaryimage","url":"https:\/\/positiveprints.com\/wp-content\/uploads\/2024\/11\/FR_PACKSHOT_Stars-the-Night-We-Met-with-Photo-product-image-.webp","contentUrl":"https:\/\/positiveprints.com\/wp-content\/uploads\/2024\/11\/FR_PACKSHOT_Stars-the-Night-We-Met-with-Photo-product-image-.webp","width":1450,"height":1450},{"@type":"BreadcrumbList","@id":"https:\/\/positiveprints.com\/fr\/produit\/les-etoiles-de-la-nuit-ou-nous-nous-sommes-rencontres-avec-photo\/#breadcrumb","itemListElement":[{"@type":"ListItem","position":1,"name":"Home","item":"https:\/\/positiveprints.com\/fr\/"},{"@type":"ListItem","position":2,"name":"Produits","item":"https:\/\/positiveprints.com\/fr\/shop\/"},{"@type":"ListItem","position":3,"name":"Les \u00e9toiles de la nuit o\u00f9 nous nous sommes rencontr\u00e9s avec photo"}]},{"@type":"WebSite","@id":"https:\/\/positiveprints.com\/fr\/#website","url":"https:\/\/positiveprints.com\/fr\/","name":"Positive Prints","description":"Amazing Custom Personalized Gifts","publisher":{"@id":"https:\/\/positiveprints.com\/fr\/#organization"},"potentialAction":[{"@type":"SearchAction","target":{"@type":"EntryPoint","urlTemplate":"https:\/\/positiveprints.com\/fr\/?s={search_term_string}"},"query-input":{"@type":"PropertyValueSpecification","valueRequired":true,"valueName":"search_term_string"}}],"inLanguage":"fr-FR"},{"@type":"Organization","@id":"https:\/\/positiveprints.com\/fr\/#organization","name":"Positive Prints","alternateName":"Positive Prints","url":"https:\/\/positiveprints.com\/fr\/","logo":{"@type":"ImageObject","inLanguage":"fr-FR","@id":"https:\/\/positiveprints.com\/fr\/#\/schema\/logo\/image\/","url":"https:\/\/positiveprints.com\/wp-content\/uploads\/2026\/03\/245815646_1337939713319158_5671353136411139666_n.png","contentUrl":"https:\/\/positiveprints.com\/wp-content\/uploads\/2026\/03\/245815646_1337939713319158_5671353136411139666_n.png","width":800,"height":800,"caption":"Positive Prints"},"image":{"@id":"https:\/\/positiveprints.com\/fr\/#\/schema\/logo\/image\/"},"sameAs":["https:\/\/www.facebook.com\/positiveprintscom","https:\/\/www.instagram.com\/positiveprintscom\/","https:\/\/www.tiktok.com\/@positiveprintscom","https:\/\/www.pinterest.com\/positiveprintscom\/"]}]}},"jetpack_sharing_enabled":true,"_links":{"self":[{"href":"https:\/\/positiveprints.com\/fr\/wp-json\/wp\/v2\/product\/1072265","targetHints":{"allow":["GET"]}}],"collection":[{"href":"https:\/\/positiveprints.com\/fr\/wp-json\/wp\/v2\/product"}],"about":[{"href":"https:\/\/positiveprints.com\/fr\/wp-json\/wp\/v2\/types\/product"}],"wp:featuredmedia":[{"embeddable":true,"href":"https:\/\/positiveprints.com\/fr\/wp-json\/wp\/v2\/media\/1258956"}],"wp:attachment":[{"href":"https:\/\/positiveprints.com\/fr\/wp-json\/wp\/v2\/media?parent=1072265"}],"wp:term":[{"taxonomy":"product_brand","embeddable":true,"href":"https:\/\/positiveprints.com\/fr\/wp-json\/wp\/v2\/product_brand?post=1072265"},{"taxonomy":"product_cat","embeddable":true,"href":"https:\/\/positiveprints.com\/fr\/wp-json\/wp\/v2\/product_cat?post=1072265"},{"taxonomy":"product_tag","embeddable":true,"href":"https:\/\/positiveprints.com\/fr\/wp-json\/wp\/v2\/product_tag?post=1072265"}],"curies":[{"name":"wp","href":"https:\/\/api.w.org\/{rel}","templated":true}]}}