{"id":1072167,"date":"2023-10-25T09:23:42","date_gmt":"2023-10-25T08:23:42","guid":{"rendered":"https:\/\/positiveprints.com\/?post_type=product&#038;p=1072167"},"modified":"2026-04-28T14:05:43","modified_gmt":"2026-04-28T13:05:43","slug":"carte-stellaire-avec-photo-pour-anniversaires","status":"publish","type":"product","link":"https:\/\/positiveprints.com\/fr\/produit\/carte-stellaire-avec-photo-pour-anniversaires\/","title":{"rendered":"Carte stellaire avec photo pour anniversaires"},"content":{"rendered":"<p>C\u00e9l\u00e9brez votre histoire d&#8217;amour avec la \u00ab Carte stellaire avec photo pour anniversaires \u00bb. Qu&#8217;il s&#8217;agisse de votre anniversaire de mariage ou du jour o\u00f9 vous \u00eates officiellement devenus un couple, ce cadeau est un symbole intemporel de votre parcours. Comm\u00e9morez cette journ\u00e9e inoubliable avec une carte des \u00e9toiles et une photo de vous deux qui vous tient \u00e0 c\u0153ur. C&#8217;est le cadeau d&#8217;anniversaire parfait pour mettre en valeur tout votre amour.<\/p>\r\n\r\n<h2>Fa\u00e7onnez des souvenirs avec une carte stellaire avec photo pour anniversaires<\/h2>\r\n\r\n<p>Transformez les moments qui vous sont chers en une magnifique \u0153uvre d&#8217;art gr\u00e2ce \u00e0 notre cr\u00e9ateur en ligne. S\u00e9lectionnez votre style pr\u00e9f\u00e9r\u00e9, incluez des \u00e9l\u00e9ments c\u00e9lestes comme les constellations et la Voie lact\u00e9e, et personnalisez avec un titre in\u00e9dit. Entrez la date et le lieu de la journ\u00e9e la plus importante \u00e0 vos yeux et contemplez la carte stellaire qui prend vie dans l&#8217;aper\u00e7u en ligne. Ajoutez votre photo et votre chef-d&#8217; \u0153uvre personnalis\u00e9 est d\u00e9j\u00e0 termin\u00e9.<\/p>\r\n\r\n<p>La \u00ab Carte stellaire avec photo pour anniversaires \u00bb est une repr\u00e9sentation stup\u00e9fiante du ciel nocturne le jour o\u00f9 vous vous \u00eates unis ou avez \u00e9chang\u00e9 vos v\u0153ux. C&#8217;est une carte d\u00e9taill\u00e9e des \u00e9toiles qui ont illumin\u00e9s le ciel de milles feux lors de cet \u00e9v\u00e8nement inoubliable.<\/p>\r\n\r\n<h2>Le cadeau d&#8217;anniversaire sans failles et un souvenir p\u00e9renne<\/h2>\r\n\r\n<p>Ce cadeau ravissant est con\u00e7u pour c\u00e9l\u00e9brer votre parcours en commun. Ce n&#8217;est pas uniquement destin\u00e9 aux anniversaires de mariage, mais \u00e9galement \u00e0 la c\u00e9l\u00e9bration o\u00f9 vous \u00eates officiellement devenus un couple. Le titre personnalis\u00e9 apporte une touche nostalgique et chaleureuse \u00e0 la c\u00e9l\u00e9bration de votre anniversaire.<\/p>\r\n\r\n<p>La \u00ab Carte stellaire avec photo pour anniversaires \u00bb est bien plus qu&#8217;un cadeau. C&#8217;est le souvenir mat\u00e9rialis\u00e9 de votre histoire d&#8217;amour. C&#8217;est un r\u00e9cit des souvenirs et des instants qui vous ont rapproch\u00e9s. Chaque fois que vous regarderez cette combinaison de carte stellaire et de photo, elle vous ram\u00e8ne \u00e0 ce jour important, ravivant les \u00e9motions et l&#8217;amour que vous avez ressentis. Faites en sorte que cette journ\u00e9e d&#8217;anniversaire fasse la diff\u00e9rence avec ce chef-d&#8217; \u0153uvre personnalis\u00e9.<\/p>","protected":false},"excerpt":{"rendered":"<ul class=\"check-list\">\n<li>C\u00e9l\u00e9brez votre anniversaire avec une carte des \u00e9toiles et votre photo<\/li>\n<li>Ajoutez des constellations \u00e0 votre carte stellaire et choisissez une photo<\/li>\n<li>Personnalisez-l\u00e0 en 3 \u00e9tapes simples<\/li>\n<li>Int\u00e9grez un texte personnalis\u00e9 \u00e9loquent<\/li>\n<li>Vois le r\u00e9sultat imm\u00e9diatement \u2013 l\u2019aper\u00e7u interactif te permet de peaufiner chaque d\u00e9tail<\/li>\n<\/ul>\n","protected":false},"featured_media":1253746,"template":"","meta":[],"product_brand":[],"product_cat":[11175,11176,11177,5328,8822,104],"product_tag":[8371,14849],"class_list":{"0":"post-1072167","1":"product","2":"type-product","3":"status-publish","4":"has-post-thumbnail","6":"product_cat-cadeaux-danniversaire-pour-femme","7":"product_cat-cadeaux-danniversaire-pour-homme","8":"product_cat-cadeaux-danniversaire-pour-couples","9":"product_cat-cadeaux-de-commemorations","10":"product_cat-duo-stars-fr","11":"product_cat-tous-les-produits","12":"product_tag-anniversaire","13":"product_tag-anniversary-fr","15":"first","16":"instock","17":"sale","18":"taxable","19":"shipping-taxable","20":"purchasable","21":"product-type-variable"},"yoast_head":"<!-- This site is optimized with the Yoast SEO Premium plugin v27.2 (Yoast SEO v27.2) - https:\/\/yoast.com\/product\/yoast-seo-premium-wordpress\/ -->\n<title>Carte stellaire avec photo pour anniversaires - Positive Prints<\/title>\n<meta name=\"description\" content=\"C\u00e9l\u00e9brez votre histoire d&#039;amour avec la \u00ab Carte stellaire avec photo pour anniversaires \u00bb. Faites en sorte que cette journ\u00e9e d&#039;anniversaire fasse la diff\u00e9rence avec ce chef-d&#039; \u0153uvre personnalis\u00e9.\" \/>\n<meta name=\"robots\" content=\"index, follow, max-snippet:-1, max-image-preview:large, max-video-preview:-1\" \/>\n<link rel=\"canonical\" href=\"https:\/\/positiveprints.com\/fr\/produit\/carte-stellaire-avec-photo-pour-anniversaires\/\" \/>\n<meta property=\"og:locale\" content=\"fr_FR\" \/>\n<meta property=\"og:type\" content=\"article\" \/>\n<meta property=\"og:title\" content=\"Carte stellaire avec photo pour anniversaires\" \/>\n<meta property=\"og:description\" content=\"C\u00e9l\u00e9brez votre anniversaire avec une carte des \u00e9toiles et votre photo Ajoutez des constellations \u00e0 votre carte stellaire et choisissez une photo Personnalisez-l\u00e0 en 3 \u00e9tapes simples Int\u00e9grez un texte personnalis\u00e9 \u00e9loquent Vois le r\u00e9sultat imm\u00e9diatement \u2013 l\u2019aper\u00e7u interactif te permet de peaufiner chaque d\u00e9tail\" \/>\n<meta property=\"og:url\" content=\"https:\/\/positiveprints.com\/fr\/produit\/carte-stellaire-avec-photo-pour-anniversaires\/\" \/>\n<meta property=\"og:site_name\" content=\"Positive Prints\" \/>\n<meta property=\"article:publisher\" content=\"https:\/\/www.facebook.com\/positiveprintscom\" \/>\n<meta property=\"article:modified_time\" content=\"2026-04-28T13:05:43+00:00\" \/>\n<meta property=\"og:image\" content=\"https:\/\/positiveprints.com\/wp-content\/uploads\/2024\/11\/FR_PACKSHOT_Anniversary-Star-Map-with-Photo-product-image-.webp\" \/>\n\t<meta property=\"og:image:width\" content=\"1450\" \/>\n\t<meta property=\"og:image:height\" content=\"1450\" \/>\n\t<meta property=\"og:image:type\" content=\"image\/webp\" \/>\n<meta name=\"twitter:card\" content=\"summary_large_image\" \/>\n<!-- \/ Yoast SEO Premium plugin. -->","yoast_head_json":{"title":"Carte stellaire avec photo pour anniversaires - Positive Prints","description":"C\u00e9l\u00e9brez votre histoire d'amour avec la \u00ab Carte stellaire avec photo pour anniversaires \u00bb. Faites en sorte que cette journ\u00e9e d'anniversaire fasse la diff\u00e9rence avec ce chef-d' \u0153uvre personnalis\u00e9.","robots":{"index":"index","follow":"follow","max-snippet":"max-snippet:-1","max-image-preview":"max-image-preview:large","max-video-preview":"max-video-preview:-1"},"canonical":"https:\/\/positiveprints.com\/fr\/produit\/carte-stellaire-avec-photo-pour-anniversaires\/","og_locale":"fr_FR","og_type":"article","og_title":"Carte stellaire avec photo pour anniversaires","og_description":"C\u00e9l\u00e9brez votre anniversaire avec une carte des \u00e9toiles et votre photo Ajoutez des constellations \u00e0 votre carte stellaire et choisissez une photo Personnalisez-l\u00e0 en 3 \u00e9tapes simples Int\u00e9grez un texte personnalis\u00e9 \u00e9loquent Vois le r\u00e9sultat imm\u00e9diatement \u2013 l\u2019aper\u00e7u interactif te permet de peaufiner chaque d\u00e9tail","og_url":"https:\/\/positiveprints.com\/fr\/produit\/carte-stellaire-avec-photo-pour-anniversaires\/","og_site_name":"Positive Prints","article_publisher":"https:\/\/www.facebook.com\/positiveprintscom","article_modified_time":"2026-04-28T13:05:43+00:00","og_image":[{"width":1450,"height":1450,"url":"https:\/\/positiveprints.com\/wp-content\/uploads\/2024\/11\/FR_PACKSHOT_Anniversary-Star-Map-with-Photo-product-image-.webp","type":"image\/webp"}],"twitter_card":"summary_large_image","schema":{"@context":"https:\/\/schema.org","@graph":[{"@type":["WebPage","ItemPage"],"@id":"https:\/\/positiveprints.com\/fr\/produit\/carte-stellaire-avec-photo-pour-anniversaires\/","url":"https:\/\/positiveprints.com\/fr\/produit\/carte-stellaire-avec-photo-pour-anniversaires\/","name":"Carte stellaire avec photo pour anniversaires - Positive Prints","isPartOf":{"@id":"https:\/\/positiveprints.com\/fr\/#website"},"primaryImageOfPage":{"@id":"https:\/\/positiveprints.com\/fr\/produit\/carte-stellaire-avec-photo-pour-anniversaires\/#primaryimage"},"image":{"@id":"https:\/\/positiveprints.com\/fr\/produit\/carte-stellaire-avec-photo-pour-anniversaires\/#primaryimage"},"thumbnailUrl":"https:\/\/positiveprints.com\/wp-content\/uploads\/2024\/11\/FR_PACKSHOT_Anniversary-Star-Map-with-Photo-product-image-.webp","datePublished":"2023-10-25T08:23:42+00:00","dateModified":"2026-04-28T13:05:43+00:00","description":"C\u00e9l\u00e9brez votre histoire d'amour avec la \u00ab Carte stellaire avec photo pour anniversaires \u00bb. Faites en sorte que cette journ\u00e9e d'anniversaire fasse la diff\u00e9rence avec ce chef-d' \u0153uvre personnalis\u00e9.","breadcrumb":{"@id":"https:\/\/positiveprints.com\/fr\/produit\/carte-stellaire-avec-photo-pour-anniversaires\/#breadcrumb"},"inLanguage":"fr-FR","potentialAction":[{"@type":"ReadAction","target":["https:\/\/positiveprints.com\/fr\/produit\/carte-stellaire-avec-photo-pour-anniversaires\/"]}]},{"@type":"ImageObject","inLanguage":"fr-FR","@id":"https:\/\/positiveprints.com\/fr\/produit\/carte-stellaire-avec-photo-pour-anniversaires\/#primaryimage","url":"https:\/\/positiveprints.com\/wp-content\/uploads\/2024\/11\/FR_PACKSHOT_Anniversary-Star-Map-with-Photo-product-image-.webp","contentUrl":"https:\/\/positiveprints.com\/wp-content\/uploads\/2024\/11\/FR_PACKSHOT_Anniversary-Star-Map-with-Photo-product-image-.webp","width":1450,"height":1450},{"@type":"BreadcrumbList","@id":"https:\/\/positiveprints.com\/fr\/produit\/carte-stellaire-avec-photo-pour-anniversaires\/#breadcrumb","itemListElement":[{"@type":"ListItem","position":1,"name":"Home","item":"https:\/\/positiveprints.com\/fr\/"},{"@type":"ListItem","position":2,"name":"Produits","item":"https:\/\/positiveprints.com\/fr\/shop\/"},{"@type":"ListItem","position":3,"name":"Carte stellaire avec photo pour anniversaires"}]},{"@type":"WebSite","@id":"https:\/\/positiveprints.com\/fr\/#website","url":"https:\/\/positiveprints.com\/fr\/","name":"Positive Prints","description":"Amazing Custom Personalized Gifts","publisher":{"@id":"https:\/\/positiveprints.com\/fr\/#organization"},"potentialAction":[{"@type":"SearchAction","target":{"@type":"EntryPoint","urlTemplate":"https:\/\/positiveprints.com\/fr\/?s={search_term_string}"},"query-input":{"@type":"PropertyValueSpecification","valueRequired":true,"valueName":"search_term_string"}}],"inLanguage":"fr-FR"},{"@type":"Organization","@id":"https:\/\/positiveprints.com\/fr\/#organization","name":"Positive Prints","alternateName":"Positive Prints","url":"https:\/\/positiveprints.com\/fr\/","logo":{"@type":"ImageObject","inLanguage":"fr-FR","@id":"https:\/\/positiveprints.com\/fr\/#\/schema\/logo\/image\/","url":"https:\/\/positiveprints.com\/wp-content\/uploads\/2026\/03\/245815646_1337939713319158_5671353136411139666_n.png","contentUrl":"https:\/\/positiveprints.com\/wp-content\/uploads\/2026\/03\/245815646_1337939713319158_5671353136411139666_n.png","width":800,"height":800,"caption":"Positive Prints"},"image":{"@id":"https:\/\/positiveprints.com\/fr\/#\/schema\/logo\/image\/"},"sameAs":["https:\/\/www.facebook.com\/positiveprintscom","https:\/\/www.instagram.com\/positiveprintscom\/","https:\/\/www.tiktok.com\/@positiveprintscom","https:\/\/www.pinterest.com\/positiveprintscom\/"]}]}},"jetpack_sharing_enabled":true,"_links":{"self":[{"href":"https:\/\/positiveprints.com\/fr\/wp-json\/wp\/v2\/product\/1072167","targetHints":{"allow":["GET"]}}],"collection":[{"href":"https:\/\/positiveprints.com\/fr\/wp-json\/wp\/v2\/product"}],"about":[{"href":"https:\/\/positiveprints.com\/fr\/wp-json\/wp\/v2\/types\/product"}],"wp:featuredmedia":[{"embeddable":true,"href":"https:\/\/positiveprints.com\/fr\/wp-json\/wp\/v2\/media\/1253746"}],"wp:attachment":[{"href":"https:\/\/positiveprints.com\/fr\/wp-json\/wp\/v2\/media?parent=1072167"}],"wp:term":[{"taxonomy":"product_brand","embeddable":true,"href":"https:\/\/positiveprints.com\/fr\/wp-json\/wp\/v2\/product_brand?post=1072167"},{"taxonomy":"product_cat","embeddable":true,"href":"https:\/\/positiveprints.com\/fr\/wp-json\/wp\/v2\/product_cat?post=1072167"},{"taxonomy":"product_tag","embeddable":true,"href":"https:\/\/positiveprints.com\/fr\/wp-json\/wp\/v2\/product_tag?post=1072167"}],"curies":[{"name":"wp","href":"https:\/\/api.w.org\/{rel}","templated":true}]}}