{"id":1046775,"date":"2024-01-22T12:53:02","date_gmt":"2024-01-22T11:53:02","guid":{"rendered":"https:\/\/positiveprints.com\/?post_type=product&#038;p=1046775"},"modified":"2026-04-03T02:58:29","modified_gmt":"2026-04-03T01:58:29","slug":"carte-de-nos-fiancailles-bijoux","status":"publish","type":"product","link":"https:\/\/positiveprints.com\/fr\/produit\/carte-de-nos-fiancailles-bijoux\/","title":{"rendered":"Carte de nos fian\u00e7ailles &#8211; bijoux personnalis\u00e9s"},"content":{"rendered":"<p>R\u00eavez-vous depuis toujours d&#8217;immortaliser la magie de vos fian\u00e7ailles de mani\u00e8re vraiment originale ? Nos bijoux de la \u00ab Carte de nos fian\u00e7ailles \u00bb personnalis\u00e9e sont un moyen unique de c\u00e9l\u00e9brer le d\u00e9but de votre voyage \u00e9ternel. Il s&#8217;agit de bien plus que de simples bijoux. Il s&#8217;agit d&#8217;un t\u00e9moignage \u00e9loquent, parfaitement adapt\u00e9 pour revivre vos fian\u00e7ailles ou pour les offrir lors d&#8217;occasions sp\u00e9ciales.<\/p>\n\n\n\n<h2>Cr\u00e9ez votre cadeau de \u00ab Carte de nos fian\u00e7ailles \u00bb personnalis\u00e9<\/h2>\n\n\n\n<p>Cr\u00e9ez votre t\u00e9moignage personnel en choisissant le lieu et les mots qui ont une valeur sentimentale. Apportez une note de magie en incluant un symbole qui marque l&#8217;endroit o\u00f9 vous vous \u00eates dit \u00ab oui \u00bb Le processus de personnalisation est facile et permet de pr\u00e9visualiser le design \u00e0 chaque \u00e9tape afin de s&#8217;assurer qu&#8217;il refl\u00e8te fid\u00e8lement l&#8217;essence de vos fian\u00e7ailles.<\/p>\n\n\n\n<h2>Choisissez votre mat\u00e9riau \u2013 \u00c9l\u00e9gance en argent ou en or<\/h2>\n\n\n\n<p>Chaque pi\u00e8ce, qu&#8217;il s&#8217;agisse d&#8217;un cercle classique ou d&#8217;un pendentif avec une cha\u00eene de 45 cm, subit une gravure laser pr\u00e9cise. Vos pr\u00e9cieux souvenirs de fian\u00e7ailles se verrons transpos\u00e9s en une \u0153uvre d&#8217;art \u00e0 porter sur vous en tout temps.<\/p>\n\n\n\n<h2>Soigneusement emball\u00e9 &#8211; Un coffret cadeau rempli d&#8217;affection<\/h2>\n\n\n\n<p>Votre \u00ab Carte de nos fian\u00e7ailles \u00bb personnalis\u00e9e est plac\u00e9e avec soin dans une bo\u00eete \u00e0 bijoux au design raffin\u00e9. Il vous suffira de l&#8217;ouvrir pour y d\u00e9couvrir un guide d&#8217;entretien et un chiffon de nettoyage appropri\u00e9, garantissant que vos bijoux resteront aussi radieux que votre amour. Nous nous engageons \u00e0 offrir une exp\u00e9rience aussi exceptionnelle que votre histoire de fian\u00e7ailles. R\u00e9jouissez-vous du d\u00e9but de votre engagement avec nos bijoux de la \u00ab Carte de nos fian\u00e7ailles \u00bb personnalis\u00e9es &#8211; une mani\u00e8re immuable d&#8217;emporter partout avec vous l&#8217;essence de vos fian\u00e7ailles !\n\n<\/p>","protected":false},"excerpt":{"rendered":"<ul class=\"check-list\">\n<li>Marquez cette \u00e9tape importante avec un bijou de \u00ab Carte de nos fian\u00e7ailles \u00bb &#8211; un v\u00e9ritable embl\u00e8me de l&#8217;amour, qui ornera \u00e0 jamais votre parcours<\/li>\n<li>Pendentif de 20 mm fabriqu\u00e9 en argent sterling de qualit\u00e9 sup\u00e9rieure ou en, grav\u00e9 au laser et fini \u00e0 la main<\/li>\n<li>Choisissez un texte sinc\u00e8re en fonction de l&#8217;occasion<\/li>\n<li>Personnalisez en seulement 2\u00a0minutes<\/li>\n<li>Vois le r\u00e9sultat imm\u00e9diatement \u2013 l\u2019aper\u00e7u interactif te permet de peaufiner chaque d\u00e9tail\n<\/li>\n<\/ul>\n","protected":false},"featured_media":1541494,"template":"","meta":[],"product_brand":[],"product_cat":[9260,9213,104,5276],"product_tag":[9311,9344,17670,8432,9327,9355],"class_list":{"0":"post-1046775","1":"product","2":"type-product","3":"status-publish","4":"has-post-thumbnail","6":"product_cat-jewelry-fr","7":"product_cat-outline-map-jewelry-fr","8":"product_cat-tous-les-produits","9":"product_cat-cadeaux-de-fiancailles-idees-cadeaux","10":"product_tag-chaine","11":"product_tag-collier","12":"product_tag-engagement-fr","13":"product_tag-fiancailles","14":"product_tag-medaillon-fr","15":"product_tag-pendentif","17":"first","18":"instock","19":"sale","20":"taxable","21":"shipping-taxable","22":"purchasable","23":"product-type-variable"},"yoast_head":"<!-- This site is optimized with the Yoast SEO Premium plugin v27.2 (Yoast SEO v27.2) - https:\/\/yoast.com\/product\/yoast-seo-premium-wordpress\/ -->\n<title>Carte de nos fian\u00e7ailles - Bijoux personnalis\u00e9s - Positive Prints<\/title>\n<meta name=\"description\" content=\"Nos bijoux de la \u00ab Carte de nos fian\u00e7ailles \u00bb personnalis\u00e9e sont un moyen unique de c\u00e9l\u00e9brer le d\u00e9but de votre voyage \u00e9ternel.\" \/>\n<meta name=\"robots\" content=\"index, follow, max-snippet:-1, max-image-preview:large, max-video-preview:-1\" \/>\n<link rel=\"canonical\" href=\"https:\/\/positiveprints.com\/fr\/produit\/carte-de-nos-fiancailles-bijoux\/\" \/>\n<meta property=\"og:locale\" content=\"fr_FR\" \/>\n<meta property=\"og:type\" content=\"article\" \/>\n<meta property=\"og:title\" content=\"Carte de nos fian\u00e7ailles - bijoux personnalis\u00e9s\" \/>\n<meta property=\"og:description\" content=\"Marquez cette \u00e9tape importante avec un bijou de \u00ab Carte de nos fian\u00e7ailles \u00bb - un v\u00e9ritable embl\u00e8me de l&#039;amour, qui ornera \u00e0 jamais votre parcours  Pendentif de 20 mm fabriqu\u00e9 en argent sterling de qualit\u00e9 sup\u00e9rieure ou en, grav\u00e9 au laser et fini \u00e0 la main  Choisissez un texte sinc\u00e8re en fonction de l&#039;occasion  Personnalisez en seulement 2\u00a0minutes  Vois le r\u00e9sultat imm\u00e9diatement \u2013 l\u2019aper\u00e7u interactif te permet de peaufiner chaque d\u00e9tail\" \/>\n<meta property=\"og:url\" content=\"https:\/\/positiveprints.com\/fr\/produit\/carte-de-nos-fiancailles-bijoux\/\" \/>\n<meta property=\"og:site_name\" content=\"Positive Prints\" \/>\n<meta property=\"article:publisher\" content=\"https:\/\/www.facebook.com\/positiveprintscom\" \/>\n<meta property=\"article:modified_time\" content=\"2026-04-03T01:58:29+00:00\" \/>\n<meta property=\"og:image\" content=\"https:\/\/positiveprints.com\/wp-content\/uploads\/2025\/10\/MAIN_FR_Carte-de-nos-fianc\u0327ailles-bijoux-personnalise\u0301s.webp\" \/>\n\t<meta property=\"og:image:width\" content=\"2500\" \/>\n\t<meta property=\"og:image:height\" content=\"2500\" \/>\n\t<meta property=\"og:image:type\" content=\"image\/webp\" \/>\n<meta name=\"twitter:card\" content=\"summary_large_image\" \/>\n<meta name=\"twitter:label1\" content=\"Dur\u00e9e de lecture estim\u00e9e\" \/>\n\t<meta name=\"twitter:data1\" content=\"2 minutes\" \/>\n<!-- \/ Yoast SEO Premium plugin. -->","yoast_head_json":{"title":"Carte de nos fian\u00e7ailles - Bijoux personnalis\u00e9s - Positive Prints","description":"Nos bijoux de la \u00ab Carte de nos fian\u00e7ailles \u00bb personnalis\u00e9e sont un moyen unique de c\u00e9l\u00e9brer le d\u00e9but de votre voyage \u00e9ternel.","robots":{"index":"index","follow":"follow","max-snippet":"max-snippet:-1","max-image-preview":"max-image-preview:large","max-video-preview":"max-video-preview:-1"},"canonical":"https:\/\/positiveprints.com\/fr\/produit\/carte-de-nos-fiancailles-bijoux\/","og_locale":"fr_FR","og_type":"article","og_title":"Carte de nos fian\u00e7ailles - bijoux personnalis\u00e9s","og_description":"Marquez cette \u00e9tape importante avec un bijou de \u00ab Carte de nos fian\u00e7ailles \u00bb - un v\u00e9ritable embl\u00e8me de l'amour, qui ornera \u00e0 jamais votre parcours  Pendentif de 20 mm fabriqu\u00e9 en argent sterling de qualit\u00e9 sup\u00e9rieure ou en, grav\u00e9 au laser et fini \u00e0 la main  Choisissez un texte sinc\u00e8re en fonction de l'occasion  Personnalisez en seulement 2\u00a0minutes  Vois le r\u00e9sultat imm\u00e9diatement \u2013 l\u2019aper\u00e7u interactif te permet de peaufiner chaque d\u00e9tail","og_url":"https:\/\/positiveprints.com\/fr\/produit\/carte-de-nos-fiancailles-bijoux\/","og_site_name":"Positive Prints","article_publisher":"https:\/\/www.facebook.com\/positiveprintscom","article_modified_time":"2026-04-03T01:58:29+00:00","og_image":[{"width":2500,"height":2500,"url":"https:\/\/positiveprints.com\/wp-content\/uploads\/2025\/10\/MAIN_FR_Carte-de-nos-fianc\u0327ailles-bijoux-personnalise\u0301s.webp","type":"image\/webp"}],"twitter_card":"summary_large_image","twitter_misc":{"Dur\u00e9e de lecture estim\u00e9e":"2 minutes"},"schema":{"@context":"https:\/\/schema.org","@graph":[{"@type":["WebPage","ItemPage"],"@id":"https:\/\/positiveprints.com\/fr\/produit\/carte-de-nos-fiancailles-bijoux\/","url":"https:\/\/positiveprints.com\/fr\/produit\/carte-de-nos-fiancailles-bijoux\/","name":"Carte de nos fian\u00e7ailles - Bijoux personnalis\u00e9s - Positive Prints","isPartOf":{"@id":"https:\/\/positiveprints.com\/fr\/#website"},"primaryImageOfPage":{"@id":"https:\/\/positiveprints.com\/fr\/produit\/carte-de-nos-fiancailles-bijoux\/#primaryimage"},"image":{"@id":"https:\/\/positiveprints.com\/fr\/produit\/carte-de-nos-fiancailles-bijoux\/#primaryimage"},"thumbnailUrl":"https:\/\/positiveprints.com\/wp-content\/uploads\/2025\/10\/MAIN_FR_Carte-de-nos-fianc\u0327ailles-bijoux-personnalise\u0301s.webp","datePublished":"2024-01-22T11:53:02+00:00","dateModified":"2026-04-03T01:58:29+00:00","description":"Nos bijoux de la \u00ab Carte de nos fian\u00e7ailles \u00bb personnalis\u00e9e sont un moyen unique de c\u00e9l\u00e9brer le d\u00e9but de votre voyage \u00e9ternel.","breadcrumb":{"@id":"https:\/\/positiveprints.com\/fr\/produit\/carte-de-nos-fiancailles-bijoux\/#breadcrumb"},"inLanguage":"fr-FR","potentialAction":[{"@type":"ReadAction","target":["https:\/\/positiveprints.com\/fr\/produit\/carte-de-nos-fiancailles-bijoux\/"]}]},{"@type":"ImageObject","inLanguage":"fr-FR","@id":"https:\/\/positiveprints.com\/fr\/produit\/carte-de-nos-fiancailles-bijoux\/#primaryimage","url":"https:\/\/positiveprints.com\/wp-content\/uploads\/2025\/10\/MAIN_FR_Carte-de-nos-fianc\u0327ailles-bijoux-personnalise\u0301s.webp","contentUrl":"https:\/\/positiveprints.com\/wp-content\/uploads\/2025\/10\/MAIN_FR_Carte-de-nos-fianc\u0327ailles-bijoux-personnalise\u0301s.webp","width":2500,"height":2500},{"@type":"BreadcrumbList","@id":"https:\/\/positiveprints.com\/fr\/produit\/carte-de-nos-fiancailles-bijoux\/#breadcrumb","itemListElement":[{"@type":"ListItem","position":1,"name":"Home","item":"https:\/\/positiveprints.com\/fr\/"},{"@type":"ListItem","position":2,"name":"Produits","item":"https:\/\/positiveprints.com\/fr\/shop\/"},{"@type":"ListItem","position":3,"name":"Carte de nos fian\u00e7ailles &#8211; bijoux personnalis\u00e9s"}]},{"@type":"WebSite","@id":"https:\/\/positiveprints.com\/fr\/#website","url":"https:\/\/positiveprints.com\/fr\/","name":"Positive Prints","description":"Amazing Custom Personalized Gifts","publisher":{"@id":"https:\/\/positiveprints.com\/fr\/#organization"},"potentialAction":[{"@type":"SearchAction","target":{"@type":"EntryPoint","urlTemplate":"https:\/\/positiveprints.com\/fr\/?s={search_term_string}"},"query-input":{"@type":"PropertyValueSpecification","valueRequired":true,"valueName":"search_term_string"}}],"inLanguage":"fr-FR"},{"@type":"Organization","@id":"https:\/\/positiveprints.com\/fr\/#organization","name":"Positive Prints","alternateName":"Positive Prints","url":"https:\/\/positiveprints.com\/fr\/","logo":{"@type":"ImageObject","inLanguage":"fr-FR","@id":"https:\/\/positiveprints.com\/fr\/#\/schema\/logo\/image\/","url":"https:\/\/positiveprints.com\/wp-content\/uploads\/2026\/03\/245815646_1337939713319158_5671353136411139666_n.png","contentUrl":"https:\/\/positiveprints.com\/wp-content\/uploads\/2026\/03\/245815646_1337939713319158_5671353136411139666_n.png","width":800,"height":800,"caption":"Positive Prints"},"image":{"@id":"https:\/\/positiveprints.com\/fr\/#\/schema\/logo\/image\/"},"sameAs":["https:\/\/www.facebook.com\/positiveprintscom","https:\/\/www.instagram.com\/positiveprintscom\/","https:\/\/www.tiktok.com\/@positiveprintscom","https:\/\/www.pinterest.com\/positiveprintscom\/"]}]}},"jetpack_sharing_enabled":true,"_links":{"self":[{"href":"https:\/\/positiveprints.com\/fr\/wp-json\/wp\/v2\/product\/1046775","targetHints":{"allow":["GET"]}}],"collection":[{"href":"https:\/\/positiveprints.com\/fr\/wp-json\/wp\/v2\/product"}],"about":[{"href":"https:\/\/positiveprints.com\/fr\/wp-json\/wp\/v2\/types\/product"}],"wp:featuredmedia":[{"embeddable":true,"href":"https:\/\/positiveprints.com\/fr\/wp-json\/wp\/v2\/media\/1541494"}],"wp:attachment":[{"href":"https:\/\/positiveprints.com\/fr\/wp-json\/wp\/v2\/media?parent=1046775"}],"wp:term":[{"taxonomy":"product_brand","embeddable":true,"href":"https:\/\/positiveprints.com\/fr\/wp-json\/wp\/v2\/product_brand?post=1046775"},{"taxonomy":"product_cat","embeddable":true,"href":"https:\/\/positiveprints.com\/fr\/wp-json\/wp\/v2\/product_cat?post=1046775"},{"taxonomy":"product_tag","embeddable":true,"href":"https:\/\/positiveprints.com\/fr\/wp-json\/wp\/v2\/product_tag?post=1046775"}],"curies":[{"name":"wp","href":"https:\/\/api.w.org\/{rel}","templated":true}]}}