{"id":1046773,"date":"2024-01-22T12:47:05","date_gmt":"2024-01-22T11:47:05","guid":{"rendered":"https:\/\/positiveprints.com\/?post_type=product&#038;p=1046773"},"modified":"2026-04-28T14:00:49","modified_gmt":"2026-04-28T13:00:49","slug":"la-ou-tout-a-commence-bijoux","status":"publish","type":"product","link":"https:\/\/positiveprints.com\/fr\/produit\/la-ou-tout-a-commence-bijoux\/","title":{"rendered":"L\u00e0 o\u00f9 tout a commenc\u00e9 &#8211; bijoux personnalis\u00e9s"},"content":{"rendered":"<p>Avez-vous toujours eu l&#8217;envie de saisir l&#8217;essence de l&#8217;endroit o\u00f9 tout a d\u00e9but\u00e9 d&#8217;une fa\u00e7on sp\u00e9ciale et originale ? Votre souhait est exauc\u00e9 avec nos bijoux personnalis\u00e9s \u00ab L\u00e0 o\u00f9 tout a commenc\u00e9 \u00bb \u2013 Un bijou authentique qui vous offre la possibilit\u00e9 de porter la magie de votre histoire d&#8217;origine o\u00f9 que vous alliez. Et ce n&#8217;est pas seulement un bijou. Il s&#8217;agit d&#8217;un cadeau plein de sens pour revivre les d\u00e9buts ou c\u00e9l\u00e9brer les \u00e9tapes importantes.<\/p>\n\n\n\n<h2>Cr\u00e9ez votre cadeau personnalis\u00e9 \u00ab L\u00e0 o\u00f9 tout a commenc\u00e9 \u00bb<\/h2>\n\n\n\n<p>Cr\u00e9ez un souvenir unique en choisissant l&#8217;emplacement et les mots qui ont une signification particuli\u00e8re pour vous. Vous souhaitez y ajouter une touche symbolique pour marquer cet endroit important ? Vous pouvez le faire sans effort en trois \u00e9tapes simples. Pr\u00e9visualisez votre design \u00e0 chaque \u00e9tape pour vous assurer qu&#8217;il capture l&#8217;essence de l&#8217;endroit o\u00f9 tout a commenc\u00e9.<\/p>\n\n\n\n<h2>L&#8217;\u00e9l\u00e9gance en argent<\/h2>\n\n\n\n<p>Qu&#8217;il s&#8217;agisse d&#8217;un pendentif circulaire classique ou d&#8217;une cha\u00eene de 45 cm, chaque exemplaire fait l&#8217;objet d&#8217;une gravure au laser minutieuse, transformant vos souvenirs les plus chers en un chef-d&#8217;\u0153uvre \u00e0 porter sur soi.<\/p>\n\n\n\n<h2>Soigneusement emball\u00e9 &#8211; Un coffret cadeau rempli d&#8217;affection<\/h2>\n\n\n\n<p>Votre pendentif personnalis\u00e9 est plac\u00e9 dans une bo\u00eete \u00e0 bijoux con\u00e7ue avec soin. D\u00e8s l&#8217;ouverture, vous trouverez un guide d&#8217;entretien et un chiffon sp\u00e9cialement con\u00e7u pour conserver l&#8217;\u00e9clat de vos bijoux. Nous nous engageons \u00e0 vous offrir une prestation aussi exceptionnelle que votre histoire d&#8217;amour. Revivez la magie de l&#8217;endroit o\u00f9 votre vie a chang\u00e9 gr\u00e2ce \u00e0 nos bijoux personnalis\u00e9s \u00ab L\u00e0 o\u00f9 tout a commenc\u00e9 \u00bb &#8211; une fa\u00e7on intemporelle de garder l&#8217;essence de votre aventure avec vous ! <\/p>","protected":false},"excerpt":{"rendered":"<ul class=\"check-list\">\n<li>Personnalisez votre collier de \u00ab L\u00e0 o\u00f9 tout a commenc\u00e9 \u00bb &#8211; portez votre histoire, c\u00e9l\u00e9brez le commencement, et ch\u00e9rissez-le pour toujours<\/li>\n<li>Personnalisez votre pendentif avec une gravure de localisation d&#8217;un c\u00f4t\u00e9 et un texte personnalis\u00e9 de l&#8217;autre<\/li>\n<li>Pendentif de 20 mm fabriqu\u00e9 en argent sterling de qualit\u00e9 sup\u00e9rieure ou en, grav\u00e9 au laser et fini \u00e0 la main<\/li>\n<li>Personnalisez en seulement 2\u00a0minutes<\/li>\n<li>Vois le r\u00e9sultat imm\u00e9diatement \u2013 l\u2019aper\u00e7u interactif te permet de peaufiner chaque d\u00e9tail\n<\/li>\n<\/ul>\n","protected":false},"featured_media":1544366,"template":"","meta":[],"product_brand":[],"product_cat":[9260,9213,104,7685],"product_tag":[9311,9344,8518,9327,9355],"class_list":{"0":"post-1046773","1":"product","2":"type-product","3":"status-publish","4":"has-post-thumbnail","6":"product_cat-jewelry-fr","7":"product_cat-outline-map-jewelry-fr","8":"product_cat-tous-les-produits","9":"product_cat-cadeaux-pour-femmes","10":"product_tag-chaine","11":"product_tag-collier","12":"product_tag-couples-fr","13":"product_tag-medaillon-fr","14":"product_tag-pendentif","16":"first","17":"instock","18":"sale","19":"taxable","20":"shipping-taxable","21":"purchasable","22":"product-type-variable"},"yoast_head":"<!-- This site is optimized with the Yoast SEO Premium plugin v27.2 (Yoast SEO v27.2) - https:\/\/yoast.com\/product\/yoast-seo-premium-wordpress\/ -->\n<title>L\u00e0 o\u00f9 tout a commenc\u00e9 - Bijoux personnalis\u00e9s - Positive Prints<\/title>\n<meta name=\"description\" content=\"Les bijoux \u00ab L\u00e0 o\u00f9 tout a commenc\u00e9 \u00bb \u2013 Un chef d&#039;\u0153uvre qui vous offre la possibilit\u00e9 de porter la magie de votre histoire d&#039;origine o\u00f9 que vous alliez.\" \/>\n<meta name=\"robots\" content=\"index, follow, max-snippet:-1, max-image-preview:large, max-video-preview:-1\" \/>\n<link rel=\"canonical\" href=\"https:\/\/positiveprints.com\/fr\/produit\/la-ou-tout-a-commence-bijoux\/\" \/>\n<meta property=\"og:locale\" content=\"fr_FR\" \/>\n<meta property=\"og:type\" content=\"article\" \/>\n<meta property=\"og:title\" content=\"L\u00e0 o\u00f9 tout a commenc\u00e9 - bijoux personnalis\u00e9s\" \/>\n<meta property=\"og:description\" content=\"Personnalisez votre collier de \u00ab L\u00e0 o\u00f9 tout a commenc\u00e9 \u00bb - portez votre histoire, c\u00e9l\u00e9brez le commencement, et ch\u00e9rissez-le pour toujours  Personnalisez votre pendentif avec une gravure de localisation d&#039;un c\u00f4t\u00e9 et un texte personnalis\u00e9 de l&#039;autre  Pendentif de 20 mm fabriqu\u00e9 en argent sterling de qualit\u00e9 sup\u00e9rieure ou en, grav\u00e9 au laser et fini \u00e0 la main  Personnalisez en seulement 2\u00a0minutes  Vois le r\u00e9sultat imm\u00e9diatement \u2013 l\u2019aper\u00e7u interactif te permet de peaufiner chaque d\u00e9tail\" \/>\n<meta property=\"og:url\" content=\"https:\/\/positiveprints.com\/fr\/produit\/la-ou-tout-a-commence-bijoux\/\" \/>\n<meta property=\"og:site_name\" content=\"Positive Prints\" \/>\n<meta property=\"article:publisher\" content=\"https:\/\/www.facebook.com\/positiveprintscom\" \/>\n<meta property=\"article:modified_time\" content=\"2026-04-28T13:00:49+00:00\" \/>\n<meta property=\"og:image\" content=\"https:\/\/positiveprints.com\/wp-content\/uploads\/2025\/10\/La-ou-tout-a-commence-bijoux-personnalises-1.webp\" \/>\n\t<meta property=\"og:image:width\" content=\"2280\" \/>\n\t<meta property=\"og:image:height\" content=\"2280\" \/>\n\t<meta property=\"og:image:type\" content=\"image\/webp\" \/>\n<meta name=\"twitter:card\" content=\"summary_large_image\" \/>\n<!-- \/ Yoast SEO Premium plugin. -->","yoast_head_json":{"title":"L\u00e0 o\u00f9 tout a commenc\u00e9 - Bijoux personnalis\u00e9s - Positive Prints","description":"Les bijoux \u00ab L\u00e0 o\u00f9 tout a commenc\u00e9 \u00bb \u2013 Un chef d'\u0153uvre qui vous offre la possibilit\u00e9 de porter la magie de votre histoire d'origine o\u00f9 que vous alliez.","robots":{"index":"index","follow":"follow","max-snippet":"max-snippet:-1","max-image-preview":"max-image-preview:large","max-video-preview":"max-video-preview:-1"},"canonical":"https:\/\/positiveprints.com\/fr\/produit\/la-ou-tout-a-commence-bijoux\/","og_locale":"fr_FR","og_type":"article","og_title":"L\u00e0 o\u00f9 tout a commenc\u00e9 - bijoux personnalis\u00e9s","og_description":"Personnalisez votre collier de \u00ab L\u00e0 o\u00f9 tout a commenc\u00e9 \u00bb - portez votre histoire, c\u00e9l\u00e9brez le commencement, et ch\u00e9rissez-le pour toujours  Personnalisez votre pendentif avec une gravure de localisation d'un c\u00f4t\u00e9 et un texte personnalis\u00e9 de l'autre  Pendentif de 20 mm fabriqu\u00e9 en argent sterling de qualit\u00e9 sup\u00e9rieure ou en, grav\u00e9 au laser et fini \u00e0 la main  Personnalisez en seulement 2\u00a0minutes  Vois le r\u00e9sultat imm\u00e9diatement \u2013 l\u2019aper\u00e7u interactif te permet de peaufiner chaque d\u00e9tail","og_url":"https:\/\/positiveprints.com\/fr\/produit\/la-ou-tout-a-commence-bijoux\/","og_site_name":"Positive Prints","article_publisher":"https:\/\/www.facebook.com\/positiveprintscom","article_modified_time":"2026-04-28T13:00:49+00:00","og_image":[{"width":2280,"height":2280,"url":"https:\/\/positiveprints.com\/wp-content\/uploads\/2025\/10\/La-ou-tout-a-commence-bijoux-personnalises-1.webp","type":"image\/webp"}],"twitter_card":"summary_large_image","schema":{"@context":"https:\/\/schema.org","@graph":[{"@type":["WebPage","ItemPage"],"@id":"https:\/\/positiveprints.com\/fr\/produit\/la-ou-tout-a-commence-bijoux\/","url":"https:\/\/positiveprints.com\/fr\/produit\/la-ou-tout-a-commence-bijoux\/","name":"L\u00e0 o\u00f9 tout a commenc\u00e9 - Bijoux personnalis\u00e9s - Positive Prints","isPartOf":{"@id":"https:\/\/positiveprints.com\/fr\/#website"},"primaryImageOfPage":{"@id":"https:\/\/positiveprints.com\/fr\/produit\/la-ou-tout-a-commence-bijoux\/#primaryimage"},"image":{"@id":"https:\/\/positiveprints.com\/fr\/produit\/la-ou-tout-a-commence-bijoux\/#primaryimage"},"thumbnailUrl":"https:\/\/positiveprints.com\/wp-content\/uploads\/2025\/10\/La-ou-tout-a-commence-bijoux-personnalises-1.webp","datePublished":"2024-01-22T11:47:05+00:00","dateModified":"2026-04-28T13:00:49+00:00","description":"Les bijoux \u00ab L\u00e0 o\u00f9 tout a commenc\u00e9 \u00bb \u2013 Un chef d'\u0153uvre qui vous offre la possibilit\u00e9 de porter la magie de votre histoire d'origine o\u00f9 que vous alliez.","breadcrumb":{"@id":"https:\/\/positiveprints.com\/fr\/produit\/la-ou-tout-a-commence-bijoux\/#breadcrumb"},"inLanguage":"fr-FR","potentialAction":[{"@type":"ReadAction","target":["https:\/\/positiveprints.com\/fr\/produit\/la-ou-tout-a-commence-bijoux\/"]}]},{"@type":"ImageObject","inLanguage":"fr-FR","@id":"https:\/\/positiveprints.com\/fr\/produit\/la-ou-tout-a-commence-bijoux\/#primaryimage","url":"https:\/\/positiveprints.com\/wp-content\/uploads\/2025\/10\/La-ou-tout-a-commence-bijoux-personnalises-1.webp","contentUrl":"https:\/\/positiveprints.com\/wp-content\/uploads\/2025\/10\/La-ou-tout-a-commence-bijoux-personnalises-1.webp","width":2280,"height":2280,"caption":"L\u00e0 o\u00f9 tout a commenc\u00e9 - bijoux personnalis\u00e9s (1)"},{"@type":"BreadcrumbList","@id":"https:\/\/positiveprints.com\/fr\/produit\/la-ou-tout-a-commence-bijoux\/#breadcrumb","itemListElement":[{"@type":"ListItem","position":1,"name":"Home","item":"https:\/\/positiveprints.com\/fr\/"},{"@type":"ListItem","position":2,"name":"Produits","item":"https:\/\/positiveprints.com\/fr\/shop\/"},{"@type":"ListItem","position":3,"name":"L\u00e0 o\u00f9 tout a commenc\u00e9 &#8211; bijoux personnalis\u00e9s"}]},{"@type":"WebSite","@id":"https:\/\/positiveprints.com\/fr\/#website","url":"https:\/\/positiveprints.com\/fr\/","name":"Positive Prints","description":"Amazing Custom Personalized Gifts","publisher":{"@id":"https:\/\/positiveprints.com\/fr\/#organization"},"potentialAction":[{"@type":"SearchAction","target":{"@type":"EntryPoint","urlTemplate":"https:\/\/positiveprints.com\/fr\/?s={search_term_string}"},"query-input":{"@type":"PropertyValueSpecification","valueRequired":true,"valueName":"search_term_string"}}],"inLanguage":"fr-FR"},{"@type":"Organization","@id":"https:\/\/positiveprints.com\/fr\/#organization","name":"Positive Prints","alternateName":"Positive Prints","url":"https:\/\/positiveprints.com\/fr\/","logo":{"@type":"ImageObject","inLanguage":"fr-FR","@id":"https:\/\/positiveprints.com\/fr\/#\/schema\/logo\/image\/","url":"https:\/\/positiveprints.com\/wp-content\/uploads\/2026\/03\/245815646_1337939713319158_5671353136411139666_n.png","contentUrl":"https:\/\/positiveprints.com\/wp-content\/uploads\/2026\/03\/245815646_1337939713319158_5671353136411139666_n.png","width":800,"height":800,"caption":"Positive Prints"},"image":{"@id":"https:\/\/positiveprints.com\/fr\/#\/schema\/logo\/image\/"},"sameAs":["https:\/\/www.facebook.com\/positiveprintscom","https:\/\/www.instagram.com\/positiveprintscom\/","https:\/\/www.tiktok.com\/@positiveprintscom","https:\/\/www.pinterest.com\/positiveprintscom\/"]}]}},"jetpack_sharing_enabled":true,"_links":{"self":[{"href":"https:\/\/positiveprints.com\/fr\/wp-json\/wp\/v2\/product\/1046773","targetHints":{"allow":["GET"]}}],"collection":[{"href":"https:\/\/positiveprints.com\/fr\/wp-json\/wp\/v2\/product"}],"about":[{"href":"https:\/\/positiveprints.com\/fr\/wp-json\/wp\/v2\/types\/product"}],"wp:featuredmedia":[{"embeddable":true,"href":"https:\/\/positiveprints.com\/fr\/wp-json\/wp\/v2\/media\/1544366"}],"wp:attachment":[{"href":"https:\/\/positiveprints.com\/fr\/wp-json\/wp\/v2\/media?parent=1046773"}],"wp:term":[{"taxonomy":"product_brand","embeddable":true,"href":"https:\/\/positiveprints.com\/fr\/wp-json\/wp\/v2\/product_brand?post=1046773"},{"taxonomy":"product_cat","embeddable":true,"href":"https:\/\/positiveprints.com\/fr\/wp-json\/wp\/v2\/product_cat?post=1046773"},{"taxonomy":"product_tag","embeddable":true,"href":"https:\/\/positiveprints.com\/fr\/wp-json\/wp\/v2\/product_tag?post=1046773"}],"curies":[{"name":"wp","href":"https:\/\/api.w.org\/{rel}","templated":true}]}}