{"id":1046556,"date":"2024-01-22T12:27:05","date_gmt":"2024-01-22T11:27:05","guid":{"rendered":"https:\/\/positiveprints.com\/?post_type=product&#038;p=1046556"},"modified":"2026-04-23T11:10:31","modified_gmt":"2026-04-23T10:10:31","slug":"lieu-de-rencontre-bijoux","status":"publish","type":"product","link":"https:\/\/positiveprints.com\/fr\/produit\/lieu-de-rencontre-bijoux\/","title":{"rendered":"Lieu de Rencontre &#8211; bijoux personnalis\u00e9s"},"content":{"rendered":"<p>Avez-vous d\u00e9j\u00e0 song\u00e9 \u00e0 transformer l&#8217;endroit o\u00f9 vous vous \u00eates rencontr\u00e9s pour la premi\u00e8re fois en un pr\u00e9sent exceptionnel et unique ? Nos bijoux personnalis\u00e9s \u00ab L\u00e0 o\u00f9 nous nous sommes rencontr\u00e9s \u00bb sont la solution id\u00e9ale ! Portez un collier magique qui vous rappelle constamment votre connexion sp\u00e9ciale. C&#8217;est le cadeau id\u00e9al entant que rappelle de \u00ab Lieu de Rencontre \u00bb ou encore comme cadeau d&#8217;anniversaire de votre rencontre.<\/p>\n\n\n\n<h2>Cr\u00e9er une personnalisation de \u00ab Lieu de Rencontre \u00bb<\/h2>\n\n\n\n<p>Amusez-vous en choisissant l&#8217;endroit et les mots que vous voulez sur votre collier. Vous souhaitez ajouter un petit symbole pour marquer cet endroit particulier ? Vous pouvez le faire ! C&#8217;est super facile, et vous pourrez visualiser \u00e0 quoi cela ressemblera \u00e0 chaque \u00e9tape.<\/p>\n\n\n\n<h2>Un cadeau en argent<\/h2>\n\n\n\n<p>Chaque pendentif, qu&#8217;il s&#8217;agisse d&#8217;un cercle ou d&#8217;une cha\u00eene de 45 cm, fait l&#8217;objet d&#8217;un traitement sp\u00e9cial gr\u00e2ce \u00e0 la gravure au laser. Transformez le ciel nocturne en quelque chose que vous pouvez arborer avec \u00e9l\u00e9gance ! Et devinez quoi ? La pr\u00e9sence du petit poin\u00e7on sur le pendentif et la cha\u00eene prouve qu&#8217;il s&#8217;agit d&#8217;un objet r\u00e9el et de grande qualit\u00e9.<\/p>\n\n\n\n<h2>Soigneusement emball\u00e9 &#8211; Un coffret cadeau rempli d&#8217;affection<\/h2>\n\n\n\n<p>Mais ce n\u2019est pas tout ! Une jolie bo\u00eete \u00e0 bijoux est utilis\u00e9e pour emballer votre pendentif personnalis\u00e9. Ouvrez-le et vous y trouverez un guide d&#8217;entretien et un chiffon de nettoyage appropri\u00e9. Nous aspirons \u00e0 ce que votre exp\u00e9rience avec nous soit aussi fantastique que votre histoire d&#8217;amour. Ne manquez pas l&#8217;occasion de rendre votre aventure encore plus sp\u00e9ciale avec nos bijoux personnalis\u00e9s de \u00ab Lieu de Rencontre \u00bb. Une fa\u00e7on magique de transporter vos souvenirs avec vous ! <\/p>","protected":false},"excerpt":{"rendered":"<ul class=\"check-list\">\n<li>Saisissez la magie de votre voyage avec un collier personnalis\u00e9 \u00ab Lieu de Rencontre \u00bb &#8211; portez-le en permanence, il vous rappellera le lien fort et unique que vous partagez<\/li>\n<li>Personnalisez votre pendentif avec une gravure de localisation d&#8217;un c\u00f4t\u00e9 et un texte personnalis\u00e9 de l&#8217;autre<\/li>\n<li>Pendentif de 20 mm fabriqu\u00e9 en argent sterling de qualit\u00e9 sup\u00e9rieure ou en, grav\u00e9 au laser et fini \u00e0 la main<\/li>\n<li>Personnalisez en seulement 2\u00a0minutes<\/li>\n<li>Vois le r\u00e9sultat imm\u00e9diatement \u2013 l\u2019aper\u00e7u interactif te permet de peaufiner chaque d\u00e9tail\n<\/li>\n<\/ul>\n","protected":false},"featured_media":1539243,"template":"","meta":[],"product_brand":[],"product_cat":[8194,9260,12251,9213,104,5328,11175,7685,7781,7749,3118,11245],"product_tag":[14849,9311,9344,9327,9355],"class_list":{"0":"post-1046556","1":"product","2":"type-product","3":"status-publish","4":"has-post-thumbnail","6":"product_cat-pour-elle","7":"product_cat-jewelry-fr","8":"product_cat-jewelry-basic-fr","9":"product_cat-outline-map-jewelry-fr","10":"product_cat-tous-les-produits","11":"product_cat-cadeaux-de-commemorations","12":"product_cat-cadeaux-danniversaire-pour-femme","13":"product_cat-cadeaux-pour-femmes","14":"product_cat-cadeaux-pour-petite-amie","15":"product_cat-cadeaux-pour-epouse","16":"product_cat-cadeaux-saint-valentin","17":"product_cat-cadeaux-de-saint-valentin-pour-elle","18":"product_tag-anniversary-fr","19":"product_tag-chaine","20":"product_tag-collier","21":"product_tag-medaillon-fr","22":"product_tag-pendentif","24":"first","25":"instock","26":"sale","27":"taxable","28":"shipping-taxable","29":"purchasable","30":"product-type-variable"},"yoast_head":"<!-- This site is optimized with the Yoast SEO Premium plugin v27.2 (Yoast SEO v27.2) - https:\/\/yoast.com\/product\/yoast-seo-premium-wordpress\/ -->\n<title>Lieu de Rencontre - Bijoux personnalis\u00e9s - Positive Prints<\/title>\n<meta name=\"description\" content=\"Avez-vous d\u00e9j\u00e0 song\u00e9 \u00e0 transformer l&#039;endroit o\u00f9 vous vous \u00eates rencontr\u00e9s pour la premi\u00e8re fois en un pr\u00e9sent exceptionnel et unique ? Nos bijoux personnalis\u00e9s \u00abLieu de Rencontre \u00bb sont la solution id\u00e9ale !\" \/>\n<meta name=\"robots\" content=\"index, follow, max-snippet:-1, max-image-preview:large, max-video-preview:-1\" \/>\n<link rel=\"canonical\" href=\"https:\/\/positiveprints.com\/fr\/produit\/lieu-de-rencontre-bijoux\/\" \/>\n<meta property=\"og:locale\" content=\"fr_FR\" \/>\n<meta property=\"og:type\" content=\"article\" \/>\n<meta property=\"og:title\" content=\"Lieu de Rencontre - bijoux personnalis\u00e9s\" \/>\n<meta property=\"og:description\" content=\"Saisissez la magie de votre voyage avec un collier personnalis\u00e9 \u00ab Lieu de Rencontre \u00bb - portez-le en permanence, il vous rappellera le lien fort et unique que vous partagez  Personnalisez votre pendentif avec une gravure de localisation d&#039;un c\u00f4t\u00e9 et un texte personnalis\u00e9 de l&#039;autre  Pendentif de 20 mm fabriqu\u00e9 en argent sterling de qualit\u00e9 sup\u00e9rieure ou en, grav\u00e9 au laser et fini \u00e0 la main  Personnalisez en seulement 2\u00a0minutes  Vois le r\u00e9sultat imm\u00e9diatement \u2013 l\u2019aper\u00e7u interactif te permet de peaufiner chaque d\u00e9tail\" \/>\n<meta property=\"og:url\" content=\"https:\/\/positiveprints.com\/fr\/produit\/lieu-de-rencontre-bijoux\/\" \/>\n<meta property=\"og:site_name\" content=\"Positive Prints\" \/>\n<meta property=\"article:publisher\" content=\"https:\/\/www.facebook.com\/positiveprintscom\" \/>\n<meta property=\"article:modified_time\" content=\"2026-04-23T10:10:31+00:00\" \/>\n<meta property=\"og:image\" content=\"https:\/\/positiveprints.com\/wp-content\/uploads\/2025\/10\/PACKSHOT-Lieu-de-Rencontre-bijoux-personnalise\u0301s.webp\" \/>\n\t<meta property=\"og:image:width\" content=\"1450\" \/>\n\t<meta property=\"og:image:height\" content=\"1450\" \/>\n\t<meta property=\"og:image:type\" content=\"image\/webp\" \/>\n<meta name=\"twitter:card\" content=\"summary_large_image\" \/>\n<meta name=\"twitter:label1\" content=\"Dur\u00e9e de lecture estim\u00e9e\" \/>\n\t<meta name=\"twitter:data1\" content=\"2 minutes\" \/>\n<!-- \/ Yoast SEO Premium plugin. -->","yoast_head_json":{"title":"Lieu de Rencontre - Bijoux personnalis\u00e9s - Positive Prints","description":"Avez-vous d\u00e9j\u00e0 song\u00e9 \u00e0 transformer l'endroit o\u00f9 vous vous \u00eates rencontr\u00e9s pour la premi\u00e8re fois en un pr\u00e9sent exceptionnel et unique ? Nos bijoux personnalis\u00e9s \u00abLieu de Rencontre \u00bb sont la solution id\u00e9ale !","robots":{"index":"index","follow":"follow","max-snippet":"max-snippet:-1","max-image-preview":"max-image-preview:large","max-video-preview":"max-video-preview:-1"},"canonical":"https:\/\/positiveprints.com\/fr\/produit\/lieu-de-rencontre-bijoux\/","og_locale":"fr_FR","og_type":"article","og_title":"Lieu de Rencontre - bijoux personnalis\u00e9s","og_description":"Saisissez la magie de votre voyage avec un collier personnalis\u00e9 \u00ab Lieu de Rencontre \u00bb - portez-le en permanence, il vous rappellera le lien fort et unique que vous partagez  Personnalisez votre pendentif avec une gravure de localisation d'un c\u00f4t\u00e9 et un texte personnalis\u00e9 de l'autre  Pendentif de 20 mm fabriqu\u00e9 en argent sterling de qualit\u00e9 sup\u00e9rieure ou en, grav\u00e9 au laser et fini \u00e0 la main  Personnalisez en seulement 2\u00a0minutes  Vois le r\u00e9sultat imm\u00e9diatement \u2013 l\u2019aper\u00e7u interactif te permet de peaufiner chaque d\u00e9tail","og_url":"https:\/\/positiveprints.com\/fr\/produit\/lieu-de-rencontre-bijoux\/","og_site_name":"Positive Prints","article_publisher":"https:\/\/www.facebook.com\/positiveprintscom","article_modified_time":"2026-04-23T10:10:31+00:00","og_image":[{"width":1450,"height":1450,"url":"https:\/\/positiveprints.com\/wp-content\/uploads\/2025\/10\/PACKSHOT-Lieu-de-Rencontre-bijoux-personnalise\u0301s.webp","type":"image\/webp"}],"twitter_card":"summary_large_image","twitter_misc":{"Dur\u00e9e de lecture estim\u00e9e":"2 minutes"},"schema":{"@context":"https:\/\/schema.org","@graph":[{"@type":["WebPage","ItemPage"],"@id":"https:\/\/positiveprints.com\/fr\/produit\/lieu-de-rencontre-bijoux\/","url":"https:\/\/positiveprints.com\/fr\/produit\/lieu-de-rencontre-bijoux\/","name":"Lieu de Rencontre - Bijoux personnalis\u00e9s - Positive Prints","isPartOf":{"@id":"https:\/\/positiveprints.com\/fr\/#website"},"primaryImageOfPage":{"@id":"https:\/\/positiveprints.com\/fr\/produit\/lieu-de-rencontre-bijoux\/#primaryimage"},"image":{"@id":"https:\/\/positiveprints.com\/fr\/produit\/lieu-de-rencontre-bijoux\/#primaryimage"},"thumbnailUrl":"https:\/\/positiveprints.com\/wp-content\/uploads\/2025\/10\/PACKSHOT-Lieu-de-Rencontre-bijoux-personnalise\u0301s.webp","datePublished":"2024-01-22T11:27:05+00:00","dateModified":"2026-04-23T10:10:31+00:00","description":"Avez-vous d\u00e9j\u00e0 song\u00e9 \u00e0 transformer l'endroit o\u00f9 vous vous \u00eates rencontr\u00e9s pour la premi\u00e8re fois en un pr\u00e9sent exceptionnel et unique ? Nos bijoux personnalis\u00e9s \u00abLieu de Rencontre \u00bb sont la solution id\u00e9ale !","breadcrumb":{"@id":"https:\/\/positiveprints.com\/fr\/produit\/lieu-de-rencontre-bijoux\/#breadcrumb"},"inLanguage":"fr-FR","potentialAction":[{"@type":"ReadAction","target":["https:\/\/positiveprints.com\/fr\/produit\/lieu-de-rencontre-bijoux\/"]}]},{"@type":"ImageObject","inLanguage":"fr-FR","@id":"https:\/\/positiveprints.com\/fr\/produit\/lieu-de-rencontre-bijoux\/#primaryimage","url":"https:\/\/positiveprints.com\/wp-content\/uploads\/2025\/10\/PACKSHOT-Lieu-de-Rencontre-bijoux-personnalise\u0301s.webp","contentUrl":"https:\/\/positiveprints.com\/wp-content\/uploads\/2025\/10\/PACKSHOT-Lieu-de-Rencontre-bijoux-personnalise\u0301s.webp","width":1450,"height":1450},{"@type":"BreadcrumbList","@id":"https:\/\/positiveprints.com\/fr\/produit\/lieu-de-rencontre-bijoux\/#breadcrumb","itemListElement":[{"@type":"ListItem","position":1,"name":"Home","item":"https:\/\/positiveprints.com\/fr\/"},{"@type":"ListItem","position":2,"name":"Produits","item":"https:\/\/positiveprints.com\/fr\/shop\/"},{"@type":"ListItem","position":3,"name":"Lieu de Rencontre &#8211; bijoux personnalis\u00e9s"}]},{"@type":"WebSite","@id":"https:\/\/positiveprints.com\/fr\/#website","url":"https:\/\/positiveprints.com\/fr\/","name":"Positive Prints","description":"Amazing Custom Personalized Gifts","publisher":{"@id":"https:\/\/positiveprints.com\/fr\/#organization"},"potentialAction":[{"@type":"SearchAction","target":{"@type":"EntryPoint","urlTemplate":"https:\/\/positiveprints.com\/fr\/?s={search_term_string}"},"query-input":{"@type":"PropertyValueSpecification","valueRequired":true,"valueName":"search_term_string"}}],"inLanguage":"fr-FR"},{"@type":"Organization","@id":"https:\/\/positiveprints.com\/fr\/#organization","name":"Positive Prints","alternateName":"Positive Prints","url":"https:\/\/positiveprints.com\/fr\/","logo":{"@type":"ImageObject","inLanguage":"fr-FR","@id":"https:\/\/positiveprints.com\/fr\/#\/schema\/logo\/image\/","url":"https:\/\/positiveprints.com\/wp-content\/uploads\/2026\/03\/245815646_1337939713319158_5671353136411139666_n.png","contentUrl":"https:\/\/positiveprints.com\/wp-content\/uploads\/2026\/03\/245815646_1337939713319158_5671353136411139666_n.png","width":800,"height":800,"caption":"Positive Prints"},"image":{"@id":"https:\/\/positiveprints.com\/fr\/#\/schema\/logo\/image\/"},"sameAs":["https:\/\/www.facebook.com\/positiveprintscom","https:\/\/www.instagram.com\/positiveprintscom\/","https:\/\/www.tiktok.com\/@positiveprintscom","https:\/\/www.pinterest.com\/positiveprintscom\/"]}]}},"jetpack_sharing_enabled":true,"_links":{"self":[{"href":"https:\/\/positiveprints.com\/fr\/wp-json\/wp\/v2\/product\/1046556","targetHints":{"allow":["GET"]}}],"collection":[{"href":"https:\/\/positiveprints.com\/fr\/wp-json\/wp\/v2\/product"}],"about":[{"href":"https:\/\/positiveprints.com\/fr\/wp-json\/wp\/v2\/types\/product"}],"wp:featuredmedia":[{"embeddable":true,"href":"https:\/\/positiveprints.com\/fr\/wp-json\/wp\/v2\/media\/1539243"}],"wp:attachment":[{"href":"https:\/\/positiveprints.com\/fr\/wp-json\/wp\/v2\/media?parent=1046556"}],"wp:term":[{"taxonomy":"product_brand","embeddable":true,"href":"https:\/\/positiveprints.com\/fr\/wp-json\/wp\/v2\/product_brand?post=1046556"},{"taxonomy":"product_cat","embeddable":true,"href":"https:\/\/positiveprints.com\/fr\/wp-json\/wp\/v2\/product_cat?post=1046556"},{"taxonomy":"product_tag","embeddable":true,"href":"https:\/\/positiveprints.com\/fr\/wp-json\/wp\/v2\/product_tag?post=1046556"}],"curies":[{"name":"wp","href":"https:\/\/api.w.org\/{rel}","templated":true}]}}