{"id":1046533,"date":"2024-01-22T12:02:46","date_gmt":"2024-01-22T11:02:46","guid":{"rendered":"https:\/\/positiveprints.com\/?post_type=product&#038;p=1046533"},"modified":"2026-04-28T14:01:17","modified_gmt":"2026-04-28T13:01:17","slug":"le-jour-ou-tu-es-devenu-ma-maman-bijoux-personnalises","status":"publish","type":"product","link":"https:\/\/positiveprints.com\/fr\/produit\/le-jour-ou-tu-es-devenu-ma-maman-bijoux-personnalises\/","title":{"rendered":"Le jour o\u00f9 tu es devenu ma maman &#8211; Bijoux personnalis\u00e9s"},"content":{"rendered":"<p>C\u00e9l\u00e9brez le lien extraordinaire qui vous unit \u00e0 votre m\u00e8re avec notre bijou personnalis\u00e9 \u00ab Le jour o\u00f9 tu es devenue ma maman \u00bb &#8211; un pr\u00e9sent pour maman qui refl\u00e8te le moment o\u00f9 vos vies se sont entrem\u00eal\u00e9es pour toujours.<\/p>\n\n\n\n<h2>Un pr\u00e9cieux cadeau pour maman<\/h2>\n\n\n\n<p>Exprimez votre profond amour et votre reconnaissance envers la femme qui est pour vous la plus importante sur terre avec ce bijou symbolique et personnalis\u00e9. Notre bijou personnalis\u00e9 de \u00ab Le jour o\u00f9 tu es devenue ma maman \u00bb est un magnifique hommage au jour o\u00f9 vous avez eu la chance d&#8217;avoir la plus belle des mamans.<\/p>\n\n\n\n<p>Faites de ce cadeau de f\u00eate des m\u00e8res un v\u00e9ritable joyau en s\u00e9lectionnant la date \u00e0 laquelle vous \u00eates devenue son enfant. Notre technologie de haut niveau cr\u00e9era une reproduction visuelle du firmament lors de cette journ\u00e9e inoubliable, cr\u00e9ant ainsi une pi\u00e8ce singuli\u00e8re et \u00e9mouvante qu&#8217;elle ch\u00e9rira \u00e0 tout jamais.<\/p>\n\n\n\n<h2>L&#8217;histoire d&#8217;amour d&#8217;une m\u00e8re, pile et face<\/h2>\n\n\n\n<p>Au recto du pendentif, vous pourrez contempler le paysage c\u00e9leste qui a marqu\u00e9 le jour o\u00f9 vous \u00eates devenu son enfant. Le verso est consacr\u00e9 \u00e0 une touche plus personnelle &#8211; ajoutez la date et un message sinc\u00e8re tel que \u00ab Le jour o\u00f9 tu es devenue ma maman \u00bb ou \u00ab Reconnaissance \u00e9ternelle \u00bb<\/p>\n\n\n\n<p>Chaque pendentif, qu&#8217;il s&#8217;agisse d&#8217;un cercle ou d&#8217;une cha\u00eene de 45 cm, est grav\u00e9 au laser pour transformer votre ciel nocturne en une \u0153uvre d&#8217;art pr\u00eate \u00e0 porter. Un poin\u00e7on discret, appos\u00e9 sur le pendentif et la cha\u00eene, t\u00e9moigne de notre engagement en faveur de la qualit\u00e9.<\/p>\n\n\n\n<h2>Un symbole intemporel de l&#8217;amour maternel<\/h2>\n\n\n\n<p>Pr\u00e9sentez vos bijoux personnalis\u00e9s dans une jolie bo\u00eete \u00e0 bijoux avec un guide d&#8217;entretien et un chiffon de nettoyage appropri\u00e9. Cette petite attention refl\u00e8te l&#8217;importance que nous accordons au fait de vous offrir une exp\u00e9rience aussi radieuse que l&#8217;amour de votre m\u00e8re.<\/p>\n\n\n\n<p>Ce bijou personnalis\u00e9 est un symbole intemporel du lien unique que vous partagez avec votre m\u00e8re. Ne passez pas \u00e0 c\u00f4t\u00e9 de l&#8217;opportunit\u00e9 de concevoir un cadeau de f\u00eate des m\u00e8res qui sera appr\u00e9ci\u00e9 pour toute une existence. Commandez d\u00e8s maintenant vos bijoux personnalis\u00e9s de \u00ab Le jour o\u00f9 tu es devenue ma maman \u00bb et apportez une part des \u00e9toiles \u00e0 la femme extraordinaire qui a fa\u00e7onn\u00e9 votre univers.<\/p>","protected":false},"excerpt":{"rendered":"<ul class=\"check-list\">\n<li>Cadeau personnalis\u00e9 pour maman \u2013 id\u00e9al pour une naissance, un anniversaire ou la f\u00eate des m\u00e8res<\/li>\n<li>Collier avec pendentif grav\u00e9 \u00ab Le jour o\u00f9 tu es devenue ma maman \u00bb<\/li>\n<li>Pendentif de 20 mm en argent sterling 925 ou en or massif 14 carats, finition artisanale<\/li>\n<li>Ajoutez un texte personnel ou une date significative au dos<\/li>\n<li>Cr\u00e9ation facile en ligne avec aper\u00e7u instantan\u00e9 en temps r\u00e9el<\/li>\n<\/ul>\n","protected":false},"featured_media":1542965,"template":"","meta":[],"product_brand":[],"product_cat":[9260,9212,104,7277,5264,11399,7701,2878],"product_tag":[9311,9344,15898,9327,15882,15899,9355,15894],"class_list":{"0":"post-1046533","1":"product","2":"type-product","3":"status-publish","4":"has-post-thumbnail","6":"product_cat-jewelry-fr","7":"product_cat-star-map-jewelry-fr","8":"product_cat-tous-les-produits","9":"product_cat-cadeaux-de-fete-des-meres","10":"product_cat-cadeaux-de-noel","11":"product_cat-cadeaux-de-noel-pour-maman","12":"product_cat-cadeaux-pour-maman","13":"product_cat-star-fr-2","14":"product_tag-chaine","15":"product_tag-collier","16":"product_tag-mamma-fr-2","17":"product_tag-medaillon-fr","18":"product_tag-mommy-fr","19":"product_tag-mother-it-fr","20":"product_tag-pendentif","21":"product_tag-regali-di-natale-per-mamma-fr","23":"first","24":"instock","25":"sale","26":"taxable","27":"shipping-taxable","28":"purchasable","29":"product-type-variable"},"yoast_head":"<!-- This site is optimized with the Yoast SEO Premium plugin v27.2 (Yoast SEO v27.2) - https:\/\/yoast.com\/product\/yoast-seo-premium-wordpress\/ -->\n<title>Le jour o\u00f9 tu es devenu ma maman - Bijoux - Positive Prints<\/title>\n<meta name=\"description\" content=\"C\u00e9l\u00e9brez le lien extraordinaire entre vous et votre maman avec notre bijou personnalis\u00e9 Le jour o\u00f9 tu es devenue ma maman, un souvenir unique pour marquer la naissance de votre lien ind\u00e9fectible.\" \/>\n<meta name=\"robots\" content=\"index, follow, max-snippet:-1, max-image-preview:large, max-video-preview:-1\" \/>\n<link rel=\"canonical\" href=\"https:\/\/positiveprints.com\/fr\/produit\/le-jour-ou-tu-es-devenu-ma-maman-bijoux-personnalises\/\" \/>\n<meta property=\"og:locale\" content=\"fr_FR\" \/>\n<meta property=\"og:type\" content=\"article\" \/>\n<meta property=\"og:title\" content=\"Le jour o\u00f9 tu es devenu ma maman - Bijoux personnalis\u00e9s\" \/>\n<meta property=\"og:description\" content=\"Cadeau personnalis\u00e9 pour maman \u2013 id\u00e9al pour une naissance, un anniversaire ou la f\u00eate des m\u00e8res Collier avec pendentif grav\u00e9 \u00ab Le jour o\u00f9 tu es devenue ma maman \u00bb Pendentif de 20 mm en argent sterling 925 ou en or massif 14 carats, finition artisanale Ajoutez un texte personnel ou une date significative au dos Cr\u00e9ation facile en ligne avec aper\u00e7u instantan\u00e9 en temps r\u00e9el\" \/>\n<meta property=\"og:url\" content=\"https:\/\/positiveprints.com\/fr\/produit\/le-jour-ou-tu-es-devenu-ma-maman-bijoux-personnalises\/\" \/>\n<meta property=\"og:site_name\" content=\"Positive Prints\" \/>\n<meta property=\"article:publisher\" content=\"https:\/\/www.facebook.com\/positiveprintscom\" \/>\n<meta property=\"article:modified_time\" content=\"2026-04-28T13:01:17+00:00\" \/>\n<meta property=\"og:image\" content=\"https:\/\/positiveprints.com\/wp-content\/uploads\/2025\/10\/PACKSHOT_FR_Le-jour-ou\u0300-tu-es-devenu-ma-maman-Bijoux-personnalise\u0301s.webp\" \/>\n\t<meta property=\"og:image:width\" content=\"2280\" \/>\n\t<meta property=\"og:image:height\" content=\"2280\" \/>\n\t<meta property=\"og:image:type\" content=\"image\/webp\" \/>\n<meta name=\"twitter:card\" content=\"summary_large_image\" \/>\n<!-- \/ Yoast SEO Premium plugin. -->","yoast_head_json":{"title":"Le jour o\u00f9 tu es devenu ma maman - Bijoux - Positive Prints","description":"C\u00e9l\u00e9brez le lien extraordinaire entre vous et votre maman avec notre bijou personnalis\u00e9 Le jour o\u00f9 tu es devenue ma maman, un souvenir unique pour marquer la naissance de votre lien ind\u00e9fectible.","robots":{"index":"index","follow":"follow","max-snippet":"max-snippet:-1","max-image-preview":"max-image-preview:large","max-video-preview":"max-video-preview:-1"},"canonical":"https:\/\/positiveprints.com\/fr\/produit\/le-jour-ou-tu-es-devenu-ma-maman-bijoux-personnalises\/","og_locale":"fr_FR","og_type":"article","og_title":"Le jour o\u00f9 tu es devenu ma maman - Bijoux personnalis\u00e9s","og_description":"Cadeau personnalis\u00e9 pour maman \u2013 id\u00e9al pour une naissance, un anniversaire ou la f\u00eate des m\u00e8res Collier avec pendentif grav\u00e9 \u00ab Le jour o\u00f9 tu es devenue ma maman \u00bb Pendentif de 20 mm en argent sterling 925 ou en or massif 14 carats, finition artisanale Ajoutez un texte personnel ou une date significative au dos Cr\u00e9ation facile en ligne avec aper\u00e7u instantan\u00e9 en temps r\u00e9el","og_url":"https:\/\/positiveprints.com\/fr\/produit\/le-jour-ou-tu-es-devenu-ma-maman-bijoux-personnalises\/","og_site_name":"Positive Prints","article_publisher":"https:\/\/www.facebook.com\/positiveprintscom","article_modified_time":"2026-04-28T13:01:17+00:00","og_image":[{"width":2280,"height":2280,"url":"https:\/\/positiveprints.com\/wp-content\/uploads\/2025\/10\/PACKSHOT_FR_Le-jour-ou\u0300-tu-es-devenu-ma-maman-Bijoux-personnalise\u0301s.webp","type":"image\/webp"}],"twitter_card":"summary_large_image","schema":{"@context":"https:\/\/schema.org","@graph":[{"@type":["WebPage","ItemPage"],"@id":"https:\/\/positiveprints.com\/fr\/produit\/le-jour-ou-tu-es-devenu-ma-maman-bijoux-personnalises\/","url":"https:\/\/positiveprints.com\/fr\/produit\/le-jour-ou-tu-es-devenu-ma-maman-bijoux-personnalises\/","name":"Le jour o\u00f9 tu es devenu ma maman - Bijoux - Positive Prints","isPartOf":{"@id":"https:\/\/positiveprints.com\/fr\/#website"},"primaryImageOfPage":{"@id":"https:\/\/positiveprints.com\/fr\/produit\/le-jour-ou-tu-es-devenu-ma-maman-bijoux-personnalises\/#primaryimage"},"image":{"@id":"https:\/\/positiveprints.com\/fr\/produit\/le-jour-ou-tu-es-devenu-ma-maman-bijoux-personnalises\/#primaryimage"},"thumbnailUrl":"https:\/\/positiveprints.com\/wp-content\/uploads\/2025\/10\/PACKSHOT_FR_Le-jour-ou\u0300-tu-es-devenu-ma-maman-Bijoux-personnalise\u0301s.webp","datePublished":"2024-01-22T11:02:46+00:00","dateModified":"2026-04-28T13:01:17+00:00","description":"C\u00e9l\u00e9brez le lien extraordinaire entre vous et votre maman avec notre bijou personnalis\u00e9 Le jour o\u00f9 tu es devenue ma maman, un souvenir unique pour marquer la naissance de votre lien ind\u00e9fectible.","breadcrumb":{"@id":"https:\/\/positiveprints.com\/fr\/produit\/le-jour-ou-tu-es-devenu-ma-maman-bijoux-personnalises\/#breadcrumb"},"inLanguage":"fr-FR","potentialAction":[{"@type":"ReadAction","target":["https:\/\/positiveprints.com\/fr\/produit\/le-jour-ou-tu-es-devenu-ma-maman-bijoux-personnalises\/"]}]},{"@type":"ImageObject","inLanguage":"fr-FR","@id":"https:\/\/positiveprints.com\/fr\/produit\/le-jour-ou-tu-es-devenu-ma-maman-bijoux-personnalises\/#primaryimage","url":"https:\/\/positiveprints.com\/wp-content\/uploads\/2025\/10\/PACKSHOT_FR_Le-jour-ou\u0300-tu-es-devenu-ma-maman-Bijoux-personnalise\u0301s.webp","contentUrl":"https:\/\/positiveprints.com\/wp-content\/uploads\/2025\/10\/PACKSHOT_FR_Le-jour-ou\u0300-tu-es-devenu-ma-maman-Bijoux-personnalise\u0301s.webp","width":2280,"height":2280},{"@type":"BreadcrumbList","@id":"https:\/\/positiveprints.com\/fr\/produit\/le-jour-ou-tu-es-devenu-ma-maman-bijoux-personnalises\/#breadcrumb","itemListElement":[{"@type":"ListItem","position":1,"name":"Home","item":"https:\/\/positiveprints.com\/fr\/"},{"@type":"ListItem","position":2,"name":"Produits","item":"https:\/\/positiveprints.com\/fr\/shop\/"},{"@type":"ListItem","position":3,"name":"Le jour o\u00f9 tu es devenu ma maman &#8211; Bijoux personnalis\u00e9s"}]},{"@type":"WebSite","@id":"https:\/\/positiveprints.com\/fr\/#website","url":"https:\/\/positiveprints.com\/fr\/","name":"Positive Prints","description":"Amazing Custom Personalized Gifts","publisher":{"@id":"https:\/\/positiveprints.com\/fr\/#organization"},"potentialAction":[{"@type":"SearchAction","target":{"@type":"EntryPoint","urlTemplate":"https:\/\/positiveprints.com\/fr\/?s={search_term_string}"},"query-input":{"@type":"PropertyValueSpecification","valueRequired":true,"valueName":"search_term_string"}}],"inLanguage":"fr-FR"},{"@type":"Organization","@id":"https:\/\/positiveprints.com\/fr\/#organization","name":"Positive Prints","alternateName":"Positive Prints","url":"https:\/\/positiveprints.com\/fr\/","logo":{"@type":"ImageObject","inLanguage":"fr-FR","@id":"https:\/\/positiveprints.com\/fr\/#\/schema\/logo\/image\/","url":"https:\/\/positiveprints.com\/wp-content\/uploads\/2026\/03\/245815646_1337939713319158_5671353136411139666_n.png","contentUrl":"https:\/\/positiveprints.com\/wp-content\/uploads\/2026\/03\/245815646_1337939713319158_5671353136411139666_n.png","width":800,"height":800,"caption":"Positive Prints"},"image":{"@id":"https:\/\/positiveprints.com\/fr\/#\/schema\/logo\/image\/"},"sameAs":["https:\/\/www.facebook.com\/positiveprintscom","https:\/\/www.instagram.com\/positiveprintscom\/","https:\/\/www.tiktok.com\/@positiveprintscom","https:\/\/www.pinterest.com\/positiveprintscom\/"]}]}},"jetpack_sharing_enabled":true,"_links":{"self":[{"href":"https:\/\/positiveprints.com\/fr\/wp-json\/wp\/v2\/product\/1046533","targetHints":{"allow":["GET"]}}],"collection":[{"href":"https:\/\/positiveprints.com\/fr\/wp-json\/wp\/v2\/product"}],"about":[{"href":"https:\/\/positiveprints.com\/fr\/wp-json\/wp\/v2\/types\/product"}],"wp:featuredmedia":[{"embeddable":true,"href":"https:\/\/positiveprints.com\/fr\/wp-json\/wp\/v2\/media\/1542965"}],"wp:attachment":[{"href":"https:\/\/positiveprints.com\/fr\/wp-json\/wp\/v2\/media?parent=1046533"}],"wp:term":[{"taxonomy":"product_brand","embeddable":true,"href":"https:\/\/positiveprints.com\/fr\/wp-json\/wp\/v2\/product_brand?post=1046533"},{"taxonomy":"product_cat","embeddable":true,"href":"https:\/\/positiveprints.com\/fr\/wp-json\/wp\/v2\/product_cat?post=1046533"},{"taxonomy":"product_tag","embeddable":true,"href":"https:\/\/positiveprints.com\/fr\/wp-json\/wp\/v2\/product_tag?post=1046533"}],"curies":[{"name":"wp","href":"https:\/\/api.w.org\/{rel}","templated":true}]}}