{"id":1046514,"date":"2024-01-22T11:36:21","date_gmt":"2024-01-22T10:36:21","guid":{"rendered":"https:\/\/positiveprints.com\/?post_type=product&#038;p=1046514"},"modified":"2026-04-03T02:59:05","modified_gmt":"2026-04-03T01:59:05","slug":"la-nuit-de-nos-fiancailles-bijoux","status":"publish","type":"product","link":"https:\/\/positiveprints.com\/fr\/produit\/la-nuit-de-nos-fiancailles-bijoux\/","title":{"rendered":"La nuit de nos fian\u00e7ailles &#8211; bijoux personnalis\u00e9s"},"content":{"rendered":"<p>Transmettez l&#8217;essence de vos fian\u00e7ailles d&#8217;une mani\u00e8re tangible et \u00e9l\u00e9gante gr\u00e2ce \u00e0 nos bijoux \u00ab La nuit de nos fian\u00e7ailles \u00bb Ce pendentif unique vous rappellera le moment enchanteur o\u00f9 vous avez fait un pas vers l&#8217;\u00e9ternit\u00e9, ensemble.<\/p>\n\n\n\n<h2>Customisez l&#8217;histoire de vos fian\u00e7ailles sous les \u00e9toiles<\/h2>\n\n\n\n<p>Personnalisez votre collier en s\u00e9lectionnant la date et le lieu pr\u00e9cis de vos fian\u00e7ailles. Notre technologie sophistiqu\u00e9e recr\u00e9era avec ing\u00e9niosit\u00e9 le panorama c\u00e9leste de cette nuit inoubliable, immortalisant le ciel \u00e9toil\u00e9 lorsque vous vous \u00eates dit \u00ab oui \u00bb<\/p>\n\n\n\n<p>La face avant du pendentif affiche les \u00e9toiles de la nuit de vos fian\u00e7ailles inoubliables, tandis qu&#8217;au verso, vous pourrez faire graver un message plein d&#8217;amour. Ajoutez la date et le lieu de votre engagement, et faites en sorte qu&#8217;il soit vraiment \u00e0 vous avec un mot tendre comme \u00ab La nuit de nos fian\u00e7ailles \u00bb ou \u00ab Pour toujours \u00bb<\/p>\n\n\n\n<h2>Des mat\u00e9riaux raffin\u00e9s pour une \u00e9l\u00e9gance p\u00e9renne<\/h2>\n\n\n\n<p>Chaque pendentif, qu&#8217;il s&#8217;agisse d&#8217;un cercle ou d&#8217;une cha\u00eene de 45 cm, est grav\u00e9 au laser pour transformer votre ciel nocturne en une \u0153uvre d&#8217;art pr\u00eate \u00e0 porter. Notre engagement en faveur de la garantie de qualit\u00e9 est marqu\u00e9 par un petit cachet distinct sur le pendentif et la cha\u00eene.<\/p>\n\n\n\n<p>Nous placerons votre bijou de \u00ab La nuit de nos fian\u00e7ailles \u00bbdans une jolie bo\u00eete \u00e0 bijoux avec un guide d&#8217;entretien et un chiffon de nettoyage appropri\u00e9. Cette petite attention refl\u00e8te l&#8217;importance que nous accordons au fait de vous offrir une exp\u00e9rience aussi remarquable que votre engagement.\n\n<\/p>\n\n\n\n<h2>Un symbole p\u00e9renne de l&#8217;amour de vos fian\u00e7ailles<\/h2>\n\n\n\n<p>\u00c9levez \u00e0 un niveau in\u00e9galable votre cadeau de fian\u00e7ailles avec l&#8217;enchanteur bijou de \u00ab La nuit de nos fian\u00e7ailles \u00bbS\u00e9lectionnez le mat\u00e9riau de votre choix, ajoutez votre touche personnelle au ciel \u00e9toil\u00e9 et admirez le savoir-faire sophistiqu\u00e9 qui permet de transformer des souvenirs pr\u00e9cieux en un sublime collier.<\/p>\n\n\n\n<p>Nos bijoux personnalis\u00e9s sont l&#8217;embl\u00e8me intemporel de votre histoire d&#8217;amour, depuis la nuit o\u00f9 vous vous \u00eates fianc\u00e9s. Saisissez l&#8217;occasion de cr\u00e9er un souvenir qui durera \u00e9ternellement : commandez d\u00e8s maintenant vos bijoux de \u00ab La nuit de nos fian\u00e7ailles \u00bb et partagez un morceau de firmament avec celle ou celui qui vous est cher.<\/p>","protected":false},"excerpt":{"rendered":"<ul class=\"check-list\">\n<li>Revivez l&#8217;enchantement de vos fian\u00e7ailles avec le collier \u00ab La nuit de nos fian\u00e7ailles \u00bb<\/li>\n<li>Pendentif de 20 mm fabriqu\u00e9 en argent sterling de qualit\u00e9 sup\u00e9rieure ou en, grav\u00e9 au laser et fini \u00e0 la main<\/li>\n<li>Choisissez un texte sinc\u00e8re en fonction de l&#8217;occasion<\/li>\n<li>Personnalisez en seulement 2 minutes<\/li>\n<li>Visualisez le r\u00e9sultat imm\u00e9diatement avec l\u2019aper\u00e7u interactif<\/li>\n<\/ul>\n","protected":false},"featured_media":1542649,"template":"","meta":[],"product_brand":[],"product_cat":[9260,9212,104,5276,2878],"product_tag":[9311,9344,17670,8432,9327,9355],"class_list":{"0":"post-1046514","1":"product","2":"type-product","3":"status-publish","4":"has-post-thumbnail","6":"product_cat-jewelry-fr","7":"product_cat-star-map-jewelry-fr","8":"product_cat-tous-les-produits","9":"product_cat-cadeaux-de-fiancailles-idees-cadeaux","10":"product_cat-star-fr-2","11":"product_tag-chaine","12":"product_tag-collier","13":"product_tag-engagement-fr","14":"product_tag-fiancailles","15":"product_tag-medaillon-fr","16":"product_tag-pendentif","18":"first","19":"instock","20":"sale","21":"taxable","22":"shipping-taxable","23":"purchasable","24":"product-type-variable"},"yoast_head":"<!-- This site is optimized with the Yoast SEO Premium plugin v27.2 (Yoast SEO v27.2) - https:\/\/yoast.com\/product\/yoast-seo-premium-wordpress\/ -->\n<title>La nuit de nos fian\u00e7ailles - Bijoux personnalis\u00e9s - Positive Prints<\/title>\n<meta name=\"description\" content=\"Portez pr\u00e8s de votre c\u0153ur le souvenir \u00e9toil\u00e9 de votre engagement avec ce pendentif en argent sterling de 20 mm, un bijou \u00e9l\u00e9gant qui capture \u00e0 jamais la configuration c\u00e9leste de cette nuit inoubliable o\u00f9 vous avez dit &quot;oui&quot;.\" \/>\n<meta name=\"robots\" content=\"index, follow, max-snippet:-1, max-image-preview:large, max-video-preview:-1\" \/>\n<link rel=\"canonical\" href=\"https:\/\/positiveprints.com\/fr\/produit\/la-nuit-de-nos-fiancailles-bijoux\/\" \/>\n<meta property=\"og:locale\" content=\"fr_FR\" \/>\n<meta property=\"og:type\" content=\"article\" \/>\n<meta property=\"og:title\" content=\"La nuit de nos fian\u00e7ailles - bijoux personnalis\u00e9s\" \/>\n<meta property=\"og:description\" content=\"Revivez l&#039;enchantement de vos fian\u00e7ailles avec le collier \u00ab La nuit de nos fian\u00e7ailles \u00bb Pendentif de 20 mm fabriqu\u00e9 en argent sterling de qualit\u00e9 sup\u00e9rieure ou en, grav\u00e9 au laser et fini \u00e0 la main Choisissez un texte sinc\u00e8re en fonction de l&#039;occasion Personnalisez en seulement 2 minutes Visualisez le r\u00e9sultat imm\u00e9diatement avec l\u2019aper\u00e7u interactif\" \/>\n<meta property=\"og:url\" content=\"https:\/\/positiveprints.com\/fr\/produit\/la-nuit-de-nos-fiancailles-bijoux\/\" \/>\n<meta property=\"og:site_name\" content=\"Positive Prints\" \/>\n<meta property=\"article:publisher\" content=\"https:\/\/www.facebook.com\/positiveprintscom\" \/>\n<meta property=\"article:modified_time\" content=\"2026-04-03T01:59:05+00:00\" \/>\n<meta property=\"og:image\" content=\"https:\/\/positiveprints.com\/wp-content\/uploads\/2025\/10\/PACKSHOT_FR_La-nuit-de-nos-fianc\u0327ailles-bijoux-personnalise\u0301s.webp\" \/>\n\t<meta property=\"og:image:width\" content=\"2280\" \/>\n\t<meta property=\"og:image:height\" content=\"2280\" \/>\n\t<meta property=\"og:image:type\" content=\"image\/webp\" \/>\n<meta name=\"twitter:card\" content=\"summary_large_image\" \/>\n<meta name=\"twitter:label1\" content=\"Dur\u00e9e de lecture estim\u00e9e\" \/>\n\t<meta name=\"twitter:data1\" content=\"2 minutes\" \/>\n<!-- \/ Yoast SEO Premium plugin. -->","yoast_head_json":{"title":"La nuit de nos fian\u00e7ailles - Bijoux personnalis\u00e9s - Positive Prints","description":"Portez pr\u00e8s de votre c\u0153ur le souvenir \u00e9toil\u00e9 de votre engagement avec ce pendentif en argent sterling de 20 mm, un bijou \u00e9l\u00e9gant qui capture \u00e0 jamais la configuration c\u00e9leste de cette nuit inoubliable o\u00f9 vous avez dit \"oui\".","robots":{"index":"index","follow":"follow","max-snippet":"max-snippet:-1","max-image-preview":"max-image-preview:large","max-video-preview":"max-video-preview:-1"},"canonical":"https:\/\/positiveprints.com\/fr\/produit\/la-nuit-de-nos-fiancailles-bijoux\/","og_locale":"fr_FR","og_type":"article","og_title":"La nuit de nos fian\u00e7ailles - bijoux personnalis\u00e9s","og_description":"Revivez l'enchantement de vos fian\u00e7ailles avec le collier \u00ab La nuit de nos fian\u00e7ailles \u00bb Pendentif de 20 mm fabriqu\u00e9 en argent sterling de qualit\u00e9 sup\u00e9rieure ou en, grav\u00e9 au laser et fini \u00e0 la main Choisissez un texte sinc\u00e8re en fonction de l'occasion Personnalisez en seulement 2 minutes Visualisez le r\u00e9sultat imm\u00e9diatement avec l\u2019aper\u00e7u interactif","og_url":"https:\/\/positiveprints.com\/fr\/produit\/la-nuit-de-nos-fiancailles-bijoux\/","og_site_name":"Positive Prints","article_publisher":"https:\/\/www.facebook.com\/positiveprintscom","article_modified_time":"2026-04-03T01:59:05+00:00","og_image":[{"width":2280,"height":2280,"url":"https:\/\/positiveprints.com\/wp-content\/uploads\/2025\/10\/PACKSHOT_FR_La-nuit-de-nos-fianc\u0327ailles-bijoux-personnalise\u0301s.webp","type":"image\/webp"}],"twitter_card":"summary_large_image","twitter_misc":{"Dur\u00e9e de lecture estim\u00e9e":"2 minutes"},"schema":{"@context":"https:\/\/schema.org","@graph":[{"@type":["WebPage","ItemPage"],"@id":"https:\/\/positiveprints.com\/fr\/produit\/la-nuit-de-nos-fiancailles-bijoux\/","url":"https:\/\/positiveprints.com\/fr\/produit\/la-nuit-de-nos-fiancailles-bijoux\/","name":"La nuit de nos fian\u00e7ailles - Bijoux personnalis\u00e9s - Positive Prints","isPartOf":{"@id":"https:\/\/positiveprints.com\/fr\/#website"},"primaryImageOfPage":{"@id":"https:\/\/positiveprints.com\/fr\/produit\/la-nuit-de-nos-fiancailles-bijoux\/#primaryimage"},"image":{"@id":"https:\/\/positiveprints.com\/fr\/produit\/la-nuit-de-nos-fiancailles-bijoux\/#primaryimage"},"thumbnailUrl":"https:\/\/positiveprints.com\/wp-content\/uploads\/2025\/10\/PACKSHOT_FR_La-nuit-de-nos-fianc\u0327ailles-bijoux-personnalise\u0301s.webp","datePublished":"2024-01-22T10:36:21+00:00","dateModified":"2026-04-03T01:59:05+00:00","description":"Portez pr\u00e8s de votre c\u0153ur le souvenir \u00e9toil\u00e9 de votre engagement avec ce pendentif en argent sterling de 20 mm, un bijou \u00e9l\u00e9gant qui capture \u00e0 jamais la configuration c\u00e9leste de cette nuit inoubliable o\u00f9 vous avez dit \"oui\".","breadcrumb":{"@id":"https:\/\/positiveprints.com\/fr\/produit\/la-nuit-de-nos-fiancailles-bijoux\/#breadcrumb"},"inLanguage":"fr-FR","potentialAction":[{"@type":"ReadAction","target":["https:\/\/positiveprints.com\/fr\/produit\/la-nuit-de-nos-fiancailles-bijoux\/"]}]},{"@type":"ImageObject","inLanguage":"fr-FR","@id":"https:\/\/positiveprints.com\/fr\/produit\/la-nuit-de-nos-fiancailles-bijoux\/#primaryimage","url":"https:\/\/positiveprints.com\/wp-content\/uploads\/2025\/10\/PACKSHOT_FR_La-nuit-de-nos-fianc\u0327ailles-bijoux-personnalise\u0301s.webp","contentUrl":"https:\/\/positiveprints.com\/wp-content\/uploads\/2025\/10\/PACKSHOT_FR_La-nuit-de-nos-fianc\u0327ailles-bijoux-personnalise\u0301s.webp","width":2280,"height":2280},{"@type":"BreadcrumbList","@id":"https:\/\/positiveprints.com\/fr\/produit\/la-nuit-de-nos-fiancailles-bijoux\/#breadcrumb","itemListElement":[{"@type":"ListItem","position":1,"name":"Home","item":"https:\/\/positiveprints.com\/fr\/"},{"@type":"ListItem","position":2,"name":"Produits","item":"https:\/\/positiveprints.com\/fr\/shop\/"},{"@type":"ListItem","position":3,"name":"La nuit de nos fian\u00e7ailles &#8211; bijoux personnalis\u00e9s"}]},{"@type":"WebSite","@id":"https:\/\/positiveprints.com\/fr\/#website","url":"https:\/\/positiveprints.com\/fr\/","name":"Positive Prints","description":"Amazing Custom Personalized Gifts","publisher":{"@id":"https:\/\/positiveprints.com\/fr\/#organization"},"potentialAction":[{"@type":"SearchAction","target":{"@type":"EntryPoint","urlTemplate":"https:\/\/positiveprints.com\/fr\/?s={search_term_string}"},"query-input":{"@type":"PropertyValueSpecification","valueRequired":true,"valueName":"search_term_string"}}],"inLanguage":"fr-FR"},{"@type":"Organization","@id":"https:\/\/positiveprints.com\/fr\/#organization","name":"Positive Prints","alternateName":"Positive Prints","url":"https:\/\/positiveprints.com\/fr\/","logo":{"@type":"ImageObject","inLanguage":"fr-FR","@id":"https:\/\/positiveprints.com\/fr\/#\/schema\/logo\/image\/","url":"https:\/\/positiveprints.com\/wp-content\/uploads\/2026\/03\/245815646_1337939713319158_5671353136411139666_n.png","contentUrl":"https:\/\/positiveprints.com\/wp-content\/uploads\/2026\/03\/245815646_1337939713319158_5671353136411139666_n.png","width":800,"height":800,"caption":"Positive Prints"},"image":{"@id":"https:\/\/positiveprints.com\/fr\/#\/schema\/logo\/image\/"},"sameAs":["https:\/\/www.facebook.com\/positiveprintscom","https:\/\/www.instagram.com\/positiveprintscom\/","https:\/\/www.tiktok.com\/@positiveprintscom","https:\/\/www.pinterest.com\/positiveprintscom\/"]}]}},"jetpack_sharing_enabled":true,"_links":{"self":[{"href":"https:\/\/positiveprints.com\/fr\/wp-json\/wp\/v2\/product\/1046514","targetHints":{"allow":["GET"]}}],"collection":[{"href":"https:\/\/positiveprints.com\/fr\/wp-json\/wp\/v2\/product"}],"about":[{"href":"https:\/\/positiveprints.com\/fr\/wp-json\/wp\/v2\/types\/product"}],"wp:featuredmedia":[{"embeddable":true,"href":"https:\/\/positiveprints.com\/fr\/wp-json\/wp\/v2\/media\/1542649"}],"wp:attachment":[{"href":"https:\/\/positiveprints.com\/fr\/wp-json\/wp\/v2\/media?parent=1046514"}],"wp:term":[{"taxonomy":"product_brand","embeddable":true,"href":"https:\/\/positiveprints.com\/fr\/wp-json\/wp\/v2\/product_brand?post=1046514"},{"taxonomy":"product_cat","embeddable":true,"href":"https:\/\/positiveprints.com\/fr\/wp-json\/wp\/v2\/product_cat?post=1046514"},{"taxonomy":"product_tag","embeddable":true,"href":"https:\/\/positiveprints.com\/fr\/wp-json\/wp\/v2\/product_tag?post=1046514"}],"curies":[{"name":"wp","href":"https:\/\/api.w.org\/{rel}","templated":true}]}}