{"id":1046472,"date":"2024-01-22T11:13:42","date_gmt":"2024-01-22T10:13:42","guid":{"rendered":"https:\/\/positiveprints.com\/?post_type=product&#038;p=1046472"},"modified":"2026-04-03T02:59:20","modified_gmt":"2026-04-03T01:59:20","slug":"la-nuit-ou-nous-nous-sommes-rencontres-bijoux","status":"publish","type":"product","link":"https:\/\/positiveprints.com\/fr\/produit\/la-nuit-ou-nous-nous-sommes-rencontres-bijoux\/","title":{"rendered":"La nuit o\u00f9 nous nous sommes rencontr\u00e9s &#8211; bijoux personnalis\u00e9s"},"content":{"rendered":"<p>Vous \u00eates \u00e0 la recherche d&#8217;un cadeau original ? D\u00e9couvrez nos bijoux de \u00ab La nuit o\u00f9 nous nous sommes rencontr\u00e9s \u00bb, la preuve mat\u00e9rialis\u00e9e de votre histoire d&#8217;amour unique en son genre.<\/p>\n\n\n\n<h2>Cr\u00e9ez vos propres bijoux \u00e9toil\u00e9s<\/h2>\n\n\n\n<p>D\u00e9couvrez des bijoux capables de capturer l&#8217;essence de vos moments uniques, symbolisant l&#8217;amour \u00e9ternel et apportant de la joie. Ce pendentif est le choix id\u00e9al pour ajouter une touche personnelle \u00e0 vos souvenirs.<\/p>\n\n\n\n<p>Concevez votre collier unique et exclusif avec nos bijoux de \u00ab La nuit o\u00f9 nous nous sommes rencontr\u00e9s \u00bb. D\u00e9terminez la date et le lieu de votre premi\u00e8re rencontre, et notre technologie cr\u00e9era une image du ciel nocturne \u00e0 partir de cet instant pr\u00e9cis.<\/p>\n\n\n\n<p>La face avant du pendentif affiche les \u00e9toiles de votre nuit inoubliable, tandis qu&#8217;au verso, vous pourrez y ajouter la date et le lieu. Rendez-le encore plus sp\u00e9cial avec un message affectueux tel que \u00ab La nuit de notre rencontre \u00bb ou \u00ab \u00c0 toi pour toujours \u00bb<\/p>\n\n\n\n<h2>Un savoir-faire de qualit\u00e9 pour une \u00e9l\u00e9gance p\u00e9renne<\/h2>\n\n\n\n<p>Notre pendentif est soigneusement confectionn\u00e9 afin de conserver sa beaut\u00e9 plus longtemps.<\/p>\n\n\n\n<p>Chaque pendentif, qu&#8217;il s&#8217;agisse d&#8217;un cercle ou d&#8217;une cha\u00eene de 45 cm, est grav\u00e9 au laser pour transformer votre ciel nocturne en une \u0153uvre d&#8217;art pr\u00eate \u00e0 porter. Un petit poin\u00e7on sur le pendentif et la cha\u00eene garantit l&#8217;authenticit\u00e9 et la qualit\u00e9 de l&#8217;objet.<\/p>\n\n\n\n<p>Nous placerons votre pendentif dans une jolie bo\u00eete \u00e0 bijoux avec un guide d&#8217;entretien et un chiffon de nettoyage appropri\u00e9. Cela t\u00e9moigne de l&#8217;importance que nous accordons au fait de vous offrir une exp\u00e9rience privil\u00e9gi\u00e9e qui brille autant que votre histoire d&#8217;amour.<\/p>\n\n\n\n<h2>Faites briller chaque instant<\/h2>\n\n\n\n<p>Faites de votre cadeau un pr\u00e9sent unique avec les bijoux de \u00ab La nuit o\u00f9 nous nous sommes rencontr\u00e9s \u00bb. Choisissez le mat\u00e9riau qui vous pla\u00eet, apportez votre propre touche au ciel nocturne et admirez le travail minutieux qui transforme les souvenirs en un magnifique collier.<\/p>\n\n\n\n\n\n<p>Nos bijoux personnalis\u00e9s sont un symbole durable de votre amour. Ne manquez pas cette occasion de cr\u00e9er un moment dont vous vous souviendrez \u00e0 jamais. Optez d\u00e8s maintenant pour votre bijou de \u00ab La nuit o\u00f9 nous nous sommes rencontr\u00e9s \u00bb et offrez un morceau de firmament \u00e0 celle ou celui qui vous tient \u00e0 c\u0153ur.<\/p>","protected":false},"excerpt":{"rendered":"<ul class=\"check-list\">\n<li>Rendez la magie de votre nuit inoubliable \u00e9ternelle et c\u00e9l\u00e9brez votre union cosmique<\/li>\n<li>Pendentif de 20 mm fabriqu\u00e9 en argent sterling de qualit\u00e9 sup\u00e9rieure ou en, grav\u00e9 au laser et fini \u00e0 la main<\/li>\n<li>Choisissez un texte sinc\u00e8re en fonction de l&#8217;occasion<\/li>\n<li>Personnalisez en seulement 2\u00a0minutes<\/li>\n<li>Vois le r\u00e9sultat imm\u00e9diatement \u2013 l\u2019aper\u00e7u interactif te permet de peaufiner chaque d\u00e9tail\n<\/li>\n<\/ul>\n","protected":false},"featured_media":1542250,"template":"","meta":[],"product_brand":[],"product_cat":[11175,11245,5328,9260,12251,3118,5264,8194,7749,11395,7685,7781,11392,11402,2878,9212,104,9760],"product_tag":[14849,11795,9311,15452,9344,9327,9355,17442],"class_list":{"0":"post-1046472","1":"product","2":"type-product","3":"status-publish","4":"has-post-thumbnail","6":"product_cat-cadeaux-danniversaire-pour-femme","7":"product_cat-cadeaux-de-saint-valentin-pour-elle","8":"product_cat-cadeaux-de-commemorations","9":"product_cat-jewelry-fr","10":"product_cat-jewelry-basic-fr","11":"product_cat-cadeaux-saint-valentin","12":"product_cat-cadeaux-de-noel","13":"product_cat-pour-elle","14":"product_cat-cadeaux-pour-epouse","15":"product_cat-cadeaux-de-noel-pour-femme","16":"product_cat-cadeaux-pour-femmes","17":"product_cat-cadeaux-pour-petite-amie","18":"product_cat-cadeaux-de-noel-pour-sa-copine","19":"product_cat-cadeaux-de-noel-pour-sa-femme","20":"product_cat-star-fr-2","21":"product_cat-star-map-jewelry-fr","22":"product_cat-tous-les-produits","23":"product_cat-trending-label-fr","24":"product_tag-anniversary-fr","25":"product_tag-cadeaux-de-noel-pour-sa-femme","26":"product_tag-chaine","27":"product_tag-ciel-rencontre","28":"product_tag-collier","29":"product_tag-medaillon-fr","30":"product_tag-pendentif","31":"product_tag-prezenty-pod-choinke-dla-dziewczyny-fr","33":"first","34":"instock","35":"sale","36":"taxable","37":"shipping-taxable","38":"purchasable","39":"product-type-variable"},"yoast_head":"<!-- This site is optimized with the Yoast SEO Premium plugin v27.2 (Yoast SEO v27.2) - https:\/\/yoast.com\/product\/yoast-seo-premium-wordpress\/ -->\n<title>La nuit o\u00f9 nous nous sommes rencontr\u00e9s - Bijoux - Positive Prints<\/title>\n<meta name=\"description\" content=\"D\u00e9couvrez nos bijoux de \u00ab La nuit o\u00f9 nous nous sommes rencontr\u00e9s \u00bb, la preuve mat\u00e9rialis\u00e9e de votre histoire d&#039;amour unique en son genre.\" \/>\n<meta name=\"robots\" content=\"index, follow, max-snippet:-1, max-image-preview:large, max-video-preview:-1\" \/>\n<link rel=\"canonical\" href=\"https:\/\/positiveprints.com\/fr\/produit\/la-nuit-ou-nous-nous-sommes-rencontres-bijoux\/\" \/>\n<meta property=\"og:locale\" content=\"fr_FR\" \/>\n<meta property=\"og:type\" content=\"article\" \/>\n<meta property=\"og:title\" content=\"La nuit o\u00f9 nous nous sommes rencontr\u00e9s - bijoux personnalis\u00e9s\" \/>\n<meta property=\"og:description\" content=\"Rendez la magie de votre nuit inoubliable \u00e9ternelle et c\u00e9l\u00e9brez votre union cosmique  Pendentif de 20 mm fabriqu\u00e9 en argent sterling de qualit\u00e9 sup\u00e9rieure ou en, grav\u00e9 au laser et fini \u00e0 la main  Choisissez un texte sinc\u00e8re en fonction de l&#039;occasion  Personnalisez en seulement 2\u00a0minutes  Vois le r\u00e9sultat imm\u00e9diatement \u2013 l\u2019aper\u00e7u interactif te permet de peaufiner chaque d\u00e9tail\" \/>\n<meta property=\"og:url\" content=\"https:\/\/positiveprints.com\/fr\/produit\/la-nuit-ou-nous-nous-sommes-rencontres-bijoux\/\" \/>\n<meta property=\"og:site_name\" content=\"Positive Prints\" \/>\n<meta property=\"article:publisher\" content=\"https:\/\/www.facebook.com\/positiveprintscom\" \/>\n<meta property=\"article:modified_time\" content=\"2026-04-03T01:59:20+00:00\" \/>\n<meta property=\"og:image\" content=\"https:\/\/positiveprints.com\/wp-content\/uploads\/2025\/10\/PACKSHOT_FR_La-nuit-ou\u0300-nous-nous-sommes-rencontre\u0301s-bijoux-personnalise\u0301s.webp\" \/>\n\t<meta property=\"og:image:width\" content=\"2280\" \/>\n\t<meta property=\"og:image:height\" content=\"2280\" \/>\n\t<meta property=\"og:image:type\" content=\"image\/webp\" \/>\n<meta name=\"twitter:card\" content=\"summary_large_image\" \/>\n<meta name=\"twitter:label1\" content=\"Dur\u00e9e de lecture estim\u00e9e\" \/>\n\t<meta name=\"twitter:data1\" content=\"2 minutes\" \/>\n<!-- \/ Yoast SEO Premium plugin. -->","yoast_head_json":{"title":"La nuit o\u00f9 nous nous sommes rencontr\u00e9s - Bijoux - Positive Prints","description":"D\u00e9couvrez nos bijoux de \u00ab La nuit o\u00f9 nous nous sommes rencontr\u00e9s \u00bb, la preuve mat\u00e9rialis\u00e9e de votre histoire d'amour unique en son genre.","robots":{"index":"index","follow":"follow","max-snippet":"max-snippet:-1","max-image-preview":"max-image-preview:large","max-video-preview":"max-video-preview:-1"},"canonical":"https:\/\/positiveprints.com\/fr\/produit\/la-nuit-ou-nous-nous-sommes-rencontres-bijoux\/","og_locale":"fr_FR","og_type":"article","og_title":"La nuit o\u00f9 nous nous sommes rencontr\u00e9s - bijoux personnalis\u00e9s","og_description":"Rendez la magie de votre nuit inoubliable \u00e9ternelle et c\u00e9l\u00e9brez votre union cosmique  Pendentif de 20 mm fabriqu\u00e9 en argent sterling de qualit\u00e9 sup\u00e9rieure ou en, grav\u00e9 au laser et fini \u00e0 la main  Choisissez un texte sinc\u00e8re en fonction de l'occasion  Personnalisez en seulement 2\u00a0minutes  Vois le r\u00e9sultat imm\u00e9diatement \u2013 l\u2019aper\u00e7u interactif te permet de peaufiner chaque d\u00e9tail","og_url":"https:\/\/positiveprints.com\/fr\/produit\/la-nuit-ou-nous-nous-sommes-rencontres-bijoux\/","og_site_name":"Positive Prints","article_publisher":"https:\/\/www.facebook.com\/positiveprintscom","article_modified_time":"2026-04-03T01:59:20+00:00","og_image":[{"width":2280,"height":2280,"url":"https:\/\/positiveprints.com\/wp-content\/uploads\/2025\/10\/PACKSHOT_FR_La-nuit-ou\u0300-nous-nous-sommes-rencontre\u0301s-bijoux-personnalise\u0301s.webp","type":"image\/webp"}],"twitter_card":"summary_large_image","twitter_misc":{"Dur\u00e9e de lecture estim\u00e9e":"2 minutes"},"schema":{"@context":"https:\/\/schema.org","@graph":[{"@type":["WebPage","ItemPage"],"@id":"https:\/\/positiveprints.com\/fr\/produit\/la-nuit-ou-nous-nous-sommes-rencontres-bijoux\/","url":"https:\/\/positiveprints.com\/fr\/produit\/la-nuit-ou-nous-nous-sommes-rencontres-bijoux\/","name":"La nuit o\u00f9 nous nous sommes rencontr\u00e9s - Bijoux - Positive Prints","isPartOf":{"@id":"https:\/\/positiveprints.com\/fr\/#website"},"primaryImageOfPage":{"@id":"https:\/\/positiveprints.com\/fr\/produit\/la-nuit-ou-nous-nous-sommes-rencontres-bijoux\/#primaryimage"},"image":{"@id":"https:\/\/positiveprints.com\/fr\/produit\/la-nuit-ou-nous-nous-sommes-rencontres-bijoux\/#primaryimage"},"thumbnailUrl":"https:\/\/positiveprints.com\/wp-content\/uploads\/2025\/10\/PACKSHOT_FR_La-nuit-ou\u0300-nous-nous-sommes-rencontre\u0301s-bijoux-personnalise\u0301s.webp","datePublished":"2024-01-22T10:13:42+00:00","dateModified":"2026-04-03T01:59:20+00:00","description":"D\u00e9couvrez nos bijoux de \u00ab La nuit o\u00f9 nous nous sommes rencontr\u00e9s \u00bb, la preuve mat\u00e9rialis\u00e9e de votre histoire d'amour unique en son genre.","breadcrumb":{"@id":"https:\/\/positiveprints.com\/fr\/produit\/la-nuit-ou-nous-nous-sommes-rencontres-bijoux\/#breadcrumb"},"inLanguage":"fr-FR","potentialAction":[{"@type":"ReadAction","target":["https:\/\/positiveprints.com\/fr\/produit\/la-nuit-ou-nous-nous-sommes-rencontres-bijoux\/"]}]},{"@type":"ImageObject","inLanguage":"fr-FR","@id":"https:\/\/positiveprints.com\/fr\/produit\/la-nuit-ou-nous-nous-sommes-rencontres-bijoux\/#primaryimage","url":"https:\/\/positiveprints.com\/wp-content\/uploads\/2025\/10\/PACKSHOT_FR_La-nuit-ou\u0300-nous-nous-sommes-rencontre\u0301s-bijoux-personnalise\u0301s.webp","contentUrl":"https:\/\/positiveprints.com\/wp-content\/uploads\/2025\/10\/PACKSHOT_FR_La-nuit-ou\u0300-nous-nous-sommes-rencontre\u0301s-bijoux-personnalise\u0301s.webp","width":2280,"height":2280},{"@type":"BreadcrumbList","@id":"https:\/\/positiveprints.com\/fr\/produit\/la-nuit-ou-nous-nous-sommes-rencontres-bijoux\/#breadcrumb","itemListElement":[{"@type":"ListItem","position":1,"name":"Home","item":"https:\/\/positiveprints.com\/fr\/"},{"@type":"ListItem","position":2,"name":"Produits","item":"https:\/\/positiveprints.com\/fr\/shop\/"},{"@type":"ListItem","position":3,"name":"La nuit o\u00f9 nous nous sommes rencontr\u00e9s &#8211; bijoux personnalis\u00e9s"}]},{"@type":"WebSite","@id":"https:\/\/positiveprints.com\/fr\/#website","url":"https:\/\/positiveprints.com\/fr\/","name":"Positive Prints","description":"Amazing Custom Personalized Gifts","publisher":{"@id":"https:\/\/positiveprints.com\/fr\/#organization"},"potentialAction":[{"@type":"SearchAction","target":{"@type":"EntryPoint","urlTemplate":"https:\/\/positiveprints.com\/fr\/?s={search_term_string}"},"query-input":{"@type":"PropertyValueSpecification","valueRequired":true,"valueName":"search_term_string"}}],"inLanguage":"fr-FR"},{"@type":"Organization","@id":"https:\/\/positiveprints.com\/fr\/#organization","name":"Positive Prints","alternateName":"Positive Prints","url":"https:\/\/positiveprints.com\/fr\/","logo":{"@type":"ImageObject","inLanguage":"fr-FR","@id":"https:\/\/positiveprints.com\/fr\/#\/schema\/logo\/image\/","url":"https:\/\/positiveprints.com\/wp-content\/uploads\/2026\/03\/245815646_1337939713319158_5671353136411139666_n.png","contentUrl":"https:\/\/positiveprints.com\/wp-content\/uploads\/2026\/03\/245815646_1337939713319158_5671353136411139666_n.png","width":800,"height":800,"caption":"Positive Prints"},"image":{"@id":"https:\/\/positiveprints.com\/fr\/#\/schema\/logo\/image\/"},"sameAs":["https:\/\/www.facebook.com\/positiveprintscom","https:\/\/www.instagram.com\/positiveprintscom\/","https:\/\/www.tiktok.com\/@positiveprintscom","https:\/\/www.pinterest.com\/positiveprintscom\/"]}]}},"jetpack_sharing_enabled":true,"_links":{"self":[{"href":"https:\/\/positiveprints.com\/fr\/wp-json\/wp\/v2\/product\/1046472","targetHints":{"allow":["GET"]}}],"collection":[{"href":"https:\/\/positiveprints.com\/fr\/wp-json\/wp\/v2\/product"}],"about":[{"href":"https:\/\/positiveprints.com\/fr\/wp-json\/wp\/v2\/types\/product"}],"wp:featuredmedia":[{"embeddable":true,"href":"https:\/\/positiveprints.com\/fr\/wp-json\/wp\/v2\/media\/1542250"}],"wp:attachment":[{"href":"https:\/\/positiveprints.com\/fr\/wp-json\/wp\/v2\/media?parent=1046472"}],"wp:term":[{"taxonomy":"product_brand","embeddable":true,"href":"https:\/\/positiveprints.com\/fr\/wp-json\/wp\/v2\/product_brand?post=1046472"},{"taxonomy":"product_cat","embeddable":true,"href":"https:\/\/positiveprints.com\/fr\/wp-json\/wp\/v2\/product_cat?post=1046472"},{"taxonomy":"product_tag","embeddable":true,"href":"https:\/\/positiveprints.com\/fr\/wp-json\/wp\/v2\/product_tag?post=1046472"}],"curies":[{"name":"wp","href":"https:\/\/api.w.org\/{rel}","templated":true}]}}