{"id":1037746,"date":"2024-01-11T14:30:37","date_gmt":"2024-01-11T13:30:37","guid":{"rendered":"https:\/\/positiveprints.com\/?post_type=product&#038;p=1037746"},"modified":"2026-04-28T14:01:46","modified_gmt":"2026-04-28T13:01:46","slug":"carte-aquarelle-numerique-personnalisee","status":"publish","type":"product","link":"https:\/\/positiveprints.com\/fr\/produit\/carte-aquarelle-numerique-personnalisee\/","title":{"rendered":"Carte Aquarelle Num\u00e9rique Personnalis\u00e9e"},"content":{"rendered":"","protected":false},"excerpt":{"rendered":"<ul class=\"check-list\">\n<li>Ornez votre maison d&#8217;une magnifique carte aquarelle de votre pays, \u00eele ou \u00e9tendue d&#8217;eau pr\u00e9f\u00e9r\u00e9e<\/li>\n<li>Disponible imm\u00e9diatement apr\u00e8s l&#8217;achat<\/li>\n<li>Peut \u00eatre imprim\u00e9 dans le format de votre choix<\/li>\n<li>Fichiers JPEG de haute qualit\u00e9 de 300 ppp<\/li>\n<li>Vois le r\u00e9sultat imm\u00e9diatement \u2013 l\u2019aper\u00e7u interactif te permet de peaufiner chaque d\u00e9tail<\/li>\n<\/ul>\n","protected":false},"featured_media":984505,"template":"","meta":[],"product_brand":[],"product_cat":[9686,8243,104,7573],"product_tag":[8719],"class_list":{"0":"post-1037746","1":"product","2":"type-product","3":"status-publish","4":"has-post-thumbnail","6":"product_cat-carte-de-votre-pays","7":"product_cat-digital-products-fr","8":"product_cat-tous-les-produits","9":"product_cat-idees-cadeaux-de-derniere-minute","10":"product_tag-last-minute-fr","12":"first","13":"instock","14":"sale","15":"taxable","16":"shipping-taxable","17":"purchasable","18":"product-type-variable"},"yoast_head":"<!-- This site is optimized with the Yoast SEO Premium plugin v27.2 (Yoast SEO v27.2) - https:\/\/yoast.com\/product\/yoast-seo-premium-wordpress\/ -->\n<title>Carte Aquarelle Num\u00e9rique Personnalis\u00e9e - Positive Prints<\/title>\n<meta name=\"robots\" content=\"index, follow, max-snippet:-1, max-image-preview:large, max-video-preview:-1\" \/>\n<link rel=\"canonical\" href=\"https:\/\/positiveprints.com\/fr\/produit\/carte-aquarelle-numerique-personnalisee\/\" \/>\n<meta property=\"og:locale\" content=\"fr_FR\" \/>\n<meta property=\"og:type\" content=\"article\" \/>\n<meta property=\"og:title\" content=\"Carte Aquarelle Num\u00e9rique Personnalis\u00e9e\" \/>\n<meta property=\"og:description\" content=\"Ornez votre maison d&#039;une magnifique carte aquarelle de votre pays, \u00eele ou \u00e9tendue d&#039;eau pr\u00e9f\u00e9r\u00e9e Disponible imm\u00e9diatement apr\u00e8s l&#039;achat Peut \u00eatre imprim\u00e9 dans le format de votre choix Fichiers JPEG de haute qualit\u00e9 de 300 ppp Vois le r\u00e9sultat imm\u00e9diatement \u2013 l\u2019aper\u00e7u interactif te permet de peaufiner chaque d\u00e9tail\" \/>\n<meta property=\"og:url\" content=\"https:\/\/positiveprints.com\/fr\/produit\/carte-aquarelle-numerique-personnalisee\/\" \/>\n<meta property=\"og:site_name\" content=\"Positive Prints\" \/>\n<meta property=\"article:publisher\" content=\"https:\/\/www.facebook.com\/positiveprintscom\" \/>\n<meta property=\"article:modified_time\" content=\"2026-04-28T13:01:46+00:00\" \/>\n<meta property=\"og:image\" content=\"https:\/\/positiveprints.com\/wp-content\/uploads\/2023\/10\/Carte-aquarelle-personnalisee.jpg\" \/>\n\t<meta property=\"og:image:width\" content=\"1080\" \/>\n\t<meta property=\"og:image:height\" content=\"1080\" \/>\n\t<meta property=\"og:image:type\" content=\"image\/jpeg\" \/>\n<meta name=\"twitter:card\" content=\"summary_large_image\" \/>\n<!-- \/ Yoast SEO Premium plugin. -->","yoast_head_json":{"title":"Carte Aquarelle Num\u00e9rique Personnalis\u00e9e - Positive Prints","robots":{"index":"index","follow":"follow","max-snippet":"max-snippet:-1","max-image-preview":"max-image-preview:large","max-video-preview":"max-video-preview:-1"},"canonical":"https:\/\/positiveprints.com\/fr\/produit\/carte-aquarelle-numerique-personnalisee\/","og_locale":"fr_FR","og_type":"article","og_title":"Carte Aquarelle Num\u00e9rique Personnalis\u00e9e","og_description":"Ornez votre maison d'une magnifique carte aquarelle de votre pays, \u00eele ou \u00e9tendue d'eau pr\u00e9f\u00e9r\u00e9e Disponible imm\u00e9diatement apr\u00e8s l'achat Peut \u00eatre imprim\u00e9 dans le format de votre choix Fichiers JPEG de haute qualit\u00e9 de 300 ppp Vois le r\u00e9sultat imm\u00e9diatement \u2013 l\u2019aper\u00e7u interactif te permet de peaufiner chaque d\u00e9tail","og_url":"https:\/\/positiveprints.com\/fr\/produit\/carte-aquarelle-numerique-personnalisee\/","og_site_name":"Positive Prints","article_publisher":"https:\/\/www.facebook.com\/positiveprintscom","article_modified_time":"2026-04-28T13:01:46+00:00","og_image":[{"width":1080,"height":1080,"url":"https:\/\/positiveprints.com\/wp-content\/uploads\/2023\/10\/Carte-aquarelle-personnalisee.jpg","type":"image\/jpeg"}],"twitter_card":"summary_large_image","schema":{"@context":"https:\/\/schema.org","@graph":[{"@type":["WebPage","ItemPage"],"@id":"https:\/\/positiveprints.com\/fr\/produit\/carte-aquarelle-numerique-personnalisee\/","url":"https:\/\/positiveprints.com\/fr\/produit\/carte-aquarelle-numerique-personnalisee\/","name":"Carte Aquarelle Num\u00e9rique Personnalis\u00e9e - Positive Prints","isPartOf":{"@id":"https:\/\/positiveprints.com\/fr\/#website"},"primaryImageOfPage":{"@id":"https:\/\/positiveprints.com\/fr\/produit\/carte-aquarelle-numerique-personnalisee\/#primaryimage"},"image":{"@id":"https:\/\/positiveprints.com\/fr\/produit\/carte-aquarelle-numerique-personnalisee\/#primaryimage"},"thumbnailUrl":"https:\/\/positiveprints.com\/wp-content\/uploads\/2023\/10\/Carte-aquarelle-personnalisee.jpg","datePublished":"2024-01-11T13:30:37+00:00","dateModified":"2026-04-28T13:01:46+00:00","breadcrumb":{"@id":"https:\/\/positiveprints.com\/fr\/produit\/carte-aquarelle-numerique-personnalisee\/#breadcrumb"},"inLanguage":"fr-FR","potentialAction":[{"@type":"ReadAction","target":["https:\/\/positiveprints.com\/fr\/produit\/carte-aquarelle-numerique-personnalisee\/"]}]},{"@type":"ImageObject","inLanguage":"fr-FR","@id":"https:\/\/positiveprints.com\/fr\/produit\/carte-aquarelle-numerique-personnalisee\/#primaryimage","url":"https:\/\/positiveprints.com\/wp-content\/uploads\/2023\/10\/Carte-aquarelle-personnalisee.jpg","contentUrl":"https:\/\/positiveprints.com\/wp-content\/uploads\/2023\/10\/Carte-aquarelle-personnalisee.jpg","width":1080,"height":1080,"caption":"Carte aquarelle personnalis\u00e9e"},{"@type":"BreadcrumbList","@id":"https:\/\/positiveprints.com\/fr\/produit\/carte-aquarelle-numerique-personnalisee\/#breadcrumb","itemListElement":[{"@type":"ListItem","position":1,"name":"Home","item":"https:\/\/positiveprints.com\/fr\/"},{"@type":"ListItem","position":2,"name":"Produits","item":"https:\/\/positiveprints.com\/fr\/shop\/"},{"@type":"ListItem","position":3,"name":"Carte Aquarelle Num\u00e9rique Personnalis\u00e9e"}]},{"@type":"WebSite","@id":"https:\/\/positiveprints.com\/fr\/#website","url":"https:\/\/positiveprints.com\/fr\/","name":"Positive Prints","description":"Amazing Custom Personalized Gifts","publisher":{"@id":"https:\/\/positiveprints.com\/fr\/#organization"},"potentialAction":[{"@type":"SearchAction","target":{"@type":"EntryPoint","urlTemplate":"https:\/\/positiveprints.com\/fr\/?s={search_term_string}"},"query-input":{"@type":"PropertyValueSpecification","valueRequired":true,"valueName":"search_term_string"}}],"inLanguage":"fr-FR"},{"@type":"Organization","@id":"https:\/\/positiveprints.com\/fr\/#organization","name":"Positive Prints","alternateName":"Positive Prints","url":"https:\/\/positiveprints.com\/fr\/","logo":{"@type":"ImageObject","inLanguage":"fr-FR","@id":"https:\/\/positiveprints.com\/fr\/#\/schema\/logo\/image\/","url":"https:\/\/positiveprints.com\/wp-content\/uploads\/2026\/03\/245815646_1337939713319158_5671353136411139666_n.png","contentUrl":"https:\/\/positiveprints.com\/wp-content\/uploads\/2026\/03\/245815646_1337939713319158_5671353136411139666_n.png","width":800,"height":800,"caption":"Positive Prints"},"image":{"@id":"https:\/\/positiveprints.com\/fr\/#\/schema\/logo\/image\/"},"sameAs":["https:\/\/www.facebook.com\/positiveprintscom","https:\/\/www.instagram.com\/positiveprintscom\/","https:\/\/www.tiktok.com\/@positiveprintscom","https:\/\/www.pinterest.com\/positiveprintscom\/"]}]}},"jetpack_sharing_enabled":true,"_links":{"self":[{"href":"https:\/\/positiveprints.com\/fr\/wp-json\/wp\/v2\/product\/1037746","targetHints":{"allow":["GET"]}}],"collection":[{"href":"https:\/\/positiveprints.com\/fr\/wp-json\/wp\/v2\/product"}],"about":[{"href":"https:\/\/positiveprints.com\/fr\/wp-json\/wp\/v2\/types\/product"}],"wp:featuredmedia":[{"embeddable":true,"href":"https:\/\/positiveprints.com\/fr\/wp-json\/wp\/v2\/media\/984505"}],"wp:attachment":[{"href":"https:\/\/positiveprints.com\/fr\/wp-json\/wp\/v2\/media?parent=1037746"}],"wp:term":[{"taxonomy":"product_brand","embeddable":true,"href":"https:\/\/positiveprints.com\/fr\/wp-json\/wp\/v2\/product_brand?post=1037746"},{"taxonomy":"product_cat","embeddable":true,"href":"https:\/\/positiveprints.com\/fr\/wp-json\/wp\/v2\/product_cat?post=1037746"},{"taxonomy":"product_tag","embeddable":true,"href":"https:\/\/positiveprints.com\/fr\/wp-json\/wp\/v2\/product_tag?post=1037746"}],"curies":[{"name":"wp","href":"https:\/\/api.w.org\/{rel}","templated":true}]}}