{"id":1037480,"date":"2024-01-11T11:13:08","date_gmt":"2024-01-11T10:13:08","guid":{"rendered":"https:\/\/positiveprints.com\/?post_type=product&#038;p=1037480"},"modified":"2026-04-07T13:57:47","modified_gmt":"2026-04-07T12:57:47","slug":"dessin-numerique-au-trait-personnalisable","status":"publish","type":"product","link":"https:\/\/positiveprints.com\/fr\/produit\/dessin-numerique-au-trait-personnalisable\/","title":{"rendered":"Dessin Num\u00e9rique au Trait Personnalisable"},"content":{"rendered":"","protected":false},"excerpt":{"rendered":"<ul class=\"check-list\">\n<li>Laissez nos artistes dessiner ce dessin au trait unique \u00e0 partir de votre photo afin que vous puissiez la partager avec vos personnes favorites<\/li>\n<li>Dessin\u00e9 et livr\u00e9 dans votre bo\u00eete de r\u00e9ception \u00e9lectronique end\u00e9ans 2 \u00e0 3 jours ouvrables<\/li>\n<li>Peut \u00eatre imprim\u00e9 dans le format de votre choix<\/li>\n<li>Fichiers JPEG de haute qualit\u00e9 de 300 ppp<\/li>\n<li>2 r\u00e9visions disponibles \u00e0 votre demande<\/li>\n<\/ul>\n","protected":false},"featured_media":1357601,"template":"","meta":[],"product_brand":[],"product_cat":[8243,9177,104,7573],"product_tag":[8719],"class_list":{"0":"post-1037480","1":"product","2":"type-product","3":"status-publish","4":"has-post-thumbnail","6":"product_cat-digital-products-fr","7":"product_cat-line-art-fr","8":"product_cat-tous-les-produits","9":"product_cat-idees-cadeaux-de-derniere-minute","10":"product_tag-last-minute-fr","12":"first","13":"instock","14":"sale","15":"taxable","16":"shipping-taxable","17":"purchasable","18":"product-type-variable"},"yoast_head":"<!-- This site is optimized with the Yoast SEO Premium plugin v27.2 (Yoast SEO v27.2) - https:\/\/yoast.com\/product\/yoast-seo-premium-wordpress\/ -->\n<title>Dessin Num\u00e9rique au Trait Personnalisable - Positive Prints<\/title>\n<meta name=\"robots\" content=\"index, follow, max-snippet:-1, max-image-preview:large, max-video-preview:-1\" \/>\n<link rel=\"canonical\" href=\"https:\/\/positiveprints.com\/fr\/produit\/dessin-numerique-au-trait-personnalisable\/\" \/>\n<meta property=\"og:locale\" content=\"fr_FR\" \/>\n<meta property=\"og:type\" content=\"article\" \/>\n<meta property=\"og:title\" content=\"Dessin Num\u00e9rique au Trait Personnalisable\" \/>\n<meta property=\"og:description\" content=\"Laissez nos artistes dessiner ce dessin au trait unique \u00e0 partir de votre photo afin que vous puissiez la partager avec vos personnes favorites Dessin\u00e9 et livr\u00e9 dans votre bo\u00eete de r\u00e9ception \u00e9lectronique end\u00e9ans 2 \u00e0 3 jours ouvrables  Peut \u00eatre imprim\u00e9 dans le format de votre choix  Fichiers JPEG de haute qualit\u00e9 de 300 ppp  2 r\u00e9visions disponibles \u00e0 votre demande\" \/>\n<meta property=\"og:url\" content=\"https:\/\/positiveprints.com\/fr\/produit\/dessin-numerique-au-trait-personnalisable\/\" \/>\n<meta property=\"og:site_name\" content=\"Positive Prints\" \/>\n<meta property=\"article:publisher\" content=\"https:\/\/www.facebook.com\/positiveprintscom\" \/>\n<meta property=\"article:modified_time\" content=\"2026-04-07T12:57:47+00:00\" \/>\n<meta property=\"og:image\" content=\"https:\/\/positiveprints.com\/wp-content\/uploads\/2025\/02\/Dessin-Nume\u0301rique-au-Trait-Personnalisable-1.webp\" \/>\n\t<meta property=\"og:image:width\" content=\"1450\" \/>\n\t<meta property=\"og:image:height\" content=\"1450\" \/>\n\t<meta property=\"og:image:type\" content=\"image\/webp\" \/>\n<meta name=\"twitter:card\" content=\"summary_large_image\" \/>\n<!-- \/ Yoast SEO Premium plugin. -->","yoast_head_json":{"title":"Dessin Num\u00e9rique au Trait Personnalisable - Positive Prints","robots":{"index":"index","follow":"follow","max-snippet":"max-snippet:-1","max-image-preview":"max-image-preview:large","max-video-preview":"max-video-preview:-1"},"canonical":"https:\/\/positiveprints.com\/fr\/produit\/dessin-numerique-au-trait-personnalisable\/","og_locale":"fr_FR","og_type":"article","og_title":"Dessin Num\u00e9rique au Trait Personnalisable","og_description":"Laissez nos artistes dessiner ce dessin au trait unique \u00e0 partir de votre photo afin que vous puissiez la partager avec vos personnes favorites Dessin\u00e9 et livr\u00e9 dans votre bo\u00eete de r\u00e9ception \u00e9lectronique end\u00e9ans 2 \u00e0 3 jours ouvrables  Peut \u00eatre imprim\u00e9 dans le format de votre choix  Fichiers JPEG de haute qualit\u00e9 de 300 ppp  2 r\u00e9visions disponibles \u00e0 votre demande","og_url":"https:\/\/positiveprints.com\/fr\/produit\/dessin-numerique-au-trait-personnalisable\/","og_site_name":"Positive Prints","article_publisher":"https:\/\/www.facebook.com\/positiveprintscom","article_modified_time":"2026-04-07T12:57:47+00:00","og_image":[{"width":1450,"height":1450,"url":"https:\/\/positiveprints.com\/wp-content\/uploads\/2025\/02\/Dessin-Nume\u0301rique-au-Trait-Personnalisable-1.webp","type":"image\/webp"}],"twitter_card":"summary_large_image","schema":{"@context":"https:\/\/schema.org","@graph":[{"@type":["WebPage","ItemPage"],"@id":"https:\/\/positiveprints.com\/fr\/produit\/dessin-numerique-au-trait-personnalisable\/","url":"https:\/\/positiveprints.com\/fr\/produit\/dessin-numerique-au-trait-personnalisable\/","name":"Dessin Num\u00e9rique au Trait Personnalisable - Positive Prints","isPartOf":{"@id":"https:\/\/positiveprints.com\/fr\/#website"},"primaryImageOfPage":{"@id":"https:\/\/positiveprints.com\/fr\/produit\/dessin-numerique-au-trait-personnalisable\/#primaryimage"},"image":{"@id":"https:\/\/positiveprints.com\/fr\/produit\/dessin-numerique-au-trait-personnalisable\/#primaryimage"},"thumbnailUrl":"https:\/\/positiveprints.com\/wp-content\/uploads\/2025\/02\/Dessin-Nume\u0301rique-au-Trait-Personnalisable-1.webp","datePublished":"2024-01-11T10:13:08+00:00","dateModified":"2026-04-07T12:57:47+00:00","breadcrumb":{"@id":"https:\/\/positiveprints.com\/fr\/produit\/dessin-numerique-au-trait-personnalisable\/#breadcrumb"},"inLanguage":"fr-FR","potentialAction":[{"@type":"ReadAction","target":["https:\/\/positiveprints.com\/fr\/produit\/dessin-numerique-au-trait-personnalisable\/"]}]},{"@type":"ImageObject","inLanguage":"fr-FR","@id":"https:\/\/positiveprints.com\/fr\/produit\/dessin-numerique-au-trait-personnalisable\/#primaryimage","url":"https:\/\/positiveprints.com\/wp-content\/uploads\/2025\/02\/Dessin-Nume\u0301rique-au-Trait-Personnalisable-1.webp","contentUrl":"https:\/\/positiveprints.com\/wp-content\/uploads\/2025\/02\/Dessin-Nume\u0301rique-au-Trait-Personnalisable-1.webp","width":1450,"height":1450},{"@type":"BreadcrumbList","@id":"https:\/\/positiveprints.com\/fr\/produit\/dessin-numerique-au-trait-personnalisable\/#breadcrumb","itemListElement":[{"@type":"ListItem","position":1,"name":"Home","item":"https:\/\/positiveprints.com\/fr\/"},{"@type":"ListItem","position":2,"name":"Produits","item":"https:\/\/positiveprints.com\/fr\/shop\/"},{"@type":"ListItem","position":3,"name":"Dessin Num\u00e9rique au Trait Personnalisable"}]},{"@type":"WebSite","@id":"https:\/\/positiveprints.com\/fr\/#website","url":"https:\/\/positiveprints.com\/fr\/","name":"Positive Prints","description":"Amazing Custom Personalized Gifts","publisher":{"@id":"https:\/\/positiveprints.com\/fr\/#organization"},"potentialAction":[{"@type":"SearchAction","target":{"@type":"EntryPoint","urlTemplate":"https:\/\/positiveprints.com\/fr\/?s={search_term_string}"},"query-input":{"@type":"PropertyValueSpecification","valueRequired":true,"valueName":"search_term_string"}}],"inLanguage":"fr-FR"},{"@type":"Organization","@id":"https:\/\/positiveprints.com\/fr\/#organization","name":"Positive Prints","alternateName":"Positive Prints","url":"https:\/\/positiveprints.com\/fr\/","logo":{"@type":"ImageObject","inLanguage":"fr-FR","@id":"https:\/\/positiveprints.com\/fr\/#\/schema\/logo\/image\/","url":"https:\/\/positiveprints.com\/wp-content\/uploads\/2026\/03\/245815646_1337939713319158_5671353136411139666_n.png","contentUrl":"https:\/\/positiveprints.com\/wp-content\/uploads\/2026\/03\/245815646_1337939713319158_5671353136411139666_n.png","width":800,"height":800,"caption":"Positive Prints"},"image":{"@id":"https:\/\/positiveprints.com\/fr\/#\/schema\/logo\/image\/"},"sameAs":["https:\/\/www.facebook.com\/positiveprintscom","https:\/\/www.instagram.com\/positiveprintscom\/","https:\/\/www.tiktok.com\/@positiveprintscom","https:\/\/www.pinterest.com\/positiveprintscom\/"]}]}},"jetpack_sharing_enabled":true,"_links":{"self":[{"href":"https:\/\/positiveprints.com\/fr\/wp-json\/wp\/v2\/product\/1037480","targetHints":{"allow":["GET"]}}],"collection":[{"href":"https:\/\/positiveprints.com\/fr\/wp-json\/wp\/v2\/product"}],"about":[{"href":"https:\/\/positiveprints.com\/fr\/wp-json\/wp\/v2\/types\/product"}],"wp:featuredmedia":[{"embeddable":true,"href":"https:\/\/positiveprints.com\/fr\/wp-json\/wp\/v2\/media\/1357601"}],"wp:attachment":[{"href":"https:\/\/positiveprints.com\/fr\/wp-json\/wp\/v2\/media?parent=1037480"}],"wp:term":[{"taxonomy":"product_brand","embeddable":true,"href":"https:\/\/positiveprints.com\/fr\/wp-json\/wp\/v2\/product_brand?post=1037480"},{"taxonomy":"product_cat","embeddable":true,"href":"https:\/\/positiveprints.com\/fr\/wp-json\/wp\/v2\/product_cat?post=1037480"},{"taxonomy":"product_tag","embeddable":true,"href":"https:\/\/positiveprints.com\/fr\/wp-json\/wp\/v2\/product_tag?post=1037480"}],"curies":[{"name":"wp","href":"https:\/\/api.w.org\/{rel}","templated":true}]}}