{"id":1036385,"date":"2024-01-11T11:49:20","date_gmt":"2024-01-11T09:49:20","guid":{"rendered":"https:\/\/positiveprints.com\/?post_type=product&#038;p=1036385"},"modified":"2026-04-18T04:40:23","modified_gmt":"2026-04-18T03:40:23","slug":"carte-des-etoiles-personnalisee-avec-photo","status":"publish","type":"product","link":"https:\/\/positiveprints.com\/fr\/produit\/carte-des-etoiles-personnalisee-avec-photo\/","title":{"rendered":"Carte des \u00e9toiles personnalis\u00e9e avec photo"},"content":{"rendered":"<p>Vous cherchez un cadeau authentique et attentionn\u00e9 qui capture ces instants in\u00e9dits dans le temps ? Notre carte des \u00e9toiles personnalis\u00e9e avec photo est votre choix de pr\u00e9dilection. Cr\u00e9ez des souvenirs inestimables pour des anniversaires, des fian\u00e7ailles ou tout autre occasion sp\u00e9ciale. Ce cadeau personnalis\u00e9 illuminera leur monde d&#8217;\u00e9toiles et d&#8217;\u00e9motions.<\/p>\r\n\r\n<h2>Quest ce que une Carte des \u00e9toiles personnalis\u00e9e avec photo ?<\/h2>\r\n\r\n<p>Cr\u00e9er vos propres \u0153uvres d&#8217;art est facile avec notre \u00e9diteur en ligne. S\u00e9lectionnez votre style pr\u00e9f\u00e9r\u00e9 en toute simplicit\u00e9, ajoutez les \u00e9l\u00e9ments de la carte comme des constellations ou la Voie lact\u00e9e, et joignez-y un titre \u00e9loquent. Saisissez une date et un emplacement sp\u00e9cifique, et voyez la carte des \u00e9toiles prendre vie dans l&#8217;aper\u00e7u en ligne. T\u00e9l\u00e9chargez une photo pour la rendre encore plus exclusive.<\/p>\r\n\r\n<p>Une carte des \u00e9toiles personnalis\u00e9e avec photo, c&#8217;est un clich\u00e9 c\u00e9leste de la nuit \u00e9toil\u00e9e qui vous tient \u00e0 c\u0153ur et ce \u00e0 la date et au lieu de votre choix. C&#8217;est une repr\u00e9sentation \u00e9poustouflante des \u00e9toiles et des constellations qui ont orn\u00e9 les cieux \u00e0 ce moment-l\u00e0.<\/p>\r\n\r\n<h2>Cadeau id\u00e9al et m\u00e9moire p\u00e9renne<\/h2>\r\n\r\n<p>Cette carte des \u00e9toiles personnalis\u00e9e raffin\u00e9e n&#8217;est pas un simple cadeau. C&#8217;est une exp\u00e9rience \u00e9motionnelle. Elle est id\u00e9ale pour c\u00e9l\u00e9brer l&#8217;amour, de pr\u00e9cieux souvenirs et de nouveaux d\u00e9parts. Qu&#8217;il s&#8217;agisse d&#8217;un anniversaire, du jour de votre rencontre, d&#8217;une date anniversaire ou de toute autre occasion sp\u00e9ciale, elle capte magnifiquement l&#8217;essence de la magie du ciel nocturne. Imaginez la joie et l&#8217;\u00e9merveillement de vos proches lorsqu&#8217;ils d\u00e9couvriront les \u00e9toiles qui brillaient lors de cette nuit inoubliable.<\/p>\r\n\r\n<p>La carte des \u00e9toiles personnalis\u00e9e avec photo deviendra imm\u00e9diatement un souvenir irrempla\u00e7able. Elle suscitera des conversations qui \u00e9veilleront la nostalgie et le bonheur. Chaque fois qu&#8217;ils la regarderont, ils seront transport\u00e9s dans ce moment marquant, revivant \u00e0 nouveau ces \u00e9motions. Rendez votre cadeau inoubliable avec cette <a href=\"https:\/\/positiveprints.com\/fr\/produit\/carte-du-ciel-personnalisee\/\">carte des \u00e9toiles unique et personnalis\u00e9e<\/a>.<\/p>","protected":false},"excerpt":{"rendered":"<ul class=\"check-list\">\n<li>Cr\u00e9ez une \u0153uvre d&#8217;art que capture ces instants in\u00e9dits dans le temps<\/li>\n<li>Ajoutez des constellations et la Voie lact\u00e9e<\/li>\n<li>Personnalisez-la en 3 \u00e9tapes simples<\/li>\n<li>Int\u00e9grez un texte personnalis\u00e9 \u00e9loquent<\/li>\n<li>Visualisez le r\u00e9sultat imm\u00e9diatement avec l\u2019aper\u00e7u interactif<\/li>\n<\/ul>\n","protected":false},"featured_media":1254284,"template":"","meta":[],"product_brand":[],"product_cat":[8822,104,264,8006,7685],"product_tag":[14858,8415],"class_list":{"0":"post-1036385","1":"product","2":"type-product","3":"status-publish","4":"has-post-thumbnail","6":"product_cat-duo-stars-fr","7":"product_cat-tous-les-produits","8":"product_cat-creators-fr-2","9":"product_cat-cadeaux-pour-hommes","10":"product_cat-cadeaux-pour-femmes","11":"product_tag-creators-fr-2","12":"product_tag-creators-fr","14":"first","15":"instock","16":"sale","17":"taxable","18":"shipping-taxable","19":"purchasable","20":"product-type-variable"},"yoast_head":"<!-- This site is optimized with the Yoast SEO Premium plugin v27.2 (Yoast SEO v27.2) - https:\/\/yoast.com\/product\/yoast-seo-premium-wordpress\/ -->\n<title>Carte des \u00e9toiles personnalis\u00e9e avec photo - Positive Prints<\/title>\n<meta name=\"description\" content=\"Vous cherchez un cadeau authentique et attentionn\u00e9 qui capture ces instants in\u00e9dits dans le temps ? Notre carte des \u00e9toiles personnalis\u00e9e avec photo est votre choix de pr\u00e9dilection.\" \/>\n<meta name=\"robots\" content=\"index, follow, max-snippet:-1, max-image-preview:large, max-video-preview:-1\" \/>\n<link rel=\"canonical\" href=\"https:\/\/positiveprints.com\/fr\/produit\/carte-des-etoiles-personnalisee-avec-photo\/\" \/>\n<meta property=\"og:locale\" content=\"fr_FR\" \/>\n<meta property=\"og:type\" content=\"article\" \/>\n<meta property=\"og:title\" content=\"Carte des \u00e9toiles personnalis\u00e9e avec photo\" \/>\n<meta property=\"og:description\" content=\"Cr\u00e9ez une \u0153uvre d&#039;art que capture ces instants in\u00e9dits dans le temps Ajoutez des constellations et la Voie lact\u00e9e Personnalisez-la en 3 \u00e9tapes simples Int\u00e9grez un texte personnalis\u00e9 \u00e9loquent Visualisez le r\u00e9sultat imm\u00e9diatement avec l\u2019aper\u00e7u interactif\" \/>\n<meta property=\"og:url\" content=\"https:\/\/positiveprints.com\/fr\/produit\/carte-des-etoiles-personnalisee-avec-photo\/\" \/>\n<meta property=\"og:site_name\" content=\"Positive Prints\" \/>\n<meta property=\"article:publisher\" content=\"https:\/\/www.facebook.com\/positiveprintscom\" \/>\n<meta property=\"article:modified_time\" content=\"2026-04-18T03:40:23+00:00\" \/>\n<meta property=\"og:image\" content=\"https:\/\/positiveprints.com\/wp-content\/uploads\/2024\/11\/FR_PACKSHOT_Digital-Star-Map-with-Photo-product-image-.webp\" \/>\n\t<meta property=\"og:image:width\" content=\"1450\" \/>\n\t<meta property=\"og:image:height\" content=\"1450\" \/>\n\t<meta property=\"og:image:type\" content=\"image\/webp\" \/>\n<meta name=\"twitter:card\" content=\"summary_large_image\" \/>\n<meta name=\"twitter:label1\" content=\"Dur\u00e9e de lecture estim\u00e9e\" \/>\n\t<meta name=\"twitter:data1\" content=\"2 minutes\" \/>\n<!-- \/ Yoast SEO Premium plugin. -->","yoast_head_json":{"title":"Carte des \u00e9toiles personnalis\u00e9e avec photo - Positive Prints","description":"Vous cherchez un cadeau authentique et attentionn\u00e9 qui capture ces instants in\u00e9dits dans le temps ? Notre carte des \u00e9toiles personnalis\u00e9e avec photo est votre choix de pr\u00e9dilection.","robots":{"index":"index","follow":"follow","max-snippet":"max-snippet:-1","max-image-preview":"max-image-preview:large","max-video-preview":"max-video-preview:-1"},"canonical":"https:\/\/positiveprints.com\/fr\/produit\/carte-des-etoiles-personnalisee-avec-photo\/","og_locale":"fr_FR","og_type":"article","og_title":"Carte des \u00e9toiles personnalis\u00e9e avec photo","og_description":"Cr\u00e9ez une \u0153uvre d'art que capture ces instants in\u00e9dits dans le temps Ajoutez des constellations et la Voie lact\u00e9e Personnalisez-la en 3 \u00e9tapes simples Int\u00e9grez un texte personnalis\u00e9 \u00e9loquent Visualisez le r\u00e9sultat imm\u00e9diatement avec l\u2019aper\u00e7u interactif","og_url":"https:\/\/positiveprints.com\/fr\/produit\/carte-des-etoiles-personnalisee-avec-photo\/","og_site_name":"Positive Prints","article_publisher":"https:\/\/www.facebook.com\/positiveprintscom","article_modified_time":"2026-04-18T03:40:23+00:00","og_image":[{"width":1450,"height":1450,"url":"https:\/\/positiveprints.com\/wp-content\/uploads\/2024\/11\/FR_PACKSHOT_Digital-Star-Map-with-Photo-product-image-.webp","type":"image\/webp"}],"twitter_card":"summary_large_image","twitter_misc":{"Dur\u00e9e de lecture estim\u00e9e":"2 minutes"},"schema":{"@context":"https:\/\/schema.org","@graph":[{"@type":["WebPage","ItemPage"],"@id":"https:\/\/positiveprints.com\/fr\/produit\/carte-des-etoiles-personnalisee-avec-photo\/","url":"https:\/\/positiveprints.com\/fr\/produit\/carte-des-etoiles-personnalisee-avec-photo\/","name":"Carte des \u00e9toiles personnalis\u00e9e avec photo - Positive Prints","isPartOf":{"@id":"https:\/\/positiveprints.com\/fr\/#website"},"primaryImageOfPage":{"@id":"https:\/\/positiveprints.com\/fr\/produit\/carte-des-etoiles-personnalisee-avec-photo\/#primaryimage"},"image":{"@id":"https:\/\/positiveprints.com\/fr\/produit\/carte-des-etoiles-personnalisee-avec-photo\/#primaryimage"},"thumbnailUrl":"https:\/\/positiveprints.com\/wp-content\/uploads\/2024\/11\/FR_PACKSHOT_Digital-Star-Map-with-Photo-product-image-.webp","datePublished":"2024-01-11T09:49:20+00:00","dateModified":"2026-04-18T03:40:23+00:00","description":"Vous cherchez un cadeau authentique et attentionn\u00e9 qui capture ces instants in\u00e9dits dans le temps ? Notre carte des \u00e9toiles personnalis\u00e9e avec photo est votre choix de pr\u00e9dilection.","breadcrumb":{"@id":"https:\/\/positiveprints.com\/fr\/produit\/carte-des-etoiles-personnalisee-avec-photo\/#breadcrumb"},"inLanguage":"fr-FR","potentialAction":[{"@type":"ReadAction","target":["https:\/\/positiveprints.com\/fr\/produit\/carte-des-etoiles-personnalisee-avec-photo\/"]}]},{"@type":"ImageObject","inLanguage":"fr-FR","@id":"https:\/\/positiveprints.com\/fr\/produit\/carte-des-etoiles-personnalisee-avec-photo\/#primaryimage","url":"https:\/\/positiveprints.com\/wp-content\/uploads\/2024\/11\/FR_PACKSHOT_Digital-Star-Map-with-Photo-product-image-.webp","contentUrl":"https:\/\/positiveprints.com\/wp-content\/uploads\/2024\/11\/FR_PACKSHOT_Digital-Star-Map-with-Photo-product-image-.webp","width":1450,"height":1450},{"@type":"BreadcrumbList","@id":"https:\/\/positiveprints.com\/fr\/produit\/carte-des-etoiles-personnalisee-avec-photo\/#breadcrumb","itemListElement":[{"@type":"ListItem","position":1,"name":"Home","item":"https:\/\/positiveprints.com\/fr\/"},{"@type":"ListItem","position":2,"name":"Produits","item":"https:\/\/positiveprints.com\/fr\/shop\/"},{"@type":"ListItem","position":3,"name":"Carte des \u00e9toiles personnalis\u00e9e avec photo"}]},{"@type":"WebSite","@id":"https:\/\/positiveprints.com\/fr\/#website","url":"https:\/\/positiveprints.com\/fr\/","name":"Positive Prints","description":"Amazing Custom Personalized Gifts","publisher":{"@id":"https:\/\/positiveprints.com\/fr\/#organization"},"potentialAction":[{"@type":"SearchAction","target":{"@type":"EntryPoint","urlTemplate":"https:\/\/positiveprints.com\/fr\/?s={search_term_string}"},"query-input":{"@type":"PropertyValueSpecification","valueRequired":true,"valueName":"search_term_string"}}],"inLanguage":"fr-FR"},{"@type":"Organization","@id":"https:\/\/positiveprints.com\/fr\/#organization","name":"Positive Prints","alternateName":"Positive Prints","url":"https:\/\/positiveprints.com\/fr\/","logo":{"@type":"ImageObject","inLanguage":"fr-FR","@id":"https:\/\/positiveprints.com\/fr\/#\/schema\/logo\/image\/","url":"https:\/\/positiveprints.com\/wp-content\/uploads\/2026\/03\/245815646_1337939713319158_5671353136411139666_n.png","contentUrl":"https:\/\/positiveprints.com\/wp-content\/uploads\/2026\/03\/245815646_1337939713319158_5671353136411139666_n.png","width":800,"height":800,"caption":"Positive Prints"},"image":{"@id":"https:\/\/positiveprints.com\/fr\/#\/schema\/logo\/image\/"},"sameAs":["https:\/\/www.facebook.com\/positiveprintscom","https:\/\/www.instagram.com\/positiveprintscom\/","https:\/\/www.tiktok.com\/@positiveprintscom","https:\/\/www.pinterest.com\/positiveprintscom\/"]}]}},"jetpack_sharing_enabled":true,"_links":{"self":[{"href":"https:\/\/positiveprints.com\/fr\/wp-json\/wp\/v2\/product\/1036385","targetHints":{"allow":["GET"]}}],"collection":[{"href":"https:\/\/positiveprints.com\/fr\/wp-json\/wp\/v2\/product"}],"about":[{"href":"https:\/\/positiveprints.com\/fr\/wp-json\/wp\/v2\/types\/product"}],"wp:featuredmedia":[{"embeddable":true,"href":"https:\/\/positiveprints.com\/fr\/wp-json\/wp\/v2\/media\/1254284"}],"wp:attachment":[{"href":"https:\/\/positiveprints.com\/fr\/wp-json\/wp\/v2\/media?parent=1036385"}],"wp:term":[{"taxonomy":"product_brand","embeddable":true,"href":"https:\/\/positiveprints.com\/fr\/wp-json\/wp\/v2\/product_brand?post=1036385"},{"taxonomy":"product_cat","embeddable":true,"href":"https:\/\/positiveprints.com\/fr\/wp-json\/wp\/v2\/product_cat?post=1036385"},{"taxonomy":"product_tag","embeddable":true,"href":"https:\/\/positiveprints.com\/fr\/wp-json\/wp\/v2\/product_tag?post=1036385"}],"curies":[{"name":"wp","href":"https:\/\/api.w.org\/{rel}","templated":true}]}}