{"id":1008088,"date":"2023-10-21T19:23:51","date_gmt":"2023-10-21T18:23:51","guid":{"rendered":"https:\/\/positiveprints.com\/?post_type=product&#038;p=1008088"},"modified":"2026-04-03T03:03:24","modified_gmt":"2026-04-03T02:03:24","slug":"carte-aquarelle-la-ou-tout-a-commence","status":"publish","type":"product","link":"https:\/\/positiveprints.com\/fr\/produit\/carte-aquarelle-la-ou-tout-a-commence\/","title":{"rendered":"Carte aquarelle \u00ab L\u00e0 o\u00f9 tout a commenc\u00e9 \u00bb"},"content":{"rendered":"<p>D\u00e9couvrez le cadeau parfait qui transcendra le temps et captera l&#8217;essence de vos moments les plus pr\u00e9cieux. Notre carte aquarelle \u00ab L\u00e0 o\u00f9 tout a commenc\u00e9 \u00bb est l&#8217;incarnation de l&#8217;amour, de nouveaux d\u00e9parts et des souvenirs pour toute la vie. Qu&#8217;il s&#8217;agisse d&#8217;un anniversaire, d&#8217;un mariage ou de tout autre \u00e9v\u00e9nement marquant, ce chef-d&#8217; \u0153uvre personnalis\u00e9 est un choix incontournable. Alors, pourquoi attendre ? Offrez \u00e0 votre \u00eatre cher le souvenir qu&#8217;il ch\u00e9rira \u00e0 tout jamais.<\/p>\r\n\r\n<h2>Des souvenirs inoubliables avec notre carte aquarelle \u00ab L\u00e0 o\u00f9 tout a commenc\u00e9 \u00bb<\/h2>\r\n\r\n<p>Avec notre carte aquarelle personnalis\u00e9e \u00ab L\u00e0 o\u00f9 tout a commenc\u00e9 \u00bb, c&#8217;est vous qui tenez le pinceau pour peindre votre propre histoire. Commencez par choisir la palette de couleurs qui entrera en r\u00e9sonance avec vos \u00e9motions, soit \u00e0 partir de nos superbes styles pr\u00e9d\u00e9finis, soit en cr\u00e9ant les v\u00f4tres. S\u00e9lectionnez le pays, l&#8217;\u00e9tat ou la ville o\u00f9 votre aventure a commenc\u00e9 et indiquez-le avec notre marqueur en forme de c\u0153ur, disponible dans votre couleur pr\u00e9f\u00e9r\u00e9e. Personnalisez-la d&#8217;avantage en ajoutant un message sinc\u00e8re, une citation \u00e9loquente, des paroles de chansons ou des noms qui veulent tout dire pour vous. Notre \u00e9diteur en ligne fournit un aper\u00e7u en temps r\u00e9el \u00e0 chaque \u00e9tape, assurant que votre cr\u00e9ation sera le v\u00e9ritable reflet de vos \u00e9motions et de vos souvenirs. Pour finir, choisissez le format qui convient \u00e0 votre style : cadre, affiche imprim\u00e9e, toile ou t\u00e9l\u00e9chargement num\u00e9rique instantan\u00e9. Chaque pi\u00e8ce est une \u0153uvre d&#8217;art, m\u00e9ticuleusement con\u00e7ue pour pr\u00e9server l&#8217;essence de ce moment privil\u00e9gi\u00e9 que vous vous appr\u00eatez \u00e0 partager.<\/p>\r\n\r\n<h2>\u00c9levez votre exp\u00e9rience du plaisir d&#8217;offrir<\/h2>\r\n\r\n<p>Notre carte aquarelle \u00ab L\u00e0 o\u00f9 tout a commenc\u00e9 \u00bb est un outil pr\u00e9cieux afin d&#8217;exprimer votre amour et votre \u00e9gard. Ce n&#8217;est pas seulement une carte. C&#8217;est un souvenir intemporel qui sera ch\u00e9ri toute une vie. Cette carte renfermera vos plus profondes \u00e9motions, repr\u00e9sentant la joie des nouveaux d\u00e9parts et le bonheur des moments partag\u00e9es ensemble.<\/p>\r\n\r\n<p>Chaque coup d&#8217;\u0153il amorcera des conversations, elle sera un d\u00e9clencheur \u00e9motionnel et un rappel pr\u00e9cieux de l&#8217;endroit o\u00f9 votre aventure a commenc\u00e9. Fait avec amour et personnalis\u00e9 avec esprit, c&#8217;est un gage d&#8217;appr\u00e9ciation et de c\u00e9l\u00e9bration, qui t\u00e9moigne des moments qui ont fa\u00e7onn\u00e9 votre vie. Cr\u00e9ez votre chef-d&#8217; \u0153uvre aujourd&#8217;hui encore et rendez hommage \u00e0 \u00ab L\u00e0 o\u00f9 tout a commenc\u00e9.  \u00bb<\/p>","protected":false},"excerpt":{"rendered":"<ul class=\"check-list\">\n<li>Cr\u00e9ez une carte personnalis\u00e9e de l&#8217;endroit o\u00f9 votre relation a commenc\u00e9 et revivez les souvenirs de l&#8217;endroit o\u00f9 tout a commenc\u00e9<\/li>\n<li>Marquer un endroit sp\u00e9cial avec un symbole choisi<\/li>\n<li>Personnalisez en 3 \u00e9tapes simples<\/li>\n<li>Incluez un texte personnalis\u00e9 significatif<\/li>\n<li>Vois le r\u00e9sultat imm\u00e9diatement \u2013 l\u2019aper\u00e7u interactif te permet de peaufiner chaque d\u00e9tail<\/li>\n<\/ul>\n","protected":false},"featured_media":1555945,"template":"","meta":[],"product_brand":[],"product_cat":[3127,11211,11212,9686,7685,8006,104],"product_tag":[8518],"class_list":{"0":"post-1008088","1":"product","2":"type-product","3":"status-publish","4":"has-post-thumbnail","6":"product_cat-cadeaux-danniversaire","7":"product_cat-cadeau-anniversaire-femme","8":"product_cat-cadeau-anniversaire-homme","9":"product_cat-carte-de-votre-pays","10":"product_cat-cadeaux-pour-femmes","11":"product_cat-cadeaux-pour-hommes","12":"product_cat-tous-les-produits","13":"product_tag-couples-fr","15":"first","16":"instock","17":"sale","18":"taxable","19":"shipping-taxable","20":"purchasable","21":"product-type-variable"},"yoast_head":"<!-- This site is optimized with the Yoast SEO Premium plugin v27.2 (Yoast SEO v27.2) - https:\/\/yoast.com\/product\/yoast-seo-premium-wordpress\/ -->\n<title>Carte aquarelle \u00ab L\u00e0 o\u00f9 tout a commenc\u00e9 \u00bb - Positive Prints<\/title>\n<meta name=\"description\" content=\"Notre carte aquarelle \u00ab L\u00e0 o\u00f9 tout a commenc\u00e9 \u00bb est un outil pr\u00e9cieux afin d&#039;exprimer votre amour et votre \u00e9gard. C&#039;est un souvenir intemporel qui sera gard\u00e9 pr\u00e9cieusement pour toute la vie.\" \/>\n<meta name=\"robots\" content=\"index, follow, max-snippet:-1, max-image-preview:large, max-video-preview:-1\" \/>\n<link rel=\"canonical\" href=\"https:\/\/positiveprints.com\/fr\/produit\/carte-aquarelle-la-ou-tout-a-commence\/\" \/>\n<meta property=\"og:locale\" content=\"fr_FR\" \/>\n<meta property=\"og:type\" content=\"article\" \/>\n<meta property=\"og:title\" content=\"Carte aquarelle \u00ab L\u00e0 o\u00f9 tout a commenc\u00e9 \u00bb\" \/>\n<meta property=\"og:description\" content=\"Cr\u00e9ez une carte personnalis\u00e9e de l&#039;endroit o\u00f9 votre relation a commenc\u00e9 et revivez les souvenirs de l&#039;endroit o\u00f9 tout a commenc\u00e9  Marquer un endroit sp\u00e9cial avec un symbole choisi  Personnalisez en 3 \u00e9tapes simples  Incluez un texte personnalis\u00e9 significatif  Vois le r\u00e9sultat imm\u00e9diatement \u2013 l\u2019aper\u00e7u interactif te permet de peaufiner chaque d\u00e9tail\" \/>\n<meta property=\"og:url\" content=\"https:\/\/positiveprints.com\/fr\/produit\/carte-aquarelle-la-ou-tout-a-commence\/\" \/>\n<meta property=\"og:site_name\" content=\"Positive Prints\" \/>\n<meta property=\"article:publisher\" content=\"https:\/\/www.facebook.com\/positiveprintscom\" \/>\n<meta property=\"article:modified_time\" content=\"2026-04-03T02:03:24+00:00\" \/>\n<meta property=\"og:image\" content=\"https:\/\/positiveprints.com\/wp-content\/uploads\/2024\/01\/Carte-aquarelle-La-ou-tout-a-commence-.jpg\" \/>\n\t<meta property=\"og:image:width\" content=\"1080\" \/>\n\t<meta property=\"og:image:height\" content=\"1080\" \/>\n\t<meta property=\"og:image:type\" content=\"image\/jpeg\" \/>\n<meta name=\"twitter:card\" content=\"summary_large_image\" \/>\n<meta name=\"twitter:label1\" content=\"Dur\u00e9e de lecture estim\u00e9e\" \/>\n\t<meta name=\"twitter:data1\" content=\"2 minutes\" \/>\n<!-- \/ Yoast SEO Premium plugin. -->","yoast_head_json":{"title":"Carte aquarelle \u00ab L\u00e0 o\u00f9 tout a commenc\u00e9 \u00bb - Positive Prints","description":"Notre carte aquarelle \u00ab L\u00e0 o\u00f9 tout a commenc\u00e9 \u00bb est un outil pr\u00e9cieux afin d'exprimer votre amour et votre \u00e9gard. C'est un souvenir intemporel qui sera gard\u00e9 pr\u00e9cieusement pour toute la vie.","robots":{"index":"index","follow":"follow","max-snippet":"max-snippet:-1","max-image-preview":"max-image-preview:large","max-video-preview":"max-video-preview:-1"},"canonical":"https:\/\/positiveprints.com\/fr\/produit\/carte-aquarelle-la-ou-tout-a-commence\/","og_locale":"fr_FR","og_type":"article","og_title":"Carte aquarelle \u00ab L\u00e0 o\u00f9 tout a commenc\u00e9 \u00bb","og_description":"Cr\u00e9ez une carte personnalis\u00e9e de l'endroit o\u00f9 votre relation a commenc\u00e9 et revivez les souvenirs de l'endroit o\u00f9 tout a commenc\u00e9  Marquer un endroit sp\u00e9cial avec un symbole choisi  Personnalisez en 3 \u00e9tapes simples  Incluez un texte personnalis\u00e9 significatif  Vois le r\u00e9sultat imm\u00e9diatement \u2013 l\u2019aper\u00e7u interactif te permet de peaufiner chaque d\u00e9tail","og_url":"https:\/\/positiveprints.com\/fr\/produit\/carte-aquarelle-la-ou-tout-a-commence\/","og_site_name":"Positive Prints","article_publisher":"https:\/\/www.facebook.com\/positiveprintscom","article_modified_time":"2026-04-03T02:03:24+00:00","og_image":[{"width":1080,"height":1080,"url":"https:\/\/positiveprints.com\/wp-content\/uploads\/2024\/01\/Carte-aquarelle-La-ou-tout-a-commence-.jpg","type":"image\/jpeg"}],"twitter_card":"summary_large_image","twitter_misc":{"Dur\u00e9e de lecture estim\u00e9e":"2 minutes"},"schema":{"@context":"https:\/\/schema.org","@graph":[{"@type":["WebPage","ItemPage"],"@id":"https:\/\/positiveprints.com\/fr\/produit\/carte-aquarelle-la-ou-tout-a-commence\/","url":"https:\/\/positiveprints.com\/fr\/produit\/carte-aquarelle-la-ou-tout-a-commence\/","name":"Carte aquarelle \u00ab L\u00e0 o\u00f9 tout a commenc\u00e9 \u00bb - Positive Prints","isPartOf":{"@id":"https:\/\/positiveprints.com\/fr\/#website"},"primaryImageOfPage":{"@id":"https:\/\/positiveprints.com\/fr\/produit\/carte-aquarelle-la-ou-tout-a-commence\/#primaryimage"},"image":{"@id":"https:\/\/positiveprints.com\/fr\/produit\/carte-aquarelle-la-ou-tout-a-commence\/#primaryimage"},"thumbnailUrl":"https:\/\/positiveprints.com\/wp-content\/uploads\/2025\/10\/Carte-aquarelle-La-ou-tout-a-commence-4.webp","datePublished":"2023-10-21T18:23:51+00:00","dateModified":"2026-04-03T02:03:24+00:00","description":"Notre carte aquarelle \u00ab L\u00e0 o\u00f9 tout a commenc\u00e9 \u00bb est un outil pr\u00e9cieux afin d'exprimer votre amour et votre \u00e9gard. C'est un souvenir intemporel qui sera gard\u00e9 pr\u00e9cieusement pour toute la vie.","breadcrumb":{"@id":"https:\/\/positiveprints.com\/fr\/produit\/carte-aquarelle-la-ou-tout-a-commence\/#breadcrumb"},"inLanguage":"fr-FR","potentialAction":[{"@type":"ReadAction","target":["https:\/\/positiveprints.com\/fr\/produit\/carte-aquarelle-la-ou-tout-a-commence\/"]}]},{"@type":"ImageObject","inLanguage":"fr-FR","@id":"https:\/\/positiveprints.com\/fr\/produit\/carte-aquarelle-la-ou-tout-a-commence\/#primaryimage","url":"https:\/\/positiveprints.com\/wp-content\/uploads\/2025\/10\/Carte-aquarelle-La-ou-tout-a-commence-4.webp","contentUrl":"https:\/\/positiveprints.com\/wp-content\/uploads\/2025\/10\/Carte-aquarelle-La-ou-tout-a-commence-4.webp","width":1450,"height":1450,"caption":"Carte aquarelle \u00ab L\u00e0 o\u00f9 tout a commenc\u00e9 (4)"},{"@type":"BreadcrumbList","@id":"https:\/\/positiveprints.com\/fr\/produit\/carte-aquarelle-la-ou-tout-a-commence\/#breadcrumb","itemListElement":[{"@type":"ListItem","position":1,"name":"Home","item":"https:\/\/positiveprints.com\/fr\/"},{"@type":"ListItem","position":2,"name":"Produits","item":"https:\/\/positiveprints.com\/fr\/shop\/"},{"@type":"ListItem","position":3,"name":"Carte aquarelle \u00ab L\u00e0 o\u00f9 tout a commenc\u00e9 \u00bb"}]},{"@type":"WebSite","@id":"https:\/\/positiveprints.com\/fr\/#website","url":"https:\/\/positiveprints.com\/fr\/","name":"Positive Prints","description":"Amazing Custom Personalized Gifts","publisher":{"@id":"https:\/\/positiveprints.com\/fr\/#organization"},"potentialAction":[{"@type":"SearchAction","target":{"@type":"EntryPoint","urlTemplate":"https:\/\/positiveprints.com\/fr\/?s={search_term_string}"},"query-input":{"@type":"PropertyValueSpecification","valueRequired":true,"valueName":"search_term_string"}}],"inLanguage":"fr-FR"},{"@type":"Organization","@id":"https:\/\/positiveprints.com\/fr\/#organization","name":"Positive Prints","alternateName":"Positive Prints","url":"https:\/\/positiveprints.com\/fr\/","logo":{"@type":"ImageObject","inLanguage":"fr-FR","@id":"https:\/\/positiveprints.com\/fr\/#\/schema\/logo\/image\/","url":"https:\/\/positiveprints.com\/wp-content\/uploads\/2026\/03\/245815646_1337939713319158_5671353136411139666_n.png","contentUrl":"https:\/\/positiveprints.com\/wp-content\/uploads\/2026\/03\/245815646_1337939713319158_5671353136411139666_n.png","width":800,"height":800,"caption":"Positive Prints"},"image":{"@id":"https:\/\/positiveprints.com\/fr\/#\/schema\/logo\/image\/"},"sameAs":["https:\/\/www.facebook.com\/positiveprintscom","https:\/\/www.instagram.com\/positiveprintscom\/","https:\/\/www.tiktok.com\/@positiveprintscom","https:\/\/www.pinterest.com\/positiveprintscom\/"]}]}},"jetpack_sharing_enabled":true,"_links":{"self":[{"href":"https:\/\/positiveprints.com\/fr\/wp-json\/wp\/v2\/product\/1008088","targetHints":{"allow":["GET"]}}],"collection":[{"href":"https:\/\/positiveprints.com\/fr\/wp-json\/wp\/v2\/product"}],"about":[{"href":"https:\/\/positiveprints.com\/fr\/wp-json\/wp\/v2\/types\/product"}],"wp:featuredmedia":[{"embeddable":true,"href":"https:\/\/positiveprints.com\/fr\/wp-json\/wp\/v2\/media\/1555945"}],"wp:attachment":[{"href":"https:\/\/positiveprints.com\/fr\/wp-json\/wp\/v2\/media?parent=1008088"}],"wp:term":[{"taxonomy":"product_brand","embeddable":true,"href":"https:\/\/positiveprints.com\/fr\/wp-json\/wp\/v2\/product_brand?post=1008088"},{"taxonomy":"product_cat","embeddable":true,"href":"https:\/\/positiveprints.com\/fr\/wp-json\/wp\/v2\/product_cat?post=1008088"},{"taxonomy":"product_tag","embeddable":true,"href":"https:\/\/positiveprints.com\/fr\/wp-json\/wp\/v2\/product_tag?post=1008088"}],"curies":[{"name":"wp","href":"https:\/\/api.w.org\/{rel}","templated":true}]}}