{"id":1008082,"date":"2023-12-01T15:42:14","date_gmt":"2023-12-01T14:42:14","guid":{"rendered":"https:\/\/positiveprints.com\/?post_type=product&#038;p=1008082"},"modified":"2026-04-23T11:12:27","modified_gmt":"2026-04-23T10:12:27","slug":"carte-aquarelle-notre-premier-rendez-vous","status":"publish","type":"product","link":"https:\/\/positiveprints.com\/fr\/produit\/carte-aquarelle-notre-premier-rendez-vous\/","title":{"rendered":"Carte aquarelle \u00ab Notre premier rendez-vous \u00bb"},"content":{"rendered":"<p>Passez au niveau sup\u00e9rieur avec notre carte aquarelle personnalis\u00e9e \u00ab Notre premier rendez-vous \u00bb. Voici une fa\u00e7on unique de rendre hommage \u00e0 l&#8217;endroit o\u00f9 votre histoire d&#8217;amour a commenc\u00e9, votre tout premier rendez-vous. Ce cadeau personnalis\u00e9 est parfait pour c\u00e9l\u00e9brer les anniversaires, les mariages ou toute autre occasion sp\u00e9ciale, offrant un souvenir inoubliable qui comm\u00e9morera votre lien unique avec \u00e9l\u00e9gance.<\/p>\r\n\r\n<h2>Les d\u00e9buts de votre magnifique histoire d&#8217;amour<\/h2>\r\n\r\n<p>Captez l&#8217;essence de votre magnifique histoire d&#8217;amour avec notre carte aquarelle personnalis\u00e9e \u00ab Notre premier rendez-vous \u00bb. Vous aurez la libert\u00e9 de cr\u00e9er une carte en r\u00e9sonance avec votre moment sp\u00e9cial en personnalisant votre palette de couleurs pr\u00e9d\u00e9finie. Ajoutez une touche de nostalgie en incluant la date de votre premi\u00e8re rencontre sous la carte. Mettez en \u00e9vidence le pays, l&#8217;\u00e9tat ou la ville de votre premier rendez-vous et indiquez-le avec un marqueur en forme de c\u0153ur.<\/p>\r\n\r\n<p>Ajoutez ensuite une touche personnelle en incluant un message singulier sous la carte, o\u00f9 \u00ab Notre premier rendez-vous \u00bb appara\u00eetra avec \u00e9l\u00e9gance. Cette personnalisation attentionn\u00e9e est parfaite pour y glisser une citation par exemple. Imprimer des paroles de chansons, vos noms ou d&#8217;autres informations personnelles est \u00e9galement tr\u00e8s \u00e0 la mode. L&#8217;\u00e9diteur en ligne facile \u00e0 utilis\u00e9 vous permettra de visualiser vos changements en temps r\u00e9el, en veillant \u00e0 ce que votre carte capte toute l&#8217;essence de cette journ\u00e9e m\u00e9morable.<\/p>\r\n\r\n<h2>La carte aquarelle \u00ab Notre premier rendez-vous \u00bb : Le cadeau parfait pour des souvenirs \u00e9ternels<\/h2>\r\n\r\n<p>Offrez le cadeau d&#8217;un instant pr\u00e9cieux dans votre vie avec notre carte aquarelle \u00ab Notre premier rendez-vous \u00bb. Chaque coup d&#8217;\u0153il sur cette carte con\u00e7ue avec savoir-faire vous ram\u00e8nera \u00e0 ce premier rendez-vous magique, ravivant toute l&#8217;\u00e9motion que vous avez partag\u00e9e. Que ce soit pour un anniversaire, un mariage ou tout autre \u00e9v\u00e9nement sp\u00e9cial, cette carte personnalis\u00e9e rendra votre connexion vraiment inoubliable.<\/p>\r\n\r\n<p>Montrez \u00e0 vos proches \u00e0 quel point ils comptent pour vous en leur offrant une \u0153uvre d&#8217;art tangible qui racontera votre histoire. Fait avec amour, ce souvenir r\u00e9sistera \u00e0 l&#8217;\u00e9preuve du temps. Votre amour et les \u00e9motions li\u00e9es \u00e0 ce premier rendez-vous m\u00e9morable seront immortalis\u00e9s \u00e0 jamais. Rendez d\u00e8s aujourd&#8217;hui vos souvenirs inoubliables avec notre carte aquarelle personnalis\u00e9e \u00ab Notre premier rendez-vous \u00bb &#8211; le cadeau qui perdurera dans le temps.<\/p>","protected":false},"excerpt":{"rendered":"<ul class=\"check-list\">\n<li>Cartographiez votre premier lieu de rendez-vous : cr\u00e9ez une carte personnalis\u00e9e et revivez la magie<\/li>\n<li>Marquer un endroit sp\u00e9cial avec un symbole choisi<\/li>\n<li>Personnalisez en 3 \u00e9tapes simples<\/li>\n<li>Incluez un texte personnalis\u00e9 significatif<\/li>\n<li>Vois le r\u00e9sultat imm\u00e9diatement \u2013 l\u2019aper\u00e7u interactif te permet de peaufiner chaque d\u00e9tail<\/li>\n<\/ul>\n","protected":false},"featured_media":1030520,"template":"","meta":[],"product_brand":[],"product_cat":[9686,7685,8006,104],"product_tag":[9732],"class_list":{"0":"post-1008082","1":"product","2":"type-product","3":"status-publish","4":"has-post-thumbnail","6":"product_cat-carte-de-votre-pays","7":"product_cat-cadeaux-pour-femmes","8":"product_cat-cadeaux-pour-hommes","9":"product_cat-tous-les-produits","10":"product_tag-couple-fr-2","12":"first","13":"instock","14":"sale","15":"taxable","16":"shipping-taxable","17":"purchasable","18":"product-type-variable"},"yoast_head":"<!-- This site is optimized with the Yoast SEO Premium plugin v27.2 (Yoast SEO v27.2) - https:\/\/yoast.com\/product\/yoast-seo-premium-wordpress\/ -->\n<title>Carte aquarelle \u00ab Notre premier rendez-vous \u00bb - Positive Prints<\/title>\n<meta name=\"description\" content=\"Rendez vos souvenirs inoubliables avec notre carte aquarelle personnalis\u00e9e \u00ab Notre premier rendez-vous \u00bb - le cadeau qui perdurera dans le temps.\" \/>\n<meta name=\"robots\" content=\"index, follow, max-snippet:-1, max-image-preview:large, max-video-preview:-1\" \/>\n<link rel=\"canonical\" href=\"https:\/\/positiveprints.com\/fr\/produit\/carte-aquarelle-notre-premier-rendez-vous\/\" \/>\n<meta property=\"og:locale\" content=\"fr_FR\" \/>\n<meta property=\"og:type\" content=\"article\" \/>\n<meta property=\"og:title\" content=\"Carte aquarelle \u00ab Notre premier rendez-vous \u00bb\" \/>\n<meta property=\"og:description\" content=\"Cartographiez votre premier lieu de rendez-vous : cr\u00e9ez une carte personnalis\u00e9e et revivez la magie  Marquer un endroit sp\u00e9cial avec un symbole choisi  Personnalisez en 3 \u00e9tapes simples  Incluez un texte personnalis\u00e9 significatif  Vois le r\u00e9sultat imm\u00e9diatement \u2013 l\u2019aper\u00e7u interactif te permet de peaufiner chaque d\u00e9tail\" \/>\n<meta property=\"og:url\" content=\"https:\/\/positiveprints.com\/fr\/produit\/carte-aquarelle-notre-premier-rendez-vous\/\" \/>\n<meta property=\"og:site_name\" content=\"Positive Prints\" \/>\n<meta property=\"article:publisher\" content=\"https:\/\/www.facebook.com\/positiveprintscom\" \/>\n<meta property=\"article:modified_time\" content=\"2026-04-23T10:12:27+00:00\" \/>\n<meta property=\"og:image\" content=\"https:\/\/positiveprints.com\/wp-content\/uploads\/2024\/01\/Carte-aquarelle-Notre-premier-rendez-vous-.jpg\" \/>\n\t<meta property=\"og:image:width\" content=\"1080\" \/>\n\t<meta property=\"og:image:height\" content=\"1080\" \/>\n\t<meta property=\"og:image:type\" content=\"image\/jpeg\" \/>\n<meta name=\"twitter:card\" content=\"summary_large_image\" \/>\n<!-- \/ Yoast SEO Premium plugin. -->","yoast_head_json":{"title":"Carte aquarelle \u00ab Notre premier rendez-vous \u00bb - Positive Prints","description":"Rendez vos souvenirs inoubliables avec notre carte aquarelle personnalis\u00e9e \u00ab Notre premier rendez-vous \u00bb - le cadeau qui perdurera dans le temps.","robots":{"index":"index","follow":"follow","max-snippet":"max-snippet:-1","max-image-preview":"max-image-preview:large","max-video-preview":"max-video-preview:-1"},"canonical":"https:\/\/positiveprints.com\/fr\/produit\/carte-aquarelle-notre-premier-rendez-vous\/","og_locale":"fr_FR","og_type":"article","og_title":"Carte aquarelle \u00ab Notre premier rendez-vous \u00bb","og_description":"Cartographiez votre premier lieu de rendez-vous : cr\u00e9ez une carte personnalis\u00e9e et revivez la magie  Marquer un endroit sp\u00e9cial avec un symbole choisi  Personnalisez en 3 \u00e9tapes simples  Incluez un texte personnalis\u00e9 significatif  Vois le r\u00e9sultat imm\u00e9diatement \u2013 l\u2019aper\u00e7u interactif te permet de peaufiner chaque d\u00e9tail","og_url":"https:\/\/positiveprints.com\/fr\/produit\/carte-aquarelle-notre-premier-rendez-vous\/","og_site_name":"Positive Prints","article_publisher":"https:\/\/www.facebook.com\/positiveprintscom","article_modified_time":"2026-04-23T10:12:27+00:00","og_image":[{"width":1080,"height":1080,"url":"https:\/\/positiveprints.com\/wp-content\/uploads\/2024\/01\/Carte-aquarelle-Notre-premier-rendez-vous-.jpg","type":"image\/jpeg"}],"twitter_card":"summary_large_image","schema":{"@context":"https:\/\/schema.org","@graph":[{"@type":["WebPage","ItemPage"],"@id":"https:\/\/positiveprints.com\/fr\/produit\/carte-aquarelle-notre-premier-rendez-vous\/","url":"https:\/\/positiveprints.com\/fr\/produit\/carte-aquarelle-notre-premier-rendez-vous\/","name":"Carte aquarelle \u00ab Notre premier rendez-vous \u00bb - Positive Prints","isPartOf":{"@id":"https:\/\/positiveprints.com\/fr\/#website"},"primaryImageOfPage":{"@id":"https:\/\/positiveprints.com\/fr\/produit\/carte-aquarelle-notre-premier-rendez-vous\/#primaryimage"},"image":{"@id":"https:\/\/positiveprints.com\/fr\/produit\/carte-aquarelle-notre-premier-rendez-vous\/#primaryimage"},"thumbnailUrl":"https:\/\/positiveprints.com\/wp-content\/uploads\/2024\/01\/Carte-aquarelle-Notre-premier-rendez-vous-.jpg","datePublished":"2023-12-01T14:42:14+00:00","dateModified":"2026-04-23T10:12:27+00:00","description":"Rendez vos souvenirs inoubliables avec notre carte aquarelle personnalis\u00e9e \u00ab Notre premier rendez-vous \u00bb - le cadeau qui perdurera dans le temps.","breadcrumb":{"@id":"https:\/\/positiveprints.com\/fr\/produit\/carte-aquarelle-notre-premier-rendez-vous\/#breadcrumb"},"inLanguage":"fr-FR","potentialAction":[{"@type":"ReadAction","target":["https:\/\/positiveprints.com\/fr\/produit\/carte-aquarelle-notre-premier-rendez-vous\/"]}]},{"@type":"ImageObject","inLanguage":"fr-FR","@id":"https:\/\/positiveprints.com\/fr\/produit\/carte-aquarelle-notre-premier-rendez-vous\/#primaryimage","url":"https:\/\/positiveprints.com\/wp-content\/uploads\/2024\/01\/Carte-aquarelle-Notre-premier-rendez-vous-.jpg","contentUrl":"https:\/\/positiveprints.com\/wp-content\/uploads\/2024\/01\/Carte-aquarelle-Notre-premier-rendez-vous-.jpg","width":1080,"height":1080,"caption":"Carte aquarelle \u00ab Notre premier rendez-vous \u00bb"},{"@type":"BreadcrumbList","@id":"https:\/\/positiveprints.com\/fr\/produit\/carte-aquarelle-notre-premier-rendez-vous\/#breadcrumb","itemListElement":[{"@type":"ListItem","position":1,"name":"Home","item":"https:\/\/positiveprints.com\/fr\/"},{"@type":"ListItem","position":2,"name":"Produits","item":"https:\/\/positiveprints.com\/fr\/shop\/"},{"@type":"ListItem","position":3,"name":"Carte aquarelle \u00ab Notre premier rendez-vous \u00bb"}]},{"@type":"WebSite","@id":"https:\/\/positiveprints.com\/fr\/#website","url":"https:\/\/positiveprints.com\/fr\/","name":"Positive Prints","description":"Amazing Custom Personalized Gifts","publisher":{"@id":"https:\/\/positiveprints.com\/fr\/#organization"},"potentialAction":[{"@type":"SearchAction","target":{"@type":"EntryPoint","urlTemplate":"https:\/\/positiveprints.com\/fr\/?s={search_term_string}"},"query-input":{"@type":"PropertyValueSpecification","valueRequired":true,"valueName":"search_term_string"}}],"inLanguage":"fr-FR"},{"@type":"Organization","@id":"https:\/\/positiveprints.com\/fr\/#organization","name":"Positive Prints","alternateName":"Positive Prints","url":"https:\/\/positiveprints.com\/fr\/","logo":{"@type":"ImageObject","inLanguage":"fr-FR","@id":"https:\/\/positiveprints.com\/fr\/#\/schema\/logo\/image\/","url":"https:\/\/positiveprints.com\/wp-content\/uploads\/2026\/03\/245815646_1337939713319158_5671353136411139666_n.png","contentUrl":"https:\/\/positiveprints.com\/wp-content\/uploads\/2026\/03\/245815646_1337939713319158_5671353136411139666_n.png","width":800,"height":800,"caption":"Positive Prints"},"image":{"@id":"https:\/\/positiveprints.com\/fr\/#\/schema\/logo\/image\/"},"sameAs":["https:\/\/www.facebook.com\/positiveprintscom","https:\/\/www.instagram.com\/positiveprintscom\/","https:\/\/www.tiktok.com\/@positiveprintscom","https:\/\/www.pinterest.com\/positiveprintscom\/"]}]}},"jetpack_sharing_enabled":true,"_links":{"self":[{"href":"https:\/\/positiveprints.com\/fr\/wp-json\/wp\/v2\/product\/1008082","targetHints":{"allow":["GET"]}}],"collection":[{"href":"https:\/\/positiveprints.com\/fr\/wp-json\/wp\/v2\/product"}],"about":[{"href":"https:\/\/positiveprints.com\/fr\/wp-json\/wp\/v2\/types\/product"}],"wp:featuredmedia":[{"embeddable":true,"href":"https:\/\/positiveprints.com\/fr\/wp-json\/wp\/v2\/media\/1030520"}],"wp:attachment":[{"href":"https:\/\/positiveprints.com\/fr\/wp-json\/wp\/v2\/media?parent=1008082"}],"wp:term":[{"taxonomy":"product_brand","embeddable":true,"href":"https:\/\/positiveprints.com\/fr\/wp-json\/wp\/v2\/product_brand?post=1008082"},{"taxonomy":"product_cat","embeddable":true,"href":"https:\/\/positiveprints.com\/fr\/wp-json\/wp\/v2\/product_cat?post=1008082"},{"taxonomy":"product_tag","embeddable":true,"href":"https:\/\/positiveprints.com\/fr\/wp-json\/wp\/v2\/product_tag?post=1008082"}],"curies":[{"name":"wp","href":"https:\/\/api.w.org\/{rel}","templated":true}]}}