{"id":1008078,"date":"2023-10-20T19:44:52","date_gmt":"2023-10-20T18:44:52","guid":{"rendered":"https:\/\/positiveprints.com\/?post_type=product&#038;p=1008078"},"modified":"2026-04-03T03:03:38","modified_gmt":"2026-04-03T02:03:38","slug":"carte-aquarelle-la-ou-nous-nous-sommes-rencontres","status":"publish","type":"product","link":"https:\/\/positiveprints.com\/fr\/produit\/carte-aquarelle-la-ou-nous-nous-sommes-rencontres\/","title":{"rendered":"Carte aquarelle \u00ab L\u00e0 o\u00f9 nous nous sommes rencontr\u00e9s \u00bb"},"content":{"rendered":"<p>Vous cherchez un cadeau vraiment sinc\u00e8re et personnalis\u00e9 ? D\u00e9couvrez notre carte Aquarelle \u00ab L\u00e0 o\u00f9 nous nous sommes rencontr\u00e9s \u00bb ! Ma\u00eetrisez l&#8217;art d&#8217;offrir avec ce chef-d&#8217; \u0153uvre aquarelle unique qui captera l&#8217;endroit exact o\u00f9 vous vous \u00eates rencontr\u00e9 pour la premi\u00e8re fois, immortalis\u00e9 sur une carte design et \u00e9l\u00e9gante. Qu&#8217;il s&#8217;agisse d&#8217;un anniversaire, d&#8217;un mariage ou de toute autre occasion sp\u00e9ciale, c&#8217;est le moyen id\u00e9al de c\u00e9l\u00e9brer votre connexion. Cr\u00e9ez des souvenirs m\u00e9morables et des \u00e9motions inoubliables avec cette marque d&#8217;amour exquise.<\/p>\r\n\r\n<h2>Le portrait parfait de votre histoire d&#8217;amour<\/h2>\r\n\r\n<p>Passez au niveau sup\u00e9rieur avec notre carte aquarelle personnalis\u00e9e \u00ab L\u00e0 o\u00f9 nous nous sommes rencontr\u00e9s \u00bb. Vous aurez la libert\u00e9 de cr\u00e9er une carte en r\u00e9sonance avec votre parcours personnel. Vous choisirez parmi nos superbes styles d&#8217;aquarelle ou cr\u00e9ez votre palette de couleurs unique et personnalis\u00e9 en fonction de vos go\u00fbts. Ensuite, s\u00e9lectionnez le pays, l&#8217;\u00e9tat ou la ville o\u00f9 vos chemins se sont crois\u00e9s pour la premi\u00e8re fois, et indiquez-le avec un marqueur en forme de c\u0153ur.<\/p>\r\n\r\n<p>Continuez \u00e0 personnaliser votre \u0153uvre d&#8217;art en ajoutant du texte, un message \u00e9loquent ou des d\u00e9tails significatifs dans la note de bas de page. Vous vous l&#8217;approprierez avec des citations, des paroles de chansons ou vos noms. Notre \u00e9diteur en ligne facile \u00e0 utiliser vous permettra de voir vos changements en temps r\u00e9el, vous assurant d&#8217;obtenir le rendu parfait de votre histoire d&#8217;amour.<\/p>\r\n\r\n<h2>Carte aquarelle \u00ab L\u00e0 o\u00f9 nous nous sommes rencontr\u00e9s \u00bb : Le cadeau parfait pour des souvenirs inoubliables<\/h2>\r\n\r\n<p>Offrez-lui un cadeau qui vient du c\u0153ur &#8211; une carte aquarelle \u00ab L\u00e0 o\u00f9 nous nous sommes rencontr\u00e9s \u00bb. C&#8217;est plus qu&#8217;une simple carte. C&#8217;est un souvenir imp\u00e9rissable, le t\u00e9moignage de votre histoire d&#8217;amour. Chaque coup d&#8217;\u0153il sur cette superbe carte con\u00e7ue avec savoir-faire ravivera les \u00e9motions de cette journ\u00e9e sp\u00e9ciale o\u00f9 vous vous \u00eates rencontr\u00e9s. C&#8217;est le moyen id\u00e9al de c\u00e9l\u00e9brer et d&#8217;honorer le lien unique que vous partagez. Que ce soit pour un anniversaire, un mariage ou toute autre occasion, cette carte personnalis\u00e9e rendra votre connexion vraiment inoubliable. <\/p>\r\n\r\n<p>Montrez \u00e0 vos proches \u00e0 quel point ils comptent pour vous en leur offrant une \u0153uvre d&#8217;art tangible qui racontera votre histoire. Fait avec amour, c&#8217;est un souvenir qui r\u00e9sistera \u00e0 l&#8217;\u00e9preuve du temps, entretenant la flamme de votre amour et les \u00e9motions li\u00e9es \u00e0 ce moment magique. Rendez d\u00e8s maintenant vos souvenirs inoubliables, avec notre carte aquarelle \u00ab L\u00e0 o\u00f9 nous nous sommes rencontr\u00e9s \u00bb &#8211; le cadeau qui perdurera dans le temps.<\/p>","protected":false},"excerpt":{"rendered":"<ul class=\"check-list\">\n<li>Capturez le moment o\u00f9 vous et votre amour vous \u00eates rencontr\u00e9s avec une carte personnalis\u00e9e de l&#8217;emplacement exact<\/li>\n<li>Marquer un endroit sp\u00e9cial avec un symbole choisi<\/li>\n<li>Personnalisez en 3 \u00e9tapes simples<\/li>\n<li>Incluez un texte personnalis\u00e9 significatif<\/li>\n<li>Vois le r\u00e9sultat imm\u00e9diatement \u2013 l\u2019aper\u00e7u interactif te permet de peaufiner chaque d\u00e9tail<\/li>\n<\/ul>\n","protected":false},"featured_media":1032363,"template":"","meta":[],"product_brand":[],"product_cat":[11175,11176,11177,11245,11246,9686,5328,3118,5264,7797,8194,7749,11395,7685,11396,8006,11397,8217,7638,7670,7781,11392,11402,11388,104],"product_tag":[14849,11790,11793,11792,11767,11795,11753,17443,17442,17441,17440],"class_list":{"0":"post-1008078","1":"product","2":"type-product","3":"status-publish","4":"has-post-thumbnail","6":"product_cat-cadeaux-danniversaire-pour-femme","7":"product_cat-cadeaux-danniversaire-pour-homme","8":"product_cat-cadeaux-danniversaire-pour-couples","9":"product_cat-cadeaux-de-saint-valentin-pour-elle","10":"product_cat-cadeaux-de-saint-valentin-pour-lui","11":"product_cat-carte-de-votre-pays","12":"product_cat-cadeaux-de-commemorations","13":"product_cat-cadeaux-saint-valentin","14":"product_cat-cadeaux-de-noel","15":"product_cat-cadeaux-pour-couple","16":"product_cat-pour-elle","17":"product_cat-cadeaux-pour-epouse","18":"product_cat-cadeaux-de-noel-pour-femme","19":"product_cat-cadeaux-pour-femmes","20":"product_cat-cadeaux-de-noel-pour-homme","21":"product_cat-cadeaux-pour-hommes","22":"product_cat-cadeaux-de-noel-pour-le-mari","23":"product_cat-pour-lui","24":"product_cat-cadeaux-pour-mari","25":"product_cat-cadeaux-pour-petit-ami","26":"product_cat-cadeaux-pour-petite-amie","27":"product_cat-cadeaux-de-noel-pour-sa-copine","28":"product_cat-cadeaux-de-noel-pour-sa-femme","29":"product_cat-cadeaux-de-noel-pour-son-petit-copain","30":"product_cat-tous-les-produits","31":"product_tag-anniversary-fr","32":"product_tag-cadeaux-de-noel-pour-elle","33":"product_tag-cadeaux-de-noel-pour-le-mari","34":"product_tag-cadeaux-de-noel-pour-lui","35":"product_tag-cadeaux-de-noel-pour-sa-copine","36":"product_tag-cadeaux-de-noel-pour-sa-femme","37":"product_tag-cadeaux-de-noel-pour-son-petit-copain","38":"product_tag-prezenty-pod-choinke-dla-chlopaka-fr","39":"product_tag-prezenty-pod-choinke-dla-dziewczyny-fr","40":"product_tag-prezenty-pod-choinke-dla-niego-fr","41":"product_tag-prezenty-pod-choinke-dla-niej-fr","43":"first","44":"instock","45":"sale","46":"taxable","47":"shipping-taxable","48":"purchasable","49":"product-type-variable"},"yoast_head":"<!-- This site is optimized with the Yoast SEO Premium plugin v27.2 (Yoast SEO v27.2) - https:\/\/yoast.com\/product\/yoast-seo-premium-wordpress\/ -->\n<title>Carte aquarelle \u00ab L\u00e0 o\u00f9 nous nous sommes rencontr\u00e9s \u00bb - Positive Prints<\/title>\n<meta name=\"description\" content=\"D\u00e9couvrez la carte aquarelle \u00ab L\u00e0 o\u00f9 nous nous sommes rencontr\u00e9s \u00bb. Ma\u00eetrisez l&#039;art d&#039;offrir avec ce chef-d&#039; \u0153uvre aquarelle unique qui captera l&#039;endroit exact o\u00f9 vous vous \u00eates rencontr\u00e9s pour la premi\u00e8re fois\" \/>\n<meta name=\"robots\" content=\"index, follow, max-snippet:-1, max-image-preview:large, max-video-preview:-1\" \/>\n<link rel=\"canonical\" href=\"https:\/\/positiveprints.com\/fr\/produit\/carte-aquarelle-la-ou-nous-nous-sommes-rencontres\/\" \/>\n<meta property=\"og:locale\" content=\"fr_FR\" \/>\n<meta property=\"og:type\" content=\"article\" \/>\n<meta property=\"og:title\" content=\"Carte aquarelle \u00ab L\u00e0 o\u00f9 nous nous sommes rencontr\u00e9s \u00bb\" \/>\n<meta property=\"og:description\" content=\"Capturez le moment o\u00f9 vous et votre amour vous \u00eates rencontr\u00e9s avec une carte personnalis\u00e9e de l&#039;emplacement exact  Marquer un endroit sp\u00e9cial avec un symbole choisi  Personnalisez en 3 \u00e9tapes simples  Incluez un texte personnalis\u00e9 significatif  Vois le r\u00e9sultat imm\u00e9diatement \u2013 l\u2019aper\u00e7u interactif te permet de peaufiner chaque d\u00e9tail\" \/>\n<meta property=\"og:url\" content=\"https:\/\/positiveprints.com\/fr\/produit\/carte-aquarelle-la-ou-nous-nous-sommes-rencontres\/\" \/>\n<meta property=\"og:site_name\" content=\"Positive Prints\" \/>\n<meta property=\"article:publisher\" content=\"https:\/\/www.facebook.com\/positiveprintscom\" \/>\n<meta property=\"article:modified_time\" content=\"2026-04-03T02:03:38+00:00\" \/>\n<meta property=\"og:image\" content=\"https:\/\/positiveprints.com\/wp-content\/uploads\/2024\/01\/Carte-aquarelle-La-ou-nous-nous-sommes-rencontres-.jpg\" \/>\n\t<meta property=\"og:image:width\" content=\"1080\" \/>\n\t<meta property=\"og:image:height\" content=\"1080\" \/>\n\t<meta property=\"og:image:type\" content=\"image\/jpeg\" \/>\n<meta name=\"twitter:card\" content=\"summary_large_image\" \/>\n<meta name=\"twitter:label1\" content=\"Dur\u00e9e de lecture estim\u00e9e\" \/>\n\t<meta name=\"twitter:data1\" content=\"2 minutes\" \/>\n<!-- \/ Yoast SEO Premium plugin. -->","yoast_head_json":{"title":"Carte aquarelle \u00ab L\u00e0 o\u00f9 nous nous sommes rencontr\u00e9s \u00bb - Positive Prints","description":"D\u00e9couvrez la carte aquarelle \u00ab L\u00e0 o\u00f9 nous nous sommes rencontr\u00e9s \u00bb. Ma\u00eetrisez l'art d'offrir avec ce chef-d' \u0153uvre aquarelle unique qui captera l'endroit exact o\u00f9 vous vous \u00eates rencontr\u00e9s pour la premi\u00e8re fois","robots":{"index":"index","follow":"follow","max-snippet":"max-snippet:-1","max-image-preview":"max-image-preview:large","max-video-preview":"max-video-preview:-1"},"canonical":"https:\/\/positiveprints.com\/fr\/produit\/carte-aquarelle-la-ou-nous-nous-sommes-rencontres\/","og_locale":"fr_FR","og_type":"article","og_title":"Carte aquarelle \u00ab L\u00e0 o\u00f9 nous nous sommes rencontr\u00e9s \u00bb","og_description":"Capturez le moment o\u00f9 vous et votre amour vous \u00eates rencontr\u00e9s avec une carte personnalis\u00e9e de l'emplacement exact  Marquer un endroit sp\u00e9cial avec un symbole choisi  Personnalisez en 3 \u00e9tapes simples  Incluez un texte personnalis\u00e9 significatif  Vois le r\u00e9sultat imm\u00e9diatement \u2013 l\u2019aper\u00e7u interactif te permet de peaufiner chaque d\u00e9tail","og_url":"https:\/\/positiveprints.com\/fr\/produit\/carte-aquarelle-la-ou-nous-nous-sommes-rencontres\/","og_site_name":"Positive Prints","article_publisher":"https:\/\/www.facebook.com\/positiveprintscom","article_modified_time":"2026-04-03T02:03:38+00:00","og_image":[{"width":1080,"height":1080,"url":"https:\/\/positiveprints.com\/wp-content\/uploads\/2024\/01\/Carte-aquarelle-La-ou-nous-nous-sommes-rencontres-.jpg","type":"image\/jpeg"}],"twitter_card":"summary_large_image","twitter_misc":{"Dur\u00e9e de lecture estim\u00e9e":"2 minutes"},"schema":{"@context":"https:\/\/schema.org","@graph":[{"@type":["WebPage","ItemPage"],"@id":"https:\/\/positiveprints.com\/fr\/produit\/carte-aquarelle-la-ou-nous-nous-sommes-rencontres\/","url":"https:\/\/positiveprints.com\/fr\/produit\/carte-aquarelle-la-ou-nous-nous-sommes-rencontres\/","name":"Carte aquarelle \u00ab L\u00e0 o\u00f9 nous nous sommes rencontr\u00e9s \u00bb - Positive Prints","isPartOf":{"@id":"https:\/\/positiveprints.com\/fr\/#website"},"primaryImageOfPage":{"@id":"https:\/\/positiveprints.com\/fr\/produit\/carte-aquarelle-la-ou-nous-nous-sommes-rencontres\/#primaryimage"},"image":{"@id":"https:\/\/positiveprints.com\/fr\/produit\/carte-aquarelle-la-ou-nous-nous-sommes-rencontres\/#primaryimage"},"thumbnailUrl":"https:\/\/positiveprints.com\/wp-content\/uploads\/2024\/01\/Carte-aquarelle-La-ou-nous-nous-sommes-rencontres-.jpg","datePublished":"2023-10-20T18:44:52+00:00","dateModified":"2026-04-03T02:03:38+00:00","description":"D\u00e9couvrez la carte aquarelle \u00ab L\u00e0 o\u00f9 nous nous sommes rencontr\u00e9s \u00bb. Ma\u00eetrisez l'art d'offrir avec ce chef-d' \u0153uvre aquarelle unique qui captera l'endroit exact o\u00f9 vous vous \u00eates rencontr\u00e9s pour la premi\u00e8re fois","breadcrumb":{"@id":"https:\/\/positiveprints.com\/fr\/produit\/carte-aquarelle-la-ou-nous-nous-sommes-rencontres\/#breadcrumb"},"inLanguage":"fr-FR","potentialAction":[{"@type":"ReadAction","target":["https:\/\/positiveprints.com\/fr\/produit\/carte-aquarelle-la-ou-nous-nous-sommes-rencontres\/"]}]},{"@type":"ImageObject","inLanguage":"fr-FR","@id":"https:\/\/positiveprints.com\/fr\/produit\/carte-aquarelle-la-ou-nous-nous-sommes-rencontres\/#primaryimage","url":"https:\/\/positiveprints.com\/wp-content\/uploads\/2024\/01\/Carte-aquarelle-La-ou-nous-nous-sommes-rencontres-.jpg","contentUrl":"https:\/\/positiveprints.com\/wp-content\/uploads\/2024\/01\/Carte-aquarelle-La-ou-nous-nous-sommes-rencontres-.jpg","width":1080,"height":1080,"caption":"Carte aquarelle \u00ab L\u00e0 o\u00f9 nous nous sommes rencontr\u00e9s \u00bb"},{"@type":"BreadcrumbList","@id":"https:\/\/positiveprints.com\/fr\/produit\/carte-aquarelle-la-ou-nous-nous-sommes-rencontres\/#breadcrumb","itemListElement":[{"@type":"ListItem","position":1,"name":"Home","item":"https:\/\/positiveprints.com\/fr\/"},{"@type":"ListItem","position":2,"name":"Produits","item":"https:\/\/positiveprints.com\/fr\/shop\/"},{"@type":"ListItem","position":3,"name":"Carte aquarelle \u00ab L\u00e0 o\u00f9 nous nous sommes rencontr\u00e9s \u00bb"}]},{"@type":"WebSite","@id":"https:\/\/positiveprints.com\/fr\/#website","url":"https:\/\/positiveprints.com\/fr\/","name":"Positive Prints","description":"Amazing Custom Personalized Gifts","publisher":{"@id":"https:\/\/positiveprints.com\/fr\/#organization"},"potentialAction":[{"@type":"SearchAction","target":{"@type":"EntryPoint","urlTemplate":"https:\/\/positiveprints.com\/fr\/?s={search_term_string}"},"query-input":{"@type":"PropertyValueSpecification","valueRequired":true,"valueName":"search_term_string"}}],"inLanguage":"fr-FR"},{"@type":"Organization","@id":"https:\/\/positiveprints.com\/fr\/#organization","name":"Positive Prints","alternateName":"Positive Prints","url":"https:\/\/positiveprints.com\/fr\/","logo":{"@type":"ImageObject","inLanguage":"fr-FR","@id":"https:\/\/positiveprints.com\/fr\/#\/schema\/logo\/image\/","url":"https:\/\/positiveprints.com\/wp-content\/uploads\/2026\/03\/245815646_1337939713319158_5671353136411139666_n.png","contentUrl":"https:\/\/positiveprints.com\/wp-content\/uploads\/2026\/03\/245815646_1337939713319158_5671353136411139666_n.png","width":800,"height":800,"caption":"Positive Prints"},"image":{"@id":"https:\/\/positiveprints.com\/fr\/#\/schema\/logo\/image\/"},"sameAs":["https:\/\/www.facebook.com\/positiveprintscom","https:\/\/www.instagram.com\/positiveprintscom\/","https:\/\/www.tiktok.com\/@positiveprintscom","https:\/\/www.pinterest.com\/positiveprintscom\/"]}]}},"jetpack_sharing_enabled":true,"_links":{"self":[{"href":"https:\/\/positiveprints.com\/fr\/wp-json\/wp\/v2\/product\/1008078","targetHints":{"allow":["GET"]}}],"collection":[{"href":"https:\/\/positiveprints.com\/fr\/wp-json\/wp\/v2\/product"}],"about":[{"href":"https:\/\/positiveprints.com\/fr\/wp-json\/wp\/v2\/types\/product"}],"wp:featuredmedia":[{"embeddable":true,"href":"https:\/\/positiveprints.com\/fr\/wp-json\/wp\/v2\/media\/1032363"}],"wp:attachment":[{"href":"https:\/\/positiveprints.com\/fr\/wp-json\/wp\/v2\/media?parent=1008078"}],"wp:term":[{"taxonomy":"product_brand","embeddable":true,"href":"https:\/\/positiveprints.com\/fr\/wp-json\/wp\/v2\/product_brand?post=1008078"},{"taxonomy":"product_cat","embeddable":true,"href":"https:\/\/positiveprints.com\/fr\/wp-json\/wp\/v2\/product_cat?post=1008078"},{"taxonomy":"product_tag","embeddable":true,"href":"https:\/\/positiveprints.com\/fr\/wp-json\/wp\/v2\/product_tag?post=1008078"}],"curies":[{"name":"wp","href":"https:\/\/api.w.org\/{rel}","templated":true}]}}